{"id":5764,"date":"2021-10-25T16:30:21","date_gmt":"2021-10-25T14:30:21","guid":{"rendered":"https:\/\/hi-nd.com\/product\/carcasa-de-pared-exterior-para-samsung\/"},"modified":"2024-03-27T13:19:23","modified_gmt":"2024-03-27T12:19:23","slug":"carcasa-de-pared-exterior-para-samsung","status":"publish","type":"product","link":"https:\/\/hi-nd.com\/es\/producto\/carcasa-de-pared-exterior-para-samsung\/","title":{"rendered":"Carcasa de pared exterior para Samsung"},"content":{"rendered":"<p>&nbsp;<\/p>\n<table width=\"779\">\n<tbody>\n<tr>\n<td width=\"243\">N\u00famero de pieza<\/td>\n<td width=\"489\">Descripci\u00f3n<\/td>\n<td width=\"47\">Color<\/td>\n<\/tr>\n<tr>\n<td>OW4616-1001-01<\/td>\n<td>Carcasa de pared para exteriores, 46&#8243;, Paisaje\/Retrato<\/td>\n<td>Blanco<\/td>\n<\/tr>\n<tr>\n<td>OW4616-1001-02<\/td>\n<td>Carcasa de pared para exteriores, 46&#8243;, Paisaje\/Retrato<\/td>\n<td>Negro<\/td>\n<\/tr>\n<tr>\n<td>OW5516-1001-01<\/td>\n<td>Carcasa de pared para exteriores, OH55A-S, Paisaje\/Retrato<\/td>\n<td>Blanco<\/td>\n<\/tr>\n<tr>\n<td>OW5516-1001-02<\/td>\n<td>Carcasa de pared para exteriores, OH55A-S, Paisaje\/Retrato<\/td>\n<td>Negro<\/td>\n<\/tr>\n<tr>\n<td>WC7516-5001-02<\/td>\n<td>Carcasa de pared para exteriores, Samsung 75&#8243;, Vertical<\/td>\n<td>Negro<\/td>\n<\/tr>\n<\/tbody>\n<\/table>\n<p>&nbsp;<\/p>\n","protected":false},"excerpt":{"rendered":"<p>La carcasa de pared para exteriores HI-ND es perfecta para el marketing y la informaci\u00f3n en exteriores. Est\u00e1 dise\u00f1ado para todo tipo de condiciones meteorol\u00f3gicas. El dise\u00f1o es liso y sin cables visibles para el montaje en pared.<\/p>\n<ul>\n<li>Admite tanto el modo vertical como el horizontal.<\/li>\n<li>No es posible instalar dos revestimientos murales a menos de 10 cm el uno del otro.<\/li>\n<\/ul>\n","protected":false},"featured_media":3733,"template":"","meta":[],"product_brand":[],"product_cat":[76],"product_tag":[77],"class_list":{"0":"post-5764","1":"product","2":"type-product","3":"status-publish","4":"has-post-thumbnail","6":"product_cat-exterior","7":"product_tag-revestimiento-exterior-samsung-oh55f","9":"first","10":"instock","11":"shipping-taxable","12":"product-type-simple"},"yoast_head":"<!-- This site is optimized with the Yoast SEO plugin v27.3 - https:\/\/yoast.com\/product\/yoast-seo-wordpress\/ -->\n<title>Carcasa de pared exterior para Samsung - HI-ND<\/title>\n<meta name=\"description\" content=\"La carcasa de pared para exteriores HI-ND es perfecta para el marketing y la informaci\u00f3n en exteriores. Est\u00e1 dise\u00f1ado para todo tipo de condiciones meteorol\u00f3gicas.\" \/>\n<meta name=\"robots\" content=\"index, follow, max-snippet:-1, max-image-preview:large, max-video-preview:-1\" \/>\n<link rel=\"canonical\" href=\"https:\/\/hi-nd.com\/es\/producto\/carcasa-de-pared-exterior-para-samsung\/\" \/>\n<meta property=\"og:locale\" content=\"es_ES\" \/>\n<meta property=\"og:type\" content=\"article\" \/>\n<meta property=\"og:title\" content=\"Carcasa de pared exterior para Samsung - HI-ND\" \/>\n<meta property=\"og:description\" content=\"La carcasa de pared para exteriores HI-ND es perfecta para el marketing y la informaci\u00f3n en exteriores. Est\u00e1 dise\u00f1ado para todo tipo de condiciones meteorol\u00f3gicas.\" \/>\n<meta property=\"og:url\" content=\"https:\/\/hi-nd.com\/es\/producto\/carcasa-de-pared-exterior-para-samsung\/\" \/>\n<meta property=\"og:site_name\" content=\"HI-ND\" \/>\n<meta property=\"article:modified_time\" content=\"2024-03-27T12:19:23+00:00\" \/>\n<meta property=\"og:image\" content=\"https:\/\/hi-nd.com\/wp-content\/uploads\/2021\/10\/outdoor-samsung-white-web.png\" \/>\n\t<meta property=\"og:image:width\" content=\"750\" \/>\n\t<meta property=\"og:image:height\" content=\"750\" \/>\n\t<meta property=\"og:image:type\" content=\"image\/png\" \/>\n<meta name=\"twitter:card\" content=\"summary_large_image\" \/>\n<script type=\"application\/ld+json\" class=\"yoast-schema-graph\">{\"@context\":\"https:\\\/\\\/schema.org\",\"@graph\":[{\"@type\":\"WebPage\",\"@id\":\"https:\\\/\\\/hi-nd.com\\\/es\\\/producto\\\/carcasa-de-pared-exterior-para-samsung\\\/\",\"url\":\"https:\\\/\\\/hi-nd.com\\\/es\\\/producto\\\/carcasa-de-pared-exterior-para-samsung\\\/\",\"name\":\"Carcasa de pared exterior para Samsung - HI-ND\",\"isPartOf\":{\"@id\":\"https:\\\/\\\/hi-nd.com\\\/#website\"},\"primaryImageOfPage\":{\"@id\":\"https:\\\/\\\/hi-nd.com\\\/es\\\/producto\\\/carcasa-de-pared-exterior-para-samsung\\\/#primaryimage\"},\"image\":{\"@id\":\"https:\\\/\\\/hi-nd.com\\\/es\\\/producto\\\/carcasa-de-pared-exterior-para-samsung\\\/#primaryimage\"},\"thumbnailUrl\":\"https:\\\/\\\/hi-nd.com\\\/wp-content\\\/uploads\\\/2021\\\/10\\\/outdoor-samsung-white-web.png\",\"datePublished\":\"2021-10-25T14:30:21+00:00\",\"dateModified\":\"2024-03-27T12:19:23+00:00\",\"description\":\"La carcasa de pared para exteriores HI-ND es perfecta para el marketing y la informaci\u00f3n en exteriores. Est\u00e1 dise\u00f1ado para todo tipo de condiciones meteorol\u00f3gicas.\",\"breadcrumb\":{\"@id\":\"https:\\\/\\\/hi-nd.com\\\/es\\\/producto\\\/carcasa-de-pared-exterior-para-samsung\\\/#breadcrumb\"},\"inLanguage\":\"es\",\"potentialAction\":[{\"@type\":\"ReadAction\",\"target\":[\"https:\\\/\\\/hi-nd.com\\\/es\\\/producto\\\/carcasa-de-pared-exterior-para-samsung\\\/\"]}]},{\"@type\":\"ImageObject\",\"inLanguage\":\"es\",\"@id\":\"https:\\\/\\\/hi-nd.com\\\/es\\\/producto\\\/carcasa-de-pared-exterior-para-samsung\\\/#primaryimage\",\"url\":\"https:\\\/\\\/hi-nd.com\\\/wp-content\\\/uploads\\\/2021\\\/10\\\/outdoor-samsung-white-web.png\",\"contentUrl\":\"https:\\\/\\\/hi-nd.com\\\/wp-content\\\/uploads\\\/2021\\\/10\\\/outdoor-samsung-white-web.png\",\"width\":750,\"height\":750},{\"@type\":\"BreadcrumbList\",\"@id\":\"https:\\\/\\\/hi-nd.com\\\/es\\\/producto\\\/carcasa-de-pared-exterior-para-samsung\\\/#breadcrumb\",\"itemListElement\":[{\"@type\":\"ListItem\",\"position\":1,\"name\":\"Home\",\"item\":\"https:\\\/\\\/hi-nd.com\\\/es\\\/\"},{\"@type\":\"ListItem\",\"position\":2,\"name\":\"Tienda\",\"item\":\"https:\\\/\\\/hi-nd.com\\\/es\\\/tienda\\\/\"},{\"@type\":\"ListItem\",\"position\":3,\"name\":\"Carcasa de pared exterior para Samsung\"}]},{\"@type\":\"WebSite\",\"@id\":\"https:\\\/\\\/hi-nd.com\\\/#website\",\"url\":\"https:\\\/\\\/hi-nd.com\\\/\",\"name\":\"HI-ND\",\"description\":\"Mounting Solutions\",\"potentialAction\":[{\"@type\":\"SearchAction\",\"target\":{\"@type\":\"EntryPoint\",\"urlTemplate\":\"https:\\\/\\\/hi-nd.com\\\/?s={search_term_string}\"},\"query-input\":{\"@type\":\"PropertyValueSpecification\",\"valueRequired\":true,\"valueName\":\"search_term_string\"}}],\"inLanguage\":\"es\"}]}<\/script>\n<!-- \/ Yoast SEO plugin. -->","yoast_head_json":{"title":"Carcasa de pared exterior para Samsung - HI-ND","description":"La carcasa de pared para exteriores HI-ND es perfecta para el marketing y la informaci\u00f3n en exteriores. Est\u00e1 dise\u00f1ado para todo tipo de condiciones meteorol\u00f3gicas.","robots":{"index":"index","follow":"follow","max-snippet":"max-snippet:-1","max-image-preview":"max-image-preview:large","max-video-preview":"max-video-preview:-1"},"canonical":"https:\/\/hi-nd.com\/es\/producto\/carcasa-de-pared-exterior-para-samsung\/","og_locale":"es_ES","og_type":"article","og_title":"Carcasa de pared exterior para Samsung - HI-ND","og_description":"La carcasa de pared para exteriores HI-ND es perfecta para el marketing y la informaci\u00f3n en exteriores. Est\u00e1 dise\u00f1ado para todo tipo de condiciones meteorol\u00f3gicas.","og_url":"https:\/\/hi-nd.com\/es\/producto\/carcasa-de-pared-exterior-para-samsung\/","og_site_name":"HI-ND","article_modified_time":"2024-03-27T12:19:23+00:00","og_image":[{"width":750,"height":750,"url":"https:\/\/hi-nd.com\/wp-content\/uploads\/2021\/10\/outdoor-samsung-white-web.png","type":"image\/png"}],"twitter_card":"summary_large_image","schema":{"@context":"https:\/\/schema.org","@graph":[{"@type":"WebPage","@id":"https:\/\/hi-nd.com\/es\/producto\/carcasa-de-pared-exterior-para-samsung\/","url":"https:\/\/hi-nd.com\/es\/producto\/carcasa-de-pared-exterior-para-samsung\/","name":"Carcasa de pared exterior para Samsung - HI-ND","isPartOf":{"@id":"https:\/\/hi-nd.com\/#website"},"primaryImageOfPage":{"@id":"https:\/\/hi-nd.com\/es\/producto\/carcasa-de-pared-exterior-para-samsung\/#primaryimage"},"image":{"@id":"https:\/\/hi-nd.com\/es\/producto\/carcasa-de-pared-exterior-para-samsung\/#primaryimage"},"thumbnailUrl":"https:\/\/hi-nd.com\/wp-content\/uploads\/2021\/10\/outdoor-samsung-white-web.png","datePublished":"2021-10-25T14:30:21+00:00","dateModified":"2024-03-27T12:19:23+00:00","description":"La carcasa de pared para exteriores HI-ND es perfecta para el marketing y la informaci\u00f3n en exteriores. Est\u00e1 dise\u00f1ado para todo tipo de condiciones meteorol\u00f3gicas.","breadcrumb":{"@id":"https:\/\/hi-nd.com\/es\/producto\/carcasa-de-pared-exterior-para-samsung\/#breadcrumb"},"inLanguage":"es","potentialAction":[{"@type":"ReadAction","target":["https:\/\/hi-nd.com\/es\/producto\/carcasa-de-pared-exterior-para-samsung\/"]}]},{"@type":"ImageObject","inLanguage":"es","@id":"https:\/\/hi-nd.com\/es\/producto\/carcasa-de-pared-exterior-para-samsung\/#primaryimage","url":"https:\/\/hi-nd.com\/wp-content\/uploads\/2021\/10\/outdoor-samsung-white-web.png","contentUrl":"https:\/\/hi-nd.com\/wp-content\/uploads\/2021\/10\/outdoor-samsung-white-web.png","width":750,"height":750},{"@type":"BreadcrumbList","@id":"https:\/\/hi-nd.com\/es\/producto\/carcasa-de-pared-exterior-para-samsung\/#breadcrumb","itemListElement":[{"@type":"ListItem","position":1,"name":"Home","item":"https:\/\/hi-nd.com\/es\/"},{"@type":"ListItem","position":2,"name":"Tienda","item":"https:\/\/hi-nd.com\/es\/tienda\/"},{"@type":"ListItem","position":3,"name":"Carcasa de pared exterior para Samsung"}]},{"@type":"WebSite","@id":"https:\/\/hi-nd.com\/#website","url":"https:\/\/hi-nd.com\/","name":"HI-ND","description":"Mounting Solutions","potentialAction":[{"@type":"SearchAction","target":{"@type":"EntryPoint","urlTemplate":"https:\/\/hi-nd.com\/?s={search_term_string}"},"query-input":{"@type":"PropertyValueSpecification","valueRequired":true,"valueName":"search_term_string"}}],"inLanguage":"es"}]}},"_links":{"self":[{"href":"https:\/\/hi-nd.com\/es\/wp-json\/wp\/v2\/product\/5764","targetHints":{"allow":["GET"]}}],"collection":[{"href":"https:\/\/hi-nd.com\/es\/wp-json\/wp\/v2\/product"}],"about":[{"href":"https:\/\/hi-nd.com\/es\/wp-json\/wp\/v2\/types\/product"}],"wp:featuredmedia":[{"embeddable":true,"href":"https:\/\/hi-nd.com\/es\/wp-json\/wp\/v2\/media\/3733"}],"wp:attachment":[{"href":"https:\/\/hi-nd.com\/es\/wp-json\/wp\/v2\/media?parent=5764"}],"wp:term":[{"taxonomy":"product_brand","embeddable":true,"href":"https:\/\/hi-nd.com\/es\/wp-json\/wp\/v2\/product_brand?post=5764"},{"taxonomy":"product_cat","embeddable":true,"href":"https:\/\/hi-nd.com\/es\/wp-json\/wp\/v2\/product_cat?post=5764"},{"taxonomy":"product_tag","embeddable":true,"href":"https:\/\/hi-nd.com\/es\/wp-json\/wp\/v2\/product_tag?post=5764"}],"curies":[{"name":"wp","href":"https:\/\/api.w.org\/{rel}","templated":true}]}}