{"id":5763,"date":"2021-10-25T16:24:15","date_gmt":"2021-10-25T14:24:15","guid":{"rendered":"https:\/\/hi-nd.com\/product\/totem-unico-exclusivo\/"},"modified":"2024-02-22T21:19:36","modified_gmt":"2024-02-22T20:19:36","slug":"totem-unico-exclusivo","status":"publish","type":"product","link":"https:\/\/hi-nd.com\/es\/producto\/totem-unico-exclusivo\/","title":{"rendered":"T\u00f3tem \u00fanico Exclusivo"},"content":{"rendered":"<p>&nbsp;<\/p>\n<p>&nbsp;<\/p>\n<table width=\"800\">\n<tbody>\n<tr>\n<td width=\"150\">N\u00famero de pieza<\/td>\n<td width=\"600\"> Descripci\u00f3n<\/td>\n<td width=\"85\"> Color<\/td>\n<\/tr>\n<tr>\n<td>ST5500-5001-Madera<\/td>\n<td>  T\u00f3tem \u00fanico Exclusivo 55&#8243;, LG &amp; Samsung, Retrato, Chasis negro, Cristal negro, Decoraci\u00f3n de madera<\/td>\n<td>  Negro\/Madera<\/td>\n<\/tr>\n<tr>\n<td>ST5500-5001-01<\/td>\n<td>  T\u00f3tem \u00fanico Exclusive 55&#8243;, LG &amp; Samsung, Retrato, Chasis blanco, Cristal blanco<\/td>\n<td> Blanco<\/td>\n<\/tr>\n<tr>\n<td>ST5500-5001-02<\/td>\n<td>  T\u00f3tem \u00fanico Exclusivo 55&#8243;, LG &amp; Samsung, Retrato, Chasis negro, Cristal negro<\/td>\n<td> Negro<\/td>\n<\/tr>\n<tr>\n<td>ST5500-5001-100<\/td>\n<td>  T\u00f3tem individual Exclusivo 55&#8243;, pie grande, LG &amp; Samsung, Retrato, Chasis negro, Cristal negro<\/td>\n<td> Negro<\/td>\n<\/tr>\n<\/tbody>\n<\/table>\n","protected":false},"excerpt":{"rendered":"<p><strong>Dise\u00f1a tu propio t\u00f3tem  <\/strong><\/p>\n<p>Nuestro t\u00f3tem individual de interior Exclusive est\u00e1 dise\u00f1ado para dar libertad a los clientes a la hora de dise\u00f1ar un t\u00f3tem con su propio aspecto \u00fanico. Perfecto para vest\u00edbulos, restaurantes, tiendas y espacios p\u00fablicos. El T\u00f3tem Exclusivo puede personalizarse con el logotipo iluminado para reflejar la imagen de marca del cliente. El color est\u00e1ndar es el negro, pero se puede pedir en otros colores. La placa de pie debe estar enchufada (existe una placa de pie m\u00e1s grande sin necesidad de enchufarla).<\/p>\n<ul>\n<li>Tama\u00f1o de pantalla 55<\/li>\n<li>Dise\u00f1ado para Samsung QM55B, QM55C y LG55UH5F<\/li>\n<li>Acceso frontal<\/li>\n<li>Espacio para ordenador y router en el interior<\/li>\n<li>Cristal templado de 6 mm en la parte delantera<\/li>\n<li>Opciones personalizadas\n<ul>\n<li>Placa de pie grande como opci\u00f3n, no requiere enchufe<\/li>\n<li><em>Laterales decorativos de madera<\/em><\/li>\n<li><em>Escotilla de madera bajo la pantalla<\/em><\/li>\n<li><em>Escotilla de cristal bajo la pantalla  <\/em><\/li>\n<li><em>Logotipo impreso en el cristal<\/em><\/li>\n<li><em>Diferentes recubrimientos en polvo<\/em><\/li>\n<\/ul>\n<\/li>\n<\/ul>\n","protected":false},"featured_media":3964,"template":"","meta":[],"product_brand":[],"product_cat":[71,74],"product_tag":[75],"class_list":{"0":"post-5763","1":"product","2":"type-product","3":"status-publish","4":"has-post-thumbnail","6":"product_cat-piso","7":"product_cat-totem-es","8":"product_tag-senalizacion-digital-en-el-suelo","10":"first","11":"instock","12":"shipping-taxable","13":"product-type-simple"},"yoast_head":"<!-- This site is optimized with the Yoast SEO plugin v27.4 - https:\/\/yoast.com\/product\/yoast-seo-wordpress\/ -->\n<title>T\u00f3tem \u00fanico Exclusivo - HI-ND<\/title>\n<meta name=\"description\" content=\"El t\u00f3tem decorativo para interiores HI-ND est\u00e1 dise\u00f1ado para dar libertad a los clientes a la hora de dise\u00f1ar un t\u00f3tem con un aspecto \u00fanico. Disponible en varios colores.\" \/>\n<meta name=\"robots\" content=\"index, follow, max-snippet:-1, max-image-preview:large, max-video-preview:-1\" \/>\n<link rel=\"canonical\" href=\"https:\/\/hi-nd.com\/es\/producto\/totem-unico-exclusivo\/\" \/>\n<meta property=\"og:locale\" content=\"es_ES\" \/>\n<meta property=\"og:type\" content=\"article\" \/>\n<meta property=\"og:title\" content=\"T\u00f3tem \u00fanico Exclusivo - HI-ND\" \/>\n<meta property=\"og:description\" content=\"El t\u00f3tem decorativo para interiores HI-ND est\u00e1 dise\u00f1ado para dar libertad a los clientes a la hora de dise\u00f1ar un t\u00f3tem con un aspecto \u00fanico. Disponible en varios colores.\" \/>\n<meta property=\"og:url\" content=\"https:\/\/hi-nd.com\/es\/producto\/totem-unico-exclusivo\/\" \/>\n<meta property=\"og:site_name\" content=\"HI-ND\" \/>\n<meta property=\"article:modified_time\" content=\"2024-02-22T20:19:36+00:00\" \/>\n<meta property=\"og:image\" content=\"https:\/\/hi-nd.com\/wp-content\/uploads\/2022\/01\/single-web.png\" \/>\n\t<meta property=\"og:image:width\" content=\"750\" \/>\n\t<meta property=\"og:image:height\" content=\"750\" \/>\n\t<meta property=\"og:image:type\" content=\"image\/png\" \/>\n<meta name=\"twitter:card\" content=\"summary_large_image\" \/>\n<script type=\"application\/ld+json\" class=\"yoast-schema-graph\">{\"@context\":\"https:\\\/\\\/schema.org\",\"@graph\":[{\"@type\":\"WebPage\",\"@id\":\"https:\\\/\\\/hi-nd.com\\\/es\\\/producto\\\/totem-unico-exclusivo\\\/\",\"url\":\"https:\\\/\\\/hi-nd.com\\\/es\\\/producto\\\/totem-unico-exclusivo\\\/\",\"name\":\"T\u00f3tem \u00fanico Exclusivo - HI-ND\",\"isPartOf\":{\"@id\":\"https:\\\/\\\/hi-nd.com\\\/#website\"},\"primaryImageOfPage\":{\"@id\":\"https:\\\/\\\/hi-nd.com\\\/es\\\/producto\\\/totem-unico-exclusivo\\\/#primaryimage\"},\"image\":{\"@id\":\"https:\\\/\\\/hi-nd.com\\\/es\\\/producto\\\/totem-unico-exclusivo\\\/#primaryimage\"},\"thumbnailUrl\":\"https:\\\/\\\/hi-nd.com\\\/wp-content\\\/uploads\\\/2022\\\/01\\\/single-web.png\",\"datePublished\":\"2021-10-25T14:24:15+00:00\",\"dateModified\":\"2024-02-22T20:19:36+00:00\",\"description\":\"El t\u00f3tem decorativo para interiores HI-ND est\u00e1 dise\u00f1ado para dar libertad a los clientes a la hora de dise\u00f1ar un t\u00f3tem con un aspecto \u00fanico. Disponible en varios colores.\",\"breadcrumb\":{\"@id\":\"https:\\\/\\\/hi-nd.com\\\/es\\\/producto\\\/totem-unico-exclusivo\\\/#breadcrumb\"},\"inLanguage\":\"es\",\"potentialAction\":[{\"@type\":\"ReadAction\",\"target\":[\"https:\\\/\\\/hi-nd.com\\\/es\\\/producto\\\/totem-unico-exclusivo\\\/\"]}]},{\"@type\":\"ImageObject\",\"inLanguage\":\"es\",\"@id\":\"https:\\\/\\\/hi-nd.com\\\/es\\\/producto\\\/totem-unico-exclusivo\\\/#primaryimage\",\"url\":\"https:\\\/\\\/hi-nd.com\\\/wp-content\\\/uploads\\\/2022\\\/01\\\/single-web.png\",\"contentUrl\":\"https:\\\/\\\/hi-nd.com\\\/wp-content\\\/uploads\\\/2022\\\/01\\\/single-web.png\",\"width\":750,\"height\":750},{\"@type\":\"BreadcrumbList\",\"@id\":\"https:\\\/\\\/hi-nd.com\\\/es\\\/producto\\\/totem-unico-exclusivo\\\/#breadcrumb\",\"itemListElement\":[{\"@type\":\"ListItem\",\"position\":1,\"name\":\"Home\",\"item\":\"https:\\\/\\\/hi-nd.com\\\/es\\\/\"},{\"@type\":\"ListItem\",\"position\":2,\"name\":\"Tienda\",\"item\":\"https:\\\/\\\/hi-nd.com\\\/es\\\/tienda\\\/\"},{\"@type\":\"ListItem\",\"position\":3,\"name\":\"T\u00f3tem \u00fanico Exclusivo\"}]},{\"@type\":\"WebSite\",\"@id\":\"https:\\\/\\\/hi-nd.com\\\/#website\",\"url\":\"https:\\\/\\\/hi-nd.com\\\/\",\"name\":\"HI-ND\",\"description\":\"Mounting Solutions\",\"potentialAction\":[{\"@type\":\"SearchAction\",\"target\":{\"@type\":\"EntryPoint\",\"urlTemplate\":\"https:\\\/\\\/hi-nd.com\\\/?s={search_term_string}\"},\"query-input\":{\"@type\":\"PropertyValueSpecification\",\"valueRequired\":true,\"valueName\":\"search_term_string\"}}],\"inLanguage\":\"es\"}]}<\/script>\n<!-- \/ Yoast SEO plugin. -->","yoast_head_json":{"title":"T\u00f3tem \u00fanico Exclusivo - HI-ND","description":"El t\u00f3tem decorativo para interiores HI-ND est\u00e1 dise\u00f1ado para dar libertad a los clientes a la hora de dise\u00f1ar un t\u00f3tem con un aspecto \u00fanico. Disponible en varios colores.","robots":{"index":"index","follow":"follow","max-snippet":"max-snippet:-1","max-image-preview":"max-image-preview:large","max-video-preview":"max-video-preview:-1"},"canonical":"https:\/\/hi-nd.com\/es\/producto\/totem-unico-exclusivo\/","og_locale":"es_ES","og_type":"article","og_title":"T\u00f3tem \u00fanico Exclusivo - HI-ND","og_description":"El t\u00f3tem decorativo para interiores HI-ND est\u00e1 dise\u00f1ado para dar libertad a los clientes a la hora de dise\u00f1ar un t\u00f3tem con un aspecto \u00fanico. Disponible en varios colores.","og_url":"https:\/\/hi-nd.com\/es\/producto\/totem-unico-exclusivo\/","og_site_name":"HI-ND","article_modified_time":"2024-02-22T20:19:36+00:00","og_image":[{"width":750,"height":750,"url":"https:\/\/hi-nd.com\/wp-content\/uploads\/2022\/01\/single-web.png","type":"image\/png"}],"twitter_card":"summary_large_image","schema":{"@context":"https:\/\/schema.org","@graph":[{"@type":"WebPage","@id":"https:\/\/hi-nd.com\/es\/producto\/totem-unico-exclusivo\/","url":"https:\/\/hi-nd.com\/es\/producto\/totem-unico-exclusivo\/","name":"T\u00f3tem \u00fanico Exclusivo - HI-ND","isPartOf":{"@id":"https:\/\/hi-nd.com\/#website"},"primaryImageOfPage":{"@id":"https:\/\/hi-nd.com\/es\/producto\/totem-unico-exclusivo\/#primaryimage"},"image":{"@id":"https:\/\/hi-nd.com\/es\/producto\/totem-unico-exclusivo\/#primaryimage"},"thumbnailUrl":"https:\/\/hi-nd.com\/wp-content\/uploads\/2022\/01\/single-web.png","datePublished":"2021-10-25T14:24:15+00:00","dateModified":"2024-02-22T20:19:36+00:00","description":"El t\u00f3tem decorativo para interiores HI-ND est\u00e1 dise\u00f1ado para dar libertad a los clientes a la hora de dise\u00f1ar un t\u00f3tem con un aspecto \u00fanico. Disponible en varios colores.","breadcrumb":{"@id":"https:\/\/hi-nd.com\/es\/producto\/totem-unico-exclusivo\/#breadcrumb"},"inLanguage":"es","potentialAction":[{"@type":"ReadAction","target":["https:\/\/hi-nd.com\/es\/producto\/totem-unico-exclusivo\/"]}]},{"@type":"ImageObject","inLanguage":"es","@id":"https:\/\/hi-nd.com\/es\/producto\/totem-unico-exclusivo\/#primaryimage","url":"https:\/\/hi-nd.com\/wp-content\/uploads\/2022\/01\/single-web.png","contentUrl":"https:\/\/hi-nd.com\/wp-content\/uploads\/2022\/01\/single-web.png","width":750,"height":750},{"@type":"BreadcrumbList","@id":"https:\/\/hi-nd.com\/es\/producto\/totem-unico-exclusivo\/#breadcrumb","itemListElement":[{"@type":"ListItem","position":1,"name":"Home","item":"https:\/\/hi-nd.com\/es\/"},{"@type":"ListItem","position":2,"name":"Tienda","item":"https:\/\/hi-nd.com\/es\/tienda\/"},{"@type":"ListItem","position":3,"name":"T\u00f3tem \u00fanico Exclusivo"}]},{"@type":"WebSite","@id":"https:\/\/hi-nd.com\/#website","url":"https:\/\/hi-nd.com\/","name":"HI-ND","description":"Mounting Solutions","potentialAction":[{"@type":"SearchAction","target":{"@type":"EntryPoint","urlTemplate":"https:\/\/hi-nd.com\/?s={search_term_string}"},"query-input":{"@type":"PropertyValueSpecification","valueRequired":true,"valueName":"search_term_string"}}],"inLanguage":"es"}]}},"_links":{"self":[{"href":"https:\/\/hi-nd.com\/es\/wp-json\/wp\/v2\/product\/5763","targetHints":{"allow":["GET"]}}],"collection":[{"href":"https:\/\/hi-nd.com\/es\/wp-json\/wp\/v2\/product"}],"about":[{"href":"https:\/\/hi-nd.com\/es\/wp-json\/wp\/v2\/types\/product"}],"wp:featuredmedia":[{"embeddable":true,"href":"https:\/\/hi-nd.com\/es\/wp-json\/wp\/v2\/media\/3964"}],"wp:attachment":[{"href":"https:\/\/hi-nd.com\/es\/wp-json\/wp\/v2\/media?parent=5763"}],"wp:term":[{"taxonomy":"product_brand","embeddable":true,"href":"https:\/\/hi-nd.com\/es\/wp-json\/wp\/v2\/product_brand?post=5763"},{"taxonomy":"product_cat","embeddable":true,"href":"https:\/\/hi-nd.com\/es\/wp-json\/wp\/v2\/product_cat?post=5763"},{"taxonomy":"product_tag","embeddable":true,"href":"https:\/\/hi-nd.com\/es\/wp-json\/wp\/v2\/product_tag?post=5763"}],"curies":[{"name":"wp","href":"https:\/\/api.w.org\/{rel}","templated":true}]}}