{"id":8451,"date":"2025-02-18T14:52:54","date_gmt":"2025-02-18T13:52:54","guid":{"rendered":"https:\/\/hi-nd.com\/soluciones-a-medida\/"},"modified":"2025-03-03T13:49:47","modified_gmt":"2025-03-03T12:49:47","slug":"soluciones-a-medida","status":"publish","type":"page","link":"https:\/\/hi-nd.com\/es\/soluciones-a-medida\/","title":{"rendered":"Soluciones a medida"},"content":{"rendered":"\n\t<div id=\"gap-1809126656\" class=\"gap-element clearfix\" style=\"display:block; height:auto;\">\n\t\t\n<style>\n#gap-1809126656 {\n  padding-top: 30px;\n}\n<\/style>\n\t<\/div>\n\t\n\n\n  <div class=\"banner has-hover has-video\" id=\"banner-792656148\">\n          <div class=\"banner-inner fill\">\n        <div class=\"banner-bg fill\" >\n                        \t<div class=\"video-overlay no-click fill hide-for-medium\"><\/div>\n\t<video class=\"video-bg fill hide-for-medium\" preload playsinline autoplay muted loop>\n\t\t<source src=\"https:\/\/hi-nd.com\/wp-content\/uploads\/2025\/02\/freecompress-OO-Gallerian.mp4\" type=\"video\/mp4\">\t<\/video>\n            <div class=\"overlay\"><\/div>            \n                    <\/div>\n\t\t\n        <div class=\"banner-layers container\">\n            <div class=\"fill banner-link\"><\/div>            \n\n   <div id=\"text-box-103564181\" class=\"text-box banner-layer x0 md-x0 lg-x0 y50 md-y50 lg-y50 res-text\">\n                                <div class=\"text-box-content text \">\n              \n              <div class=\"text-inner text-left\">\n                  \n\n\t<div id=\"text-3631391662\" class=\"text\">\n\t\t\n\n<h1 class=\"uppercase\"><strong>CUSTOMIZED SOLUTIONS<\/strong><\/h1>\n<h3>We customize for your needs<\/h3>\n\t\t\n<style>\n#text-3631391662 {\n  color: rgb(255,255,255);\n}\n#text-3631391662 > * {\n  color: rgb(255,255,255);\n}\n<\/style>\n\t<\/div>\n\t\n<a href=\"https:\/\/hi-nd.com\/contact-hi-nd\/\" target=\"_blank\" class=\"button primary\" rel=\"noopener\" >\n\t\t<span>Contact us for more info<\/span>\n\t<\/a>\n\n\n\n              <\/div>\n           <\/div>\n                            \n<style>\n#text-box-103564181 {\n  width: 60%;\n}\n#text-box-103564181 .text-box-content {\n  font-size: 100%;\n}\n@media (min-width:550px) {\n  #text-box-103564181 {\n    width: 40%;\n  }\n}\n<\/style>\n    <\/div>\n \n\n        <\/div>\n      <\/div>\n\n            \n<style>\n#banner-792656148 {\n  padding-top: 500px;\n  background-color: rgb(255, 255, 255);\n}\n#banner-792656148 .overlay {\n  background-color: rgba(190, 190, 190, 0.2);\n}\n<\/style>\n  <\/div>\n\n\n<div class=\"row\"  id=\"row-1750135342\">\n\n\n\t<div id=\"col-731367989\" class=\"col small-12 large-12\"  >\n\t\t\t\t<div class=\"col-inner\"  >\n\t\t\t\n\t\t\t\n\n<h2>We develop customized digital signage solutions<\/h2>\n<p>At HI-ND, we specialize in creating customized solutions for digital signage, designing and developing our own products tailored to meet your specific needs. Our skilled CAD engineers craft innovative and functional products, ensuring the best possible visual experience. Sometimes, we adjust existing products to better fit particular requirements, while at other times, we develop entirely new, bespoke solutions that push the boundaries of digital display technology. We collaborate closely with our clients to ensure that each product we deliver is not only high-quality but also aesthetically pleasing and optimized for its intended use. Whether you need a smaller adjustment of a standard product or a completely new design, you can trust that our solutions are fully customized to your requirements.<\/p>\n\n\t\t<\/div>\n\t\t\t\t\t<\/div>\n\n\t\n\n<\/div>\n  <div class=\"banner-grid-wrapper\">\n  <div id=\"banner-grid-1732550445\" class=\"banner-grid row row-grid row-small\" data-packery-options=\"\">\n                      \n\n<div class=\"col grid-col large-6 grid-col-2-3\" ><div class=\"col-inner\">\n\n\t<div class=\"img has-hover x md-x lg-x y md-y lg-y\" id=\"image_148462038\">\n\t\t\t\t\t\t\t\t<div class=\"img-inner dark\" >\n\t\t\t<img loading=\"lazy\" decoding=\"async\" width=\"1020\" height=\"680\" src=\"https:\/\/hi-nd.com\/wp-content\/uploads\/2025\/02\/DSCF9305-1024x683-1.jpg\" class=\"attachment-large size-large\" alt=\"\" srcset=\"https:\/\/hi-nd.com\/wp-content\/uploads\/2025\/02\/DSCF9305-1024x683-1.jpg 1024w, https:\/\/hi-nd.com\/wp-content\/uploads\/2025\/02\/DSCF9305-1024x683-1-300x200.jpg 300w, https:\/\/hi-nd.com\/wp-content\/uploads\/2025\/02\/DSCF9305-1024x683-1-768x512.jpg 768w, https:\/\/hi-nd.com\/wp-content\/uploads\/2025\/02\/DSCF9305-1024x683-1-750x500.jpg 750w\" sizes=\"auto, (max-width: 1020px) 100vw, 1020px\" \/>\t\t\t\t\t\t\n\t\t\t\t\t<\/div>\n\t\t\t\t\t\t\t\t\n<style>\n#image_148462038 {\n  width: 100%;\n}\n<\/style>\n\t<\/div>\n\t\n\n\n<\/div><\/div>\n<div class=\"col grid-col large-6 grid-col-1-2\" ><div class=\"col-inner\">\n\n\t<div class=\"img has-hover x md-x lg-x y md-y lg-y\" id=\"image_1645296139\">\n\t\t\t\t\t\t\t\t<div class=\"img-inner dark\" >\n\t\t\t<img loading=\"lazy\" decoding=\"async\" width=\"900\" height=\"600\" src=\"https:\/\/hi-nd.com\/wp-content\/uploads\/2021\/10\/Ind-ref-image_Wayfinder-HI-ND-900x600-1.png\" class=\"attachment-large size-large\" alt=\"\" srcset=\"https:\/\/hi-nd.com\/wp-content\/uploads\/2021\/10\/Ind-ref-image_Wayfinder-HI-ND-900x600-1.png 900w, https:\/\/hi-nd.com\/wp-content\/uploads\/2021\/10\/Ind-ref-image_Wayfinder-HI-ND-900x600-1-750x500.png 750w, https:\/\/hi-nd.com\/wp-content\/uploads\/2021\/10\/Ind-ref-image_Wayfinder-HI-ND-900x600-1-300x200.png 300w, https:\/\/hi-nd.com\/wp-content\/uploads\/2021\/10\/Ind-ref-image_Wayfinder-HI-ND-900x600-1-768x512.png 768w, https:\/\/hi-nd.com\/wp-content\/uploads\/2021\/10\/Ind-ref-image_Wayfinder-HI-ND-900x600-1-600x400.png 600w\" sizes=\"auto, (max-width: 900px) 100vw, 900px\" \/>\t\t\t\t\t\t\n\t\t\t\t\t<\/div>\n\t\t\t\t\t\t\t\t\n<style>\n#image_1645296139 {\n  width: 100%;\n}\n<\/style>\n\t<\/div>\n\t\n\n\n<\/div><\/div>\n<div class=\"col grid-col large-3 grid-col-1-2\" ><div class=\"col-inner\">\n\n\t<div class=\"img has-hover x md-x lg-x y md-y lg-y\" id=\"image_1101998191\">\n\t\t\t\t\t\t\t\t<div class=\"img-inner dark\" >\n\t\t\t<img loading=\"lazy\" decoding=\"async\" width=\"750\" height=\"751\" src=\"https:\/\/hi-nd.com\/wp-content\/uploads\/2025\/03\/floor-to-ceiling-750x750-tiny.png\" class=\"attachment-large size-large\" alt=\"Floor to ceiling\" srcset=\"https:\/\/hi-nd.com\/wp-content\/uploads\/2025\/03\/floor-to-ceiling-750x750-tiny.png 750w, https:\/\/hi-nd.com\/wp-content\/uploads\/2025\/03\/floor-to-ceiling-750x750-tiny-300x300.png 300w, https:\/\/hi-nd.com\/wp-content\/uploads\/2025\/03\/floor-to-ceiling-750x750-tiny-150x150.png 150w, https:\/\/hi-nd.com\/wp-content\/uploads\/2025\/03\/floor-to-ceiling-750x750-tiny-100x100.png 100w\" sizes=\"auto, (max-width: 750px) 100vw, 750px\" \/>\t\t\t\t\t\t\n\t\t\t\t\t<\/div>\n\t\t\t\t\t\t\t\t\n<style>\n#image_1101998191 {\n  width: 100%;\n}\n<\/style>\n\t<\/div>\n\t\n\n\n<\/div><\/div>\n<div class=\"col grid-col large-3 grid-col-1-2\" ><div class=\"col-inner\">\n\n\t<div class=\"img has-hover x md-x lg-x y md-y lg-y\" id=\"image_1565819084\">\n\t\t\t\t\t\t\t\t<div class=\"img-inner dark\" >\n\t\t\t<img loading=\"lazy\" decoding=\"async\" width=\"750\" height=\"750\" src=\"https:\/\/hi-nd.com\/wp-content\/uploads\/2024\/05\/IMG_9829-750x750-1.jpg\" class=\"attachment-large size-large\" alt=\"Screen print\" srcset=\"https:\/\/hi-nd.com\/wp-content\/uploads\/2024\/05\/IMG_9829-750x750-1.jpg 750w, https:\/\/hi-nd.com\/wp-content\/uploads\/2024\/05\/IMG_9829-750x750-1-300x300.jpg 300w, https:\/\/hi-nd.com\/wp-content\/uploads\/2024\/05\/IMG_9829-750x750-1-150x150.jpg 150w, https:\/\/hi-nd.com\/wp-content\/uploads\/2024\/05\/IMG_9829-750x750-1-100x100.jpg 100w\" sizes=\"auto, (max-width: 750px) 100vw, 750px\" \/>\t\t\t\t\t\t\n\t\t\t\t\t<\/div>\n\t\t\t\t\t\t\t\t\n<style>\n#image_1565819084 {\n  width: 100%;\n}\n<\/style>\n\t<\/div>\n\t\n\n\n<\/div><\/div>\n<div class=\"col grid-col large-6 grid-col-1-3\" ><div class=\"col-inner\">\n\n\t<div class=\"img has-hover x md-x lg-x y md-y lg-y\" id=\"image_1078550604\">\n\t\t\t\t\t\t\t\t<div class=\"img-inner dark\" >\n\t\t\t<img loading=\"lazy\" decoding=\"async\" width=\"1020\" height=\"333\" src=\"https:\/\/hi-nd.com\/wp-content\/uploads\/2025\/02\/L1680597-avlang-1024x334.png\" class=\"attachment-large size-large\" alt=\"space long LED\" srcset=\"https:\/\/hi-nd.com\/wp-content\/uploads\/2025\/02\/L1680597-avlang-1024x334.png 1024w, https:\/\/hi-nd.com\/wp-content\/uploads\/2025\/02\/L1680597-avlang-300x98.png 300w, https:\/\/hi-nd.com\/wp-content\/uploads\/2025\/02\/L1680597-avlang-768x251.png 768w, https:\/\/hi-nd.com\/wp-content\/uploads\/2025\/02\/L1680597-avlang-1536x502.png 1536w, https:\/\/hi-nd.com\/wp-content\/uploads\/2025\/02\/L1680597-avlang-2048x669.png 2048w, https:\/\/hi-nd.com\/wp-content\/uploads\/2025\/02\/L1680597-avlang-750x245.png 750w\" sizes=\"auto, (max-width: 1020px) 100vw, 1020px\" \/>\t\t\t\t\t\t\n\t\t\t\t\t<\/div>\n\t\t\t\t\t\t\t\t\n<style>\n#image_1078550604 {\n  width: 100%;\n}\n<\/style>\n\t<\/div>\n\t\n\n\n<\/div><\/div>\n\n            <\/div>\n    <style>\n    #banner-grid-1732550445 .grid-col-1{height: 600px}\n    #banner-grid-1732550445 .grid-col-1-2{height: 300px}\n    #banner-grid-1732550445 .grid-col-1-3{height:200px}\n    #banner-grid-1732550445 .grid-col-2-3{height: 400px}\n    #banner-grid-1732550445 .grid-col-1-4{height: 150px}\n    #banner-grid-1732550445 .grid-col-3-4{height: 450px}\n\n\n    \n    \n\n  <\/style>\n    <\/div>\n  \n\n","protected":false},"excerpt":{"rendered":"","protected":false},"author":5,"featured_media":0,"parent":0,"menu_order":0,"comment_status":"closed","ping_status":"closed","template":"","meta":{"footnotes":""},"class_list":["post-8451","page","type-page","status-publish","hentry"],"yoast_head":"<!-- This site is optimized with the Yoast SEO plugin v27.4 - https:\/\/yoast.com\/product\/yoast-seo-wordpress\/ -->\n<title>Soluciones a medida - HI-ND<\/title>\n<meta name=\"description\" content=\"HI-ND ofrece soluciones personalizadas en se\u00f1alizaci\u00f3n digital, creando pantallas interactivas a medida que mejoran el compromiso y la comunicaci\u00f3n.\" \/>\n<meta name=\"robots\" content=\"index, follow, max-snippet:-1, max-image-preview:large, max-video-preview:-1\" \/>\n<link rel=\"canonical\" href=\"https:\/\/hi-nd.com\/es\/soluciones-a-medida\/\" \/>\n<meta property=\"og:locale\" content=\"es_ES\" \/>\n<meta property=\"og:type\" content=\"article\" \/>\n<meta property=\"og:title\" content=\"Soluciones a medida - HI-ND\" \/>\n<meta property=\"og:description\" content=\"HI-ND ofrece soluciones personalizadas en se\u00f1alizaci\u00f3n digital, creando pantallas interactivas a medida que mejoran el compromiso y la comunicaci\u00f3n.\" \/>\n<meta property=\"og:url\" content=\"https:\/\/hi-nd.com\/es\/soluciones-a-medida\/\" \/>\n<meta property=\"og:site_name\" content=\"HI-ND\" \/>\n<meta property=\"article:modified_time\" content=\"2025-03-03T12:49:47+00:00\" \/>\n<meta name=\"twitter:card\" content=\"summary_large_image\" \/>\n<meta name=\"twitter:label1\" content=\"Tiempo de lectura\" \/>\n\t<meta name=\"twitter:data1\" content=\"1 minuto\" \/>\n<script type=\"application\/ld+json\" class=\"yoast-schema-graph\">{\"@context\":\"https:\\\/\\\/schema.org\",\"@graph\":[{\"@type\":\"WebPage\",\"@id\":\"https:\\\/\\\/hi-nd.com\\\/es\\\/soluciones-a-medida\\\/\",\"url\":\"https:\\\/\\\/hi-nd.com\\\/es\\\/soluciones-a-medida\\\/\",\"name\":\"Soluciones a medida - HI-ND\",\"isPartOf\":{\"@id\":\"https:\\\/\\\/hi-nd.com\\\/#website\"},\"datePublished\":\"2025-02-18T13:52:54+00:00\",\"dateModified\":\"2025-03-03T12:49:47+00:00\",\"description\":\"HI-ND ofrece soluciones personalizadas en se\u00f1alizaci\u00f3n digital, creando pantallas interactivas a medida que mejoran el compromiso y la comunicaci\u00f3n.\",\"breadcrumb\":{\"@id\":\"https:\\\/\\\/hi-nd.com\\\/es\\\/soluciones-a-medida\\\/#breadcrumb\"},\"inLanguage\":\"es\",\"potentialAction\":[{\"@type\":\"ReadAction\",\"target\":[\"https:\\\/\\\/hi-nd.com\\\/es\\\/soluciones-a-medida\\\/\"]}]},{\"@type\":\"BreadcrumbList\",\"@id\":\"https:\\\/\\\/hi-nd.com\\\/es\\\/soluciones-a-medida\\\/#breadcrumb\",\"itemListElement\":[{\"@type\":\"ListItem\",\"position\":1,\"name\":\"Home\",\"item\":\"https:\\\/\\\/hi-nd.com\\\/es\\\/\"},{\"@type\":\"ListItem\",\"position\":2,\"name\":\"Soluciones a medida\"}]},{\"@type\":\"WebSite\",\"@id\":\"https:\\\/\\\/hi-nd.com\\\/#website\",\"url\":\"https:\\\/\\\/hi-nd.com\\\/\",\"name\":\"HI-ND\",\"description\":\"Mounting Solutions\",\"potentialAction\":[{\"@type\":\"SearchAction\",\"target\":{\"@type\":\"EntryPoint\",\"urlTemplate\":\"https:\\\/\\\/hi-nd.com\\\/?s={search_term_string}\"},\"query-input\":{\"@type\":\"PropertyValueSpecification\",\"valueRequired\":true,\"valueName\":\"search_term_string\"}}],\"inLanguage\":\"es\"}]}<\/script>\n<!-- \/ Yoast SEO plugin. -->","yoast_head_json":{"title":"Soluciones a medida - HI-ND","description":"HI-ND ofrece soluciones personalizadas en se\u00f1alizaci\u00f3n digital, creando pantallas interactivas a medida que mejoran el compromiso y la comunicaci\u00f3n.","robots":{"index":"index","follow":"follow","max-snippet":"max-snippet:-1","max-image-preview":"max-image-preview:large","max-video-preview":"max-video-preview:-1"},"canonical":"https:\/\/hi-nd.com\/es\/soluciones-a-medida\/","og_locale":"es_ES","og_type":"article","og_title":"Soluciones a medida - HI-ND","og_description":"HI-ND ofrece soluciones personalizadas en se\u00f1alizaci\u00f3n digital, creando pantallas interactivas a medida que mejoran el compromiso y la comunicaci\u00f3n.","og_url":"https:\/\/hi-nd.com\/es\/soluciones-a-medida\/","og_site_name":"HI-ND","article_modified_time":"2025-03-03T12:49:47+00:00","twitter_card":"summary_large_image","twitter_misc":{"Tiempo de lectura":"1 minuto"},"schema":{"@context":"https:\/\/schema.org","@graph":[{"@type":"WebPage","@id":"https:\/\/hi-nd.com\/es\/soluciones-a-medida\/","url":"https:\/\/hi-nd.com\/es\/soluciones-a-medida\/","name":"Soluciones a medida - HI-ND","isPartOf":{"@id":"https:\/\/hi-nd.com\/#website"},"datePublished":"2025-02-18T13:52:54+00:00","dateModified":"2025-03-03T12:49:47+00:00","description":"HI-ND ofrece soluciones personalizadas en se\u00f1alizaci\u00f3n digital, creando pantallas interactivas a medida que mejoran el compromiso y la comunicaci\u00f3n.","breadcrumb":{"@id":"https:\/\/hi-nd.com\/es\/soluciones-a-medida\/#breadcrumb"},"inLanguage":"es","potentialAction":[{"@type":"ReadAction","target":["https:\/\/hi-nd.com\/es\/soluciones-a-medida\/"]}]},{"@type":"BreadcrumbList","@id":"https:\/\/hi-nd.com\/es\/soluciones-a-medida\/#breadcrumb","itemListElement":[{"@type":"ListItem","position":1,"name":"Home","item":"https:\/\/hi-nd.com\/es\/"},{"@type":"ListItem","position":2,"name":"Soluciones a medida"}]},{"@type":"WebSite","@id":"https:\/\/hi-nd.com\/#website","url":"https:\/\/hi-nd.com\/","name":"HI-ND","description":"Mounting Solutions","potentialAction":[{"@type":"SearchAction","target":{"@type":"EntryPoint","urlTemplate":"https:\/\/hi-nd.com\/?s={search_term_string}"},"query-input":{"@type":"PropertyValueSpecification","valueRequired":true,"valueName":"search_term_string"}}],"inLanguage":"es"}]}},"_links":{"self":[{"href":"https:\/\/hi-nd.com\/es\/wp-json\/wp\/v2\/pages\/8451","targetHints":{"allow":["GET"]}}],"collection":[{"href":"https:\/\/hi-nd.com\/es\/wp-json\/wp\/v2\/pages"}],"about":[{"href":"https:\/\/hi-nd.com\/es\/wp-json\/wp\/v2\/types\/page"}],"author":[{"embeddable":true,"href":"https:\/\/hi-nd.com\/es\/wp-json\/wp\/v2\/users\/5"}],"replies":[{"embeddable":true,"href":"https:\/\/hi-nd.com\/es\/wp-json\/wp\/v2\/comments?post=8451"}],"version-history":[{"count":3,"href":"https:\/\/hi-nd.com\/es\/wp-json\/wp\/v2\/pages\/8451\/revisions"}],"predecessor-version":[{"id":8579,"href":"https:\/\/hi-nd.com\/es\/wp-json\/wp\/v2\/pages\/8451\/revisions\/8579"}],"wp:attachment":[{"href":"https:\/\/hi-nd.com\/es\/wp-json\/wp\/v2\/media?parent=8451"}],"curies":[{"name":"wp","href":"https:\/\/api.w.org\/{rel}","templated":true}]}}