{"id":7222,"date":"2024-05-28T09:54:31","date_gmt":"2024-05-28T07:54:31","guid":{"rendered":"https:\/\/hi-nd.com\/borrador-automatico\/"},"modified":"2024-10-28T11:29:25","modified_gmt":"2024-10-28T10:29:25","slug":"borrador-automatico","status":"publish","type":"page","link":"https:\/\/hi-nd.com\/es\/borrador-automatico\/","title":{"rendered":"Logotipos en los productos"},"content":{"rendered":"\n\t<div id=\"gap-1229921399\" class=\"gap-element clearfix\" style=\"display:block; height:auto;\">\n\t\t\n<style>\n#gap-1229921399 {\n  padding-top: 30px;\n}\n<\/style>\n\t<\/div>\n\t\n\n<div class=\"container section-title-container\" ><h1 class=\"section-title section-title-center\"><b aria-hidden=\"true\"><\/b><span class=\"section-title-main\" >Logotipos en los productos<\/span><b aria-hidden=\"true\"><\/b><\/h1><\/div>\n\n<div class=\"row\"  id=\"row-1409218660\">\n\n\n\t<div id=\"col-1656262092\" class=\"col small-12 large-12\"  >\n\t\t\t\t<div class=\"col-inner\"  >\n\t\t\t\n\t\t\t\n\n<p style=\"text-align: center;\">Crear un enfoque \u00fanico para la marca es de gran importancia. En la mayor\u00eda de nuestros productos puedes a\u00f1adir tus logotipos. Se crean de distintas formas, seg\u00fan el material, la disposici\u00f3n y el resultado deseado. <\/p>\n\n\t\t<\/div>\n\t\t\t\t\t<\/div>\n\n\t\n\n<\/div>\n\t<div id=\"gap-774242823\" class=\"gap-element clearfix\" style=\"display:block; height:auto;\">\n\t\t\n<style>\n#gap-774242823 {\n  padding-top: 30px;\n}\n<\/style>\n\t<\/div>\n\t\n\n<div class=\"row\"  id=\"row-413985257\">\n\n\n\t<div id=\"col-673460139\" class=\"col medium-4 small-12 large-4\"  >\n\t\t\t\t<div class=\"col-inner\"  >\n\t\t\t\n\t\t\t\n\n<p style=\"text-align: center;\"><strong>Logotipos serigrafiados<\/strong><\/p>\n<p>Los logotipos serigrafiados en productos de se\u00f1alizaci\u00f3n digital mejoran la visibilidad y el reconocimiento de la marca. Esta t\u00e9cnica ofrece colores vibrantes y dise\u00f1os duraderos, garantizando que los logotipos destaquen en zonas de mucho tr\u00e1fico. La serigraf\u00eda es una t\u00e9cnica de impresi\u00f3n en la que se utiliza una malla para transferir tinta a un sustrato, excepto en las zonas impermeables a la tinta mediante una plantilla de bloqueo. Se utiliza para crear impresiones de alta calidad en diversas superficies.   <\/p>\n\n\t\t<\/div>\n\t\t\t\t\t<\/div>\n\n\t\n\n\t<div id=\"col-1839872873\" class=\"col medium-4 small-12 large-4\"  >\n\t\t\t\t<div class=\"col-inner\"  >\n\t\t\t\n\t\t\t\n\n\t<div class=\"box has-hover   has-hover box-text-bottom\" >\n\n\t\t<div class=\"box-image\" >\n\t\t\t<a href=\"https:\/\/hi-nd.com\/wp-content\/uploads\/2023\/12\/NK-750x750-1.jpg\" >\t\t\t<div class=\"\" >\n\t\t\t\t<img loading=\"lazy\" decoding=\"async\" width=\"750\" height=\"750\" src=\"https:\/\/hi-nd.com\/wp-content\/uploads\/2023\/12\/NK-750x750-1.jpg\" class=\"attachment- size-\" alt=\"Wall Casing\" srcset=\"https:\/\/hi-nd.com\/wp-content\/uploads\/2023\/12\/NK-750x750-1.jpg 750w, https:\/\/hi-nd.com\/wp-content\/uploads\/2023\/12\/NK-750x750-1-300x300.jpg 300w, https:\/\/hi-nd.com\/wp-content\/uploads\/2023\/12\/NK-750x750-1-150x150.jpg 150w, https:\/\/hi-nd.com\/wp-content\/uploads\/2023\/12\/NK-750x750-1-100x100.jpg 100w\" sizes=\"auto, (max-width: 750px) 100vw, 750px\" \/>\t\t\t\t\t\t\t\t\t\t\t<\/div>\n\t\t\t<\/a>\t\t<\/div>\n\n\t\t<div class=\"box-text text-center\" >\n\t\t\t<div class=\"box-text-inner\">\n\t\t\t\t\n\n<h5>Logo NK negro<\/h5>\n\n\t\t\t<\/div>\n\t\t<\/div>\n\t<\/div>\n\t\n\n\t\t<\/div>\n\t\t\t\t\t<\/div>\n\n\t\n\n\t<div id=\"col-342691930\" class=\"col medium-4 small-12 large-4\"  >\n\t\t\t\t<div class=\"col-inner\"  >\n\t\t\t\n\t\t\t\n\n\t<div class=\"box has-hover   has-hover box-text-bottom\" >\n\n\t\t<div class=\"box-image\" >\n\t\t\t<a href=\"https:\/\/hi-nd.com\/wp-content\/uploads\/2024\/05\/IMG_9829-750x750-1.jpg\" >\t\t\t<div class=\"\" >\n\t\t\t\t<img loading=\"lazy\" decoding=\"async\" width=\"750\" height=\"750\" src=\"https:\/\/hi-nd.com\/wp-content\/uploads\/2024\/05\/IMG_9829-750x750-1.jpg\" class=\"attachment- size-\" alt=\"Screen print\" srcset=\"https:\/\/hi-nd.com\/wp-content\/uploads\/2024\/05\/IMG_9829-750x750-1.jpg 750w, https:\/\/hi-nd.com\/wp-content\/uploads\/2024\/05\/IMG_9829-750x750-1-300x300.jpg 300w, https:\/\/hi-nd.com\/wp-content\/uploads\/2024\/05\/IMG_9829-750x750-1-150x150.jpg 150w, https:\/\/hi-nd.com\/wp-content\/uploads\/2024\/05\/IMG_9829-750x750-1-100x100.jpg 100w\" sizes=\"auto, (max-width: 750px) 100vw, 750px\" \/>\t\t\t\t\t\t\t\t\t\t\t<\/div>\n\t\t\t<\/a>\t\t<\/div>\n\n\t\t<div class=\"box-text text-center\" >\n\t\t\t<div class=\"box-text-inner\">\n\t\t\t\t\n\n<h5>Logotipo blanco de Jureskogs<\/h5>\n\n\t\t\t<\/div>\n\t\t<\/div>\n\t<\/div>\n\t\n\n\t\t<\/div>\n\t\t\t\t\t<\/div>\n\n\t\n\n<\/div>\n<div class=\"row\"  id=\"row-2090859983\">\n\n\n\t<div id=\"col-1074583338\" class=\"col medium-4 small-12 large-4\"  >\n\t\t\t\t<div class=\"col-inner\"  >\n\t\t\t\n\t\t\t\n\n<p style=\"text-align: center;\"><strong>Logotipos impresos (no iluminados)<\/strong><\/p>\n<p>Los logotipos impresos en productos de se\u00f1alizaci\u00f3n digital proporcionan una marca clara y vibrante que destaca en diversos entornos. Este enfoque garantiza que los logotipos sean f\u00e1cilmente reconocibles, mejorando la identidad de la marca. Al integrar elementos impresos con pantallas digitales, las empresas crean experiencias visuales cohesivas que atraen al p\u00fablico de forma eficaz, causando una impresi\u00f3n duradera tanto en entornos muy transitados como en entornos informales.  <\/p>\n\n\t\t<\/div>\n\t\t\t\t\t<\/div>\n\n\t\n\n\t<div id=\"col-306791574\" class=\"col medium-4 small-12 large-4\"  >\n\t\t\t\t<div class=\"col-inner\"  >\n\t\t\t\n\t\t\t\n\n\t<div class=\"box has-hover   has-hover box-text-bottom\" >\n\n\t\t<div class=\"box-image\" >\n\t\t\t<a href=\"https:\/\/hi-nd.com\/wp-content\/uploads\/2024\/09\/cyber-media-logga-print-750x750-1.png\" >\t\t\t<div class=\"\" >\n\t\t\t\t<img loading=\"lazy\" decoding=\"async\" width=\"750\" height=\"750\" src=\"https:\/\/hi-nd.com\/wp-content\/uploads\/2024\/09\/cyber-media-logga-print-750x750-1.png\" class=\"attachment- size-\" alt=\"cyber media printed logo\" srcset=\"https:\/\/hi-nd.com\/wp-content\/uploads\/2024\/09\/cyber-media-logga-print-750x750-1.png 750w, https:\/\/hi-nd.com\/wp-content\/uploads\/2024\/09\/cyber-media-logga-print-750x750-1-300x300.png 300w, https:\/\/hi-nd.com\/wp-content\/uploads\/2024\/09\/cyber-media-logga-print-750x750-1-150x150.png 150w, https:\/\/hi-nd.com\/wp-content\/uploads\/2024\/09\/cyber-media-logga-print-750x750-1-100x100.png 100w\" sizes=\"auto, (max-width: 750px) 100vw, 750px\" \/>\t\t\t\t\t\t\t\t\t\t\t<\/div>\n\t\t\t<\/a>\t\t<\/div>\n\n\t\t<div class=\"box-text text-center\" >\n\t\t\t<div class=\"box-text-inner\">\n\t\t\t\t\n\n<h5>Logotipo impreso de Cyber Media<\/h5>\n\n\t\t\t<\/div>\n\t\t<\/div>\n\t<\/div>\n\t\n\n\t\t<\/div>\n\t\t\t\t\t<\/div>\n\n\t\n\n\t<div id=\"col-17446013\" class=\"col medium-4 small-12 large-4\"  >\n\t\t\t\t<div class=\"col-inner\"  >\n\t\t\t\n\t\t\t\n\n\n\t\t<\/div>\n\t\t\t\t\t<\/div>\n\n\t\n\n<\/div>\n<div class=\"row\"  id=\"row-2058065677\">\n\n\n\t<div id=\"col-665843271\" class=\"col medium-4 small-12 large-4\"  >\n\t\t\t\t<div class=\"col-inner\"  >\n\t\t\t\n\t\t\t\n\n<p style=\"text-align: center;\"><strong>Logotipos luminosos<\/strong><\/p>\n<p>Los logotipos iluminados en productos de se\u00f1alizaci\u00f3n digital proporcionan un impacto visual impactante, mejorando la visibilidad de la marca tanto de d\u00eda como de noche. Su brillo vibrante atrae la atenci\u00f3n, por lo que son ideales para escaparates y eventos. Combinando la iluminaci\u00f3n con la tecnolog\u00eda digital, las empresas crean impresiones memorables, reforzando eficazmente la identidad de marca y atrayendo a los clientes en cualquier entorno. Un logotipo iluminado con efectos de iluminaci\u00f3n mejorados es una forma f\u00e1cil de hacer que el producto tenga un aspecto m\u00e1s exclusivo. Un logotipo iluminado tiene el poder de captar la atenci\u00f3n, aumentar la visibilidad y dejar una impresi\u00f3n duradera en el p\u00fablico.    <\/p>\n\n\t\t<\/div>\n\t\t\t\t\t<\/div>\n\n\t\n\n\t<div id=\"col-1408327341\" class=\"col medium-4 small-12 large-4\"  >\n\t\t\t\t<div class=\"col-inner\"  >\n\t\t\t\n\t\t\t\n\n\t<div class=\"box has-hover   has-hover box-text-bottom\" >\n\n\t\t<div class=\"box-image\" >\n\t\t\t<a href=\"https:\/\/hi-nd.com\/wp-content\/uploads\/2024\/09\/MG_8859-dualiso.png\" >\t\t\t<div class=\"\" >\n\t\t\t\t<img loading=\"lazy\" decoding=\"async\" width=\"750\" height=\"750\" src=\"https:\/\/hi-nd.com\/wp-content\/uploads\/2024\/09\/MG_8859-dualiso.png\" class=\"attachment- size-\" alt=\"Illuminated ocean logo\" srcset=\"https:\/\/hi-nd.com\/wp-content\/uploads\/2024\/09\/MG_8859-dualiso.png 750w, https:\/\/hi-nd.com\/wp-content\/uploads\/2024\/09\/MG_8859-dualiso-300x300.png 300w, https:\/\/hi-nd.com\/wp-content\/uploads\/2024\/09\/MG_8859-dualiso-150x150.png 150w, https:\/\/hi-nd.com\/wp-content\/uploads\/2024\/09\/MG_8859-dualiso-100x100.png 100w\" sizes=\"auto, (max-width: 750px) 100vw, 750px\" \/>\t\t\t\t\t\t\t\t\t\t\t<\/div>\n\t\t\t<\/a>\t\t<\/div>\n\n\t\t<div class=\"box-text text-center\" >\n\t\t\t<div class=\"box-text-inner\">\n\t\t\t\t\n\n<h5>Logotipo iluminado del oc\u00e9ano<\/h5>\n\n\t\t\t<\/div>\n\t\t<\/div>\n\t<\/div>\n\t\n\n\t\t<\/div>\n\t\t\t\t\t<\/div>\n\n\t\n\n\t<div id=\"col-1505005027\" class=\"col medium-4 small-12 large-4\"  >\n\t\t\t\t<div class=\"col-inner\"  >\n\t\t\t\n\t\t\t\n\n\t<div class=\"box has-hover   has-hover box-text-bottom\" >\n\n\t\t<div class=\"box-image\" >\n\t\t\t<a href=\"https:\/\/hi-nd.com\/wp-content\/uploads\/2024\/09\/MG_8794-dualiso.png\" >\t\t\t<div class=\"\" >\n\t\t\t\t<img loading=\"lazy\" decoding=\"async\" width=\"750\" height=\"750\" src=\"https:\/\/hi-nd.com\/wp-content\/uploads\/2024\/09\/MG_8794-dualiso.png\" class=\"attachment- size-\" alt=\"Illuminated ocean logo\" srcset=\"https:\/\/hi-nd.com\/wp-content\/uploads\/2024\/09\/MG_8794-dualiso.png 750w, https:\/\/hi-nd.com\/wp-content\/uploads\/2024\/09\/MG_8794-dualiso-300x300.png 300w, https:\/\/hi-nd.com\/wp-content\/uploads\/2024\/09\/MG_8794-dualiso-150x150.png 150w, https:\/\/hi-nd.com\/wp-content\/uploads\/2024\/09\/MG_8794-dualiso-100x100.png 100w\" sizes=\"auto, (max-width: 750px) 100vw, 750px\" \/>\t\t\t\t\t\t\t\t\t\t\t<\/div>\n\t\t\t<\/a>\t\t<\/div>\n\n\t\t<div class=\"box-text text-center\" >\n\t\t\t<div class=\"box-text-inner\">\n\t\t\t\t\n\n\n\t\t\t<\/div>\n\t\t<\/div>\n\t<\/div>\n\t\n\n\t\t<\/div>\n\t\t\t\t\t<\/div>\n\n\t\n\n<\/div>\n<div class=\"row\"  id=\"row-1646923354\">\n\n\n\t<div id=\"col-1633943700\" class=\"col medium-4 small-12 large-4\"  >\n\t\t\t\t<div class=\"col-inner\"  >\n\t\t\t\n\t\t\t\n\n<p style=\"text-align: center;\"><strong>Logotipos de letras de pl\u00e1stico\/Opci\u00f3n iluminada<\/strong><\/p>\n<ol>\n<li>Los logotipos con letras de pl\u00e1stico es algo que hemos utilizado para crear un aspecto m\u00e1s exclusivo de tu logotipo y conseguir un visual en 3D.<\/li>\n<li>Los exclusivos logotipos de letras de pl\u00e1stico con una opci\u00f3n de iluminaci\u00f3n adicional.<\/li>\n<\/ol>\n\n\t\t<\/div>\n\t\t\t\t\t<\/div>\n\n\t\n\n\t<div id=\"col-1346210046\" class=\"col medium-4 small-12 large-4\"  >\n\t\t\t\t<div class=\"col-inner\"  >\n\t\t\t\n\t\t\t\n\n\t<div class=\"box has-hover   has-hover box-text-bottom\" >\n\n\t\t<div class=\"box-image\" >\n\t\t\t<a href=\"https:\/\/hi-nd.com\/wp-content\/uploads\/2024\/09\/SKHLM-plastlogga.png\" >\t\t\t<div class=\"\" >\n\t\t\t\t<img loading=\"lazy\" decoding=\"async\" width=\"750\" height=\"750\" src=\"https:\/\/hi-nd.com\/wp-content\/uploads\/2024\/09\/SKHLM-plastlogga.png\" class=\"attachment- size-\" alt=\"SKHLM plastic logo\" srcset=\"https:\/\/hi-nd.com\/wp-content\/uploads\/2024\/09\/SKHLM-plastlogga.png 750w, https:\/\/hi-nd.com\/wp-content\/uploads\/2024\/09\/SKHLM-plastlogga-300x300.png 300w, https:\/\/hi-nd.com\/wp-content\/uploads\/2024\/09\/SKHLM-plastlogga-150x150.png 150w, https:\/\/hi-nd.com\/wp-content\/uploads\/2024\/09\/SKHLM-plastlogga-100x100.png 100w\" sizes=\"auto, (max-width: 750px) 100vw, 750px\" \/>\t\t\t\t\t\t\t\t\t\t\t<\/div>\n\t\t\t<\/a>\t\t<\/div>\n\n\t\t<div class=\"box-text text-center\" >\n\t\t\t<div class=\"box-text-inner\">\n\t\t\t\t\n\n<h4>Logotipo de pl\u00e1stico SKHLM<\/h4>\n\n\t\t\t<\/div>\n\t\t<\/div>\n\t<\/div>\n\t\n\n\t\t<\/div>\n\t\t\t\t\t<\/div>\n\n\t\n\n\t<div id=\"col-45642456\" class=\"col medium-4 small-12 large-4\"  >\n\t\t\t\t<div class=\"col-inner\"  >\n\t\t\t\n\t\t\t\n\n\t<div class=\"box has-hover   has-hover box-text-bottom\" >\n\n\t\t<div class=\"box-image\" >\n\t\t\t<a href=\"https:\/\/hi-nd.com\/wp-content\/uploads\/2024\/10\/IMG_1440-SKHLM-750x750-1.png\" >\t\t\t<div class=\"\" >\n\t\t\t\t<img loading=\"lazy\" decoding=\"async\" width=\"750\" height=\"750\" src=\"https:\/\/hi-nd.com\/wp-content\/uploads\/2024\/10\/IMG_1440-SKHLM-750x750-1.png\" class=\"attachment- size-\" alt=\"SKHLM laser-cut letters\" srcset=\"https:\/\/hi-nd.com\/wp-content\/uploads\/2024\/10\/IMG_1440-SKHLM-750x750-1.png 750w, https:\/\/hi-nd.com\/wp-content\/uploads\/2024\/10\/IMG_1440-SKHLM-750x750-1-300x300.png 300w, https:\/\/hi-nd.com\/wp-content\/uploads\/2024\/10\/IMG_1440-SKHLM-750x750-1-150x150.png 150w, https:\/\/hi-nd.com\/wp-content\/uploads\/2024\/10\/IMG_1440-SKHLM-750x750-1-100x100.png 100w\" sizes=\"auto, (max-width: 750px) 100vw, 750px\" \/>\t\t\t\t\t\t\t\t\t\t\t<\/div>\n\t\t\t<\/a>\t\t<\/div>\n\n\t\t<div class=\"box-text text-center\" >\n\t\t\t<div class=\"box-text-inner\">\n\t\t\t\t\n\n<h4>SKHLM<\/h4>\n\n\t\t\t<\/div>\n\t\t<\/div>\n\t<\/div>\n\t\n\n\t\t<\/div>\n\t\t\t\t\t<\/div>\n\n\t\n\n<\/div>\n<div class=\"row\"  id=\"row-1328412056\">\n\n\n\t<div id=\"col-410432112\" class=\"col medium-4 small-12 large-4\"  >\n\t\t\t\t<div class=\"col-inner\"  >\n\t\t\t\n\t\t\t\n\n<p style=\"text-align: center;\"><strong>Letras cortadas con l\u00e1ser<\/strong><\/p>\n<p>Las letras cortadas a l\u00e1ser son una gran alternativa para a\u00f1adir a productos ya existentes en los que otras alternativas de logotipo no son una opci\u00f3n. Esto tambi\u00e9n da un aspecto visual en 3D, pero muy limpio. Puedes encargar las letras cortadas por l\u00e1ser en distintos colores, lo que har\u00e1 que el producto sea m\u00e1s exclusivo.  <\/p>\n\n\t\t<\/div>\n\t\t\t\t\t<\/div>\n\n\t\n\n\t<div id=\"col-398640553\" class=\"col medium-4 small-12 large-4\"  >\n\t\t\t\t<div class=\"col-inner\"  >\n\t\t\t\n\t\t\t\n\n\t<div class=\"box has-hover   has-hover box-text-bottom\" >\n\n\t\t<div class=\"box-image\" >\n\t\t\t<a href=\"https:\/\/hi-nd.com\/wp-content\/uploads\/2024\/06\/logga-grassfish-750x750-1.jpg\" >\t\t\t<div class=\"\" >\n\t\t\t\t<img loading=\"lazy\" decoding=\"async\" width=\"750\" height=\"750\" src=\"https:\/\/hi-nd.com\/wp-content\/uploads\/2024\/06\/logga-grassfish-750x750-1.jpg\" class=\"attachment- size-\" alt=\"Laser-cut letters\" srcset=\"https:\/\/hi-nd.com\/wp-content\/uploads\/2024\/06\/logga-grassfish-750x750-1.jpg 750w, https:\/\/hi-nd.com\/wp-content\/uploads\/2024\/06\/logga-grassfish-750x750-1-300x300.jpg 300w, https:\/\/hi-nd.com\/wp-content\/uploads\/2024\/06\/logga-grassfish-750x750-1-150x150.jpg 150w, https:\/\/hi-nd.com\/wp-content\/uploads\/2024\/06\/logga-grassfish-750x750-1-100x100.jpg 100w\" sizes=\"auto, (max-width: 750px) 100vw, 750px\" \/>\t\t\t\t\t\t\t\t\t\t\t<\/div>\n\t\t\t<\/a>\t\t<\/div>\n\n\t\t<div class=\"box-text text-center\" >\n\t\t\t<div class=\"box-text-inner\">\n\t\t\t\t\n\n<h4>Letras de pez pasto cortadas con l\u00e1ser<\/h4>\n\n\t\t\t<\/div>\n\t\t<\/div>\n\t<\/div>\n\t\n\n\t\t<\/div>\n\t\t\t\t\t<\/div>\n\n\t\n\n\t<div id=\"col-1822620724\" class=\"col medium-4 small-12 large-4\"  >\n\t\t\t\t<div class=\"col-inner\"  >\n\t\t\t\n\t\t\t\n\n\n\t\t<\/div>\n\t\t\t\t\t<\/div>\n\n\t\n\n<\/div>\n<div class=\"row\"  id=\"row-2047372214\">\n\n\n\t<div id=\"col-51860288\" class=\"col small-12 large-12\"  >\n\t\t\t\t<div class=\"col-inner\"  >\n\t\t\t\n\t\t\t\n\n<p style=\"text-align: center;\"><a href=\"https:\/\/hi-nd.com\/es\/productos\/\">Encuentra todos nuestros productos aqu\u00ed<\/a><\/p>\n\n\t\t<\/div>\n\t\t\t\t\t<\/div>\n\n\t\n\n<\/div>\n\n","protected":false},"excerpt":{"rendered":"","protected":false},"author":5,"featured_media":0,"parent":0,"menu_order":0,"comment_status":"closed","ping_status":"closed","template":"","meta":{"footnotes":""},"class_list":["post-7222","page","type-page","status-publish","hentry"],"yoast_head":"<!-- This site is optimized with the Yoast SEO plugin v27.4 - https:\/\/yoast.com\/product\/yoast-seo-wordpress\/ -->\n<title>Logotipos en los productos - HI-ND<\/title>\n<meta name=\"description\" content=\"Tambi\u00e9n puedes a\u00f1adir tus logotipos en los productos para crear un toque \u00fanico. Hay distintas formas de crear los logotipos.\" \/>\n<meta name=\"robots\" content=\"index, follow, max-snippet:-1, max-image-preview:large, max-video-preview:-1\" \/>\n<link rel=\"canonical\" href=\"https:\/\/hi-nd.com\/es\/borrador-automatico\/\" \/>\n<meta property=\"og:locale\" content=\"es_ES\" \/>\n<meta property=\"og:type\" content=\"article\" \/>\n<meta property=\"og:title\" content=\"Logotipos en los productos - HI-ND\" \/>\n<meta property=\"og:description\" content=\"Tambi\u00e9n puedes a\u00f1adir tus logotipos en los productos para crear un toque \u00fanico. Hay distintas formas de crear los logotipos.\" \/>\n<meta property=\"og:url\" content=\"https:\/\/hi-nd.com\/es\/borrador-automatico\/\" \/>\n<meta property=\"og:site_name\" content=\"HI-ND\" \/>\n<meta property=\"article:modified_time\" content=\"2024-10-28T10:29:25+00:00\" \/>\n<meta name=\"twitter:card\" content=\"summary_large_image\" \/>\n<meta name=\"twitter:label1\" content=\"Tiempo de lectura\" \/>\n\t<meta name=\"twitter:data1\" content=\"4 minutos\" \/>\n<script type=\"application\/ld+json\" class=\"yoast-schema-graph\">{\"@context\":\"https:\\\/\\\/schema.org\",\"@graph\":[{\"@type\":\"WebPage\",\"@id\":\"https:\\\/\\\/hi-nd.com\\\/es\\\/borrador-automatico\\\/\",\"url\":\"https:\\\/\\\/hi-nd.com\\\/es\\\/borrador-automatico\\\/\",\"name\":\"Logotipos en los productos - HI-ND\",\"isPartOf\":{\"@id\":\"https:\\\/\\\/hi-nd.com\\\/#website\"},\"datePublished\":\"2024-05-28T07:54:31+00:00\",\"dateModified\":\"2024-10-28T10:29:25+00:00\",\"description\":\"Tambi\u00e9n puedes a\u00f1adir tus logotipos en los productos para crear un toque \u00fanico. Hay distintas formas de crear los logotipos.\",\"breadcrumb\":{\"@id\":\"https:\\\/\\\/hi-nd.com\\\/es\\\/borrador-automatico\\\/#breadcrumb\"},\"inLanguage\":\"es\",\"potentialAction\":[{\"@type\":\"ReadAction\",\"target\":[\"https:\\\/\\\/hi-nd.com\\\/es\\\/borrador-automatico\\\/\"]}]},{\"@type\":\"BreadcrumbList\",\"@id\":\"https:\\\/\\\/hi-nd.com\\\/es\\\/borrador-automatico\\\/#breadcrumb\",\"itemListElement\":[{\"@type\":\"ListItem\",\"position\":1,\"name\":\"Home\",\"item\":\"https:\\\/\\\/hi-nd.com\\\/es\\\/\"},{\"@type\":\"ListItem\",\"position\":2,\"name\":\"Logotipos en los productos\"}]},{\"@type\":\"WebSite\",\"@id\":\"https:\\\/\\\/hi-nd.com\\\/#website\",\"url\":\"https:\\\/\\\/hi-nd.com\\\/\",\"name\":\"HI-ND\",\"description\":\"Mounting Solutions\",\"potentialAction\":[{\"@type\":\"SearchAction\",\"target\":{\"@type\":\"EntryPoint\",\"urlTemplate\":\"https:\\\/\\\/hi-nd.com\\\/?s={search_term_string}\"},\"query-input\":{\"@type\":\"PropertyValueSpecification\",\"valueRequired\":true,\"valueName\":\"search_term_string\"}}],\"inLanguage\":\"es\"}]}<\/script>\n<!-- \/ Yoast SEO plugin. -->","yoast_head_json":{"title":"Logotipos en los productos - HI-ND","description":"Tambi\u00e9n puedes a\u00f1adir tus logotipos en los productos para crear un toque \u00fanico. Hay distintas formas de crear los logotipos.","robots":{"index":"index","follow":"follow","max-snippet":"max-snippet:-1","max-image-preview":"max-image-preview:large","max-video-preview":"max-video-preview:-1"},"canonical":"https:\/\/hi-nd.com\/es\/borrador-automatico\/","og_locale":"es_ES","og_type":"article","og_title":"Logotipos en los productos - HI-ND","og_description":"Tambi\u00e9n puedes a\u00f1adir tus logotipos en los productos para crear un toque \u00fanico. Hay distintas formas de crear los logotipos.","og_url":"https:\/\/hi-nd.com\/es\/borrador-automatico\/","og_site_name":"HI-ND","article_modified_time":"2024-10-28T10:29:25+00:00","twitter_card":"summary_large_image","twitter_misc":{"Tiempo de lectura":"4 minutos"},"schema":{"@context":"https:\/\/schema.org","@graph":[{"@type":"WebPage","@id":"https:\/\/hi-nd.com\/es\/borrador-automatico\/","url":"https:\/\/hi-nd.com\/es\/borrador-automatico\/","name":"Logotipos en los productos - HI-ND","isPartOf":{"@id":"https:\/\/hi-nd.com\/#website"},"datePublished":"2024-05-28T07:54:31+00:00","dateModified":"2024-10-28T10:29:25+00:00","description":"Tambi\u00e9n puedes a\u00f1adir tus logotipos en los productos para crear un toque \u00fanico. Hay distintas formas de crear los logotipos.","breadcrumb":{"@id":"https:\/\/hi-nd.com\/es\/borrador-automatico\/#breadcrumb"},"inLanguage":"es","potentialAction":[{"@type":"ReadAction","target":["https:\/\/hi-nd.com\/es\/borrador-automatico\/"]}]},{"@type":"BreadcrumbList","@id":"https:\/\/hi-nd.com\/es\/borrador-automatico\/#breadcrumb","itemListElement":[{"@type":"ListItem","position":1,"name":"Home","item":"https:\/\/hi-nd.com\/es\/"},{"@type":"ListItem","position":2,"name":"Logotipos en los productos"}]},{"@type":"WebSite","@id":"https:\/\/hi-nd.com\/#website","url":"https:\/\/hi-nd.com\/","name":"HI-ND","description":"Mounting Solutions","potentialAction":[{"@type":"SearchAction","target":{"@type":"EntryPoint","urlTemplate":"https:\/\/hi-nd.com\/?s={search_term_string}"},"query-input":{"@type":"PropertyValueSpecification","valueRequired":true,"valueName":"search_term_string"}}],"inLanguage":"es"}]}},"_links":{"self":[{"href":"https:\/\/hi-nd.com\/es\/wp-json\/wp\/v2\/pages\/7222","targetHints":{"allow":["GET"]}}],"collection":[{"href":"https:\/\/hi-nd.com\/es\/wp-json\/wp\/v2\/pages"}],"about":[{"href":"https:\/\/hi-nd.com\/es\/wp-json\/wp\/v2\/types\/page"}],"author":[{"embeddable":true,"href":"https:\/\/hi-nd.com\/es\/wp-json\/wp\/v2\/users\/5"}],"replies":[{"embeddable":true,"href":"https:\/\/hi-nd.com\/es\/wp-json\/wp\/v2\/comments?post=7222"}],"version-history":[{"count":10,"href":"https:\/\/hi-nd.com\/es\/wp-json\/wp\/v2\/pages\/7222\/revisions"}],"predecessor-version":[{"id":7859,"href":"https:\/\/hi-nd.com\/es\/wp-json\/wp\/v2\/pages\/7222\/revisions\/7859"}],"wp:attachment":[{"href":"https:\/\/hi-nd.com\/es\/wp-json\/wp\/v2\/media?parent=7222"}],"curies":[{"name":"wp","href":"https:\/\/api.w.org\/{rel}","templated":true}]}}