{"id":6870,"date":"2024-03-11T11:13:37","date_gmt":"2024-03-11T10:13:37","guid":{"rendered":"https:\/\/hi-nd.com\/6870-2\/"},"modified":"2024-10-28T11:57:43","modified_gmt":"2024-10-28T10:57:43","slug":"6870-2","status":"publish","type":"page","link":"https:\/\/hi-nd.com\/es\/6870-2\/","title":{"rendered":"C\u00f3digo de conducta"},"content":{"rendered":"\n\n\t<section class=\"section\" id=\"section_1855526984\">\n\t\t<div class=\"section-bg fill\" >\n\t\t\t\t\t\t\t\t\t<div class=\"section-bg-overlay absolute fill\"><\/div>\n\t\t\t\n\t<div class=\"is-border\"\n\t\tstyle=\"border-width:0px 0px 0px 0px;margin:0px 0px 0px 0px;\">\n\t<\/div>\n\n\t\t<\/div>\n\n\t\t\n\n\t\t<div class=\"section-content relative\">\n\t\t\t\n\n\t<div id=\"gap-1622134554\" class=\"gap-element clearfix\" style=\"display:block; height:auto;\">\n\t\t\n<style>\n#gap-1622134554 {\n  padding-top: 30px;\n}\n<\/style>\n\t<\/div>\n\t\n\n<div class=\"container section-title-container\" ><h2 class=\"section-title section-title-center\"><b aria-hidden=\"true\"><\/b><span class=\"section-title-main\" >c\u00f3digo de conducta<\/span><b aria-hidden=\"true\"><\/b><\/h2><\/div>\n\n<div class=\"row\"  id=\"row-1298981335\">\n\n\n\t<div id=\"col-936015786\" class=\"col medium-8 small-12 large-8\"  >\n\t\t\t\t<div class=\"col-inner\"  >\n\t\t\t\n\t\t\t\n\n\t<div class=\"img has-hover x md-x lg-x y md-y lg-y\" id=\"image_1073617914\">\n\t\t<a class=\"\" href=\"https:\/\/hi-nd.com\/wp-content\/uploads\/2024\/03\/Code-of-Conduct-website.pdf\" >\t\t\t\t\t\t<div class=\"img-inner dark\" >\n\t\t\t<img loading=\"lazy\" decoding=\"async\" width=\"750\" height=\"750\" src=\"https:\/\/hi-nd.com\/wp-content\/uploads\/2024\/03\/environment-skog-code-of-conduct-750x750-1.jpg\" class=\"attachment-large size-large\" alt=\"Code of Conduct\" srcset=\"https:\/\/hi-nd.com\/wp-content\/uploads\/2024\/03\/environment-skog-code-of-conduct-750x750-1.jpg 750w, https:\/\/hi-nd.com\/wp-content\/uploads\/2024\/03\/environment-skog-code-of-conduct-750x750-1-300x300.jpg 300w, https:\/\/hi-nd.com\/wp-content\/uploads\/2024\/03\/environment-skog-code-of-conduct-750x750-1-150x150.jpg 150w, https:\/\/hi-nd.com\/wp-content\/uploads\/2024\/03\/environment-skog-code-of-conduct-750x750-1-100x100.jpg 100w\" sizes=\"auto, (max-width: 750px) 100vw, 750px\" \/>\t\t\t\t\t\t\n\t\t\t\t\t<\/div>\n\t\t\t\t\t\t<\/a>\t\t\n<style>\n#image_1073617914 {\n  width: 78%;\n}\n<\/style>\n\t<\/div>\n\t\n\n\n\t\t<\/div>\n\t\t\t\t\t<\/div>\n\n\t\n\n\t<div id=\"col-1653866581\" class=\"col medium-4 small-12 large-4\"  >\n\t\t\t\t<div class=\"col-inner\"  >\n\t\t\t\n\t\t\t\n\n\t<div id=\"text-2602006707\" class=\"text\">\n\t\t\n\n<h3 style=\"text-align: center;\">C\u00f3digo de conducta<\/h3>\n<p>El C\u00f3digo de Conducta incluye las directrices \u00e9ticas sobre c\u00f3mo actuamos en HI-ND. El objetivo de HI-ND es crear valor para sus grupos de inter\u00e9s y hacerlo de forma responsable desde el punto de vista social, econ\u00f3mico y medioambiental. Para lograrlo, se requieren s\u00f3lidos resultados financieros, consideraci\u00f3n por el medio ambiente y el clima, y compromiso social.<\/p>\n<p><a href=\"https:\/\/hi-nd.com\/wp-content\/uploads\/2024\/03\/Code-of-Conduct-website.pdf\">Puedes leer nuestro C\u00f3digo de Conducta aqu\u00ed<\/a>.<\/p>\n\t\t\n<style>\n#text-2602006707 {\n  text-align: center;\n}\n<\/style>\n\t<\/div>\n\t\n\n\t\t<\/div>\n\t\t\t\t\n<style>\n#col-1653866581 > .col-inner {\n  margin: 150px 0px 0px 0px;\n}\n<\/style>\n\t<\/div>\n\n\t\n\n<\/div>\n\n\t\t<\/div>\n\n\t\t\n<style>\n#section_1855526984 {\n  padding-top: 0px;\n  padding-bottom: 0px;\n  background-color: rgb(247, 247, 247);\n}\n#section_1855526984 .section-bg-overlay {\n  background-color: rgba(255, 255, 255, 0.85);\n}\n<\/style>\n\t<\/section>\n\t\n\n","protected":false},"excerpt":{"rendered":"","protected":false},"author":5,"featured_media":0,"parent":0,"menu_order":0,"comment_status":"closed","ping_status":"closed","template":"","meta":{"footnotes":""},"class_list":["post-6870","page","type-page","status-publish","hentry"],"yoast_head":"<!-- This site is optimized with the Yoast SEO plugin v27.4 - https:\/\/yoast.com\/product\/yoast-seo-wordpress\/ -->\n<title>C\u00f3digo de conducta - HI-ND<\/title>\n<meta name=\"description\" content=\"El C\u00f3digo de Conducta incluye las directrices \u00e9ticas de c\u00f3mo actuamos dentro de HI-ND. El objetivo de HI-ND es crear valor para sus partes interesadas.\" \/>\n<meta name=\"robots\" content=\"index, follow, max-snippet:-1, max-image-preview:large, max-video-preview:-1\" \/>\n<link rel=\"canonical\" href=\"https:\/\/hi-nd.com\/es\/6870-2\/\" \/>\n<meta property=\"og:locale\" content=\"es_ES\" \/>\n<meta property=\"og:type\" content=\"article\" \/>\n<meta property=\"og:title\" content=\"C\u00f3digo de conducta - HI-ND\" \/>\n<meta property=\"og:description\" content=\"El C\u00f3digo de Conducta incluye las directrices \u00e9ticas de c\u00f3mo actuamos dentro de HI-ND. El objetivo de HI-ND es crear valor para sus partes interesadas.\" \/>\n<meta property=\"og:url\" content=\"https:\/\/hi-nd.com\/es\/6870-2\/\" \/>\n<meta property=\"og:site_name\" content=\"HI-ND\" \/>\n<meta property=\"article:modified_time\" content=\"2024-10-28T10:57:43+00:00\" \/>\n<meta name=\"twitter:card\" content=\"summary_large_image\" \/>\n<meta name=\"twitter:label1\" content=\"Tiempo de lectura\" \/>\n\t<meta name=\"twitter:data1\" content=\"1 minuto\" \/>\n<script type=\"application\/ld+json\" class=\"yoast-schema-graph\">{\"@context\":\"https:\\\/\\\/schema.org\",\"@graph\":[{\"@type\":\"WebPage\",\"@id\":\"https:\\\/\\\/hi-nd.com\\\/es\\\/6870-2\\\/\",\"url\":\"https:\\\/\\\/hi-nd.com\\\/es\\\/6870-2\\\/\",\"name\":\"C\u00f3digo de conducta - HI-ND\",\"isPartOf\":{\"@id\":\"https:\\\/\\\/hi-nd.com\\\/#website\"},\"datePublished\":\"2024-03-11T10:13:37+00:00\",\"dateModified\":\"2024-10-28T10:57:43+00:00\",\"description\":\"El C\u00f3digo de Conducta incluye las directrices \u00e9ticas de c\u00f3mo actuamos dentro de HI-ND. El objetivo de HI-ND es crear valor para sus partes interesadas.\",\"breadcrumb\":{\"@id\":\"https:\\\/\\\/hi-nd.com\\\/es\\\/6870-2\\\/#breadcrumb\"},\"inLanguage\":\"es\",\"potentialAction\":[{\"@type\":\"ReadAction\",\"target\":[\"https:\\\/\\\/hi-nd.com\\\/es\\\/6870-2\\\/\"]}]},{\"@type\":\"BreadcrumbList\",\"@id\":\"https:\\\/\\\/hi-nd.com\\\/es\\\/6870-2\\\/#breadcrumb\",\"itemListElement\":[{\"@type\":\"ListItem\",\"position\":1,\"name\":\"Home\",\"item\":\"https:\\\/\\\/hi-nd.com\\\/es\\\/\"},{\"@type\":\"ListItem\",\"position\":2,\"name\":\"C\u00f3digo de conducta\"}]},{\"@type\":\"WebSite\",\"@id\":\"https:\\\/\\\/hi-nd.com\\\/#website\",\"url\":\"https:\\\/\\\/hi-nd.com\\\/\",\"name\":\"HI-ND\",\"description\":\"Mounting Solutions\",\"potentialAction\":[{\"@type\":\"SearchAction\",\"target\":{\"@type\":\"EntryPoint\",\"urlTemplate\":\"https:\\\/\\\/hi-nd.com\\\/?s={search_term_string}\"},\"query-input\":{\"@type\":\"PropertyValueSpecification\",\"valueRequired\":true,\"valueName\":\"search_term_string\"}}],\"inLanguage\":\"es\"}]}<\/script>\n<!-- \/ Yoast SEO plugin. -->","yoast_head_json":{"title":"C\u00f3digo de conducta - HI-ND","description":"El C\u00f3digo de Conducta incluye las directrices \u00e9ticas de c\u00f3mo actuamos dentro de HI-ND. El objetivo de HI-ND es crear valor para sus partes interesadas.","robots":{"index":"index","follow":"follow","max-snippet":"max-snippet:-1","max-image-preview":"max-image-preview:large","max-video-preview":"max-video-preview:-1"},"canonical":"https:\/\/hi-nd.com\/es\/6870-2\/","og_locale":"es_ES","og_type":"article","og_title":"C\u00f3digo de conducta - HI-ND","og_description":"El C\u00f3digo de Conducta incluye las directrices \u00e9ticas de c\u00f3mo actuamos dentro de HI-ND. El objetivo de HI-ND es crear valor para sus partes interesadas.","og_url":"https:\/\/hi-nd.com\/es\/6870-2\/","og_site_name":"HI-ND","article_modified_time":"2024-10-28T10:57:43+00:00","twitter_card":"summary_large_image","twitter_misc":{"Tiempo de lectura":"1 minuto"},"schema":{"@context":"https:\/\/schema.org","@graph":[{"@type":"WebPage","@id":"https:\/\/hi-nd.com\/es\/6870-2\/","url":"https:\/\/hi-nd.com\/es\/6870-2\/","name":"C\u00f3digo de conducta - HI-ND","isPartOf":{"@id":"https:\/\/hi-nd.com\/#website"},"datePublished":"2024-03-11T10:13:37+00:00","dateModified":"2024-10-28T10:57:43+00:00","description":"El C\u00f3digo de Conducta incluye las directrices \u00e9ticas de c\u00f3mo actuamos dentro de HI-ND. El objetivo de HI-ND es crear valor para sus partes interesadas.","breadcrumb":{"@id":"https:\/\/hi-nd.com\/es\/6870-2\/#breadcrumb"},"inLanguage":"es","potentialAction":[{"@type":"ReadAction","target":["https:\/\/hi-nd.com\/es\/6870-2\/"]}]},{"@type":"BreadcrumbList","@id":"https:\/\/hi-nd.com\/es\/6870-2\/#breadcrumb","itemListElement":[{"@type":"ListItem","position":1,"name":"Home","item":"https:\/\/hi-nd.com\/es\/"},{"@type":"ListItem","position":2,"name":"C\u00f3digo de conducta"}]},{"@type":"WebSite","@id":"https:\/\/hi-nd.com\/#website","url":"https:\/\/hi-nd.com\/","name":"HI-ND","description":"Mounting Solutions","potentialAction":[{"@type":"SearchAction","target":{"@type":"EntryPoint","urlTemplate":"https:\/\/hi-nd.com\/?s={search_term_string}"},"query-input":{"@type":"PropertyValueSpecification","valueRequired":true,"valueName":"search_term_string"}}],"inLanguage":"es"}]}},"_links":{"self":[{"href":"https:\/\/hi-nd.com\/es\/wp-json\/wp\/v2\/pages\/6870","targetHints":{"allow":["GET"]}}],"collection":[{"href":"https:\/\/hi-nd.com\/es\/wp-json\/wp\/v2\/pages"}],"about":[{"href":"https:\/\/hi-nd.com\/es\/wp-json\/wp\/v2\/types\/page"}],"author":[{"embeddable":true,"href":"https:\/\/hi-nd.com\/es\/wp-json\/wp\/v2\/users\/5"}],"replies":[{"embeddable":true,"href":"https:\/\/hi-nd.com\/es\/wp-json\/wp\/v2\/comments?post=6870"}],"version-history":[{"count":8,"href":"https:\/\/hi-nd.com\/es\/wp-json\/wp\/v2\/pages\/6870\/revisions"}],"predecessor-version":[{"id":7865,"href":"https:\/\/hi-nd.com\/es\/wp-json\/wp\/v2\/pages\/6870\/revisions\/7865"}],"wp:attachment":[{"href":"https:\/\/hi-nd.com\/es\/wp-json\/wp\/v2\/media?parent=6870"}],"curies":[{"name":"wp","href":"https:\/\/api.w.org\/{rel}","templated":true}]}}