{"id":5585,"date":"2023-10-11T15:56:16","date_gmt":"2023-10-11T13:56:16","guid":{"rendered":"https:\/\/hi-nd.com\/etica-empresarial\/"},"modified":"2025-02-25T12:37:57","modified_gmt":"2025-02-25T11:37:57","slug":"etica-empresarial","status":"publish","type":"page","link":"https:\/\/hi-nd.com\/es\/etica-empresarial\/","title":{"rendered":"\u00c9tica empresarial"},"content":{"rendered":"\n\t<div id=\"gap-1876201741\" class=\"gap-element clearfix\" style=\"display:block; height:auto;\">\n\t\t\n<style>\n#gap-1876201741 {\n  padding-top: 30px;\n}\n<\/style>\n\t<\/div>\n\t\n\n<div class=\"container section-title-container\" ><h1 class=\"section-title section-title-center\"><b aria-hidden=\"true\"><\/b><span class=\"section-title-main\" >\u00e9tica empresarial<\/span><b aria-hidden=\"true\"><\/b><\/h1><\/div>\n\n<div class=\"row\"  id=\"row-1940930520\">\n\n\n\t<div id=\"col-1754958108\" class=\"col small-12 large-12\"  >\n\t\t\t\t<div class=\"col-inner\"  >\n\t\t\t\n\t\t\t\n\n<p>Incorporar la \u00e9tica empresarial y trabajar por una cadena de valor sostenible es crucial para lograr una sostenibilidad significativa y duradera. Las pr\u00e1cticas \u00e9ticas garantizan que cada paso de la cadena de valor -desde el abastecimiento de materias primas hasta la producci\u00f3n, distribuci\u00f3n y eliminaci\u00f3n- sea justo, transparente y socialmente responsable. <\/p>\n\n\t\t<\/div>\n\t\t\t\t\t<\/div>\n\n\t\n\n<\/div>\n<div class=\"container section-title-container\" ><h2 class=\"section-title section-title-center\"><b aria-hidden=\"true\"><\/b><span class=\"section-title-main\" >trabajar por una cadena de valor sostenible<\/span><b aria-hidden=\"true\"><\/b><\/h2><\/div>\n\n<div class=\"row\"  id=\"row-1936392052\">\n\n\n\t<div id=\"col-1072634452\" class=\"col medium-8 small-12 large-8\"  >\n\t\t\t\t<div class=\"col-inner\"  >\n\t\t\t\n\t\t\t\n\n<p>Mantener la producci\u00f3n dentro de la Uni\u00f3n Europea es crucial para nosotros para garantizar la transparencia y las pr\u00e1cticas \u00e9ticas en toda la cadena de suministro. La UE tiene algunas de las normativas m\u00e1s estrictas del mundo en materia de derechos laborales, normas medioambientales y protecci\u00f3n del consumidor. Al producir localmente, las empresas pueden controlar mejor las condiciones laborales, garantizar salarios justos y reducir el riesgo de explotaci\u00f3n que suele darse en regiones con normativas m\u00e1s d\u00e9biles. Adem\u00e1s, las normas de la UE garantizan una mayor transparencia en el abastecimiento, la producci\u00f3n y la gesti\u00f3n de residuos, lo que fomenta la confianza del consumidor y aumenta la credibilidad de los esfuerzos de sostenibilidad.   <\/p>\n<p>Adem\u00e1s, actualmente estamos trabajando en nuestras propias pol\u00edticas de sostenibilidad para garantizar a\u00fan m\u00e1s toda la cadena de valor.<\/p>\n<p>Para controlar a\u00fan m\u00e1s nuestro negocio en el sentido \u00e9tico, utilizamos como directrices una pol\u00edtica de c\u00f3digo de conducta.  <a href=\"https:\/\/hi-nd.com\/wp-content\/uploads\/2024\/03\/Code-of-Conduct-website.pdf\">Puede consultar nuestro C\u00f3digo de conducta aqu\u00ed.<\/a><\/p>\n\n\t\t<\/div>\n\t\t\t\t\t<\/div>\n\n\t\n\n\t<div id=\"col-1884048145\" class=\"col medium-4 small-12 large-4\"  >\n\t\t\t\t<div class=\"col-inner\"  >\n\t\t\t\n\t\t\t\n\n\t<div class=\"img has-hover x md-x lg-x y md-y lg-y\" id=\"image_2115049937\">\n\t\t\t\t\t\t\t\t<div class=\"img-inner dark\" >\n\t\t\t<img loading=\"lazy\" decoding=\"async\" width=\"474\" height=\"265\" src=\"https:\/\/hi-nd.com\/wp-content\/uploads\/2023\/10\/vardekedja.jpeg\" class=\"attachment-large size-large\" alt=\"value chain\" srcset=\"https:\/\/hi-nd.com\/wp-content\/uploads\/2023\/10\/vardekedja.jpeg 474w, https:\/\/hi-nd.com\/wp-content\/uploads\/2023\/10\/vardekedja-300x168.jpeg 300w\" sizes=\"auto, (max-width: 474px) 100vw, 474px\" \/>\t\t\t\t\t\t\n\t\t\t\t\t<\/div>\n\t\t\t\t\t\t\t\t\n<style>\n#image_2115049937 {\n  width: 100%;\n}\n<\/style>\n\t<\/div>\n\t\n\n\n\t\t<\/div>\n\t\t\t\t\t<\/div>\n\n\t\n\n<\/div>\n\n","protected":false},"excerpt":{"rendered":"","protected":false},"author":5,"featured_media":0,"parent":0,"menu_order":0,"comment_status":"closed","ping_status":"closed","template":"","meta":{"footnotes":""},"class_list":["post-5585","page","type-page","status-publish","hentry"],"yoast_head":"<!-- This site is optimized with the Yoast SEO plugin v27.3 - https:\/\/yoast.com\/product\/yoast-seo-wordpress\/ -->\n<title>\u00c9tica empresarial - HI-ND<\/title>\n<meta name=\"description\" content=\"La \u00e9tica empresarial es una de las principales categor\u00edas con las que trabajamos en nuestra labor de sostenibilidad hacia una cadena de valor sostenible.\" \/>\n<meta name=\"robots\" content=\"index, follow, max-snippet:-1, max-image-preview:large, max-video-preview:-1\" \/>\n<link rel=\"canonical\" href=\"https:\/\/hi-nd.com\/es\/etica-empresarial\/\" \/>\n<meta property=\"og:locale\" content=\"es_ES\" \/>\n<meta property=\"og:type\" content=\"article\" \/>\n<meta property=\"og:title\" content=\"\u00c9tica empresarial - HI-ND\" \/>\n<meta property=\"og:description\" content=\"La \u00e9tica empresarial es una de las principales categor\u00edas con las que trabajamos en nuestra labor de sostenibilidad hacia una cadena de valor sostenible.\" \/>\n<meta property=\"og:url\" content=\"https:\/\/hi-nd.com\/es\/etica-empresarial\/\" \/>\n<meta property=\"og:site_name\" content=\"HI-ND\" \/>\n<meta property=\"article:modified_time\" content=\"2025-02-25T11:37:57+00:00\" \/>\n<meta name=\"twitter:card\" content=\"summary_large_image\" \/>\n<meta name=\"twitter:label1\" content=\"Tiempo de lectura\" \/>\n\t<meta name=\"twitter:data1\" content=\"1 minuto\" \/>\n<script type=\"application\/ld+json\" class=\"yoast-schema-graph\">{\"@context\":\"https:\\\/\\\/schema.org\",\"@graph\":[{\"@type\":\"WebPage\",\"@id\":\"https:\\\/\\\/hi-nd.com\\\/es\\\/etica-empresarial\\\/\",\"url\":\"https:\\\/\\\/hi-nd.com\\\/es\\\/etica-empresarial\\\/\",\"name\":\"\u00c9tica empresarial - HI-ND\",\"isPartOf\":{\"@id\":\"https:\\\/\\\/hi-nd.com\\\/#website\"},\"datePublished\":\"2023-10-11T13:56:16+00:00\",\"dateModified\":\"2025-02-25T11:37:57+00:00\",\"description\":\"La \u00e9tica empresarial es una de las principales categor\u00edas con las que trabajamos en nuestra labor de sostenibilidad hacia una cadena de valor sostenible.\",\"breadcrumb\":{\"@id\":\"https:\\\/\\\/hi-nd.com\\\/es\\\/etica-empresarial\\\/#breadcrumb\"},\"inLanguage\":\"es\",\"potentialAction\":[{\"@type\":\"ReadAction\",\"target\":[\"https:\\\/\\\/hi-nd.com\\\/es\\\/etica-empresarial\\\/\"]}]},{\"@type\":\"BreadcrumbList\",\"@id\":\"https:\\\/\\\/hi-nd.com\\\/es\\\/etica-empresarial\\\/#breadcrumb\",\"itemListElement\":[{\"@type\":\"ListItem\",\"position\":1,\"name\":\"Home\",\"item\":\"https:\\\/\\\/hi-nd.com\\\/es\\\/\"},{\"@type\":\"ListItem\",\"position\":2,\"name\":\"\u00c9tica empresarial\"}]},{\"@type\":\"WebSite\",\"@id\":\"https:\\\/\\\/hi-nd.com\\\/#website\",\"url\":\"https:\\\/\\\/hi-nd.com\\\/\",\"name\":\"HI-ND\",\"description\":\"Mounting Solutions\",\"potentialAction\":[{\"@type\":\"SearchAction\",\"target\":{\"@type\":\"EntryPoint\",\"urlTemplate\":\"https:\\\/\\\/hi-nd.com\\\/?s={search_term_string}\"},\"query-input\":{\"@type\":\"PropertyValueSpecification\",\"valueRequired\":true,\"valueName\":\"search_term_string\"}}],\"inLanguage\":\"es\"}]}<\/script>\n<!-- \/ Yoast SEO plugin. -->","yoast_head_json":{"title":"\u00c9tica empresarial - HI-ND","description":"La \u00e9tica empresarial es una de las principales categor\u00edas con las que trabajamos en nuestra labor de sostenibilidad hacia una cadena de valor sostenible.","robots":{"index":"index","follow":"follow","max-snippet":"max-snippet:-1","max-image-preview":"max-image-preview:large","max-video-preview":"max-video-preview:-1"},"canonical":"https:\/\/hi-nd.com\/es\/etica-empresarial\/","og_locale":"es_ES","og_type":"article","og_title":"\u00c9tica empresarial - HI-ND","og_description":"La \u00e9tica empresarial es una de las principales categor\u00edas con las que trabajamos en nuestra labor de sostenibilidad hacia una cadena de valor sostenible.","og_url":"https:\/\/hi-nd.com\/es\/etica-empresarial\/","og_site_name":"HI-ND","article_modified_time":"2025-02-25T11:37:57+00:00","twitter_card":"summary_large_image","twitter_misc":{"Tiempo de lectura":"1 minuto"},"schema":{"@context":"https:\/\/schema.org","@graph":[{"@type":"WebPage","@id":"https:\/\/hi-nd.com\/es\/etica-empresarial\/","url":"https:\/\/hi-nd.com\/es\/etica-empresarial\/","name":"\u00c9tica empresarial - HI-ND","isPartOf":{"@id":"https:\/\/hi-nd.com\/#website"},"datePublished":"2023-10-11T13:56:16+00:00","dateModified":"2025-02-25T11:37:57+00:00","description":"La \u00e9tica empresarial es una de las principales categor\u00edas con las que trabajamos en nuestra labor de sostenibilidad hacia una cadena de valor sostenible.","breadcrumb":{"@id":"https:\/\/hi-nd.com\/es\/etica-empresarial\/#breadcrumb"},"inLanguage":"es","potentialAction":[{"@type":"ReadAction","target":["https:\/\/hi-nd.com\/es\/etica-empresarial\/"]}]},{"@type":"BreadcrumbList","@id":"https:\/\/hi-nd.com\/es\/etica-empresarial\/#breadcrumb","itemListElement":[{"@type":"ListItem","position":1,"name":"Home","item":"https:\/\/hi-nd.com\/es\/"},{"@type":"ListItem","position":2,"name":"\u00c9tica empresarial"}]},{"@type":"WebSite","@id":"https:\/\/hi-nd.com\/#website","url":"https:\/\/hi-nd.com\/","name":"HI-ND","description":"Mounting Solutions","potentialAction":[{"@type":"SearchAction","target":{"@type":"EntryPoint","urlTemplate":"https:\/\/hi-nd.com\/?s={search_term_string}"},"query-input":{"@type":"PropertyValueSpecification","valueRequired":true,"valueName":"search_term_string"}}],"inLanguage":"es"}]}},"_links":{"self":[{"href":"https:\/\/hi-nd.com\/es\/wp-json\/wp\/v2\/pages\/5585","targetHints":{"allow":["GET"]}}],"collection":[{"href":"https:\/\/hi-nd.com\/es\/wp-json\/wp\/v2\/pages"}],"about":[{"href":"https:\/\/hi-nd.com\/es\/wp-json\/wp\/v2\/types\/page"}],"author":[{"embeddable":true,"href":"https:\/\/hi-nd.com\/es\/wp-json\/wp\/v2\/users\/5"}],"replies":[{"embeddable":true,"href":"https:\/\/hi-nd.com\/es\/wp-json\/wp\/v2\/comments?post=5585"}],"version-history":[{"count":14,"href":"https:\/\/hi-nd.com\/es\/wp-json\/wp\/v2\/pages\/5585\/revisions"}],"predecessor-version":[{"id":8460,"href":"https:\/\/hi-nd.com\/es\/wp-json\/wp\/v2\/pages\/5585\/revisions\/8460"}],"wp:attachment":[{"href":"https:\/\/hi-nd.com\/es\/wp-json\/wp\/v2\/media?parent=5585"}],"curies":[{"name":"wp","href":"https:\/\/api.w.org\/{rel}","templated":true}]}}