{"id":5576,"date":"2023-10-11T14:39:58","date_gmt":"2023-10-11T12:39:58","guid":{"rendered":"https:\/\/hi-nd.com\/medio-ambiente-y-clima\/"},"modified":"2025-02-25T09:21:02","modified_gmt":"2025-02-25T08:21:02","slug":"medio-ambiente-y-clima","status":"publish","type":"page","link":"https:\/\/hi-nd.com\/es\/medio-ambiente-y-clima\/","title":{"rendered":"Medio ambiente y clima"},"content":{"rendered":"\n\t<div id=\"gap-1564761574\" class=\"gap-element clearfix\" style=\"display:block; height:auto;\">\n\t\t\n<style>\n#gap-1564761574 {\n  padding-top: 30px;\n}\n<\/style>\n\t<\/div>\n\t\n\n<div class=\"container section-title-container\" ><h1 class=\"section-title section-title-center\"><b aria-hidden=\"true\"><\/b><span class=\"section-title-main\" >medio ambiente y clima<\/span><b aria-hidden=\"true\"><\/b><\/h1><\/div>\n\n<div class=\"row\"  id=\"row-1114187445\">\n\n\n\t<div id=\"col-14958404\" class=\"col small-12 large-12\"  >\n\t\t\t\t<div class=\"col-inner\"  >\n\t\t\t\n\t\t\t\n\n<p style=\"text-align: center;\">\u00bfC\u00f3mo podemos reducir nuestro impacto negativo sobre el medio ambiente y el clima? Hemos reconocido dos factores principales en los que tenemos el mayor impacto negativo: <strong>los transportes<\/strong> y la <strong>producci\u00f3n de acero <\/strong>necesaria para nuestros productos.&nbsp;<\/p>\n\n\t\t<\/div>\n\t\t\t\t\t<\/div>\n\n\t\n\n<\/div>\n<div class=\"container section-title-container\" ><h2 class=\"section-title section-title-center\"><b aria-hidden=\"true\"><\/b><span class=\"section-title-main\" >impacto en el clima<\/span><b aria-hidden=\"true\"><\/b><\/h2><\/div>\n\n<div class=\"row\"  id=\"row-2106830248\">\n\n\n\t<div id=\"col-1950150262\" class=\"col medium-8 small-12 large-8\"  >\n\t\t\t\t<div class=\"col-inner\"  >\n\t\t\t\n\t\t\t\n\n<p>Para tener un mejor control y conocimiento de la producci\u00f3n, hemos optado por recurrir \u00fanicamente a productores de la Uni\u00f3n Europea, la mayor\u00eda de ellos en Suecia. Por la misma raz\u00f3n y debido al impacto clim\u00e1tico negativo en el transporte mar\u00edtimo, ya no encargamos ning\u00fan producto a China.<\/p>\n<p>Seg\u00fan nuestras estimaciones, las emisiones del transporte disminuyen un 80% si se env\u00eda desde Lituania en lugar de China.  <\/p>\n<p>Hoy vendemos y enviamos todos nuestros productos dentro de la Uni\u00f3n Europea. Nuestro principal mercado son los pa\u00edses n\u00f3rdicos, pero estamos creciendo en Europa central y tenemos distribuidores en Alemania y el Benelux. Tambi\u00e9n tenemos producci\u00f3n en Murcia, Espa\u00f1a, para todos los pedidos dentro de Espa\u00f1a.<\/p>\n<p><em><strong>  <\/strong><\/em><\/p>\n<p><em><strong>  \u00bfQuiere participar en la creaci\u00f3n de una empresa m\u00e1s sostenible?  <\/strong><\/em><\/p>\n<p> <em>\n  <strong> &#8211; <\/strong>\n<\/em>Haga su pedido con tiempo para ayudarnos a evitar entregas r\u00e1pidas innecesarias. Ayudarnos a evitar una entrega r\u00e1pida en coche m\u00e1s peque\u00f1o en realidad ayuda a ahorrar alrededor del 80% del CO2 en comparaci\u00f3n con una entrega en cami\u00f3n bien planificada.<\/p>\n\n\t\t<\/div>\n\t\t\t\t\t<\/div>\n\n\t\n\n\t<div id=\"col-823494779\" class=\"col medium-4 small-12 large-4\"  >\n\t\t\t\t<div class=\"col-inner\"  >\n\t\t\t\n\t\t\t\n\n\t<div class=\"img has-hover x md-x lg-x y md-y lg-y\" id=\"image_1420160956\">\n\t\t\t\t\t\t\t\t<div class=\"img-inner dark\" >\n\t\t\t<img loading=\"lazy\" decoding=\"async\" width=\"1020\" height=\"1011\" src=\"https:\/\/hi-nd.com\/wp-content\/uploads\/2024\/02\/Gron-transport-750x750-1-1024x1015.jpg\" class=\"attachment-large size-large\" alt=\"climate transport\" srcset=\"https:\/\/hi-nd.com\/wp-content\/uploads\/2024\/02\/Gron-transport-750x750-1-1024x1015.jpg 1024w, https:\/\/hi-nd.com\/wp-content\/uploads\/2024\/02\/Gron-transport-750x750-1-300x297.jpg 300w, https:\/\/hi-nd.com\/wp-content\/uploads\/2024\/02\/Gron-transport-750x750-1-150x150.jpg 150w, https:\/\/hi-nd.com\/wp-content\/uploads\/2024\/02\/Gron-transport-750x750-1-768x762.jpg 768w, https:\/\/hi-nd.com\/wp-content\/uploads\/2024\/02\/Gron-transport-750x750-1-1536x1523.jpg 1536w, https:\/\/hi-nd.com\/wp-content\/uploads\/2024\/02\/Gron-transport-750x750-1-2048x2031.jpg 2048w, https:\/\/hi-nd.com\/wp-content\/uploads\/2024\/02\/Gron-transport-750x750-1-750x744.jpg 750w, https:\/\/hi-nd.com\/wp-content\/uploads\/2024\/02\/Gron-transport-750x750-1-100x100.jpg 100w\" sizes=\"auto, (max-width: 1020px) 100vw, 1020px\" \/>\t\t\t\t\t\t\n\t\t\t\t\t<\/div>\n\t\t\t\t\t\t\t\t\n<style>\n#image_1420160956 {\n  width: 100%;\n}\n<\/style>\n\t<\/div>\n\t\n\n\n\t\t<\/div>\n\t\t\t\t\t<\/div>\n\n\t\n\n<\/div>\n<div class=\"container section-title-container\" ><h2 class=\"section-title section-title-center\"><b aria-hidden=\"true\"><\/b><span class=\"section-title-main\" >uso sostenible de los recursos<\/span><b aria-hidden=\"true\"><\/b><\/h2><\/div>\n\n<div class=\"row\"  id=\"row-1883138996\">\n\n\n\t<div id=\"col-1360629945\" class=\"col medium-4 small-12 large-4\"  >\n\t\t\t\t<div class=\"col-inner\"  >\n\t\t\t\n\t\t\t\n\n\t<div class=\"img has-hover x md-x lg-x y md-y lg-y\" id=\"image_1329305717\">\n\t\t\t\t\t\t\t\t<div class=\"img-inner dark\" >\n\t\t\t<img loading=\"lazy\" decoding=\"async\" width=\"877\" height=\"801\" src=\"https:\/\/hi-nd.com\/wp-content\/uploads\/2023\/10\/orwak-883x1024-1.png\" class=\"attachment-large size-large\" alt=\"\" srcset=\"https:\/\/hi-nd.com\/wp-content\/uploads\/2023\/10\/orwak-883x1024-1.png 877w, https:\/\/hi-nd.com\/wp-content\/uploads\/2023\/10\/orwak-883x1024-1-300x274.png 300w, https:\/\/hi-nd.com\/wp-content\/uploads\/2023\/10\/orwak-883x1024-1-768x701.png 768w, https:\/\/hi-nd.com\/wp-content\/uploads\/2023\/10\/orwak-883x1024-1-750x685.png 750w\" sizes=\"auto, (max-width: 877px) 100vw, 877px\" \/>\t\t\t\t\t\t\n\t\t\t\t\t<\/div>\n\t\t\t\t\t\t\t\t\n<style>\n#image_1329305717 {\n  width: 100%;\n}\n<\/style>\n\t<\/div>\n\t\n\n\n\t\t<\/div>\n\t\t\t\t\t<\/div>\n\n\t\n\n\t<div id=\"col-1797894991\" class=\"col medium-8 small-12 large-8\"  >\n\t\t\t\t<div class=\"col-inner\"  >\n\t\t\t\n\t\t\t\n\n<p>Dise\u00f1amos todos nuestros productos y en el proceso de dise\u00f1o nos centramos constantemente en hacer un uso sostenible de los productos. Por ejemplo;<\/p>\n<ul>\n<li>en la producci\u00f3n optimizamos las chapas de acero para evitar desperdicios<\/li>\n<li>intentamos crear soluciones universales de nuestros productos para que se adapten a m\u00e1s pantallas<\/li>\n<li>eliminamos en la medida de lo posible el material innecesario de los productos, como los ventiladores  <\/li>\n<li>Todos los cartones, pl\u00e1sticos y envoltorios que recibimos los comprimimos en una prensa de balas. Despu\u00e9s, una empresa de reciclaje nos lo recoge.<\/li>\n<\/ul>\n\n\t\t<\/div>\n\t\t\t\t\t<\/div>\n\n\t\n\n<\/div>\n<div class=\"container section-title-container\" ><h2 class=\"section-title section-title-center\"><b aria-hidden=\"true\"><\/b><span class=\"section-title-main\" >elecci\u00f3n del material<\/span><b aria-hidden=\"true\"><\/b><\/h2><\/div>\n\n<div class=\"row\"  id=\"row-1418175380\">\n\n\n\t<div id=\"col-284936627\" class=\"col medium-8 small-12 large-8\"  >\n\t\t\t\t<div class=\"col-inner\"  >\n\t\t\t\n\t\t\t\n\n<p>La mayor\u00eda de nuestros productos contienen diversas cantidades de acero. El acero es uno de los materiales m\u00e1s reciclados, pero debido a su largo ciclo de vida no hay suficiente acero reciclado disponible para cubrir la demanda del mercado. El acero reciclado existente se considera un producto de primera calidad y, por tanto, se ofrece a un precio m\u00e1s elevado. SSAB est\u00e1 empezando a desarrollar acero producido sin combustibles f\u00f3siles, y el objetivo es estar 100% libre de combustibles f\u00f3siles en 2045. Nuestro objetivo es empezar a utilizar acero libre de f\u00f3siles en cuanto est\u00e9 disponible en el mercado y, mientras tanto, poder ofrecer acero reciclado a los clientes interesados.<\/p>\n<p>En cuanto a las cubiertas protectoras utilizadas para todos los productos, utilizamos vidrio o pl\u00e1stico en funci\u00f3n de la finalidad del cliente. Hay pros y contras para ambos, y son apropiados en ocasiones diferentes. Sin embargo, la cubierta de cristal tiene una huella de carbono por m2 inferior a la de pl\u00e1stico, incluso teniendo en cuenta el peso. La elecci\u00f3n de la cobertura corresponde al cliente, pero preferimos informarle antes de tomar la decisi\u00f3n.<\/p>\n\n\t\t<\/div>\n\t\t\t\t\t<\/div>\n\n\t\n\n\t<div id=\"col-1350826208\" class=\"col medium-4 small-12 large-4\"  >\n\t\t\t\t<div class=\"col-inner\"  >\n\t\t\t\n\t\t\t\n\n\t<div class=\"img has-hover x md-x lg-x y md-y lg-y\" id=\"image_531310680\">\n\t\t\t\t\t\t\t\t<div class=\"img-inner dark\" >\n\t\t\t<img loading=\"lazy\" decoding=\"async\" width=\"1010\" height=\"809\" src=\"https:\/\/hi-nd.com\/wp-content\/uploads\/2023\/10\/Vagror_plat.png\" class=\"attachment-large size-large\" alt=\"\" srcset=\"https:\/\/hi-nd.com\/wp-content\/uploads\/2023\/10\/Vagror_plat.png 1010w, https:\/\/hi-nd.com\/wp-content\/uploads\/2023\/10\/Vagror_plat-300x240.png 300w, https:\/\/hi-nd.com\/wp-content\/uploads\/2023\/10\/Vagror_plat-768x615.png 768w, https:\/\/hi-nd.com\/wp-content\/uploads\/2023\/10\/Vagror_plat-750x601.png 750w\" sizes=\"auto, (max-width: 1010px) 100vw, 1010px\" \/>\t\t\t\t\t\t\n\t\t\t\t\t<\/div>\n\t\t\t\t\t\t\t\t\n<style>\n#image_531310680 {\n  width: 100%;\n}\n<\/style>\n\t<\/div>\n\t\n\n\n\t\t<\/div>\n\t\t\t\t\t<\/div>\n\n\t\n\n<\/div>\n\n","protected":false},"excerpt":{"rendered":"","protected":false},"author":5,"featured_media":0,"parent":0,"menu_order":0,"comment_status":"closed","ping_status":"closed","template":"","meta":{"footnotes":""},"class_list":["post-5576","page","type-page","status-publish","hentry"],"yoast_head":"<!-- This site is optimized with the Yoast SEO plugin v27.3 - https:\/\/yoast.com\/product\/yoast-seo-wordpress\/ -->\n<title>Medio ambiente y clima - HI-ND<\/title>\n<meta name=\"description\" content=\"Nuestro objetivo es tener el menor impacto negativo posible en el clima y el medio ambiente. Hay dos factores en los que incidimos m\u00e1s.\" \/>\n<meta name=\"robots\" content=\"index, follow, max-snippet:-1, max-image-preview:large, max-video-preview:-1\" \/>\n<link rel=\"canonical\" href=\"https:\/\/hi-nd.com\/es\/medio-ambiente-y-clima\/\" \/>\n<meta property=\"og:locale\" content=\"es_ES\" \/>\n<meta property=\"og:type\" content=\"article\" \/>\n<meta property=\"og:title\" content=\"Medio ambiente y clima - HI-ND\" \/>\n<meta property=\"og:description\" content=\"Nuestro objetivo es tener el menor impacto negativo posible en el clima y el medio ambiente. Hay dos factores en los que incidimos m\u00e1s.\" \/>\n<meta property=\"og:url\" content=\"https:\/\/hi-nd.com\/es\/medio-ambiente-y-clima\/\" \/>\n<meta property=\"og:site_name\" content=\"HI-ND\" \/>\n<meta property=\"article:modified_time\" content=\"2025-02-25T08:21:02+00:00\" \/>\n<meta name=\"twitter:card\" content=\"summary_large_image\" \/>\n<meta name=\"twitter:label1\" content=\"Tiempo de lectura\" \/>\n\t<meta name=\"twitter:data1\" content=\"3 minutos\" \/>\n<script type=\"application\/ld+json\" class=\"yoast-schema-graph\">{\"@context\":\"https:\\\/\\\/schema.org\",\"@graph\":[{\"@type\":\"WebPage\",\"@id\":\"https:\\\/\\\/hi-nd.com\\\/es\\\/medio-ambiente-y-clima\\\/\",\"url\":\"https:\\\/\\\/hi-nd.com\\\/es\\\/medio-ambiente-y-clima\\\/\",\"name\":\"Medio ambiente y clima - HI-ND\",\"isPartOf\":{\"@id\":\"https:\\\/\\\/hi-nd.com\\\/#website\"},\"datePublished\":\"2023-10-11T12:39:58+00:00\",\"dateModified\":\"2025-02-25T08:21:02+00:00\",\"description\":\"Nuestro objetivo es tener el menor impacto negativo posible en el clima y el medio ambiente. Hay dos factores en los que incidimos m\u00e1s.\",\"breadcrumb\":{\"@id\":\"https:\\\/\\\/hi-nd.com\\\/es\\\/medio-ambiente-y-clima\\\/#breadcrumb\"},\"inLanguage\":\"es\",\"potentialAction\":[{\"@type\":\"ReadAction\",\"target\":[\"https:\\\/\\\/hi-nd.com\\\/es\\\/medio-ambiente-y-clima\\\/\"]}]},{\"@type\":\"BreadcrumbList\",\"@id\":\"https:\\\/\\\/hi-nd.com\\\/es\\\/medio-ambiente-y-clima\\\/#breadcrumb\",\"itemListElement\":[{\"@type\":\"ListItem\",\"position\":1,\"name\":\"Home\",\"item\":\"https:\\\/\\\/hi-nd.com\\\/es\\\/\"},{\"@type\":\"ListItem\",\"position\":2,\"name\":\"Medio ambiente y clima\"}]},{\"@type\":\"WebSite\",\"@id\":\"https:\\\/\\\/hi-nd.com\\\/#website\",\"url\":\"https:\\\/\\\/hi-nd.com\\\/\",\"name\":\"HI-ND\",\"description\":\"Mounting Solutions\",\"potentialAction\":[{\"@type\":\"SearchAction\",\"target\":{\"@type\":\"EntryPoint\",\"urlTemplate\":\"https:\\\/\\\/hi-nd.com\\\/?s={search_term_string}\"},\"query-input\":{\"@type\":\"PropertyValueSpecification\",\"valueRequired\":true,\"valueName\":\"search_term_string\"}}],\"inLanguage\":\"es\"}]}<\/script>\n<!-- \/ Yoast SEO plugin. -->","yoast_head_json":{"title":"Medio ambiente y clima - HI-ND","description":"Nuestro objetivo es tener el menor impacto negativo posible en el clima y el medio ambiente. Hay dos factores en los que incidimos m\u00e1s.","robots":{"index":"index","follow":"follow","max-snippet":"max-snippet:-1","max-image-preview":"max-image-preview:large","max-video-preview":"max-video-preview:-1"},"canonical":"https:\/\/hi-nd.com\/es\/medio-ambiente-y-clima\/","og_locale":"es_ES","og_type":"article","og_title":"Medio ambiente y clima - HI-ND","og_description":"Nuestro objetivo es tener el menor impacto negativo posible en el clima y el medio ambiente. Hay dos factores en los que incidimos m\u00e1s.","og_url":"https:\/\/hi-nd.com\/es\/medio-ambiente-y-clima\/","og_site_name":"HI-ND","article_modified_time":"2025-02-25T08:21:02+00:00","twitter_card":"summary_large_image","twitter_misc":{"Tiempo de lectura":"3 minutos"},"schema":{"@context":"https:\/\/schema.org","@graph":[{"@type":"WebPage","@id":"https:\/\/hi-nd.com\/es\/medio-ambiente-y-clima\/","url":"https:\/\/hi-nd.com\/es\/medio-ambiente-y-clima\/","name":"Medio ambiente y clima - HI-ND","isPartOf":{"@id":"https:\/\/hi-nd.com\/#website"},"datePublished":"2023-10-11T12:39:58+00:00","dateModified":"2025-02-25T08:21:02+00:00","description":"Nuestro objetivo es tener el menor impacto negativo posible en el clima y el medio ambiente. Hay dos factores en los que incidimos m\u00e1s.","breadcrumb":{"@id":"https:\/\/hi-nd.com\/es\/medio-ambiente-y-clima\/#breadcrumb"},"inLanguage":"es","potentialAction":[{"@type":"ReadAction","target":["https:\/\/hi-nd.com\/es\/medio-ambiente-y-clima\/"]}]},{"@type":"BreadcrumbList","@id":"https:\/\/hi-nd.com\/es\/medio-ambiente-y-clima\/#breadcrumb","itemListElement":[{"@type":"ListItem","position":1,"name":"Home","item":"https:\/\/hi-nd.com\/es\/"},{"@type":"ListItem","position":2,"name":"Medio ambiente y clima"}]},{"@type":"WebSite","@id":"https:\/\/hi-nd.com\/#website","url":"https:\/\/hi-nd.com\/","name":"HI-ND","description":"Mounting Solutions","potentialAction":[{"@type":"SearchAction","target":{"@type":"EntryPoint","urlTemplate":"https:\/\/hi-nd.com\/?s={search_term_string}"},"query-input":{"@type":"PropertyValueSpecification","valueRequired":true,"valueName":"search_term_string"}}],"inLanguage":"es"}]}},"_links":{"self":[{"href":"https:\/\/hi-nd.com\/es\/wp-json\/wp\/v2\/pages\/5576","targetHints":{"allow":["GET"]}}],"collection":[{"href":"https:\/\/hi-nd.com\/es\/wp-json\/wp\/v2\/pages"}],"about":[{"href":"https:\/\/hi-nd.com\/es\/wp-json\/wp\/v2\/types\/page"}],"author":[{"embeddable":true,"href":"https:\/\/hi-nd.com\/es\/wp-json\/wp\/v2\/users\/5"}],"replies":[{"embeddable":true,"href":"https:\/\/hi-nd.com\/es\/wp-json\/wp\/v2\/comments?post=5576"}],"version-history":[{"count":9,"href":"https:\/\/hi-nd.com\/es\/wp-json\/wp\/v2\/pages\/5576\/revisions"}],"predecessor-version":[{"id":8427,"href":"https:\/\/hi-nd.com\/es\/wp-json\/wp\/v2\/pages\/5576\/revisions\/8427"}],"wp:attachment":[{"href":"https:\/\/hi-nd.com\/es\/wp-json\/wp\/v2\/media?parent=5576"}],"curies":[{"name":"wp","href":"https:\/\/api.w.org\/{rel}","templated":true}]}}