{"id":5562,"date":"2023-11-16T13:24:13","date_gmt":"2023-11-16T12:24:13","guid":{"rendered":"https:\/\/hi-nd.com\/sala-de-exposiciones\/"},"modified":"2024-01-05T15:00:49","modified_gmt":"2024-01-05T14:00:49","slug":"sala-de-exposiciones","status":"publish","type":"page","link":"https:\/\/hi-nd.com\/es\/sala-de-exposiciones\/","title":{"rendered":"Sala de exposiciones"},"content":{"rendered":"\n\n\t<section class=\"section\" id=\"section_1299877837\">\n\t\t<div class=\"section-bg fill\" >\n\t\t\t\t\t\t\t\t\t<div class=\"section-bg-overlay absolute fill\"><\/div>\n\t\t\t\n\n\t\t<\/div>\n\n\t\t\n\n\t\t<div class=\"section-content relative\">\n\t\t\t\n\n\t<div id=\"gap-1036895476\" class=\"gap-element clearfix\" style=\"display:block; height:auto;\">\n\t\t\n<style>\n#gap-1036895476 {\n  padding-top: 30px;\n}\n<\/style>\n\t<\/div>\n\t\n\n<div class=\"container section-title-container\" ><h3 class=\"section-title section-title-center\"><b aria-hidden=\"true\"><\/b><span class=\"section-title-main\" >Sala de exposiciones<\/span><b aria-hidden=\"true\"><\/b><\/h3><\/div>\n\n<div class=\"row row-collapse row-full-width align-middle\"  id=\"row-1035573681\">\n\n\n\t<div id=\"col-1492059198\" class=\"col medium-6 small-12 large-6\"  >\n\t\t\t\t<div class=\"col-inner text-center\"  >\n\t\t\t\n\t\t\t\n\n\t<div id=\"text-774655730\" class=\"text\">\n\t\t\n\n<p>\u00a0<\/p>\n<h2>Visite nuestra sala de exposiciones<\/h2>\n<p>\u00bfNecesitas ponerse en contacto con nosotros? Ll\u00e1manos al<br \/>\n+46 866 777 00 para concertar una visita a nuestra sala de exposiciones de Tullinge, donde mostramos muchos de nuestros productos. Aqu\u00ed citamos algunos ejemplos de lo que puede encontrar:<\/p>\n<ul>\n<li style=\"text-align: left;\">M\u00f3dulos LED<\/li>\n<li style=\"text-align: left;\">T\u00f3tem est\u00e1ndar<\/li>\n<li style=\"text-align: left;\">T\u00f3tem exclusivo<\/li>\n<li style=\"text-align: left;\">Revestimiento de techo<\/li>\n<li style=\"text-align: left;\">Revestimiento de pared<\/li>\n<li style=\"text-align: left;\">Revestimiento exterior de pared<\/li>\n<li style=\"text-align: left;\">Toque de pie<\/li>\n<li style=\"text-align: left;\">Cristal de pie con carcasa<\/li>\n<\/ul>\n<p>\u00a0<\/p>\n\t\t\n<style>\n#text-774655730 {\n  font-size: 0.85rem;\n  line-height: 1.4;\n}\n<\/style>\n\t<\/div>\n\t\n\n\t\t<\/div>\n\t\t\t\t\n<style>\n#col-1492059198 > .col-inner {\n  padding: 10% 10% 10% 10%;\n  max-width: 520px;\n}\n<\/style>\n\t<\/div>\n\n\t\n\n\t<div id=\"col-1511632245\" class=\"col medium-6 small-12 large-6\"  >\n\t\t\t\t<div class=\"col-inner\"  >\n\t\t\t\n\t\t\t\n\n\t<div class=\"img has-hover x md-x lg-x y md-y lg-y\" id=\"image_1072305130\">\n\t\t\t\t\t\t\t\t<div class=\"img-inner dark\" >\n\t\t\t<img loading=\"lazy\" decoding=\"async\" width=\"768\" height=\"606\" src=\"https:\/\/hi-nd.com\/wp-content\/uploads\/2023\/11\/showroom-768x606.png\" class=\"attachment-medium_large size-medium_large\" alt=\"showroom\" srcset=\"https:\/\/hi-nd.com\/wp-content\/uploads\/2023\/11\/showroom-768x606.png 768w, https:\/\/hi-nd.com\/wp-content\/uploads\/2023\/11\/showroom-300x237.png 300w, https:\/\/hi-nd.com\/wp-content\/uploads\/2023\/11\/showroom-1024x807.png 1024w, https:\/\/hi-nd.com\/wp-content\/uploads\/2023\/11\/showroom-1536x1211.png 1536w, https:\/\/hi-nd.com\/wp-content\/uploads\/2023\/11\/showroom-2048x1615.png 2048w, https:\/\/hi-nd.com\/wp-content\/uploads\/2023\/11\/showroom-750x591.png 750w\" sizes=\"auto, (max-width: 768px) 100vw, 768px\" \/>\t\t\t\t\t\t\n\t\t\t\t\t<\/div>\n\t\t\t\t\t\t\t\t\n<style>\n#image_1072305130 {\n  width: 69%;\n}\n<\/style>\n\t<\/div>\n\t\n\n\n\t\t<\/div>\n\t\t\t\t\t<\/div>\n\n\t\n\n<\/div>\n\n\t\t<\/div>\n\n\t\t\n<style>\n#section_1299877837 {\n  padding-top: 0px;\n  padding-bottom: 0px;\n  background-color: rgb(247, 247, 247);\n}\n#section_1299877837 .section-bg-overlay {\n  background-color: rgba(255, 255, 255, 0.85);\n}\n<\/style>\n\t<\/section>\n\t\n\n","protected":false},"excerpt":{"rendered":"","protected":false},"author":5,"featured_media":0,"parent":0,"menu_order":0,"comment_status":"closed","ping_status":"closed","template":"","meta":{"footnotes":""},"class_list":["post-5562","page","type-page","status-publish","hentry"],"yoast_head":"<!-- This site is optimized with the Yoast SEO plugin v27.4 - https:\/\/yoast.com\/product\/yoast-seo-wordpress\/ -->\n<title>Sala de exposiciones - HI-ND<\/title>\n<meta name=\"description\" content=\"Visite nuestra sala de exposiciones de Tullinge para ver nuestros productos de se\u00f1alizaci\u00f3n digital en directo. P\u00f3ngase en contacto con nosotros para obtener una lista completa de los productos mostrados.\" \/>\n<meta name=\"robots\" content=\"index, follow, max-snippet:-1, max-image-preview:large, max-video-preview:-1\" \/>\n<link rel=\"canonical\" href=\"https:\/\/hi-nd.com\/es\/sala-de-exposiciones\/\" \/>\n<meta property=\"og:locale\" content=\"es_ES\" \/>\n<meta property=\"og:type\" content=\"article\" \/>\n<meta property=\"og:title\" content=\"Sala de exposiciones - HI-ND\" \/>\n<meta property=\"og:description\" content=\"Visite nuestra sala de exposiciones de Tullinge para ver nuestros productos de se\u00f1alizaci\u00f3n digital en directo. P\u00f3ngase en contacto con nosotros para obtener una lista completa de los productos mostrados.\" \/>\n<meta property=\"og:url\" content=\"https:\/\/hi-nd.com\/es\/sala-de-exposiciones\/\" \/>\n<meta property=\"og:site_name\" content=\"HI-ND\" \/>\n<meta property=\"article:modified_time\" content=\"2024-01-05T14:00:49+00:00\" \/>\n<meta name=\"twitter:card\" content=\"summary_large_image\" \/>\n<meta name=\"twitter:label1\" content=\"Tiempo de lectura\" \/>\n\t<meta name=\"twitter:data1\" content=\"1 minuto\" \/>\n<script type=\"application\/ld+json\" class=\"yoast-schema-graph\">{\"@context\":\"https:\\\/\\\/schema.org\",\"@graph\":[{\"@type\":\"WebPage\",\"@id\":\"https:\\\/\\\/hi-nd.com\\\/es\\\/sala-de-exposiciones\\\/\",\"url\":\"https:\\\/\\\/hi-nd.com\\\/es\\\/sala-de-exposiciones\\\/\",\"name\":\"Sala de exposiciones - HI-ND\",\"isPartOf\":{\"@id\":\"https:\\\/\\\/hi-nd.com\\\/#website\"},\"datePublished\":\"2023-11-16T12:24:13+00:00\",\"dateModified\":\"2024-01-05T14:00:49+00:00\",\"description\":\"Visite nuestra sala de exposiciones de Tullinge para ver nuestros productos de se\u00f1alizaci\u00f3n digital en directo. P\u00f3ngase en contacto con nosotros para obtener una lista completa de los productos mostrados.\",\"breadcrumb\":{\"@id\":\"https:\\\/\\\/hi-nd.com\\\/es\\\/sala-de-exposiciones\\\/#breadcrumb\"},\"inLanguage\":\"es\",\"potentialAction\":[{\"@type\":\"ReadAction\",\"target\":[\"https:\\\/\\\/hi-nd.com\\\/es\\\/sala-de-exposiciones\\\/\"]}]},{\"@type\":\"BreadcrumbList\",\"@id\":\"https:\\\/\\\/hi-nd.com\\\/es\\\/sala-de-exposiciones\\\/#breadcrumb\",\"itemListElement\":[{\"@type\":\"ListItem\",\"position\":1,\"name\":\"Home\",\"item\":\"https:\\\/\\\/hi-nd.com\\\/es\\\/\"},{\"@type\":\"ListItem\",\"position\":2,\"name\":\"Sala de exposiciones\"}]},{\"@type\":\"WebSite\",\"@id\":\"https:\\\/\\\/hi-nd.com\\\/#website\",\"url\":\"https:\\\/\\\/hi-nd.com\\\/\",\"name\":\"HI-ND\",\"description\":\"Mounting Solutions\",\"potentialAction\":[{\"@type\":\"SearchAction\",\"target\":{\"@type\":\"EntryPoint\",\"urlTemplate\":\"https:\\\/\\\/hi-nd.com\\\/?s={search_term_string}\"},\"query-input\":{\"@type\":\"PropertyValueSpecification\",\"valueRequired\":true,\"valueName\":\"search_term_string\"}}],\"inLanguage\":\"es\"}]}<\/script>\n<!-- \/ Yoast SEO plugin. -->","yoast_head_json":{"title":"Sala de exposiciones - HI-ND","description":"Visite nuestra sala de exposiciones de Tullinge para ver nuestros productos de se\u00f1alizaci\u00f3n digital en directo. P\u00f3ngase en contacto con nosotros para obtener una lista completa de los productos mostrados.","robots":{"index":"index","follow":"follow","max-snippet":"max-snippet:-1","max-image-preview":"max-image-preview:large","max-video-preview":"max-video-preview:-1"},"canonical":"https:\/\/hi-nd.com\/es\/sala-de-exposiciones\/","og_locale":"es_ES","og_type":"article","og_title":"Sala de exposiciones - HI-ND","og_description":"Visite nuestra sala de exposiciones de Tullinge para ver nuestros productos de se\u00f1alizaci\u00f3n digital en directo. P\u00f3ngase en contacto con nosotros para obtener una lista completa de los productos mostrados.","og_url":"https:\/\/hi-nd.com\/es\/sala-de-exposiciones\/","og_site_name":"HI-ND","article_modified_time":"2024-01-05T14:00:49+00:00","twitter_card":"summary_large_image","twitter_misc":{"Tiempo de lectura":"1 minuto"},"schema":{"@context":"https:\/\/schema.org","@graph":[{"@type":"WebPage","@id":"https:\/\/hi-nd.com\/es\/sala-de-exposiciones\/","url":"https:\/\/hi-nd.com\/es\/sala-de-exposiciones\/","name":"Sala de exposiciones - HI-ND","isPartOf":{"@id":"https:\/\/hi-nd.com\/#website"},"datePublished":"2023-11-16T12:24:13+00:00","dateModified":"2024-01-05T14:00:49+00:00","description":"Visite nuestra sala de exposiciones de Tullinge para ver nuestros productos de se\u00f1alizaci\u00f3n digital en directo. P\u00f3ngase en contacto con nosotros para obtener una lista completa de los productos mostrados.","breadcrumb":{"@id":"https:\/\/hi-nd.com\/es\/sala-de-exposiciones\/#breadcrumb"},"inLanguage":"es","potentialAction":[{"@type":"ReadAction","target":["https:\/\/hi-nd.com\/es\/sala-de-exposiciones\/"]}]},{"@type":"BreadcrumbList","@id":"https:\/\/hi-nd.com\/es\/sala-de-exposiciones\/#breadcrumb","itemListElement":[{"@type":"ListItem","position":1,"name":"Home","item":"https:\/\/hi-nd.com\/es\/"},{"@type":"ListItem","position":2,"name":"Sala de exposiciones"}]},{"@type":"WebSite","@id":"https:\/\/hi-nd.com\/#website","url":"https:\/\/hi-nd.com\/","name":"HI-ND","description":"Mounting Solutions","potentialAction":[{"@type":"SearchAction","target":{"@type":"EntryPoint","urlTemplate":"https:\/\/hi-nd.com\/?s={search_term_string}"},"query-input":{"@type":"PropertyValueSpecification","valueRequired":true,"valueName":"search_term_string"}}],"inLanguage":"es"}]}},"_links":{"self":[{"href":"https:\/\/hi-nd.com\/es\/wp-json\/wp\/v2\/pages\/5562","targetHints":{"allow":["GET"]}}],"collection":[{"href":"https:\/\/hi-nd.com\/es\/wp-json\/wp\/v2\/pages"}],"about":[{"href":"https:\/\/hi-nd.com\/es\/wp-json\/wp\/v2\/types\/page"}],"author":[{"embeddable":true,"href":"https:\/\/hi-nd.com\/es\/wp-json\/wp\/v2\/users\/5"}],"replies":[{"embeddable":true,"href":"https:\/\/hi-nd.com\/es\/wp-json\/wp\/v2\/comments?post=5562"}],"version-history":[{"count":5,"href":"https:\/\/hi-nd.com\/es\/wp-json\/wp\/v2\/pages\/5562\/revisions"}],"predecessor-version":[{"id":6341,"href":"https:\/\/hi-nd.com\/es\/wp-json\/wp\/v2\/pages\/5562\/revisions\/6341"}],"wp:attachment":[{"href":"https:\/\/hi-nd.com\/es\/wp-json\/wp\/v2\/media?parent=5562"}],"curies":[{"name":"wp","href":"https:\/\/api.w.org\/{rel}","templated":true}]}}