{"id":5530,"date":"2021-10-25T10:23:43","date_gmt":"2021-10-25T08:23:43","guid":{"rendered":"https:\/\/hi-nd.com\/pongase-en-contacto-con\/"},"modified":"2025-03-12T09:00:58","modified_gmt":"2025-03-12T08:00:58","slug":"pongase-en-contacto-con","status":"publish","type":"page","link":"https:\/\/hi-nd.com\/es\/pongase-en-contacto-con\/","title":{"rendered":"P\u00f3ngase en contacto con"},"content":{"rendered":"\n\n  <div class=\"banner has-hover\" id=\"banner-1343970656\">\n          <div class=\"banner-inner fill\">\n        <div class=\"banner-bg fill\" >\n            <img loading=\"lazy\" decoding=\"async\" width=\"900\" height=\"600\" src=\"https:\/\/hi-nd.com\/wp-content\/uploads\/2021\/10\/Image_1_-page_Contact.png\" class=\"bg attachment-original size-original\" alt=\"\" \/>                                    \n                    <\/div>\n\t\t\n        <div class=\"banner-layers container\">\n            <div class=\"fill banner-link\"><\/div>            \n\n   <div id=\"text-box-1697556474\" class=\"text-box banner-layer x50 md-x50 lg-x50 y50 md-y50 lg-y50 res-text\">\n                                <div class=\"text-box-content text dark\">\n              \n              <div class=\"text-inner text-center\">\n                  \n\n\n              <\/div>\n           <\/div>\n                            \n<style>\n#text-box-1697556474 {\n  width: 60%;\n}\n#text-box-1697556474 .text-box-content {\n  font-size: 100%;\n}\n<\/style>\n    <\/div>\n \n\n        <\/div>\n      <\/div>\n\n            \n<style>\n#banner-1343970656 {\n  padding-top: 500px;\n}\n<\/style>\n  <\/div>\n\n\n\t<div id=\"gap-1859882042\" class=\"gap-element clearfix\" style=\"display:block; height:auto;\">\n\t\t\n<style>\n#gap-1859882042 {\n  padding-top: 30px;\n}\n<\/style>\n\t<\/div>\n\t\n\n<div class=\"container section-title-container\" ><h1 class=\"section-title section-title-center\"><b aria-hidden=\"true\"><\/b><span class=\"section-title-main\" >Contact HI-ND<\/span><b aria-hidden=\"true\"><\/b><\/h1><\/div>\n\n<div class=\"row row-collapse row-full-width align-middle\"  id=\"row-620073899\">\n\n\n\t<div id=\"col-1487776743\" class=\"col medium-6 small-12 large-6\"  >\n\t\t\t\t<div class=\"col-inner\"  >\n\t\t\t\n\t\t\t\n\n<h3><strong>Email:<\/strong> <a href=\"mailto:info@hi-nd.se\">info(at)hi-nd.se<\/a><\/h3>\n<p><a href=\"tel:+4686677700\">Call us: +46 8 66 777 00<\/a><\/p>\n<p><a href=\"https:\/\/hi-nd.se\/about-hi-nd\/\">Read more about us here<\/a><\/p>\n\t<div id=\"gap-6779445\" class=\"gap-element clearfix\" style=\"display:block; height:auto;\">\n\t\t\n<style>\n#gap-6779445 {\n  padding-top: 100px;\n}\n<\/style>\n\t<\/div>\n\t\n\n\n\t\t<\/div>\n\t\t\t\t\n<style>\n#col-1487776743 > .col-inner {\n  padding: 5% 5% 5% 5%;\n  max-width: 520px;\n}\n<\/style>\n\t<\/div>\n\n\t\n\n\t<div id=\"col-1013802906\" class=\"col medium-6 small-12 large-6\"  >\n\t\t\t\t<div class=\"col-inner\"  >\n\t\t\t\n\t\t\t\n\n\t<div class=\"img has-hover x md-x lg-x y md-y lg-y\" id=\"image_574592817\">\n\t\t\t\t\t\t\t\t<div class=\"img-inner dark\" >\n\t\t\t<img loading=\"lazy\" decoding=\"async\" width=\"600\" height=\"750\" src=\"https:\/\/hi-nd.com\/wp-content\/uploads\/2021\/10\/Image_2_-page_Contact.png\" class=\"attachment-original size-original\" alt=\"\" srcset=\"https:\/\/hi-nd.com\/wp-content\/uploads\/2021\/10\/Image_2_-page_Contact.png 600w, https:\/\/hi-nd.com\/wp-content\/uploads\/2021\/10\/Image_2_-page_Contact-240x300.png 240w\" sizes=\"auto, (max-width: 600px) 100vw, 600px\" \/>\t\t\t\t\t\t\n\t\t\t\t\t<\/div>\n\t\t\t\t\t\t\t\t\n<style>\n#image_574592817 {\n  width: 100%;\n}\n<\/style>\n\t<\/div>\n\t\n\n\n\t\t<\/div>\n\t\t\t\t\t<\/div>\n\n\t\n\n<\/div>\n\n","protected":false},"excerpt":{"rendered":"","protected":false},"author":1,"featured_media":0,"parent":0,"menu_order":0,"comment_status":"closed","ping_status":"closed","template":"","meta":{"footnotes":""},"class_list":["post-5530","page","type-page","status-publish","hentry"],"yoast_head":"<!-- This site is optimized with the Yoast SEO plugin v27.4 - https:\/\/yoast.com\/product\/yoast-seo-wordpress\/ -->\n<title>P\u00f3ngase en contacto con - HI-ND<\/title>\n<meta name=\"description\" content=\"P\u00f3ngase en contacto con HI-ND info@hi-nd.se o ll\u00e1menos al +46 8 66 777 00. Visite nuestro sitio web https:\/\/hi-nd.com para obtener m\u00e1s informaci\u00f3n.\" \/>\n<meta name=\"robots\" content=\"index, follow, max-snippet:-1, max-image-preview:large, max-video-preview:-1\" \/>\n<link rel=\"canonical\" href=\"https:\/\/hi-nd.com\/es\/pongase-en-contacto-con\/\" \/>\n<meta property=\"og:locale\" content=\"es_ES\" \/>\n<meta property=\"og:type\" content=\"article\" \/>\n<meta property=\"og:title\" content=\"P\u00f3ngase en contacto con - HI-ND\" \/>\n<meta property=\"og:description\" content=\"P\u00f3ngase en contacto con HI-ND info@hi-nd.se o ll\u00e1menos al +46 8 66 777 00. Visite nuestro sitio web https:\/\/hi-nd.com para obtener m\u00e1s informaci\u00f3n.\" \/>\n<meta property=\"og:url\" content=\"https:\/\/hi-nd.com\/es\/pongase-en-contacto-con\/\" \/>\n<meta property=\"og:site_name\" content=\"HI-ND\" \/>\n<meta property=\"article:modified_time\" content=\"2025-03-12T08:00:58+00:00\" \/>\n<meta name=\"twitter:card\" content=\"summary_large_image\" \/>\n<meta name=\"twitter:label1\" content=\"Tiempo de lectura\" \/>\n\t<meta name=\"twitter:data1\" content=\"1 minuto\" \/>\n<script type=\"application\/ld+json\" class=\"yoast-schema-graph\">{\"@context\":\"https:\\\/\\\/schema.org\",\"@graph\":[{\"@type\":\"WebPage\",\"@id\":\"https:\\\/\\\/hi-nd.com\\\/es\\\/pongase-en-contacto-con\\\/\",\"url\":\"https:\\\/\\\/hi-nd.com\\\/es\\\/pongase-en-contacto-con\\\/\",\"name\":\"P\u00f3ngase en contacto con - HI-ND\",\"isPartOf\":{\"@id\":\"https:\\\/\\\/hi-nd.com\\\/#website\"},\"datePublished\":\"2021-10-25T08:23:43+00:00\",\"dateModified\":\"2025-03-12T08:00:58+00:00\",\"description\":\"P\u00f3ngase en contacto con HI-ND info@hi-nd.se o ll\u00e1menos al +46 8 66 777 00. Visite nuestro sitio web https:\\\/\\\/hi-nd.com para obtener m\u00e1s informaci\u00f3n.\",\"breadcrumb\":{\"@id\":\"https:\\\/\\\/hi-nd.com\\\/es\\\/pongase-en-contacto-con\\\/#breadcrumb\"},\"inLanguage\":\"es\",\"potentialAction\":[{\"@type\":\"ReadAction\",\"target\":[\"https:\\\/\\\/hi-nd.com\\\/es\\\/pongase-en-contacto-con\\\/\"]}]},{\"@type\":\"BreadcrumbList\",\"@id\":\"https:\\\/\\\/hi-nd.com\\\/es\\\/pongase-en-contacto-con\\\/#breadcrumb\",\"itemListElement\":[{\"@type\":\"ListItem\",\"position\":1,\"name\":\"Home\",\"item\":\"https:\\\/\\\/hi-nd.com\\\/es\\\/\"},{\"@type\":\"ListItem\",\"position\":2,\"name\":\"P\u00f3ngase en contacto con\"}]},{\"@type\":\"WebSite\",\"@id\":\"https:\\\/\\\/hi-nd.com\\\/#website\",\"url\":\"https:\\\/\\\/hi-nd.com\\\/\",\"name\":\"HI-ND\",\"description\":\"Mounting Solutions\",\"potentialAction\":[{\"@type\":\"SearchAction\",\"target\":{\"@type\":\"EntryPoint\",\"urlTemplate\":\"https:\\\/\\\/hi-nd.com\\\/?s={search_term_string}\"},\"query-input\":{\"@type\":\"PropertyValueSpecification\",\"valueRequired\":true,\"valueName\":\"search_term_string\"}}],\"inLanguage\":\"es\"}]}<\/script>\n<!-- \/ Yoast SEO plugin. -->","yoast_head_json":{"title":"P\u00f3ngase en contacto con - HI-ND","description":"P\u00f3ngase en contacto con HI-ND info@hi-nd.se o ll\u00e1menos al +46 8 66 777 00. Visite nuestro sitio web https:\/\/hi-nd.com para obtener m\u00e1s informaci\u00f3n.","robots":{"index":"index","follow":"follow","max-snippet":"max-snippet:-1","max-image-preview":"max-image-preview:large","max-video-preview":"max-video-preview:-1"},"canonical":"https:\/\/hi-nd.com\/es\/pongase-en-contacto-con\/","og_locale":"es_ES","og_type":"article","og_title":"P\u00f3ngase en contacto con - HI-ND","og_description":"P\u00f3ngase en contacto con HI-ND info@hi-nd.se o ll\u00e1menos al +46 8 66 777 00. Visite nuestro sitio web https:\/\/hi-nd.com para obtener m\u00e1s informaci\u00f3n.","og_url":"https:\/\/hi-nd.com\/es\/pongase-en-contacto-con\/","og_site_name":"HI-ND","article_modified_time":"2025-03-12T08:00:58+00:00","twitter_card":"summary_large_image","twitter_misc":{"Tiempo de lectura":"1 minuto"},"schema":{"@context":"https:\/\/schema.org","@graph":[{"@type":"WebPage","@id":"https:\/\/hi-nd.com\/es\/pongase-en-contacto-con\/","url":"https:\/\/hi-nd.com\/es\/pongase-en-contacto-con\/","name":"P\u00f3ngase en contacto con - HI-ND","isPartOf":{"@id":"https:\/\/hi-nd.com\/#website"},"datePublished":"2021-10-25T08:23:43+00:00","dateModified":"2025-03-12T08:00:58+00:00","description":"P\u00f3ngase en contacto con HI-ND info@hi-nd.se o ll\u00e1menos al +46 8 66 777 00. Visite nuestro sitio web https:\/\/hi-nd.com para obtener m\u00e1s informaci\u00f3n.","breadcrumb":{"@id":"https:\/\/hi-nd.com\/es\/pongase-en-contacto-con\/#breadcrumb"},"inLanguage":"es","potentialAction":[{"@type":"ReadAction","target":["https:\/\/hi-nd.com\/es\/pongase-en-contacto-con\/"]}]},{"@type":"BreadcrumbList","@id":"https:\/\/hi-nd.com\/es\/pongase-en-contacto-con\/#breadcrumb","itemListElement":[{"@type":"ListItem","position":1,"name":"Home","item":"https:\/\/hi-nd.com\/es\/"},{"@type":"ListItem","position":2,"name":"P\u00f3ngase en contacto con"}]},{"@type":"WebSite","@id":"https:\/\/hi-nd.com\/#website","url":"https:\/\/hi-nd.com\/","name":"HI-ND","description":"Mounting Solutions","potentialAction":[{"@type":"SearchAction","target":{"@type":"EntryPoint","urlTemplate":"https:\/\/hi-nd.com\/?s={search_term_string}"},"query-input":{"@type":"PropertyValueSpecification","valueRequired":true,"valueName":"search_term_string"}}],"inLanguage":"es"}]}},"_links":{"self":[{"href":"https:\/\/hi-nd.com\/es\/wp-json\/wp\/v2\/pages\/5530","targetHints":{"allow":["GET"]}}],"collection":[{"href":"https:\/\/hi-nd.com\/es\/wp-json\/wp\/v2\/pages"}],"about":[{"href":"https:\/\/hi-nd.com\/es\/wp-json\/wp\/v2\/types\/page"}],"author":[{"embeddable":true,"href":"https:\/\/hi-nd.com\/es\/wp-json\/wp\/v2\/users\/1"}],"replies":[{"embeddable":true,"href":"https:\/\/hi-nd.com\/es\/wp-json\/wp\/v2\/comments?post=5530"}],"version-history":[{"count":4,"href":"https:\/\/hi-nd.com\/es\/wp-json\/wp\/v2\/pages\/5530\/revisions"}],"predecessor-version":[{"id":8603,"href":"https:\/\/hi-nd.com\/es\/wp-json\/wp\/v2\/pages\/5530\/revisions\/8603"}],"wp:attachment":[{"href":"https:\/\/hi-nd.com\/es\/wp-json\/wp\/v2\/media?parent=5530"}],"curies":[{"name":"wp","href":"https:\/\/api.w.org\/{rel}","templated":true}]}}