{"id":5513,"date":"2022-06-30T14:01:08","date_gmt":"2022-06-30T12:01:08","guid":{"rendered":"https:\/\/hi-nd.com\/restaurantes\/"},"modified":"2024-01-25T14:16:44","modified_gmt":"2024-01-25T13:16:44","slug":"restaurantes","status":"publish","type":"page","link":"https:\/\/hi-nd.com\/es\/restaurantes\/","title":{"rendered":"Restaurantes"},"content":{"rendered":"\n<div class=\"is-divider divider clearfix\" ><\/div>\n\n<div class=\"container section-title-container\" ><h1 class=\"section-title section-title-center\"><b aria-hidden=\"true\"><\/b><span class=\"section-title-main\" >RESTAURANTS<\/span><b aria-hidden=\"true\"><\/b><\/h1><\/div>\n\n  <div class=\"banner-grid-wrapper\">\n  <div id=\"banner-grid-361424583\" class=\"banner-grid row row-grid row-collapse\" data-packery-options=\"\">\n                      \n\n<div class=\"col grid-col large-12 grid-col-2-3\" ><div class=\"col-inner\">\n\n\t<div class=\"img has-hover x md-x lg-x y md-y lg-y\" id=\"image_47093213\">\n\t\t\t\t\t\t\t\t<div class=\"img-inner dark\" >\n\t\t\t<img loading=\"lazy\" decoding=\"async\" width=\"1020\" height=\"574\" src=\"https:\/\/hi-nd.com\/wp-content\/uploads\/2022\/08\/JoeJuice_fotograf-1024x576.jpg\" class=\"attachment-large size-large\" alt=\"videorow\" srcset=\"https:\/\/hi-nd.com\/wp-content\/uploads\/2022\/08\/JoeJuice_fotograf-1024x576.jpg 1024w, https:\/\/hi-nd.com\/wp-content\/uploads\/2022\/08\/JoeJuice_fotograf-750x422.jpg 750w, https:\/\/hi-nd.com\/wp-content\/uploads\/2022\/08\/JoeJuice_fotograf-300x169.jpg 300w, https:\/\/hi-nd.com\/wp-content\/uploads\/2022\/08\/JoeJuice_fotograf-768x432.jpg 768w, https:\/\/hi-nd.com\/wp-content\/uploads\/2022\/08\/JoeJuice_fotograf.jpg 1440w\" sizes=\"auto, (max-width: 1020px) 100vw, 1020px\" \/>\t\t\t\t\t\t\n\t\t\t\t\t<\/div>\n\t\t\t\t\t\t\t\t\n<style>\n#image_47093213 {\n  width: 100%;\n}\n<\/style>\n\t<\/div>\n\t\n\n\n<\/div><\/div>\n<div class=\"col grid-col large-6 grid-col-1\" ><div class=\"col-inner\">\n\n\t<div class=\"img has-hover x md-x lg-x y md-y lg-y\" id=\"image_599842597\">\n\t\t\t\t\t\t\t\t<div class=\"img-inner dark\" >\n\t\t\t<img loading=\"lazy\" decoding=\"async\" width=\"1020\" height=\"680\" src=\"https:\/\/hi-nd.com\/wp-content\/uploads\/2022\/06\/MG_1809-dualiso-1024x683.jpg\" class=\"attachment-large size-large\" alt=\"Digital signage Restaurants\" srcset=\"https:\/\/hi-nd.com\/wp-content\/uploads\/2022\/06\/MG_1809-dualiso-1024x683.jpg 1024w, https:\/\/hi-nd.com\/wp-content\/uploads\/2022\/06\/MG_1809-dualiso-750x500.jpg 750w, https:\/\/hi-nd.com\/wp-content\/uploads\/2022\/06\/MG_1809-dualiso-300x200.jpg 300w, https:\/\/hi-nd.com\/wp-content\/uploads\/2022\/06\/MG_1809-dualiso-768x512.jpg 768w, https:\/\/hi-nd.com\/wp-content\/uploads\/2022\/06\/MG_1809-dualiso-1536x1024.jpg 1536w, https:\/\/hi-nd.com\/wp-content\/uploads\/2022\/06\/MG_1809-dualiso-2048x1365.jpg 2048w\" sizes=\"auto, (max-width: 1020px) 100vw, 1020px\" \/>\t\t\t\t\t\t\n\t\t\t\t\t<\/div>\n\t\t\t\t\t\t\t\t\n<style>\n#image_599842597 {\n  width: 100%;\n}\n<\/style>\n\t<\/div>\n\t\n\n\n<\/div><\/div>\n<div class=\"col grid-col large-6 grid-col-1\" ><div class=\"col-inner\">\n\n\t<div class=\"img has-hover x md-x lg-x y md-y lg-y\" id=\"image_234266364\">\n\t\t\t\t\t\t\t\t<div class=\"img-inner dark\" >\n\t\t\t<img loading=\"lazy\" decoding=\"async\" width=\"683\" height=\"1024\" src=\"https:\/\/hi-nd.com\/wp-content\/uploads\/2022\/08\/MG_1820-dualiso-683x1024.jpg\" class=\"attachment-large size-large\" alt=\"\" srcset=\"https:\/\/hi-nd.com\/wp-content\/uploads\/2022\/08\/MG_1820-dualiso-683x1024.jpg 683w, https:\/\/hi-nd.com\/wp-content\/uploads\/2022\/08\/MG_1820-dualiso-750x1125.jpg 750w, https:\/\/hi-nd.com\/wp-content\/uploads\/2022\/08\/MG_1820-dualiso-200x300.jpg 200w, https:\/\/hi-nd.com\/wp-content\/uploads\/2022\/08\/MG_1820-dualiso-768x1152.jpg 768w, https:\/\/hi-nd.com\/wp-content\/uploads\/2022\/08\/MG_1820-dualiso-1024x1536.jpg 1024w, https:\/\/hi-nd.com\/wp-content\/uploads\/2022\/08\/MG_1820-dualiso-1365x2048.jpg 1365w, https:\/\/hi-nd.com\/wp-content\/uploads\/2022\/08\/MG_1820-dualiso-scaled.jpg 1707w\" sizes=\"auto, (max-width: 683px) 100vw, 683px\" \/>\t\t\t\t\t\t\n\t\t\t\t\t<\/div>\n\t\t\t\t\t\t\t\t\n<style>\n#image_234266364 {\n  width: 100%;\n}\n<\/style>\n\t<\/div>\n\t\n\n\n<\/div><\/div>\n\n            <\/div>\n    <style>\n    #banner-grid-361424583 .grid-col-1{height: 716px}\n    #banner-grid-361424583 .grid-col-1-2{height: 358px}\n    #banner-grid-361424583 .grid-col-1-3{height:238.66666666667px}\n    #banner-grid-361424583 .grid-col-2-3{height: 477.33333333333px}\n    #banner-grid-361424583 .grid-col-1-4{height: 179px}\n    #banner-grid-361424583 .grid-col-3-4{height: 537px}\n\n\n    \n    \n\n  <\/style>\n    <\/div>\n  \n<div class=\"is-divider divider clearfix\" ><\/div>\n\n<div class=\"container section-title-container\" ><h4 class=\"section-title section-title-center\"><b aria-hidden=\"true\"><\/b><span class=\"section-title-main\" >Digital signage for restaurants<\/span><b aria-hidden=\"true\"><\/b><\/h4><\/div>\n\n<div class=\"row\"  id=\"row-737642571\">\n\n\n\t<div id=\"col-1462950641\" class=\"col medium-6 small-12 large-6\"  >\n\t\t\t\t<div class=\"col-inner\"  >\n\t\t\t\n\t\t\t\n\n<p>HI-ND offers a wide range of products in order to increase your digital signage experience. Digital signage is a way to give customers information and to enhance the overall eat out experience and make it\u00a0<\/p>\n\n\t\t<\/div>\n\t\t\t\t\t<\/div>\n\n\t\n\n\t<div id=\"col-1959218662\" class=\"col medium-6 small-12 large-6\"  >\n\t\t\t\t<div class=\"col-inner\"  >\n\t\t\t\n\t\t\t\n\n<p>more engaging. We are cooperating with restaurants as McDonald\u2019s, Joe &amp; the Juice, Vig\u00e5rda, Jureskogs and Bastard Burgers.<\/p>\n\n\t\t<\/div>\n\t\t\t\t\t<\/div>\n\n\t\n\n<\/div>\n\t<div id=\"text-4179464662\" class=\"text\">\n\t\t\n\n<h2>Popular products for restaurants<\/h2>\n\t\t\n<style>\n#text-4179464662 {\n  text-align: center;\n}\n<\/style>\n\t<\/div>\n\t\n<div class=\"row\"  id=\"row-1960162839\">\n\n\n\t<div id=\"col-1280965792\" class=\"col medium-4 small-12 large-4\"  >\n\t\t\t\t<div class=\"col-inner\"  >\n\t\t\t\n\t\t\t\n\n\t<div class=\"box has-hover   has-hover box-text-bottom\" >\n\n\t\t<div class=\"box-image\" >\n\t\t\t<a href=\"https:\/\/hi-nd.com\/product\/wall-casing-easy\/\" >\t\t\t<div class=\"\" >\n\t\t\t\t<img loading=\"lazy\" decoding=\"async\" width=\"750\" height=\"750\" src=\"https:\/\/hi-nd.com\/wp-content\/uploads\/2023\/01\/easy-portrait-black-web.png\" class=\"attachment- size-\" alt=\"wall casing easy black\" srcset=\"https:\/\/hi-nd.com\/wp-content\/uploads\/2023\/01\/easy-portrait-black-web.png 750w, https:\/\/hi-nd.com\/wp-content\/uploads\/2023\/01\/easy-portrait-black-web-300x300.png 300w, https:\/\/hi-nd.com\/wp-content\/uploads\/2023\/01\/easy-portrait-black-web-150x150.png 150w, https:\/\/hi-nd.com\/wp-content\/uploads\/2023\/01\/easy-portrait-black-web-100x100.png 100w\" sizes=\"auto, (max-width: 750px) 100vw, 750px\" \/>\t\t\t\t\t\t\t\t\t\t\t<\/div>\n\t\t\t<\/a>\t\t<\/div>\n\n\t\t<div class=\"box-text text-center\" >\n\t\t\t<div class=\"box-text-inner\">\n\t\t\t\t\n\n<h4><a href=\"https:\/\/hi-nd.com\/es\/producto\/revestimiento-mural-easy\/\">Wall Casing<\/a><\/h4>\n\n\t\t\t<\/div>\n\t\t<\/div>\n\t<\/div>\n\t\n\n\t\t<\/div>\n\t\t\t\t\t<\/div>\n\n\t\n\n\t<div id=\"col-2049356065\" class=\"col medium-4 small-12 large-4\"  >\n\t\t\t\t<div class=\"col-inner\"  >\n\t\t\t\n\t\t\t\n\n\t<div class=\"box has-hover   has-hover box-text-bottom\" >\n\n\t\t<div class=\"box-image\" >\n\t\t\t<a href=\"https:\/\/hi-nd.com\/product-category\/ceiling\/casing-ceiling\/\" >\t\t\t<div class=\"\" >\n\t\t\t\t<img loading=\"lazy\" decoding=\"async\" width=\"750\" height=\"750\" src=\"https:\/\/hi-nd.com\/wp-content\/uploads\/2023\/01\/ceiling-casing-portrait-black-web.png\" class=\"attachment- size-\" alt=\"Ceiling casing\" srcset=\"https:\/\/hi-nd.com\/wp-content\/uploads\/2023\/01\/ceiling-casing-portrait-black-web.png 750w, https:\/\/hi-nd.com\/wp-content\/uploads\/2023\/01\/ceiling-casing-portrait-black-web-300x300.png 300w, https:\/\/hi-nd.com\/wp-content\/uploads\/2023\/01\/ceiling-casing-portrait-black-web-150x150.png 150w, https:\/\/hi-nd.com\/wp-content\/uploads\/2023\/01\/ceiling-casing-portrait-black-web-100x100.png 100w\" sizes=\"auto, (max-width: 750px) 100vw, 750px\" \/>\t\t\t\t\t\t\t\t\t\t\t<\/div>\n\t\t\t<\/a>\t\t<\/div>\n\n\t\t<div class=\"box-text text-center\" >\n\t\t\t<div class=\"box-text-inner\">\n\t\t\t\t\n\n<h4><a href=\"https:\/\/hi-nd.com\/es\/categoria-producto\/techo\/carcasa\/\">Ceiling Casing<\/a><\/h4>\n\n\t\t\t<\/div>\n\t\t<\/div>\n\t<\/div>\n\t\n\n\t\t<\/div>\n\t\t\t\t\t<\/div>\n\n\t\n\n\t<div id=\"col-1297065980\" class=\"col medium-4 small-12 large-4\"  >\n\t\t\t\t<div class=\"col-inner\"  >\n\t\t\t\n\t\t\t\n\n\t<div class=\"box has-hover   has-hover box-text-bottom\" >\n\n\t\t<div class=\"box-image\" >\n\t\t\t<a href=\"https:\/\/hi-nd.com\/product-category\/wall\/video-row\/\" >\t\t\t<div class=\"\" >\n\t\t\t\t<img loading=\"lazy\" decoding=\"async\" width=\"750\" height=\"750\" src=\"https:\/\/hi-nd.com\/wp-content\/uploads\/2023\/01\/VR43X5-5001-03.jpg\" class=\"attachment- size-\" alt=\"Video row\" srcset=\"https:\/\/hi-nd.com\/wp-content\/uploads\/2023\/01\/VR43X5-5001-03.jpg 750w, https:\/\/hi-nd.com\/wp-content\/uploads\/2023\/01\/VR43X5-5001-03-300x300.jpg 300w, https:\/\/hi-nd.com\/wp-content\/uploads\/2023\/01\/VR43X5-5001-03-150x150.jpg 150w, https:\/\/hi-nd.com\/wp-content\/uploads\/2023\/01\/VR43X5-5001-03-100x100.jpg 100w\" sizes=\"auto, (max-width: 750px) 100vw, 750px\" \/>\t\t\t\t\t\t\t\t\t\t\t<\/div>\n\t\t\t<\/a>\t\t<\/div>\n\n\t\t<div class=\"box-text text-center\" >\n\t\t\t<div class=\"box-text-inner\">\n\t\t\t\t\n\n<h4><a href=\"https:\/\/hi-nd.com\/es\/categoria-producto\/pared\/fila-de-video\/\">Video row<\/a><\/h4>\n<p>&nbsp;<\/p>\n\n\t\t\t<\/div>\n\t\t<\/div>\n\t<\/div>\n\t\n\n\t\t<\/div>\n\t\t\t\t\t<\/div>\n\n\t\n\n<\/div>\n<div class=\"row\"  id=\"row-769715239\">\n\n\n\t<div id=\"col-1199204456\" class=\"col medium-4 small-12 large-4\"  >\n\t\t\t\t<div class=\"col-inner\"  >\n\t\t\t\n\t\t\t\n\n\t<div class=\"box has-hover   has-hover box-text-bottom\" >\n\n\t\t<div class=\"box-image\" >\n\t\t\t<a href=\"https:\/\/hi-nd.com\/product\/floorstand-glass-2\/\" >\t\t\t<div class=\"\" >\n\t\t\t\t<img loading=\"lazy\" decoding=\"async\" width=\"750\" height=\"750\" src=\"https:\/\/hi-nd.com\/wp-content\/uploads\/2022\/01\/FS-glass-portrait-white-web.png\" class=\"attachment- size-\" alt=\"\" srcset=\"https:\/\/hi-nd.com\/wp-content\/uploads\/2022\/01\/FS-glass-portrait-white-web.png 750w, https:\/\/hi-nd.com\/wp-content\/uploads\/2022\/01\/FS-glass-portrait-white-web-100x100.png 100w, https:\/\/hi-nd.com\/wp-content\/uploads\/2022\/01\/FS-glass-portrait-white-web-600x600.png 600w, https:\/\/hi-nd.com\/wp-content\/uploads\/2022\/01\/FS-glass-portrait-white-web-300x300.png 300w, https:\/\/hi-nd.com\/wp-content\/uploads\/2022\/01\/FS-glass-portrait-white-web-150x150.png 150w\" sizes=\"auto, (max-width: 750px) 100vw, 750px\" \/>\t\t\t\t\t\t\t\t\t\t\t<\/div>\n\t\t\t<\/a>\t\t<\/div>\n\n\t\t<div class=\"box-text text-center\" >\n\t\t\t<div class=\"box-text-inner\">\n\t\t\t\t\n\n<h4><a href=\"https:\/\/hi-nd.com\/product\/floorstand-glass-2\/\">Floorstand glass with casing<\/a><\/h4>\n\n\t\t\t<\/div>\n\t\t<\/div>\n\t<\/div>\n\t\n\n\t\t<\/div>\n\t\t\t\t\t<\/div>\n\n\t\n\n\t<div id=\"col-1003497319\" class=\"col medium-4 small-12 large-4\"  >\n\t\t\t\t<div class=\"col-inner\"  >\n\t\t\t\n\t\t\t\n\n\t<div class=\"box has-hover   has-hover box-text-bottom\" >\n\n\t\t<div class=\"box-image\" >\n\t\t\t<a href=\"https:\/\/hi-nd.com\/product\/frontcover\/\" >\t\t\t<div class=\"\" >\n\t\t\t\t<img loading=\"lazy\" decoding=\"async\" width=\"750\" height=\"750\" src=\"https:\/\/hi-nd.com\/wp-content\/uploads\/2021\/11\/FC-portrait-white-web.png\" class=\"attachment- size-\" alt=\"Frontcover\" srcset=\"https:\/\/hi-nd.com\/wp-content\/uploads\/2021\/11\/FC-portrait-white-web.png 750w, https:\/\/hi-nd.com\/wp-content\/uploads\/2021\/11\/FC-portrait-white-web-100x100.png 100w, https:\/\/hi-nd.com\/wp-content\/uploads\/2021\/11\/FC-portrait-white-web-600x600.png 600w, https:\/\/hi-nd.com\/wp-content\/uploads\/2021\/11\/FC-portrait-white-web-300x300.png 300w, https:\/\/hi-nd.com\/wp-content\/uploads\/2021\/11\/FC-portrait-white-web-150x150.png 150w\" sizes=\"auto, (max-width: 750px) 100vw, 750px\" \/>\t\t\t\t\t\t\t\t\t\t\t<\/div>\n\t\t\t<\/a>\t\t<\/div>\n\n\t\t<div class=\"box-text text-center\" >\n\t\t\t<div class=\"box-text-inner\">\n\t\t\t\t\n\n<h4><a href=\"https:\/\/hi-nd.com\/es\/producto\/portada\/\">Front Cover<\/a><\/h4>\n\n\t\t\t<\/div>\n\t\t<\/div>\n\t<\/div>\n\t\n\n\t\t<\/div>\n\t\t\t\t\t<\/div>\n\n\t\n\n\t<div id=\"col-428038381\" class=\"col medium-4 small-12 large-4\"  >\n\t\t\t\t<div class=\"col-inner\"  >\n\t\t\t\n\t\t\t\n\n\t<div class=\"box has-hover   has-hover box-text-bottom\" >\n\n\t\t<div class=\"box-image\" >\n\t\t\t<a href=\"https:\/\/hi-nd.com\/product\/outdoor-totem-samsung-oh55a-s\/\" >\t\t\t<div class=\"\" >\n\t\t\t\t<img loading=\"lazy\" decoding=\"async\" width=\"750\" height=\"750\" src=\"https:\/\/hi-nd.com\/wp-content\/uploads\/2022\/01\/OD5517-5301-01-750x750-1.png\" class=\"attachment- size-\" alt=\"Outdoor totem\" srcset=\"https:\/\/hi-nd.com\/wp-content\/uploads\/2022\/01\/OD5517-5301-01-750x750-1.png 750w, https:\/\/hi-nd.com\/wp-content\/uploads\/2022\/01\/OD5517-5301-01-750x750-1-100x100.png 100w, https:\/\/hi-nd.com\/wp-content\/uploads\/2022\/01\/OD5517-5301-01-750x750-1-300x300.png 300w, https:\/\/hi-nd.com\/wp-content\/uploads\/2022\/01\/OD5517-5301-01-750x750-1-150x150.png 150w\" sizes=\"auto, (max-width: 750px) 100vw, 750px\" \/>\t\t\t\t\t\t\t\t\t\t\t<\/div>\n\t\t\t<\/a>\t\t<\/div>\n\n\t\t<div class=\"box-text text-center\" >\n\t\t\t<div class=\"box-text-inner\">\n\t\t\t\t\n\n<h4><a href=\"https:\/\/hi-nd.com\/es\/producto\/totem-de-exterior-samsung-oh55a-s\/\">Outdoor Totem<\/a><\/h4>\n\n\t\t\t<\/div>\n\t\t<\/div>\n\t<\/div>\n\t\n\n\t\t<\/div>\n\t\t\t\t\t<\/div>\n\n\t\n\n<\/div>\n\n","protected":false},"excerpt":{"rendered":"","protected":false},"author":5,"featured_media":0,"parent":0,"menu_order":0,"comment_status":"closed","ping_status":"closed","template":"","meta":{"footnotes":""},"class_list":["post-5513","page","type-page","status-publish","hentry"],"yoast_head":"<!-- This site is optimized with the Yoast SEO plugin v27.3 - https:\/\/yoast.com\/product\/yoast-seo-wordpress\/ -->\n<title>Restaurantes - HI-ND<\/title>\n<meta name=\"description\" content=\"HI-ND crea se\u00f1alizaci\u00f3n digital en restaurantes para mejorar la experiencia de comer fuera y atraer a los clientes, adem\u00e1s de proporcionarles informaci\u00f3n.\" \/>\n<meta name=\"robots\" content=\"index, follow, max-snippet:-1, max-image-preview:large, max-video-preview:-1\" \/>\n<link rel=\"canonical\" href=\"https:\/\/hi-nd.com\/es\/restaurantes\/\" \/>\n<meta property=\"og:locale\" content=\"es_ES\" \/>\n<meta property=\"og:type\" content=\"article\" \/>\n<meta property=\"og:title\" content=\"Restaurantes - HI-ND\" \/>\n<meta property=\"og:description\" content=\"HI-ND crea se\u00f1alizaci\u00f3n digital en restaurantes para mejorar la experiencia de comer fuera y atraer a los clientes, adem\u00e1s de proporcionarles informaci\u00f3n.\" \/>\n<meta property=\"og:url\" content=\"https:\/\/hi-nd.com\/es\/restaurantes\/\" \/>\n<meta property=\"og:site_name\" content=\"HI-ND\" \/>\n<meta property=\"article:modified_time\" content=\"2024-01-25T13:16:44+00:00\" \/>\n<meta name=\"twitter:card\" content=\"summary_large_image\" \/>\n<meta name=\"twitter:label1\" content=\"Tiempo de lectura\" \/>\n\t<meta name=\"twitter:data1\" content=\"1 minuto\" \/>\n<script type=\"application\/ld+json\" class=\"yoast-schema-graph\">{\"@context\":\"https:\\\/\\\/schema.org\",\"@graph\":[{\"@type\":\"WebPage\",\"@id\":\"https:\\\/\\\/hi-nd.com\\\/es\\\/restaurantes\\\/\",\"url\":\"https:\\\/\\\/hi-nd.com\\\/es\\\/restaurantes\\\/\",\"name\":\"Restaurantes - HI-ND\",\"isPartOf\":{\"@id\":\"https:\\\/\\\/hi-nd.com\\\/#website\"},\"datePublished\":\"2022-06-30T12:01:08+00:00\",\"dateModified\":\"2024-01-25T13:16:44+00:00\",\"description\":\"HI-ND crea se\u00f1alizaci\u00f3n digital en restaurantes para mejorar la experiencia de comer fuera y atraer a los clientes, adem\u00e1s de proporcionarles informaci\u00f3n.\",\"breadcrumb\":{\"@id\":\"https:\\\/\\\/hi-nd.com\\\/es\\\/restaurantes\\\/#breadcrumb\"},\"inLanguage\":\"es\",\"potentialAction\":[{\"@type\":\"ReadAction\",\"target\":[\"https:\\\/\\\/hi-nd.com\\\/es\\\/restaurantes\\\/\"]}]},{\"@type\":\"BreadcrumbList\",\"@id\":\"https:\\\/\\\/hi-nd.com\\\/es\\\/restaurantes\\\/#breadcrumb\",\"itemListElement\":[{\"@type\":\"ListItem\",\"position\":1,\"name\":\"Home\",\"item\":\"https:\\\/\\\/hi-nd.com\\\/es\\\/\"},{\"@type\":\"ListItem\",\"position\":2,\"name\":\"Restaurantes\"}]},{\"@type\":\"WebSite\",\"@id\":\"https:\\\/\\\/hi-nd.com\\\/#website\",\"url\":\"https:\\\/\\\/hi-nd.com\\\/\",\"name\":\"HI-ND\",\"description\":\"Mounting Solutions\",\"potentialAction\":[{\"@type\":\"SearchAction\",\"target\":{\"@type\":\"EntryPoint\",\"urlTemplate\":\"https:\\\/\\\/hi-nd.com\\\/?s={search_term_string}\"},\"query-input\":{\"@type\":\"PropertyValueSpecification\",\"valueRequired\":true,\"valueName\":\"search_term_string\"}}],\"inLanguage\":\"es\"}]}<\/script>\n<!-- \/ Yoast SEO plugin. -->","yoast_head_json":{"title":"Restaurantes - HI-ND","description":"HI-ND crea se\u00f1alizaci\u00f3n digital en restaurantes para mejorar la experiencia de comer fuera y atraer a los clientes, adem\u00e1s de proporcionarles informaci\u00f3n.","robots":{"index":"index","follow":"follow","max-snippet":"max-snippet:-1","max-image-preview":"max-image-preview:large","max-video-preview":"max-video-preview:-1"},"canonical":"https:\/\/hi-nd.com\/es\/restaurantes\/","og_locale":"es_ES","og_type":"article","og_title":"Restaurantes - HI-ND","og_description":"HI-ND crea se\u00f1alizaci\u00f3n digital en restaurantes para mejorar la experiencia de comer fuera y atraer a los clientes, adem\u00e1s de proporcionarles informaci\u00f3n.","og_url":"https:\/\/hi-nd.com\/es\/restaurantes\/","og_site_name":"HI-ND","article_modified_time":"2024-01-25T13:16:44+00:00","twitter_card":"summary_large_image","twitter_misc":{"Tiempo de lectura":"1 minuto"},"schema":{"@context":"https:\/\/schema.org","@graph":[{"@type":"WebPage","@id":"https:\/\/hi-nd.com\/es\/restaurantes\/","url":"https:\/\/hi-nd.com\/es\/restaurantes\/","name":"Restaurantes - HI-ND","isPartOf":{"@id":"https:\/\/hi-nd.com\/#website"},"datePublished":"2022-06-30T12:01:08+00:00","dateModified":"2024-01-25T13:16:44+00:00","description":"HI-ND crea se\u00f1alizaci\u00f3n digital en restaurantes para mejorar la experiencia de comer fuera y atraer a los clientes, adem\u00e1s de proporcionarles informaci\u00f3n.","breadcrumb":{"@id":"https:\/\/hi-nd.com\/es\/restaurantes\/#breadcrumb"},"inLanguage":"es","potentialAction":[{"@type":"ReadAction","target":["https:\/\/hi-nd.com\/es\/restaurantes\/"]}]},{"@type":"BreadcrumbList","@id":"https:\/\/hi-nd.com\/es\/restaurantes\/#breadcrumb","itemListElement":[{"@type":"ListItem","position":1,"name":"Home","item":"https:\/\/hi-nd.com\/es\/"},{"@type":"ListItem","position":2,"name":"Restaurantes"}]},{"@type":"WebSite","@id":"https:\/\/hi-nd.com\/#website","url":"https:\/\/hi-nd.com\/","name":"HI-ND","description":"Mounting Solutions","potentialAction":[{"@type":"SearchAction","target":{"@type":"EntryPoint","urlTemplate":"https:\/\/hi-nd.com\/?s={search_term_string}"},"query-input":{"@type":"PropertyValueSpecification","valueRequired":true,"valueName":"search_term_string"}}],"inLanguage":"es"}]}},"_links":{"self":[{"href":"https:\/\/hi-nd.com\/es\/wp-json\/wp\/v2\/pages\/5513","targetHints":{"allow":["GET"]}}],"collection":[{"href":"https:\/\/hi-nd.com\/es\/wp-json\/wp\/v2\/pages"}],"about":[{"href":"https:\/\/hi-nd.com\/es\/wp-json\/wp\/v2\/types\/page"}],"author":[{"embeddable":true,"href":"https:\/\/hi-nd.com\/es\/wp-json\/wp\/v2\/users\/5"}],"replies":[{"embeddable":true,"href":"https:\/\/hi-nd.com\/es\/wp-json\/wp\/v2\/comments?post=5513"}],"version-history":[{"count":7,"href":"https:\/\/hi-nd.com\/es\/wp-json\/wp\/v2\/pages\/5513\/revisions"}],"predecessor-version":[{"id":6622,"href":"https:\/\/hi-nd.com\/es\/wp-json\/wp\/v2\/pages\/5513\/revisions\/6622"}],"wp:attachment":[{"href":"https:\/\/hi-nd.com\/es\/wp-json\/wp\/v2\/media?parent=5513"}],"curies":[{"name":"wp","href":"https:\/\/api.w.org\/{rel}","templated":true}]}}