{"id":5512,"date":"2023-01-26T12:12:09","date_gmt":"2023-01-26T11:12:09","guid":{"rendered":"https:\/\/hi-nd.com\/senalizacion\/"},"modified":"2025-02-25T10:01:14","modified_gmt":"2025-02-25T09:01:14","slug":"senalizacion","status":"publish","type":"page","link":"https:\/\/hi-nd.com\/es\/senalizacion\/","title":{"rendered":"Se\u00f1alizaci\u00f3n"},"content":{"rendered":"\n<div class=\"is-divider divider clearfix\" ><\/div>\n\n<div class=\"container section-title-container\" ><h1 class=\"section-title section-title-center\"><b aria-hidden=\"true\"><\/b><span class=\"section-title-main\" >orientaci\u00f3n<\/span><b aria-hidden=\"true\"><\/b><\/h1><\/div>\n\n\n\t<section class=\"section\" id=\"section_476401703\">\n\t\t<div class=\"section-bg fill\" >\n\t\t\t\t\t\t\t\t\t\n\t\t\t\n\n\t\t<\/div>\n\n\t\t\n\n\t\t<div class=\"section-content relative\">\n\t\t\t\n\n<div class=\"row\"  id=\"row-1312325940\">\n\n\n\t<div id=\"col-1503222673\" class=\"col medium-4 small-12 large-4\"  >\n\t\t\t\t<div class=\"col-inner\"  >\n\t\t\t\n\t\t\t\n\n\t<div class=\"img has-hover x md-x lg-x y md-y lg-y\" id=\"image_1967094586\">\n\t\t\t\t\t\t\t\t<div class=\"img-inner dark\" >\n\t\t\t<img loading=\"lazy\" decoding=\"async\" width=\"750\" height=\"750\" src=\"https:\/\/hi-nd.com\/wp-content\/uploads\/2023\/01\/touch-wayfinding-dualiso-750x750-1.jpg\" class=\"attachment-large size-large\" alt=\"\" srcset=\"https:\/\/hi-nd.com\/wp-content\/uploads\/2023\/01\/touch-wayfinding-dualiso-750x750-1.jpg 750w, https:\/\/hi-nd.com\/wp-content\/uploads\/2023\/01\/touch-wayfinding-dualiso-750x750-1-300x300.jpg 300w, https:\/\/hi-nd.com\/wp-content\/uploads\/2023\/01\/touch-wayfinding-dualiso-750x750-1-150x150.jpg 150w, https:\/\/hi-nd.com\/wp-content\/uploads\/2023\/01\/touch-wayfinding-dualiso-750x750-1-100x100.jpg 100w\" sizes=\"auto, (max-width: 750px) 100vw, 750px\" \/>\t\t\t\t\t\t\n\t\t\t\t\t<\/div>\n\t\t\t\t\t\t\t\t\n<style>\n#image_1967094586 {\n  width: 100%;\n}\n<\/style>\n\t<\/div>\n\t\n\n\n\t\t<\/div>\n\t\t\t\t\t<\/div>\n\n\t\n\n\t<div id=\"col-456401764\" class=\"col medium-4 small-12 large-4\"  >\n\t\t\t\t<div class=\"col-inner\"  >\n\t\t\t\n\t\t\t\n\n\t<div class=\"img has-hover x md-x lg-x y md-y lg-y\" id=\"image_1981586561\">\n\t\t\t\t\t\t\t\t<div class=\"img-inner dark\" >\n\t\t\t<img loading=\"lazy\" decoding=\"async\" width=\"750\" height=\"750\" src=\"https:\/\/hi-nd.com\/wp-content\/uploads\/2023\/01\/entre-skrapan-750x750-1.jpg\" class=\"attachment-large size-large\" alt=\"\" srcset=\"https:\/\/hi-nd.com\/wp-content\/uploads\/2023\/01\/entre-skrapan-750x750-1.jpg 750w, https:\/\/hi-nd.com\/wp-content\/uploads\/2023\/01\/entre-skrapan-750x750-1-300x300.jpg 300w, https:\/\/hi-nd.com\/wp-content\/uploads\/2023\/01\/entre-skrapan-750x750-1-150x150.jpg 150w, https:\/\/hi-nd.com\/wp-content\/uploads\/2023\/01\/entre-skrapan-750x750-1-100x100.jpg 100w\" sizes=\"auto, (max-width: 750px) 100vw, 750px\" \/>\t\t\t\t\t\t\n\t\t\t\t\t<\/div>\n\t\t\t\t\t\t\t\t\n<style>\n#image_1981586561 {\n  width: 100%;\n}\n<\/style>\n\t<\/div>\n\t\n\n\n\t\t<\/div>\n\t\t\t\t\t<\/div>\n\n\t\n\n\t<div id=\"col-1815918769\" class=\"col medium-4 small-12 large-4\"  >\n\t\t\t\t<div class=\"col-inner\"  >\n\t\t\t\n\t\t\t\n\n\t<div class=\"img has-hover x md-x lg-x y md-y lg-y\" id=\"image_114249471\">\n\t\t\t\t\t\t\t\t<div class=\"img-inner dark\" >\n\t\t\t<img loading=\"lazy\" decoding=\"async\" width=\"750\" height=\"750\" src=\"https:\/\/hi-nd.com\/wp-content\/uploads\/2023\/01\/sturegallerian-wayfinding-750x750-1.jpg\" class=\"attachment-large size-large\" alt=\"Wall Casing Advert\" srcset=\"https:\/\/hi-nd.com\/wp-content\/uploads\/2023\/01\/sturegallerian-wayfinding-750x750-1.jpg 750w, https:\/\/hi-nd.com\/wp-content\/uploads\/2023\/01\/sturegallerian-wayfinding-750x750-1-300x300.jpg 300w, https:\/\/hi-nd.com\/wp-content\/uploads\/2023\/01\/sturegallerian-wayfinding-750x750-1-150x150.jpg 150w, https:\/\/hi-nd.com\/wp-content\/uploads\/2023\/01\/sturegallerian-wayfinding-750x750-1-100x100.jpg 100w\" sizes=\"auto, (max-width: 750px) 100vw, 750px\" \/>\t\t\t\t\t\t\n\t\t\t\t\t<\/div>\n\t\t\t\t\t\t\t\t\n<style>\n#image_114249471 {\n  width: 100%;\n}\n<\/style>\n\t<\/div>\n\t\n\n\n\t\t<\/div>\n\t\t\t\t\t<\/div>\n\n\t\n\n<\/div>\n<div class=\"row\"  id=\"row-936744057\">\n\n\n\t<div id=\"col-2119668172\" class=\"col medium-4 small-12 large-4\"  >\n\t\t\t\t<div class=\"col-inner\"  >\n\t\t\t\n\t\t\t\n\n\t<div class=\"img has-hover x md-x lg-x y md-y lg-y\" id=\"image_763407445\">\n\t\t\t\t\t\t\t\t<div class=\"img-inner dark\" >\n\t\t\t<img loading=\"lazy\" decoding=\"async\" width=\"750\" height=\"750\" src=\"https:\/\/hi-nd.com\/wp-content\/uploads\/2023\/01\/wayfinding-ahlens-750x750-1.jpg\" class=\"attachment-large size-large\" alt=\"\" srcset=\"https:\/\/hi-nd.com\/wp-content\/uploads\/2023\/01\/wayfinding-ahlens-750x750-1.jpg 750w, https:\/\/hi-nd.com\/wp-content\/uploads\/2023\/01\/wayfinding-ahlens-750x750-1-300x300.jpg 300w, https:\/\/hi-nd.com\/wp-content\/uploads\/2023\/01\/wayfinding-ahlens-750x750-1-150x150.jpg 150w, https:\/\/hi-nd.com\/wp-content\/uploads\/2023\/01\/wayfinding-ahlens-750x750-1-100x100.jpg 100w\" sizes=\"auto, (max-width: 750px) 100vw, 750px\" \/>\t\t\t\t\t\t\n\t\t\t\t\t<\/div>\n\t\t\t\t\t\t\t\t\n<style>\n#image_763407445 {\n  width: 100%;\n}\n<\/style>\n\t<\/div>\n\t\n\n\n\t\t<\/div>\n\t\t\t\t\t<\/div>\n\n\t\n\n\t<div id=\"col-889949711\" class=\"col medium-4 small-12 large-4\"  >\n\t\t\t\t<div class=\"col-inner\"  >\n\t\t\t\n\t\t\t\n\n\t<div class=\"img has-hover x md-x lg-x y md-y lg-y\" id=\"image_249022698\">\n\t\t\t\t\t\t\t\t<div class=\"img-inner dark\" >\n\t\t\t<img loading=\"lazy\" decoding=\"async\" width=\"750\" height=\"750\" src=\"https:\/\/hi-nd.com\/wp-content\/uploads\/2023\/01\/entre-taby-centrum-750x750-1.jpg\" class=\"attachment-large size-large\" alt=\"\" srcset=\"https:\/\/hi-nd.com\/wp-content\/uploads\/2023\/01\/entre-taby-centrum-750x750-1.jpg 750w, https:\/\/hi-nd.com\/wp-content\/uploads\/2023\/01\/entre-taby-centrum-750x750-1-300x300.jpg 300w, https:\/\/hi-nd.com\/wp-content\/uploads\/2023\/01\/entre-taby-centrum-750x750-1-150x150.jpg 150w, https:\/\/hi-nd.com\/wp-content\/uploads\/2023\/01\/entre-taby-centrum-750x750-1-100x100.jpg 100w\" sizes=\"auto, (max-width: 750px) 100vw, 750px\" \/>\t\t\t\t\t\t\n\t\t\t\t\t<\/div>\n\t\t\t\t\t\t\t\t\n<style>\n#image_249022698 {\n  width: 100%;\n}\n<\/style>\n\t<\/div>\n\t\n\n\n\t\t<\/div>\n\t\t\t\t\t<\/div>\n\n\t\n\n\t<div id=\"col-1151858630\" class=\"col medium-4 small-12 large-4\"  >\n\t\t\t\t<div class=\"col-inner\"  >\n\t\t\t\n\t\t\t\n\n\t<div class=\"img has-hover x md-x lg-x y md-y lg-y\" id=\"image_733237733\">\n\t\t\t\t\t\t\t\t<div class=\"img-inner dark\" >\n\t\t\t<img loading=\"lazy\" decoding=\"async\" width=\"750\" height=\"750\" src=\"https:\/\/hi-nd.com\/wp-content\/uploads\/2023\/12\/wayfinding-750x750-1.jpg\" class=\"attachment-large size-large\" alt=\"wayfinding\" srcset=\"https:\/\/hi-nd.com\/wp-content\/uploads\/2023\/12\/wayfinding-750x750-1.jpg 750w, https:\/\/hi-nd.com\/wp-content\/uploads\/2023\/12\/wayfinding-750x750-1-300x300.jpg 300w, https:\/\/hi-nd.com\/wp-content\/uploads\/2023\/12\/wayfinding-750x750-1-150x150.jpg 150w, https:\/\/hi-nd.com\/wp-content\/uploads\/2023\/12\/wayfinding-750x750-1-100x100.jpg 100w\" sizes=\"auto, (max-width: 750px) 100vw, 750px\" \/>\t\t\t\t\t\t\n\t\t\t\t\t<\/div>\n\t\t\t\t\t\t\t\t\n<style>\n#image_733237733 {\n  width: 100%;\n}\n<\/style>\n\t<\/div>\n\t\n\n\n\t\t<\/div>\n\t\t\t\t\t<\/div>\n\n\t\n\n<\/div>\n\n\t\t<\/div>\n\n\t\t\n<style>\n#section_476401703 {\n  padding-top: 30px;\n  padding-bottom: 30px;\n}\n<\/style>\n\t<\/section>\n\t\n<h2 style=\"text-align: center;\">Utilizar la se\u00f1alizaci\u00f3n digital como opciones de orientaci\u00f3n <\/h2>\n<div class=\"row\"  id=\"row-228426934\">\n\n\n\t<div id=\"col-1650293762\" class=\"col medium-6 small-12 large-6\"  >\n\t\t\t\t<div class=\"col-inner\"  >\n\t\t\t\n\t\t\t\n\n<h3><strong>Utilizar la se\u00f1alizaci\u00f3n digital en escaleras y entradas<\/strong><\/h3>\n<p>La se\u00f1alizaci\u00f3n digital es cada vez m\u00e1s popular en espacios p\u00fablicos, como escaleras y entradas. Estas \u00e1reas suelen ser zonas de mucho tr\u00e1fico en las que es esencial una comunicaci\u00f3n clara. Al implementar la se\u00f1alizaci\u00f3n digital, puedes mejorar la experiencia de los visitantes, ayud\u00e1ndoles a navegar con facilidad.  <\/p>\n<h3><strong>Soluciones eficaces de se\u00f1alizaci\u00f3n<\/strong><\/h3>\n<p>Las soluciones de orientaci\u00f3n son cruciales para guiar a las personas por espacios grandes y complejos, como centros comerciales o museos. La se\u00f1alizaci\u00f3n digital puede proporcionar informaci\u00f3n en tiempo real, indicaciones e incluso anuncios. En escaleras y entradas, act\u00faa como eje central para que los visitantes comprendan r\u00e1pidamente su entorno. Ya sea mostrando planos de plantas, destacando zonas importantes o proporcionando informaci\u00f3n de emergencia, estas pantallas ayudan a reducir la confusi\u00f3n y mejorar el flujo.   <\/p>\n<h3><strong>Versatilidad de los productos de se\u00f1alizaci\u00f3n digital<\/strong><\/h3>\n<p>En HI-ND, ofrecemos una variedad de productos dise\u00f1ados para satisfacer las necesidades de estos entornos. Nuestras soluciones de se\u00f1alizaci\u00f3n digital est\u00e1n hechas para durar y rendir en espacios p\u00fablicos concurridos. Tenemos una amplia selecci\u00f3n de carcasas, t\u00f3tems y soportes de suelo, todos ellos dise\u00f1ados para  <\/p>\n\n\t\t<\/div>\n\t\t\t\t\t<\/div>\n\n\t\n\n\t<div id=\"col-1899743610\" class=\"col medium-6 small-12 large-6\"  >\n\t\t\t\t<div class=\"col-inner\"  >\n\t\t\t\n\t\t\t\n\n<p>sostienen y soportan pantallas t\u00e1ctiles. Estos productos son muy vers\u00e1tiles y pueden personalizarse para adaptarse a distintos entornos. Tanto si buscas pantallas montadas en la pared como unidades independientes, tenemos la soluci\u00f3n perfecta.  <\/p>\n<h3><strong>El papel de las pantallas t\u00e1ctiles en los espacios p\u00fablicos<\/strong><\/h3>\n<p>La tecnolog\u00eda de pantalla t\u00e1ctil a\u00f1ade otra capa de interactividad a la se\u00f1alizaci\u00f3n digital. En entradas o escaleras, las pantallas t\u00e1ctiles permiten a los visitantes acceder f\u00e1cilmente a informaci\u00f3n detallada. Pueden buscar direcciones, encontrar tiendas o exposiciones concretas, o incluso interactuar con promociones. Al incorporar la funcionalidad t\u00e1ctil, haces que la se\u00f1alizaci\u00f3n sea m\u00e1s atractiva y accesible a un p\u00fablico m\u00e1s amplio.   <\/p>\n<h3><strong>Durabilidad y rendimiento en zonas muy transitadas<\/strong><\/h3>\n<p>Nuestros productos HI-ND est\u00e1n dise\u00f1ados espec\u00edficamente para resistir los retos de las zonas de mucho tr\u00e1nsito. Las escaleras y las entradas pueden sufrir mucho desgaste. Con carcasas resistentes y pantallas duraderas, nuestros productos siguen siendo fiables, incluso en estos entornos exigentes. Tanto si se trata de temperaturas extremas como de un uso constante, estas soluciones ofrecen un rendimiento constante sin comprometer la calidad.   <\/p>\n\n\t\t<\/div>\n\t\t\t\t\t<\/div>\n\n\t\n\n<\/div>\n\n","protected":false},"excerpt":{"rendered":"","protected":false},"author":5,"featured_media":0,"parent":0,"menu_order":0,"comment_status":"closed","ping_status":"closed","template":"","meta":{"footnotes":""},"class_list":["post-5512","page","type-page","status-publish","hentry"],"yoast_head":"<!-- This site is optimized with the Yoast SEO plugin v27.3 - https:\/\/yoast.com\/product\/yoast-seo-wordpress\/ -->\n<title>Se\u00f1alizaci\u00f3n - HI-ND<\/title>\n<meta name=\"description\" content=\"Mostrar mapas de situaci\u00f3n e informaci\u00f3n para los visitantes. HI-ND puede proporcionarle muchos tipos de se\u00f1ales de orientaci\u00f3n.\" \/>\n<meta name=\"robots\" content=\"index, follow, max-snippet:-1, max-image-preview:large, max-video-preview:-1\" \/>\n<link rel=\"canonical\" href=\"https:\/\/hi-nd.com\/es\/senalizacion\/\" \/>\n<meta property=\"og:locale\" content=\"es_ES\" \/>\n<meta property=\"og:type\" content=\"article\" \/>\n<meta property=\"og:title\" content=\"Se\u00f1alizaci\u00f3n - HI-ND\" \/>\n<meta property=\"og:description\" content=\"Mostrar mapas de situaci\u00f3n e informaci\u00f3n para los visitantes. HI-ND puede proporcionarle muchos tipos de se\u00f1ales de orientaci\u00f3n.\" \/>\n<meta property=\"og:url\" content=\"https:\/\/hi-nd.com\/es\/senalizacion\/\" \/>\n<meta property=\"og:site_name\" content=\"HI-ND\" \/>\n<meta property=\"article:modified_time\" content=\"2025-02-25T09:01:14+00:00\" \/>\n<meta name=\"twitter:card\" content=\"summary_large_image\" \/>\n<script type=\"application\/ld+json\" class=\"yoast-schema-graph\">{\"@context\":\"https:\\\/\\\/schema.org\",\"@graph\":[{\"@type\":\"WebPage\",\"@id\":\"https:\\\/\\\/hi-nd.com\\\/es\\\/senalizacion\\\/\",\"url\":\"https:\\\/\\\/hi-nd.com\\\/es\\\/senalizacion\\\/\",\"name\":\"Se\u00f1alizaci\u00f3n - HI-ND\",\"isPartOf\":{\"@id\":\"https:\\\/\\\/hi-nd.com\\\/#website\"},\"datePublished\":\"2023-01-26T11:12:09+00:00\",\"dateModified\":\"2025-02-25T09:01:14+00:00\",\"description\":\"Mostrar mapas de situaci\u00f3n e informaci\u00f3n para los visitantes. HI-ND puede proporcionarle muchos tipos de se\u00f1ales de orientaci\u00f3n.\",\"breadcrumb\":{\"@id\":\"https:\\\/\\\/hi-nd.com\\\/es\\\/senalizacion\\\/#breadcrumb\"},\"inLanguage\":\"es\",\"potentialAction\":[{\"@type\":\"ReadAction\",\"target\":[\"https:\\\/\\\/hi-nd.com\\\/es\\\/senalizacion\\\/\"]}]},{\"@type\":\"BreadcrumbList\",\"@id\":\"https:\\\/\\\/hi-nd.com\\\/es\\\/senalizacion\\\/#breadcrumb\",\"itemListElement\":[{\"@type\":\"ListItem\",\"position\":1,\"name\":\"Home\",\"item\":\"https:\\\/\\\/hi-nd.com\\\/es\\\/\"},{\"@type\":\"ListItem\",\"position\":2,\"name\":\"Se\u00f1alizaci\u00f3n\"}]},{\"@type\":\"WebSite\",\"@id\":\"https:\\\/\\\/hi-nd.com\\\/#website\",\"url\":\"https:\\\/\\\/hi-nd.com\\\/\",\"name\":\"HI-ND\",\"description\":\"Mounting Solutions\",\"potentialAction\":[{\"@type\":\"SearchAction\",\"target\":{\"@type\":\"EntryPoint\",\"urlTemplate\":\"https:\\\/\\\/hi-nd.com\\\/?s={search_term_string}\"},\"query-input\":{\"@type\":\"PropertyValueSpecification\",\"valueRequired\":true,\"valueName\":\"search_term_string\"}}],\"inLanguage\":\"es\"}]}<\/script>\n<!-- \/ Yoast SEO plugin. -->","yoast_head_json":{"title":"Se\u00f1alizaci\u00f3n - HI-ND","description":"Mostrar mapas de situaci\u00f3n e informaci\u00f3n para los visitantes. HI-ND puede proporcionarle muchos tipos de se\u00f1ales de orientaci\u00f3n.","robots":{"index":"index","follow":"follow","max-snippet":"max-snippet:-1","max-image-preview":"max-image-preview:large","max-video-preview":"max-video-preview:-1"},"canonical":"https:\/\/hi-nd.com\/es\/senalizacion\/","og_locale":"es_ES","og_type":"article","og_title":"Se\u00f1alizaci\u00f3n - HI-ND","og_description":"Mostrar mapas de situaci\u00f3n e informaci\u00f3n para los visitantes. HI-ND puede proporcionarle muchos tipos de se\u00f1ales de orientaci\u00f3n.","og_url":"https:\/\/hi-nd.com\/es\/senalizacion\/","og_site_name":"HI-ND","article_modified_time":"2025-02-25T09:01:14+00:00","twitter_card":"summary_large_image","schema":{"@context":"https:\/\/schema.org","@graph":[{"@type":"WebPage","@id":"https:\/\/hi-nd.com\/es\/senalizacion\/","url":"https:\/\/hi-nd.com\/es\/senalizacion\/","name":"Se\u00f1alizaci\u00f3n - HI-ND","isPartOf":{"@id":"https:\/\/hi-nd.com\/#website"},"datePublished":"2023-01-26T11:12:09+00:00","dateModified":"2025-02-25T09:01:14+00:00","description":"Mostrar mapas de situaci\u00f3n e informaci\u00f3n para los visitantes. HI-ND puede proporcionarle muchos tipos de se\u00f1ales de orientaci\u00f3n.","breadcrumb":{"@id":"https:\/\/hi-nd.com\/es\/senalizacion\/#breadcrumb"},"inLanguage":"es","potentialAction":[{"@type":"ReadAction","target":["https:\/\/hi-nd.com\/es\/senalizacion\/"]}]},{"@type":"BreadcrumbList","@id":"https:\/\/hi-nd.com\/es\/senalizacion\/#breadcrumb","itemListElement":[{"@type":"ListItem","position":1,"name":"Home","item":"https:\/\/hi-nd.com\/es\/"},{"@type":"ListItem","position":2,"name":"Se\u00f1alizaci\u00f3n"}]},{"@type":"WebSite","@id":"https:\/\/hi-nd.com\/#website","url":"https:\/\/hi-nd.com\/","name":"HI-ND","description":"Mounting Solutions","potentialAction":[{"@type":"SearchAction","target":{"@type":"EntryPoint","urlTemplate":"https:\/\/hi-nd.com\/?s={search_term_string}"},"query-input":{"@type":"PropertyValueSpecification","valueRequired":true,"valueName":"search_term_string"}}],"inLanguage":"es"}]}},"_links":{"self":[{"href":"https:\/\/hi-nd.com\/es\/wp-json\/wp\/v2\/pages\/5512","targetHints":{"allow":["GET"]}}],"collection":[{"href":"https:\/\/hi-nd.com\/es\/wp-json\/wp\/v2\/pages"}],"about":[{"href":"https:\/\/hi-nd.com\/es\/wp-json\/wp\/v2\/types\/page"}],"author":[{"embeddable":true,"href":"https:\/\/hi-nd.com\/es\/wp-json\/wp\/v2\/users\/5"}],"replies":[{"embeddable":true,"href":"https:\/\/hi-nd.com\/es\/wp-json\/wp\/v2\/comments?post=5512"}],"version-history":[{"count":8,"href":"https:\/\/hi-nd.com\/es\/wp-json\/wp\/v2\/pages\/5512\/revisions"}],"predecessor-version":[{"id":8435,"href":"https:\/\/hi-nd.com\/es\/wp-json\/wp\/v2\/pages\/5512\/revisions\/8435"}],"wp:attachment":[{"href":"https:\/\/hi-nd.com\/es\/wp-json\/wp\/v2\/media?parent=5512"}],"curies":[{"name":"wp","href":"https:\/\/api.w.org\/{rel}","templated":true}]}}