{"id":5495,"date":"2023-01-26T11:20:48","date_gmt":"2023-01-26T10:20:48","guid":{"rendered":"https:\/\/hi-nd.com\/escaleras-y-entradas\/"},"modified":"2025-02-25T10:06:04","modified_gmt":"2025-02-25T09:06:04","slug":"escaleras-y-entradas","status":"publish","type":"page","link":"https:\/\/hi-nd.com\/es\/escaleras-y-entradas\/","title":{"rendered":"Escaleras y entradas"},"content":{"rendered":"\n<div class=\"is-divider divider clearfix\" ><\/div>\n\n<div class=\"container section-title-container\" ><h1 class=\"section-title section-title-center\"><b aria-hidden=\"true\"><\/b><span class=\"section-title-main\" >escaleras y entradas<\/span><b aria-hidden=\"true\"><\/b><\/h1><\/div>\n\n\n\t<section class=\"section\" id=\"section_29438611\">\n\t\t<div class=\"section-bg fill\" >\n\t\t\t\t\t\t\t\t\t\n\t\t\t\n\n\t\t<\/div>\n\n\t\t\n\n\t\t<div class=\"section-content relative\">\n\t\t\t\n\n<div class=\"row\"  id=\"row-1993064427\">\n\n\n\t<div id=\"col-1108658826\" class=\"col medium-4 small-12 large-4\"  >\n\t\t\t\t<div class=\"col-inner\"  >\n\t\t\t\n\t\t\t\n\n\t<div class=\"img has-hover x md-x lg-x y md-y lg-y\" id=\"image_2093948511\">\n\t\t\t\t\t\t\t\t<div class=\"img-inner dark\" >\n\t\t\t<img loading=\"lazy\" decoding=\"async\" width=\"1020\" height=\"1020\" src=\"https:\/\/hi-nd.com\/wp-content\/uploads\/2022\/12\/MG_0075-dualiso-1024x1024-1-1024x1024.jpg\" class=\"attachment-large size-large\" alt=\"Outdoor totem\" srcset=\"https:\/\/hi-nd.com\/wp-content\/uploads\/2022\/12\/MG_0075-dualiso-1024x1024-1.jpg 1024w, https:\/\/hi-nd.com\/wp-content\/uploads\/2022\/12\/MG_0075-dualiso-1024x1024-1-750x750.jpg 750w, https:\/\/hi-nd.com\/wp-content\/uploads\/2022\/12\/MG_0075-dualiso-1024x1024-1-100x100.jpg 100w, https:\/\/hi-nd.com\/wp-content\/uploads\/2022\/12\/MG_0075-dualiso-1024x1024-1-300x300.jpg 300w, https:\/\/hi-nd.com\/wp-content\/uploads\/2022\/12\/MG_0075-dualiso-1024x1024-1-150x150.jpg 150w, https:\/\/hi-nd.com\/wp-content\/uploads\/2022\/12\/MG_0075-dualiso-1024x1024-1-768x768.jpg 768w\" sizes=\"auto, (max-width: 1020px) 100vw, 1020px\" \/>\t\t\t\t\t\t\n\t\t\t\t\t<\/div>\n\t\t\t\t\t\t\t\t\n<style>\n#image_2093948511 {\n  width: 100%;\n}\n<\/style>\n\t<\/div>\n\t\n\n\n\t\t<\/div>\n\t\t\t\t\t<\/div>\n\n\t\n\n\t<div id=\"col-1892464633\" class=\"col medium-4 small-12 large-4\"  >\n\t\t\t\t<div class=\"col-inner\"  >\n\t\t\t\n\t\t\t\n\n\t<div class=\"img has-hover x md-x lg-x y md-y lg-y\" id=\"image_97505663\">\n\t\t\t\t\t\t\t\t<div class=\"img-inner dark\" >\n\t\t\t<img loading=\"lazy\" decoding=\"async\" width=\"750\" height=\"750\" src=\"https:\/\/hi-nd.com\/wp-content\/uploads\/2023\/01\/wall-casing-entre-taby-centrum.jpg\" class=\"attachment-large size-large\" alt=\"wall casing entre\" srcset=\"https:\/\/hi-nd.com\/wp-content\/uploads\/2023\/01\/wall-casing-entre-taby-centrum.jpg 750w, https:\/\/hi-nd.com\/wp-content\/uploads\/2023\/01\/wall-casing-entre-taby-centrum-300x300.jpg 300w, https:\/\/hi-nd.com\/wp-content\/uploads\/2023\/01\/wall-casing-entre-taby-centrum-150x150.jpg 150w, https:\/\/hi-nd.com\/wp-content\/uploads\/2023\/01\/wall-casing-entre-taby-centrum-100x100.jpg 100w\" sizes=\"auto, (max-width: 750px) 100vw, 750px\" \/>\t\t\t\t\t\t\n\t\t\t\t\t<\/div>\n\t\t\t\t\t\t\t\t\n<style>\n#image_97505663 {\n  width: 100%;\n}\n<\/style>\n\t<\/div>\n\t\n\n\n\t\t<\/div>\n\t\t\t\t\t<\/div>\n\n\t\n\n\t<div id=\"col-2096614903\" class=\"col medium-4 small-12 large-4\"  >\n\t\t\t\t<div class=\"col-inner\"  >\n\t\t\t\n\t\t\t\n\n\t<div class=\"img has-hover x md-x lg-x y md-y lg-y\" id=\"image_701495639\">\n\t\t\t\t\t\t\t\t<div class=\"img-inner dark\" >\n\t\t\t<img loading=\"lazy\" decoding=\"async\" width=\"750\" height=\"750\" src=\"https:\/\/hi-nd.com\/wp-content\/uploads\/2023\/01\/garnisonen-entre-garnisonen.jpg\" class=\"attachment-large size-large\" alt=\"\" srcset=\"https:\/\/hi-nd.com\/wp-content\/uploads\/2023\/01\/garnisonen-entre-garnisonen.jpg 750w, https:\/\/hi-nd.com\/wp-content\/uploads\/2023\/01\/garnisonen-entre-garnisonen-300x300.jpg 300w, https:\/\/hi-nd.com\/wp-content\/uploads\/2023\/01\/garnisonen-entre-garnisonen-150x150.jpg 150w, https:\/\/hi-nd.com\/wp-content\/uploads\/2023\/01\/garnisonen-entre-garnisonen-100x100.jpg 100w\" sizes=\"auto, (max-width: 750px) 100vw, 750px\" \/>\t\t\t\t\t\t\n\t\t\t\t\t<\/div>\n\t\t\t\t\t\t\t\t\n<style>\n#image_701495639 {\n  width: 100%;\n}\n<\/style>\n\t<\/div>\n\t\n\n\n\t\t<\/div>\n\t\t\t\t\t<\/div>\n\n\t\n\n<\/div>\n<div class=\"row\"  id=\"row-1943986026\">\n\n\n\t<div id=\"col-948810022\" class=\"col medium-6 small-12 large-6\"  >\n\t\t\t\t<div class=\"col-inner\"  >\n\t\t\t\n\t\t\t\n\n<h3><strong>Mejorar la comunicaci\u00f3n en escaleras y entradas<\/strong><\/h3>\n<p>La se\u00f1alizaci\u00f3n digital en escaleras y entradas es crucial para una comunicaci\u00f3n eficaz. Estas zonas experimentan un elevado tr\u00e1fico peatonal a lo largo del d\u00eda. Una informaci\u00f3n clara es esencial para guiar a los visitantes y garantizar la seguridad. Las pantallas digitales pueden proporcionar actualizaciones en tiempo real, ayudando a todos a navegar por el espacio con eficacia. Uno de nuestros productos m\u00e1s populares para escaleras y entradas es el revestimiento de pared con protecci\u00f3n de policarbonato. <a href=\"https:\/\/hi-nd.com\/es\/producto\/revestimiento-mural-protect\/\">Lee m\u00e1s sobre el producto aqu\u00ed.<\/a><\/p>\n<h3><strong>Soluciones de se\u00f1alizaci\u00f3n<\/strong><\/h3>\n<p>Una de las principales ventajas de la se\u00f1alizaci\u00f3n digital es la orientaci\u00f3n. Los visitantes pueden localizar f\u00e1cilmente los aseos, ascensores y salas de conferencias. Las se\u00f1ales de direcci\u00f3n claras reducen la confusi\u00f3n, sobre todo en edificios grandes. Esta claridad es vital durante las emergencias, cuando es necesario tomar decisiones r\u00e1pidas. La se\u00f1alizaci\u00f3n digital puede mostrar claramente las salidas de emergencia o las rutas de evacuaci\u00f3n.<\/p>\n<h3><strong>La seguridad es esencial en las escaleras y entradas<\/strong><\/h3>\n<p>La se\u00f1alizaci\u00f3n digital mejora la seguridad en escaleras y entradas. Las organizaciones pueden utilizar estas pantallas para compartir alertas importantes. Por ejemplo, si se produce un incidente de seguridad, las notificaciones oportunas mantienen informados a los visitantes. Esta comunicaci\u00f3n inmediata contribuye a un entorno m\u00e1s seguro para todos. Difundiendo los procedimientos de seguridad, las organizaciones pueden reforzar la concienciaci\u00f3n entre los visitantes.<\/p>\n<h3><strong>Contenido din\u00e1mico<\/strong><\/h3>\n<p>Otra ventaja de la se\u00f1alizaci\u00f3n digital es la capacidad de mostrar contenido din\u00e1mico. Las organizaciones pueden actualizar los mensajes en tiempo real para reflejar los acontecimientos actuales. Durante una conferencia ajetreada, los carteles pueden mostrar horarios, ubicaciones o recordatorios para los asistentes. Esta flexibilidad garantiza que los visitantes reciban la informaci\u00f3n m\u00e1s relevante disponible.<\/p>\n\n\t\t<\/div>\n\t\t\t\t\t<\/div>\n\n\t\n\n\t<div id=\"col-907411106\" class=\"col medium-6 small-12 large-6\"  >\n\t\t\t\t<div class=\"col-inner\"  >\n\t\t\t\n\t\t\t\n\n<h3><strong>Oportunidades de marketing<\/strong><\/h3>\n<p>La se\u00f1alizaci\u00f3n digital tambi\u00e9n es una potente herramienta de marketing. En las entradas, las organizaciones pueden promocionar su marca, sus valores y sus pr\u00f3ximas iniciativas. Los elementos visuales atractivos crean un ambiente acogedor y dejan una impresi\u00f3n positiva. Este aspecto de marketing puede aumentar la participaci\u00f3n de los visitantes y su inter\u00e9s por los servicios ofrecidos.<\/p>\n<h3><strong>Elementos interactivos que mejoran la experiencia de los visitantes en la escalera y las entradas<\/strong><\/h3>\n<p>La interactividad es una ventaja clave de la se\u00f1alizaci\u00f3n digital en estos \u00e1mbitos. Las pantallas t\u00e1ctiles permiten a los visitantes acceder f\u00e1cilmente a informaci\u00f3n adicional. Pueden encontrar c\u00f3mo llegar, ver los horarios de los actos o informarse sobre los servicios que se ofrecen. Este elemento interactivo enriquece la experiencia del visitante y fomenta la exploraci\u00f3n.<\/p>\n<h3><strong>Impacto medioambiental<\/strong><\/h3>\n<p>La se\u00f1alizaci\u00f3n digital es una opci\u00f3n respetuosa con el medio ambiente. Al reducir la necesidad de material impreso, las organizaciones pueden minimizar los residuos. Las actualizaciones pueden hacerse digitalmente, eliminando la necesidad de nueva se\u00f1alizaci\u00f3n. Esto contribuye a los esfuerzos de sostenibilidad y demuestra la responsabilidad de la empresa.<\/p>\n<p>En resumen, la se\u00f1alizaci\u00f3n digital en escaleras y entradas es vital para mejorar la comunicaci\u00f3n. Mejora la orientaci\u00f3n, la seguridad y la protecci\u00f3n, al tiempo que ofrece contenidos din\u00e1micos. Adem\u00e1s, sirve como herramienta de marketing y apoya la sostenibilidad. A medida que la experiencia del visitante se convierta en una prioridad, la se\u00f1alizaci\u00f3n digital desempe\u00f1ar\u00e1 un papel cada vez m\u00e1s importante.<\/p>\n\n\t\t<\/div>\n\t\t\t\t\t<\/div>\n\n\t\n\n<\/div>\n\n\t\t<\/div>\n\n\t\t\n<style>\n#section_29438611 {\n  padding-top: 30px;\n  padding-bottom: 30px;\n}\n<\/style>\n\t<\/section>\n\t\n\n","protected":false},"excerpt":{"rendered":"","protected":false},"author":5,"featured_media":0,"parent":0,"menu_order":0,"comment_status":"closed","ping_status":"closed","template":"","meta":{"footnotes":""},"class_list":["post-5495","page","type-page","status-publish","hentry"],"yoast_head":"<!-- This site is optimized with the Yoast SEO plugin v27.3 - https:\/\/yoast.com\/product\/yoast-seo-wordpress\/ -->\n<title>Escaleras y entradas - HI-ND<\/title>\n<meta name=\"description\" content=\"Con una carcasa robusta, las pantallas digitales se han adoptado r\u00e1pidamente en escaleras y entradas para crear un entorno extraordinario.\" \/>\n<meta name=\"robots\" content=\"index, follow, max-snippet:-1, max-image-preview:large, max-video-preview:-1\" \/>\n<link rel=\"canonical\" href=\"https:\/\/hi-nd.com\/es\/escaleras-y-entradas\/\" \/>\n<meta property=\"og:locale\" content=\"es_ES\" \/>\n<meta property=\"og:type\" content=\"article\" \/>\n<meta property=\"og:title\" content=\"Escaleras y entradas - HI-ND\" \/>\n<meta property=\"og:description\" content=\"Con una carcasa robusta, las pantallas digitales se han adoptado r\u00e1pidamente en escaleras y entradas para crear un entorno extraordinario.\" \/>\n<meta property=\"og:url\" content=\"https:\/\/hi-nd.com\/es\/escaleras-y-entradas\/\" \/>\n<meta property=\"og:site_name\" content=\"HI-ND\" \/>\n<meta property=\"article:modified_time\" content=\"2025-02-25T09:06:04+00:00\" \/>\n<meta name=\"twitter:card\" content=\"summary_large_image\" \/>\n<meta name=\"twitter:label1\" content=\"Tiempo de lectura\" \/>\n\t<meta name=\"twitter:data1\" content=\"3 minutos\" \/>\n<script type=\"application\/ld+json\" class=\"yoast-schema-graph\">{\"@context\":\"https:\\\/\\\/schema.org\",\"@graph\":[{\"@type\":\"WebPage\",\"@id\":\"https:\\\/\\\/hi-nd.com\\\/es\\\/escaleras-y-entradas\\\/\",\"url\":\"https:\\\/\\\/hi-nd.com\\\/es\\\/escaleras-y-entradas\\\/\",\"name\":\"Escaleras y entradas - HI-ND\",\"isPartOf\":{\"@id\":\"https:\\\/\\\/hi-nd.com\\\/#website\"},\"datePublished\":\"2023-01-26T10:20:48+00:00\",\"dateModified\":\"2025-02-25T09:06:04+00:00\",\"description\":\"Con una carcasa robusta, las pantallas digitales se han adoptado r\u00e1pidamente en escaleras y entradas para crear un entorno extraordinario.\",\"breadcrumb\":{\"@id\":\"https:\\\/\\\/hi-nd.com\\\/es\\\/escaleras-y-entradas\\\/#breadcrumb\"},\"inLanguage\":\"es\",\"potentialAction\":[{\"@type\":\"ReadAction\",\"target\":[\"https:\\\/\\\/hi-nd.com\\\/es\\\/escaleras-y-entradas\\\/\"]}]},{\"@type\":\"BreadcrumbList\",\"@id\":\"https:\\\/\\\/hi-nd.com\\\/es\\\/escaleras-y-entradas\\\/#breadcrumb\",\"itemListElement\":[{\"@type\":\"ListItem\",\"position\":1,\"name\":\"Home\",\"item\":\"https:\\\/\\\/hi-nd.com\\\/es\\\/\"},{\"@type\":\"ListItem\",\"position\":2,\"name\":\"Escaleras y entradas\"}]},{\"@type\":\"WebSite\",\"@id\":\"https:\\\/\\\/hi-nd.com\\\/#website\",\"url\":\"https:\\\/\\\/hi-nd.com\\\/\",\"name\":\"HI-ND\",\"description\":\"Mounting Solutions\",\"potentialAction\":[{\"@type\":\"SearchAction\",\"target\":{\"@type\":\"EntryPoint\",\"urlTemplate\":\"https:\\\/\\\/hi-nd.com\\\/?s={search_term_string}\"},\"query-input\":{\"@type\":\"PropertyValueSpecification\",\"valueRequired\":true,\"valueName\":\"search_term_string\"}}],\"inLanguage\":\"es\"}]}<\/script>\n<!-- \/ Yoast SEO plugin. -->","yoast_head_json":{"title":"Escaleras y entradas - HI-ND","description":"Con una carcasa robusta, las pantallas digitales se han adoptado r\u00e1pidamente en escaleras y entradas para crear un entorno extraordinario.","robots":{"index":"index","follow":"follow","max-snippet":"max-snippet:-1","max-image-preview":"max-image-preview:large","max-video-preview":"max-video-preview:-1"},"canonical":"https:\/\/hi-nd.com\/es\/escaleras-y-entradas\/","og_locale":"es_ES","og_type":"article","og_title":"Escaleras y entradas - HI-ND","og_description":"Con una carcasa robusta, las pantallas digitales se han adoptado r\u00e1pidamente en escaleras y entradas para crear un entorno extraordinario.","og_url":"https:\/\/hi-nd.com\/es\/escaleras-y-entradas\/","og_site_name":"HI-ND","article_modified_time":"2025-02-25T09:06:04+00:00","twitter_card":"summary_large_image","twitter_misc":{"Tiempo de lectura":"3 minutos"},"schema":{"@context":"https:\/\/schema.org","@graph":[{"@type":"WebPage","@id":"https:\/\/hi-nd.com\/es\/escaleras-y-entradas\/","url":"https:\/\/hi-nd.com\/es\/escaleras-y-entradas\/","name":"Escaleras y entradas - HI-ND","isPartOf":{"@id":"https:\/\/hi-nd.com\/#website"},"datePublished":"2023-01-26T10:20:48+00:00","dateModified":"2025-02-25T09:06:04+00:00","description":"Con una carcasa robusta, las pantallas digitales se han adoptado r\u00e1pidamente en escaleras y entradas para crear un entorno extraordinario.","breadcrumb":{"@id":"https:\/\/hi-nd.com\/es\/escaleras-y-entradas\/#breadcrumb"},"inLanguage":"es","potentialAction":[{"@type":"ReadAction","target":["https:\/\/hi-nd.com\/es\/escaleras-y-entradas\/"]}]},{"@type":"BreadcrumbList","@id":"https:\/\/hi-nd.com\/es\/escaleras-y-entradas\/#breadcrumb","itemListElement":[{"@type":"ListItem","position":1,"name":"Home","item":"https:\/\/hi-nd.com\/es\/"},{"@type":"ListItem","position":2,"name":"Escaleras y entradas"}]},{"@type":"WebSite","@id":"https:\/\/hi-nd.com\/#website","url":"https:\/\/hi-nd.com\/","name":"HI-ND","description":"Mounting Solutions","potentialAction":[{"@type":"SearchAction","target":{"@type":"EntryPoint","urlTemplate":"https:\/\/hi-nd.com\/?s={search_term_string}"},"query-input":{"@type":"PropertyValueSpecification","valueRequired":true,"valueName":"search_term_string"}}],"inLanguage":"es"}]}},"_links":{"self":[{"href":"https:\/\/hi-nd.com\/es\/wp-json\/wp\/v2\/pages\/5495","targetHints":{"allow":["GET"]}}],"collection":[{"href":"https:\/\/hi-nd.com\/es\/wp-json\/wp\/v2\/pages"}],"about":[{"href":"https:\/\/hi-nd.com\/es\/wp-json\/wp\/v2\/types\/page"}],"author":[{"embeddable":true,"href":"https:\/\/hi-nd.com\/es\/wp-json\/wp\/v2\/users\/5"}],"replies":[{"embeddable":true,"href":"https:\/\/hi-nd.com\/es\/wp-json\/wp\/v2\/comments?post=5495"}],"version-history":[{"count":2,"href":"https:\/\/hi-nd.com\/es\/wp-json\/wp\/v2\/pages\/5495\/revisions"}],"predecessor-version":[{"id":8439,"href":"https:\/\/hi-nd.com\/es\/wp-json\/wp\/v2\/pages\/5495\/revisions\/8439"}],"wp:attachment":[{"href":"https:\/\/hi-nd.com\/es\/wp-json\/wp\/v2\/media?parent=5495"}],"curies":[{"name":"wp","href":"https:\/\/api.w.org\/{rel}","templated":true}]}}