{"id":5481,"date":"2022-08-22T09:50:37","date_gmt":"2022-08-22T07:50:37","guid":{"rendered":"https:\/\/hi-nd.com\/publicidad\/"},"modified":"2024-10-28T12:00:57","modified_gmt":"2024-10-28T11:00:57","slug":"publicidad","status":"publish","type":"page","link":"https:\/\/hi-nd.com\/es\/publicidad\/","title":{"rendered":"Carteler\u00eda digital para publicidad"},"content":{"rendered":"\n\t<div id=\"gap-502172042\" class=\"gap-element clearfix\" style=\"display:block; height:auto;\">\n\t\t\n<style>\n#gap-502172042 {\n  padding-top: 30px;\n}\n<\/style>\n\t<\/div>\n\t\n\n<div class=\"container section-title-container\" ><h1 class=\"section-title section-title-center\"><b aria-hidden=\"true\"><\/b><span class=\"section-title-main\" >se\u00f1alizaci\u00f3n digital para publicidad<\/span><b aria-hidden=\"true\"><\/b><\/h1><\/div>\n\n\n  <div class=\"banner has-hover has-video\" id=\"banner-2122534435\">\n          <div class=\"banner-inner fill\">\n        <div class=\"banner-bg fill\" >\n                        \t<div class=\"video-overlay no-click fill hide-for-medium\"><\/div>\n\t<video class=\"video-bg fill hide-for-medium\" preload playsinline autoplay muted loop>\n\t\t<source src=\"https:\/\/hi-nd.se\/wp-content\/uploads\/2023\/11\/HI-ND-promo-video.mp4\" type=\"video\/mp4\">\t<\/video>\n                        \n                    <\/div>\n\t\t\n        <div class=\"banner-layers container\">\n            <div class=\"fill banner-link\"><\/div>            \n\n   <div id=\"text-box-113157384\" class=\"text-box banner-layer x50 md-x50 lg-x50 y50 md-y50 lg-y50 res-text\">\n                                <div class=\"text-box-content text dark\">\n              \n              <div class=\"text-inner text-center\">\n                  \n\n\n              <\/div>\n           <\/div>\n                            \n<style>\n#text-box-113157384 {\n  width: 60%;\n}\n#text-box-113157384 .text-box-content {\n  font-size: 100%;\n}\n<\/style>\n    <\/div>\n \n\n        <\/div>\n      <\/div>\n\n            \n<style>\n#banner-2122534435 {\n  padding-top: 500px;\n}\n<\/style>\n  <\/div>\n\n\n\t<div id=\"gap-444984198\" class=\"gap-element clearfix\" style=\"display:block; height:auto;\">\n\t\t\n<style>\n#gap-444984198 {\n  padding-top: 30px;\n}\n<\/style>\n\t<\/div>\n\t\n\n<div class=\"container section-title-container\" ><h2 class=\"section-title section-title-center\"><b aria-hidden=\"true\"><\/b><span class=\"section-title-main\" >publicidad<\/span><b aria-hidden=\"true\"><\/b><\/h2><\/div>\n\n<div class=\"row\"  id=\"row-886248680\">\n\n\n\t<div id=\"col-1143082913\" class=\"col medium-6 small-12 large-6\"  >\n\t\t\t\t<div class=\"col-inner\"  >\n\t\t\t\n\t\t\t\n\n<p>La se\u00f1alizaci\u00f3n digital es una parte importante de la publicidad en comercios y otros lugares p\u00fablicos. Ofrecemos muchos productos diferentes, tanto de interior como de exterior. Estos productos son apropiados para lugares como centros comerciales, centros urbanos, estaciones de tren o aeropuertos, etc. Adem\u00e1s, para todos los <\/p>\n\n\t\t<\/div>\n\t\t\t\t\t<\/div>\n\n\t\n\n\t<div id=\"col-593106847\" class=\"col medium-6 small-12 large-6\"  >\n\t\t\t\t<div class=\"col-inner\"  >\n\t\t\t\n\t\t\t\n\n<p>nuestros productos es posible crear un aspecto m\u00e1s exclusivo a\u00f1adiendo, por ejemplo, un color, un material o un logotipo personalizados.<\/p>\n\n\t\t<\/div>\n\t\t\t\t\t<\/div>\n\n\t\n\n<\/div>\n  <div class=\"banner-grid-wrapper\">\n  <div id=\"banner-grid-1916723759\" class=\"banner-grid row row-grid row-small\" data-packery-options=\"\">\n                      \n\n<div class=\"col grid-col large-6 grid-col-1\" ><div class=\"col-inner\">\n\n\t<div class=\"img has-hover x md-x lg-x y md-y lg-y\" id=\"image_336822015\">\n\t\t<a class=\"\" href=\"https:\/\/hi-nd.com\/es\/producto\/revestimiento-de-pared-advert\/\" >\t\t\t\t\t\t<div class=\"img-inner dark\" >\n\t\t\t<img loading=\"lazy\" decoding=\"async\" width=\"683\" height=\"1024\" src=\"https:\/\/hi-nd.com\/wp-content\/uploads\/2022\/08\/MG_1316-2-683x1024.jpg\" class=\"attachment-large size-large\" alt=\"\" srcset=\"https:\/\/hi-nd.com\/wp-content\/uploads\/2022\/08\/MG_1316-2-683x1024.jpg 683w, https:\/\/hi-nd.com\/wp-content\/uploads\/2022\/08\/MG_1316-2-750x1125.jpg 750w, https:\/\/hi-nd.com\/wp-content\/uploads\/2022\/08\/MG_1316-2-200x300.jpg 200w, https:\/\/hi-nd.com\/wp-content\/uploads\/2022\/08\/MG_1316-2-768x1152.jpg 768w, https:\/\/hi-nd.com\/wp-content\/uploads\/2022\/08\/MG_1316-2-1024x1536.jpg 1024w, https:\/\/hi-nd.com\/wp-content\/uploads\/2022\/08\/MG_1316-2-1365x2048.jpg 1365w, https:\/\/hi-nd.com\/wp-content\/uploads\/2022\/08\/MG_1316-2-scaled.jpg 1707w\" sizes=\"auto, (max-width: 683px) 100vw, 683px\" \/>\t\t\t\t\t\t\n\t\t\t\t\t<\/div>\n\t\t\t\t\t\t<\/a>\t\t\n<style>\n#image_336822015 {\n  width: 100%;\n}\n<\/style>\n\t<\/div>\n\t\n\n\n<\/div><\/div>\n<div class=\"col grid-col large-6 grid-col-1-2\" ><div class=\"col-inner\">\n\n\t<div class=\"img has-hover x md-x lg-x y md-y lg-y\" id=\"image_1151424349\">\n\t\t<a class=\"\" href=\"https:\/\/hi-nd.com\/es\/producto\/totem-de-doble-cara\/\" >\t\t\t\t\t\t<div class=\"img-inner dark\" >\n\t\t\t<img loading=\"lazy\" decoding=\"async\" width=\"1000\" height=\"604\" src=\"https:\/\/hi-nd.com\/wp-content\/uploads\/2023\/12\/Gallerian.jpg\" class=\"attachment-large size-large\" alt=\"Totem\" srcset=\"https:\/\/hi-nd.com\/wp-content\/uploads\/2023\/12\/Gallerian.jpg 1000w, https:\/\/hi-nd.com\/wp-content\/uploads\/2023\/12\/Gallerian-300x181.jpg 300w, https:\/\/hi-nd.com\/wp-content\/uploads\/2023\/12\/Gallerian-768x464.jpg 768w, https:\/\/hi-nd.com\/wp-content\/uploads\/2023\/12\/Gallerian-750x453.jpg 750w\" sizes=\"auto, (max-width: 1000px) 100vw, 1000px\" \/>\t\t\t\t\t\t\n\t\t\t\t\t<\/div>\n\t\t\t\t\t\t<\/a>\t\t\n<style>\n#image_1151424349 {\n  width: 100%;\n}\n<\/style>\n\t<\/div>\n\t\n\n\n<\/div><\/div>\n<div class=\"col grid-col large-3 grid-col-1-2\" ><div class=\"col-inner\">\n\n\t<div class=\"img has-hover x md-x lg-x y md-y lg-y\" id=\"image_1486437796\">\n\t\t<a class=\"\" href=\"https:\/\/hi-nd.com\/es\/producto\/totem-unico-exclusivo\/\" >\t\t\t\t\t\t<div class=\"img-inner dark\" >\n\t\t\t<img loading=\"lazy\" decoding=\"async\" width=\"750\" height=\"750\" src=\"https:\/\/hi-nd.com\/wp-content\/uploads\/2021\/10\/single-totem-55-web.png\" class=\"attachment-large size-large\" alt=\"\" srcset=\"https:\/\/hi-nd.com\/wp-content\/uploads\/2021\/10\/single-totem-55-web.png 750w, https:\/\/hi-nd.com\/wp-content\/uploads\/2021\/10\/single-totem-55-web-100x100.png 100w, https:\/\/hi-nd.com\/wp-content\/uploads\/2021\/10\/single-totem-55-web-300x300.png 300w, https:\/\/hi-nd.com\/wp-content\/uploads\/2021\/10\/single-totem-55-web-150x150.png 150w, https:\/\/hi-nd.com\/wp-content\/uploads\/2021\/10\/single-totem-55-web-600x600.png 600w\" sizes=\"auto, (max-width: 750px) 100vw, 750px\" \/>\t\t\t\t\t\t\n\t\t\t\t\t<\/div>\n\t\t\t\t\t\t<\/a>\t\t\n<style>\n#image_1486437796 {\n  width: 100%;\n}\n<\/style>\n\t<\/div>\n\t\n\n\n<\/div><\/div>\n<div class=\"col grid-col large-3 grid-col-1-2\" ><div class=\"col-inner\">\n\n\t<div class=\"img has-hover x md-x lg-x y md-y lg-y\" id=\"image_1611976183\">\n\t\t<a class=\"\" href=\"https:\/\/hi-nd.com\/es\/producto\/torre\/\" >\t\t\t\t\t\t<div class=\"img-inner dark\" >\n\t\t\t<img loading=\"lazy\" decoding=\"async\" width=\"820\" height=\"1024\" src=\"https:\/\/hi-nd.com\/wp-content\/uploads\/2022\/01\/MG_9091-dualiso-820x1024.jpg\" class=\"attachment-large size-large\" alt=\"Tower\" srcset=\"https:\/\/hi-nd.com\/wp-content\/uploads\/2022\/01\/MG_9091-dualiso-820x1024.jpg 820w, https:\/\/hi-nd.com\/wp-content\/uploads\/2022\/01\/MG_9091-dualiso-240x300.jpg 240w, https:\/\/hi-nd.com\/wp-content\/uploads\/2022\/01\/MG_9091-dualiso-768x959.jpg 768w, https:\/\/hi-nd.com\/wp-content\/uploads\/2022\/01\/MG_9091-dualiso-1230x1536.jpg 1230w, https:\/\/hi-nd.com\/wp-content\/uploads\/2022\/01\/MG_9091-dualiso-750x937.jpg 750w, https:\/\/hi-nd.com\/wp-content\/uploads\/2022\/01\/MG_9091-dualiso.jpg 1500w\" sizes=\"auto, (max-width: 820px) 100vw, 820px\" \/>\t\t\t\t\t\t\n\t\t\t\t\t<\/div>\n\t\t\t\t\t\t<\/a>\t\t\n<style>\n#image_1611976183 {\n  width: 100%;\n}\n<\/style>\n\t<\/div>\n\t\n\n\n<\/div><\/div>\n\n            <\/div>\n    <style>\n    #banner-grid-1916723759 .grid-col-1{height: 600px}\n    #banner-grid-1916723759 .grid-col-1-2{height: 300px}\n    #banner-grid-1916723759 .grid-col-1-3{height:200px}\n    #banner-grid-1916723759 .grid-col-2-3{height: 400px}\n    #banner-grid-1916723759 .grid-col-1-4{height: 150px}\n    #banner-grid-1916723759 .grid-col-3-4{height: 450px}\n\n\n    \n    \n\n  <\/style>\n    <\/div>\n  \n\n","protected":false},"excerpt":{"rendered":"","protected":false},"author":5,"featured_media":0,"parent":0,"menu_order":0,"comment_status":"closed","ping_status":"closed","template":"","meta":{"footnotes":""},"class_list":["post-5481","page","type-page","status-publish","hentry"],"yoast_head":"<!-- This site is optimized with the Yoast SEO plugin v27.3 - https:\/\/yoast.com\/product\/yoast-seo-wordpress\/ -->\n<title>Carteler\u00eda digital para publicidad - HI-ND<\/title>\n<meta name=\"description\" content=\"La se\u00f1alizaci\u00f3n digital es clave para las empresas de publicidad. Hi-ND dispone de una amplia gama de productos tanto para interior como para exterior.\" \/>\n<meta name=\"robots\" content=\"index, follow, max-snippet:-1, max-image-preview:large, max-video-preview:-1\" \/>\n<link rel=\"canonical\" href=\"https:\/\/hi-nd.com\/es\/publicidad\/\" \/>\n<meta property=\"og:locale\" content=\"es_ES\" \/>\n<meta property=\"og:type\" content=\"article\" \/>\n<meta property=\"og:title\" content=\"Carteler\u00eda digital para publicidad - HI-ND\" \/>\n<meta property=\"og:description\" content=\"La se\u00f1alizaci\u00f3n digital es clave para las empresas de publicidad. Hi-ND dispone de una amplia gama de productos tanto para interior como para exterior.\" \/>\n<meta property=\"og:url\" content=\"https:\/\/hi-nd.com\/es\/publicidad\/\" \/>\n<meta property=\"og:site_name\" content=\"HI-ND\" \/>\n<meta property=\"article:modified_time\" content=\"2024-10-28T11:00:57+00:00\" \/>\n<meta name=\"twitter:card\" content=\"summary_large_image\" \/>\n<meta name=\"twitter:label1\" content=\"Tiempo de lectura\" \/>\n\t<meta name=\"twitter:data1\" content=\"1 minuto\" \/>\n<script type=\"application\/ld+json\" class=\"yoast-schema-graph\">{\"@context\":\"https:\\\/\\\/schema.org\",\"@graph\":[{\"@type\":\"WebPage\",\"@id\":\"https:\\\/\\\/hi-nd.com\\\/es\\\/publicidad\\\/\",\"url\":\"https:\\\/\\\/hi-nd.com\\\/es\\\/publicidad\\\/\",\"name\":\"Carteler\u00eda digital para publicidad - HI-ND\",\"isPartOf\":{\"@id\":\"https:\\\/\\\/hi-nd.com\\\/#website\"},\"datePublished\":\"2022-08-22T07:50:37+00:00\",\"dateModified\":\"2024-10-28T11:00:57+00:00\",\"description\":\"La se\u00f1alizaci\u00f3n digital es clave para las empresas de publicidad. Hi-ND dispone de una amplia gama de productos tanto para interior como para exterior.\",\"breadcrumb\":{\"@id\":\"https:\\\/\\\/hi-nd.com\\\/es\\\/publicidad\\\/#breadcrumb\"},\"inLanguage\":\"es\",\"potentialAction\":[{\"@type\":\"ReadAction\",\"target\":[\"https:\\\/\\\/hi-nd.com\\\/es\\\/publicidad\\\/\"]}]},{\"@type\":\"BreadcrumbList\",\"@id\":\"https:\\\/\\\/hi-nd.com\\\/es\\\/publicidad\\\/#breadcrumb\",\"itemListElement\":[{\"@type\":\"ListItem\",\"position\":1,\"name\":\"Home\",\"item\":\"https:\\\/\\\/hi-nd.com\\\/es\\\/\"},{\"@type\":\"ListItem\",\"position\":2,\"name\":\"Carteler\u00eda digital para publicidad\"}]},{\"@type\":\"WebSite\",\"@id\":\"https:\\\/\\\/hi-nd.com\\\/#website\",\"url\":\"https:\\\/\\\/hi-nd.com\\\/\",\"name\":\"HI-ND\",\"description\":\"Mounting Solutions\",\"potentialAction\":[{\"@type\":\"SearchAction\",\"target\":{\"@type\":\"EntryPoint\",\"urlTemplate\":\"https:\\\/\\\/hi-nd.com\\\/?s={search_term_string}\"},\"query-input\":{\"@type\":\"PropertyValueSpecification\",\"valueRequired\":true,\"valueName\":\"search_term_string\"}}],\"inLanguage\":\"es\"}]}<\/script>\n<!-- \/ Yoast SEO plugin. -->","yoast_head_json":{"title":"Carteler\u00eda digital para publicidad - HI-ND","description":"La se\u00f1alizaci\u00f3n digital es clave para las empresas de publicidad. Hi-ND dispone de una amplia gama de productos tanto para interior como para exterior.","robots":{"index":"index","follow":"follow","max-snippet":"max-snippet:-1","max-image-preview":"max-image-preview:large","max-video-preview":"max-video-preview:-1"},"canonical":"https:\/\/hi-nd.com\/es\/publicidad\/","og_locale":"es_ES","og_type":"article","og_title":"Carteler\u00eda digital para publicidad - HI-ND","og_description":"La se\u00f1alizaci\u00f3n digital es clave para las empresas de publicidad. Hi-ND dispone de una amplia gama de productos tanto para interior como para exterior.","og_url":"https:\/\/hi-nd.com\/es\/publicidad\/","og_site_name":"HI-ND","article_modified_time":"2024-10-28T11:00:57+00:00","twitter_card":"summary_large_image","twitter_misc":{"Tiempo de lectura":"1 minuto"},"schema":{"@context":"https:\/\/schema.org","@graph":[{"@type":"WebPage","@id":"https:\/\/hi-nd.com\/es\/publicidad\/","url":"https:\/\/hi-nd.com\/es\/publicidad\/","name":"Carteler\u00eda digital para publicidad - HI-ND","isPartOf":{"@id":"https:\/\/hi-nd.com\/#website"},"datePublished":"2022-08-22T07:50:37+00:00","dateModified":"2024-10-28T11:00:57+00:00","description":"La se\u00f1alizaci\u00f3n digital es clave para las empresas de publicidad. Hi-ND dispone de una amplia gama de productos tanto para interior como para exterior.","breadcrumb":{"@id":"https:\/\/hi-nd.com\/es\/publicidad\/#breadcrumb"},"inLanguage":"es","potentialAction":[{"@type":"ReadAction","target":["https:\/\/hi-nd.com\/es\/publicidad\/"]}]},{"@type":"BreadcrumbList","@id":"https:\/\/hi-nd.com\/es\/publicidad\/#breadcrumb","itemListElement":[{"@type":"ListItem","position":1,"name":"Home","item":"https:\/\/hi-nd.com\/es\/"},{"@type":"ListItem","position":2,"name":"Carteler\u00eda digital para publicidad"}]},{"@type":"WebSite","@id":"https:\/\/hi-nd.com\/#website","url":"https:\/\/hi-nd.com\/","name":"HI-ND","description":"Mounting Solutions","potentialAction":[{"@type":"SearchAction","target":{"@type":"EntryPoint","urlTemplate":"https:\/\/hi-nd.com\/?s={search_term_string}"},"query-input":{"@type":"PropertyValueSpecification","valueRequired":true,"valueName":"search_term_string"}}],"inLanguage":"es"}]}},"_links":{"self":[{"href":"https:\/\/hi-nd.com\/es\/wp-json\/wp\/v2\/pages\/5481","targetHints":{"allow":["GET"]}}],"collection":[{"href":"https:\/\/hi-nd.com\/es\/wp-json\/wp\/v2\/pages"}],"about":[{"href":"https:\/\/hi-nd.com\/es\/wp-json\/wp\/v2\/types\/page"}],"author":[{"embeddable":true,"href":"https:\/\/hi-nd.com\/es\/wp-json\/wp\/v2\/users\/5"}],"replies":[{"embeddable":true,"href":"https:\/\/hi-nd.com\/es\/wp-json\/wp\/v2\/comments?post=5481"}],"version-history":[{"count":12,"href":"https:\/\/hi-nd.com\/es\/wp-json\/wp\/v2\/pages\/5481\/revisions"}],"predecessor-version":[{"id":7870,"href":"https:\/\/hi-nd.com\/es\/wp-json\/wp\/v2\/pages\/5481\/revisions\/7870"}],"wp:attachment":[{"href":"https:\/\/hi-nd.com\/es\/wp-json\/wp\/v2\/media?parent=5481"}],"curies":[{"name":"wp","href":"https:\/\/api.w.org\/{rel}","templated":true}]}}