{"id":5479,"date":"2021-10-25T10:23:24","date_gmt":"2021-10-25T08:23:24","guid":{"rendered":"https:\/\/hi-nd.com\/como-comprar\/"},"modified":"2024-01-24T14:01:08","modified_gmt":"2024-01-24T13:01:08","slug":"como-comprar","status":"publish","type":"page","link":"https:\/\/hi-nd.com\/es\/como-comprar\/","title":{"rendered":"C\u00f3mo comprar"},"content":{"rendered":"\n\n  <div class=\"banner has-hover\" id=\"banner-1861200027\">\n          <div class=\"banner-inner fill\">\n        <div class=\"banner-bg fill\" >\n            <img loading=\"lazy\" decoding=\"async\" width=\"1000\" height=\"604\" src=\"https:\/\/hi-nd.com\/wp-content\/uploads\/2023\/12\/Gallerian.jpg\" class=\"bg attachment-original size-original\" alt=\"Totem\" \/>                                    \n                    <\/div>\n\t\t\n        <div class=\"banner-layers container\">\n            <div class=\"fill banner-link\"><\/div>            \n\n   <div id=\"text-box-757404491\" class=\"text-box banner-layer x50 md-x50 lg-x50 y50 md-y50 lg-y50 res-text\">\n                                <div class=\"text-box-content text dark\">\n              \n              <div class=\"text-inner text-center\">\n                  \n\n\n              <\/div>\n           <\/div>\n                            \n<style>\n#text-box-757404491 {\n  width: 60%;\n}\n#text-box-757404491 .text-box-content {\n  font-size: 100%;\n}\n<\/style>\n    <\/div>\n \n\n        <\/div>\n      <\/div>\n\n            \n<style>\n#banner-1861200027 {\n  padding-top: 400px;\n}\n<\/style>\n  <\/div>\n\n\n\t<div id=\"gap-1747159608\" class=\"gap-element clearfix\" style=\"display:block; height:auto;\">\n\t\t\n<style>\n#gap-1747159608 {\n  padding-top: 30px;\n}\n<\/style>\n\t<\/div>\n\t\n\n<div class=\"container section-title-container\" ><h1 class=\"section-title section-title-center\"><b aria-hidden=\"true\"><\/b><span class=\"section-title-main\" >C\u00f3mo comprar<\/span><b aria-hidden=\"true\"><\/b><\/h1><\/div>\n\n<div class=\"row row-divided\"  id=\"row-668897282\">\n\n\n\t<div id=\"col-965830842\" class=\"col medium-6 small-12 large-6\"  >\n\t\t\t\t<div class=\"col-inner\"  >\n\t\t\t\n\t\t\t\n\n\t<div class=\"img has-hover x md-x lg-x y md-y lg-y\" id=\"image_19148782\">\n\t\t\t\t\t\t\t\t<div class=\"img-inner dark\" >\n\t\t\t<img loading=\"lazy\" decoding=\"async\" width=\"428\" height=\"323\" src=\"https:\/\/hi-nd.com\/wp-content\/uploads\/2024\/01\/map-espana.png\" class=\"attachment-large size-large\" alt=\"Map local production spain\" srcset=\"https:\/\/hi-nd.com\/wp-content\/uploads\/2024\/01\/map-espana.png 428w, https:\/\/hi-nd.com\/wp-content\/uploads\/2024\/01\/map-espana-300x226.png 300w\" sizes=\"auto, (max-width: 428px) 100vw, 428px\" \/>\t\t\t\t\t\t\n\t\t\t\t\t<\/div>\n\t\t\t\t\t\t\t\t\n<style>\n#image_19148782 {\n  width: 89%;\n}\n<\/style>\n\t<\/div>\n\t\n\n<h4>Contamos con distribuidoras en varios pa\u00edses de Europa. En Murcia, Espa\u00f1a, tenemos producci\u00f3n local para todos los productos pedidos en Espa\u00f1a.<\/h4>\n<a href=\"https:\/\/hi-nd.com\/contact\/\" class=\"button primary\" style=\"border-radius:77px;\">\n\t\t<span>Contacto<\/span>\n\t<\/a>\n\n\n\n\t\t<\/div>\n\t\t\t\t\t<\/div>\n\n\t\n\n\t<div id=\"col-1047861159\" class=\"col medium-3 small-12 large-3\"  >\n\t\t\t\t<div class=\"col-inner\"  >\n\t\t\t\n\t\t\t\n\n<h2>Encuentre su distribuidor local<\/h2>\n\t<div id=\"gap-1243123044\" class=\"gap-element clearfix\" style=\"display:block; height:auto;\">\n\t\t\n<style>\n#gap-1243123044 {\n  padding-top: 30px;\n}\n<\/style>\n\t<\/div>\n\t\n\n<h3 class=\"accordion_title\">Distribuidores<\/h3><div class=\"accordion\">\n\n\t<div id=\"accordion-1318934493\" class=\"accordion-item\">\n\t\t<a id=\"accordion-1318934493-label\" class=\"accordion-title plain\" href=\"#accordion-item-espa\u00f1a\" aria-expanded=\"false\" aria-controls=\"accordion-1318934493-content\">\n\t\t\t<button class=\"toggle\" aria-label=\"Toggle\"><i class=\"icon-angle-down\" aria-hidden=\"true\"><\/i><\/button>\n\t\t\t<span>Espa\u00f1a<\/span>\n\t\t<\/a>\n\t\t<div id=\"accordion-1318934493-content\" class=\"accordion-inner\" aria-labelledby=\"accordion-1318934493-label\">\n\t\t\t\n\n<p>Producci\u00f3n en Murcia<\/p>\n<p>Para m\u00e1s informaci\u00f3n, p\u00f3ngase en contacto con nosotros en info@hi-nd.com.<\/p>\n\n\t\t<\/div>\n\t<\/div>\n\t\n\t<div id=\"accordion-867951440\" class=\"accordion-item\">\n\t\t<a id=\"accordion-867951440-label\" class=\"accordion-title plain\" href=\"#accordion-item-suecia\" aria-expanded=\"false\" aria-controls=\"accordion-867951440-content\">\n\t\t\t<button class=\"toggle\" aria-label=\"Toggle\"><i class=\"icon-angle-down\" aria-hidden=\"true\"><\/i><\/button>\n\t\t\t<span>Suecia<\/span>\n\t\t<\/a>\n\t\t<div id=\"accordion-867951440-content\" class=\"accordion-inner\" aria-labelledby=\"accordion-867951440-label\">\n\t\t\t\n\n<p><strong>TAMBI\u00c9N Suecia AB<\/strong><br \/>Borgarfjordsgatan 14, 164 40 Kista<br \/>Tel\u00e9fono: +46 8-633 90 00<br \/>Correo electr\u00f3nico: <a href=\"mailto:andreas.sigevall@tdmaverick.com\" target=\"_blank\" rel=\"noopener\">mathias.alm@also.com<\/a><br \/>Web:&nbsp;<a href=\"http:\/\/www.also.com\">www.also.com<\/a><\/p>\n<p><strong>Exertis Captech<\/strong><br \/>Ekonomiv\u00e4gen 11, 436 33 Askim<br \/>Tel: +46 31-45 04 00<br \/>Correo electr\u00f3nico <a href=\"mailto:Andreas.Davidsson@exertis.se\" target=\"_blank\" rel=\"noopener\">Andreas.Davidsson@exertis.se<\/a><br \/>Web:&nbsp;<a href=\"http:\/\/www.exertis.se\/\">www.exertis.se<\/a><\/p>\n<p><strong>Ingram Micro Suecia<\/strong><br \/>G\u00e5rdsfogdev\u00e4gen 7, 168 66 Bromma<br \/>Tel\u00e9fono: +46 70-926 30 94<br \/>Correo electr\u00f3nico: <a href=\"mailto:anders.hellstroem@ingrammicro.com\" target=\"_blank\" rel=\"noopener\">anders.hellstroem@ingrammicro.com<\/a><br \/>Web:&nbsp;<a href=\"https:\/\/www.ingrammicro.se\/\">www.ingrammicro.se\/<\/a><\/p>\n<p><strong>Tech Data Suecia<\/strong><br \/>Fagerstagatan 18 B, 163 53 Sp\u00e5nga<br \/>Tel: +46 8-564 730 57<br \/>Correo electr\u00f3nico: <a href=\"mailto:andreas.sigevall@tdmaverick.com\" target=\"_blank\" rel=\"noopener\">andreas.sigevall@tdmaverick.com<\/a><br \/>Web:&nbsp;<a href=\"http:\/\/www.tdmaverick.se\/\">www.tdmaverick.se<\/a><\/p>\n\n\t\t<\/div>\n\t<\/div>\n\t\n\t<div id=\"accordion-1163767896\" class=\"accordion-item\">\n\t\t<a id=\"accordion-1163767896-label\" class=\"accordion-title plain\" href=\"#accordion-item-noruega\" aria-expanded=\"false\" aria-controls=\"accordion-1163767896-content\">\n\t\t\t<button class=\"toggle\" aria-label=\"Toggle\"><i class=\"icon-angle-down\" aria-hidden=\"true\"><\/i><\/button>\n\t\t\t<span>Noruega<\/span>\n\t\t<\/a>\n\t\t<div id=\"accordion-1163767896-content\" class=\"accordion-inner\" aria-labelledby=\"accordion-1163767896-label\">\n\t\t\t\n\n<p><strong>AS\u00cd COMO<\/strong><br \/>Tassebekkveien 354, 3160 Stokke, Noruega<br \/>Tel: +47 934 93 490<br \/>Correo electr\u00f3nico <a href=\"mailto:Bjorn.Olsen@also.com\">Bjorn.Olsen@also.com<\/a><\/p>\n<p><strong>Exertis Captech Noruega <\/strong><br \/>Nordre Fokser\u00f8d 13 B, 3241 Sandefjord<br \/>Tel: +47&nbsp;416 60&nbsp;020<br \/>E<a href=\"mailto:hakon.paulsen@exertis.no\">mail:ha<\/a>kon.paulsen@exertis.no<\/p>\n\n\t\t<\/div>\n\t<\/div>\n\t\n\t<div id=\"accordion-4037996314\" class=\"accordion-item\">\n\t\t<a id=\"accordion-4037996314-label\" class=\"accordion-title plain\" href=\"#accordion-item-dinamarca\" aria-expanded=\"false\" aria-controls=\"accordion-4037996314-content\">\n\t\t\t<button class=\"toggle\" aria-label=\"Toggle\"><i class=\"icon-angle-down\" aria-hidden=\"true\"><\/i><\/button>\n\t\t\t<span>Dinamarca<\/span>\n\t\t<\/a>\n\t\t<div id=\"accordion-4037996314-content\" class=\"accordion-inner\" aria-labelledby=\"accordion-4037996314-label\">\n\t\t\t\n\n<p><strong>Exertis Dinamarca<\/strong><br \/>N\u00e6rum Hovedgade 8, 2850 N\u00e6rum, Dinamarca<br \/>Tfn: +45 41 413 322<br \/>Correo electr\u00f3nico: <a href=\"mailto:info@exertis.dk\" target=\"_blank\" rel=\"noopener\">info@exertis.dk<\/a><\/p>\n<p><strong>TAMBI\u00c9N A\/S&nbsp;<\/strong><br \/>M\u00e5rk\u00e6rvej 2, 2630 Taastrup, Dinamarca<br \/>Tfn: +45 4355 9270<br \/>E<a href=\"mailto:danmark@also.com\">mail:da<\/a>nmark@also.com<\/p>\n\n\t\t<\/div>\n\t<\/div>\n\t\n\t<div id=\"accordion-3722345187\" class=\"accordion-item\">\n\t\t<a id=\"accordion-3722345187-label\" class=\"accordion-title plain\" href=\"#accordion-item-finlandia\" aria-expanded=\"false\" aria-controls=\"accordion-3722345187-content\">\n\t\t\t<button class=\"toggle\" aria-label=\"Toggle\"><i class=\"icon-angle-down\" aria-hidden=\"true\"><\/i><\/button>\n\t\t\t<span>Finlandia<\/span>\n\t\t<\/a>\n\t\t<div id=\"accordion-3722345187-content\" class=\"accordion-inner\" aria-labelledby=\"accordion-3722345187-label\">\n\t\t\t\n\n<p><strong>TAMBI\u00c9N Finlandia OY&nbsp;<\/strong><br \/>Kalevantie 2, 33100 Tampere<br \/>Tel:+358 45 3302163<br \/>Correo electr\u00f3nico: <a href=\"mailto:Johan.Palander@also.com\">Johan.Palander@also.com<\/a><br \/>Web: <a href=\"https:\/\/fi.techdata.com\/\" target=\"_blank\" rel=\"noopener\">www.also.fi<\/a><\/p>\n<p><strong>Exertis Finlandia<\/strong><br \/>Oficina de Tampere, Rantatie 27, 33250 Tampere<br \/>Tel: +358 (0)3 755 8200<br \/>Correo electr\u00f3nico: <a href=\"mailto:info@exertis.fi\" target=\"_blank\" rel=\"noopener\">info@exertis.fi<\/a><\/p>\n\n\t\t<\/div>\n\t<\/div>\n\t\n\t<div id=\"accordion-1609662285\" class=\"accordion-item\">\n\t\t<a id=\"accordion-1609662285-label\" class=\"accordion-title plain\" href=\"#accordion-item-benelux\" aria-expanded=\"false\" aria-controls=\"accordion-1609662285-content\">\n\t\t\t<button class=\"toggle\" aria-label=\"Toggle\"><i class=\"icon-angle-down\" aria-hidden=\"true\"><\/i><\/button>\n\t\t\t<span>Benelux<\/span>\n\t\t<\/a>\n\t\t<div id=\"accordion-1609662285-content\" class=\"accordion-inner\" aria-labelledby=\"accordion-1609662285-label\">\n\t\t\t\n\n<p><strong>AplusK<\/strong><br \/>Havenkade 2C<br \/>2984 AA Ridderkerk, Pa\u00edses Bajos<br \/>Tel: +31 (0)88 &#8211; 7000 800<br \/>Correo electr\u00f3nico: <a href=\"mailto:info@aplusk.nl\">info@aplusk.nl<\/a><\/p>\n<p>Webb: <a href=\"http:\/\/www.aplusk.nl\/en\">www.aplusk.nl\/en<\/a><\/p>\n<p>&nbsp;<\/p>\n\n\t\t<\/div>\n\t<\/div>\n\t\n\t<div id=\"accordion-283393999\" class=\"accordion-item\">\n\t\t<a id=\"accordion-283393999-label\" class=\"accordion-title plain\" href=\"#accordion-item-alemania\" aria-expanded=\"false\" aria-controls=\"accordion-283393999-content\">\n\t\t\t<button class=\"toggle\" aria-label=\"Toggle\"><i class=\"icon-angle-down\" aria-hidden=\"true\"><\/i><\/button>\n\t\t\t<span>Alemania<\/span>\n\t\t<\/a>\n\t\t<div id=\"accordion-283393999-content\" class=\"accordion-inner\" aria-labelledby=\"accordion-283393999-label\">\n\t\t\t\n\n<p><strong>M-Medientechnik GmbH<\/strong><\/p>\n<p>Karl-Schiller-Stra\u00dfe 3<\/p>\n<p>D-92348 Berg bei Neumarkt i.d.Opf<\/p>\n<p>Correo electr\u00f3nico: <a href=\"mailto:info@m-medientechnik.de\">info@m-medientechnik.de<\/a><\/p>\n<p>Webb: <a href=\"mailto:mentzel@m-medientechnik.de\">mentzel@m-medientechnik.de<\/a> <\/p><\/p>\n\n\t\t<\/div>\n\t<\/div>\n\t\n\n<\/div>\n\n\t\t<\/div>\n\t\t\t\t\t<\/div>\n\n\t\n\n<\/div>\n\n","protected":false},"excerpt":{"rendered":"","protected":false},"author":1,"featured_media":0,"parent":0,"menu_order":0,"comment_status":"closed","ping_status":"closed","template":"","meta":{"footnotes":""},"class_list":["post-5479","page","type-page","status-publish","hentry"],"yoast_head":"<!-- This site is optimized with the Yoast SEO plugin v27.4 - https:\/\/yoast.com\/product\/yoast-seo-wordpress\/ -->\n<title>C\u00f3mo comprar - HI-ND<\/title>\n<meta name=\"description\" content=\"P\u00f3ngase en contacto con su distribuidor local para adquirir nuestros productos. Est\u00e1n disponibles en todos los pa\u00edses n\u00f3rdicos.\" \/>\n<meta name=\"robots\" content=\"index, follow, max-snippet:-1, max-image-preview:large, max-video-preview:-1\" \/>\n<link rel=\"canonical\" href=\"https:\/\/hi-nd.com\/es\/como-comprar\/\" \/>\n<meta property=\"og:locale\" content=\"es_ES\" \/>\n<meta property=\"og:type\" content=\"article\" \/>\n<meta property=\"og:title\" content=\"C\u00f3mo comprar - HI-ND\" \/>\n<meta property=\"og:description\" content=\"P\u00f3ngase en contacto con su distribuidor local para adquirir nuestros productos. Est\u00e1n disponibles en todos los pa\u00edses n\u00f3rdicos.\" \/>\n<meta property=\"og:url\" content=\"https:\/\/hi-nd.com\/es\/como-comprar\/\" \/>\n<meta property=\"og:site_name\" content=\"HI-ND\" \/>\n<meta property=\"article:modified_time\" content=\"2024-01-24T13:01:08+00:00\" \/>\n<meta name=\"twitter:card\" content=\"summary_large_image\" \/>\n<meta name=\"twitter:label1\" content=\"Tiempo de lectura\" \/>\n\t<meta name=\"twitter:data1\" content=\"2 minutos\" \/>\n<script type=\"application\/ld+json\" class=\"yoast-schema-graph\">{\"@context\":\"https:\\\/\\\/schema.org\",\"@graph\":[{\"@type\":\"WebPage\",\"@id\":\"https:\\\/\\\/hi-nd.com\\\/es\\\/como-comprar\\\/\",\"url\":\"https:\\\/\\\/hi-nd.com\\\/es\\\/como-comprar\\\/\",\"name\":\"C\u00f3mo comprar - HI-ND\",\"isPartOf\":{\"@id\":\"https:\\\/\\\/hi-nd.com\\\/#website\"},\"datePublished\":\"2021-10-25T08:23:24+00:00\",\"dateModified\":\"2024-01-24T13:01:08+00:00\",\"description\":\"P\u00f3ngase en contacto con su distribuidor local para adquirir nuestros productos. Est\u00e1n disponibles en todos los pa\u00edses n\u00f3rdicos.\",\"breadcrumb\":{\"@id\":\"https:\\\/\\\/hi-nd.com\\\/es\\\/como-comprar\\\/#breadcrumb\"},\"inLanguage\":\"es\",\"potentialAction\":[{\"@type\":\"ReadAction\",\"target\":[\"https:\\\/\\\/hi-nd.com\\\/es\\\/como-comprar\\\/\"]}]},{\"@type\":\"BreadcrumbList\",\"@id\":\"https:\\\/\\\/hi-nd.com\\\/es\\\/como-comprar\\\/#breadcrumb\",\"itemListElement\":[{\"@type\":\"ListItem\",\"position\":1,\"name\":\"Home\",\"item\":\"https:\\\/\\\/hi-nd.com\\\/es\\\/\"},{\"@type\":\"ListItem\",\"position\":2,\"name\":\"C\u00f3mo comprar\"}]},{\"@type\":\"WebSite\",\"@id\":\"https:\\\/\\\/hi-nd.com\\\/#website\",\"url\":\"https:\\\/\\\/hi-nd.com\\\/\",\"name\":\"HI-ND\",\"description\":\"Mounting Solutions\",\"potentialAction\":[{\"@type\":\"SearchAction\",\"target\":{\"@type\":\"EntryPoint\",\"urlTemplate\":\"https:\\\/\\\/hi-nd.com\\\/?s={search_term_string}\"},\"query-input\":{\"@type\":\"PropertyValueSpecification\",\"valueRequired\":true,\"valueName\":\"search_term_string\"}}],\"inLanguage\":\"es\"}]}<\/script>\n<!-- \/ Yoast SEO plugin. -->","yoast_head_json":{"title":"C\u00f3mo comprar - HI-ND","description":"P\u00f3ngase en contacto con su distribuidor local para adquirir nuestros productos. Est\u00e1n disponibles en todos los pa\u00edses n\u00f3rdicos.","robots":{"index":"index","follow":"follow","max-snippet":"max-snippet:-1","max-image-preview":"max-image-preview:large","max-video-preview":"max-video-preview:-1"},"canonical":"https:\/\/hi-nd.com\/es\/como-comprar\/","og_locale":"es_ES","og_type":"article","og_title":"C\u00f3mo comprar - HI-ND","og_description":"P\u00f3ngase en contacto con su distribuidor local para adquirir nuestros productos. Est\u00e1n disponibles en todos los pa\u00edses n\u00f3rdicos.","og_url":"https:\/\/hi-nd.com\/es\/como-comprar\/","og_site_name":"HI-ND","article_modified_time":"2024-01-24T13:01:08+00:00","twitter_card":"summary_large_image","twitter_misc":{"Tiempo de lectura":"2 minutos"},"schema":{"@context":"https:\/\/schema.org","@graph":[{"@type":"WebPage","@id":"https:\/\/hi-nd.com\/es\/como-comprar\/","url":"https:\/\/hi-nd.com\/es\/como-comprar\/","name":"C\u00f3mo comprar - HI-ND","isPartOf":{"@id":"https:\/\/hi-nd.com\/#website"},"datePublished":"2021-10-25T08:23:24+00:00","dateModified":"2024-01-24T13:01:08+00:00","description":"P\u00f3ngase en contacto con su distribuidor local para adquirir nuestros productos. Est\u00e1n disponibles en todos los pa\u00edses n\u00f3rdicos.","breadcrumb":{"@id":"https:\/\/hi-nd.com\/es\/como-comprar\/#breadcrumb"},"inLanguage":"es","potentialAction":[{"@type":"ReadAction","target":["https:\/\/hi-nd.com\/es\/como-comprar\/"]}]},{"@type":"BreadcrumbList","@id":"https:\/\/hi-nd.com\/es\/como-comprar\/#breadcrumb","itemListElement":[{"@type":"ListItem","position":1,"name":"Home","item":"https:\/\/hi-nd.com\/es\/"},{"@type":"ListItem","position":2,"name":"C\u00f3mo comprar"}]},{"@type":"WebSite","@id":"https:\/\/hi-nd.com\/#website","url":"https:\/\/hi-nd.com\/","name":"HI-ND","description":"Mounting Solutions","potentialAction":[{"@type":"SearchAction","target":{"@type":"EntryPoint","urlTemplate":"https:\/\/hi-nd.com\/?s={search_term_string}"},"query-input":{"@type":"PropertyValueSpecification","valueRequired":true,"valueName":"search_term_string"}}],"inLanguage":"es"}]}},"_links":{"self":[{"href":"https:\/\/hi-nd.com\/es\/wp-json\/wp\/v2\/pages\/5479","targetHints":{"allow":["GET"]}}],"collection":[{"href":"https:\/\/hi-nd.com\/es\/wp-json\/wp\/v2\/pages"}],"about":[{"href":"https:\/\/hi-nd.com\/es\/wp-json\/wp\/v2\/types\/page"}],"author":[{"embeddable":true,"href":"https:\/\/hi-nd.com\/es\/wp-json\/wp\/v2\/users\/1"}],"replies":[{"embeddable":true,"href":"https:\/\/hi-nd.com\/es\/wp-json\/wp\/v2\/comments?post=5479"}],"version-history":[{"count":18,"href":"https:\/\/hi-nd.com\/es\/wp-json\/wp\/v2\/pages\/5479\/revisions"}],"predecessor-version":[{"id":6553,"href":"https:\/\/hi-nd.com\/es\/wp-json\/wp\/v2\/pages\/5479\/revisions\/6553"}],"wp:attachment":[{"href":"https:\/\/hi-nd.com\/es\/wp-json\/wp\/v2\/media?parent=5479"}],"curies":[{"name":"wp","href":"https:\/\/api.w.org\/{rel}","templated":true}]}}