{"id":9643,"date":"2024-11-11T14:35:05","date_gmt":"2024-11-11T13:35:05","guid":{"rendered":"https:\/\/hi-nd.com\/product\/deckenbefestigung-mit-drahtseilen\/"},"modified":"2024-11-11T14:35:05","modified_gmt":"2024-11-11T13:35:05","slug":"deckenbefestigung-mit-drahtseilen","status":"publish","type":"product","link":"https:\/\/hi-nd.com\/de\/produkt\/deckenbefestigung-mit-drahtseilen\/","title":{"rendered":"Deckenbefestigung mit Drahtseilen"},"content":{"rendered":"<table style=\"height: 100px;\" width=\"773\">\n<tbody>\n<tr>\n <em> <\/p>\n<td width=\"150\">Teil Nummer<\/td>\n<p><\/em><\/p>\n<td width=\"230 \"><em> Beschreibung<\/em><\/td>\n<td width=\"330 \"><em> Kompatible Bildschirme<\/em><\/td>\n<td width=\"73\"><em> Farbe<\/em><\/td>\n<\/tr>\n<tr>\n<td>VF0011-0101-01<\/td>\n<td>Deckenbefestigung mit Drahtseilen<\/td>\n<td>43&#8243;-75&#8243;<\/td>\n<td>Wei\u00df<\/td>\n<\/tr>\n<tr>\n<td> VF0011-0101-02<\/td>\n<td>Deckenbefestigung mit Drahtseilen<\/td>\n<td> 43&#8243;-75&#8243;<\/td>\n<td> Schwarz<\/td>\n<\/tr>\n<\/tbody>\n<\/table>\n","protected":false},"excerpt":{"rendered":"<p>Diese Deckenhalterung f\u00fcr Kabell\u00f6sungen kann mit dem <a href=\"https:\/\/hi-nd.com\/product\/wire-for-ceiling-casing\/\">HI-ND Kabelsatz<\/a> verwendet werden. Sie ist f\u00fcr Bildschirme von 43&#8243;-75&#8243; (max. 100 kg) geeignet und in Schwarz und Wei\u00df erh\u00e4ltlich. Sie ist 90 cm breit und hat ein Gewicht von 3 kg.  <\/p>\n","protected":false},"featured_media":7936,"template":"","meta":[],"product_brand":[],"product_cat":[81,103],"product_tag":[],"class_list":{"0":"post-9643","1":"product","2":"type-product","3":"status-publish","4":"has-post-thumbnail","6":"product_cat-decken","7":"product_cat-deckenhalterung","9":"first","10":"instock","11":"shipping-taxable","12":"product-type-simple"},"yoast_head":"<!-- This site is optimized with the Yoast SEO plugin v27.3 - https:\/\/yoast.com\/product\/yoast-seo-wordpress\/ -->\n<title>Deckenbefestigung mit Drahtseilen - HI-ND<\/title>\n<meta name=\"robots\" content=\"index, follow, max-snippet:-1, max-image-preview:large, max-video-preview:-1\" \/>\n<link rel=\"canonical\" href=\"https:\/\/hi-nd.com\/de\/produkt\/deckenbefestigung-mit-drahtseilen\/\" \/>\n<meta property=\"og:locale\" content=\"de_DE\" \/>\n<meta property=\"og:type\" content=\"article\" \/>\n<meta property=\"og:title\" content=\"Deckenbefestigung mit Drahtseilen - HI-ND\" \/>\n<meta property=\"og:description\" content=\"Diese Deckenhalterung f\u00fcr Kabell\u00f6sungen kann mit dem HI-ND Kabelsatz verwendet werden. Sie ist f\u00fcr Bildschirme von 43&quot;-75&quot; (max. 100 kg) geeignet und in Schwarz und Wei\u00df erh\u00e4ltlich. Sie ist 90 cm breit und hat ein Gewicht von 3 kg.\" \/>\n<meta property=\"og:url\" content=\"https:\/\/hi-nd.com\/de\/produkt\/deckenbefestigung-mit-drahtseilen\/\" \/>\n<meta property=\"og:site_name\" content=\"HI-ND\" \/>\n<meta property=\"og:image\" content=\"https:\/\/hi-nd.com\/wp-content\/uploads\/2024\/11\/VF0011-0101-01-750x750-1.png\" \/>\n\t<meta property=\"og:image:width\" content=\"2160\" \/>\n\t<meta property=\"og:image:height\" content=\"2160\" \/>\n\t<meta property=\"og:image:type\" content=\"image\/png\" \/>\n<meta name=\"twitter:card\" content=\"summary_large_image\" \/>\n<script type=\"application\/ld+json\" class=\"yoast-schema-graph\">{\"@context\":\"https:\\\/\\\/schema.org\",\"@graph\":[{\"@type\":\"WebPage\",\"@id\":\"https:\\\/\\\/hi-nd.com\\\/de\\\/produkt\\\/deckenbefestigung-mit-drahtseilen\\\/\",\"url\":\"https:\\\/\\\/hi-nd.com\\\/de\\\/produkt\\\/deckenbefestigung-mit-drahtseilen\\\/\",\"name\":\"Deckenbefestigung mit Drahtseilen - HI-ND\",\"isPartOf\":{\"@id\":\"https:\\\/\\\/hi-nd.com\\\/#website\"},\"primaryImageOfPage\":{\"@id\":\"https:\\\/\\\/hi-nd.com\\\/de\\\/produkt\\\/deckenbefestigung-mit-drahtseilen\\\/#primaryimage\"},\"image\":{\"@id\":\"https:\\\/\\\/hi-nd.com\\\/de\\\/produkt\\\/deckenbefestigung-mit-drahtseilen\\\/#primaryimage\"},\"thumbnailUrl\":\"https:\\\/\\\/hi-nd.com\\\/wp-content\\\/uploads\\\/2024\\\/11\\\/VF0011-0101-01-750x750-1.png\",\"datePublished\":\"2024-11-11T13:35:05+00:00\",\"breadcrumb\":{\"@id\":\"https:\\\/\\\/hi-nd.com\\\/de\\\/produkt\\\/deckenbefestigung-mit-drahtseilen\\\/#breadcrumb\"},\"inLanguage\":\"de\",\"potentialAction\":[{\"@type\":\"ReadAction\",\"target\":[\"https:\\\/\\\/hi-nd.com\\\/de\\\/produkt\\\/deckenbefestigung-mit-drahtseilen\\\/\"]}]},{\"@type\":\"ImageObject\",\"inLanguage\":\"de\",\"@id\":\"https:\\\/\\\/hi-nd.com\\\/de\\\/produkt\\\/deckenbefestigung-mit-drahtseilen\\\/#primaryimage\",\"url\":\"https:\\\/\\\/hi-nd.com\\\/wp-content\\\/uploads\\\/2024\\\/11\\\/VF0011-0101-01-750x750-1.png\",\"contentUrl\":\"https:\\\/\\\/hi-nd.com\\\/wp-content\\\/uploads\\\/2024\\\/11\\\/VF0011-0101-01-750x750-1.png\",\"width\":2160,\"height\":2160,\"caption\":\"Deckenhalterung f\u00fcr Kabel\"},{\"@type\":\"BreadcrumbList\",\"@id\":\"https:\\\/\\\/hi-nd.com\\\/de\\\/produkt\\\/deckenbefestigung-mit-drahtseilen\\\/#breadcrumb\",\"itemListElement\":[{\"@type\":\"ListItem\",\"position\":1,\"name\":\"Home\",\"item\":\"https:\\\/\\\/hi-nd.com\\\/de\\\/\"},{\"@type\":\"ListItem\",\"position\":2,\"name\":\"Shop\",\"item\":\"https:\\\/\\\/hi-nd.com\\\/de\\\/shop\\\/\"},{\"@type\":\"ListItem\",\"position\":3,\"name\":\"Deckenbefestigung mit Drahtseilen\"}]},{\"@type\":\"WebSite\",\"@id\":\"https:\\\/\\\/hi-nd.com\\\/#website\",\"url\":\"https:\\\/\\\/hi-nd.com\\\/\",\"name\":\"HI-ND\",\"description\":\"Mounting Solutions\",\"potentialAction\":[{\"@type\":\"SearchAction\",\"target\":{\"@type\":\"EntryPoint\",\"urlTemplate\":\"https:\\\/\\\/hi-nd.com\\\/?s={search_term_string}\"},\"query-input\":{\"@type\":\"PropertyValueSpecification\",\"valueRequired\":true,\"valueName\":\"search_term_string\"}}],\"inLanguage\":\"de\"}]}<\/script>\n<!-- \/ Yoast SEO plugin. -->","yoast_head_json":{"title":"Deckenbefestigung mit Drahtseilen - HI-ND","robots":{"index":"index","follow":"follow","max-snippet":"max-snippet:-1","max-image-preview":"max-image-preview:large","max-video-preview":"max-video-preview:-1"},"canonical":"https:\/\/hi-nd.com\/de\/produkt\/deckenbefestigung-mit-drahtseilen\/","og_locale":"de_DE","og_type":"article","og_title":"Deckenbefestigung mit Drahtseilen - HI-ND","og_description":"Diese Deckenhalterung f\u00fcr Kabell\u00f6sungen kann mit dem HI-ND Kabelsatz verwendet werden. Sie ist f\u00fcr Bildschirme von 43\"-75\" (max. 100 kg) geeignet und in Schwarz und Wei\u00df erh\u00e4ltlich. Sie ist 90 cm breit und hat ein Gewicht von 3 kg.","og_url":"https:\/\/hi-nd.com\/de\/produkt\/deckenbefestigung-mit-drahtseilen\/","og_site_name":"HI-ND","og_image":[{"width":2160,"height":2160,"url":"https:\/\/hi-nd.com\/wp-content\/uploads\/2024\/11\/VF0011-0101-01-750x750-1.png","type":"image\/png"}],"twitter_card":"summary_large_image","schema":{"@context":"https:\/\/schema.org","@graph":[{"@type":"WebPage","@id":"https:\/\/hi-nd.com\/de\/produkt\/deckenbefestigung-mit-drahtseilen\/","url":"https:\/\/hi-nd.com\/de\/produkt\/deckenbefestigung-mit-drahtseilen\/","name":"Deckenbefestigung mit Drahtseilen - HI-ND","isPartOf":{"@id":"https:\/\/hi-nd.com\/#website"},"primaryImageOfPage":{"@id":"https:\/\/hi-nd.com\/de\/produkt\/deckenbefestigung-mit-drahtseilen\/#primaryimage"},"image":{"@id":"https:\/\/hi-nd.com\/de\/produkt\/deckenbefestigung-mit-drahtseilen\/#primaryimage"},"thumbnailUrl":"https:\/\/hi-nd.com\/wp-content\/uploads\/2024\/11\/VF0011-0101-01-750x750-1.png","datePublished":"2024-11-11T13:35:05+00:00","breadcrumb":{"@id":"https:\/\/hi-nd.com\/de\/produkt\/deckenbefestigung-mit-drahtseilen\/#breadcrumb"},"inLanguage":"de","potentialAction":[{"@type":"ReadAction","target":["https:\/\/hi-nd.com\/de\/produkt\/deckenbefestigung-mit-drahtseilen\/"]}]},{"@type":"ImageObject","inLanguage":"de","@id":"https:\/\/hi-nd.com\/de\/produkt\/deckenbefestigung-mit-drahtseilen\/#primaryimage","url":"https:\/\/hi-nd.com\/wp-content\/uploads\/2024\/11\/VF0011-0101-01-750x750-1.png","contentUrl":"https:\/\/hi-nd.com\/wp-content\/uploads\/2024\/11\/VF0011-0101-01-750x750-1.png","width":2160,"height":2160,"caption":"Deckenhalterung f\u00fcr Kabel"},{"@type":"BreadcrumbList","@id":"https:\/\/hi-nd.com\/de\/produkt\/deckenbefestigung-mit-drahtseilen\/#breadcrumb","itemListElement":[{"@type":"ListItem","position":1,"name":"Home","item":"https:\/\/hi-nd.com\/de\/"},{"@type":"ListItem","position":2,"name":"Shop","item":"https:\/\/hi-nd.com\/de\/shop\/"},{"@type":"ListItem","position":3,"name":"Deckenbefestigung mit Drahtseilen"}]},{"@type":"WebSite","@id":"https:\/\/hi-nd.com\/#website","url":"https:\/\/hi-nd.com\/","name":"HI-ND","description":"Mounting Solutions","potentialAction":[{"@type":"SearchAction","target":{"@type":"EntryPoint","urlTemplate":"https:\/\/hi-nd.com\/?s={search_term_string}"},"query-input":{"@type":"PropertyValueSpecification","valueRequired":true,"valueName":"search_term_string"}}],"inLanguage":"de"}]}},"_links":{"self":[{"href":"https:\/\/hi-nd.com\/de\/wp-json\/wp\/v2\/product\/9643","targetHints":{"allow":["GET"]}}],"collection":[{"href":"https:\/\/hi-nd.com\/de\/wp-json\/wp\/v2\/product"}],"about":[{"href":"https:\/\/hi-nd.com\/de\/wp-json\/wp\/v2\/types\/product"}],"wp:featuredmedia":[{"embeddable":true,"href":"https:\/\/hi-nd.com\/de\/wp-json\/wp\/v2\/media\/7936"}],"wp:attachment":[{"href":"https:\/\/hi-nd.com\/de\/wp-json\/wp\/v2\/media?parent=9643"}],"wp:term":[{"taxonomy":"product_brand","embeddable":true,"href":"https:\/\/hi-nd.com\/de\/wp-json\/wp\/v2\/product_brand?post=9643"},{"taxonomy":"product_cat","embeddable":true,"href":"https:\/\/hi-nd.com\/de\/wp-json\/wp\/v2\/product_cat?post=9643"},{"taxonomy":"product_tag","embeddable":true,"href":"https:\/\/hi-nd.com\/de\/wp-json\/wp\/v2\/product_tag?post=9643"}],"curies":[{"name":"wp","href":"https:\/\/api.w.org\/{rel}","templated":true}]}}