{"id":9568,"date":"2026-01-22T09:42:09","date_gmt":"2026-01-22T08:42:09","guid":{"rendered":"https:\/\/hi-nd.com\/?post_type=product&#038;p=9568"},"modified":"2026-01-23T14:36:01","modified_gmt":"2026-01-23T13:36:01","slug":"new-deckenverkleidungsfenster-fur-samsung-om55-copy-copy","status":"publish","type":"product","link":"https:\/\/hi-nd.com\/de\/produkt\/new-deckenverkleidungsfenster-fur-samsung-om55-copy-copy\/","title":{"rendered":"Q Einseitige Deckenverkleidung stretch 37&#8243;"},"content":{"rendered":"<table style=\"height: 100px;\" width=\"773\">\n<tbody>\n<tr>\n<td width=\"150\"><em> Teil Nummer<\/em><\/td>\n<td width=\"300 \"><em> Beschreibung<\/em><\/td>\n<td width=\"330 \"><em> Kompatible Bildschirme<\/em><\/td>\n<td width=\"73\"><em> Farbe<\/em><\/td>\n<\/tr>\n<tr>\n<td> CC3712-0201-01<\/td>\n<td> Einseitiges Deckengeh\u00e4use Stretch 37&#8243;<\/td>\n<td> Samsung SH37C<\/td>\n<td> Wei\u00df<\/td>\n<\/tr>\n<tr>\n<td> CC3712-0201-02<\/td>\n<td> Einseitiges Deckengeh\u00e4use Stretch 37&#8243;<\/td>\n<td> Samsung SH37C<\/td>\n<td> Schwarz<\/td>\n<\/tr>\n<\/tbody>\n<\/table>\n","protected":false},"excerpt":{"rendered":"<p>Die einseitige Deckenverkleidung Stretch ist f\u00fcr 37&#8243;-Displays konzipiert. Sie ist die perfekte L\u00f6sung f\u00fcr digitale Beschilderungsl\u00f6sungen in Gesch\u00e4ften. <\/p>\n<p>Schwarze und wei\u00dfe Farbe als Standard<br \/>\nAlle Kabel sind versteckt<\/p>\n","protected":false},"featured_media":9577,"template":"","meta":[],"product_brand":[],"product_cat":[81,82],"product_tag":[],"class_list":{"0":"post-9568","1":"product","2":"type-product","3":"status-publish","4":"has-post-thumbnail","6":"product_cat-decken","7":"product_cat-gehause","9":"first","10":"instock","11":"shipping-taxable","12":"product-type-simple"},"yoast_head":"<!-- This site is optimized with the Yoast SEO plugin v27.3 - https:\/\/yoast.com\/product\/yoast-seo-wordpress\/ -->\n<title>Q Einseitige Deckenverkleidung stretch 37&quot; - HI-ND<\/title>\n<meta name=\"robots\" content=\"index, follow, max-snippet:-1, max-image-preview:large, max-video-preview:-1\" \/>\n<link rel=\"canonical\" href=\"https:\/\/hi-nd.com\/de\/produkt\/new-deckenverkleidungsfenster-fur-samsung-om55-copy-copy\/\" \/>\n<meta property=\"og:locale\" content=\"de_DE\" \/>\n<meta property=\"og:type\" content=\"article\" \/>\n<meta property=\"og:title\" content=\"Q Einseitige Deckenverkleidung stretch 37&quot; - HI-ND\" \/>\n<meta property=\"og:description\" content=\"Die einseitige Deckenverkleidung Stretch ist f\u00fcr 37&quot;-Displays konzipiert. Sie ist die perfekte L\u00f6sung f\u00fcr digitale Beschilderungsl\u00f6sungen in Gesch\u00e4ften.  Schwarze und wei\u00dfe Farbe als Standard Alle Kabel sind versteckt\" \/>\n<meta property=\"og:url\" content=\"https:\/\/hi-nd.com\/de\/produkt\/new-deckenverkleidungsfenster-fur-samsung-om55-copy-copy\/\" \/>\n<meta property=\"og:site_name\" content=\"HI-ND\" \/>\n<meta property=\"article:modified_time\" content=\"2026-01-23T13:36:01+00:00\" \/>\n<meta property=\"og:image\" content=\"https:\/\/hi-nd.com\/wp-content\/uploads\/2026\/01\/CC3711-0101-01_01-750x750-1.jpg\" \/>\n\t<meta property=\"og:image:width\" content=\"750\" \/>\n\t<meta property=\"og:image:height\" content=\"750\" \/>\n\t<meta property=\"og:image:type\" content=\"image\/jpeg\" \/>\n<meta name=\"twitter:card\" content=\"summary_large_image\" \/>\n<script type=\"application\/ld+json\" class=\"yoast-schema-graph\">{\"@context\":\"https:\\\/\\\/schema.org\",\"@graph\":[{\"@type\":\"WebPage\",\"@id\":\"https:\\\/\\\/hi-nd.com\\\/de\\\/produkt\\\/new-deckenverkleidungsfenster-fur-samsung-om55-copy-copy\\\/\",\"url\":\"https:\\\/\\\/hi-nd.com\\\/de\\\/produkt\\\/new-deckenverkleidungsfenster-fur-samsung-om55-copy-copy\\\/\",\"name\":\"Q Einseitige Deckenverkleidung stretch 37\\\" - HI-ND\",\"isPartOf\":{\"@id\":\"https:\\\/\\\/hi-nd.com\\\/#website\"},\"primaryImageOfPage\":{\"@id\":\"https:\\\/\\\/hi-nd.com\\\/de\\\/produkt\\\/new-deckenverkleidungsfenster-fur-samsung-om55-copy-copy\\\/#primaryimage\"},\"image\":{\"@id\":\"https:\\\/\\\/hi-nd.com\\\/de\\\/produkt\\\/new-deckenverkleidungsfenster-fur-samsung-om55-copy-copy\\\/#primaryimage\"},\"thumbnailUrl\":\"https:\\\/\\\/hi-nd.com\\\/wp-content\\\/uploads\\\/2026\\\/01\\\/CC3711-0101-01_01-750x750-1.jpg\",\"datePublished\":\"2026-01-22T08:42:09+00:00\",\"dateModified\":\"2026-01-23T13:36:01+00:00\",\"breadcrumb\":{\"@id\":\"https:\\\/\\\/hi-nd.com\\\/de\\\/produkt\\\/new-deckenverkleidungsfenster-fur-samsung-om55-copy-copy\\\/#breadcrumb\"},\"inLanguage\":\"de\",\"potentialAction\":[{\"@type\":\"ReadAction\",\"target\":[\"https:\\\/\\\/hi-nd.com\\\/de\\\/produkt\\\/new-deckenverkleidungsfenster-fur-samsung-om55-copy-copy\\\/\"]}]},{\"@type\":\"ImageObject\",\"inLanguage\":\"de\",\"@id\":\"https:\\\/\\\/hi-nd.com\\\/de\\\/produkt\\\/new-deckenverkleidungsfenster-fur-samsung-om55-copy-copy\\\/#primaryimage\",\"url\":\"https:\\\/\\\/hi-nd.com\\\/wp-content\\\/uploads\\\/2026\\\/01\\\/CC3711-0101-01_01-750x750-1.jpg\",\"contentUrl\":\"https:\\\/\\\/hi-nd.com\\\/wp-content\\\/uploads\\\/2026\\\/01\\\/CC3711-0101-01_01-750x750-1.jpg\",\"width\":750,\"height\":750,\"caption\":\"CC3712-0201-02\"},{\"@type\":\"BreadcrumbList\",\"@id\":\"https:\\\/\\\/hi-nd.com\\\/de\\\/produkt\\\/new-deckenverkleidungsfenster-fur-samsung-om55-copy-copy\\\/#breadcrumb\",\"itemListElement\":[{\"@type\":\"ListItem\",\"position\":1,\"name\":\"Home\",\"item\":\"https:\\\/\\\/hi-nd.com\\\/de\\\/\"},{\"@type\":\"ListItem\",\"position\":2,\"name\":\"Shop\",\"item\":\"https:\\\/\\\/hi-nd.com\\\/de\\\/shop\\\/\"},{\"@type\":\"ListItem\",\"position\":3,\"name\":\"Q Einseitige Deckenverkleidung stretch 37&#8243;\"}]},{\"@type\":\"WebSite\",\"@id\":\"https:\\\/\\\/hi-nd.com\\\/#website\",\"url\":\"https:\\\/\\\/hi-nd.com\\\/\",\"name\":\"HI-ND\",\"description\":\"Mounting Solutions\",\"potentialAction\":[{\"@type\":\"SearchAction\",\"target\":{\"@type\":\"EntryPoint\",\"urlTemplate\":\"https:\\\/\\\/hi-nd.com\\\/?s={search_term_string}\"},\"query-input\":{\"@type\":\"PropertyValueSpecification\",\"valueRequired\":true,\"valueName\":\"search_term_string\"}}],\"inLanguage\":\"de\"}]}<\/script>\n<!-- \/ Yoast SEO plugin. -->","yoast_head_json":{"title":"Q Einseitige Deckenverkleidung stretch 37\" - HI-ND","robots":{"index":"index","follow":"follow","max-snippet":"max-snippet:-1","max-image-preview":"max-image-preview:large","max-video-preview":"max-video-preview:-1"},"canonical":"https:\/\/hi-nd.com\/de\/produkt\/new-deckenverkleidungsfenster-fur-samsung-om55-copy-copy\/","og_locale":"de_DE","og_type":"article","og_title":"Q Einseitige Deckenverkleidung stretch 37\" - HI-ND","og_description":"Die einseitige Deckenverkleidung Stretch ist f\u00fcr 37\"-Displays konzipiert. Sie ist die perfekte L\u00f6sung f\u00fcr digitale Beschilderungsl\u00f6sungen in Gesch\u00e4ften.  Schwarze und wei\u00dfe Farbe als Standard Alle Kabel sind versteckt","og_url":"https:\/\/hi-nd.com\/de\/produkt\/new-deckenverkleidungsfenster-fur-samsung-om55-copy-copy\/","og_site_name":"HI-ND","article_modified_time":"2026-01-23T13:36:01+00:00","og_image":[{"width":750,"height":750,"url":"https:\/\/hi-nd.com\/wp-content\/uploads\/2026\/01\/CC3711-0101-01_01-750x750-1.jpg","type":"image\/jpeg"}],"twitter_card":"summary_large_image","schema":{"@context":"https:\/\/schema.org","@graph":[{"@type":"WebPage","@id":"https:\/\/hi-nd.com\/de\/produkt\/new-deckenverkleidungsfenster-fur-samsung-om55-copy-copy\/","url":"https:\/\/hi-nd.com\/de\/produkt\/new-deckenverkleidungsfenster-fur-samsung-om55-copy-copy\/","name":"Q Einseitige Deckenverkleidung stretch 37\" - HI-ND","isPartOf":{"@id":"https:\/\/hi-nd.com\/#website"},"primaryImageOfPage":{"@id":"https:\/\/hi-nd.com\/de\/produkt\/new-deckenverkleidungsfenster-fur-samsung-om55-copy-copy\/#primaryimage"},"image":{"@id":"https:\/\/hi-nd.com\/de\/produkt\/new-deckenverkleidungsfenster-fur-samsung-om55-copy-copy\/#primaryimage"},"thumbnailUrl":"https:\/\/hi-nd.com\/wp-content\/uploads\/2026\/01\/CC3711-0101-01_01-750x750-1.jpg","datePublished":"2026-01-22T08:42:09+00:00","dateModified":"2026-01-23T13:36:01+00:00","breadcrumb":{"@id":"https:\/\/hi-nd.com\/de\/produkt\/new-deckenverkleidungsfenster-fur-samsung-om55-copy-copy\/#breadcrumb"},"inLanguage":"de","potentialAction":[{"@type":"ReadAction","target":["https:\/\/hi-nd.com\/de\/produkt\/new-deckenverkleidungsfenster-fur-samsung-om55-copy-copy\/"]}]},{"@type":"ImageObject","inLanguage":"de","@id":"https:\/\/hi-nd.com\/de\/produkt\/new-deckenverkleidungsfenster-fur-samsung-om55-copy-copy\/#primaryimage","url":"https:\/\/hi-nd.com\/wp-content\/uploads\/2026\/01\/CC3711-0101-01_01-750x750-1.jpg","contentUrl":"https:\/\/hi-nd.com\/wp-content\/uploads\/2026\/01\/CC3711-0101-01_01-750x750-1.jpg","width":750,"height":750,"caption":"CC3712-0201-02"},{"@type":"BreadcrumbList","@id":"https:\/\/hi-nd.com\/de\/produkt\/new-deckenverkleidungsfenster-fur-samsung-om55-copy-copy\/#breadcrumb","itemListElement":[{"@type":"ListItem","position":1,"name":"Home","item":"https:\/\/hi-nd.com\/de\/"},{"@type":"ListItem","position":2,"name":"Shop","item":"https:\/\/hi-nd.com\/de\/shop\/"},{"@type":"ListItem","position":3,"name":"Q Einseitige Deckenverkleidung stretch 37&#8243;"}]},{"@type":"WebSite","@id":"https:\/\/hi-nd.com\/#website","url":"https:\/\/hi-nd.com\/","name":"HI-ND","description":"Mounting Solutions","potentialAction":[{"@type":"SearchAction","target":{"@type":"EntryPoint","urlTemplate":"https:\/\/hi-nd.com\/?s={search_term_string}"},"query-input":{"@type":"PropertyValueSpecification","valueRequired":true,"valueName":"search_term_string"}}],"inLanguage":"de"}]}},"_links":{"self":[{"href":"https:\/\/hi-nd.com\/de\/wp-json\/wp\/v2\/product\/9568","targetHints":{"allow":["GET"]}}],"collection":[{"href":"https:\/\/hi-nd.com\/de\/wp-json\/wp\/v2\/product"}],"about":[{"href":"https:\/\/hi-nd.com\/de\/wp-json\/wp\/v2\/types\/product"}],"wp:featuredmedia":[{"embeddable":true,"href":"https:\/\/hi-nd.com\/de\/wp-json\/wp\/v2\/media\/9577"}],"wp:attachment":[{"href":"https:\/\/hi-nd.com\/de\/wp-json\/wp\/v2\/media?parent=9568"}],"wp:term":[{"taxonomy":"product_brand","embeddable":true,"href":"https:\/\/hi-nd.com\/de\/wp-json\/wp\/v2\/product_brand?post=9568"},{"taxonomy":"product_cat","embeddable":true,"href":"https:\/\/hi-nd.com\/de\/wp-json\/wp\/v2\/product_cat?post=9568"},{"taxonomy":"product_tag","embeddable":true,"href":"https:\/\/hi-nd.com\/de\/wp-json\/wp\/v2\/product_tag?post=9568"}],"curies":[{"name":"wp","href":"https:\/\/api.w.org\/{rel}","templated":true}]}}