{"id":9558,"date":"2026-01-21T15:38:05","date_gmt":"2026-01-21T14:38:05","guid":{"rendered":"https:\/\/hi-nd.com\/?post_type=product&#038;p=9558"},"modified":"2026-01-23T13:36:48","modified_gmt":"2026-01-23T12:36:48","slug":"einzelnes-totem-exklusiv-copy-copy","status":"publish","type":"product","link":"https:\/\/hi-nd.com\/de\/produkt\/einzelnes-totem-exklusiv-copy-copy\/","title":{"rendered":"Beidseitige Totem Edge"},"content":{"rendered":"<table style=\"font-size: 14.4px;\" width=\"800\">\n<tbody>\n<tr>\n<td width=\"150\">Teil Nummer<\/td>\n<td width=\"600\">Beschreibung<\/td>\n<td width=\"85\">Farbe<\/td>\n<\/tr>\n<tr>\n<td>DT5500-7501-02<\/td>\n<td> Beidseitige Totem Edge<\/td>\n<td> Schwarz<\/td>\n<\/tr>\n<tr>\n<td>DT6500-7501-02<\/td>\n<td> Beidseitige Totem Edge<\/td>\n<td> Schwarz<\/td>\n<\/tr>\n<tr>\n<td>DT7500-7501-02<\/td>\n<td> Beidseitige Totem Edge<\/td>\n<td> Schwarz<\/td>\n<\/tr>\n<\/tbody>\n<\/table>\n","protected":false},"excerpt":{"rendered":"<p>Unser doppelseitiges Totem Edge f\u00fcr den Innenbereich ist die perfekte L\u00f6sung f\u00fcr Einkaufszentren, Gesch\u00e4fte und andere gro\u00dfe \u00f6ffentliche Pl\u00e4tze. Die Standardfarbe ist schwarz, aber er kann in verschiedenen Farben bestellt werden. Die Fu\u00dfplatte muss eingesteckt werden.  <\/p>\n<ul>\n<li>Bildschirmgr\u00f6\u00dfen: 55&#8243;<\/li>\n<li>Entwickelt f\u00fcr Samsung QMC und LG UH5N<\/li>\n<li>Platz f\u00fcr Computer und Router im Inneren<\/li>\n<li>Benutzerdefinierte Optionen<em> <\/em>\n<ul>\n<li><em>Verschiedene Pulverbeschichtungen<\/em><\/li>\n<\/ul>\n<\/li>\n<\/ul>\n","protected":false},"featured_media":9633,"template":"","meta":[],"product_brand":[],"product_cat":[78,79],"product_tag":[80],"class_list":{"0":"post-9558","1":"product","2":"type-product","3":"status-publish","4":"has-post-thumbnail","6":"product_cat-floor-de","7":"product_cat-totem-de","8":"product_tag-boden-digital-signage","10":"first","11":"instock","12":"shipping-taxable","13":"product-type-simple"},"yoast_head":"<!-- This site is optimized with the Yoast SEO plugin v27.3 - https:\/\/yoast.com\/product\/yoast-seo-wordpress\/ -->\n<title>Beidseitige Totem Edge - HI-ND<\/title>\n<meta name=\"description\" content=\"Das dekorative HI-ND-Totem f\u00fcr den Innenbereich wurde entwickelt, um den Kunden die Freiheit zu geben, ein Totem mit einem einzigartigen Aussehen zu entwerfen. Erh\u00e4ltlich in verschiedenen Farben.\" \/>\n<meta name=\"robots\" content=\"index, follow, max-snippet:-1, max-image-preview:large, max-video-preview:-1\" \/>\n<link rel=\"canonical\" href=\"https:\/\/hi-nd.com\/de\/produkt\/einzelnes-totem-exklusiv-copy-copy\/\" \/>\n<meta property=\"og:locale\" content=\"de_DE\" \/>\n<meta property=\"og:type\" content=\"article\" \/>\n<meta property=\"og:title\" content=\"Beidseitige Totem Edge - HI-ND\" \/>\n<meta property=\"og:description\" content=\"Das dekorative HI-ND-Totem f\u00fcr den Innenbereich wurde entwickelt, um den Kunden die Freiheit zu geben, ein Totem mit einem einzigartigen Aussehen zu entwerfen. Erh\u00e4ltlich in verschiedenen Farben.\" \/>\n<meta property=\"og:url\" content=\"https:\/\/hi-nd.com\/de\/produkt\/einzelnes-totem-exklusiv-copy-copy\/\" \/>\n<meta property=\"og:site_name\" content=\"HI-ND\" \/>\n<meta property=\"article:modified_time\" content=\"2026-01-23T12:36:48+00:00\" \/>\n<meta property=\"og:image\" content=\"https:\/\/hi-nd.com\/wp-content\/uploads\/2026\/01\/DT5500-7501_01-750x750-1.jpg\" \/>\n\t<meta property=\"og:image:width\" content=\"750\" \/>\n\t<meta property=\"og:image:height\" content=\"750\" \/>\n\t<meta property=\"og:image:type\" content=\"image\/jpeg\" \/>\n<meta name=\"twitter:card\" content=\"summary_large_image\" \/>\n<script type=\"application\/ld+json\" class=\"yoast-schema-graph\">{\"@context\":\"https:\\\/\\\/schema.org\",\"@graph\":[{\"@type\":\"WebPage\",\"@id\":\"https:\\\/\\\/hi-nd.com\\\/de\\\/produkt\\\/einzelnes-totem-exklusiv-copy-copy\\\/\",\"url\":\"https:\\\/\\\/hi-nd.com\\\/de\\\/produkt\\\/einzelnes-totem-exklusiv-copy-copy\\\/\",\"name\":\"Beidseitige Totem Edge - HI-ND\",\"isPartOf\":{\"@id\":\"https:\\\/\\\/hi-nd.com\\\/#website\"},\"primaryImageOfPage\":{\"@id\":\"https:\\\/\\\/hi-nd.com\\\/de\\\/produkt\\\/einzelnes-totem-exklusiv-copy-copy\\\/#primaryimage\"},\"image\":{\"@id\":\"https:\\\/\\\/hi-nd.com\\\/de\\\/produkt\\\/einzelnes-totem-exklusiv-copy-copy\\\/#primaryimage\"},\"thumbnailUrl\":\"https:\\\/\\\/hi-nd.com\\\/wp-content\\\/uploads\\\/2026\\\/01\\\/DT5500-7501_01-750x750-1.jpg\",\"datePublished\":\"2026-01-21T14:38:05+00:00\",\"dateModified\":\"2026-01-23T12:36:48+00:00\",\"description\":\"Das dekorative HI-ND-Totem f\u00fcr den Innenbereich wurde entwickelt, um den Kunden die Freiheit zu geben, ein Totem mit einem einzigartigen Aussehen zu entwerfen. Erh\u00e4ltlich in verschiedenen Farben.\",\"breadcrumb\":{\"@id\":\"https:\\\/\\\/hi-nd.com\\\/de\\\/produkt\\\/einzelnes-totem-exklusiv-copy-copy\\\/#breadcrumb\"},\"inLanguage\":\"de\",\"potentialAction\":[{\"@type\":\"ReadAction\",\"target\":[\"https:\\\/\\\/hi-nd.com\\\/de\\\/produkt\\\/einzelnes-totem-exklusiv-copy-copy\\\/\"]}]},{\"@type\":\"ImageObject\",\"inLanguage\":\"de\",\"@id\":\"https:\\\/\\\/hi-nd.com\\\/de\\\/produkt\\\/einzelnes-totem-exklusiv-copy-copy\\\/#primaryimage\",\"url\":\"https:\\\/\\\/hi-nd.com\\\/wp-content\\\/uploads\\\/2026\\\/01\\\/DT5500-7501_01-750x750-1.jpg\",\"contentUrl\":\"https:\\\/\\\/hi-nd.com\\\/wp-content\\\/uploads\\\/2026\\\/01\\\/DT5500-7501_01-750x750-1.jpg\",\"width\":750,\"height\":750,\"caption\":\"DT5500-7501\"},{\"@type\":\"BreadcrumbList\",\"@id\":\"https:\\\/\\\/hi-nd.com\\\/de\\\/produkt\\\/einzelnes-totem-exklusiv-copy-copy\\\/#breadcrumb\",\"itemListElement\":[{\"@type\":\"ListItem\",\"position\":1,\"name\":\"Home\",\"item\":\"https:\\\/\\\/hi-nd.com\\\/de\\\/\"},{\"@type\":\"ListItem\",\"position\":2,\"name\":\"Shop\",\"item\":\"https:\\\/\\\/hi-nd.com\\\/de\\\/shop\\\/\"},{\"@type\":\"ListItem\",\"position\":3,\"name\":\"Beidseitige Totem Edge\"}]},{\"@type\":\"WebSite\",\"@id\":\"https:\\\/\\\/hi-nd.com\\\/#website\",\"url\":\"https:\\\/\\\/hi-nd.com\\\/\",\"name\":\"HI-ND\",\"description\":\"Mounting Solutions\",\"potentialAction\":[{\"@type\":\"SearchAction\",\"target\":{\"@type\":\"EntryPoint\",\"urlTemplate\":\"https:\\\/\\\/hi-nd.com\\\/?s={search_term_string}\"},\"query-input\":{\"@type\":\"PropertyValueSpecification\",\"valueRequired\":true,\"valueName\":\"search_term_string\"}}],\"inLanguage\":\"de\"}]}<\/script>\n<!-- \/ Yoast SEO plugin. -->","yoast_head_json":{"title":"Beidseitige Totem Edge - HI-ND","description":"Das dekorative HI-ND-Totem f\u00fcr den Innenbereich wurde entwickelt, um den Kunden die Freiheit zu geben, ein Totem mit einem einzigartigen Aussehen zu entwerfen. Erh\u00e4ltlich in verschiedenen Farben.","robots":{"index":"index","follow":"follow","max-snippet":"max-snippet:-1","max-image-preview":"max-image-preview:large","max-video-preview":"max-video-preview:-1"},"canonical":"https:\/\/hi-nd.com\/de\/produkt\/einzelnes-totem-exklusiv-copy-copy\/","og_locale":"de_DE","og_type":"article","og_title":"Beidseitige Totem Edge - HI-ND","og_description":"Das dekorative HI-ND-Totem f\u00fcr den Innenbereich wurde entwickelt, um den Kunden die Freiheit zu geben, ein Totem mit einem einzigartigen Aussehen zu entwerfen. Erh\u00e4ltlich in verschiedenen Farben.","og_url":"https:\/\/hi-nd.com\/de\/produkt\/einzelnes-totem-exklusiv-copy-copy\/","og_site_name":"HI-ND","article_modified_time":"2026-01-23T12:36:48+00:00","og_image":[{"width":750,"height":750,"url":"https:\/\/hi-nd.com\/wp-content\/uploads\/2026\/01\/DT5500-7501_01-750x750-1.jpg","type":"image\/jpeg"}],"twitter_card":"summary_large_image","schema":{"@context":"https:\/\/schema.org","@graph":[{"@type":"WebPage","@id":"https:\/\/hi-nd.com\/de\/produkt\/einzelnes-totem-exklusiv-copy-copy\/","url":"https:\/\/hi-nd.com\/de\/produkt\/einzelnes-totem-exklusiv-copy-copy\/","name":"Beidseitige Totem Edge - HI-ND","isPartOf":{"@id":"https:\/\/hi-nd.com\/#website"},"primaryImageOfPage":{"@id":"https:\/\/hi-nd.com\/de\/produkt\/einzelnes-totem-exklusiv-copy-copy\/#primaryimage"},"image":{"@id":"https:\/\/hi-nd.com\/de\/produkt\/einzelnes-totem-exklusiv-copy-copy\/#primaryimage"},"thumbnailUrl":"https:\/\/hi-nd.com\/wp-content\/uploads\/2026\/01\/DT5500-7501_01-750x750-1.jpg","datePublished":"2026-01-21T14:38:05+00:00","dateModified":"2026-01-23T12:36:48+00:00","description":"Das dekorative HI-ND-Totem f\u00fcr den Innenbereich wurde entwickelt, um den Kunden die Freiheit zu geben, ein Totem mit einem einzigartigen Aussehen zu entwerfen. Erh\u00e4ltlich in verschiedenen Farben.","breadcrumb":{"@id":"https:\/\/hi-nd.com\/de\/produkt\/einzelnes-totem-exklusiv-copy-copy\/#breadcrumb"},"inLanguage":"de","potentialAction":[{"@type":"ReadAction","target":["https:\/\/hi-nd.com\/de\/produkt\/einzelnes-totem-exklusiv-copy-copy\/"]}]},{"@type":"ImageObject","inLanguage":"de","@id":"https:\/\/hi-nd.com\/de\/produkt\/einzelnes-totem-exklusiv-copy-copy\/#primaryimage","url":"https:\/\/hi-nd.com\/wp-content\/uploads\/2026\/01\/DT5500-7501_01-750x750-1.jpg","contentUrl":"https:\/\/hi-nd.com\/wp-content\/uploads\/2026\/01\/DT5500-7501_01-750x750-1.jpg","width":750,"height":750,"caption":"DT5500-7501"},{"@type":"BreadcrumbList","@id":"https:\/\/hi-nd.com\/de\/produkt\/einzelnes-totem-exklusiv-copy-copy\/#breadcrumb","itemListElement":[{"@type":"ListItem","position":1,"name":"Home","item":"https:\/\/hi-nd.com\/de\/"},{"@type":"ListItem","position":2,"name":"Shop","item":"https:\/\/hi-nd.com\/de\/shop\/"},{"@type":"ListItem","position":3,"name":"Beidseitige Totem Edge"}]},{"@type":"WebSite","@id":"https:\/\/hi-nd.com\/#website","url":"https:\/\/hi-nd.com\/","name":"HI-ND","description":"Mounting Solutions","potentialAction":[{"@type":"SearchAction","target":{"@type":"EntryPoint","urlTemplate":"https:\/\/hi-nd.com\/?s={search_term_string}"},"query-input":{"@type":"PropertyValueSpecification","valueRequired":true,"valueName":"search_term_string"}}],"inLanguage":"de"}]}},"_links":{"self":[{"href":"https:\/\/hi-nd.com\/de\/wp-json\/wp\/v2\/product\/9558","targetHints":{"allow":["GET"]}}],"collection":[{"href":"https:\/\/hi-nd.com\/de\/wp-json\/wp\/v2\/product"}],"about":[{"href":"https:\/\/hi-nd.com\/de\/wp-json\/wp\/v2\/types\/product"}],"wp:featuredmedia":[{"embeddable":true,"href":"https:\/\/hi-nd.com\/de\/wp-json\/wp\/v2\/media\/9633"}],"wp:attachment":[{"href":"https:\/\/hi-nd.com\/de\/wp-json\/wp\/v2\/media?parent=9558"}],"wp:term":[{"taxonomy":"product_brand","embeddable":true,"href":"https:\/\/hi-nd.com\/de\/wp-json\/wp\/v2\/product_brand?post=9558"},{"taxonomy":"product_cat","embeddable":true,"href":"https:\/\/hi-nd.com\/de\/wp-json\/wp\/v2\/product_cat?post=9558"},{"taxonomy":"product_tag","embeddable":true,"href":"https:\/\/hi-nd.com\/de\/wp-json\/wp\/v2\/product_tag?post=9558"}],"curies":[{"name":"wp","href":"https:\/\/api.w.org\/{rel}","templated":true}]}}