{"id":9387,"date":"2025-12-08T13:00:08","date_gmt":"2025-12-08T12:00:08","guid":{"rendered":"https:\/\/hi-nd.com\/?post_type=product&#038;p=9387"},"modified":"2026-01-23T14:38:43","modified_gmt":"2026-01-23T13:38:43","slug":"deckenhalterung-fur-deckenverkleidungen-copy-copy-2","status":"publish","type":"product","link":"https:\/\/hi-nd.com\/de\/produkt\/deckenhalterung-fur-deckenverkleidungen-copy-copy-2\/","title":{"rendered":"Verl\u00e4ngerungsrohre f\u00fcr Deckenmontage"},"content":{"rendered":"<table style=\"height: 150px;\" width=\"648\">\n<tbody>\n<tr>\n<td width=\"149\">Teil Nummer<\/td>\n<td width=\"391\">Beschreibung<\/td>\n<td width=\"127\">Farbe<\/td>\n<\/tr>\n<tr>\n<td>CM5000-5135-01<\/td>\n<td> Verl\u00e4ngerungsrohr, 100 cm<\/td>\n<td> Wei\u00df<\/td>\n<\/tr>\n<tr>\n<td>CM5000-5135-02<\/td>\n<td> Verl\u00e4ngerungsrohr, 100 cm<\/td>\n<td> Schwarz<\/td>\n<\/tr>\n<\/tbody>\n<\/table>\n<p>&nbsp;<\/p>\n","protected":false},"excerpt":{"rendered":"<p>Die 100 cm langen Verl\u00e4ngerungsrohre sind sowohl in Schwarz als auch in Wei\u00df erh\u00e4ltlich. Halterungen oder Geh\u00e4use sind nicht enthalten. <\/p>\n","protected":false},"featured_media":9392,"template":"","meta":[],"product_brand":[],"product_cat":[81,103],"product_tag":[],"class_list":{"0":"post-9387","1":"product","2":"type-product","3":"status-publish","4":"has-post-thumbnail","6":"product_cat-decken","7":"product_cat-deckenhalterung","9":"first","10":"instock","11":"shipping-taxable","12":"product-type-simple"},"yoast_head":"<!-- This site is optimized with the Yoast SEO plugin v27.3 - https:\/\/yoast.com\/product\/yoast-seo-wordpress\/ -->\n<title>Verl\u00e4ngerungsrohre f\u00fcr Deckenmontage - HI-ND<\/title>\n<meta name=\"description\" content=\"Dieses ma\u00dfgeschneiderte Wandgeh\u00e4use wurde exklusiv f\u00fcr das Samsung E-Paper Display EM32D-X entwickelt. Bildschirmgr\u00f6\u00dfe:32&quot;\" \/>\n<meta name=\"robots\" content=\"index, follow, max-snippet:-1, max-image-preview:large, max-video-preview:-1\" \/>\n<link rel=\"canonical\" href=\"https:\/\/hi-nd.com\/de\/produkt\/deckenhalterung-fur-deckenverkleidungen-copy-copy-2\/\" \/>\n<meta property=\"og:locale\" content=\"de_DE\" \/>\n<meta property=\"og:type\" content=\"article\" \/>\n<meta property=\"og:title\" content=\"Verl\u00e4ngerungsrohre f\u00fcr Deckenmontage - HI-ND\" \/>\n<meta property=\"og:description\" content=\"Dieses ma\u00dfgeschneiderte Wandgeh\u00e4use wurde exklusiv f\u00fcr das Samsung E-Paper Display EM32D-X entwickelt. Bildschirmgr\u00f6\u00dfe:32&quot;\" \/>\n<meta property=\"og:url\" content=\"https:\/\/hi-nd.com\/de\/produkt\/deckenhalterung-fur-deckenverkleidungen-copy-copy-2\/\" \/>\n<meta property=\"og:site_name\" content=\"HI-ND\" \/>\n<meta property=\"article:modified_time\" content=\"2026-01-23T13:38:43+00:00\" \/>\n<meta property=\"og:image\" content=\"https:\/\/hi-nd.com\/wp-content\/uploads\/2025\/12\/TOP-CASING_RENDERS_5-750x750-1.jpg\" \/>\n\t<meta property=\"og:image:width\" content=\"750\" \/>\n\t<meta property=\"og:image:height\" content=\"750\" \/>\n\t<meta property=\"og:image:type\" content=\"image\/jpeg\" \/>\n<meta name=\"twitter:card\" content=\"summary_large_image\" \/>\n<script type=\"application\/ld+json\" class=\"yoast-schema-graph\">{\"@context\":\"https:\\\/\\\/schema.org\",\"@graph\":[{\"@type\":\"WebPage\",\"@id\":\"https:\\\/\\\/hi-nd.com\\\/de\\\/produkt\\\/deckenhalterung-fur-deckenverkleidungen-copy-copy-2\\\/\",\"url\":\"https:\\\/\\\/hi-nd.com\\\/de\\\/produkt\\\/deckenhalterung-fur-deckenverkleidungen-copy-copy-2\\\/\",\"name\":\"Verl\u00e4ngerungsrohre f\u00fcr Deckenmontage - HI-ND\",\"isPartOf\":{\"@id\":\"https:\\\/\\\/hi-nd.com\\\/#website\"},\"primaryImageOfPage\":{\"@id\":\"https:\\\/\\\/hi-nd.com\\\/de\\\/produkt\\\/deckenhalterung-fur-deckenverkleidungen-copy-copy-2\\\/#primaryimage\"},\"image\":{\"@id\":\"https:\\\/\\\/hi-nd.com\\\/de\\\/produkt\\\/deckenhalterung-fur-deckenverkleidungen-copy-copy-2\\\/#primaryimage\"},\"thumbnailUrl\":\"https:\\\/\\\/hi-nd.com\\\/wp-content\\\/uploads\\\/2025\\\/12\\\/TOP-CASING_RENDERS_5-750x750-1.jpg\",\"datePublished\":\"2025-12-08T12:00:08+00:00\",\"dateModified\":\"2026-01-23T13:38:43+00:00\",\"description\":\"Dieses ma\u00dfgeschneiderte Wandgeh\u00e4use wurde exklusiv f\u00fcr das Samsung E-Paper Display EM32D-X entwickelt. Bildschirmgr\u00f6\u00dfe:32\\\"\",\"breadcrumb\":{\"@id\":\"https:\\\/\\\/hi-nd.com\\\/de\\\/produkt\\\/deckenhalterung-fur-deckenverkleidungen-copy-copy-2\\\/#breadcrumb\"},\"inLanguage\":\"de\",\"potentialAction\":[{\"@type\":\"ReadAction\",\"target\":[\"https:\\\/\\\/hi-nd.com\\\/de\\\/produkt\\\/deckenhalterung-fur-deckenverkleidungen-copy-copy-2\\\/\"]}]},{\"@type\":\"ImageObject\",\"inLanguage\":\"de\",\"@id\":\"https:\\\/\\\/hi-nd.com\\\/de\\\/produkt\\\/deckenhalterung-fur-deckenverkleidungen-copy-copy-2\\\/#primaryimage\",\"url\":\"https:\\\/\\\/hi-nd.com\\\/wp-content\\\/uploads\\\/2025\\\/12\\\/TOP-CASING_RENDERS_5-750x750-1.jpg\",\"contentUrl\":\"https:\\\/\\\/hi-nd.com\\\/wp-content\\\/uploads\\\/2025\\\/12\\\/TOP-CASING_RENDERS_5-750x750-1.jpg\",\"width\":750,\"height\":750,\"caption\":\"Verl\u00e4ngerungsrohre\"},{\"@type\":\"BreadcrumbList\",\"@id\":\"https:\\\/\\\/hi-nd.com\\\/de\\\/produkt\\\/deckenhalterung-fur-deckenverkleidungen-copy-copy-2\\\/#breadcrumb\",\"itemListElement\":[{\"@type\":\"ListItem\",\"position\":1,\"name\":\"Home\",\"item\":\"https:\\\/\\\/hi-nd.com\\\/de\\\/\"},{\"@type\":\"ListItem\",\"position\":2,\"name\":\"Shop\",\"item\":\"https:\\\/\\\/hi-nd.com\\\/de\\\/shop\\\/\"},{\"@type\":\"ListItem\",\"position\":3,\"name\":\"Verl\u00e4ngerungsrohre f\u00fcr Deckenmontage\"}]},{\"@type\":\"WebSite\",\"@id\":\"https:\\\/\\\/hi-nd.com\\\/#website\",\"url\":\"https:\\\/\\\/hi-nd.com\\\/\",\"name\":\"HI-ND\",\"description\":\"Mounting Solutions\",\"potentialAction\":[{\"@type\":\"SearchAction\",\"target\":{\"@type\":\"EntryPoint\",\"urlTemplate\":\"https:\\\/\\\/hi-nd.com\\\/?s={search_term_string}\"},\"query-input\":{\"@type\":\"PropertyValueSpecification\",\"valueRequired\":true,\"valueName\":\"search_term_string\"}}],\"inLanguage\":\"de\"}]}<\/script>\n<!-- \/ Yoast SEO plugin. -->","yoast_head_json":{"title":"Verl\u00e4ngerungsrohre f\u00fcr Deckenmontage - HI-ND","description":"Dieses ma\u00dfgeschneiderte Wandgeh\u00e4use wurde exklusiv f\u00fcr das Samsung E-Paper Display EM32D-X entwickelt. Bildschirmgr\u00f6\u00dfe:32\"","robots":{"index":"index","follow":"follow","max-snippet":"max-snippet:-1","max-image-preview":"max-image-preview:large","max-video-preview":"max-video-preview:-1"},"canonical":"https:\/\/hi-nd.com\/de\/produkt\/deckenhalterung-fur-deckenverkleidungen-copy-copy-2\/","og_locale":"de_DE","og_type":"article","og_title":"Verl\u00e4ngerungsrohre f\u00fcr Deckenmontage - HI-ND","og_description":"Dieses ma\u00dfgeschneiderte Wandgeh\u00e4use wurde exklusiv f\u00fcr das Samsung E-Paper Display EM32D-X entwickelt. Bildschirmgr\u00f6\u00dfe:32\"","og_url":"https:\/\/hi-nd.com\/de\/produkt\/deckenhalterung-fur-deckenverkleidungen-copy-copy-2\/","og_site_name":"HI-ND","article_modified_time":"2026-01-23T13:38:43+00:00","og_image":[{"width":750,"height":750,"url":"https:\/\/hi-nd.com\/wp-content\/uploads\/2025\/12\/TOP-CASING_RENDERS_5-750x750-1.jpg","type":"image\/jpeg"}],"twitter_card":"summary_large_image","schema":{"@context":"https:\/\/schema.org","@graph":[{"@type":"WebPage","@id":"https:\/\/hi-nd.com\/de\/produkt\/deckenhalterung-fur-deckenverkleidungen-copy-copy-2\/","url":"https:\/\/hi-nd.com\/de\/produkt\/deckenhalterung-fur-deckenverkleidungen-copy-copy-2\/","name":"Verl\u00e4ngerungsrohre f\u00fcr Deckenmontage - HI-ND","isPartOf":{"@id":"https:\/\/hi-nd.com\/#website"},"primaryImageOfPage":{"@id":"https:\/\/hi-nd.com\/de\/produkt\/deckenhalterung-fur-deckenverkleidungen-copy-copy-2\/#primaryimage"},"image":{"@id":"https:\/\/hi-nd.com\/de\/produkt\/deckenhalterung-fur-deckenverkleidungen-copy-copy-2\/#primaryimage"},"thumbnailUrl":"https:\/\/hi-nd.com\/wp-content\/uploads\/2025\/12\/TOP-CASING_RENDERS_5-750x750-1.jpg","datePublished":"2025-12-08T12:00:08+00:00","dateModified":"2026-01-23T13:38:43+00:00","description":"Dieses ma\u00dfgeschneiderte Wandgeh\u00e4use wurde exklusiv f\u00fcr das Samsung E-Paper Display EM32D-X entwickelt. Bildschirmgr\u00f6\u00dfe:32\"","breadcrumb":{"@id":"https:\/\/hi-nd.com\/de\/produkt\/deckenhalterung-fur-deckenverkleidungen-copy-copy-2\/#breadcrumb"},"inLanguage":"de","potentialAction":[{"@type":"ReadAction","target":["https:\/\/hi-nd.com\/de\/produkt\/deckenhalterung-fur-deckenverkleidungen-copy-copy-2\/"]}]},{"@type":"ImageObject","inLanguage":"de","@id":"https:\/\/hi-nd.com\/de\/produkt\/deckenhalterung-fur-deckenverkleidungen-copy-copy-2\/#primaryimage","url":"https:\/\/hi-nd.com\/wp-content\/uploads\/2025\/12\/TOP-CASING_RENDERS_5-750x750-1.jpg","contentUrl":"https:\/\/hi-nd.com\/wp-content\/uploads\/2025\/12\/TOP-CASING_RENDERS_5-750x750-1.jpg","width":750,"height":750,"caption":"Verl\u00e4ngerungsrohre"},{"@type":"BreadcrumbList","@id":"https:\/\/hi-nd.com\/de\/produkt\/deckenhalterung-fur-deckenverkleidungen-copy-copy-2\/#breadcrumb","itemListElement":[{"@type":"ListItem","position":1,"name":"Home","item":"https:\/\/hi-nd.com\/de\/"},{"@type":"ListItem","position":2,"name":"Shop","item":"https:\/\/hi-nd.com\/de\/shop\/"},{"@type":"ListItem","position":3,"name":"Verl\u00e4ngerungsrohre f\u00fcr Deckenmontage"}]},{"@type":"WebSite","@id":"https:\/\/hi-nd.com\/#website","url":"https:\/\/hi-nd.com\/","name":"HI-ND","description":"Mounting Solutions","potentialAction":[{"@type":"SearchAction","target":{"@type":"EntryPoint","urlTemplate":"https:\/\/hi-nd.com\/?s={search_term_string}"},"query-input":{"@type":"PropertyValueSpecification","valueRequired":true,"valueName":"search_term_string"}}],"inLanguage":"de"}]}},"_links":{"self":[{"href":"https:\/\/hi-nd.com\/de\/wp-json\/wp\/v2\/product\/9387","targetHints":{"allow":["GET"]}}],"collection":[{"href":"https:\/\/hi-nd.com\/de\/wp-json\/wp\/v2\/product"}],"about":[{"href":"https:\/\/hi-nd.com\/de\/wp-json\/wp\/v2\/types\/product"}],"wp:featuredmedia":[{"embeddable":true,"href":"https:\/\/hi-nd.com\/de\/wp-json\/wp\/v2\/media\/9392"}],"wp:attachment":[{"href":"https:\/\/hi-nd.com\/de\/wp-json\/wp\/v2\/media?parent=9387"}],"wp:term":[{"taxonomy":"product_brand","embeddable":true,"href":"https:\/\/hi-nd.com\/de\/wp-json\/wp\/v2\/product_brand?post=9387"},{"taxonomy":"product_cat","embeddable":true,"href":"https:\/\/hi-nd.com\/de\/wp-json\/wp\/v2\/product_cat?post=9387"},{"taxonomy":"product_tag","embeddable":true,"href":"https:\/\/hi-nd.com\/de\/wp-json\/wp\/v2\/product_tag?post=9387"}],"curies":[{"name":"wp","href":"https:\/\/api.w.org\/{rel}","templated":true}]}}