{"id":9361,"date":"2025-12-02T12:50:02","date_gmt":"2025-12-02T11:50:02","guid":{"rendered":"https:\/\/hi-nd.com\/?post_type=product&#038;p=9361"},"modified":"2026-01-23T14:01:52","modified_gmt":"2026-01-23T13:01:52","slug":"deckenhalterung-fur-deckenverkleidungen-copy-copy","status":"publish","type":"product","link":"https:\/\/hi-nd.com\/de\/produkt\/deckenhalterung-fur-deckenverkleidungen-copy-copy\/","title":{"rendered":"Wandhalterung f\u00fcr Samsung E-Paper"},"content":{"rendered":"<table style=\"height: 153px;\" width=\"648\">\n<tbody>\n<tr>\n<td width=\"149\">Teil Nummer<\/td>\n<td width=\"391\">Beschreibung<\/td>\n<td width=\"127\">Farbe<\/td>\n<\/tr>\n<tr>\n<td>WC3215-5201-01<\/td>\n<td>Wandverkleidung E-Papier<\/td>\n<td>Wei\u00df<\/td>\n<\/tr>\n<tr>\n<td>WC3215-5201-02<\/td>\n<td>Wandverkleidung E-Papier<\/td>\n<td>Schwarz<\/td>\n<\/tr>\n<tr>\n<td>WC3215-5201-12<\/td>\n<td>Wandverkleidung E-Papier<\/td>\n<td>Rostfreier Stahl<\/td>\n<\/tr>\n<\/tbody>\n<\/table>\n<p>&nbsp;<\/p>\n","protected":false},"excerpt":{"rendered":"<p>Dieses ma\u00dfgeschneiderte Wandgeh\u00e4use wurde exklusiv f\u00fcr das Samsung E-Paper Display EM32D-X entwickelt.<br \/>\nEs vereint Langlebigkeit, Korrosionsbest\u00e4ndigkeit und ein hochwertiges, elegantes Finish, das das ultraflache Design und die energieeffiziente Technologie des Displays perfekt erg\u00e4nzt.<\/p>\n<p>Er ist ideal f\u00fcr \u00f6ffentliche Umgebungen, digitale Beschilderung und intelligente B\u00fcroanwendungen und bietet eine nahtlose und professionelle Installationsl\u00f6sung.<\/p>\n<p><strong>Bildschirmgr\u00f6\u00dfe:<\/strong><br \/>\n32&#8243;<\/p>\n<p><strong>Abmessungen:<\/strong><br \/>\n746 x 441 x 35 mm<\/p>\n<p><strong>Gewicht inklusive Display:<\/strong><br \/>\n5.2 kg<\/p>\n<p><strong>VESA:<\/strong><br \/>\n100\u00d7100 &#8211; 400\u00d7400<\/p>\n<p><strong>Max. Gewicht:<\/strong><br \/>\nBis zu 50kg<\/p>\n","protected":false},"featured_media":9366,"template":"","meta":[],"product_brand":[],"product_cat":[109,87],"product_tag":[],"class_list":{"0":"post-9361","1":"product","2":"type-product","3":"status-publish","4":"has-post-thumbnail","6":"product_cat-gehause-de","7":"product_cat-wand","9":"first","10":"instock","11":"shipping-taxable","12":"product-type-simple"},"yoast_head":"<!-- This site is optimized with the Yoast SEO plugin v27.3 - https:\/\/yoast.com\/product\/yoast-seo-wordpress\/ -->\n<title>Wandhalterung f\u00fcr Samsung E-Paper - HI-ND<\/title>\n<meta name=\"description\" content=\"Dieses ma\u00dfgeschneiderte Wandgeh\u00e4use wurde exklusiv f\u00fcr das Samsung E-Paper Display EM32D-X entwickelt. Bildschirmgr\u00f6\u00dfe:32&quot;\" \/>\n<meta name=\"robots\" content=\"index, follow, max-snippet:-1, max-image-preview:large, max-video-preview:-1\" \/>\n<link rel=\"canonical\" href=\"https:\/\/hi-nd.com\/de\/produkt\/deckenhalterung-fur-deckenverkleidungen-copy-copy\/\" \/>\n<meta property=\"og:locale\" content=\"de_DE\" \/>\n<meta property=\"og:type\" content=\"article\" \/>\n<meta property=\"og:title\" content=\"Wandhalterung f\u00fcr Samsung E-Paper - HI-ND\" \/>\n<meta property=\"og:description\" content=\"Dieses ma\u00dfgeschneiderte Wandgeh\u00e4use wurde exklusiv f\u00fcr das Samsung E-Paper Display EM32D-X entwickelt. Bildschirmgr\u00f6\u00dfe:32&quot;\" \/>\n<meta property=\"og:url\" content=\"https:\/\/hi-nd.com\/de\/produkt\/deckenhalterung-fur-deckenverkleidungen-copy-copy\/\" \/>\n<meta property=\"og:site_name\" content=\"HI-ND\" \/>\n<meta property=\"article:modified_time\" content=\"2026-01-23T13:01:52+00:00\" \/>\n<meta property=\"og:image\" content=\"https:\/\/hi-nd.com\/wp-content\/uploads\/2025\/12\/Svart-H-med-bild-scaled.png\" \/>\n\t<meta property=\"og:image:width\" content=\"2560\" \/>\n\t<meta property=\"og:image:height\" content=\"1711\" \/>\n\t<meta property=\"og:image:type\" content=\"image\/png\" \/>\n<meta name=\"twitter:card\" content=\"summary_large_image\" \/>\n<script type=\"application\/ld+json\" class=\"yoast-schema-graph\">{\"@context\":\"https:\\\/\\\/schema.org\",\"@graph\":[{\"@type\":\"WebPage\",\"@id\":\"https:\\\/\\\/hi-nd.com\\\/de\\\/produkt\\\/deckenhalterung-fur-deckenverkleidungen-copy-copy\\\/\",\"url\":\"https:\\\/\\\/hi-nd.com\\\/de\\\/produkt\\\/deckenhalterung-fur-deckenverkleidungen-copy-copy\\\/\",\"name\":\"Wandhalterung f\u00fcr Samsung E-Paper - HI-ND\",\"isPartOf\":{\"@id\":\"https:\\\/\\\/hi-nd.com\\\/#website\"},\"primaryImageOfPage\":{\"@id\":\"https:\\\/\\\/hi-nd.com\\\/de\\\/produkt\\\/deckenhalterung-fur-deckenverkleidungen-copy-copy\\\/#primaryimage\"},\"image\":{\"@id\":\"https:\\\/\\\/hi-nd.com\\\/de\\\/produkt\\\/deckenhalterung-fur-deckenverkleidungen-copy-copy\\\/#primaryimage\"},\"thumbnailUrl\":\"https:\\\/\\\/hi-nd.com\\\/wp-content\\\/uploads\\\/2025\\\/12\\\/Svart-H-med-bild-scaled.png\",\"datePublished\":\"2025-12-02T11:50:02+00:00\",\"dateModified\":\"2026-01-23T13:01:52+00:00\",\"description\":\"Dieses ma\u00dfgeschneiderte Wandgeh\u00e4use wurde exklusiv f\u00fcr das Samsung E-Paper Display EM32D-X entwickelt. Bildschirmgr\u00f6\u00dfe:32\\\"\",\"breadcrumb\":{\"@id\":\"https:\\\/\\\/hi-nd.com\\\/de\\\/produkt\\\/deckenhalterung-fur-deckenverkleidungen-copy-copy\\\/#breadcrumb\"},\"inLanguage\":\"de\",\"potentialAction\":[{\"@type\":\"ReadAction\",\"target\":[\"https:\\\/\\\/hi-nd.com\\\/de\\\/produkt\\\/deckenhalterung-fur-deckenverkleidungen-copy-copy\\\/\"]}]},{\"@type\":\"ImageObject\",\"inLanguage\":\"de\",\"@id\":\"https:\\\/\\\/hi-nd.com\\\/de\\\/produkt\\\/deckenhalterung-fur-deckenverkleidungen-copy-copy\\\/#primaryimage\",\"url\":\"https:\\\/\\\/hi-nd.com\\\/wp-content\\\/uploads\\\/2025\\\/12\\\/Svart-H-med-bild-scaled.png\",\"contentUrl\":\"https:\\\/\\\/hi-nd.com\\\/wp-content\\\/uploads\\\/2025\\\/12\\\/Svart-H-med-bild-scaled.png\",\"width\":2560,\"height\":1711},{\"@type\":\"BreadcrumbList\",\"@id\":\"https:\\\/\\\/hi-nd.com\\\/de\\\/produkt\\\/deckenhalterung-fur-deckenverkleidungen-copy-copy\\\/#breadcrumb\",\"itemListElement\":[{\"@type\":\"ListItem\",\"position\":1,\"name\":\"Home\",\"item\":\"https:\\\/\\\/hi-nd.com\\\/de\\\/\"},{\"@type\":\"ListItem\",\"position\":2,\"name\":\"Shop\",\"item\":\"https:\\\/\\\/hi-nd.com\\\/de\\\/shop\\\/\"},{\"@type\":\"ListItem\",\"position\":3,\"name\":\"Wandhalterung f\u00fcr Samsung E-Paper\"}]},{\"@type\":\"WebSite\",\"@id\":\"https:\\\/\\\/hi-nd.com\\\/#website\",\"url\":\"https:\\\/\\\/hi-nd.com\\\/\",\"name\":\"HI-ND\",\"description\":\"Mounting Solutions\",\"potentialAction\":[{\"@type\":\"SearchAction\",\"target\":{\"@type\":\"EntryPoint\",\"urlTemplate\":\"https:\\\/\\\/hi-nd.com\\\/?s={search_term_string}\"},\"query-input\":{\"@type\":\"PropertyValueSpecification\",\"valueRequired\":true,\"valueName\":\"search_term_string\"}}],\"inLanguage\":\"de\"}]}<\/script>\n<!-- \/ Yoast SEO plugin. -->","yoast_head_json":{"title":"Wandhalterung f\u00fcr Samsung E-Paper - HI-ND","description":"Dieses ma\u00dfgeschneiderte Wandgeh\u00e4use wurde exklusiv f\u00fcr das Samsung E-Paper Display EM32D-X entwickelt. Bildschirmgr\u00f6\u00dfe:32\"","robots":{"index":"index","follow":"follow","max-snippet":"max-snippet:-1","max-image-preview":"max-image-preview:large","max-video-preview":"max-video-preview:-1"},"canonical":"https:\/\/hi-nd.com\/de\/produkt\/deckenhalterung-fur-deckenverkleidungen-copy-copy\/","og_locale":"de_DE","og_type":"article","og_title":"Wandhalterung f\u00fcr Samsung E-Paper - HI-ND","og_description":"Dieses ma\u00dfgeschneiderte Wandgeh\u00e4use wurde exklusiv f\u00fcr das Samsung E-Paper Display EM32D-X entwickelt. Bildschirmgr\u00f6\u00dfe:32\"","og_url":"https:\/\/hi-nd.com\/de\/produkt\/deckenhalterung-fur-deckenverkleidungen-copy-copy\/","og_site_name":"HI-ND","article_modified_time":"2026-01-23T13:01:52+00:00","og_image":[{"width":2560,"height":1711,"url":"https:\/\/hi-nd.com\/wp-content\/uploads\/2025\/12\/Svart-H-med-bild-scaled.png","type":"image\/png"}],"twitter_card":"summary_large_image","schema":{"@context":"https:\/\/schema.org","@graph":[{"@type":"WebPage","@id":"https:\/\/hi-nd.com\/de\/produkt\/deckenhalterung-fur-deckenverkleidungen-copy-copy\/","url":"https:\/\/hi-nd.com\/de\/produkt\/deckenhalterung-fur-deckenverkleidungen-copy-copy\/","name":"Wandhalterung f\u00fcr Samsung E-Paper - HI-ND","isPartOf":{"@id":"https:\/\/hi-nd.com\/#website"},"primaryImageOfPage":{"@id":"https:\/\/hi-nd.com\/de\/produkt\/deckenhalterung-fur-deckenverkleidungen-copy-copy\/#primaryimage"},"image":{"@id":"https:\/\/hi-nd.com\/de\/produkt\/deckenhalterung-fur-deckenverkleidungen-copy-copy\/#primaryimage"},"thumbnailUrl":"https:\/\/hi-nd.com\/wp-content\/uploads\/2025\/12\/Svart-H-med-bild-scaled.png","datePublished":"2025-12-02T11:50:02+00:00","dateModified":"2026-01-23T13:01:52+00:00","description":"Dieses ma\u00dfgeschneiderte Wandgeh\u00e4use wurde exklusiv f\u00fcr das Samsung E-Paper Display EM32D-X entwickelt. Bildschirmgr\u00f6\u00dfe:32\"","breadcrumb":{"@id":"https:\/\/hi-nd.com\/de\/produkt\/deckenhalterung-fur-deckenverkleidungen-copy-copy\/#breadcrumb"},"inLanguage":"de","potentialAction":[{"@type":"ReadAction","target":["https:\/\/hi-nd.com\/de\/produkt\/deckenhalterung-fur-deckenverkleidungen-copy-copy\/"]}]},{"@type":"ImageObject","inLanguage":"de","@id":"https:\/\/hi-nd.com\/de\/produkt\/deckenhalterung-fur-deckenverkleidungen-copy-copy\/#primaryimage","url":"https:\/\/hi-nd.com\/wp-content\/uploads\/2025\/12\/Svart-H-med-bild-scaled.png","contentUrl":"https:\/\/hi-nd.com\/wp-content\/uploads\/2025\/12\/Svart-H-med-bild-scaled.png","width":2560,"height":1711},{"@type":"BreadcrumbList","@id":"https:\/\/hi-nd.com\/de\/produkt\/deckenhalterung-fur-deckenverkleidungen-copy-copy\/#breadcrumb","itemListElement":[{"@type":"ListItem","position":1,"name":"Home","item":"https:\/\/hi-nd.com\/de\/"},{"@type":"ListItem","position":2,"name":"Shop","item":"https:\/\/hi-nd.com\/de\/shop\/"},{"@type":"ListItem","position":3,"name":"Wandhalterung f\u00fcr Samsung E-Paper"}]},{"@type":"WebSite","@id":"https:\/\/hi-nd.com\/#website","url":"https:\/\/hi-nd.com\/","name":"HI-ND","description":"Mounting Solutions","potentialAction":[{"@type":"SearchAction","target":{"@type":"EntryPoint","urlTemplate":"https:\/\/hi-nd.com\/?s={search_term_string}"},"query-input":{"@type":"PropertyValueSpecification","valueRequired":true,"valueName":"search_term_string"}}],"inLanguage":"de"}]}},"_links":{"self":[{"href":"https:\/\/hi-nd.com\/de\/wp-json\/wp\/v2\/product\/9361","targetHints":{"allow":["GET"]}}],"collection":[{"href":"https:\/\/hi-nd.com\/de\/wp-json\/wp\/v2\/product"}],"about":[{"href":"https:\/\/hi-nd.com\/de\/wp-json\/wp\/v2\/types\/product"}],"wp:featuredmedia":[{"embeddable":true,"href":"https:\/\/hi-nd.com\/de\/wp-json\/wp\/v2\/media\/9366"}],"wp:attachment":[{"href":"https:\/\/hi-nd.com\/de\/wp-json\/wp\/v2\/media?parent=9361"}],"wp:term":[{"taxonomy":"product_brand","embeddable":true,"href":"https:\/\/hi-nd.com\/de\/wp-json\/wp\/v2\/product_brand?post=9361"},{"taxonomy":"product_cat","embeddable":true,"href":"https:\/\/hi-nd.com\/de\/wp-json\/wp\/v2\/product_cat?post=9361"},{"taxonomy":"product_tag","embeddable":true,"href":"https:\/\/hi-nd.com\/de\/wp-json\/wp\/v2\/product_tag?post=9361"}],"curies":[{"name":"wp","href":"https:\/\/api.w.org\/{rel}","templated":true}]}}