{"id":9352,"date":"2025-12-02T12:28:12","date_gmt":"2025-12-02T11:28:12","guid":{"rendered":"https:\/\/hi-nd.com\/?post_type=product&#038;p=9352"},"modified":"2026-01-23T14:05:38","modified_gmt":"2026-01-23T13:05:38","slug":"deckenhalterung-fur-deckenverkleidungen-copy","status":"publish","type":"product","link":"https:\/\/hi-nd.com\/de\/produkt\/deckenhalterung-fur-deckenverkleidungen-copy\/","title":{"rendered":"Deckenhalterung f\u00fcr Deckenverkleidung (r\u00fcckseitig montiert)"},"content":{"rendered":"<p>&nbsp;<\/p>\n<table style=\"height: 203px;\" width=\"648\">\n<tbody>\n<tr>\n<td width=\"149\">Teil Nummer<\/td>\n<td width=\"391\">Beschreibung<\/td>\n<td width=\"127\">Farbe<\/td>\n<\/tr>\n<tr>\n<td>CM5000-5110-01<\/td>\n<td>Deckenhalterung mit Neigung f\u00fcr Geh\u00e4use (r\u00fcckseitig montiert)<\/td>\n<td>Wei\u00df<\/td>\n<\/tr>\n<tr>\n<td>CM5000-5110-02<\/td>\n<td>Deckenhalterung mit Neigung f\u00fcr Geh\u00e4use (r\u00fcckseitig montiert)<\/td>\n<td>Schwarz<\/td>\n<\/tr>\n<tr>\n<td>CM5000-5135-01<\/td>\n<td>Verl\u00e4ngerungsrohr, 100cm<\/td>\n<td>Wei\u00df<\/td>\n<\/tr>\n<tr>\n<td>CM5000-5135-02<\/td>\n<td>Verl\u00e4ngerungsrohr, 100cm<\/td>\n<td>Schwarz<\/td>\n<\/tr>\n<\/tbody>\n<\/table>\n<p>&nbsp;<\/p>\n","protected":false},"excerpt":{"rendered":"<p>Die HI-ND Deckenhalterung Tilt (ohne Geh\u00e4use) ist eine vielseitige, vollbewegliche Deckenhalterung, die f\u00fcr Geh\u00e4use von 32&#8243; bis 65&#8243; geeignet ist. Die Halterung erm\u00f6glicht es, das Display f\u00fcr einen optimalen Betrachtungswinkel nach unten zu neigen und bietet eine einstellbare H\u00f6he f\u00fcr eine perfekte Positionierung. Das integrierte Kabelmanagement sorgt f\u00fcr eine saubere und organisierte Installation. Wir bieten auch <a href=\"https:\/\/hi-nd.com\/product\/extension-pipes\/\">100 cm lange Verl\u00e4ngerungsrohre<\/a> an.<\/p>\n<p><strong>Teleskopische H\u00f6henverstellung:<\/strong><br \/>\nVon 68-88 cm<\/p>\n<p><strong>Neigung:<\/strong><br \/>\nKippt bis zu 15\u00b0<\/p>\n<p><strong>VESA:<\/strong><br \/>\n100\u00d7100 &#8211; 400\u00d7400<\/p>\n<p><strong>Max. Gewicht:<\/strong><br \/>\nBis zu 50kg<\/p>\n","protected":false},"featured_media":9666,"template":"","meta":[],"product_brand":[],"product_cat":[81,103],"product_tag":[],"class_list":{"0":"post-9352","1":"product","2":"type-product","3":"status-publish","4":"has-post-thumbnail","6":"product_cat-decken","7":"product_cat-deckenhalterung","9":"first","10":"instock","11":"shipping-taxable","12":"product-type-simple"},"yoast_head":"<!-- This site is optimized with the Yoast SEO plugin v27.3 - https:\/\/yoast.com\/product\/yoast-seo-wordpress\/ -->\n<title>Deckenhalterung f\u00fcr Deckenverkleidung (r\u00fcckseitig montiert) - HI-ND<\/title>\n<meta name=\"description\" content=\"Dieses ma\u00dfgeschneiderte Wandgeh\u00e4use wurde exklusiv f\u00fcr das Samsung E-Paper Display EM32D-X entwickelt. Bildschirmgr\u00f6\u00dfe:32&quot;\" \/>\n<meta name=\"robots\" content=\"index, follow, max-snippet:-1, max-image-preview:large, max-video-preview:-1\" \/>\n<link rel=\"canonical\" href=\"https:\/\/hi-nd.com\/de\/produkt\/deckenhalterung-fur-deckenverkleidungen-copy\/\" \/>\n<meta property=\"og:locale\" content=\"de_DE\" \/>\n<meta property=\"og:type\" content=\"article\" \/>\n<meta property=\"og:title\" content=\"Deckenhalterung f\u00fcr Deckenverkleidung (r\u00fcckseitig montiert) - HI-ND\" \/>\n<meta property=\"og:description\" content=\"Dieses ma\u00dfgeschneiderte Wandgeh\u00e4use wurde exklusiv f\u00fcr das Samsung E-Paper Display EM32D-X entwickelt. Bildschirmgr\u00f6\u00dfe:32&quot;\" \/>\n<meta property=\"og:url\" content=\"https:\/\/hi-nd.com\/de\/produkt\/deckenhalterung-fur-deckenverkleidungen-copy\/\" \/>\n<meta property=\"og:site_name\" content=\"HI-ND\" \/>\n<meta property=\"article:modified_time\" content=\"2026-01-23T13:05:38+00:00\" \/>\n<meta property=\"og:image\" content=\"https:\/\/hi-nd.com\/wp-content\/uploads\/2025\/12\/CM5000-5110-1_01-750x750-1.jpg\" \/>\n\t<meta property=\"og:image:width\" content=\"750\" \/>\n\t<meta property=\"og:image:height\" content=\"750\" \/>\n\t<meta property=\"og:image:type\" content=\"image\/jpeg\" \/>\n<meta name=\"twitter:card\" content=\"summary_large_image\" \/>\n<script type=\"application\/ld+json\" class=\"yoast-schema-graph\">{\"@context\":\"https:\\\/\\\/schema.org\",\"@graph\":[{\"@type\":\"WebPage\",\"@id\":\"https:\\\/\\\/hi-nd.com\\\/de\\\/produkt\\\/deckenhalterung-fur-deckenverkleidungen-copy\\\/\",\"url\":\"https:\\\/\\\/hi-nd.com\\\/de\\\/produkt\\\/deckenhalterung-fur-deckenverkleidungen-copy\\\/\",\"name\":\"Deckenhalterung f\u00fcr Deckenverkleidung (r\u00fcckseitig montiert) - HI-ND\",\"isPartOf\":{\"@id\":\"https:\\\/\\\/hi-nd.com\\\/#website\"},\"primaryImageOfPage\":{\"@id\":\"https:\\\/\\\/hi-nd.com\\\/de\\\/produkt\\\/deckenhalterung-fur-deckenverkleidungen-copy\\\/#primaryimage\"},\"image\":{\"@id\":\"https:\\\/\\\/hi-nd.com\\\/de\\\/produkt\\\/deckenhalterung-fur-deckenverkleidungen-copy\\\/#primaryimage\"},\"thumbnailUrl\":\"https:\\\/\\\/hi-nd.com\\\/wp-content\\\/uploads\\\/2025\\\/12\\\/CM5000-5110-1_01-750x750-1.jpg\",\"datePublished\":\"2025-12-02T11:28:12+00:00\",\"dateModified\":\"2026-01-23T13:05:38+00:00\",\"description\":\"Dieses ma\u00dfgeschneiderte Wandgeh\u00e4use wurde exklusiv f\u00fcr das Samsung E-Paper Display EM32D-X entwickelt. Bildschirmgr\u00f6\u00dfe:32\\\"\",\"breadcrumb\":{\"@id\":\"https:\\\/\\\/hi-nd.com\\\/de\\\/produkt\\\/deckenhalterung-fur-deckenverkleidungen-copy\\\/#breadcrumb\"},\"inLanguage\":\"de\",\"potentialAction\":[{\"@type\":\"ReadAction\",\"target\":[\"https:\\\/\\\/hi-nd.com\\\/de\\\/produkt\\\/deckenhalterung-fur-deckenverkleidungen-copy\\\/\"]}]},{\"@type\":\"ImageObject\",\"inLanguage\":\"de\",\"@id\":\"https:\\\/\\\/hi-nd.com\\\/de\\\/produkt\\\/deckenhalterung-fur-deckenverkleidungen-copy\\\/#primaryimage\",\"url\":\"https:\\\/\\\/hi-nd.com\\\/wp-content\\\/uploads\\\/2025\\\/12\\\/CM5000-5110-1_01-750x750-1.jpg\",\"contentUrl\":\"https:\\\/\\\/hi-nd.com\\\/wp-content\\\/uploads\\\/2025\\\/12\\\/CM5000-5110-1_01-750x750-1.jpg\",\"width\":750,\"height\":750,\"caption\":\"back mounted ceiling mount\"},{\"@type\":\"BreadcrumbList\",\"@id\":\"https:\\\/\\\/hi-nd.com\\\/de\\\/produkt\\\/deckenhalterung-fur-deckenverkleidungen-copy\\\/#breadcrumb\",\"itemListElement\":[{\"@type\":\"ListItem\",\"position\":1,\"name\":\"Home\",\"item\":\"https:\\\/\\\/hi-nd.com\\\/de\\\/\"},{\"@type\":\"ListItem\",\"position\":2,\"name\":\"Shop\",\"item\":\"https:\\\/\\\/hi-nd.com\\\/de\\\/shop\\\/\"},{\"@type\":\"ListItem\",\"position\":3,\"name\":\"Deckenhalterung f\u00fcr Deckenverkleidung (r\u00fcckseitig montiert)\"}]},{\"@type\":\"WebSite\",\"@id\":\"https:\\\/\\\/hi-nd.com\\\/#website\",\"url\":\"https:\\\/\\\/hi-nd.com\\\/\",\"name\":\"HI-ND\",\"description\":\"Mounting Solutions\",\"potentialAction\":[{\"@type\":\"SearchAction\",\"target\":{\"@type\":\"EntryPoint\",\"urlTemplate\":\"https:\\\/\\\/hi-nd.com\\\/?s={search_term_string}\"},\"query-input\":{\"@type\":\"PropertyValueSpecification\",\"valueRequired\":true,\"valueName\":\"search_term_string\"}}],\"inLanguage\":\"de\"}]}<\/script>\n<!-- \/ Yoast SEO plugin. -->","yoast_head_json":{"title":"Deckenhalterung f\u00fcr Deckenverkleidung (r\u00fcckseitig montiert) - HI-ND","description":"Dieses ma\u00dfgeschneiderte Wandgeh\u00e4use wurde exklusiv f\u00fcr das Samsung E-Paper Display EM32D-X entwickelt. Bildschirmgr\u00f6\u00dfe:32\"","robots":{"index":"index","follow":"follow","max-snippet":"max-snippet:-1","max-image-preview":"max-image-preview:large","max-video-preview":"max-video-preview:-1"},"canonical":"https:\/\/hi-nd.com\/de\/produkt\/deckenhalterung-fur-deckenverkleidungen-copy\/","og_locale":"de_DE","og_type":"article","og_title":"Deckenhalterung f\u00fcr Deckenverkleidung (r\u00fcckseitig montiert) - HI-ND","og_description":"Dieses ma\u00dfgeschneiderte Wandgeh\u00e4use wurde exklusiv f\u00fcr das Samsung E-Paper Display EM32D-X entwickelt. Bildschirmgr\u00f6\u00dfe:32\"","og_url":"https:\/\/hi-nd.com\/de\/produkt\/deckenhalterung-fur-deckenverkleidungen-copy\/","og_site_name":"HI-ND","article_modified_time":"2026-01-23T13:05:38+00:00","og_image":[{"width":750,"height":750,"url":"https:\/\/hi-nd.com\/wp-content\/uploads\/2025\/12\/CM5000-5110-1_01-750x750-1.jpg","type":"image\/jpeg"}],"twitter_card":"summary_large_image","schema":{"@context":"https:\/\/schema.org","@graph":[{"@type":"WebPage","@id":"https:\/\/hi-nd.com\/de\/produkt\/deckenhalterung-fur-deckenverkleidungen-copy\/","url":"https:\/\/hi-nd.com\/de\/produkt\/deckenhalterung-fur-deckenverkleidungen-copy\/","name":"Deckenhalterung f\u00fcr Deckenverkleidung (r\u00fcckseitig montiert) - HI-ND","isPartOf":{"@id":"https:\/\/hi-nd.com\/#website"},"primaryImageOfPage":{"@id":"https:\/\/hi-nd.com\/de\/produkt\/deckenhalterung-fur-deckenverkleidungen-copy\/#primaryimage"},"image":{"@id":"https:\/\/hi-nd.com\/de\/produkt\/deckenhalterung-fur-deckenverkleidungen-copy\/#primaryimage"},"thumbnailUrl":"https:\/\/hi-nd.com\/wp-content\/uploads\/2025\/12\/CM5000-5110-1_01-750x750-1.jpg","datePublished":"2025-12-02T11:28:12+00:00","dateModified":"2026-01-23T13:05:38+00:00","description":"Dieses ma\u00dfgeschneiderte Wandgeh\u00e4use wurde exklusiv f\u00fcr das Samsung E-Paper Display EM32D-X entwickelt. Bildschirmgr\u00f6\u00dfe:32\"","breadcrumb":{"@id":"https:\/\/hi-nd.com\/de\/produkt\/deckenhalterung-fur-deckenverkleidungen-copy\/#breadcrumb"},"inLanguage":"de","potentialAction":[{"@type":"ReadAction","target":["https:\/\/hi-nd.com\/de\/produkt\/deckenhalterung-fur-deckenverkleidungen-copy\/"]}]},{"@type":"ImageObject","inLanguage":"de","@id":"https:\/\/hi-nd.com\/de\/produkt\/deckenhalterung-fur-deckenverkleidungen-copy\/#primaryimage","url":"https:\/\/hi-nd.com\/wp-content\/uploads\/2025\/12\/CM5000-5110-1_01-750x750-1.jpg","contentUrl":"https:\/\/hi-nd.com\/wp-content\/uploads\/2025\/12\/CM5000-5110-1_01-750x750-1.jpg","width":750,"height":750,"caption":"back mounted ceiling mount"},{"@type":"BreadcrumbList","@id":"https:\/\/hi-nd.com\/de\/produkt\/deckenhalterung-fur-deckenverkleidungen-copy\/#breadcrumb","itemListElement":[{"@type":"ListItem","position":1,"name":"Home","item":"https:\/\/hi-nd.com\/de\/"},{"@type":"ListItem","position":2,"name":"Shop","item":"https:\/\/hi-nd.com\/de\/shop\/"},{"@type":"ListItem","position":3,"name":"Deckenhalterung f\u00fcr Deckenverkleidung (r\u00fcckseitig montiert)"}]},{"@type":"WebSite","@id":"https:\/\/hi-nd.com\/#website","url":"https:\/\/hi-nd.com\/","name":"HI-ND","description":"Mounting Solutions","potentialAction":[{"@type":"SearchAction","target":{"@type":"EntryPoint","urlTemplate":"https:\/\/hi-nd.com\/?s={search_term_string}"},"query-input":{"@type":"PropertyValueSpecification","valueRequired":true,"valueName":"search_term_string"}}],"inLanguage":"de"}]}},"_links":{"self":[{"href":"https:\/\/hi-nd.com\/de\/wp-json\/wp\/v2\/product\/9352","targetHints":{"allow":["GET"]}}],"collection":[{"href":"https:\/\/hi-nd.com\/de\/wp-json\/wp\/v2\/product"}],"about":[{"href":"https:\/\/hi-nd.com\/de\/wp-json\/wp\/v2\/types\/product"}],"wp:featuredmedia":[{"embeddable":true,"href":"https:\/\/hi-nd.com\/de\/wp-json\/wp\/v2\/media\/9666"}],"wp:attachment":[{"href":"https:\/\/hi-nd.com\/de\/wp-json\/wp\/v2\/media?parent=9352"}],"wp:term":[{"taxonomy":"product_brand","embeddable":true,"href":"https:\/\/hi-nd.com\/de\/wp-json\/wp\/v2\/product_brand?post=9352"},{"taxonomy":"product_cat","embeddable":true,"href":"https:\/\/hi-nd.com\/de\/wp-json\/wp\/v2\/product_cat?post=9352"},{"taxonomy":"product_tag","embeddable":true,"href":"https:\/\/hi-nd.com\/de\/wp-json\/wp\/v2\/product_tag?post=9352"}],"curies":[{"name":"wp","href":"https:\/\/api.w.org\/{rel}","templated":true}]}}