{"id":9334,"date":"2025-11-28T14:42:20","date_gmt":"2025-11-28T13:42:20","guid":{"rendered":"https:\/\/hi-nd.com\/?post_type=product&#038;p=9334"},"modified":"2026-01-23T14:15:46","modified_gmt":"2026-01-23T13:15:46","slug":"neuvideorow-neigen-copy","status":"publish","type":"product","link":"https:\/\/hi-nd.com\/de\/produkt\/neuvideorow-neigen-copy\/","title":{"rendered":"An der Decke montierte Men\u00fctafel mit Neigung"},"content":{"rendered":"<table style=\"font-size: 14.4px;\" width=\"800\">\n<tbody>\n<tr>\n<td width=\"109\">Teil Nummer<\/td>\n<td width=\"350\">Beschreibung<\/td>\n<td width=\"451\">Unterst\u00fctzte Bildschirme<\/td>\n<\/tr>\n<tr>\n<td>MBC3222-0201<\/td>\n<td> Men\u00fctafel Decke, Querformat, 2&#215;32&#8243;<\/td>\n<td> Alle Displays<\/td>\n<\/tr>\n<tr>\n<td>MBC3222-0301<\/td>\n<td>Men\u00fctafel Decke, Querformat, 3&#215;32&#8243;<\/td>\n<td> Alle Displays<\/td>\n<\/tr>\n<tr>\n<td>MBC3222-0401<\/td>\n<td>Men\u00fctafel Decke, Querformat, 4&#215;32&#8243;<\/td>\n<td> Alle Displays<\/td>\n<\/tr>\n<tr>\n<td>MBC3222-0501<\/td>\n<td>Men\u00fctafel Decke, Querformat, 5&#215;32&#8243;<\/td>\n<td> Alle Displays<\/td>\n<\/tr>\n<tr>\n<td>MBC3222-0601<\/td>\n<td>Men\u00fctafel Decke , Querformat, 6&#215;32&#8243;<\/td>\n<td> Alle Displays<\/td>\n<\/tr>\n<tr>\n<td>MBC4322-0201<\/td>\n<td>Men\u00fctafel Decke , Querformat, 2&#215;43&#8243;<\/td>\n<td> Alle Displays<\/td>\n<\/tr>\n<tr>\n<td>MBC4322-0301<\/td>\n<td>Men\u00fctafel Decke, Querformat, 3&#215;43&#8243;<\/td>\n<td> Alle Displays<\/td>\n<\/tr>\n<tr>\n<td>MBC4322-0401<\/td>\n<td>Menu Board Decke , Querformat, 4&#215;43&#8243;<\/td>\n<td> Alle Displays<\/td>\n<\/tr>\n<tr>\n<td>MBC4322-0501<\/td>\n<td>Men\u00fctafel Decke, Querformat, 5&#215;43&#8243;<\/td>\n<td> Alle Displays<\/td>\n<\/tr>\n<tr>\n<td>MBC4322-0601<\/td>\n<td>Men\u00fctafel Decke , Querformat, 6&#215;43&#8243;<\/td>\n<td> Alle Displays<\/td>\n<\/tr>\n<tr>\n<td>MBC5022-0201<\/td>\n<td>Men\u00fctafel Decke , Querformat, 2&#215;50&#8243;<\/td>\n<td> Alle Displays<\/td>\n<\/tr>\n<tr>\n<td>MBC5022-0301<\/td>\n<td>Men\u00fctafel Decke, Querformat, 3&#215;50&#8243;<\/td>\n<td> Alle Displays<\/td>\n<\/tr>\n<tr>\n<td>MBC5022-0401<\/td>\n<td>Men\u00fctafel Decke, Querformat, 4&#215;50&#8243;<\/td>\n<td> Alle Displays<\/td>\n<\/tr>\n<tr>\n<td>MBC5022-0501<\/td>\n<td>Men\u00fctafel Decke, Querformat, 5&#215;50&#8243;<\/td>\n<td> Alle Displays<\/td>\n<\/tr>\n<tr>\n<td>MBC5022-0601<\/td>\n<td>Men\u00fctafel Decke , Querformat, 6&#215;50&#8243;<\/td>\n<td> Alle Displays<\/td>\n<\/tr>\n<tr>\n<td>MBC5522-0201<\/td>\n<td>Men\u00fctafel Decke, Querformat, 2&#215;55&#8243;<\/td>\n<td> Alle Displays<\/td>\n<\/tr>\n<tr>\n<td>MBC5522-0301<\/td>\n<td>Men\u00fctafel Decke, Querformat, 3&#215;55&#8243;<\/td>\n<td> Alle Displays<\/td>\n<\/tr>\n<tr>\n<td>MBC5522-0401<\/td>\n<td>Men\u00fctafel Decke, Querformat, 4&#215;55&#8243;<\/td>\n<td> Alle Displays<\/td>\n<\/tr>\n<tr>\n<td>MBC5522-0501<\/td>\n<td>Men\u00fctafel Decke, Querformat, 5&#215;55&#8243;<\/td>\n<td> Alle Displays<\/td>\n<\/tr>\n<tr>\n<td>MBC5522-0501<\/td>\n<td>Men\u00fctafel Decke, Querformat, 6&#215;55&#8243;<\/td>\n<td> Alle Displays<\/td>\n<\/tr>\n<tr>\n<td>MBC3222-5201<\/td>\n<td>Men\u00fctafel Decke, Hochformat, 2&#215;32&#8243;<\/td>\n<td> Alle Displays<\/td>\n<\/tr>\n<tr>\n<td>MBC3222-5301<\/td>\n<td>Men\u00fctafel Decke , Hochformat, 3&#215;32&#8243;<\/td>\n<td> Alle Displays<\/td>\n<\/tr>\n<tr>\n<td>MBC3222-5401<\/td>\n<td>Men\u00fctafel Decke, Hochformat, 4&#215;32&#8243;<\/td>\n<td> Alle Displays<\/td>\n<\/tr>\n<tr>\n<td>MBC3222-5501<\/td>\n<td>Men\u00fctafel Decke, Hochformat, 5&#215;32&#8243;<\/td>\n<td> Alle Displays<\/td>\n<\/tr>\n<tr>\n<td>MBC3222-5601<\/td>\n<td>Men\u00fctafel Decke, Hochformat, 6&#215;32&#8243;<\/td>\n<td> Alle Displays<\/td>\n<\/tr>\n<tr>\n<td>MBC4322-5201<\/td>\n<td>Men\u00fctafel Decke , Hochformat, 2&#215;43&#8243;<\/td>\n<td> Alle Displays<\/td>\n<\/tr>\n<tr>\n<td>MBC4322-5301<\/td>\n<td>Men\u00fctafel Decke , Hochformat, 3&#215;43&#8243;<\/td>\n<td> Alle Displays<\/td>\n<\/tr>\n<tr>\n<td>MBC4322-5401<\/td>\n<td>Men\u00fctafel Decke, Hochformat, 4&#215;43&#8243;<\/td>\n<td> Alle Displays<\/td>\n<\/tr>\n<tr>\n<td>MBC4322-5501<\/td>\n<td>Men\u00fctafel Decke, Hochformat, 5&#215;43&#8243;<\/td>\n<td> Alle Displays<\/td>\n<\/tr>\n<tr>\n<td>MBC4322-5601<\/td>\n<td>Men\u00fctafel Decke, Hochformat, 6&#215;43&#8243;<\/td>\n<td> Alle Displays<\/td>\n<\/tr>\n<tr>\n<td>MBC5022-5201<\/td>\n<td>Men\u00fctafel Decke, Hochformat, 2&#215;50&#8243;<\/td>\n<td> Alle Displays<\/td>\n<\/tr>\n<tr>\n<td>MBC5022-5301<\/td>\n<td>Men\u00fctafel Decke, Hochformat, 3&#215;50&#8243;<\/td>\n<td> Alle Displays<\/td>\n<\/tr>\n<tr>\n<td>MBC5022-5401<\/td>\n<td>Men\u00fctafel Decke, Hochformat, 4&#215;50&#8243;<\/td>\n<td> Alle Displays<\/td>\n<\/tr>\n<tr>\n<td>MBC5022-5501<\/td>\n<td>Men\u00fctafel Decke, Hochformat, 5&#215;50&#8243;<\/td>\n<td> Alle Displays<\/td>\n<\/tr>\n<tr>\n<td>MBC5022-5601<\/td>\n<td>Men\u00fctafel Decke, Hochformat, 6&#215;50&#8243;<\/td>\n<td> Alle Displays<\/td>\n<\/tr>\n<tr>\n<td>MBC5522-5201<\/td>\n<td>Men\u00fctafel Decke, Hochformat, 2&#215;55&#8243;<\/td>\n<td> Alle Displays<\/td>\n<\/tr>\n<tr>\n<td>MBC5522-5301<\/td>\n<td>Men\u00fctafel Decke, Hochformat, 3&#215;55&#8243;<\/td>\n<td> Alle Displays<\/td>\n<\/tr>\n<tr>\n<td>MBC5522-5401<\/td>\n<td>Men\u00fctafel Decke, Hochformat, 4&#215;55&#8243;<\/td>\n<td> Alle Displays<\/td>\n<\/tr>\n<tr>\n<td>MBC5522-5501<\/td>\n<td>Men\u00fctafel Decke, Hochformat, 5&#215;55&#8243;<\/td>\n<td>Alle Displays<\/td>\n<\/tr>\n<tr>\n<td>MBC5522-5601<\/td>\n<td>Men\u00fctafel Decke, Hochformat, 6&#215;55&#8243;<\/td>\n<td>Alle Displays<\/td>\n<\/tr>\n<\/tbody>\n<\/table>\n","protected":false},"excerpt":{"rendered":"<p>Die an der Decke montierte Men\u00fctafel mit Neigung ist f\u00fcr die Deckenmontage statt f\u00fcr die Wandmontage vorgesehen und eignet sich daher ideal f\u00fcr offene R\u00e4ume oder Bereiche mit begrenzter Wandfl\u00e4che.<\/p>\n<p>Mit dem System k\u00f6nnen Sie eine beliebige Anzahl von Bildschirmen pr\u00e4zise ausrichten. Empfohlene Bildschirmgr\u00f6\u00dfen sind 32&#8243; bis 55&#8243;, und das System unterst\u00fctzt sowohl Hoch- als auch Querformatausrichtungen. <\/p>\n","protected":false},"featured_media":9340,"template":"","meta":[],"product_brand":[],"product_cat":[81,103,114,87],"product_tag":[],"class_list":{"0":"post-9334","1":"product","2":"type-product","3":"status-publish","4":"has-post-thumbnail","6":"product_cat-decken","7":"product_cat-deckenhalterung","8":"product_cat-video-reihe","9":"product_cat-wand","11":"first","12":"instock","13":"shipping-taxable","14":"product-type-simple"},"yoast_head":"<!-- This site is optimized with the Yoast SEO plugin v27.3 - https:\/\/yoast.com\/product\/yoast-seo-wordpress\/ -->\n<title>An der Decke montierte Men\u00fctafel mit Neigung - HI-ND<\/title>\n<meta name=\"description\" content=\"Eine einfache und sehr kosteng\u00fcnstige M\u00f6glichkeit, ein Menuboard mit mehreren Bildschirmen in einer Reihe zu bauen. Empfohlene Bildschirmgr\u00f6\u00dfe 22\u2033 bis 55\u2033.\" \/>\n<meta name=\"robots\" content=\"index, follow, max-snippet:-1, max-image-preview:large, max-video-preview:-1\" \/>\n<link rel=\"canonical\" href=\"https:\/\/hi-nd.com\/de\/produkt\/neuvideorow-neigen-copy\/\" \/>\n<meta property=\"og:locale\" content=\"de_DE\" \/>\n<meta property=\"og:type\" content=\"article\" \/>\n<meta property=\"og:title\" content=\"An der Decke montierte Men\u00fctafel mit Neigung - HI-ND\" \/>\n<meta property=\"og:description\" content=\"Eine einfache und sehr kosteng\u00fcnstige M\u00f6glichkeit, ein Menuboard mit mehreren Bildschirmen in einer Reihe zu bauen. Empfohlene Bildschirmgr\u00f6\u00dfe 22\u2033 bis 55\u2033.\" \/>\n<meta property=\"og:url\" content=\"https:\/\/hi-nd.com\/de\/produkt\/neuvideorow-neigen-copy\/\" \/>\n<meta property=\"og:site_name\" content=\"HI-ND\" \/>\n<meta property=\"article:modified_time\" content=\"2026-01-23T13:15:46+00:00\" \/>\n<meta property=\"og:image\" content=\"https:\/\/hi-nd.com\/wp-content\/uploads\/2025\/11\/VR-takhangd-02-scaled.png\" \/>\n\t<meta property=\"og:image:width\" content=\"2560\" \/>\n\t<meta property=\"og:image:height\" content=\"1978\" \/>\n\t<meta property=\"og:image:type\" content=\"image\/png\" \/>\n<meta name=\"twitter:card\" content=\"summary_large_image\" \/>\n<meta name=\"twitter:label1\" content=\"Gesch\u00e4tzte Lesezeit\" \/>\n\t<meta name=\"twitter:data1\" content=\"2\u00a0Minuten\" \/>\n<script type=\"application\/ld+json\" class=\"yoast-schema-graph\">{\"@context\":\"https:\\\/\\\/schema.org\",\"@graph\":[{\"@type\":\"WebPage\",\"@id\":\"https:\\\/\\\/hi-nd.com\\\/de\\\/produkt\\\/neuvideorow-neigen-copy\\\/\",\"url\":\"https:\\\/\\\/hi-nd.com\\\/de\\\/produkt\\\/neuvideorow-neigen-copy\\\/\",\"name\":\"An der Decke montierte Men\u00fctafel mit Neigung - HI-ND\",\"isPartOf\":{\"@id\":\"https:\\\/\\\/hi-nd.com\\\/#website\"},\"primaryImageOfPage\":{\"@id\":\"https:\\\/\\\/hi-nd.com\\\/de\\\/produkt\\\/neuvideorow-neigen-copy\\\/#primaryimage\"},\"image\":{\"@id\":\"https:\\\/\\\/hi-nd.com\\\/de\\\/produkt\\\/neuvideorow-neigen-copy\\\/#primaryimage\"},\"thumbnailUrl\":\"https:\\\/\\\/hi-nd.com\\\/wp-content\\\/uploads\\\/2025\\\/11\\\/VR-takhangd-02-scaled.png\",\"datePublished\":\"2025-11-28T13:42:20+00:00\",\"dateModified\":\"2026-01-23T13:15:46+00:00\",\"description\":\"Eine einfache und sehr kosteng\u00fcnstige M\u00f6glichkeit, ein Menuboard mit mehreren Bildschirmen in einer Reihe zu bauen. Empfohlene Bildschirmgr\u00f6\u00dfe 22\u2033 bis 55\u2033.\",\"breadcrumb\":{\"@id\":\"https:\\\/\\\/hi-nd.com\\\/de\\\/produkt\\\/neuvideorow-neigen-copy\\\/#breadcrumb\"},\"inLanguage\":\"de\",\"potentialAction\":[{\"@type\":\"ReadAction\",\"target\":[\"https:\\\/\\\/hi-nd.com\\\/de\\\/produkt\\\/neuvideorow-neigen-copy\\\/\"]}]},{\"@type\":\"ImageObject\",\"inLanguage\":\"de\",\"@id\":\"https:\\\/\\\/hi-nd.com\\\/de\\\/produkt\\\/neuvideorow-neigen-copy\\\/#primaryimage\",\"url\":\"https:\\\/\\\/hi-nd.com\\\/wp-content\\\/uploads\\\/2025\\\/11\\\/VR-takhangd-02-scaled.png\",\"contentUrl\":\"https:\\\/\\\/hi-nd.com\\\/wp-content\\\/uploads\\\/2025\\\/11\\\/VR-takhangd-02-scaled.png\",\"width\":2560,\"height\":1978,\"caption\":\"An der Decke montierte Men\u00fctafel\"},{\"@type\":\"BreadcrumbList\",\"@id\":\"https:\\\/\\\/hi-nd.com\\\/de\\\/produkt\\\/neuvideorow-neigen-copy\\\/#breadcrumb\",\"itemListElement\":[{\"@type\":\"ListItem\",\"position\":1,\"name\":\"Home\",\"item\":\"https:\\\/\\\/hi-nd.com\\\/de\\\/\"},{\"@type\":\"ListItem\",\"position\":2,\"name\":\"Shop\",\"item\":\"https:\\\/\\\/hi-nd.com\\\/de\\\/shop\\\/\"},{\"@type\":\"ListItem\",\"position\":3,\"name\":\"An der Decke montierte Men\u00fctafel mit Neigung\"}]},{\"@type\":\"WebSite\",\"@id\":\"https:\\\/\\\/hi-nd.com\\\/#website\",\"url\":\"https:\\\/\\\/hi-nd.com\\\/\",\"name\":\"HI-ND\",\"description\":\"Mounting Solutions\",\"potentialAction\":[{\"@type\":\"SearchAction\",\"target\":{\"@type\":\"EntryPoint\",\"urlTemplate\":\"https:\\\/\\\/hi-nd.com\\\/?s={search_term_string}\"},\"query-input\":{\"@type\":\"PropertyValueSpecification\",\"valueRequired\":true,\"valueName\":\"search_term_string\"}}],\"inLanguage\":\"de\"}]}<\/script>\n<!-- \/ Yoast SEO plugin. -->","yoast_head_json":{"title":"An der Decke montierte Men\u00fctafel mit Neigung - HI-ND","description":"Eine einfache und sehr kosteng\u00fcnstige M\u00f6glichkeit, ein Menuboard mit mehreren Bildschirmen in einer Reihe zu bauen. Empfohlene Bildschirmgr\u00f6\u00dfe 22\u2033 bis 55\u2033.","robots":{"index":"index","follow":"follow","max-snippet":"max-snippet:-1","max-image-preview":"max-image-preview:large","max-video-preview":"max-video-preview:-1"},"canonical":"https:\/\/hi-nd.com\/de\/produkt\/neuvideorow-neigen-copy\/","og_locale":"de_DE","og_type":"article","og_title":"An der Decke montierte Men\u00fctafel mit Neigung - HI-ND","og_description":"Eine einfache und sehr kosteng\u00fcnstige M\u00f6glichkeit, ein Menuboard mit mehreren Bildschirmen in einer Reihe zu bauen. Empfohlene Bildschirmgr\u00f6\u00dfe 22\u2033 bis 55\u2033.","og_url":"https:\/\/hi-nd.com\/de\/produkt\/neuvideorow-neigen-copy\/","og_site_name":"HI-ND","article_modified_time":"2026-01-23T13:15:46+00:00","og_image":[{"width":2560,"height":1978,"url":"https:\/\/hi-nd.com\/wp-content\/uploads\/2025\/11\/VR-takhangd-02-scaled.png","type":"image\/png"}],"twitter_card":"summary_large_image","twitter_misc":{"Gesch\u00e4tzte Lesezeit":"2\u00a0Minuten"},"schema":{"@context":"https:\/\/schema.org","@graph":[{"@type":"WebPage","@id":"https:\/\/hi-nd.com\/de\/produkt\/neuvideorow-neigen-copy\/","url":"https:\/\/hi-nd.com\/de\/produkt\/neuvideorow-neigen-copy\/","name":"An der Decke montierte Men\u00fctafel mit Neigung - HI-ND","isPartOf":{"@id":"https:\/\/hi-nd.com\/#website"},"primaryImageOfPage":{"@id":"https:\/\/hi-nd.com\/de\/produkt\/neuvideorow-neigen-copy\/#primaryimage"},"image":{"@id":"https:\/\/hi-nd.com\/de\/produkt\/neuvideorow-neigen-copy\/#primaryimage"},"thumbnailUrl":"https:\/\/hi-nd.com\/wp-content\/uploads\/2025\/11\/VR-takhangd-02-scaled.png","datePublished":"2025-11-28T13:42:20+00:00","dateModified":"2026-01-23T13:15:46+00:00","description":"Eine einfache und sehr kosteng\u00fcnstige M\u00f6glichkeit, ein Menuboard mit mehreren Bildschirmen in einer Reihe zu bauen. Empfohlene Bildschirmgr\u00f6\u00dfe 22\u2033 bis 55\u2033.","breadcrumb":{"@id":"https:\/\/hi-nd.com\/de\/produkt\/neuvideorow-neigen-copy\/#breadcrumb"},"inLanguage":"de","potentialAction":[{"@type":"ReadAction","target":["https:\/\/hi-nd.com\/de\/produkt\/neuvideorow-neigen-copy\/"]}]},{"@type":"ImageObject","inLanguage":"de","@id":"https:\/\/hi-nd.com\/de\/produkt\/neuvideorow-neigen-copy\/#primaryimage","url":"https:\/\/hi-nd.com\/wp-content\/uploads\/2025\/11\/VR-takhangd-02-scaled.png","contentUrl":"https:\/\/hi-nd.com\/wp-content\/uploads\/2025\/11\/VR-takhangd-02-scaled.png","width":2560,"height":1978,"caption":"An der Decke montierte Men\u00fctafel"},{"@type":"BreadcrumbList","@id":"https:\/\/hi-nd.com\/de\/produkt\/neuvideorow-neigen-copy\/#breadcrumb","itemListElement":[{"@type":"ListItem","position":1,"name":"Home","item":"https:\/\/hi-nd.com\/de\/"},{"@type":"ListItem","position":2,"name":"Shop","item":"https:\/\/hi-nd.com\/de\/shop\/"},{"@type":"ListItem","position":3,"name":"An der Decke montierte Men\u00fctafel mit Neigung"}]},{"@type":"WebSite","@id":"https:\/\/hi-nd.com\/#website","url":"https:\/\/hi-nd.com\/","name":"HI-ND","description":"Mounting Solutions","potentialAction":[{"@type":"SearchAction","target":{"@type":"EntryPoint","urlTemplate":"https:\/\/hi-nd.com\/?s={search_term_string}"},"query-input":{"@type":"PropertyValueSpecification","valueRequired":true,"valueName":"search_term_string"}}],"inLanguage":"de"}]}},"_links":{"self":[{"href":"https:\/\/hi-nd.com\/de\/wp-json\/wp\/v2\/product\/9334","targetHints":{"allow":["GET"]}}],"collection":[{"href":"https:\/\/hi-nd.com\/de\/wp-json\/wp\/v2\/product"}],"about":[{"href":"https:\/\/hi-nd.com\/de\/wp-json\/wp\/v2\/types\/product"}],"wp:featuredmedia":[{"embeddable":true,"href":"https:\/\/hi-nd.com\/de\/wp-json\/wp\/v2\/media\/9340"}],"wp:attachment":[{"href":"https:\/\/hi-nd.com\/de\/wp-json\/wp\/v2\/media?parent=9334"}],"wp:term":[{"taxonomy":"product_brand","embeddable":true,"href":"https:\/\/hi-nd.com\/de\/wp-json\/wp\/v2\/product_brand?post=9334"},{"taxonomy":"product_cat","embeddable":true,"href":"https:\/\/hi-nd.com\/de\/wp-json\/wp\/v2\/product_cat?post=9334"},{"taxonomy":"product_tag","embeddable":true,"href":"https:\/\/hi-nd.com\/de\/wp-json\/wp\/v2\/product_tag?post=9334"}],"curies":[{"name":"wp","href":"https:\/\/api.w.org\/{rel}","templated":true}]}}