{"id":9292,"date":"2025-09-22T09:04:56","date_gmt":"2025-09-22T07:04:56","guid":{"rendered":"https:\/\/hi-nd.com\/?post_type=product&#038;p=9292"},"modified":"2026-01-23T14:41:37","modified_gmt":"2026-01-23T13:41:37","slug":"ausen-totem-samsung-oh55a-s-und-oh46b-copy","status":"publish","type":"product","link":"https:\/\/hi-nd.com\/de\/produkt\/ausen-totem-samsung-oh55a-s-und-oh46b-copy\/","title":{"rendered":"Fundamentblock aus Beton"},"content":{"rendered":"<table style=\"font-size: 14.4px;\" border=\"0\" cellspacing=\"0\">\n<colgroup width=\"184\"><\/colgroup>\n<tbody>\n<tr>\n<td align=\"left\" height=\"26\"><b>Teil Nummer<\/b><\/td>\n<td align=\"left\"><b> Beschreibung<\/b><\/td>\n<td align=\"left\"><b> Ma\u00dfangaben<\/b><\/td>\n<\/tr>\n<tr>\n<td align=\"left\" height=\"26\"> BF-0101-55<\/td>\n<td align=\"left\"> Betonfundamentblock f\u00fcr den Au\u00dfenbereich 55&#8243;<\/td>\n<td align=\"left\"> 1200x800x160 mm, 400 kg<\/td>\n<\/tr>\n<tr>\n<td align=\"left\" height=\"26\"> BF-0101-75<\/td>\n<td align=\"left\"> Betonfundamentblock f\u00fcr den Au\u00dfenbereich 75&#8243;<\/td>\n<td align=\"left\"> 1400x800x160 mm, 500 kg<\/td>\n<\/tr>\n<\/tbody>\n<\/table>\n","protected":false},"excerpt":{"rendered":"<p data-start=\"45\" data-end=\"156\">Wir bieten jetzt fertige Betonsteinfundamente f\u00fcr Totems im Freien an, die in zwei Gr\u00f6\u00dfen erh\u00e4ltlich sind: 55&#8243; und 75&#8243;.<\/p>\n<ul data-start=\"157\" data-end=\"310\">\n<li data-start=\"157\" data-end=\"224\">\n<p data-start=\"159\" data-end=\"224\">Der 55&#8243; Totemblock misst 1200\u00d7800\u00d7160 mm und wiegt 400 kg.<\/p>\n<\/li>\n<li data-start=\"225\" data-end=\"310\">\n<p data-start=\"227\" data-end=\"310\">Der 75&#8243; Totempfahl ist mit 1400\u00d7800\u00d7160 mm etwas gr\u00f6\u00dfer und wiegt 500 kg.<\/p>\n<\/li>\n<\/ul>\n","protected":false},"featured_media":9297,"template":"","meta":[],"product_brand":[],"product_cat":[66],"product_tag":[],"class_list":{"0":"post-9292","1":"product","2":"type-product","3":"status-publish","4":"has-post-thumbnail","6":"product_cat-aussenbereich-de","8":"first","9":"instock","10":"shipping-taxable","11":"product-type-simple"},"yoast_head":"<!-- This site is optimized with the Yoast SEO plugin v27.4 - https:\/\/yoast.com\/product\/yoast-seo-wordpress\/ -->\n<title>Fundamentblock aus Beton - HI-ND<\/title>\n<meta name=\"description\" content=\"HI-ND Outdoor Totem ist f\u00fcr Samsung OH55A-S konzipiert. Es ist ein einziges Totem, das sich perfekt f\u00fcr Marketing und Information nach au\u00dfen eignet.\" \/>\n<meta name=\"robots\" content=\"index, follow, max-snippet:-1, max-image-preview:large, max-video-preview:-1\" \/>\n<link rel=\"canonical\" href=\"http:\/\/hi-nd.com\/product\/concrete-foundation-block\/\" \/>\n<meta property=\"og:locale\" content=\"de_DE\" \/>\n<meta property=\"og:type\" content=\"article\" \/>\n<meta property=\"og:title\" content=\"Fundamentblock aus Beton - HI-ND\" \/>\n<meta property=\"og:description\" content=\"HI-ND Outdoor Totem ist f\u00fcr Samsung OH55A-S konzipiert. Es ist ein einziges Totem, das sich perfekt f\u00fcr Marketing und Information nach au\u00dfen eignet.\" \/>\n<meta property=\"og:url\" content=\"http:\/\/hi-nd.com\/product\/concrete-foundation-block\/\" \/>\n<meta property=\"og:site_name\" content=\"HI-ND\" \/>\n<meta property=\"article:modified_time\" content=\"2026-01-23T13:41:37+00:00\" \/>\n<meta property=\"og:image\" content=\"http:\/\/hi-nd.com\/wp-content\/uploads\/2025\/09\/Outdoor-totem-OD5517-5401-750x750-1.jpg\" \/>\n\t<meta property=\"og:image:width\" content=\"750\" \/>\n\t<meta property=\"og:image:height\" content=\"750\" \/>\n\t<meta property=\"og:image:type\" content=\"image\/jpeg\" \/>\n<meta name=\"twitter:card\" content=\"summary_large_image\" \/>\n<script type=\"application\/ld+json\" class=\"yoast-schema-graph\">{\"@context\":\"https:\\\/\\\/schema.org\",\"@graph\":[{\"@type\":\"WebPage\",\"@id\":\"http:\\\/\\\/hi-nd.com\\\/product\\\/concrete-foundation-block\\\/\",\"url\":\"http:\\\/\\\/hi-nd.com\\\/product\\\/concrete-foundation-block\\\/\",\"name\":\"Fundamentblock aus Beton - HI-ND\",\"isPartOf\":{\"@id\":\"https:\\\/\\\/hi-nd.com\\\/#website\"},\"primaryImageOfPage\":{\"@id\":\"http:\\\/\\\/hi-nd.com\\\/product\\\/concrete-foundation-block\\\/#primaryimage\"},\"image\":{\"@id\":\"http:\\\/\\\/hi-nd.com\\\/product\\\/concrete-foundation-block\\\/#primaryimage\"},\"thumbnailUrl\":\"https:\\\/\\\/hi-nd.com\\\/wp-content\\\/uploads\\\/2025\\\/09\\\/Outdoor-totem-OD5517-5401-750x750-1.jpg\",\"datePublished\":\"2025-09-22T07:04:56+00:00\",\"dateModified\":\"2026-01-23T13:41:37+00:00\",\"description\":\"HI-ND Outdoor Totem ist f\u00fcr Samsung OH55A-S konzipiert. Es ist ein einziges Totem, das sich perfekt f\u00fcr Marketing und Information nach au\u00dfen eignet.\",\"breadcrumb\":{\"@id\":\"http:\\\/\\\/hi-nd.com\\\/product\\\/concrete-foundation-block\\\/#breadcrumb\"},\"inLanguage\":\"de\",\"potentialAction\":[{\"@type\":\"ReadAction\",\"target\":[\"http:\\\/\\\/hi-nd.com\\\/product\\\/concrete-foundation-block\\\/\"]}]},{\"@type\":\"ImageObject\",\"inLanguage\":\"de\",\"@id\":\"http:\\\/\\\/hi-nd.com\\\/product\\\/concrete-foundation-block\\\/#primaryimage\",\"url\":\"https:\\\/\\\/hi-nd.com\\\/wp-content\\\/uploads\\\/2025\\\/09\\\/Outdoor-totem-OD5517-5401-750x750-1.jpg\",\"contentUrl\":\"https:\\\/\\\/hi-nd.com\\\/wp-content\\\/uploads\\\/2025\\\/09\\\/Outdoor-totem-OD5517-5401-750x750-1.jpg\",\"width\":750,\"height\":750,\"caption\":\"Betonsteinfundament\"},{\"@type\":\"BreadcrumbList\",\"@id\":\"http:\\\/\\\/hi-nd.com\\\/product\\\/concrete-foundation-block\\\/#breadcrumb\",\"itemListElement\":[{\"@type\":\"ListItem\",\"position\":1,\"name\":\"Home\",\"item\":\"https:\\\/\\\/hi-nd.com\\\/hi-nd-digitale-beschilderung\\\/\"},{\"@type\":\"ListItem\",\"position\":2,\"name\":\"Shop\",\"item\":\"https:\\\/\\\/hi-nd.com\\\/shop\\\/\"},{\"@type\":\"ListItem\",\"position\":3,\"name\":\"Fundamentblock aus Beton\"}]},{\"@type\":\"WebSite\",\"@id\":\"https:\\\/\\\/hi-nd.com\\\/#website\",\"url\":\"https:\\\/\\\/hi-nd.com\\\/\",\"name\":\"HI-ND\",\"description\":\"Mounting Solutions\",\"potentialAction\":[{\"@type\":\"SearchAction\",\"target\":{\"@type\":\"EntryPoint\",\"urlTemplate\":\"https:\\\/\\\/hi-nd.com\\\/?s={search_term_string}\"},\"query-input\":{\"@type\":\"PropertyValueSpecification\",\"valueRequired\":true,\"valueName\":\"search_term_string\"}}],\"inLanguage\":\"de\"}]}<\/script>\n<!-- \/ Yoast SEO plugin. -->","yoast_head_json":{"title":"Fundamentblock aus Beton - HI-ND","description":"HI-ND Outdoor Totem ist f\u00fcr Samsung OH55A-S konzipiert. Es ist ein einziges Totem, das sich perfekt f\u00fcr Marketing und Information nach au\u00dfen eignet.","robots":{"index":"index","follow":"follow","max-snippet":"max-snippet:-1","max-image-preview":"max-image-preview:large","max-video-preview":"max-video-preview:-1"},"canonical":"http:\/\/hi-nd.com\/product\/concrete-foundation-block\/","og_locale":"de_DE","og_type":"article","og_title":"Fundamentblock aus Beton - HI-ND","og_description":"HI-ND Outdoor Totem ist f\u00fcr Samsung OH55A-S konzipiert. Es ist ein einziges Totem, das sich perfekt f\u00fcr Marketing und Information nach au\u00dfen eignet.","og_url":"http:\/\/hi-nd.com\/product\/concrete-foundation-block\/","og_site_name":"HI-ND","article_modified_time":"2026-01-23T13:41:37+00:00","og_image":[{"width":750,"height":750,"url":"http:\/\/hi-nd.com\/wp-content\/uploads\/2025\/09\/Outdoor-totem-OD5517-5401-750x750-1.jpg","type":"image\/jpeg"}],"twitter_card":"summary_large_image","schema":{"@context":"https:\/\/schema.org","@graph":[{"@type":"WebPage","@id":"http:\/\/hi-nd.com\/product\/concrete-foundation-block\/","url":"http:\/\/hi-nd.com\/product\/concrete-foundation-block\/","name":"Fundamentblock aus Beton - HI-ND","isPartOf":{"@id":"https:\/\/hi-nd.com\/#website"},"primaryImageOfPage":{"@id":"http:\/\/hi-nd.com\/product\/concrete-foundation-block\/#primaryimage"},"image":{"@id":"http:\/\/hi-nd.com\/product\/concrete-foundation-block\/#primaryimage"},"thumbnailUrl":"https:\/\/hi-nd.com\/wp-content\/uploads\/2025\/09\/Outdoor-totem-OD5517-5401-750x750-1.jpg","datePublished":"2025-09-22T07:04:56+00:00","dateModified":"2026-01-23T13:41:37+00:00","description":"HI-ND Outdoor Totem ist f\u00fcr Samsung OH55A-S konzipiert. Es ist ein einziges Totem, das sich perfekt f\u00fcr Marketing und Information nach au\u00dfen eignet.","breadcrumb":{"@id":"http:\/\/hi-nd.com\/product\/concrete-foundation-block\/#breadcrumb"},"inLanguage":"de","potentialAction":[{"@type":"ReadAction","target":["http:\/\/hi-nd.com\/product\/concrete-foundation-block\/"]}]},{"@type":"ImageObject","inLanguage":"de","@id":"http:\/\/hi-nd.com\/product\/concrete-foundation-block\/#primaryimage","url":"https:\/\/hi-nd.com\/wp-content\/uploads\/2025\/09\/Outdoor-totem-OD5517-5401-750x750-1.jpg","contentUrl":"https:\/\/hi-nd.com\/wp-content\/uploads\/2025\/09\/Outdoor-totem-OD5517-5401-750x750-1.jpg","width":750,"height":750,"caption":"Betonsteinfundament"},{"@type":"BreadcrumbList","@id":"http:\/\/hi-nd.com\/product\/concrete-foundation-block\/#breadcrumb","itemListElement":[{"@type":"ListItem","position":1,"name":"Home","item":"https:\/\/hi-nd.com\/hi-nd-digitale-beschilderung\/"},{"@type":"ListItem","position":2,"name":"Shop","item":"https:\/\/hi-nd.com\/shop\/"},{"@type":"ListItem","position":3,"name":"Fundamentblock aus Beton"}]},{"@type":"WebSite","@id":"https:\/\/hi-nd.com\/#website","url":"https:\/\/hi-nd.com\/","name":"HI-ND","description":"Mounting Solutions","potentialAction":[{"@type":"SearchAction","target":{"@type":"EntryPoint","urlTemplate":"https:\/\/hi-nd.com\/?s={search_term_string}"},"query-input":{"@type":"PropertyValueSpecification","valueRequired":true,"valueName":"search_term_string"}}],"inLanguage":"de"}]}},"_links":{"self":[{"href":"https:\/\/hi-nd.com\/de\/wp-json\/wp\/v2\/product\/9292","targetHints":{"allow":["GET"]}}],"collection":[{"href":"https:\/\/hi-nd.com\/de\/wp-json\/wp\/v2\/product"}],"about":[{"href":"https:\/\/hi-nd.com\/de\/wp-json\/wp\/v2\/types\/product"}],"wp:featuredmedia":[{"embeddable":true,"href":"https:\/\/hi-nd.com\/de\/wp-json\/wp\/v2\/media\/9297"}],"wp:attachment":[{"href":"https:\/\/hi-nd.com\/de\/wp-json\/wp\/v2\/media?parent=9292"}],"wp:term":[{"taxonomy":"product_brand","embeddable":true,"href":"https:\/\/hi-nd.com\/de\/wp-json\/wp\/v2\/product_brand?post=9292"},{"taxonomy":"product_cat","embeddable":true,"href":"https:\/\/hi-nd.com\/de\/wp-json\/wp\/v2\/product_cat?post=9292"},{"taxonomy":"product_tag","embeddable":true,"href":"https:\/\/hi-nd.com\/de\/wp-json\/wp\/v2\/product_tag?post=9292"}],"curies":[{"name":"wp","href":"https:\/\/api.w.org\/{rel}","templated":true}]}}