{"id":9085,"date":"2025-07-07T14:07:30","date_gmt":"2025-07-07T12:07:30","guid":{"rendered":"https:\/\/hi-nd.com\/?post_type=product&#038;p=9085"},"modified":"2026-01-23T14:43:27","modified_gmt":"2026-01-23T13:43:27","slug":"deckenhalterung-universal-schwarz-copy","status":"publish","type":"product","link":"https:\/\/hi-nd.com\/de\/produkt\/deckenhalterung-universal-schwarz-copy\/","title":{"rendered":"Deckenhalterung mit Neigung"},"content":{"rendered":"<table style=\"height: 70px;\" width=\"600\">\n<tbody>\n<tr>\n<td width=\"150\">Teilenummer<\/td>\n<td width=\"621\">Beschreibung<\/td>\n<td width=\"60\"> Farbe<\/td>\n<\/tr>\n<tr>\n<td>CM5000-5101-01<\/td>\n<td> Deckenhalterung f\u00fcr 32&#8243;-65&#8243;<\/td>\n<td> Wei\u00df<\/td>\n<\/tr>\n<tr>\n<td>CM5000-5101-02<\/td>\n<td> Deckenhalterung f\u00fcr 32&#8243;-65&#8243;<\/td>\n<td> Schwarz<\/td>\n<\/tr>\n<\/tbody>\n<\/table>\n","protected":false},"excerpt":{"rendered":"<p>HI-ND Deckenhalterung mit Neigung, ist eine vollbewegliche Deckenhalterung mit VESA-Platte. Sie eignet sich f\u00fcr praktisch alle 32&#8243; &#8211; 65&#8243; Bildschirme bis zu 25 kg. Die Halterung erm\u00f6glicht es, Bildschirme nach unten zu neigen.   Mit verstellbarer H\u00f6he f\u00fcr eine perfekte Positionierung und einem Kabelf\u00fchrungskanal zum Verstecken von Kabeln.<\/p>\n<ul>\n<li>Teleskopische H\u00f6henverstellung von 68-88 cm.<\/li>\n<li>Schwarz und wei\u00dfe Farbe<\/li>\n<li>Frei kippbares Design<\/li>\n<li>Eingebaute Pegelanpassung<\/li>\n<li>Kabelmanagement<\/li>\n<li>VESA: 100&#215;100, 200\u00d7200, 300&#215;300, 400&#215;400<\/li>\n<\/ul>\n","protected":false},"featured_media":9089,"template":"","meta":[],"product_brand":[],"product_cat":[81,103],"product_tag":[],"class_list":{"0":"post-9085","1":"product","2":"type-product","3":"status-publish","4":"has-post-thumbnail","6":"product_cat-decken","7":"product_cat-deckenhalterung","9":"first","10":"instock","11":"shipping-taxable","12":"product-type-simple"},"yoast_head":"<!-- This site is optimized with the Yoast SEO plugin v27.3 - https:\/\/yoast.com\/product\/yoast-seo-wordpress\/ -->\n<title>Deckenhalterung mit Neigung - HI-ND<\/title>\n<meta name=\"description\" content=\"HI-ND Deckenhalterung mit Universalneigung, ist eine vollbewegliche Deckenhalterung mit VESA-Platte. Er eignet sich f\u00fcr alle Bildschirme von 32\u2033 bis 55\u2033.\" \/>\n<meta name=\"robots\" content=\"index, follow, max-snippet:-1, max-image-preview:large, max-video-preview:-1\" \/>\n<link rel=\"canonical\" href=\"https:\/\/hi-nd.com\/de\/produkt\/deckenhalterung-universal-schwarz-copy\/\" \/>\n<meta property=\"og:locale\" content=\"de_DE\" \/>\n<meta property=\"og:type\" content=\"article\" \/>\n<meta property=\"og:title\" content=\"Deckenhalterung mit Neigung - HI-ND\" \/>\n<meta property=\"og:description\" content=\"HI-ND Deckenhalterung mit Universalneigung, ist eine vollbewegliche Deckenhalterung mit VESA-Platte. Er eignet sich f\u00fcr alle Bildschirme von 32\u2033 bis 55\u2033.\" \/>\n<meta property=\"og:url\" content=\"https:\/\/hi-nd.com\/de\/produkt\/deckenhalterung-universal-schwarz-copy\/\" \/>\n<meta property=\"og:site_name\" content=\"HI-ND\" \/>\n<meta property=\"article:modified_time\" content=\"2026-01-23T13:43:27+00:00\" \/>\n<meta property=\"og:image\" content=\"https:\/\/hi-nd.com\/wp-content\/uploads\/2025\/07\/black-renderad.jpg\" \/>\n\t<meta property=\"og:image:width\" content=\"2000\" \/>\n\t<meta property=\"og:image:height\" content=\"2000\" \/>\n\t<meta property=\"og:image:type\" content=\"image\/jpeg\" \/>\n<meta name=\"twitter:card\" content=\"summary_large_image\" \/>\n<script type=\"application\/ld+json\" class=\"yoast-schema-graph\">{\"@context\":\"https:\\\/\\\/schema.org\",\"@graph\":[{\"@type\":\"WebPage\",\"@id\":\"https:\\\/\\\/hi-nd.com\\\/de\\\/produkt\\\/deckenhalterung-universal-schwarz-copy\\\/\",\"url\":\"https:\\\/\\\/hi-nd.com\\\/de\\\/produkt\\\/deckenhalterung-universal-schwarz-copy\\\/\",\"name\":\"Deckenhalterung mit Neigung - HI-ND\",\"isPartOf\":{\"@id\":\"https:\\\/\\\/hi-nd.com\\\/#website\"},\"primaryImageOfPage\":{\"@id\":\"https:\\\/\\\/hi-nd.com\\\/de\\\/produkt\\\/deckenhalterung-universal-schwarz-copy\\\/#primaryimage\"},\"image\":{\"@id\":\"https:\\\/\\\/hi-nd.com\\\/de\\\/produkt\\\/deckenhalterung-universal-schwarz-copy\\\/#primaryimage\"},\"thumbnailUrl\":\"https:\\\/\\\/hi-nd.com\\\/wp-content\\\/uploads\\\/2025\\\/07\\\/black-renderad.jpg\",\"datePublished\":\"2025-07-07T12:07:30+00:00\",\"dateModified\":\"2026-01-23T13:43:27+00:00\",\"description\":\"HI-ND Deckenhalterung mit Universalneigung, ist eine vollbewegliche Deckenhalterung mit VESA-Platte. Er eignet sich f\u00fcr alle Bildschirme von 32\u2033 bis 55\u2033.\",\"breadcrumb\":{\"@id\":\"https:\\\/\\\/hi-nd.com\\\/de\\\/produkt\\\/deckenhalterung-universal-schwarz-copy\\\/#breadcrumb\"},\"inLanguage\":\"de\",\"potentialAction\":[{\"@type\":\"ReadAction\",\"target\":[\"https:\\\/\\\/hi-nd.com\\\/de\\\/produkt\\\/deckenhalterung-universal-schwarz-copy\\\/\"]}]},{\"@type\":\"ImageObject\",\"inLanguage\":\"de\",\"@id\":\"https:\\\/\\\/hi-nd.com\\\/de\\\/produkt\\\/deckenhalterung-universal-schwarz-copy\\\/#primaryimage\",\"url\":\"https:\\\/\\\/hi-nd.com\\\/wp-content\\\/uploads\\\/2025\\\/07\\\/black-renderad.jpg\",\"contentUrl\":\"https:\\\/\\\/hi-nd.com\\\/wp-content\\\/uploads\\\/2025\\\/07\\\/black-renderad.jpg\",\"width\":2000,\"height\":2000},{\"@type\":\"BreadcrumbList\",\"@id\":\"https:\\\/\\\/hi-nd.com\\\/de\\\/produkt\\\/deckenhalterung-universal-schwarz-copy\\\/#breadcrumb\",\"itemListElement\":[{\"@type\":\"ListItem\",\"position\":1,\"name\":\"Home\",\"item\":\"https:\\\/\\\/hi-nd.com\\\/de\\\/\"},{\"@type\":\"ListItem\",\"position\":2,\"name\":\"Shop\",\"item\":\"https:\\\/\\\/hi-nd.com\\\/de\\\/shop\\\/\"},{\"@type\":\"ListItem\",\"position\":3,\"name\":\"Deckenhalterung mit Neigung\"}]},{\"@type\":\"WebSite\",\"@id\":\"https:\\\/\\\/hi-nd.com\\\/#website\",\"url\":\"https:\\\/\\\/hi-nd.com\\\/\",\"name\":\"HI-ND\",\"description\":\"Mounting Solutions\",\"potentialAction\":[{\"@type\":\"SearchAction\",\"target\":{\"@type\":\"EntryPoint\",\"urlTemplate\":\"https:\\\/\\\/hi-nd.com\\\/?s={search_term_string}\"},\"query-input\":{\"@type\":\"PropertyValueSpecification\",\"valueRequired\":true,\"valueName\":\"search_term_string\"}}],\"inLanguage\":\"de\"}]}<\/script>\n<!-- \/ Yoast SEO plugin. -->","yoast_head_json":{"title":"Deckenhalterung mit Neigung - HI-ND","description":"HI-ND Deckenhalterung mit Universalneigung, ist eine vollbewegliche Deckenhalterung mit VESA-Platte. Er eignet sich f\u00fcr alle Bildschirme von 32\u2033 bis 55\u2033.","robots":{"index":"index","follow":"follow","max-snippet":"max-snippet:-1","max-image-preview":"max-image-preview:large","max-video-preview":"max-video-preview:-1"},"canonical":"https:\/\/hi-nd.com\/de\/produkt\/deckenhalterung-universal-schwarz-copy\/","og_locale":"de_DE","og_type":"article","og_title":"Deckenhalterung mit Neigung - HI-ND","og_description":"HI-ND Deckenhalterung mit Universalneigung, ist eine vollbewegliche Deckenhalterung mit VESA-Platte. Er eignet sich f\u00fcr alle Bildschirme von 32\u2033 bis 55\u2033.","og_url":"https:\/\/hi-nd.com\/de\/produkt\/deckenhalterung-universal-schwarz-copy\/","og_site_name":"HI-ND","article_modified_time":"2026-01-23T13:43:27+00:00","og_image":[{"width":2000,"height":2000,"url":"https:\/\/hi-nd.com\/wp-content\/uploads\/2025\/07\/black-renderad.jpg","type":"image\/jpeg"}],"twitter_card":"summary_large_image","schema":{"@context":"https:\/\/schema.org","@graph":[{"@type":"WebPage","@id":"https:\/\/hi-nd.com\/de\/produkt\/deckenhalterung-universal-schwarz-copy\/","url":"https:\/\/hi-nd.com\/de\/produkt\/deckenhalterung-universal-schwarz-copy\/","name":"Deckenhalterung mit Neigung - HI-ND","isPartOf":{"@id":"https:\/\/hi-nd.com\/#website"},"primaryImageOfPage":{"@id":"https:\/\/hi-nd.com\/de\/produkt\/deckenhalterung-universal-schwarz-copy\/#primaryimage"},"image":{"@id":"https:\/\/hi-nd.com\/de\/produkt\/deckenhalterung-universal-schwarz-copy\/#primaryimage"},"thumbnailUrl":"https:\/\/hi-nd.com\/wp-content\/uploads\/2025\/07\/black-renderad.jpg","datePublished":"2025-07-07T12:07:30+00:00","dateModified":"2026-01-23T13:43:27+00:00","description":"HI-ND Deckenhalterung mit Universalneigung, ist eine vollbewegliche Deckenhalterung mit VESA-Platte. Er eignet sich f\u00fcr alle Bildschirme von 32\u2033 bis 55\u2033.","breadcrumb":{"@id":"https:\/\/hi-nd.com\/de\/produkt\/deckenhalterung-universal-schwarz-copy\/#breadcrumb"},"inLanguage":"de","potentialAction":[{"@type":"ReadAction","target":["https:\/\/hi-nd.com\/de\/produkt\/deckenhalterung-universal-schwarz-copy\/"]}]},{"@type":"ImageObject","inLanguage":"de","@id":"https:\/\/hi-nd.com\/de\/produkt\/deckenhalterung-universal-schwarz-copy\/#primaryimage","url":"https:\/\/hi-nd.com\/wp-content\/uploads\/2025\/07\/black-renderad.jpg","contentUrl":"https:\/\/hi-nd.com\/wp-content\/uploads\/2025\/07\/black-renderad.jpg","width":2000,"height":2000},{"@type":"BreadcrumbList","@id":"https:\/\/hi-nd.com\/de\/produkt\/deckenhalterung-universal-schwarz-copy\/#breadcrumb","itemListElement":[{"@type":"ListItem","position":1,"name":"Home","item":"https:\/\/hi-nd.com\/de\/"},{"@type":"ListItem","position":2,"name":"Shop","item":"https:\/\/hi-nd.com\/de\/shop\/"},{"@type":"ListItem","position":3,"name":"Deckenhalterung mit Neigung"}]},{"@type":"WebSite","@id":"https:\/\/hi-nd.com\/#website","url":"https:\/\/hi-nd.com\/","name":"HI-ND","description":"Mounting Solutions","potentialAction":[{"@type":"SearchAction","target":{"@type":"EntryPoint","urlTemplate":"https:\/\/hi-nd.com\/?s={search_term_string}"},"query-input":{"@type":"PropertyValueSpecification","valueRequired":true,"valueName":"search_term_string"}}],"inLanguage":"de"}]}},"_links":{"self":[{"href":"https:\/\/hi-nd.com\/de\/wp-json\/wp\/v2\/product\/9085","targetHints":{"allow":["GET"]}}],"collection":[{"href":"https:\/\/hi-nd.com\/de\/wp-json\/wp\/v2\/product"}],"about":[{"href":"https:\/\/hi-nd.com\/de\/wp-json\/wp\/v2\/types\/product"}],"wp:featuredmedia":[{"embeddable":true,"href":"https:\/\/hi-nd.com\/de\/wp-json\/wp\/v2\/media\/9089"}],"wp:attachment":[{"href":"https:\/\/hi-nd.com\/de\/wp-json\/wp\/v2\/media?parent=9085"}],"wp:term":[{"taxonomy":"product_brand","embeddable":true,"href":"https:\/\/hi-nd.com\/de\/wp-json\/wp\/v2\/product_brand?post=9085"},{"taxonomy":"product_cat","embeddable":true,"href":"https:\/\/hi-nd.com\/de\/wp-json\/wp\/v2\/product_cat?post=9085"},{"taxonomy":"product_tag","embeddable":true,"href":"https:\/\/hi-nd.com\/de\/wp-json\/wp\/v2\/product_tag?post=9085"}],"curies":[{"name":"wp","href":"https:\/\/api.w.org\/{rel}","templated":true}]}}