{"id":7427,"date":"2024-09-02T15:53:10","date_gmt":"2024-09-02T13:53:10","guid":{"rendered":"https:\/\/hi-nd.com\/?post_type=product&#038;p=7427"},"modified":"2026-01-26T10:03:40","modified_gmt":"2026-01-26T09:03:40","slug":"videoportrat-copy","status":"publish","type":"product","link":"https:\/\/hi-nd.com\/de\/produkt\/videoportrat-copy\/","title":{"rendered":"Men\u00fcleiste neigen"},"content":{"rendered":"<table style=\"font-size: 14.4px;\" width=\"800\">\n<tbody>\n<tr>\n<td width=\"109\">Teil Nummer<\/td>\n<td width=\"220\">Beschreibung<\/td>\n<td width=\"481\">Unterst\u00fctzte Bildschirme<\/td>\n<\/tr>\n<tr>\n<td>VR3222-0101<\/td>\n<td> Men\u00fctafel, Querformat, 1&#215;32&#8243;<\/td>\n<td> Alle Displays<\/td>\n<\/tr>\n<tr>\n<td>VR3222-0201<\/td>\n<td> Men\u00fctafel, Querformat, 2&#215;32&#8243;<\/td>\n<td> Alle Displays<\/td>\n<\/tr>\n<tr>\n<td>VR3222-0301<\/td>\n<td> Men\u00fctafel, Querformat, 3&#215;32&#8243;<\/td>\n<td> Alle Displays<\/td>\n<\/tr>\n<tr>\n<td>VR3222-0401<\/td>\n<td> Men\u00fctafel, Querformat, 4&#215;32&#8243;<\/td>\n<td> Alle Displays<\/td>\n<\/tr>\n<tr>\n<td>VR3222-0501<\/td>\n<td> Men\u00fctafel, Querformat, 5&#215;32&#8243;<\/td>\n<td> Alle Displays<\/td>\n<\/tr>\n<tr>\n<td>VR3222-0601<\/td>\n<td> Men\u00fctafel, Querformat, 6&#215;32&#8243;<\/td>\n<td> Alle Displays<\/td>\n<\/tr>\n<tr>\n<td>VR4322-0101<\/td>\n<td> Men\u00fctafel, Querformat, 1&#215;43&#8243;<\/td>\n<td> Alle Displays<\/td>\n<\/tr>\n<tr>\n<td>VR4322-0201<\/td>\n<td> Men\u00fctafel, Querformat, 2&#215;43&#8243;<\/td>\n<td> Alle Displays<\/td>\n<\/tr>\n<tr>\n<td>VR4322-0301<\/td>\n<td> Men\u00fctafel, Querformat, 3&#215;43&#8243;<\/td>\n<td> Alle Displays<\/td>\n<\/tr>\n<tr>\n<td>VR4322-0401<\/td>\n<td> Men\u00fctafel, Querformat, 4&#215;43&#8243;<\/td>\n<td> Alle Displays<\/td>\n<\/tr>\n<tr>\n<td>VR4322-0501<\/td>\n<td> Men\u00fctafel, Querformat, 5&#215;43&#8243;<\/td>\n<td> Alle Displays<\/td>\n<\/tr>\n<tr>\n<td>VR4322-0601<\/td>\n<td> Men\u00fctafel, Querformat, 6&#215;43&#8243;<\/td>\n<td> Alle Displays<\/td>\n<\/tr>\n<tr>\n<td>VR5022-0101<\/td>\n<td> Men\u00fctafel, Querformat, 1&#215;50&#8243;<\/td>\n<td> Alle Displays<\/td>\n<\/tr>\n<tr>\n<td>VR5022-0201<\/td>\n<td> Men\u00fctafel, Querformat, 2&#215;50&#8243;<\/td>\n<td> Alle Displays<\/td>\n<\/tr>\n<tr>\n<td>VR5022-0301<\/td>\n<td> Men\u00fctafel, Querformat, 3&#215;50&#8243;<\/td>\n<td> Alle Displays<\/td>\n<\/tr>\n<tr>\n<td>VR5022-0401<\/td>\n<td> Men\u00fctafel, Querformat, 4&#215;50&#8243;<\/td>\n<td> Alle Displays<\/td>\n<\/tr>\n<tr>\n<td>VR5022-0501<\/td>\n<td> Men\u00fctafel, Querformat, 5&#215;50&#8243;<\/td>\n<td> Alle Displays<\/td>\n<\/tr>\n<tr>\n<td>VR5022-0601<\/td>\n<td> Men\u00fctafel, Querformat, 6&#215;50&#8243;<\/td>\n<td> Alle Displays<\/td>\n<\/tr>\n<tr>\n<td>VR5522-0101<\/td>\n<td> Men\u00fctafel, Querformat, 1&#215;55&#8243;<\/td>\n<td> Alle Displays<\/td>\n<\/tr>\n<tr>\n<td>VR5522-0201<\/td>\n<td> Men\u00fctafel, Querformat, 2&#215;55&#8243;<\/td>\n<td> Alle Displays<\/td>\n<\/tr>\n<tr>\n<td>VR5522-0301<\/td>\n<td> Men\u00fctafel, Querformat, 3&#215;55&#8243;<\/td>\n<td> Alle Displays<\/td>\n<\/tr>\n<tr>\n<td>VR5522-0401<\/td>\n<td> Men\u00fctafel, Querformat, 4&#215;55&#8243;<\/td>\n<td> Alle Displays<\/td>\n<\/tr>\n<tr>\n<td>VR5522-0501<\/td>\n<td> Men\u00fctafel, Querformat, 5&#215;55&#8243;<\/td>\n<td> Alle Displays<\/td>\n<\/tr>\n<tr>\n<td>VR5522-0601<\/td>\n<td> Men\u00fctafel, Querformat, 6&#215;55&#8243;<\/td>\n<td> Alle Displays<\/td>\n<\/tr>\n<tr>\n<td><\/td>\n<td><\/td>\n<td><\/td>\n<\/tr>\n<tr>\n<td>VR3222-5101<\/td>\n<td> Men\u00fctafel, Hochformat, 1&#215;32&#8243;<\/td>\n<td> Alle Displays<\/td>\n<\/tr>\n<tr>\n<td>VR3222-5201<\/td>\n<td> Men\u00fctafel, Hochformat, 2&#215;32&#8243;<\/td>\n<td> Alle Displays<\/td>\n<\/tr>\n<tr>\n<td>VR3222-5301<\/td>\n<td> Men\u00fctafel, Hochformat, 3&#215;32&#8243;<\/td>\n<td> Alle Displays<\/td>\n<\/tr>\n<tr>\n<td>VR3222-5401<\/td>\n<td> Men\u00fctafel, Hochformat, 4&#215;32&#8243;<\/td>\n<td> Alle Displays<\/td>\n<\/tr>\n<tr>\n<td>VR3222-5501<\/td>\n<td> Men\u00fctafel, Hochformat, 5&#215;32&#8243;<\/td>\n<td> Alle Displays<\/td>\n<\/tr>\n<tr>\n<td>VR3222-5601<\/td>\n<td> Men\u00fctafel, Hochformat, 6&#215;32&#8243;<\/td>\n<td> Alle Displays<\/td>\n<\/tr>\n<tr>\n<td>VR4322-5101<\/td>\n<td> Men\u00fctafel, Hochformat, 1&#215;43&#8243;<\/td>\n<td> Alle Displays<\/td>\n<\/tr>\n<tr>\n<td>VR4322-5201<\/td>\n<td> Men\u00fctafel, Hochformat, 2&#215;43&#8243;<\/td>\n<td> Alle Displays<\/td>\n<\/tr>\n<tr>\n<td>VR4322-5301<\/td>\n<td> Men\u00fctafel, Hochformat, 3&#215;43&#8243;<\/td>\n<td> Alle Displays<\/td>\n<\/tr>\n<tr>\n<td>VR4322-5401<\/td>\n<td> Men\u00fctafel, Hochformat, 4&#215;43&#8243;<\/td>\n<td> Alle Displays<\/td>\n<\/tr>\n<tr>\n<td>VR4322-5501<\/td>\n<td> Men\u00fctafel, Hochformat, 5&#215;43&#8243;<\/td>\n<td> Alle Displays<\/td>\n<\/tr>\n<tr>\n<td>VR4322-5601<\/td>\n<td> Men\u00fctafel, Hochformat, 6&#215;43&#8243;<\/td>\n<td> Alle Displays<\/td>\n<\/tr>\n<tr>\n<td>VR5022-5101<\/td>\n<td> Men\u00fctafel, Hochformat, 1&#215;50&#8243;<\/td>\n<td> Alle Displays<\/td>\n<\/tr>\n<tr>\n<td>VR5022-5201<\/td>\n<td> Men\u00fctafel, Hochformat, 2&#215;50&#8243;<\/td>\n<td> Alle Displays<\/td>\n<\/tr>\n<tr>\n<td>VR5022-5301<\/td>\n<td> Men\u00fctafel, Hochformat, 3&#215;50&#8243;<\/td>\n<td> Alle Displays<\/td>\n<\/tr>\n<tr>\n<td>VR5022-5401<\/td>\n<td> Men\u00fctafel, Hochformat, 4&#215;50&#8243;<\/td>\n<td> Alle Displays<\/td>\n<\/tr>\n<tr>\n<td>VR5022-5501<\/td>\n<td> Men\u00fctafel, Hochformat, 5&#215;50&#8243;<\/td>\n<td> Alle Displays<\/td>\n<\/tr>\n<tr>\n<td>VR5022-5601<\/td>\n<td> Men\u00fctafel, Hochformat, 6&#215;50&#8243;<\/td>\n<td> Alle Displays<\/td>\n<\/tr>\n<tr>\n<td>VR5522-5101<\/td>\n<td> Men\u00fctafel, Hochformat, 1&#215;55&#8243;<\/td>\n<td>Alle Displays<\/td>\n<\/tr>\n<tr>\n<td>VR5522-5201<\/td>\n<td> Men\u00fctafel, Hochformat, 2&#215;55&#8243;<\/td>\n<td>Alle Displays<\/td>\n<\/tr>\n<tr>\n<td>VR5522-5301<\/td>\n<td> Men\u00fctafel, Hochformat, 3&#215;55&#8243;<\/td>\n<td>Alle Displays<\/td>\n<\/tr>\n<tr>\n<td>VR5522-5401<\/td>\n<td> Men\u00fctafel, Hochformat, 4&#215;55&#8243;<\/td>\n<td>Alle Displays<\/td>\n<\/tr>\n<tr>\n<td>VR5522-5501<\/td>\n<td> Men\u00fctafel, Hochformat, 5&#215;55&#8243;<\/td>\n<td>Alle Displays<\/td>\n<\/tr>\n<tr>\n<td>VR5522-5601<\/td>\n<td> Men\u00fctafel, Hochformat, 6&#215;55&#8243;<\/td>\n<td>Alle Displays<\/td>\n<\/tr>\n<\/tbody>\n<\/table>\n","protected":false},"excerpt":{"rendered":"<p>Unser Menu Board mit Neigung ist eine einfache und sehr kosteng\u00fcnstige M\u00f6glichkeit, ein Menu Board mit mehreren Bildschirmen in einer Reihe zu bauen. Die Halterung macht es einfach, eine beliebige Anzahl von Bildschirmen genau in einer Reihe zu platzieren und ist die perfekte L\u00f6sung f\u00fcr Restaurants. Empfohlene Bildschirmgr\u00f6\u00dfe: 32\u2033 bis 55\u2033.  <\/p>\n<ul>\n<li>Einfach und sehr kosteng\u00fcnstig<\/li>\n<li>VESA: 200&#215;200, 300&#215;300, 400&#215;400 und 600&#215;400<\/li>\n<li>Einfaches Kabelmanagement<\/li>\n<li>L\u00f6sungen f\u00fcr Men\u00fctafeln oder Videow\u00e4nde<\/li>\n<li>Rand-zu-Rand-Installation<\/li>\n<li>Entwickelt f\u00fcr alle Bildschirme<\/li>\n<li>Hoch- und Querformat verf\u00fcgbar<\/li>\n<li>Kontaktieren Sie uns, um eine ma\u00dfgeschneiderte L\u00f6sung f\u00fcr ein bestimmtes Projekt zu erhalten<\/li>\n<\/ul>\n","protected":false},"featured_media":7459,"template":"","meta":[],"product_brand":[],"product_cat":[114,87],"product_tag":[],"class_list":{"0":"post-7427","1":"product","2":"type-product","3":"status-publish","4":"has-post-thumbnail","6":"product_cat-video-reihe","7":"product_cat-wand","9":"first","10":"instock","11":"shipping-taxable","12":"product-type-simple"},"yoast_head":"<!-- This site is optimized with the Yoast SEO plugin v27.3 - https:\/\/yoast.com\/product\/yoast-seo-wordpress\/ -->\n<title>Men\u00fcleiste neigen - HI-ND<\/title>\n<meta name=\"description\" content=\"Eine einfache und sehr kosteng\u00fcnstige M\u00f6glichkeit, ein Menuboard mit mehreren Bildschirmen in einer Reihe zu bauen. Empfohlene Bildschirmgr\u00f6\u00dfe 22\u2033 bis 55\u2033.\" \/>\n<meta name=\"robots\" content=\"index, follow, max-snippet:-1, max-image-preview:large, max-video-preview:-1\" \/>\n<link rel=\"canonical\" href=\"https:\/\/hi-nd.com\/de\/produkt\/videoportrat-copy\/\" \/>\n<meta property=\"og:locale\" content=\"de_DE\" \/>\n<meta property=\"og:type\" content=\"article\" \/>\n<meta property=\"og:title\" content=\"Men\u00fcleiste neigen - HI-ND\" \/>\n<meta property=\"og:description\" content=\"Eine einfache und sehr kosteng\u00fcnstige M\u00f6glichkeit, ein Menuboard mit mehreren Bildschirmen in einer Reihe zu bauen. Empfohlene Bildschirmgr\u00f6\u00dfe 22\u2033 bis 55\u2033.\" \/>\n<meta property=\"og:url\" content=\"https:\/\/hi-nd.com\/de\/produkt\/videoportrat-copy\/\" \/>\n<meta property=\"og:site_name\" content=\"HI-ND\" \/>\n<meta property=\"article:modified_time\" content=\"2026-01-26T09:03:40+00:00\" \/>\n<meta property=\"og:image\" content=\"https:\/\/hi-nd.com\/wp-content\/uploads\/2024\/09\/VR0022-01-750x750-1.png\" \/>\n\t<meta property=\"og:image:width\" content=\"750\" \/>\n\t<meta property=\"og:image:height\" content=\"750\" \/>\n\t<meta property=\"og:image:type\" content=\"image\/png\" \/>\n<meta name=\"twitter:card\" content=\"summary_large_image\" \/>\n<meta name=\"twitter:label1\" content=\"Gesch\u00e4tzte Lesezeit\" \/>\n\t<meta name=\"twitter:data1\" content=\"2\u00a0Minuten\" \/>\n<script type=\"application\/ld+json\" class=\"yoast-schema-graph\">{\"@context\":\"https:\\\/\\\/schema.org\",\"@graph\":[{\"@type\":\"WebPage\",\"@id\":\"https:\\\/\\\/hi-nd.com\\\/de\\\/produkt\\\/videoportrat-copy\\\/\",\"url\":\"https:\\\/\\\/hi-nd.com\\\/de\\\/produkt\\\/videoportrat-copy\\\/\",\"name\":\"Men\u00fcleiste neigen - HI-ND\",\"isPartOf\":{\"@id\":\"https:\\\/\\\/hi-nd.com\\\/#website\"},\"primaryImageOfPage\":{\"@id\":\"https:\\\/\\\/hi-nd.com\\\/de\\\/produkt\\\/videoportrat-copy\\\/#primaryimage\"},\"image\":{\"@id\":\"https:\\\/\\\/hi-nd.com\\\/de\\\/produkt\\\/videoportrat-copy\\\/#primaryimage\"},\"thumbnailUrl\":\"https:\\\/\\\/hi-nd.com\\\/wp-content\\\/uploads\\\/2024\\\/09\\\/VR0022-01-750x750-1.png\",\"datePublished\":\"2024-09-02T13:53:10+00:00\",\"dateModified\":\"2026-01-26T09:03:40+00:00\",\"description\":\"Eine einfache und sehr kosteng\u00fcnstige M\u00f6glichkeit, ein Menuboard mit mehreren Bildschirmen in einer Reihe zu bauen. Empfohlene Bildschirmgr\u00f6\u00dfe 22\u2033 bis 55\u2033.\",\"breadcrumb\":{\"@id\":\"https:\\\/\\\/hi-nd.com\\\/de\\\/produkt\\\/videoportrat-copy\\\/#breadcrumb\"},\"inLanguage\":\"de\",\"potentialAction\":[{\"@type\":\"ReadAction\",\"target\":[\"https:\\\/\\\/hi-nd.com\\\/de\\\/produkt\\\/videoportrat-copy\\\/\"]}]},{\"@type\":\"ImageObject\",\"inLanguage\":\"de\",\"@id\":\"https:\\\/\\\/hi-nd.com\\\/de\\\/produkt\\\/videoportrat-copy\\\/#primaryimage\",\"url\":\"https:\\\/\\\/hi-nd.com\\\/wp-content\\\/uploads\\\/2024\\\/09\\\/VR0022-01-750x750-1.png\",\"contentUrl\":\"https:\\\/\\\/hi-nd.com\\\/wp-content\\\/uploads\\\/2024\\\/09\\\/VR0022-01-750x750-1.png\",\"width\":750,\"height\":750,\"caption\":\"Videorow Neigen\"},{\"@type\":\"BreadcrumbList\",\"@id\":\"https:\\\/\\\/hi-nd.com\\\/de\\\/produkt\\\/videoportrat-copy\\\/#breadcrumb\",\"itemListElement\":[{\"@type\":\"ListItem\",\"position\":1,\"name\":\"Home\",\"item\":\"https:\\\/\\\/hi-nd.com\\\/de\\\/\"},{\"@type\":\"ListItem\",\"position\":2,\"name\":\"Shop\",\"item\":\"https:\\\/\\\/hi-nd.com\\\/de\\\/shop\\\/\"},{\"@type\":\"ListItem\",\"position\":3,\"name\":\"Men\u00fcleiste neigen\"}]},{\"@type\":\"WebSite\",\"@id\":\"https:\\\/\\\/hi-nd.com\\\/#website\",\"url\":\"https:\\\/\\\/hi-nd.com\\\/\",\"name\":\"HI-ND\",\"description\":\"Mounting Solutions\",\"potentialAction\":[{\"@type\":\"SearchAction\",\"target\":{\"@type\":\"EntryPoint\",\"urlTemplate\":\"https:\\\/\\\/hi-nd.com\\\/?s={search_term_string}\"},\"query-input\":{\"@type\":\"PropertyValueSpecification\",\"valueRequired\":true,\"valueName\":\"search_term_string\"}}],\"inLanguage\":\"de\"}]}<\/script>\n<!-- \/ Yoast SEO plugin. -->","yoast_head_json":{"title":"Men\u00fcleiste neigen - HI-ND","description":"Eine einfache und sehr kosteng\u00fcnstige M\u00f6glichkeit, ein Menuboard mit mehreren Bildschirmen in einer Reihe zu bauen. Empfohlene Bildschirmgr\u00f6\u00dfe 22\u2033 bis 55\u2033.","robots":{"index":"index","follow":"follow","max-snippet":"max-snippet:-1","max-image-preview":"max-image-preview:large","max-video-preview":"max-video-preview:-1"},"canonical":"https:\/\/hi-nd.com\/de\/produkt\/videoportrat-copy\/","og_locale":"de_DE","og_type":"article","og_title":"Men\u00fcleiste neigen - HI-ND","og_description":"Eine einfache und sehr kosteng\u00fcnstige M\u00f6glichkeit, ein Menuboard mit mehreren Bildschirmen in einer Reihe zu bauen. Empfohlene Bildschirmgr\u00f6\u00dfe 22\u2033 bis 55\u2033.","og_url":"https:\/\/hi-nd.com\/de\/produkt\/videoportrat-copy\/","og_site_name":"HI-ND","article_modified_time":"2026-01-26T09:03:40+00:00","og_image":[{"width":750,"height":750,"url":"https:\/\/hi-nd.com\/wp-content\/uploads\/2024\/09\/VR0022-01-750x750-1.png","type":"image\/png"}],"twitter_card":"summary_large_image","twitter_misc":{"Gesch\u00e4tzte Lesezeit":"2\u00a0Minuten"},"schema":{"@context":"https:\/\/schema.org","@graph":[{"@type":"WebPage","@id":"https:\/\/hi-nd.com\/de\/produkt\/videoportrat-copy\/","url":"https:\/\/hi-nd.com\/de\/produkt\/videoportrat-copy\/","name":"Men\u00fcleiste neigen - HI-ND","isPartOf":{"@id":"https:\/\/hi-nd.com\/#website"},"primaryImageOfPage":{"@id":"https:\/\/hi-nd.com\/de\/produkt\/videoportrat-copy\/#primaryimage"},"image":{"@id":"https:\/\/hi-nd.com\/de\/produkt\/videoportrat-copy\/#primaryimage"},"thumbnailUrl":"https:\/\/hi-nd.com\/wp-content\/uploads\/2024\/09\/VR0022-01-750x750-1.png","datePublished":"2024-09-02T13:53:10+00:00","dateModified":"2026-01-26T09:03:40+00:00","description":"Eine einfache und sehr kosteng\u00fcnstige M\u00f6glichkeit, ein Menuboard mit mehreren Bildschirmen in einer Reihe zu bauen. Empfohlene Bildschirmgr\u00f6\u00dfe 22\u2033 bis 55\u2033.","breadcrumb":{"@id":"https:\/\/hi-nd.com\/de\/produkt\/videoportrat-copy\/#breadcrumb"},"inLanguage":"de","potentialAction":[{"@type":"ReadAction","target":["https:\/\/hi-nd.com\/de\/produkt\/videoportrat-copy\/"]}]},{"@type":"ImageObject","inLanguage":"de","@id":"https:\/\/hi-nd.com\/de\/produkt\/videoportrat-copy\/#primaryimage","url":"https:\/\/hi-nd.com\/wp-content\/uploads\/2024\/09\/VR0022-01-750x750-1.png","contentUrl":"https:\/\/hi-nd.com\/wp-content\/uploads\/2024\/09\/VR0022-01-750x750-1.png","width":750,"height":750,"caption":"Videorow Neigen"},{"@type":"BreadcrumbList","@id":"https:\/\/hi-nd.com\/de\/produkt\/videoportrat-copy\/#breadcrumb","itemListElement":[{"@type":"ListItem","position":1,"name":"Home","item":"https:\/\/hi-nd.com\/de\/"},{"@type":"ListItem","position":2,"name":"Shop","item":"https:\/\/hi-nd.com\/de\/shop\/"},{"@type":"ListItem","position":3,"name":"Men\u00fcleiste neigen"}]},{"@type":"WebSite","@id":"https:\/\/hi-nd.com\/#website","url":"https:\/\/hi-nd.com\/","name":"HI-ND","description":"Mounting Solutions","potentialAction":[{"@type":"SearchAction","target":{"@type":"EntryPoint","urlTemplate":"https:\/\/hi-nd.com\/?s={search_term_string}"},"query-input":{"@type":"PropertyValueSpecification","valueRequired":true,"valueName":"search_term_string"}}],"inLanguage":"de"}]}},"_links":{"self":[{"href":"https:\/\/hi-nd.com\/de\/wp-json\/wp\/v2\/product\/7427","targetHints":{"allow":["GET"]}}],"collection":[{"href":"https:\/\/hi-nd.com\/de\/wp-json\/wp\/v2\/product"}],"about":[{"href":"https:\/\/hi-nd.com\/de\/wp-json\/wp\/v2\/types\/product"}],"wp:featuredmedia":[{"embeddable":true,"href":"https:\/\/hi-nd.com\/de\/wp-json\/wp\/v2\/media\/7459"}],"wp:attachment":[{"href":"https:\/\/hi-nd.com\/de\/wp-json\/wp\/v2\/media?parent=7427"}],"wp:term":[{"taxonomy":"product_brand","embeddable":true,"href":"https:\/\/hi-nd.com\/de\/wp-json\/wp\/v2\/product_brand?post=7427"},{"taxonomy":"product_cat","embeddable":true,"href":"https:\/\/hi-nd.com\/de\/wp-json\/wp\/v2\/product_cat?post=7427"},{"taxonomy":"product_tag","embeddable":true,"href":"https:\/\/hi-nd.com\/de\/wp-json\/wp\/v2\/product_tag?post=7427"}],"curies":[{"name":"wp","href":"https:\/\/api.w.org\/{rel}","templated":true}]}}