{"id":7196,"date":"2024-05-24T13:48:03","date_gmt":"2024-05-24T11:48:03","guid":{"rendered":"https:\/\/hi-nd.com\/?post_type=product&#038;p=7196"},"modified":"2026-01-26T14:38:11","modified_gmt":"2026-01-26T13:38:11","slug":"new-deckenverkleidungsfenster-fur-samsung-om55-copy","status":"publish","type":"product","link":"https:\/\/hi-nd.com\/de\/produkt\/new-deckenverkleidungsfenster-fur-samsung-om55-copy\/","title":{"rendered":"Side-by-Side Outdoor Totem 55&#8243; f\u00fcr LG"},"content":{"rendered":"<table style=\"height: 100px;\" width=\"773\">\n<tbody>\n<tr>\n <em> <\/p>\n<td width=\"170\">Teil Nummer<\/td>\n<p><\/em><\/p>\n<td width=\"230 \"><em> Beschreibung<\/em><\/td>\n<td width=\"330 \"><em> Kompatible Bildschirme<\/em><\/td>\n<td width=\"73\"><em> Farbe<\/em><\/td>\n<\/tr>\n<tr>\n<td>MD5519-6101-01<\/td>\n<td> Side-by-side Outdoor Totem 55&#8243;<\/td>\n<td><\/td>\n<td> Wei\u00df<\/td>\n<\/tr>\n<tr>\n<td>MD5519-6101-02<\/td>\n<td> Side-by-Side Outdoor Totem 55&#8243;<\/td>\n<td><\/td>\n<td> Schwarz<\/td>\n<\/tr>\n<\/tbody>\n<\/table>\n","protected":false},"excerpt":{"rendered":"<p>Dieses neue Produkt ist ein Side-by-Side Totem f\u00fcr den Au\u00dfenbereich. Er ist f\u00fcr LG 55&#8243; konzipiert und in den Farben Wei\u00df und Schwarz erh\u00e4ltlich.<\/p>\n<p>&nbsp;<\/p>\n<p>Um das Totem sicher zu befestigen, muss eine solide Grundlage geschaffen werden. HI-ND-Project hat umfangreiche Erfahrung mit der Schaffung von Fundamenten. <a href=\"https:\/\/hi-nd-project.com\/groundwork\/\">  Lesen Sie mehr und buchen Sie sie hier.<\/a><\/p>\n","protected":false},"featured_media":7204,"template":"","meta":[],"product_brand":[],"product_cat":[66],"product_tag":[],"class_list":{"0":"post-7196","1":"product","2":"type-product","3":"status-publish","4":"has-post-thumbnail","6":"product_cat-aussenbereich-de","8":"first","9":"instock","10":"shipping-taxable","11":"product-type-simple"},"yoast_head":"<!-- This site is optimized with the Yoast SEO plugin v27.3 - https:\/\/yoast.com\/product\/yoast-seo-wordpress\/ -->\n<title>Side-by-Side Outdoor Totem 55&quot; f\u00fcr LG - HI-ND<\/title>\n<meta name=\"robots\" content=\"index, follow, max-snippet:-1, max-image-preview:large, max-video-preview:-1\" \/>\n<link rel=\"canonical\" href=\"https:\/\/hi-nd.com\/de\/produkt\/new-deckenverkleidungsfenster-fur-samsung-om55-copy\/\" \/>\n<meta property=\"og:locale\" content=\"de_DE\" \/>\n<meta property=\"og:type\" content=\"article\" \/>\n<meta property=\"og:title\" content=\"Side-by-Side Outdoor Totem 55&quot; f\u00fcr LG - HI-ND\" \/>\n<meta property=\"og:description\" content=\"Dieses neue Produkt ist ein Side-by-Side Totem f\u00fcr den Au\u00dfenbereich. Er ist f\u00fcr LG 55&quot; konzipiert und in den Farben Wei\u00df und Schwarz erh\u00e4ltlich. &nbsp; Um das Totem sicher zu befestigen, muss eine solide Grundlage geschaffen werden. HI-ND-Project hat umfangreiche Erfahrung mit der Schaffung von Fundamenten.  Lesen Sie mehr und buchen Sie sie hier.\" \/>\n<meta property=\"og:url\" content=\"https:\/\/hi-nd.com\/de\/produkt\/new-deckenverkleidungsfenster-fur-samsung-om55-copy\/\" \/>\n<meta property=\"og:site_name\" content=\"HI-ND\" \/>\n<meta property=\"article:modified_time\" content=\"2026-01-26T13:38:11+00:00\" \/>\n<meta property=\"og:image\" content=\"https:\/\/hi-nd.com\/wp-content\/uploads\/2024\/05\/Max-Sidebyside-totem-pic2-750x750-1.jpg\" \/>\n\t<meta property=\"og:image:width\" content=\"750\" \/>\n\t<meta property=\"og:image:height\" content=\"750\" \/>\n\t<meta property=\"og:image:type\" content=\"image\/jpeg\" \/>\n<meta name=\"twitter:card\" content=\"summary_large_image\" \/>\n<script type=\"application\/ld+json\" class=\"yoast-schema-graph\">{\"@context\":\"https:\\\/\\\/schema.org\",\"@graph\":[{\"@type\":\"WebPage\",\"@id\":\"https:\\\/\\\/hi-nd.com\\\/de\\\/produkt\\\/new-deckenverkleidungsfenster-fur-samsung-om55-copy\\\/\",\"url\":\"https:\\\/\\\/hi-nd.com\\\/de\\\/produkt\\\/new-deckenverkleidungsfenster-fur-samsung-om55-copy\\\/\",\"name\":\"Side-by-Side Outdoor Totem 55\\\" f\u00fcr LG - HI-ND\",\"isPartOf\":{\"@id\":\"https:\\\/\\\/hi-nd.com\\\/#website\"},\"primaryImageOfPage\":{\"@id\":\"https:\\\/\\\/hi-nd.com\\\/de\\\/produkt\\\/new-deckenverkleidungsfenster-fur-samsung-om55-copy\\\/#primaryimage\"},\"image\":{\"@id\":\"https:\\\/\\\/hi-nd.com\\\/de\\\/produkt\\\/new-deckenverkleidungsfenster-fur-samsung-om55-copy\\\/#primaryimage\"},\"thumbnailUrl\":\"https:\\\/\\\/hi-nd.com\\\/wp-content\\\/uploads\\\/2024\\\/05\\\/Max-Sidebyside-totem-pic2-750x750-1.jpg\",\"datePublished\":\"2024-05-24T11:48:03+00:00\",\"dateModified\":\"2026-01-26T13:38:11+00:00\",\"breadcrumb\":{\"@id\":\"https:\\\/\\\/hi-nd.com\\\/de\\\/produkt\\\/new-deckenverkleidungsfenster-fur-samsung-om55-copy\\\/#breadcrumb\"},\"inLanguage\":\"de\",\"potentialAction\":[{\"@type\":\"ReadAction\",\"target\":[\"https:\\\/\\\/hi-nd.com\\\/de\\\/produkt\\\/new-deckenverkleidungsfenster-fur-samsung-om55-copy\\\/\"]}]},{\"@type\":\"ImageObject\",\"inLanguage\":\"de\",\"@id\":\"https:\\\/\\\/hi-nd.com\\\/de\\\/produkt\\\/new-deckenverkleidungsfenster-fur-samsung-om55-copy\\\/#primaryimage\",\"url\":\"https:\\\/\\\/hi-nd.com\\\/wp-content\\\/uploads\\\/2024\\\/05\\\/Max-Sidebyside-totem-pic2-750x750-1.jpg\",\"contentUrl\":\"https:\\\/\\\/hi-nd.com\\\/wp-content\\\/uploads\\\/2024\\\/05\\\/Max-Sidebyside-totem-pic2-750x750-1.jpg\",\"width\":750,\"height\":750,\"caption\":\"Side-by-Side Outdoor Totem 55\\\" f\u00fcr LG\"},{\"@type\":\"BreadcrumbList\",\"@id\":\"https:\\\/\\\/hi-nd.com\\\/de\\\/produkt\\\/new-deckenverkleidungsfenster-fur-samsung-om55-copy\\\/#breadcrumb\",\"itemListElement\":[{\"@type\":\"ListItem\",\"position\":1,\"name\":\"Home\",\"item\":\"https:\\\/\\\/hi-nd.com\\\/de\\\/\"},{\"@type\":\"ListItem\",\"position\":2,\"name\":\"Shop\",\"item\":\"https:\\\/\\\/hi-nd.com\\\/de\\\/shop\\\/\"},{\"@type\":\"ListItem\",\"position\":3,\"name\":\"Side-by-Side Outdoor Totem 55&#8243; f\u00fcr LG\"}]},{\"@type\":\"WebSite\",\"@id\":\"https:\\\/\\\/hi-nd.com\\\/#website\",\"url\":\"https:\\\/\\\/hi-nd.com\\\/\",\"name\":\"HI-ND\",\"description\":\"Mounting Solutions\",\"potentialAction\":[{\"@type\":\"SearchAction\",\"target\":{\"@type\":\"EntryPoint\",\"urlTemplate\":\"https:\\\/\\\/hi-nd.com\\\/?s={search_term_string}\"},\"query-input\":{\"@type\":\"PropertyValueSpecification\",\"valueRequired\":true,\"valueName\":\"search_term_string\"}}],\"inLanguage\":\"de\"}]}<\/script>\n<!-- \/ Yoast SEO plugin. -->","yoast_head_json":{"title":"Side-by-Side Outdoor Totem 55\" f\u00fcr LG - HI-ND","robots":{"index":"index","follow":"follow","max-snippet":"max-snippet:-1","max-image-preview":"max-image-preview:large","max-video-preview":"max-video-preview:-1"},"canonical":"https:\/\/hi-nd.com\/de\/produkt\/new-deckenverkleidungsfenster-fur-samsung-om55-copy\/","og_locale":"de_DE","og_type":"article","og_title":"Side-by-Side Outdoor Totem 55\" f\u00fcr LG - HI-ND","og_description":"Dieses neue Produkt ist ein Side-by-Side Totem f\u00fcr den Au\u00dfenbereich. Er ist f\u00fcr LG 55\" konzipiert und in den Farben Wei\u00df und Schwarz erh\u00e4ltlich. &nbsp; Um das Totem sicher zu befestigen, muss eine solide Grundlage geschaffen werden. HI-ND-Project hat umfangreiche Erfahrung mit der Schaffung von Fundamenten.  Lesen Sie mehr und buchen Sie sie hier.","og_url":"https:\/\/hi-nd.com\/de\/produkt\/new-deckenverkleidungsfenster-fur-samsung-om55-copy\/","og_site_name":"HI-ND","article_modified_time":"2026-01-26T13:38:11+00:00","og_image":[{"width":750,"height":750,"url":"https:\/\/hi-nd.com\/wp-content\/uploads\/2024\/05\/Max-Sidebyside-totem-pic2-750x750-1.jpg","type":"image\/jpeg"}],"twitter_card":"summary_large_image","schema":{"@context":"https:\/\/schema.org","@graph":[{"@type":"WebPage","@id":"https:\/\/hi-nd.com\/de\/produkt\/new-deckenverkleidungsfenster-fur-samsung-om55-copy\/","url":"https:\/\/hi-nd.com\/de\/produkt\/new-deckenverkleidungsfenster-fur-samsung-om55-copy\/","name":"Side-by-Side Outdoor Totem 55\" f\u00fcr LG - HI-ND","isPartOf":{"@id":"https:\/\/hi-nd.com\/#website"},"primaryImageOfPage":{"@id":"https:\/\/hi-nd.com\/de\/produkt\/new-deckenverkleidungsfenster-fur-samsung-om55-copy\/#primaryimage"},"image":{"@id":"https:\/\/hi-nd.com\/de\/produkt\/new-deckenverkleidungsfenster-fur-samsung-om55-copy\/#primaryimage"},"thumbnailUrl":"https:\/\/hi-nd.com\/wp-content\/uploads\/2024\/05\/Max-Sidebyside-totem-pic2-750x750-1.jpg","datePublished":"2024-05-24T11:48:03+00:00","dateModified":"2026-01-26T13:38:11+00:00","breadcrumb":{"@id":"https:\/\/hi-nd.com\/de\/produkt\/new-deckenverkleidungsfenster-fur-samsung-om55-copy\/#breadcrumb"},"inLanguage":"de","potentialAction":[{"@type":"ReadAction","target":["https:\/\/hi-nd.com\/de\/produkt\/new-deckenverkleidungsfenster-fur-samsung-om55-copy\/"]}]},{"@type":"ImageObject","inLanguage":"de","@id":"https:\/\/hi-nd.com\/de\/produkt\/new-deckenverkleidungsfenster-fur-samsung-om55-copy\/#primaryimage","url":"https:\/\/hi-nd.com\/wp-content\/uploads\/2024\/05\/Max-Sidebyside-totem-pic2-750x750-1.jpg","contentUrl":"https:\/\/hi-nd.com\/wp-content\/uploads\/2024\/05\/Max-Sidebyside-totem-pic2-750x750-1.jpg","width":750,"height":750,"caption":"Side-by-Side Outdoor Totem 55\" f\u00fcr LG"},{"@type":"BreadcrumbList","@id":"https:\/\/hi-nd.com\/de\/produkt\/new-deckenverkleidungsfenster-fur-samsung-om55-copy\/#breadcrumb","itemListElement":[{"@type":"ListItem","position":1,"name":"Home","item":"https:\/\/hi-nd.com\/de\/"},{"@type":"ListItem","position":2,"name":"Shop","item":"https:\/\/hi-nd.com\/de\/shop\/"},{"@type":"ListItem","position":3,"name":"Side-by-Side Outdoor Totem 55&#8243; f\u00fcr LG"}]},{"@type":"WebSite","@id":"https:\/\/hi-nd.com\/#website","url":"https:\/\/hi-nd.com\/","name":"HI-ND","description":"Mounting Solutions","potentialAction":[{"@type":"SearchAction","target":{"@type":"EntryPoint","urlTemplate":"https:\/\/hi-nd.com\/?s={search_term_string}"},"query-input":{"@type":"PropertyValueSpecification","valueRequired":true,"valueName":"search_term_string"}}],"inLanguage":"de"}]}},"_links":{"self":[{"href":"https:\/\/hi-nd.com\/de\/wp-json\/wp\/v2\/product\/7196","targetHints":{"allow":["GET"]}}],"collection":[{"href":"https:\/\/hi-nd.com\/de\/wp-json\/wp\/v2\/product"}],"about":[{"href":"https:\/\/hi-nd.com\/de\/wp-json\/wp\/v2\/types\/product"}],"wp:featuredmedia":[{"embeddable":true,"href":"https:\/\/hi-nd.com\/de\/wp-json\/wp\/v2\/media\/7204"}],"wp:attachment":[{"href":"https:\/\/hi-nd.com\/de\/wp-json\/wp\/v2\/media?parent=7196"}],"wp:term":[{"taxonomy":"product_brand","embeddable":true,"href":"https:\/\/hi-nd.com\/de\/wp-json\/wp\/v2\/product_brand?post=7196"},{"taxonomy":"product_cat","embeddable":true,"href":"https:\/\/hi-nd.com\/de\/wp-json\/wp\/v2\/product_cat?post=7196"},{"taxonomy":"product_tag","embeddable":true,"href":"https:\/\/hi-nd.com\/de\/wp-json\/wp\/v2\/product_tag?post=7196"}],"curies":[{"name":"wp","href":"https:\/\/api.w.org\/{rel}","templated":true}]}}