{"id":7167,"date":"2024-05-06T15:24:09","date_gmt":"2024-05-06T13:24:09","guid":{"rendered":"https:\/\/hi-nd.com\/?post_type=product&#038;p=7167"},"modified":"2024-05-06T15:39:03","modified_gmt":"2024-05-06T13:39:03","slug":"saulenhalterung-universal-copy","status":"publish","type":"product","link":"https:\/\/hi-nd.com\/de\/produkt\/saulenhalterung-universal-copy\/","title":{"rendered":"S\u00e4ulenmontage-Anzeige"},"content":{"rendered":"<table style=\"font-size: 14.4px;\" width=\"753\">\n<tbody>\n<tr>\n<td width=\"125\">Teilnummer<\/td>\n<td width=\"581\">Beschreibung<\/td>\n<td width=\"47\">Farbe<\/td>\n<\/tr>\n<tr>\n<td>PB0011-5108-01<\/td>\n<td>Verl\u00e4ngerungsgurte &#8211; bis zu 70 cm im Durchmesser<\/td>\n<td>Wei\u00df<\/td>\n<\/tr>\n<tr>\n<td>PB0011-5107-01<\/td>\n<td>Verl\u00e4ngerungsgurte &#8211; bis zu 70 cm im Durchmesser<\/td>\n<td>Schwarz<\/td>\n<\/tr>\n<\/tbody>\n<\/table>\n","protected":false},"excerpt":{"rendered":"<p>HI-ND S\u00e4ulenwerbung, 70 cm, kann f\u00fcr <a href=\"https:\/\/hi-nd.com\/product\/wall-casing-advert\/\" target=\"_blank\" rel=\"noopener\">Wandverkleidungswerbung<\/a> verwendet werden. Die S\u00e4ulenhalterung ist f\u00fcr Bildschirme zwischen 55&#8243;-85&#8243; geeignet und in Schwarz und Wei\u00df erh\u00e4ltlich.<\/p>\n<ul>\n<li>Entwickelt f\u00fcr 55\u2033 &#8211; 85\u2033 Bildschirme<\/li>\n<li>Lieferbar in schwarzer oder wei\u00dfer Farbe<\/li>\n<\/ul>\n","protected":false},"featured_media":7171,"template":"","meta":[],"product_brand":[],"product_cat":[105],"product_tag":[],"class_list":{"0":"post-7167","1":"product","2":"type-product","3":"status-publish","4":"has-post-thumbnail","6":"product_cat-pillar-de","8":"first","9":"instock","10":"shipping-taxable","11":"product-type-simple"},"yoast_head":"<!-- This site is optimized with the Yoast SEO plugin v27.4 - https:\/\/yoast.com\/product\/yoast-seo-wordpress\/ -->\n<title>S\u00e4ulenmontage-Anzeige - HI-ND<\/title>\n<meta name=\"description\" content=\"Die HI-ND-S\u00e4ulenhalterung kann f\u00fcr jede runde S\u00e4ule verwendet werden. Es funktioniert mit VESA 200\u00d7200, 300\u00d7300, 400\u00d7400. Er kann um bis zu 15 Grad geneigt werden.\" \/>\n<meta name=\"robots\" content=\"index, follow, max-snippet:-1, max-image-preview:large, max-video-preview:-1\" \/>\n<link rel=\"canonical\" href=\"https:\/\/hi-nd.com\/de\/produkt\/saulenhalterung-universal-copy\/\" \/>\n<meta property=\"og:locale\" content=\"de_DE\" \/>\n<meta property=\"og:type\" content=\"article\" \/>\n<meta property=\"og:title\" content=\"S\u00e4ulenmontage-Anzeige - HI-ND\" \/>\n<meta property=\"og:description\" content=\"Die HI-ND-S\u00e4ulenhalterung kann f\u00fcr jede runde S\u00e4ule verwendet werden. Es funktioniert mit VESA 200\u00d7200, 300\u00d7300, 400\u00d7400. Er kann um bis zu 15 Grad geneigt werden.\" \/>\n<meta property=\"og:url\" content=\"https:\/\/hi-nd.com\/de\/produkt\/saulenhalterung-universal-copy\/\" \/>\n<meta property=\"og:site_name\" content=\"HI-ND\" \/>\n<meta property=\"article:modified_time\" content=\"2024-05-06T13:39:03+00:00\" \/>\n<meta property=\"og:image\" content=\"https:\/\/hi-nd.com\/wp-content\/uploads\/2024\/05\/MG_8910-dualiso-ny-scaled.jpg\" \/>\n\t<meta property=\"og:image:width\" content=\"2104\" \/>\n\t<meta property=\"og:image:height\" content=\"2560\" \/>\n\t<meta property=\"og:image:type\" content=\"image\/jpeg\" \/>\n<meta name=\"twitter:card\" content=\"summary_large_image\" \/>\n<script type=\"application\/ld+json\" class=\"yoast-schema-graph\">{\"@context\":\"https:\\\/\\\/schema.org\",\"@graph\":[{\"@type\":\"WebPage\",\"@id\":\"https:\\\/\\\/hi-nd.com\\\/de\\\/produkt\\\/saulenhalterung-universal-copy\\\/\",\"url\":\"https:\\\/\\\/hi-nd.com\\\/de\\\/produkt\\\/saulenhalterung-universal-copy\\\/\",\"name\":\"S\u00e4ulenmontage-Anzeige - HI-ND\",\"isPartOf\":{\"@id\":\"https:\\\/\\\/hi-nd.com\\\/#website\"},\"primaryImageOfPage\":{\"@id\":\"https:\\\/\\\/hi-nd.com\\\/de\\\/produkt\\\/saulenhalterung-universal-copy\\\/#primaryimage\"},\"image\":{\"@id\":\"https:\\\/\\\/hi-nd.com\\\/de\\\/produkt\\\/saulenhalterung-universal-copy\\\/#primaryimage\"},\"thumbnailUrl\":\"https:\\\/\\\/hi-nd.com\\\/wp-content\\\/uploads\\\/2024\\\/05\\\/MG_8910-dualiso-ny-scaled.jpg\",\"datePublished\":\"2024-05-06T13:24:09+00:00\",\"dateModified\":\"2024-05-06T13:39:03+00:00\",\"description\":\"Die HI-ND-S\u00e4ulenhalterung kann f\u00fcr jede runde S\u00e4ule verwendet werden. Es funktioniert mit VESA 200\u00d7200, 300\u00d7300, 400\u00d7400. Er kann um bis zu 15 Grad geneigt werden.\",\"breadcrumb\":{\"@id\":\"https:\\\/\\\/hi-nd.com\\\/de\\\/produkt\\\/saulenhalterung-universal-copy\\\/#breadcrumb\"},\"inLanguage\":\"de\",\"potentialAction\":[{\"@type\":\"ReadAction\",\"target\":[\"https:\\\/\\\/hi-nd.com\\\/de\\\/produkt\\\/saulenhalterung-universal-copy\\\/\"]}]},{\"@type\":\"ImageObject\",\"inLanguage\":\"de\",\"@id\":\"https:\\\/\\\/hi-nd.com\\\/de\\\/produkt\\\/saulenhalterung-universal-copy\\\/#primaryimage\",\"url\":\"https:\\\/\\\/hi-nd.com\\\/wp-content\\\/uploads\\\/2024\\\/05\\\/MG_8910-dualiso-ny-scaled.jpg\",\"contentUrl\":\"https:\\\/\\\/hi-nd.com\\\/wp-content\\\/uploads\\\/2024\\\/05\\\/MG_8910-dualiso-ny-scaled.jpg\",\"width\":2104,\"height\":2560,\"caption\":\"Pillar Mount Advert\"},{\"@type\":\"BreadcrumbList\",\"@id\":\"https:\\\/\\\/hi-nd.com\\\/de\\\/produkt\\\/saulenhalterung-universal-copy\\\/#breadcrumb\",\"itemListElement\":[{\"@type\":\"ListItem\",\"position\":1,\"name\":\"Home\",\"item\":\"https:\\\/\\\/hi-nd.com\\\/de\\\/\"},{\"@type\":\"ListItem\",\"position\":2,\"name\":\"Shop\",\"item\":\"https:\\\/\\\/hi-nd.com\\\/de\\\/shop\\\/\"},{\"@type\":\"ListItem\",\"position\":3,\"name\":\"S\u00e4ulenmontage-Anzeige\"}]},{\"@type\":\"WebSite\",\"@id\":\"https:\\\/\\\/hi-nd.com\\\/#website\",\"url\":\"https:\\\/\\\/hi-nd.com\\\/\",\"name\":\"HI-ND\",\"description\":\"Mounting Solutions\",\"potentialAction\":[{\"@type\":\"SearchAction\",\"target\":{\"@type\":\"EntryPoint\",\"urlTemplate\":\"https:\\\/\\\/hi-nd.com\\\/?s={search_term_string}\"},\"query-input\":{\"@type\":\"PropertyValueSpecification\",\"valueRequired\":true,\"valueName\":\"search_term_string\"}}],\"inLanguage\":\"de\"}]}<\/script>\n<!-- \/ Yoast SEO plugin. -->","yoast_head_json":{"title":"S\u00e4ulenmontage-Anzeige - HI-ND","description":"Die HI-ND-S\u00e4ulenhalterung kann f\u00fcr jede runde S\u00e4ule verwendet werden. Es funktioniert mit VESA 200\u00d7200, 300\u00d7300, 400\u00d7400. Er kann um bis zu 15 Grad geneigt werden.","robots":{"index":"index","follow":"follow","max-snippet":"max-snippet:-1","max-image-preview":"max-image-preview:large","max-video-preview":"max-video-preview:-1"},"canonical":"https:\/\/hi-nd.com\/de\/produkt\/saulenhalterung-universal-copy\/","og_locale":"de_DE","og_type":"article","og_title":"S\u00e4ulenmontage-Anzeige - HI-ND","og_description":"Die HI-ND-S\u00e4ulenhalterung kann f\u00fcr jede runde S\u00e4ule verwendet werden. Es funktioniert mit VESA 200\u00d7200, 300\u00d7300, 400\u00d7400. Er kann um bis zu 15 Grad geneigt werden.","og_url":"https:\/\/hi-nd.com\/de\/produkt\/saulenhalterung-universal-copy\/","og_site_name":"HI-ND","article_modified_time":"2024-05-06T13:39:03+00:00","og_image":[{"width":2104,"height":2560,"url":"https:\/\/hi-nd.com\/wp-content\/uploads\/2024\/05\/MG_8910-dualiso-ny-scaled.jpg","type":"image\/jpeg"}],"twitter_card":"summary_large_image","schema":{"@context":"https:\/\/schema.org","@graph":[{"@type":"WebPage","@id":"https:\/\/hi-nd.com\/de\/produkt\/saulenhalterung-universal-copy\/","url":"https:\/\/hi-nd.com\/de\/produkt\/saulenhalterung-universal-copy\/","name":"S\u00e4ulenmontage-Anzeige - HI-ND","isPartOf":{"@id":"https:\/\/hi-nd.com\/#website"},"primaryImageOfPage":{"@id":"https:\/\/hi-nd.com\/de\/produkt\/saulenhalterung-universal-copy\/#primaryimage"},"image":{"@id":"https:\/\/hi-nd.com\/de\/produkt\/saulenhalterung-universal-copy\/#primaryimage"},"thumbnailUrl":"https:\/\/hi-nd.com\/wp-content\/uploads\/2024\/05\/MG_8910-dualiso-ny-scaled.jpg","datePublished":"2024-05-06T13:24:09+00:00","dateModified":"2024-05-06T13:39:03+00:00","description":"Die HI-ND-S\u00e4ulenhalterung kann f\u00fcr jede runde S\u00e4ule verwendet werden. Es funktioniert mit VESA 200\u00d7200, 300\u00d7300, 400\u00d7400. Er kann um bis zu 15 Grad geneigt werden.","breadcrumb":{"@id":"https:\/\/hi-nd.com\/de\/produkt\/saulenhalterung-universal-copy\/#breadcrumb"},"inLanguage":"de","potentialAction":[{"@type":"ReadAction","target":["https:\/\/hi-nd.com\/de\/produkt\/saulenhalterung-universal-copy\/"]}]},{"@type":"ImageObject","inLanguage":"de","@id":"https:\/\/hi-nd.com\/de\/produkt\/saulenhalterung-universal-copy\/#primaryimage","url":"https:\/\/hi-nd.com\/wp-content\/uploads\/2024\/05\/MG_8910-dualiso-ny-scaled.jpg","contentUrl":"https:\/\/hi-nd.com\/wp-content\/uploads\/2024\/05\/MG_8910-dualiso-ny-scaled.jpg","width":2104,"height":2560,"caption":"Pillar Mount Advert"},{"@type":"BreadcrumbList","@id":"https:\/\/hi-nd.com\/de\/produkt\/saulenhalterung-universal-copy\/#breadcrumb","itemListElement":[{"@type":"ListItem","position":1,"name":"Home","item":"https:\/\/hi-nd.com\/de\/"},{"@type":"ListItem","position":2,"name":"Shop","item":"https:\/\/hi-nd.com\/de\/shop\/"},{"@type":"ListItem","position":3,"name":"S\u00e4ulenmontage-Anzeige"}]},{"@type":"WebSite","@id":"https:\/\/hi-nd.com\/#website","url":"https:\/\/hi-nd.com\/","name":"HI-ND","description":"Mounting Solutions","potentialAction":[{"@type":"SearchAction","target":{"@type":"EntryPoint","urlTemplate":"https:\/\/hi-nd.com\/?s={search_term_string}"},"query-input":{"@type":"PropertyValueSpecification","valueRequired":true,"valueName":"search_term_string"}}],"inLanguage":"de"}]}},"_links":{"self":[{"href":"https:\/\/hi-nd.com\/de\/wp-json\/wp\/v2\/product\/7167","targetHints":{"allow":["GET"]}}],"collection":[{"href":"https:\/\/hi-nd.com\/de\/wp-json\/wp\/v2\/product"}],"about":[{"href":"https:\/\/hi-nd.com\/de\/wp-json\/wp\/v2\/types\/product"}],"wp:featuredmedia":[{"embeddable":true,"href":"https:\/\/hi-nd.com\/de\/wp-json\/wp\/v2\/media\/7171"}],"wp:attachment":[{"href":"https:\/\/hi-nd.com\/de\/wp-json\/wp\/v2\/media?parent=7167"}],"wp:term":[{"taxonomy":"product_brand","embeddable":true,"href":"https:\/\/hi-nd.com\/de\/wp-json\/wp\/v2\/product_brand?post=7167"},{"taxonomy":"product_cat","embeddable":true,"href":"https:\/\/hi-nd.com\/de\/wp-json\/wp\/v2\/product_cat?post=7167"},{"taxonomy":"product_tag","embeddable":true,"href":"https:\/\/hi-nd.com\/de\/wp-json\/wp\/v2\/product_tag?post=7167"}],"curies":[{"name":"wp","href":"https:\/\/api.w.org\/{rel}","templated":true}]}}