{"id":6971,"date":"2024-03-20T09:19:03","date_gmt":"2024-03-20T08:19:03","guid":{"rendered":"https:\/\/hi-nd.com\/product\/new-deckenverkleidungsfenster-fuer-samsung-om55\/"},"modified":"2026-01-26T14:48:33","modified_gmt":"2026-01-26T13:48:33","slug":"new-deckenverkleidungsfenster-fuer-samsung-om55","status":"publish","type":"product","link":"https:\/\/hi-nd.com\/de\/produkt\/new-deckenverkleidungsfenster-fuer-samsung-om55\/","title":{"rendered":"Deckenverkleidungsfenster f\u00fcr Samsung OM46B, OM55B und OMN-S"},"content":{"rendered":"<table style=\"height: 100px;\" width=\"773\">\n<tbody>\n<tr>\n <em> <\/p>\n<td width=\"150\">Teil Nummer<\/td>\n<p><\/em><\/p>\n<td width=\"230 \"><em> Beschreibung<\/em><\/td>\n<td width=\"330 \"><em> Kompatible Bildschirme<\/em><\/td>\n<td width=\"73\"><em> Farbe<\/em><\/td>\n<\/tr>\n<tr>\n<td> CC4615-5201-01<\/td>\n<td> Deckenverkleidung 46&#8243;, hoch<\/td>\n<td> Samsung OM46B<\/td>\n<td> Wei\u00df<\/td>\n<\/tr>\n<tr>\n<td> CC4615-5201-02<\/td>\n<td> Deckenverkleidung 46&#8243;, hoch<\/td>\n<td> Samsung OM46B<\/td>\n<td> Schwarz<\/td>\n<\/tr>\n<tr>\n<td> CC5515-5301-01<\/td>\n<td> Deckenverkleidung 55, hoch<\/td>\n<td> OM55B\/OMN-S<\/td>\n<td> Wei\u00df<\/td>\n<\/tr>\n<tr>\n<td> CC5515-5301-02<\/td>\n<td> Deckenverkleidung 55, hoch<\/td>\n<td> OM55B\/OMN-S<\/td>\n<td> Schwarz<\/td>\n<\/tr>\n<\/tbody>\n<\/table>\n","protected":false},"excerpt":{"rendered":"<p>Dieses aktualisierte HI-ND-Deckenverkleidungsfenster ist f\u00fcr die Verwendung von Bildschirmen mit hoher Helligkeit konzipiert. Wir haben die Bel\u00fcftung von der hinteren Abdeckung an die Seite verlegt, was ein saubereres Design schafft und einen analogen Druck auf der R\u00fcckseite erm\u00f6glicht. Die Montage der Schirme und der Zugang zur Wartung erfolgt von der R\u00fcckseite, damit die Schirme in der N\u00e4he eines Fensters montiert werden k\u00f6nnen. Verwenden Sie unseren <a href=\"https:\/\/hi-nd.com\/product\/wire-for-ceiling-casing\/\">Kabelsatz<\/a> und die <a href=\"https:\/\/hi-nd.com\/product\/ceiling-mount-for-wire\/\">Deckenhalterung f\u00fcr die Kabell\u00f6sung<\/a> f\u00fcr eine einfache Installation.<\/p>\n<p>Standardm\u00e4\u00dfig in Schwarz und Wei\u00df<br \/>\nAlle Kabel sind verdeckt<br \/>\nServicezugang von der R\u00fcckseite<br \/>\nKabel oder Teleskoprohr nicht im Lieferumfang enthalten<br \/>\nEntwickelt f\u00fcr OM46B und OM55B\/OMN-S<\/p>\n","protected":false},"featured_media":6944,"template":"","meta":[],"product_brand":[],"product_cat":[81,82],"product_tag":[],"class_list":{"0":"post-6971","1":"product","2":"type-product","3":"status-publish","4":"has-post-thumbnail","6":"product_cat-decken","7":"product_cat-gehause","9":"first","10":"instock","11":"shipping-taxable","12":"product-type-simple"},"yoast_head":"<!-- This site is optimized with the Yoast SEO plugin v27.3 - https:\/\/yoast.com\/product\/yoast-seo-wordpress\/ -->\n<title>Deckenverkleidungsfenster f\u00fcr Samsung OM46B, OM55B und OMN-S - HI-ND<\/title>\n<meta name=\"robots\" content=\"index, follow, max-snippet:-1, max-image-preview:large, max-video-preview:-1\" \/>\n<link rel=\"canonical\" href=\"https:\/\/hi-nd.com\/de\/produkt\/new-deckenverkleidungsfenster-fuer-samsung-om55\/\" \/>\n<meta property=\"og:locale\" content=\"de_DE\" \/>\n<meta property=\"og:type\" content=\"article\" \/>\n<meta property=\"og:title\" content=\"Deckenverkleidungsfenster f\u00fcr Samsung OM46B, OM55B und OMN-S - HI-ND\" \/>\n<meta property=\"og:description\" content=\"Dieses aktualisierte HI-ND-Deckenverkleidungsfenster ist f\u00fcr die Verwendung von Bildschirmen mit hoher Helligkeit konzipiert. Wir haben die Bel\u00fcftung von der hinteren Abdeckung an die Seite verlegt, was ein saubereres Design schafft und einen analogen Druck auf der R\u00fcckseite erm\u00f6glicht. Die Montage der Schirme und der Zugang zur Wartung erfolgt von der R\u00fcckseite, damit die Schirme in der N\u00e4he eines Fensters montiert werden k\u00f6nnen. Verwenden Sie unseren Kabelsatz und die Deckenhalterung f\u00fcr die Kabell\u00f6sung f\u00fcr eine einfache Installation. Standardm\u00e4\u00dfig in Schwarz und Wei\u00df Alle Kabel sind verdeckt Servicezugang von der R\u00fcckseite Kabel oder Teleskoprohr nicht im Lieferumfang enthalten Entwickelt f\u00fcr OM46B und OM55B\/OMN-S\" \/>\n<meta property=\"og:url\" content=\"https:\/\/hi-nd.com\/de\/produkt\/new-deckenverkleidungsfenster-fuer-samsung-om55\/\" \/>\n<meta property=\"og:site_name\" content=\"HI-ND\" \/>\n<meta property=\"article:modified_time\" content=\"2026-01-26T13:48:33+00:00\" \/>\n<meta property=\"og:image\" content=\"https:\/\/hi-nd.com\/wp-content\/uploads\/2024\/03\/CC5515-5201-04.jpg\" \/>\n\t<meta property=\"og:image:width\" content=\"1581\" \/>\n\t<meta property=\"og:image:height\" content=\"1221\" \/>\n\t<meta property=\"og:image:type\" content=\"image\/jpeg\" \/>\n<meta name=\"twitter:card\" content=\"summary_large_image\" \/>\n<script type=\"application\/ld+json\" class=\"yoast-schema-graph\">{\"@context\":\"https:\\\/\\\/schema.org\",\"@graph\":[{\"@type\":\"WebPage\",\"@id\":\"https:\\\/\\\/hi-nd.com\\\/de\\\/produkt\\\/new-deckenverkleidungsfenster-fuer-samsung-om55\\\/\",\"url\":\"https:\\\/\\\/hi-nd.com\\\/de\\\/produkt\\\/new-deckenverkleidungsfenster-fuer-samsung-om55\\\/\",\"name\":\"Deckenverkleidungsfenster f\u00fcr Samsung OM46B, OM55B und OMN-S - HI-ND\",\"isPartOf\":{\"@id\":\"https:\\\/\\\/hi-nd.com\\\/#website\"},\"primaryImageOfPage\":{\"@id\":\"https:\\\/\\\/hi-nd.com\\\/de\\\/produkt\\\/new-deckenverkleidungsfenster-fuer-samsung-om55\\\/#primaryimage\"},\"image\":{\"@id\":\"https:\\\/\\\/hi-nd.com\\\/de\\\/produkt\\\/new-deckenverkleidungsfenster-fuer-samsung-om55\\\/#primaryimage\"},\"thumbnailUrl\":\"https:\\\/\\\/hi-nd.com\\\/wp-content\\\/uploads\\\/2024\\\/03\\\/CC5515-5201-04.jpg\",\"datePublished\":\"2024-03-20T08:19:03+00:00\",\"dateModified\":\"2026-01-26T13:48:33+00:00\",\"breadcrumb\":{\"@id\":\"https:\\\/\\\/hi-nd.com\\\/de\\\/produkt\\\/new-deckenverkleidungsfenster-fuer-samsung-om55\\\/#breadcrumb\"},\"inLanguage\":\"de\",\"potentialAction\":[{\"@type\":\"ReadAction\",\"target\":[\"https:\\\/\\\/hi-nd.com\\\/de\\\/produkt\\\/new-deckenverkleidungsfenster-fuer-samsung-om55\\\/\"]}]},{\"@type\":\"ImageObject\",\"inLanguage\":\"de\",\"@id\":\"https:\\\/\\\/hi-nd.com\\\/de\\\/produkt\\\/new-deckenverkleidungsfenster-fuer-samsung-om55\\\/#primaryimage\",\"url\":\"https:\\\/\\\/hi-nd.com\\\/wp-content\\\/uploads\\\/2024\\\/03\\\/CC5515-5201-04.jpg\",\"contentUrl\":\"https:\\\/\\\/hi-nd.com\\\/wp-content\\\/uploads\\\/2024\\\/03\\\/CC5515-5201-04.jpg\",\"width\":1581,\"height\":1221,\"caption\":\"Deckenverkleidung Fenster\"},{\"@type\":\"BreadcrumbList\",\"@id\":\"https:\\\/\\\/hi-nd.com\\\/de\\\/produkt\\\/new-deckenverkleidungsfenster-fuer-samsung-om55\\\/#breadcrumb\",\"itemListElement\":[{\"@type\":\"ListItem\",\"position\":1,\"name\":\"Home\",\"item\":\"https:\\\/\\\/hi-nd.com\\\/de\\\/\"},{\"@type\":\"ListItem\",\"position\":2,\"name\":\"Shop\",\"item\":\"https:\\\/\\\/hi-nd.com\\\/de\\\/shop\\\/\"},{\"@type\":\"ListItem\",\"position\":3,\"name\":\"Deckenverkleidungsfenster f\u00fcr Samsung OM46B, OM55B und OMN-S\"}]},{\"@type\":\"WebSite\",\"@id\":\"https:\\\/\\\/hi-nd.com\\\/#website\",\"url\":\"https:\\\/\\\/hi-nd.com\\\/\",\"name\":\"HI-ND\",\"description\":\"Mounting Solutions\",\"potentialAction\":[{\"@type\":\"SearchAction\",\"target\":{\"@type\":\"EntryPoint\",\"urlTemplate\":\"https:\\\/\\\/hi-nd.com\\\/?s={search_term_string}\"},\"query-input\":{\"@type\":\"PropertyValueSpecification\",\"valueRequired\":true,\"valueName\":\"search_term_string\"}}],\"inLanguage\":\"de\"}]}<\/script>\n<!-- \/ Yoast SEO plugin. -->","yoast_head_json":{"title":"Deckenverkleidungsfenster f\u00fcr Samsung OM46B, OM55B und OMN-S - HI-ND","robots":{"index":"index","follow":"follow","max-snippet":"max-snippet:-1","max-image-preview":"max-image-preview:large","max-video-preview":"max-video-preview:-1"},"canonical":"https:\/\/hi-nd.com\/de\/produkt\/new-deckenverkleidungsfenster-fuer-samsung-om55\/","og_locale":"de_DE","og_type":"article","og_title":"Deckenverkleidungsfenster f\u00fcr Samsung OM46B, OM55B und OMN-S - HI-ND","og_description":"Dieses aktualisierte HI-ND-Deckenverkleidungsfenster ist f\u00fcr die Verwendung von Bildschirmen mit hoher Helligkeit konzipiert. Wir haben die Bel\u00fcftung von der hinteren Abdeckung an die Seite verlegt, was ein saubereres Design schafft und einen analogen Druck auf der R\u00fcckseite erm\u00f6glicht. Die Montage der Schirme und der Zugang zur Wartung erfolgt von der R\u00fcckseite, damit die Schirme in der N\u00e4he eines Fensters montiert werden k\u00f6nnen. Verwenden Sie unseren Kabelsatz und die Deckenhalterung f\u00fcr die Kabell\u00f6sung f\u00fcr eine einfache Installation. Standardm\u00e4\u00dfig in Schwarz und Wei\u00df Alle Kabel sind verdeckt Servicezugang von der R\u00fcckseite Kabel oder Teleskoprohr nicht im Lieferumfang enthalten Entwickelt f\u00fcr OM46B und OM55B\/OMN-S","og_url":"https:\/\/hi-nd.com\/de\/produkt\/new-deckenverkleidungsfenster-fuer-samsung-om55\/","og_site_name":"HI-ND","article_modified_time":"2026-01-26T13:48:33+00:00","og_image":[{"width":1581,"height":1221,"url":"https:\/\/hi-nd.com\/wp-content\/uploads\/2024\/03\/CC5515-5201-04.jpg","type":"image\/jpeg"}],"twitter_card":"summary_large_image","schema":{"@context":"https:\/\/schema.org","@graph":[{"@type":"WebPage","@id":"https:\/\/hi-nd.com\/de\/produkt\/new-deckenverkleidungsfenster-fuer-samsung-om55\/","url":"https:\/\/hi-nd.com\/de\/produkt\/new-deckenverkleidungsfenster-fuer-samsung-om55\/","name":"Deckenverkleidungsfenster f\u00fcr Samsung OM46B, OM55B und OMN-S - HI-ND","isPartOf":{"@id":"https:\/\/hi-nd.com\/#website"},"primaryImageOfPage":{"@id":"https:\/\/hi-nd.com\/de\/produkt\/new-deckenverkleidungsfenster-fuer-samsung-om55\/#primaryimage"},"image":{"@id":"https:\/\/hi-nd.com\/de\/produkt\/new-deckenverkleidungsfenster-fuer-samsung-om55\/#primaryimage"},"thumbnailUrl":"https:\/\/hi-nd.com\/wp-content\/uploads\/2024\/03\/CC5515-5201-04.jpg","datePublished":"2024-03-20T08:19:03+00:00","dateModified":"2026-01-26T13:48:33+00:00","breadcrumb":{"@id":"https:\/\/hi-nd.com\/de\/produkt\/new-deckenverkleidungsfenster-fuer-samsung-om55\/#breadcrumb"},"inLanguage":"de","potentialAction":[{"@type":"ReadAction","target":["https:\/\/hi-nd.com\/de\/produkt\/new-deckenverkleidungsfenster-fuer-samsung-om55\/"]}]},{"@type":"ImageObject","inLanguage":"de","@id":"https:\/\/hi-nd.com\/de\/produkt\/new-deckenverkleidungsfenster-fuer-samsung-om55\/#primaryimage","url":"https:\/\/hi-nd.com\/wp-content\/uploads\/2024\/03\/CC5515-5201-04.jpg","contentUrl":"https:\/\/hi-nd.com\/wp-content\/uploads\/2024\/03\/CC5515-5201-04.jpg","width":1581,"height":1221,"caption":"Deckenverkleidung Fenster"},{"@type":"BreadcrumbList","@id":"https:\/\/hi-nd.com\/de\/produkt\/new-deckenverkleidungsfenster-fuer-samsung-om55\/#breadcrumb","itemListElement":[{"@type":"ListItem","position":1,"name":"Home","item":"https:\/\/hi-nd.com\/de\/"},{"@type":"ListItem","position":2,"name":"Shop","item":"https:\/\/hi-nd.com\/de\/shop\/"},{"@type":"ListItem","position":3,"name":"Deckenverkleidungsfenster f\u00fcr Samsung OM46B, OM55B und OMN-S"}]},{"@type":"WebSite","@id":"https:\/\/hi-nd.com\/#website","url":"https:\/\/hi-nd.com\/","name":"HI-ND","description":"Mounting Solutions","potentialAction":[{"@type":"SearchAction","target":{"@type":"EntryPoint","urlTemplate":"https:\/\/hi-nd.com\/?s={search_term_string}"},"query-input":{"@type":"PropertyValueSpecification","valueRequired":true,"valueName":"search_term_string"}}],"inLanguage":"de"}]}},"_links":{"self":[{"href":"https:\/\/hi-nd.com\/de\/wp-json\/wp\/v2\/product\/6971","targetHints":{"allow":["GET"]}}],"collection":[{"href":"https:\/\/hi-nd.com\/de\/wp-json\/wp\/v2\/product"}],"about":[{"href":"https:\/\/hi-nd.com\/de\/wp-json\/wp\/v2\/types\/product"}],"wp:featuredmedia":[{"embeddable":true,"href":"https:\/\/hi-nd.com\/de\/wp-json\/wp\/v2\/media\/6944"}],"wp:attachment":[{"href":"https:\/\/hi-nd.com\/de\/wp-json\/wp\/v2\/media?parent=6971"}],"wp:term":[{"taxonomy":"product_brand","embeddable":true,"href":"https:\/\/hi-nd.com\/de\/wp-json\/wp\/v2\/product_brand?post=6971"},{"taxonomy":"product_cat","embeddable":true,"href":"https:\/\/hi-nd.com\/de\/wp-json\/wp\/v2\/product_cat?post=6971"},{"taxonomy":"product_tag","embeddable":true,"href":"https:\/\/hi-nd.com\/de\/wp-json\/wp\/v2\/product_tag?post=6971"}],"curies":[{"name":"wp","href":"https:\/\/api.w.org\/{rel}","templated":true}]}}