{"id":6374,"date":"2024-01-08T13:56:09","date_gmt":"2024-01-08T12:56:09","guid":{"rendered":"https:\/\/hi-nd.com\/product\/led-tunnel\/"},"modified":"2024-05-28T15:09:15","modified_gmt":"2024-05-28T13:09:15","slug":"led-tunnel","status":"publish","type":"product","link":"https:\/\/hi-nd.com\/de\/produkt\/led-tunnel\/","title":{"rendered":"Ma\u00dfgeschneiderte LED"},"content":{"rendered":"<table border=\"0\" cellspacing=\"0\">\n<colgroup width=\"128\"><\/colgroup>\n<tbody>\n<tr>\n<td align=\"left\" height=\"26\"><b> Teilnummer<\/b><\/td>\n<td align=\"left\"><b>  Beschreibung  <\/b><\/td>\n<td align=\"left\"><b>  Farbe  <\/b><\/td>\n<\/tr>\n<tr>\n<td align=\"left\" height=\"26\"><\/td>\n<td align=\"left\">  Ma\u00dfgeschneiderte LED<\/td>\n<td align=\"left\"> Schwarz<\/td>\n<\/tr>\n<\/tbody>\n<\/table>\n","protected":false},"excerpt":{"rendered":"<p>HI-ND Custom made LED ist eine vorkonfigurierte Wandhalterung f\u00fcr Samsung LED-Displays, die auch die M\u00f6glichkeit bietet, kreativ zu sein. Ein Beispiel ist ein LED-Tunnel.<\/p>\n<p>F\u00fcgen Sie so viele LED-Module hinzu, wie Sie m\u00f6chten, um eine durchgehende Videowand zu erstellen.<\/p>\n<p>Anwendbar mit Samsung-Serien: IEA, IER und IFR<\/p>\n","protected":false},"featured_media":5950,"template":"","meta":[],"product_brand":[],"product_cat":[91,88,133],"product_tag":[],"class_list":{"0":"post-6374","1":"product","2":"type-product","3":"status-publish","4":"has-post-thumbnail","6":"product_cat-decke","7":"product_cat-led-de","8":"product_cat-wand-de","10":"first","11":"instock","12":"shipping-taxable","13":"product-type-simple"},"yoast_head":"<!-- This site is optimized with the Yoast SEO plugin v27.3 - https:\/\/yoast.com\/product\/yoast-seo-wordpress\/ -->\n<title>Ma\u00dfgeschneiderte LED - HI-ND<\/title>\n<meta name=\"robots\" content=\"index, follow, max-snippet:-1, max-image-preview:large, max-video-preview:-1\" \/>\n<link rel=\"canonical\" href=\"https:\/\/hi-nd.com\/de\/produkt\/led-tunnel\/\" \/>\n<meta property=\"og:locale\" content=\"de_DE\" \/>\n<meta property=\"og:type\" content=\"article\" \/>\n<meta property=\"og:title\" content=\"Ma\u00dfgeschneiderte LED - HI-ND\" \/>\n<meta property=\"og:description\" content=\"HI-ND Custom made LED ist eine vorkonfigurierte Wandhalterung f\u00fcr Samsung LED-Displays, die auch die M\u00f6glichkeit bietet, kreativ zu sein. Ein Beispiel ist ein LED-Tunnel. F\u00fcgen Sie so viele LED-Module hinzu, wie Sie m\u00f6chten, um eine durchgehende Videowand zu erstellen. Anwendbar mit Samsung-Serien: IEA, IER und IFR\" \/>\n<meta property=\"og:url\" content=\"https:\/\/hi-nd.com\/de\/produkt\/led-tunnel\/\" \/>\n<meta property=\"og:site_name\" content=\"HI-ND\" \/>\n<meta property=\"article:modified_time\" content=\"2024-05-28T13:09:15+00:00\" \/>\n<meta property=\"og:image\" content=\"https:\/\/hi-nd.com\/wp-content\/uploads\/2022\/03\/space-led-entre-stockholm03.jpg\" \/>\n\t<meta property=\"og:image:width\" content=\"786\" \/>\n\t<meta property=\"og:image:height\" content=\"750\" \/>\n\t<meta property=\"og:image:type\" content=\"image\/jpeg\" \/>\n<meta name=\"twitter:card\" content=\"summary_large_image\" \/>\n<script type=\"application\/ld+json\" class=\"yoast-schema-graph\">{\"@context\":\"https:\\\/\\\/schema.org\",\"@graph\":[{\"@type\":\"WebPage\",\"@id\":\"https:\\\/\\\/hi-nd.com\\\/de\\\/produkt\\\/led-tunnel\\\/\",\"url\":\"https:\\\/\\\/hi-nd.com\\\/de\\\/produkt\\\/led-tunnel\\\/\",\"name\":\"Ma\u00dfgeschneiderte LED - HI-ND\",\"isPartOf\":{\"@id\":\"https:\\\/\\\/hi-nd.com\\\/#website\"},\"primaryImageOfPage\":{\"@id\":\"https:\\\/\\\/hi-nd.com\\\/de\\\/produkt\\\/led-tunnel\\\/#primaryimage\"},\"image\":{\"@id\":\"https:\\\/\\\/hi-nd.com\\\/de\\\/produkt\\\/led-tunnel\\\/#primaryimage\"},\"thumbnailUrl\":\"https:\\\/\\\/hi-nd.com\\\/wp-content\\\/uploads\\\/2022\\\/03\\\/space-led-entre-stockholm03.jpg\",\"datePublished\":\"2024-01-08T12:56:09+00:00\",\"dateModified\":\"2024-05-28T13:09:15+00:00\",\"breadcrumb\":{\"@id\":\"https:\\\/\\\/hi-nd.com\\\/de\\\/produkt\\\/led-tunnel\\\/#breadcrumb\"},\"inLanguage\":\"de\",\"potentialAction\":[{\"@type\":\"ReadAction\",\"target\":[\"https:\\\/\\\/hi-nd.com\\\/de\\\/produkt\\\/led-tunnel\\\/\"]}]},{\"@type\":\"ImageObject\",\"inLanguage\":\"de\",\"@id\":\"https:\\\/\\\/hi-nd.com\\\/de\\\/produkt\\\/led-tunnel\\\/#primaryimage\",\"url\":\"https:\\\/\\\/hi-nd.com\\\/wp-content\\\/uploads\\\/2022\\\/03\\\/space-led-entre-stockholm03.jpg\",\"contentUrl\":\"https:\\\/\\\/hi-nd.com\\\/wp-content\\\/uploads\\\/2022\\\/03\\\/space-led-entre-stockholm03.jpg\",\"width\":786,\"height\":750,\"caption\":\"LED-Wand Platz\"},{\"@type\":\"BreadcrumbList\",\"@id\":\"https:\\\/\\\/hi-nd.com\\\/de\\\/produkt\\\/led-tunnel\\\/#breadcrumb\",\"itemListElement\":[{\"@type\":\"ListItem\",\"position\":1,\"name\":\"Home\",\"item\":\"https:\\\/\\\/hi-nd.com\\\/de\\\/\"},{\"@type\":\"ListItem\",\"position\":2,\"name\":\"Shop\",\"item\":\"https:\\\/\\\/hi-nd.com\\\/de\\\/shop\\\/\"},{\"@type\":\"ListItem\",\"position\":3,\"name\":\"Ma\u00dfgeschneiderte LED\"}]},{\"@type\":\"WebSite\",\"@id\":\"https:\\\/\\\/hi-nd.com\\\/#website\",\"url\":\"https:\\\/\\\/hi-nd.com\\\/\",\"name\":\"HI-ND\",\"description\":\"Mounting Solutions\",\"potentialAction\":[{\"@type\":\"SearchAction\",\"target\":{\"@type\":\"EntryPoint\",\"urlTemplate\":\"https:\\\/\\\/hi-nd.com\\\/?s={search_term_string}\"},\"query-input\":{\"@type\":\"PropertyValueSpecification\",\"valueRequired\":true,\"valueName\":\"search_term_string\"}}],\"inLanguage\":\"de\"}]}<\/script>\n<!-- \/ Yoast SEO plugin. -->","yoast_head_json":{"title":"Ma\u00dfgeschneiderte LED - HI-ND","robots":{"index":"index","follow":"follow","max-snippet":"max-snippet:-1","max-image-preview":"max-image-preview:large","max-video-preview":"max-video-preview:-1"},"canonical":"https:\/\/hi-nd.com\/de\/produkt\/led-tunnel\/","og_locale":"de_DE","og_type":"article","og_title":"Ma\u00dfgeschneiderte LED - HI-ND","og_description":"HI-ND Custom made LED ist eine vorkonfigurierte Wandhalterung f\u00fcr Samsung LED-Displays, die auch die M\u00f6glichkeit bietet, kreativ zu sein. Ein Beispiel ist ein LED-Tunnel. F\u00fcgen Sie so viele LED-Module hinzu, wie Sie m\u00f6chten, um eine durchgehende Videowand zu erstellen. Anwendbar mit Samsung-Serien: IEA, IER und IFR","og_url":"https:\/\/hi-nd.com\/de\/produkt\/led-tunnel\/","og_site_name":"HI-ND","article_modified_time":"2024-05-28T13:09:15+00:00","og_image":[{"width":786,"height":750,"url":"https:\/\/hi-nd.com\/wp-content\/uploads\/2022\/03\/space-led-entre-stockholm03.jpg","type":"image\/jpeg"}],"twitter_card":"summary_large_image","schema":{"@context":"https:\/\/schema.org","@graph":[{"@type":"WebPage","@id":"https:\/\/hi-nd.com\/de\/produkt\/led-tunnel\/","url":"https:\/\/hi-nd.com\/de\/produkt\/led-tunnel\/","name":"Ma\u00dfgeschneiderte LED - HI-ND","isPartOf":{"@id":"https:\/\/hi-nd.com\/#website"},"primaryImageOfPage":{"@id":"https:\/\/hi-nd.com\/de\/produkt\/led-tunnel\/#primaryimage"},"image":{"@id":"https:\/\/hi-nd.com\/de\/produkt\/led-tunnel\/#primaryimage"},"thumbnailUrl":"https:\/\/hi-nd.com\/wp-content\/uploads\/2022\/03\/space-led-entre-stockholm03.jpg","datePublished":"2024-01-08T12:56:09+00:00","dateModified":"2024-05-28T13:09:15+00:00","breadcrumb":{"@id":"https:\/\/hi-nd.com\/de\/produkt\/led-tunnel\/#breadcrumb"},"inLanguage":"de","potentialAction":[{"@type":"ReadAction","target":["https:\/\/hi-nd.com\/de\/produkt\/led-tunnel\/"]}]},{"@type":"ImageObject","inLanguage":"de","@id":"https:\/\/hi-nd.com\/de\/produkt\/led-tunnel\/#primaryimage","url":"https:\/\/hi-nd.com\/wp-content\/uploads\/2022\/03\/space-led-entre-stockholm03.jpg","contentUrl":"https:\/\/hi-nd.com\/wp-content\/uploads\/2022\/03\/space-led-entre-stockholm03.jpg","width":786,"height":750,"caption":"LED-Wand Platz"},{"@type":"BreadcrumbList","@id":"https:\/\/hi-nd.com\/de\/produkt\/led-tunnel\/#breadcrumb","itemListElement":[{"@type":"ListItem","position":1,"name":"Home","item":"https:\/\/hi-nd.com\/de\/"},{"@type":"ListItem","position":2,"name":"Shop","item":"https:\/\/hi-nd.com\/de\/shop\/"},{"@type":"ListItem","position":3,"name":"Ma\u00dfgeschneiderte LED"}]},{"@type":"WebSite","@id":"https:\/\/hi-nd.com\/#website","url":"https:\/\/hi-nd.com\/","name":"HI-ND","description":"Mounting Solutions","potentialAction":[{"@type":"SearchAction","target":{"@type":"EntryPoint","urlTemplate":"https:\/\/hi-nd.com\/?s={search_term_string}"},"query-input":{"@type":"PropertyValueSpecification","valueRequired":true,"valueName":"search_term_string"}}],"inLanguage":"de"}]}},"_links":{"self":[{"href":"https:\/\/hi-nd.com\/de\/wp-json\/wp\/v2\/product\/6374","targetHints":{"allow":["GET"]}}],"collection":[{"href":"https:\/\/hi-nd.com\/de\/wp-json\/wp\/v2\/product"}],"about":[{"href":"https:\/\/hi-nd.com\/de\/wp-json\/wp\/v2\/types\/product"}],"wp:featuredmedia":[{"embeddable":true,"href":"https:\/\/hi-nd.com\/de\/wp-json\/wp\/v2\/media\/5950"}],"wp:attachment":[{"href":"https:\/\/hi-nd.com\/de\/wp-json\/wp\/v2\/media?parent=6374"}],"wp:term":[{"taxonomy":"product_brand","embeddable":true,"href":"https:\/\/hi-nd.com\/de\/wp-json\/wp\/v2\/product_brand?post=6374"},{"taxonomy":"product_cat","embeddable":true,"href":"https:\/\/hi-nd.com\/de\/wp-json\/wp\/v2\/product_cat?post=6374"},{"taxonomy":"product_tag","embeddable":true,"href":"https:\/\/hi-nd.com\/de\/wp-json\/wp\/v2\/product_tag?post=6374"}],"curies":[{"name":"wp","href":"https:\/\/api.w.org\/{rel}","templated":true}]}}