{"id":5918,"date":"2022-08-18T14:07:06","date_gmt":"2022-08-18T12:07:06","guid":{"rendered":"https:\/\/hi-nd.com\/product\/wandhalterung-xl\/"},"modified":"2024-02-22T21:21:10","modified_gmt":"2024-02-22T20:21:10","slug":"wandhalterung-xl","status":"publish","type":"product","link":"https:\/\/hi-nd.com\/de\/produkt\/wandhalterung-xl\/","title":{"rendered":"Wandhalterung XL"},"content":{"rendered":"<p>&nbsp;<\/p>\n<table style=\"height: 77px;\" width=\"1029\">\n<tbody>\n<tr>\n<td width=\"125\">Teilnummer<\/td>\n<td width=\"829\">Beschreibung<\/td>\n<\/tr>\n<tr>\n<td>C-WM03-02<\/td>\n<td>Wandhalterung XL, VESA 200&#215;200, 300x300x 400&#215;400, 600&#215;400, 800&#215;400, 800&#215;600, 900&#215;600, 60-100&#8243;, 32 mm Dicke<\/td>\n<\/tr>\n<\/tbody>\n<\/table>\n","protected":false},"excerpt":{"rendered":"<p>Die HI-ND-Wandhalterung XL tr\u00e4gt Gewichte bis zu 100 kg. Er ist f\u00fcr 60\u2033-100\u2033 Monitore ausgelegt. Die solide Konstruktion aus schwerem Stahl sorgt f\u00fcr St\u00e4rke und Haltbarkeit. Seitliche Verschiebbarkeit f\u00fcr eine perfekte Platzierung. Der automatisch einrastende Schnappverschluss mit leicht zu l\u00f6sender Schnur erm\u00f6glicht eine einfache und sichere Befestigung des Monitors an der Wand. Kompatibel mit VESA-Loch bis zu 900\u00d7600.<\/p>\n<ul>\n<li>VESA-kompatibel mit 200&#215;200, 300x300x 400&#215;400, 600&#215;400, 800&#215;400, 800&#215;600, 900&#215;600.<\/li>\n<li>Dicke 32 mm<\/li>\n<li>Maximale Abmessungen: 32x923x610 mm<\/li>\n<li>Maximales Gewicht: 100 kg<\/li>\n<li>Bildschirmgr\u00f6\u00dfen: 60&#8243; &#8211; 100&#8243;<\/li>\n<\/ul>\n","protected":false},"featured_media":4806,"template":"","meta":[],"product_brand":[],"product_cat":[87,92],"product_tag":[],"class_list":{"0":"post-5918","1":"product","2":"type-product","3":"status-publish","4":"has-post-thumbnail","6":"product_cat-wand","7":"product_cat-wandhalterung","9":"first","10":"instock","11":"shipping-taxable","12":"product-type-simple"},"yoast_head":"<!-- This site is optimized with the Yoast SEO plugin v27.3 - https:\/\/yoast.com\/product\/yoast-seo-wordpress\/ -->\n<title>Wandhalterung XL - HI-ND<\/title>\n<meta name=\"description\" content=\"Die HI-ND Wandhalterung XL tr\u00e4gt mit ihrer Stahlkonstruktion ein Gewicht von maximal 100 kg. Er ist f\u00fcr Monitore von 60\u2033 bis 100\u2033 ausgelegt.\" \/>\n<meta name=\"robots\" content=\"index, follow, max-snippet:-1, max-image-preview:large, max-video-preview:-1\" \/>\n<link rel=\"canonical\" href=\"https:\/\/hi-nd.com\/de\/produkt\/wandhalterung-xl\/\" \/>\n<meta property=\"og:locale\" content=\"de_DE\" \/>\n<meta property=\"og:type\" content=\"article\" \/>\n<meta property=\"og:title\" content=\"Wandhalterung XL - HI-ND\" \/>\n<meta property=\"og:description\" content=\"Die HI-ND Wandhalterung XL tr\u00e4gt mit ihrer Stahlkonstruktion ein Gewicht von maximal 100 kg. Er ist f\u00fcr Monitore von 60\u2033 bis 100\u2033 ausgelegt.\" \/>\n<meta property=\"og:url\" content=\"https:\/\/hi-nd.com\/de\/produkt\/wandhalterung-xl\/\" \/>\n<meta property=\"og:site_name\" content=\"HI-ND\" \/>\n<meta property=\"article:modified_time\" content=\"2024-02-22T20:21:10+00:00\" \/>\n<meta property=\"og:image\" content=\"https:\/\/hi-nd.com\/wp-content\/uploads\/2022\/08\/C-WM03-02.jpg\" \/>\n\t<meta property=\"og:image:width\" content=\"750\" \/>\n\t<meta property=\"og:image:height\" content=\"750\" \/>\n\t<meta property=\"og:image:type\" content=\"image\/jpeg\" \/>\n<meta name=\"twitter:card\" content=\"summary_large_image\" \/>\n<script type=\"application\/ld+json\" class=\"yoast-schema-graph\">{\"@context\":\"https:\\\/\\\/schema.org\",\"@graph\":[{\"@type\":\"WebPage\",\"@id\":\"https:\\\/\\\/hi-nd.com\\\/de\\\/produkt\\\/wandhalterung-xl\\\/\",\"url\":\"https:\\\/\\\/hi-nd.com\\\/de\\\/produkt\\\/wandhalterung-xl\\\/\",\"name\":\"Wandhalterung XL - HI-ND\",\"isPartOf\":{\"@id\":\"https:\\\/\\\/hi-nd.com\\\/#website\"},\"primaryImageOfPage\":{\"@id\":\"https:\\\/\\\/hi-nd.com\\\/de\\\/produkt\\\/wandhalterung-xl\\\/#primaryimage\"},\"image\":{\"@id\":\"https:\\\/\\\/hi-nd.com\\\/de\\\/produkt\\\/wandhalterung-xl\\\/#primaryimage\"},\"thumbnailUrl\":\"https:\\\/\\\/hi-nd.com\\\/wp-content\\\/uploads\\\/2022\\\/08\\\/C-WM03-02.jpg\",\"datePublished\":\"2022-08-18T12:07:06+00:00\",\"dateModified\":\"2024-02-22T20:21:10+00:00\",\"description\":\"Die HI-ND Wandhalterung XL tr\u00e4gt mit ihrer Stahlkonstruktion ein Gewicht von maximal 100 kg. Er ist f\u00fcr Monitore von 60\u2033 bis 100\u2033 ausgelegt.\",\"breadcrumb\":{\"@id\":\"https:\\\/\\\/hi-nd.com\\\/de\\\/produkt\\\/wandhalterung-xl\\\/#breadcrumb\"},\"inLanguage\":\"de\",\"potentialAction\":[{\"@type\":\"ReadAction\",\"target\":[\"https:\\\/\\\/hi-nd.com\\\/de\\\/produkt\\\/wandhalterung-xl\\\/\"]}]},{\"@type\":\"ImageObject\",\"inLanguage\":\"de\",\"@id\":\"https:\\\/\\\/hi-nd.com\\\/de\\\/produkt\\\/wandhalterung-xl\\\/#primaryimage\",\"url\":\"https:\\\/\\\/hi-nd.com\\\/wp-content\\\/uploads\\\/2022\\\/08\\\/C-WM03-02.jpg\",\"contentUrl\":\"https:\\\/\\\/hi-nd.com\\\/wp-content\\\/uploads\\\/2022\\\/08\\\/C-WM03-02.jpg\",\"width\":750,\"height\":750,\"caption\":\"Wall Mount XL\"},{\"@type\":\"BreadcrumbList\",\"@id\":\"https:\\\/\\\/hi-nd.com\\\/de\\\/produkt\\\/wandhalterung-xl\\\/#breadcrumb\",\"itemListElement\":[{\"@type\":\"ListItem\",\"position\":1,\"name\":\"Home\",\"item\":\"https:\\\/\\\/hi-nd.com\\\/de\\\/\"},{\"@type\":\"ListItem\",\"position\":2,\"name\":\"Shop\",\"item\":\"https:\\\/\\\/hi-nd.com\\\/de\\\/shop\\\/\"},{\"@type\":\"ListItem\",\"position\":3,\"name\":\"Wandhalterung XL\"}]},{\"@type\":\"WebSite\",\"@id\":\"https:\\\/\\\/hi-nd.com\\\/#website\",\"url\":\"https:\\\/\\\/hi-nd.com\\\/\",\"name\":\"HI-ND\",\"description\":\"Mounting Solutions\",\"potentialAction\":[{\"@type\":\"SearchAction\",\"target\":{\"@type\":\"EntryPoint\",\"urlTemplate\":\"https:\\\/\\\/hi-nd.com\\\/?s={search_term_string}\"},\"query-input\":{\"@type\":\"PropertyValueSpecification\",\"valueRequired\":true,\"valueName\":\"search_term_string\"}}],\"inLanguage\":\"de\"}]}<\/script>\n<!-- \/ Yoast SEO plugin. -->","yoast_head_json":{"title":"Wandhalterung XL - HI-ND","description":"Die HI-ND Wandhalterung XL tr\u00e4gt mit ihrer Stahlkonstruktion ein Gewicht von maximal 100 kg. Er ist f\u00fcr Monitore von 60\u2033 bis 100\u2033 ausgelegt.","robots":{"index":"index","follow":"follow","max-snippet":"max-snippet:-1","max-image-preview":"max-image-preview:large","max-video-preview":"max-video-preview:-1"},"canonical":"https:\/\/hi-nd.com\/de\/produkt\/wandhalterung-xl\/","og_locale":"de_DE","og_type":"article","og_title":"Wandhalterung XL - HI-ND","og_description":"Die HI-ND Wandhalterung XL tr\u00e4gt mit ihrer Stahlkonstruktion ein Gewicht von maximal 100 kg. Er ist f\u00fcr Monitore von 60\u2033 bis 100\u2033 ausgelegt.","og_url":"https:\/\/hi-nd.com\/de\/produkt\/wandhalterung-xl\/","og_site_name":"HI-ND","article_modified_time":"2024-02-22T20:21:10+00:00","og_image":[{"width":750,"height":750,"url":"https:\/\/hi-nd.com\/wp-content\/uploads\/2022\/08\/C-WM03-02.jpg","type":"image\/jpeg"}],"twitter_card":"summary_large_image","schema":{"@context":"https:\/\/schema.org","@graph":[{"@type":"WebPage","@id":"https:\/\/hi-nd.com\/de\/produkt\/wandhalterung-xl\/","url":"https:\/\/hi-nd.com\/de\/produkt\/wandhalterung-xl\/","name":"Wandhalterung XL - HI-ND","isPartOf":{"@id":"https:\/\/hi-nd.com\/#website"},"primaryImageOfPage":{"@id":"https:\/\/hi-nd.com\/de\/produkt\/wandhalterung-xl\/#primaryimage"},"image":{"@id":"https:\/\/hi-nd.com\/de\/produkt\/wandhalterung-xl\/#primaryimage"},"thumbnailUrl":"https:\/\/hi-nd.com\/wp-content\/uploads\/2022\/08\/C-WM03-02.jpg","datePublished":"2022-08-18T12:07:06+00:00","dateModified":"2024-02-22T20:21:10+00:00","description":"Die HI-ND Wandhalterung XL tr\u00e4gt mit ihrer Stahlkonstruktion ein Gewicht von maximal 100 kg. Er ist f\u00fcr Monitore von 60\u2033 bis 100\u2033 ausgelegt.","breadcrumb":{"@id":"https:\/\/hi-nd.com\/de\/produkt\/wandhalterung-xl\/#breadcrumb"},"inLanguage":"de","potentialAction":[{"@type":"ReadAction","target":["https:\/\/hi-nd.com\/de\/produkt\/wandhalterung-xl\/"]}]},{"@type":"ImageObject","inLanguage":"de","@id":"https:\/\/hi-nd.com\/de\/produkt\/wandhalterung-xl\/#primaryimage","url":"https:\/\/hi-nd.com\/wp-content\/uploads\/2022\/08\/C-WM03-02.jpg","contentUrl":"https:\/\/hi-nd.com\/wp-content\/uploads\/2022\/08\/C-WM03-02.jpg","width":750,"height":750,"caption":"Wall Mount XL"},{"@type":"BreadcrumbList","@id":"https:\/\/hi-nd.com\/de\/produkt\/wandhalterung-xl\/#breadcrumb","itemListElement":[{"@type":"ListItem","position":1,"name":"Home","item":"https:\/\/hi-nd.com\/de\/"},{"@type":"ListItem","position":2,"name":"Shop","item":"https:\/\/hi-nd.com\/de\/shop\/"},{"@type":"ListItem","position":3,"name":"Wandhalterung XL"}]},{"@type":"WebSite","@id":"https:\/\/hi-nd.com\/#website","url":"https:\/\/hi-nd.com\/","name":"HI-ND","description":"Mounting Solutions","potentialAction":[{"@type":"SearchAction","target":{"@type":"EntryPoint","urlTemplate":"https:\/\/hi-nd.com\/?s={search_term_string}"},"query-input":{"@type":"PropertyValueSpecification","valueRequired":true,"valueName":"search_term_string"}}],"inLanguage":"de"}]}},"_links":{"self":[{"href":"https:\/\/hi-nd.com\/de\/wp-json\/wp\/v2\/product\/5918","targetHints":{"allow":["GET"]}}],"collection":[{"href":"https:\/\/hi-nd.com\/de\/wp-json\/wp\/v2\/product"}],"about":[{"href":"https:\/\/hi-nd.com\/de\/wp-json\/wp\/v2\/types\/product"}],"wp:featuredmedia":[{"embeddable":true,"href":"https:\/\/hi-nd.com\/de\/wp-json\/wp\/v2\/media\/4806"}],"wp:attachment":[{"href":"https:\/\/hi-nd.com\/de\/wp-json\/wp\/v2\/media?parent=5918"}],"wp:term":[{"taxonomy":"product_brand","embeddable":true,"href":"https:\/\/hi-nd.com\/de\/wp-json\/wp\/v2\/product_brand?post=5918"},{"taxonomy":"product_cat","embeddable":true,"href":"https:\/\/hi-nd.com\/de\/wp-json\/wp\/v2\/product_cat?post=5918"},{"taxonomy":"product_tag","embeddable":true,"href":"https:\/\/hi-nd.com\/de\/wp-json\/wp\/v2\/product_tag?post=5918"}],"curies":[{"name":"wp","href":"https:\/\/api.w.org\/{rel}","templated":true}]}}