{"id":5907,"date":"2023-05-31T14:44:27","date_gmt":"2023-05-31T12:44:27","guid":{"rendered":"https:\/\/hi-nd.com\/product\/doppelseitiges-totem-fuer-den-aussenbereich-75-fuer-samsung-oh75a\/"},"modified":"2026-01-26T14:57:27","modified_gmt":"2026-01-26T13:57:27","slug":"doppelseitiges-totem-fuer-den-aussenbereich-75-fuer-samsung-oh75a","status":"publish","type":"product","link":"https:\/\/hi-nd.com\/de\/produkt\/doppelseitiges-totem-fuer-den-aussenbereich-75-fuer-samsung-oh75a\/","title":{"rendered":"Doppelseitiges Totem f\u00fcr au\u00dfen f\u00fcr Samsung OH75A"},"content":{"rendered":"<p>&nbsp;<\/p>\n<table border=\"0\" cellspacing=\"0\">\n<colgroup width=\"128\"><\/colgroup>\n<tbody>\n<tr>\n<td align=\"left\" height=\"26\"><b> Teil Nummer<\/b><\/td>\n<td align=\"left\"><b> Beschreibung<\/b><\/td>\n<td align=\"left\"><b> Farbe <\/b><\/td>\n<\/tr>\n<tr>\n<td align=\"left\" height=\"26\"> OD7517-7001-02<\/td>\n<td align=\"left\"> Doppelseitiges Totem f\u00fcr drau\u00dfen 75&#8243;, hochformatig<\/td>\n<td align=\"left\"> Schwarz<\/td>\n<\/tr>\n<\/tbody>\n<\/table>\n","protected":false},"excerpt":{"rendered":"<p>Das HI-ND Outdoor Dual Sided Totem 75&#8243; ist f\u00fcr den Samsung OH75A konzipiert. Doppelseitig bedeutet, dass sich auf jeder Seite des Totems ein Bildschirm befindet. Es ist perfekt f\u00fcr Marketing und Information im Freien.   HI-ND kann mit Betonbl\u00f6cken f\u00fcr eine genehmigte Erdung unterst\u00fctzt werden. Die Standardfarbe ist schwarz, andere Farben k\u00f6nnen auf Anfrage bestellt werden.<\/p>\n<p>Um das Totem sicher zu befestigen, muss eine solide Grundlage geschaffen werden. HI-ND-Project hat umfangreiche Erfahrung mit der Schaffung von Fundamenten. <a href=\"https:\/\/hi-nd-project.com\/groundwork\/\">  Lesen Sie mehr und buchen Sie sie hier.<\/a><\/p>\n<p>&nbsp;<\/p>\n","protected":false},"featured_media":6532,"template":"","meta":[],"product_brand":[],"product_cat":[66],"product_tag":[],"class_list":{"0":"post-5907","1":"product","2":"type-product","3":"status-publish","4":"has-post-thumbnail","6":"product_cat-aussenbereich-de","8":"first","9":"instock","10":"shipping-taxable","11":"product-type-simple"},"yoast_head":"<!-- This site is optimized with the Yoast SEO plugin v27.3 - https:\/\/yoast.com\/product\/yoast-seo-wordpress\/ -->\n<title>Doppelseitiges Totem f\u00fcr au\u00dfen f\u00fcr Samsung OH75A - HI-ND<\/title>\n<meta name=\"robots\" content=\"index, follow, max-snippet:-1, max-image-preview:large, max-video-preview:-1\" \/>\n<link rel=\"canonical\" href=\"https:\/\/hi-nd.com\/de\/produkt\/doppelseitiges-totem-fuer-den-aussenbereich-75-fuer-samsung-oh75a\/\" \/>\n<meta property=\"og:locale\" content=\"de_DE\" \/>\n<meta property=\"og:type\" content=\"article\" \/>\n<meta property=\"og:title\" content=\"Doppelseitiges Totem f\u00fcr au\u00dfen f\u00fcr Samsung OH75A - HI-ND\" \/>\n<meta property=\"og:description\" content=\"Das HI-ND Outdoor Dual Sided Totem 75&quot; ist f\u00fcr den Samsung OH75A konzipiert. Doppelseitig bedeutet, dass sich auf jeder Seite des Totems ein Bildschirm befindet. Es ist perfekt f\u00fcr Marketing und Information im Freien.  HI-ND kann mit Betonbl\u00f6cken f\u00fcr eine genehmigte Erdung unterst\u00fctzt werden. Die Standardfarbe ist schwarz, andere Farben k\u00f6nnen auf Anfrage bestellt werden. Um das Totem sicher zu befestigen, muss eine solide Grundlage geschaffen werden. HI-ND-Project hat umfangreiche Erfahrung mit der Schaffung von Fundamenten.  Lesen Sie mehr und buchen Sie sie hier. &nbsp;\" \/>\n<meta property=\"og:url\" content=\"https:\/\/hi-nd.com\/de\/produkt\/doppelseitiges-totem-fuer-den-aussenbereich-75-fuer-samsung-oh75a\/\" \/>\n<meta property=\"og:site_name\" content=\"HI-ND\" \/>\n<meta property=\"article:modified_time\" content=\"2026-01-26T13:57:27+00:00\" \/>\n<meta property=\"og:image\" content=\"https:\/\/hi-nd.com\/wp-content\/uploads\/2023\/05\/OD7500-8001-750x750-1.jpg\" \/>\n\t<meta property=\"og:image:width\" content=\"750\" \/>\n\t<meta property=\"og:image:height\" content=\"750\" \/>\n\t<meta property=\"og:image:type\" content=\"image\/jpeg\" \/>\n<meta name=\"twitter:card\" content=\"summary_large_image\" \/>\n<script type=\"application\/ld+json\" class=\"yoast-schema-graph\">{\"@context\":\"https:\\\/\\\/schema.org\",\"@graph\":[{\"@type\":\"WebPage\",\"@id\":\"https:\\\/\\\/hi-nd.com\\\/de\\\/produkt\\\/doppelseitiges-totem-fuer-den-aussenbereich-75-fuer-samsung-oh75a\\\/\",\"url\":\"https:\\\/\\\/hi-nd.com\\\/de\\\/produkt\\\/doppelseitiges-totem-fuer-den-aussenbereich-75-fuer-samsung-oh75a\\\/\",\"name\":\"Doppelseitiges Totem f\u00fcr au\u00dfen f\u00fcr Samsung OH75A - HI-ND\",\"isPartOf\":{\"@id\":\"https:\\\/\\\/hi-nd.com\\\/#website\"},\"primaryImageOfPage\":{\"@id\":\"https:\\\/\\\/hi-nd.com\\\/de\\\/produkt\\\/doppelseitiges-totem-fuer-den-aussenbereich-75-fuer-samsung-oh75a\\\/#primaryimage\"},\"image\":{\"@id\":\"https:\\\/\\\/hi-nd.com\\\/de\\\/produkt\\\/doppelseitiges-totem-fuer-den-aussenbereich-75-fuer-samsung-oh75a\\\/#primaryimage\"},\"thumbnailUrl\":\"https:\\\/\\\/hi-nd.com\\\/wp-content\\\/uploads\\\/2023\\\/05\\\/OD7500-8001-750x750-1.jpg\",\"datePublished\":\"2023-05-31T12:44:27+00:00\",\"dateModified\":\"2026-01-26T13:57:27+00:00\",\"breadcrumb\":{\"@id\":\"https:\\\/\\\/hi-nd.com\\\/de\\\/produkt\\\/doppelseitiges-totem-fuer-den-aussenbereich-75-fuer-samsung-oh75a\\\/#breadcrumb\"},\"inLanguage\":\"de\",\"potentialAction\":[{\"@type\":\"ReadAction\",\"target\":[\"https:\\\/\\\/hi-nd.com\\\/de\\\/produkt\\\/doppelseitiges-totem-fuer-den-aussenbereich-75-fuer-samsung-oh75a\\\/\"]}]},{\"@type\":\"ImageObject\",\"inLanguage\":\"de\",\"@id\":\"https:\\\/\\\/hi-nd.com\\\/de\\\/produkt\\\/doppelseitiges-totem-fuer-den-aussenbereich-75-fuer-samsung-oh75a\\\/#primaryimage\",\"url\":\"https:\\\/\\\/hi-nd.com\\\/wp-content\\\/uploads\\\/2023\\\/05\\\/OD7500-8001-750x750-1.jpg\",\"contentUrl\":\"https:\\\/\\\/hi-nd.com\\\/wp-content\\\/uploads\\\/2023\\\/05\\\/OD7500-8001-750x750-1.jpg\",\"width\":750,\"height\":750,\"caption\":\"Doppelseitiges Outdoor-Totem\"},{\"@type\":\"BreadcrumbList\",\"@id\":\"https:\\\/\\\/hi-nd.com\\\/de\\\/produkt\\\/doppelseitiges-totem-fuer-den-aussenbereich-75-fuer-samsung-oh75a\\\/#breadcrumb\",\"itemListElement\":[{\"@type\":\"ListItem\",\"position\":1,\"name\":\"Home\",\"item\":\"https:\\\/\\\/hi-nd.com\\\/de\\\/\"},{\"@type\":\"ListItem\",\"position\":2,\"name\":\"Shop\",\"item\":\"https:\\\/\\\/hi-nd.com\\\/de\\\/shop\\\/\"},{\"@type\":\"ListItem\",\"position\":3,\"name\":\"Doppelseitiges Totem f\u00fcr au\u00dfen f\u00fcr Samsung OH75A\"}]},{\"@type\":\"WebSite\",\"@id\":\"https:\\\/\\\/hi-nd.com\\\/#website\",\"url\":\"https:\\\/\\\/hi-nd.com\\\/\",\"name\":\"HI-ND\",\"description\":\"Mounting Solutions\",\"potentialAction\":[{\"@type\":\"SearchAction\",\"target\":{\"@type\":\"EntryPoint\",\"urlTemplate\":\"https:\\\/\\\/hi-nd.com\\\/?s={search_term_string}\"},\"query-input\":{\"@type\":\"PropertyValueSpecification\",\"valueRequired\":true,\"valueName\":\"search_term_string\"}}],\"inLanguage\":\"de\"}]}<\/script>\n<!-- \/ Yoast SEO plugin. -->","yoast_head_json":{"title":"Doppelseitiges Totem f\u00fcr au\u00dfen f\u00fcr Samsung OH75A - HI-ND","robots":{"index":"index","follow":"follow","max-snippet":"max-snippet:-1","max-image-preview":"max-image-preview:large","max-video-preview":"max-video-preview:-1"},"canonical":"https:\/\/hi-nd.com\/de\/produkt\/doppelseitiges-totem-fuer-den-aussenbereich-75-fuer-samsung-oh75a\/","og_locale":"de_DE","og_type":"article","og_title":"Doppelseitiges Totem f\u00fcr au\u00dfen f\u00fcr Samsung OH75A - HI-ND","og_description":"Das HI-ND Outdoor Dual Sided Totem 75\" ist f\u00fcr den Samsung OH75A konzipiert. Doppelseitig bedeutet, dass sich auf jeder Seite des Totems ein Bildschirm befindet. Es ist perfekt f\u00fcr Marketing und Information im Freien.  HI-ND kann mit Betonbl\u00f6cken f\u00fcr eine genehmigte Erdung unterst\u00fctzt werden. Die Standardfarbe ist schwarz, andere Farben k\u00f6nnen auf Anfrage bestellt werden. Um das Totem sicher zu befestigen, muss eine solide Grundlage geschaffen werden. HI-ND-Project hat umfangreiche Erfahrung mit der Schaffung von Fundamenten.  Lesen Sie mehr und buchen Sie sie hier. &nbsp;","og_url":"https:\/\/hi-nd.com\/de\/produkt\/doppelseitiges-totem-fuer-den-aussenbereich-75-fuer-samsung-oh75a\/","og_site_name":"HI-ND","article_modified_time":"2026-01-26T13:57:27+00:00","og_image":[{"width":750,"height":750,"url":"https:\/\/hi-nd.com\/wp-content\/uploads\/2023\/05\/OD7500-8001-750x750-1.jpg","type":"image\/jpeg"}],"twitter_card":"summary_large_image","schema":{"@context":"https:\/\/schema.org","@graph":[{"@type":"WebPage","@id":"https:\/\/hi-nd.com\/de\/produkt\/doppelseitiges-totem-fuer-den-aussenbereich-75-fuer-samsung-oh75a\/","url":"https:\/\/hi-nd.com\/de\/produkt\/doppelseitiges-totem-fuer-den-aussenbereich-75-fuer-samsung-oh75a\/","name":"Doppelseitiges Totem f\u00fcr au\u00dfen f\u00fcr Samsung OH75A - HI-ND","isPartOf":{"@id":"https:\/\/hi-nd.com\/#website"},"primaryImageOfPage":{"@id":"https:\/\/hi-nd.com\/de\/produkt\/doppelseitiges-totem-fuer-den-aussenbereich-75-fuer-samsung-oh75a\/#primaryimage"},"image":{"@id":"https:\/\/hi-nd.com\/de\/produkt\/doppelseitiges-totem-fuer-den-aussenbereich-75-fuer-samsung-oh75a\/#primaryimage"},"thumbnailUrl":"https:\/\/hi-nd.com\/wp-content\/uploads\/2023\/05\/OD7500-8001-750x750-1.jpg","datePublished":"2023-05-31T12:44:27+00:00","dateModified":"2026-01-26T13:57:27+00:00","breadcrumb":{"@id":"https:\/\/hi-nd.com\/de\/produkt\/doppelseitiges-totem-fuer-den-aussenbereich-75-fuer-samsung-oh75a\/#breadcrumb"},"inLanguage":"de","potentialAction":[{"@type":"ReadAction","target":["https:\/\/hi-nd.com\/de\/produkt\/doppelseitiges-totem-fuer-den-aussenbereich-75-fuer-samsung-oh75a\/"]}]},{"@type":"ImageObject","inLanguage":"de","@id":"https:\/\/hi-nd.com\/de\/produkt\/doppelseitiges-totem-fuer-den-aussenbereich-75-fuer-samsung-oh75a\/#primaryimage","url":"https:\/\/hi-nd.com\/wp-content\/uploads\/2023\/05\/OD7500-8001-750x750-1.jpg","contentUrl":"https:\/\/hi-nd.com\/wp-content\/uploads\/2023\/05\/OD7500-8001-750x750-1.jpg","width":750,"height":750,"caption":"Doppelseitiges Outdoor-Totem"},{"@type":"BreadcrumbList","@id":"https:\/\/hi-nd.com\/de\/produkt\/doppelseitiges-totem-fuer-den-aussenbereich-75-fuer-samsung-oh75a\/#breadcrumb","itemListElement":[{"@type":"ListItem","position":1,"name":"Home","item":"https:\/\/hi-nd.com\/de\/"},{"@type":"ListItem","position":2,"name":"Shop","item":"https:\/\/hi-nd.com\/de\/shop\/"},{"@type":"ListItem","position":3,"name":"Doppelseitiges Totem f\u00fcr au\u00dfen f\u00fcr Samsung OH75A"}]},{"@type":"WebSite","@id":"https:\/\/hi-nd.com\/#website","url":"https:\/\/hi-nd.com\/","name":"HI-ND","description":"Mounting Solutions","potentialAction":[{"@type":"SearchAction","target":{"@type":"EntryPoint","urlTemplate":"https:\/\/hi-nd.com\/?s={search_term_string}"},"query-input":{"@type":"PropertyValueSpecification","valueRequired":true,"valueName":"search_term_string"}}],"inLanguage":"de"}]}},"_links":{"self":[{"href":"https:\/\/hi-nd.com\/de\/wp-json\/wp\/v2\/product\/5907","targetHints":{"allow":["GET"]}}],"collection":[{"href":"https:\/\/hi-nd.com\/de\/wp-json\/wp\/v2\/product"}],"about":[{"href":"https:\/\/hi-nd.com\/de\/wp-json\/wp\/v2\/types\/product"}],"wp:featuredmedia":[{"embeddable":true,"href":"https:\/\/hi-nd.com\/de\/wp-json\/wp\/v2\/media\/6532"}],"wp:attachment":[{"href":"https:\/\/hi-nd.com\/de\/wp-json\/wp\/v2\/media?parent=5907"}],"wp:term":[{"taxonomy":"product_brand","embeddable":true,"href":"https:\/\/hi-nd.com\/de\/wp-json\/wp\/v2\/product_brand?post=5907"},{"taxonomy":"product_cat","embeddable":true,"href":"https:\/\/hi-nd.com\/de\/wp-json\/wp\/v2\/product_cat?post=5907"},{"taxonomy":"product_tag","embeddable":true,"href":"https:\/\/hi-nd.com\/de\/wp-json\/wp\/v2\/product_tag?post=5907"}],"curies":[{"name":"wp","href":"https:\/\/api.w.org\/{rel}","templated":true}]}}