{"id":5896,"date":"2022-04-05T15:06:45","date_gmt":"2022-04-05T13:06:45","guid":{"rendered":"https:\/\/hi-nd.com\/product\/wandverkleidung-touch\/"},"modified":"2024-02-22T21:20:55","modified_gmt":"2024-02-22T20:20:55","slug":"wandverkleidung-touch","status":"publish","type":"product","link":"https:\/\/hi-nd.com\/de\/produkt\/wandverkleidung-touch\/","title":{"rendered":"Wandverkleidung TOUCH"},"content":{"rendered":"<table width=\"809\">\n<tbody>\n<tr>\n<td width=\"200\"><strong>Teilnummer<\/strong><\/td>\n<td width=\"519\"><strong>Beschreibung<\/strong><\/td>\n<td width=\"175\"><strong>Farbe<\/strong><\/td>\n<\/tr>\n<tr>\n<td>WC4312T-0101-10<\/td>\n<td>Wandgeh\u00e4use Touch im Querformat f\u00fcr Samsung QM43B-T<\/td>\n<td>Wei\u00df<\/td>\n<\/tr>\n<tr>\n<td>WC4312T-0101-02<\/td>\n<td>Wandgeh\u00e4use Touch im Querformat f\u00fcr Samsung QM43B-T<\/td>\n<td>Schwarz<\/td>\n<\/tr>\n<tr>\n<td>WC4312T-5001-10<\/td>\n<td>Wandgeh\u00e4use Touch im Hochformat f\u00fcr Samsung QM43B-T<\/td>\n<td>Wei\u00df<\/td>\n<\/tr>\n<tr>\n<td>WC4312T-5001-02<\/td>\n<td>Wandgeh\u00e4use Touch im Hochformat f\u00fcr Samsung QM43B-T<\/td>\n<td>Schwarz<\/td>\n<\/tr>\n<tr>\n<td>WC5512T-0101-10<\/td>\n<td>Wandgeh\u00e4use Touch im Querformat f\u00fcr Samsung QM55B-T<\/td>\n<td>Wei\u00df<\/td>\n<\/tr>\n<tr>\n<td>WC5512T-0101-02<\/td>\n<td>Wandgeh\u00e4use Touch im Querformat f\u00fcr Samsung QM55B-T<\/td>\n<td>Schwarz<\/td>\n<\/tr>\n<tr>\n<td>WC5512T-5001-10<\/td>\n<td>Wandgeh\u00e4use Touch im Hochformat f\u00fcr Samsung QM55B-T<\/td>\n<td>Wei\u00df<\/td>\n<\/tr>\n<tr>\n<td>WC5512T-5001-02<\/td>\n<td>Wandgeh\u00e4use Touch im Hochformat f\u00fcr Samsung QM55B-T<\/td>\n<td>Schwarz<\/td>\n<\/tr>\n<\/tbody>\n<\/table>\n","protected":false},"excerpt":{"rendered":"<p><strong>Wandgeh\u00e4use Touch f\u00fcr Samsung-Display<\/strong><\/p>\n<p>Unser Wandgeh\u00e4use TOUCH ist so konzipiert, dass es ein professionelles Beschilderungsgef\u00fchl vermittelt. Entwickelt f\u00fcr Samsung 43&#8243; und 55&#8243; Touch-Displays. Speziell angefertigte Display-Halterung f\u00fcr erh\u00f6hte Stabilit\u00e4t der Touch-Funktion. Im Inneren ist gen\u00fcgend Platz f\u00fcr den Netzstecker. Erh\u00e4ltlich in Wei\u00df und Schwarz, sowohl im Hoch- als auch im Querformat.<\/p>\n<ul>\n<li>Entwickelt f\u00fcr Samsung 43&#8243; und 55&#8243;<\/li>\n<li>Platz f\u00fcr Netzstecker<\/li>\n<li>Integrierte Display-Halterung<\/li>\n<\/ul>\n","protected":false},"featured_media":4644,"template":"","meta":[],"product_brand":[],"product_cat":[15],"product_tag":[],"class_list":{"0":"post-5896","1":"product","2":"type-product","3":"status-publish","4":"has-post-thumbnail","6":"product_cat-floor","8":"first","9":"instock","10":"shipping-taxable","11":"product-type-simple"},"yoast_head":"<!-- This site is optimized with the Yoast SEO plugin v27.3 - https:\/\/yoast.com\/product\/yoast-seo-wordpress\/ -->\n<title>Wandverkleidung TOUCH - HI-ND<\/title>\n<meta name=\"description\" content=\"HI-ND Wandgeh\u00e4use f\u00fcr Samsung Touch-Display. HI-NDs Wandgeh\u00e4use TOUCH ist so konzipiert, dass es ein professionelles Beschilderungsgef\u00fchl vermittelt.\" \/>\n<meta name=\"robots\" content=\"index, follow, max-snippet:-1, max-image-preview:large, max-video-preview:-1\" \/>\n<link rel=\"canonical\" href=\"https:\/\/hi-nd.com\/de\/produkt\/wandverkleidung-touch\/\" \/>\n<meta property=\"og:locale\" content=\"de_DE\" \/>\n<meta property=\"og:type\" content=\"article\" \/>\n<meta property=\"og:title\" content=\"Wandverkleidung TOUCH - HI-ND\" \/>\n<meta property=\"og:description\" content=\"HI-ND Wandgeh\u00e4use f\u00fcr Samsung Touch-Display. HI-NDs Wandgeh\u00e4use TOUCH ist so konzipiert, dass es ein professionelles Beschilderungsgef\u00fchl vermittelt.\" \/>\n<meta property=\"og:url\" content=\"https:\/\/hi-nd.com\/de\/produkt\/wandverkleidung-touch\/\" \/>\n<meta property=\"og:site_name\" content=\"HI-ND\" \/>\n<meta property=\"article:modified_time\" content=\"2024-02-22T20:20:55+00:00\" \/>\n<meta property=\"og:image\" content=\"https:\/\/hi-nd.com\/wp-content\/uploads\/2022\/04\/WC5512T-0101-01.jpg\" \/>\n\t<meta property=\"og:image:width\" content=\"750\" \/>\n\t<meta property=\"og:image:height\" content=\"750\" \/>\n\t<meta property=\"og:image:type\" content=\"image\/jpeg\" \/>\n<meta name=\"twitter:card\" content=\"summary_large_image\" \/>\n<meta name=\"twitter:label1\" content=\"Gesch\u00e4tzte Lesezeit\" \/>\n\t<meta name=\"twitter:data1\" content=\"1\u00a0Minute\" \/>\n<script type=\"application\/ld+json\" class=\"yoast-schema-graph\">{\"@context\":\"https:\\\/\\\/schema.org\",\"@graph\":[{\"@type\":\"WebPage\",\"@id\":\"https:\\\/\\\/hi-nd.com\\\/de\\\/produkt\\\/wandverkleidung-touch\\\/\",\"url\":\"https:\\\/\\\/hi-nd.com\\\/de\\\/produkt\\\/wandverkleidung-touch\\\/\",\"name\":\"Wandverkleidung TOUCH - HI-ND\",\"isPartOf\":{\"@id\":\"https:\\\/\\\/hi-nd.com\\\/#website\"},\"primaryImageOfPage\":{\"@id\":\"https:\\\/\\\/hi-nd.com\\\/de\\\/produkt\\\/wandverkleidung-touch\\\/#primaryimage\"},\"image\":{\"@id\":\"https:\\\/\\\/hi-nd.com\\\/de\\\/produkt\\\/wandverkleidung-touch\\\/#primaryimage\"},\"thumbnailUrl\":\"https:\\\/\\\/hi-nd.com\\\/wp-content\\\/uploads\\\/2022\\\/04\\\/WC5512T-0101-01.jpg\",\"datePublished\":\"2022-04-05T13:06:45+00:00\",\"dateModified\":\"2024-02-22T20:20:55+00:00\",\"description\":\"HI-ND Wandgeh\u00e4use f\u00fcr Samsung Touch-Display. HI-NDs Wandgeh\u00e4use TOUCH ist so konzipiert, dass es ein professionelles Beschilderungsgef\u00fchl vermittelt.\",\"breadcrumb\":{\"@id\":\"https:\\\/\\\/hi-nd.com\\\/de\\\/produkt\\\/wandverkleidung-touch\\\/#breadcrumb\"},\"inLanguage\":\"de\",\"potentialAction\":[{\"@type\":\"ReadAction\",\"target\":[\"https:\\\/\\\/hi-nd.com\\\/de\\\/produkt\\\/wandverkleidung-touch\\\/\"]}]},{\"@type\":\"ImageObject\",\"inLanguage\":\"de\",\"@id\":\"https:\\\/\\\/hi-nd.com\\\/de\\\/produkt\\\/wandverkleidung-touch\\\/#primaryimage\",\"url\":\"https:\\\/\\\/hi-nd.com\\\/wp-content\\\/uploads\\\/2022\\\/04\\\/WC5512T-0101-01.jpg\",\"contentUrl\":\"https:\\\/\\\/hi-nd.com\\\/wp-content\\\/uploads\\\/2022\\\/04\\\/WC5512T-0101-01.jpg\",\"width\":750,\"height\":750},{\"@type\":\"BreadcrumbList\",\"@id\":\"https:\\\/\\\/hi-nd.com\\\/de\\\/produkt\\\/wandverkleidung-touch\\\/#breadcrumb\",\"itemListElement\":[{\"@type\":\"ListItem\",\"position\":1,\"name\":\"Home\",\"item\":\"https:\\\/\\\/hi-nd.com\\\/de\\\/\"},{\"@type\":\"ListItem\",\"position\":2,\"name\":\"Shop\",\"item\":\"https:\\\/\\\/hi-nd.com\\\/de\\\/shop\\\/\"},{\"@type\":\"ListItem\",\"position\":3,\"name\":\"Wandverkleidung TOUCH\"}]},{\"@type\":\"WebSite\",\"@id\":\"https:\\\/\\\/hi-nd.com\\\/#website\",\"url\":\"https:\\\/\\\/hi-nd.com\\\/\",\"name\":\"HI-ND\",\"description\":\"Mounting Solutions\",\"potentialAction\":[{\"@type\":\"SearchAction\",\"target\":{\"@type\":\"EntryPoint\",\"urlTemplate\":\"https:\\\/\\\/hi-nd.com\\\/?s={search_term_string}\"},\"query-input\":{\"@type\":\"PropertyValueSpecification\",\"valueRequired\":true,\"valueName\":\"search_term_string\"}}],\"inLanguage\":\"de\"}]}<\/script>\n<!-- \/ Yoast SEO plugin. -->","yoast_head_json":{"title":"Wandverkleidung TOUCH - HI-ND","description":"HI-ND Wandgeh\u00e4use f\u00fcr Samsung Touch-Display. HI-NDs Wandgeh\u00e4use TOUCH ist so konzipiert, dass es ein professionelles Beschilderungsgef\u00fchl vermittelt.","robots":{"index":"index","follow":"follow","max-snippet":"max-snippet:-1","max-image-preview":"max-image-preview:large","max-video-preview":"max-video-preview:-1"},"canonical":"https:\/\/hi-nd.com\/de\/produkt\/wandverkleidung-touch\/","og_locale":"de_DE","og_type":"article","og_title":"Wandverkleidung TOUCH - HI-ND","og_description":"HI-ND Wandgeh\u00e4use f\u00fcr Samsung Touch-Display. HI-NDs Wandgeh\u00e4use TOUCH ist so konzipiert, dass es ein professionelles Beschilderungsgef\u00fchl vermittelt.","og_url":"https:\/\/hi-nd.com\/de\/produkt\/wandverkleidung-touch\/","og_site_name":"HI-ND","article_modified_time":"2024-02-22T20:20:55+00:00","og_image":[{"width":750,"height":750,"url":"https:\/\/hi-nd.com\/wp-content\/uploads\/2022\/04\/WC5512T-0101-01.jpg","type":"image\/jpeg"}],"twitter_card":"summary_large_image","twitter_misc":{"Gesch\u00e4tzte Lesezeit":"1\u00a0Minute"},"schema":{"@context":"https:\/\/schema.org","@graph":[{"@type":"WebPage","@id":"https:\/\/hi-nd.com\/de\/produkt\/wandverkleidung-touch\/","url":"https:\/\/hi-nd.com\/de\/produkt\/wandverkleidung-touch\/","name":"Wandverkleidung TOUCH - HI-ND","isPartOf":{"@id":"https:\/\/hi-nd.com\/#website"},"primaryImageOfPage":{"@id":"https:\/\/hi-nd.com\/de\/produkt\/wandverkleidung-touch\/#primaryimage"},"image":{"@id":"https:\/\/hi-nd.com\/de\/produkt\/wandverkleidung-touch\/#primaryimage"},"thumbnailUrl":"https:\/\/hi-nd.com\/wp-content\/uploads\/2022\/04\/WC5512T-0101-01.jpg","datePublished":"2022-04-05T13:06:45+00:00","dateModified":"2024-02-22T20:20:55+00:00","description":"HI-ND Wandgeh\u00e4use f\u00fcr Samsung Touch-Display. HI-NDs Wandgeh\u00e4use TOUCH ist so konzipiert, dass es ein professionelles Beschilderungsgef\u00fchl vermittelt.","breadcrumb":{"@id":"https:\/\/hi-nd.com\/de\/produkt\/wandverkleidung-touch\/#breadcrumb"},"inLanguage":"de","potentialAction":[{"@type":"ReadAction","target":["https:\/\/hi-nd.com\/de\/produkt\/wandverkleidung-touch\/"]}]},{"@type":"ImageObject","inLanguage":"de","@id":"https:\/\/hi-nd.com\/de\/produkt\/wandverkleidung-touch\/#primaryimage","url":"https:\/\/hi-nd.com\/wp-content\/uploads\/2022\/04\/WC5512T-0101-01.jpg","contentUrl":"https:\/\/hi-nd.com\/wp-content\/uploads\/2022\/04\/WC5512T-0101-01.jpg","width":750,"height":750},{"@type":"BreadcrumbList","@id":"https:\/\/hi-nd.com\/de\/produkt\/wandverkleidung-touch\/#breadcrumb","itemListElement":[{"@type":"ListItem","position":1,"name":"Home","item":"https:\/\/hi-nd.com\/de\/"},{"@type":"ListItem","position":2,"name":"Shop","item":"https:\/\/hi-nd.com\/de\/shop\/"},{"@type":"ListItem","position":3,"name":"Wandverkleidung TOUCH"}]},{"@type":"WebSite","@id":"https:\/\/hi-nd.com\/#website","url":"https:\/\/hi-nd.com\/","name":"HI-ND","description":"Mounting Solutions","potentialAction":[{"@type":"SearchAction","target":{"@type":"EntryPoint","urlTemplate":"https:\/\/hi-nd.com\/?s={search_term_string}"},"query-input":{"@type":"PropertyValueSpecification","valueRequired":true,"valueName":"search_term_string"}}],"inLanguage":"de"}]}},"_links":{"self":[{"href":"https:\/\/hi-nd.com\/de\/wp-json\/wp\/v2\/product\/5896","targetHints":{"allow":["GET"]}}],"collection":[{"href":"https:\/\/hi-nd.com\/de\/wp-json\/wp\/v2\/product"}],"about":[{"href":"https:\/\/hi-nd.com\/de\/wp-json\/wp\/v2\/types\/product"}],"wp:featuredmedia":[{"embeddable":true,"href":"https:\/\/hi-nd.com\/de\/wp-json\/wp\/v2\/media\/4644"}],"wp:attachment":[{"href":"https:\/\/hi-nd.com\/de\/wp-json\/wp\/v2\/media?parent=5896"}],"wp:term":[{"taxonomy":"product_brand","embeddable":true,"href":"https:\/\/hi-nd.com\/de\/wp-json\/wp\/v2\/product_brand?post=5896"},{"taxonomy":"product_cat","embeddable":true,"href":"https:\/\/hi-nd.com\/de\/wp-json\/wp\/v2\/product_cat?post=5896"},{"taxonomy":"product_tag","embeddable":true,"href":"https:\/\/hi-nd.com\/de\/wp-json\/wp\/v2\/product_tag?post=5896"}],"curies":[{"name":"wp","href":"https:\/\/api.w.org\/{rel}","templated":true}]}}