{"id":5894,"date":"2022-11-14T13:37:09","date_gmt":"2022-11-14T12:37:09","guid":{"rendered":"https:\/\/hi-nd.com\/product\/full-motion-wandhalterung\/"},"modified":"2024-02-22T21:21:13","modified_gmt":"2024-02-22T20:21:13","slug":"full-motion-wandhalterung","status":"publish","type":"product","link":"https:\/\/hi-nd.com\/de\/produkt\/full-motion-wandhalterung\/","title":{"rendered":"Full-Motion-Wandhalterung"},"content":{"rendered":"<table style=\"height: 81px;\" width=\"701\">\n<tbody>\n<tr>\n<td width=\"99\"><strong>Teilnummer<\/strong><\/td>\n<td width=\"560\"><strong>Beschreibung<\/strong><\/td>\n<\/tr>\n<tr>\n<td>C-FA02-02<\/td>\n<td>Ausziehbar bis zu 281 mm, 37\u2033 bis 90\u2033, Neigung: 0\u00b0~-10\u00b0, VESA: 200\u00d7200 &#8211; 600&#215;400<\/td>\n<\/tr>\n<\/tbody>\n<\/table>\n","protected":false},"excerpt":{"rendered":"<p>HI-ND Full-Motion-Wandhalterung f\u00fcr Monitore von 37\u2033 bis 90\u2033, die bis zu 50 kg tragen kann. Diese Halterung ragt bis zu 281 mm aus der Wand heraus und erm\u00f6glicht eine Drehung um 30 Grad nach links oder rechts. Durch die nachtr\u00e4gliche Niveauregulierung kann der Monitor bis zu 3 Grad im und gegen den Uhrzeigersinn &#8222;rollen&#8220;, um sicherzustellen, dass er perfekt nivelliert ist. Das integrierte Kabelmanagementsystem sorgt f\u00fcr Ordnung und Schutz der Kabel.<\/p>\n<ul>\n<li>VESA: 200\u00d7200, 300\u00d7300, 400\u00d7200, 400\u00d7400, 600&#215;400<\/li>\n<li>Schwenkbereich: +30\u00b0~-30\u00b0<\/li>\n<li>Neigung: 0\u00b0~-10\u00b0<\/li>\n<li>Maximales Gewicht: 50 kg<\/li>\n<li>Abmessungen: 281x650x434 mm<\/li>\n<\/ul>\n","protected":false},"featured_media":4848,"template":"","meta":[],"product_brand":[],"product_cat":[92],"product_tag":[],"class_list":{"0":"post-5894","1":"product","2":"type-product","3":"status-publish","4":"has-post-thumbnail","6":"product_cat-wandhalterung","8":"first","9":"instock","10":"shipping-taxable","11":"product-type-simple"},"yoast_head":"<!-- This site is optimized with the Yoast SEO plugin v27.3 - https:\/\/yoast.com\/product\/yoast-seo-wordpress\/ -->\n<title>Full-Motion-Wandhalterung - HI-ND<\/title>\n<meta name=\"description\" content=\"HI-ND Full-Motion Wall Mount ist eine Wandhalterung f\u00fcr Monitore von 37\u2033 bis 90\u2033. Er l\u00e4sst sich bis zu 281 mm ausfahren und erm\u00f6glicht eine Drehung um 30 Grad nach links oder rechts.\" \/>\n<meta name=\"robots\" content=\"index, follow, max-snippet:-1, max-image-preview:large, max-video-preview:-1\" \/>\n<link rel=\"canonical\" href=\"https:\/\/hi-nd.com\/de\/produkt\/full-motion-wandhalterung\/\" \/>\n<meta property=\"og:locale\" content=\"de_DE\" \/>\n<meta property=\"og:type\" content=\"article\" \/>\n<meta property=\"og:title\" content=\"Full-Motion-Wandhalterung - HI-ND\" \/>\n<meta property=\"og:description\" content=\"HI-ND Full-Motion Wall Mount ist eine Wandhalterung f\u00fcr Monitore von 37\u2033 bis 90\u2033. Er l\u00e4sst sich bis zu 281 mm ausfahren und erm\u00f6glicht eine Drehung um 30 Grad nach links oder rechts.\" \/>\n<meta property=\"og:url\" content=\"https:\/\/hi-nd.com\/de\/produkt\/full-motion-wandhalterung\/\" \/>\n<meta property=\"og:site_name\" content=\"HI-ND\" \/>\n<meta property=\"article:modified_time\" content=\"2024-02-22T20:21:13+00:00\" \/>\n<meta property=\"og:image\" content=\"https:\/\/hi-nd.com\/wp-content\/uploads\/2022\/11\/C-FA02-02-1-750x750-1.jpg\" \/>\n\t<meta property=\"og:image:width\" content=\"750\" \/>\n\t<meta property=\"og:image:height\" content=\"750\" \/>\n\t<meta property=\"og:image:type\" content=\"image\/jpeg\" \/>\n<meta name=\"twitter:card\" content=\"summary_large_image\" \/>\n<script type=\"application\/ld+json\" class=\"yoast-schema-graph\">{\"@context\":\"https:\\\/\\\/schema.org\",\"@graph\":[{\"@type\":\"WebPage\",\"@id\":\"https:\\\/\\\/hi-nd.com\\\/de\\\/produkt\\\/full-motion-wandhalterung\\\/\",\"url\":\"https:\\\/\\\/hi-nd.com\\\/de\\\/produkt\\\/full-motion-wandhalterung\\\/\",\"name\":\"Full-Motion-Wandhalterung - HI-ND\",\"isPartOf\":{\"@id\":\"https:\\\/\\\/hi-nd.com\\\/#website\"},\"primaryImageOfPage\":{\"@id\":\"https:\\\/\\\/hi-nd.com\\\/de\\\/produkt\\\/full-motion-wandhalterung\\\/#primaryimage\"},\"image\":{\"@id\":\"https:\\\/\\\/hi-nd.com\\\/de\\\/produkt\\\/full-motion-wandhalterung\\\/#primaryimage\"},\"thumbnailUrl\":\"https:\\\/\\\/hi-nd.com\\\/wp-content\\\/uploads\\\/2022\\\/11\\\/C-FA02-02-1-750x750-1.jpg\",\"datePublished\":\"2022-11-14T12:37:09+00:00\",\"dateModified\":\"2024-02-22T20:21:13+00:00\",\"description\":\"HI-ND Full-Motion Wall Mount ist eine Wandhalterung f\u00fcr Monitore von 37\u2033 bis 90\u2033. Er l\u00e4sst sich bis zu 281 mm ausfahren und erm\u00f6glicht eine Drehung um 30 Grad nach links oder rechts.\",\"breadcrumb\":{\"@id\":\"https:\\\/\\\/hi-nd.com\\\/de\\\/produkt\\\/full-motion-wandhalterung\\\/#breadcrumb\"},\"inLanguage\":\"de\",\"potentialAction\":[{\"@type\":\"ReadAction\",\"target\":[\"https:\\\/\\\/hi-nd.com\\\/de\\\/produkt\\\/full-motion-wandhalterung\\\/\"]}]},{\"@type\":\"ImageObject\",\"inLanguage\":\"de\",\"@id\":\"https:\\\/\\\/hi-nd.com\\\/de\\\/produkt\\\/full-motion-wandhalterung\\\/#primaryimage\",\"url\":\"https:\\\/\\\/hi-nd.com\\\/wp-content\\\/uploads\\\/2022\\\/11\\\/C-FA02-02-1-750x750-1.jpg\",\"contentUrl\":\"https:\\\/\\\/hi-nd.com\\\/wp-content\\\/uploads\\\/2022\\\/11\\\/C-FA02-02-1-750x750-1.jpg\",\"width\":750,\"height\":750,\"caption\":\"Full-Motion-Wandhalterung\"},{\"@type\":\"BreadcrumbList\",\"@id\":\"https:\\\/\\\/hi-nd.com\\\/de\\\/produkt\\\/full-motion-wandhalterung\\\/#breadcrumb\",\"itemListElement\":[{\"@type\":\"ListItem\",\"position\":1,\"name\":\"Home\",\"item\":\"https:\\\/\\\/hi-nd.com\\\/de\\\/\"},{\"@type\":\"ListItem\",\"position\":2,\"name\":\"Shop\",\"item\":\"https:\\\/\\\/hi-nd.com\\\/de\\\/shop\\\/\"},{\"@type\":\"ListItem\",\"position\":3,\"name\":\"Full-Motion-Wandhalterung\"}]},{\"@type\":\"WebSite\",\"@id\":\"https:\\\/\\\/hi-nd.com\\\/#website\",\"url\":\"https:\\\/\\\/hi-nd.com\\\/\",\"name\":\"HI-ND\",\"description\":\"Mounting Solutions\",\"potentialAction\":[{\"@type\":\"SearchAction\",\"target\":{\"@type\":\"EntryPoint\",\"urlTemplate\":\"https:\\\/\\\/hi-nd.com\\\/?s={search_term_string}\"},\"query-input\":{\"@type\":\"PropertyValueSpecification\",\"valueRequired\":true,\"valueName\":\"search_term_string\"}}],\"inLanguage\":\"de\"}]}<\/script>\n<!-- \/ Yoast SEO plugin. -->","yoast_head_json":{"title":"Full-Motion-Wandhalterung - HI-ND","description":"HI-ND Full-Motion Wall Mount ist eine Wandhalterung f\u00fcr Monitore von 37\u2033 bis 90\u2033. Er l\u00e4sst sich bis zu 281 mm ausfahren und erm\u00f6glicht eine Drehung um 30 Grad nach links oder rechts.","robots":{"index":"index","follow":"follow","max-snippet":"max-snippet:-1","max-image-preview":"max-image-preview:large","max-video-preview":"max-video-preview:-1"},"canonical":"https:\/\/hi-nd.com\/de\/produkt\/full-motion-wandhalterung\/","og_locale":"de_DE","og_type":"article","og_title":"Full-Motion-Wandhalterung - HI-ND","og_description":"HI-ND Full-Motion Wall Mount ist eine Wandhalterung f\u00fcr Monitore von 37\u2033 bis 90\u2033. Er l\u00e4sst sich bis zu 281 mm ausfahren und erm\u00f6glicht eine Drehung um 30 Grad nach links oder rechts.","og_url":"https:\/\/hi-nd.com\/de\/produkt\/full-motion-wandhalterung\/","og_site_name":"HI-ND","article_modified_time":"2024-02-22T20:21:13+00:00","og_image":[{"width":750,"height":750,"url":"https:\/\/hi-nd.com\/wp-content\/uploads\/2022\/11\/C-FA02-02-1-750x750-1.jpg","type":"image\/jpeg"}],"twitter_card":"summary_large_image","schema":{"@context":"https:\/\/schema.org","@graph":[{"@type":"WebPage","@id":"https:\/\/hi-nd.com\/de\/produkt\/full-motion-wandhalterung\/","url":"https:\/\/hi-nd.com\/de\/produkt\/full-motion-wandhalterung\/","name":"Full-Motion-Wandhalterung - HI-ND","isPartOf":{"@id":"https:\/\/hi-nd.com\/#website"},"primaryImageOfPage":{"@id":"https:\/\/hi-nd.com\/de\/produkt\/full-motion-wandhalterung\/#primaryimage"},"image":{"@id":"https:\/\/hi-nd.com\/de\/produkt\/full-motion-wandhalterung\/#primaryimage"},"thumbnailUrl":"https:\/\/hi-nd.com\/wp-content\/uploads\/2022\/11\/C-FA02-02-1-750x750-1.jpg","datePublished":"2022-11-14T12:37:09+00:00","dateModified":"2024-02-22T20:21:13+00:00","description":"HI-ND Full-Motion Wall Mount ist eine Wandhalterung f\u00fcr Monitore von 37\u2033 bis 90\u2033. Er l\u00e4sst sich bis zu 281 mm ausfahren und erm\u00f6glicht eine Drehung um 30 Grad nach links oder rechts.","breadcrumb":{"@id":"https:\/\/hi-nd.com\/de\/produkt\/full-motion-wandhalterung\/#breadcrumb"},"inLanguage":"de","potentialAction":[{"@type":"ReadAction","target":["https:\/\/hi-nd.com\/de\/produkt\/full-motion-wandhalterung\/"]}]},{"@type":"ImageObject","inLanguage":"de","@id":"https:\/\/hi-nd.com\/de\/produkt\/full-motion-wandhalterung\/#primaryimage","url":"https:\/\/hi-nd.com\/wp-content\/uploads\/2022\/11\/C-FA02-02-1-750x750-1.jpg","contentUrl":"https:\/\/hi-nd.com\/wp-content\/uploads\/2022\/11\/C-FA02-02-1-750x750-1.jpg","width":750,"height":750,"caption":"Full-Motion-Wandhalterung"},{"@type":"BreadcrumbList","@id":"https:\/\/hi-nd.com\/de\/produkt\/full-motion-wandhalterung\/#breadcrumb","itemListElement":[{"@type":"ListItem","position":1,"name":"Home","item":"https:\/\/hi-nd.com\/de\/"},{"@type":"ListItem","position":2,"name":"Shop","item":"https:\/\/hi-nd.com\/de\/shop\/"},{"@type":"ListItem","position":3,"name":"Full-Motion-Wandhalterung"}]},{"@type":"WebSite","@id":"https:\/\/hi-nd.com\/#website","url":"https:\/\/hi-nd.com\/","name":"HI-ND","description":"Mounting Solutions","potentialAction":[{"@type":"SearchAction","target":{"@type":"EntryPoint","urlTemplate":"https:\/\/hi-nd.com\/?s={search_term_string}"},"query-input":{"@type":"PropertyValueSpecification","valueRequired":true,"valueName":"search_term_string"}}],"inLanguage":"de"}]}},"_links":{"self":[{"href":"https:\/\/hi-nd.com\/de\/wp-json\/wp\/v2\/product\/5894","targetHints":{"allow":["GET"]}}],"collection":[{"href":"https:\/\/hi-nd.com\/de\/wp-json\/wp\/v2\/product"}],"about":[{"href":"https:\/\/hi-nd.com\/de\/wp-json\/wp\/v2\/types\/product"}],"wp:featuredmedia":[{"embeddable":true,"href":"https:\/\/hi-nd.com\/de\/wp-json\/wp\/v2\/media\/4848"}],"wp:attachment":[{"href":"https:\/\/hi-nd.com\/de\/wp-json\/wp\/v2\/media?parent=5894"}],"wp:term":[{"taxonomy":"product_brand","embeddable":true,"href":"https:\/\/hi-nd.com\/de\/wp-json\/wp\/v2\/product_brand?post=5894"},{"taxonomy":"product_cat","embeddable":true,"href":"https:\/\/hi-nd.com\/de\/wp-json\/wp\/v2\/product_cat?post=5894"},{"taxonomy":"product_tag","embeddable":true,"href":"https:\/\/hi-nd.com\/de\/wp-json\/wp\/v2\/product_tag?post=5894"}],"curies":[{"name":"wp","href":"https:\/\/api.w.org\/{rel}","templated":true}]}}