{"id":5886,"date":"2023-03-01T10:46:49","date_gmt":"2023-03-01T09:46:49","guid":{"rendered":"https:\/\/hi-nd.com\/product\/raeder-fuer-standard-totem\/"},"modified":"2024-02-22T21:21:22","modified_gmt":"2024-02-22T20:21:22","slug":"raeder-fuer-standard-totem","status":"publish","type":"product","link":"https:\/\/hi-nd.com\/de\/produkt\/raeder-fuer-standard-totem\/","title":{"rendered":"R\u00e4der f\u00fcr Standard-Totem"},"content":{"rendered":"<table border=\"0\" cellspacing=\"0\">\n<colgroup width=\"184\"><\/colgroup>\n<colgroup width=\"709\"><\/colgroup>\n<colgroup width=\"128\"><\/colgroup>\n<tbody>\n<tr>\n<td align=\"left\" height=\"26\"><b>Teilnummer<\/b><\/td>\n<td align=\"left\"><b>Beschreibung<\/b><\/td>\n<td align=\"left\"><b>Farbe<\/b><\/td>\n<\/tr>\n<tr>\n<td align=\"left\" height=\"26\">FS0000-W15<\/td>\n<td align=\"left\">4 R\u00e4der f\u00fcr Standard Totem 43&#8243; und 50&#8243;<\/td>\n<td align=\"left\">Schwarz<\/td>\n<\/tr>\n<\/tbody>\n<\/table>\n","protected":false},"excerpt":{"rendered":"<p>Machen Sie Ihr Standard-Totem tragbar!<\/p>\n<p>Wir bieten jetzt R\u00e4der f\u00fcr Ihr Standard-Totem an, um es transportabel zu machen. Die R\u00e4der sind f\u00fcr unsere aktualisierten Versionen des Standard Totem 43&#8243; und 50&#8243; konzipiert.<\/p>\n","protected":false},"featured_media":5037,"template":"","meta":[],"product_brand":[],"product_cat":[78,107],"product_tag":[],"class_list":{"0":"post-5886","1":"product","2":"type-product","3":"status-publish","4":"has-post-thumbnail","6":"product_cat-floor-de","7":"product_cat-standfus","9":"first","10":"instock","11":"shipping-taxable","12":"product-type-simple"},"yoast_head":"<!-- This site is optimized with the Yoast SEO plugin v27.4 - https:\/\/yoast.com\/product\/yoast-seo-wordpress\/ -->\n<title>R\u00e4der f\u00fcr Standard-Totem - HI-ND<\/title>\n<meta name=\"robots\" content=\"index, follow, max-snippet:-1, max-image-preview:large, max-video-preview:-1\" \/>\n<link rel=\"canonical\" href=\"https:\/\/hi-nd.com\/de\/produkt\/raeder-fuer-standard-totem\/\" \/>\n<meta property=\"og:locale\" content=\"de_DE\" \/>\n<meta property=\"og:type\" content=\"article\" \/>\n<meta property=\"og:title\" content=\"R\u00e4der f\u00fcr Standard-Totem - HI-ND\" \/>\n<meta property=\"og:description\" content=\"Machen Sie Ihr Standard-Totem tragbar! Wir bieten jetzt R\u00e4der f\u00fcr Ihr Standard-Totem an, um es transportabel zu machen. Die R\u00e4der sind f\u00fcr unsere aktualisierten Versionen des Standard Totem 43&quot; und 50&quot; konzipiert.\" \/>\n<meta property=\"og:url\" content=\"https:\/\/hi-nd.com\/de\/produkt\/raeder-fuer-standard-totem\/\" \/>\n<meta property=\"og:site_name\" content=\"HI-ND\" \/>\n<meta property=\"article:modified_time\" content=\"2024-02-22T20:21:22+00:00\" \/>\n<meta property=\"og:image\" content=\"https:\/\/hi-nd.com\/wp-content\/uploads\/2023\/02\/FS0000-W15-750x750-1.jpg\" \/>\n\t<meta property=\"og:image:width\" content=\"750\" \/>\n\t<meta property=\"og:image:height\" content=\"750\" \/>\n\t<meta property=\"og:image:type\" content=\"image\/jpeg\" \/>\n<meta name=\"twitter:card\" content=\"summary_large_image\" \/>\n<script type=\"application\/ld+json\" class=\"yoast-schema-graph\">{\"@context\":\"https:\\\/\\\/schema.org\",\"@graph\":[{\"@type\":\"WebPage\",\"@id\":\"https:\\\/\\\/hi-nd.com\\\/de\\\/produkt\\\/raeder-fuer-standard-totem\\\/\",\"url\":\"https:\\\/\\\/hi-nd.com\\\/de\\\/produkt\\\/raeder-fuer-standard-totem\\\/\",\"name\":\"R\u00e4der f\u00fcr Standard-Totem - HI-ND\",\"isPartOf\":{\"@id\":\"https:\\\/\\\/hi-nd.com\\\/#website\"},\"primaryImageOfPage\":{\"@id\":\"https:\\\/\\\/hi-nd.com\\\/de\\\/produkt\\\/raeder-fuer-standard-totem\\\/#primaryimage\"},\"image\":{\"@id\":\"https:\\\/\\\/hi-nd.com\\\/de\\\/produkt\\\/raeder-fuer-standard-totem\\\/#primaryimage\"},\"thumbnailUrl\":\"https:\\\/\\\/hi-nd.com\\\/wp-content\\\/uploads\\\/2023\\\/02\\\/FS0000-W15-750x750-1.jpg\",\"datePublished\":\"2023-03-01T09:46:49+00:00\",\"dateModified\":\"2024-02-22T20:21:22+00:00\",\"breadcrumb\":{\"@id\":\"https:\\\/\\\/hi-nd.com\\\/de\\\/produkt\\\/raeder-fuer-standard-totem\\\/#breadcrumb\"},\"inLanguage\":\"de\",\"potentialAction\":[{\"@type\":\"ReadAction\",\"target\":[\"https:\\\/\\\/hi-nd.com\\\/de\\\/produkt\\\/raeder-fuer-standard-totem\\\/\"]}]},{\"@type\":\"ImageObject\",\"inLanguage\":\"de\",\"@id\":\"https:\\\/\\\/hi-nd.com\\\/de\\\/produkt\\\/raeder-fuer-standard-totem\\\/#primaryimage\",\"url\":\"https:\\\/\\\/hi-nd.com\\\/wp-content\\\/uploads\\\/2023\\\/02\\\/FS0000-W15-750x750-1.jpg\",\"contentUrl\":\"https:\\\/\\\/hi-nd.com\\\/wp-content\\\/uploads\\\/2023\\\/02\\\/FS0000-W15-750x750-1.jpg\",\"width\":750,\"height\":750,\"caption\":\"R\u00e4der Mini-Totem\"},{\"@type\":\"BreadcrumbList\",\"@id\":\"https:\\\/\\\/hi-nd.com\\\/de\\\/produkt\\\/raeder-fuer-standard-totem\\\/#breadcrumb\",\"itemListElement\":[{\"@type\":\"ListItem\",\"position\":1,\"name\":\"Home\",\"item\":\"https:\\\/\\\/hi-nd.com\\\/de\\\/\"},{\"@type\":\"ListItem\",\"position\":2,\"name\":\"Shop\",\"item\":\"https:\\\/\\\/hi-nd.com\\\/de\\\/shop\\\/\"},{\"@type\":\"ListItem\",\"position\":3,\"name\":\"R\u00e4der f\u00fcr Standard-Totem\"}]},{\"@type\":\"WebSite\",\"@id\":\"https:\\\/\\\/hi-nd.com\\\/#website\",\"url\":\"https:\\\/\\\/hi-nd.com\\\/\",\"name\":\"HI-ND\",\"description\":\"Mounting Solutions\",\"potentialAction\":[{\"@type\":\"SearchAction\",\"target\":{\"@type\":\"EntryPoint\",\"urlTemplate\":\"https:\\\/\\\/hi-nd.com\\\/?s={search_term_string}\"},\"query-input\":{\"@type\":\"PropertyValueSpecification\",\"valueRequired\":true,\"valueName\":\"search_term_string\"}}],\"inLanguage\":\"de\"}]}<\/script>\n<!-- \/ Yoast SEO plugin. -->","yoast_head_json":{"title":"R\u00e4der f\u00fcr Standard-Totem - HI-ND","robots":{"index":"index","follow":"follow","max-snippet":"max-snippet:-1","max-image-preview":"max-image-preview:large","max-video-preview":"max-video-preview:-1"},"canonical":"https:\/\/hi-nd.com\/de\/produkt\/raeder-fuer-standard-totem\/","og_locale":"de_DE","og_type":"article","og_title":"R\u00e4der f\u00fcr Standard-Totem - HI-ND","og_description":"Machen Sie Ihr Standard-Totem tragbar! Wir bieten jetzt R\u00e4der f\u00fcr Ihr Standard-Totem an, um es transportabel zu machen. Die R\u00e4der sind f\u00fcr unsere aktualisierten Versionen des Standard Totem 43\" und 50\" konzipiert.","og_url":"https:\/\/hi-nd.com\/de\/produkt\/raeder-fuer-standard-totem\/","og_site_name":"HI-ND","article_modified_time":"2024-02-22T20:21:22+00:00","og_image":[{"width":750,"height":750,"url":"https:\/\/hi-nd.com\/wp-content\/uploads\/2023\/02\/FS0000-W15-750x750-1.jpg","type":"image\/jpeg"}],"twitter_card":"summary_large_image","schema":{"@context":"https:\/\/schema.org","@graph":[{"@type":"WebPage","@id":"https:\/\/hi-nd.com\/de\/produkt\/raeder-fuer-standard-totem\/","url":"https:\/\/hi-nd.com\/de\/produkt\/raeder-fuer-standard-totem\/","name":"R\u00e4der f\u00fcr Standard-Totem - HI-ND","isPartOf":{"@id":"https:\/\/hi-nd.com\/#website"},"primaryImageOfPage":{"@id":"https:\/\/hi-nd.com\/de\/produkt\/raeder-fuer-standard-totem\/#primaryimage"},"image":{"@id":"https:\/\/hi-nd.com\/de\/produkt\/raeder-fuer-standard-totem\/#primaryimage"},"thumbnailUrl":"https:\/\/hi-nd.com\/wp-content\/uploads\/2023\/02\/FS0000-W15-750x750-1.jpg","datePublished":"2023-03-01T09:46:49+00:00","dateModified":"2024-02-22T20:21:22+00:00","breadcrumb":{"@id":"https:\/\/hi-nd.com\/de\/produkt\/raeder-fuer-standard-totem\/#breadcrumb"},"inLanguage":"de","potentialAction":[{"@type":"ReadAction","target":["https:\/\/hi-nd.com\/de\/produkt\/raeder-fuer-standard-totem\/"]}]},{"@type":"ImageObject","inLanguage":"de","@id":"https:\/\/hi-nd.com\/de\/produkt\/raeder-fuer-standard-totem\/#primaryimage","url":"https:\/\/hi-nd.com\/wp-content\/uploads\/2023\/02\/FS0000-W15-750x750-1.jpg","contentUrl":"https:\/\/hi-nd.com\/wp-content\/uploads\/2023\/02\/FS0000-W15-750x750-1.jpg","width":750,"height":750,"caption":"R\u00e4der Mini-Totem"},{"@type":"BreadcrumbList","@id":"https:\/\/hi-nd.com\/de\/produkt\/raeder-fuer-standard-totem\/#breadcrumb","itemListElement":[{"@type":"ListItem","position":1,"name":"Home","item":"https:\/\/hi-nd.com\/de\/"},{"@type":"ListItem","position":2,"name":"Shop","item":"https:\/\/hi-nd.com\/de\/shop\/"},{"@type":"ListItem","position":3,"name":"R\u00e4der f\u00fcr Standard-Totem"}]},{"@type":"WebSite","@id":"https:\/\/hi-nd.com\/#website","url":"https:\/\/hi-nd.com\/","name":"HI-ND","description":"Mounting Solutions","potentialAction":[{"@type":"SearchAction","target":{"@type":"EntryPoint","urlTemplate":"https:\/\/hi-nd.com\/?s={search_term_string}"},"query-input":{"@type":"PropertyValueSpecification","valueRequired":true,"valueName":"search_term_string"}}],"inLanguage":"de"}]}},"_links":{"self":[{"href":"https:\/\/hi-nd.com\/de\/wp-json\/wp\/v2\/product\/5886","targetHints":{"allow":["GET"]}}],"collection":[{"href":"https:\/\/hi-nd.com\/de\/wp-json\/wp\/v2\/product"}],"about":[{"href":"https:\/\/hi-nd.com\/de\/wp-json\/wp\/v2\/types\/product"}],"wp:featuredmedia":[{"embeddable":true,"href":"https:\/\/hi-nd.com\/de\/wp-json\/wp\/v2\/media\/5037"}],"wp:attachment":[{"href":"https:\/\/hi-nd.com\/de\/wp-json\/wp\/v2\/media?parent=5886"}],"wp:term":[{"taxonomy":"product_brand","embeddable":true,"href":"https:\/\/hi-nd.com\/de\/wp-json\/wp\/v2\/product_brand?post=5886"},{"taxonomy":"product_cat","embeddable":true,"href":"https:\/\/hi-nd.com\/de\/wp-json\/wp\/v2\/product_cat?post=5886"},{"taxonomy":"product_tag","embeddable":true,"href":"https:\/\/hi-nd.com\/de\/wp-json\/wp\/v2\/product_tag?post=5886"}],"curies":[{"name":"wp","href":"https:\/\/api.w.org\/{rel}","templated":true}]}}