{"id":5883,"date":"2023-01-23T15:47:27","date_gmt":"2023-01-23T14:47:27","guid":{"rendered":"https:\/\/hi-nd.com\/product\/deckenverkleidung-fenster-55-fuer-lg\/"},"modified":"2024-09-17T12:13:02","modified_gmt":"2024-09-17T10:13:02","slug":"deckenverkleidung-fenster-55-fuer-lg","status":"publish","type":"product","link":"https:\/\/hi-nd.com\/de\/produkt\/deckenverkleidung-fenster-55-fuer-lg\/","title":{"rendered":"Deckenverkleidungsfenster 49&#8243; und 55&#8243; f\u00fcr LG"},"content":{"rendered":"<p>&nbsp;<\/p>\n<table style=\"height: 150px;\" width=\"773\">\n<tbody>\n<tr>\n<td width=\"150\"><em>Teil Nummer<\/em><\/td>\n<td width=\"230 \"><em>Beschreibung<\/em><\/td>\n<td width=\"330 \"><em>Kompatible Bildschirme<\/em><\/td>\n<td width=\"73\"><em>Farbe<\/em><\/td>\n<\/tr>\n<tr>\n<td>CC4925-5001-01<\/td>\n<td>Deckenverkleidung 49, hoch<\/td>\n<td> LG 49XS2D, LG XS2E-B\/XS4J-B-serie<\/td>\n<td>Wei\u00df<\/td>\n<\/tr>\n<tr>\n<td>CC4925-5001-02<\/td>\n<td>Deckenverkleidung 49, hoch<\/td>\n<td> LG 49XS2D, LG XS2E-B\/XS4J-B-serie<\/td>\n<td>Schwarz<\/td>\n<\/tr>\n<tr>\n<td>CC5525-5001-01<\/td>\n<td>Deckenverkleidung 55, hoch<\/td>\n<td> LG XS2E-B\/XS4J-B-serie<\/td>\n<td>Wei\u00df<\/td>\n<\/tr>\n<tr>\n<td>CC5525-5001-02<\/td>\n<td>Deckenverkleidung 55, hoch<\/td>\n<td> LG XS2E-B\/XS4J-B-serie<\/td>\n<td>Schwarz<\/td>\n<\/tr>\n<\/tbody>\n<\/table>\n","protected":false},"excerpt":{"rendered":"<p>Beleuchten Sie Ihr Schaufenster HI-ND Ceiling Window f\u00fcr 49&#8243; und 55&#8243; sind f\u00fcr die hochaufl\u00f6senden Bildschirme der LG XS2E-B\/XS4J-B-Serie konzipiert. Das Produkt ist f\u00fcr die Verwendung mit unserem Standard-Teleskop oder Draht konzipiert. Es ist standardm\u00e4\u00dfig in den Farben Schwarz und Wei\u00df und nur im Hochformat erh\u00e4ltlich. Mit nur 100 mm Tiefe und gekammerten Kanten wirken die Produkte sehr schlank.  <\/p>\n<ul>\n<li>Nur 100 mm Breite<\/li>\n<li>Nur im Hochformat<\/li>\n<li>Schwarz und wei\u00df als Standardfarbe<\/li>\n<li>Alle Kabel sind versteckt<\/li>\n<li>Saubere R\u00fcckseite<\/li>\n<li>Gekammerte Kanten<\/li>\n<\/ul>\n","protected":false},"featured_media":9528,"template":"","meta":[],"product_brand":[],"product_cat":[81,82],"product_tag":[],"class_list":{"0":"post-5883","1":"product","2":"type-product","3":"status-publish","4":"has-post-thumbnail","6":"product_cat-decken","7":"product_cat-gehause","9":"first","10":"instock","11":"shipping-taxable","12":"product-type-simple"},"yoast_head":"<!-- This site is optimized with the Yoast SEO plugin v27.3 - https:\/\/yoast.com\/product\/yoast-seo-wordpress\/ -->\n<title>Deckenverkleidungsfenster 49&quot; und 55&quot; f\u00fcr LG - HI-ND<\/title>\n<meta name=\"description\" content=\"HI-ND Ceiling Casing Window 55&quot; f\u00fcr LG wurde f\u00fcr Bildschirme mit hoher Helligkeit entwickelt. Es ist die perfekte Verkleidung f\u00fcr Schaufenster.\" \/>\n<meta name=\"robots\" content=\"index, follow, max-snippet:-1, max-image-preview:large, max-video-preview:-1\" \/>\n<link rel=\"canonical\" href=\"https:\/\/hi-nd.com\/de\/produkt\/deckenverkleidung-fenster-55-fuer-lg\/\" \/>\n<meta property=\"og:locale\" content=\"de_DE\" \/>\n<meta property=\"og:type\" content=\"article\" \/>\n<meta property=\"og:title\" content=\"Deckenverkleidungsfenster 49&quot; und 55&quot; f\u00fcr LG - HI-ND\" \/>\n<meta property=\"og:description\" content=\"HI-ND Ceiling Casing Window 55&quot; f\u00fcr LG wurde f\u00fcr Bildschirme mit hoher Helligkeit entwickelt. Es ist die perfekte Verkleidung f\u00fcr Schaufenster.\" \/>\n<meta property=\"og:url\" content=\"https:\/\/hi-nd.com\/de\/produkt\/deckenverkleidung-fenster-55-fuer-lg\/\" \/>\n<meta property=\"og:site_name\" content=\"HI-ND\" \/>\n<meta property=\"article:modified_time\" content=\"2024-09-17T10:13:02+00:00\" \/>\n<meta property=\"og:image\" content=\"https:\/\/hi-nd.com\/wp-content\/uploads\/2023\/01\/CC5525-5301-K_01-750x750-1.jpg\" \/>\n\t<meta property=\"og:image:width\" content=\"750\" \/>\n\t<meta property=\"og:image:height\" content=\"750\" \/>\n\t<meta property=\"og:image:type\" content=\"image\/jpeg\" \/>\n<meta name=\"twitter:card\" content=\"summary_large_image\" \/>\n<script type=\"application\/ld+json\" class=\"yoast-schema-graph\">{\"@context\":\"https:\\\/\\\/schema.org\",\"@graph\":[{\"@type\":\"WebPage\",\"@id\":\"https:\\\/\\\/hi-nd.com\\\/de\\\/produkt\\\/deckenverkleidung-fenster-55-fuer-lg\\\/\",\"url\":\"https:\\\/\\\/hi-nd.com\\\/de\\\/produkt\\\/deckenverkleidung-fenster-55-fuer-lg\\\/\",\"name\":\"Deckenverkleidungsfenster 49\\\" und 55\\\" f\u00fcr LG - HI-ND\",\"isPartOf\":{\"@id\":\"https:\\\/\\\/hi-nd.com\\\/#website\"},\"primaryImageOfPage\":{\"@id\":\"https:\\\/\\\/hi-nd.com\\\/de\\\/produkt\\\/deckenverkleidung-fenster-55-fuer-lg\\\/#primaryimage\"},\"image\":{\"@id\":\"https:\\\/\\\/hi-nd.com\\\/de\\\/produkt\\\/deckenverkleidung-fenster-55-fuer-lg\\\/#primaryimage\"},\"thumbnailUrl\":\"https:\\\/\\\/hi-nd.com\\\/wp-content\\\/uploads\\\/2023\\\/01\\\/CC5525-5301-K_01-750x750-1.jpg\",\"datePublished\":\"2023-01-23T14:47:27+00:00\",\"dateModified\":\"2024-09-17T10:13:02+00:00\",\"description\":\"HI-ND Ceiling Casing Window 55\\\" f\u00fcr LG wurde f\u00fcr Bildschirme mit hoher Helligkeit entwickelt. Es ist die perfekte Verkleidung f\u00fcr Schaufenster.\",\"breadcrumb\":{\"@id\":\"https:\\\/\\\/hi-nd.com\\\/de\\\/produkt\\\/deckenverkleidung-fenster-55-fuer-lg\\\/#breadcrumb\"},\"inLanguage\":\"de\",\"potentialAction\":[{\"@type\":\"ReadAction\",\"target\":[\"https:\\\/\\\/hi-nd.com\\\/de\\\/produkt\\\/deckenverkleidung-fenster-55-fuer-lg\\\/\"]}]},{\"@type\":\"ImageObject\",\"inLanguage\":\"de\",\"@id\":\"https:\\\/\\\/hi-nd.com\\\/de\\\/produkt\\\/deckenverkleidung-fenster-55-fuer-lg\\\/#primaryimage\",\"url\":\"https:\\\/\\\/hi-nd.com\\\/wp-content\\\/uploads\\\/2023\\\/01\\\/CC5525-5301-K_01-750x750-1.jpg\",\"contentUrl\":\"https:\\\/\\\/hi-nd.com\\\/wp-content\\\/uploads\\\/2023\\\/01\\\/CC5525-5301-K_01-750x750-1.jpg\",\"width\":750,\"height\":750},{\"@type\":\"BreadcrumbList\",\"@id\":\"https:\\\/\\\/hi-nd.com\\\/de\\\/produkt\\\/deckenverkleidung-fenster-55-fuer-lg\\\/#breadcrumb\",\"itemListElement\":[{\"@type\":\"ListItem\",\"position\":1,\"name\":\"Home\",\"item\":\"https:\\\/\\\/hi-nd.com\\\/de\\\/\"},{\"@type\":\"ListItem\",\"position\":2,\"name\":\"Shop\",\"item\":\"https:\\\/\\\/hi-nd.com\\\/de\\\/shop\\\/\"},{\"@type\":\"ListItem\",\"position\":3,\"name\":\"Deckenverkleidungsfenster 49&#8243; und 55&#8243; f\u00fcr LG\"}]},{\"@type\":\"WebSite\",\"@id\":\"https:\\\/\\\/hi-nd.com\\\/#website\",\"url\":\"https:\\\/\\\/hi-nd.com\\\/\",\"name\":\"HI-ND\",\"description\":\"Mounting Solutions\",\"potentialAction\":[{\"@type\":\"SearchAction\",\"target\":{\"@type\":\"EntryPoint\",\"urlTemplate\":\"https:\\\/\\\/hi-nd.com\\\/?s={search_term_string}\"},\"query-input\":{\"@type\":\"PropertyValueSpecification\",\"valueRequired\":true,\"valueName\":\"search_term_string\"}}],\"inLanguage\":\"de\"}]}<\/script>\n<!-- \/ Yoast SEO plugin. -->","yoast_head_json":{"title":"Deckenverkleidungsfenster 49\" und 55\" f\u00fcr LG - HI-ND","description":"HI-ND Ceiling Casing Window 55\" f\u00fcr LG wurde f\u00fcr Bildschirme mit hoher Helligkeit entwickelt. Es ist die perfekte Verkleidung f\u00fcr Schaufenster.","robots":{"index":"index","follow":"follow","max-snippet":"max-snippet:-1","max-image-preview":"max-image-preview:large","max-video-preview":"max-video-preview:-1"},"canonical":"https:\/\/hi-nd.com\/de\/produkt\/deckenverkleidung-fenster-55-fuer-lg\/","og_locale":"de_DE","og_type":"article","og_title":"Deckenverkleidungsfenster 49\" und 55\" f\u00fcr LG - HI-ND","og_description":"HI-ND Ceiling Casing Window 55\" f\u00fcr LG wurde f\u00fcr Bildschirme mit hoher Helligkeit entwickelt. Es ist die perfekte Verkleidung f\u00fcr Schaufenster.","og_url":"https:\/\/hi-nd.com\/de\/produkt\/deckenverkleidung-fenster-55-fuer-lg\/","og_site_name":"HI-ND","article_modified_time":"2024-09-17T10:13:02+00:00","og_image":[{"width":750,"height":750,"url":"https:\/\/hi-nd.com\/wp-content\/uploads\/2023\/01\/CC5525-5301-K_01-750x750-1.jpg","type":"image\/jpeg"}],"twitter_card":"summary_large_image","schema":{"@context":"https:\/\/schema.org","@graph":[{"@type":"WebPage","@id":"https:\/\/hi-nd.com\/de\/produkt\/deckenverkleidung-fenster-55-fuer-lg\/","url":"https:\/\/hi-nd.com\/de\/produkt\/deckenverkleidung-fenster-55-fuer-lg\/","name":"Deckenverkleidungsfenster 49\" und 55\" f\u00fcr LG - HI-ND","isPartOf":{"@id":"https:\/\/hi-nd.com\/#website"},"primaryImageOfPage":{"@id":"https:\/\/hi-nd.com\/de\/produkt\/deckenverkleidung-fenster-55-fuer-lg\/#primaryimage"},"image":{"@id":"https:\/\/hi-nd.com\/de\/produkt\/deckenverkleidung-fenster-55-fuer-lg\/#primaryimage"},"thumbnailUrl":"https:\/\/hi-nd.com\/wp-content\/uploads\/2023\/01\/CC5525-5301-K_01-750x750-1.jpg","datePublished":"2023-01-23T14:47:27+00:00","dateModified":"2024-09-17T10:13:02+00:00","description":"HI-ND Ceiling Casing Window 55\" f\u00fcr LG wurde f\u00fcr Bildschirme mit hoher Helligkeit entwickelt. Es ist die perfekte Verkleidung f\u00fcr Schaufenster.","breadcrumb":{"@id":"https:\/\/hi-nd.com\/de\/produkt\/deckenverkleidung-fenster-55-fuer-lg\/#breadcrumb"},"inLanguage":"de","potentialAction":[{"@type":"ReadAction","target":["https:\/\/hi-nd.com\/de\/produkt\/deckenverkleidung-fenster-55-fuer-lg\/"]}]},{"@type":"ImageObject","inLanguage":"de","@id":"https:\/\/hi-nd.com\/de\/produkt\/deckenverkleidung-fenster-55-fuer-lg\/#primaryimage","url":"https:\/\/hi-nd.com\/wp-content\/uploads\/2023\/01\/CC5525-5301-K_01-750x750-1.jpg","contentUrl":"https:\/\/hi-nd.com\/wp-content\/uploads\/2023\/01\/CC5525-5301-K_01-750x750-1.jpg","width":750,"height":750},{"@type":"BreadcrumbList","@id":"https:\/\/hi-nd.com\/de\/produkt\/deckenverkleidung-fenster-55-fuer-lg\/#breadcrumb","itemListElement":[{"@type":"ListItem","position":1,"name":"Home","item":"https:\/\/hi-nd.com\/de\/"},{"@type":"ListItem","position":2,"name":"Shop","item":"https:\/\/hi-nd.com\/de\/shop\/"},{"@type":"ListItem","position":3,"name":"Deckenverkleidungsfenster 49&#8243; und 55&#8243; f\u00fcr LG"}]},{"@type":"WebSite","@id":"https:\/\/hi-nd.com\/#website","url":"https:\/\/hi-nd.com\/","name":"HI-ND","description":"Mounting Solutions","potentialAction":[{"@type":"SearchAction","target":{"@type":"EntryPoint","urlTemplate":"https:\/\/hi-nd.com\/?s={search_term_string}"},"query-input":{"@type":"PropertyValueSpecification","valueRequired":true,"valueName":"search_term_string"}}],"inLanguage":"de"}]}},"_links":{"self":[{"href":"https:\/\/hi-nd.com\/de\/wp-json\/wp\/v2\/product\/5883","targetHints":{"allow":["GET"]}}],"collection":[{"href":"https:\/\/hi-nd.com\/de\/wp-json\/wp\/v2\/product"}],"about":[{"href":"https:\/\/hi-nd.com\/de\/wp-json\/wp\/v2\/types\/product"}],"wp:featuredmedia":[{"embeddable":true,"href":"https:\/\/hi-nd.com\/de\/wp-json\/wp\/v2\/media\/9528"}],"wp:attachment":[{"href":"https:\/\/hi-nd.com\/de\/wp-json\/wp\/v2\/media?parent=5883"}],"wp:term":[{"taxonomy":"product_brand","embeddable":true,"href":"https:\/\/hi-nd.com\/de\/wp-json\/wp\/v2\/product_brand?post=5883"},{"taxonomy":"product_cat","embeddable":true,"href":"https:\/\/hi-nd.com\/de\/wp-json\/wp\/v2\/product_cat?post=5883"},{"taxonomy":"product_tag","embeddable":true,"href":"https:\/\/hi-nd.com\/de\/wp-json\/wp\/v2\/product_tag?post=5883"}],"curies":[{"name":"wp","href":"https:\/\/api.w.org\/{rel}","templated":true}]}}