{"id":5878,"date":"2022-07-08T09:39:22","date_gmt":"2022-07-08T07:39:22","guid":{"rendered":"https:\/\/hi-nd.com\/product\/deckenverkleidung-fenster-49\/"},"modified":"2024-02-22T21:21:02","modified_gmt":"2024-02-22T20:21:02","slug":"deckenverkleidung-fenster-49","status":"publish","type":"product","link":"https:\/\/hi-nd.com\/de\/produkt\/deckenverkleidung-fenster-49\/","title":{"rendered":"Deckenverkleidung Fenster 49&#8243;"},"content":{"rendered":"<p><strong>Klicken Sie auf die unten stehenden Links, um Bilder der einzelnen Modelle zu sehen  <\/strong><\/p>\n<table style=\"height: 333px;\" width=\"773\">\n<tbody>\n<tr>\n<td width=\"150\"><em>Teilnummer<\/em><\/td>\n<td width=\"230  \"><em>Beschreibung<\/em><\/td>\n<td width=\"330  \"><em>Kompatible Bildschirme<\/em><\/td>\n<td width=\"73\"><em>Farbe<\/em><\/td>\n<\/tr>\n<tr>\n<td><a href=\"https:\/\/hi-nd.com\/product\/ceiling-casing-window75\">CC7515-6101-01<\/a><\/td>\n<td><a href=\"https:\/\/hi-nd.com\/product\/ceiling-casing-window75\">Deckenverkleidung 75, hochkant<\/a><\/td>\n<td><a href=\"https:\/\/hi-nd.com\/product\/ceiling-casing-window75\">Samsung QM75B, QM75B-B<\/a><\/td>\n<td><a href=\"https:\/\/hi-nd.com\/product\/ceiling-casing-window75\">Wei\u00df<\/a><\/td>\n<\/tr>\n<tr>\n<td><a href=\"https:\/\/hi-nd.com\/product\/ceiling-casing-window75\">CC7515-6101-02<\/a><\/td>\n<td><a href=\"https:\/\/hi-nd.com\/product\/ceiling-casing-window75\">Deckenverkleidung 75, hochkant<\/a><\/td>\n<td><a href=\"https:\/\/hi-nd.com\/product\/ceiling-casing-window75\">Samsung QM75B, QM75B-B<\/a><\/td>\n<td><a href=\"https:\/\/hi-nd.com\/product\/ceiling-casing-window75\">Schwarz<\/a><\/td>\n<\/tr>\n<tr>\n<td><a href=\"https:\/\/hi-nd.com\/product\/ceiling-casing-window75\">CC7515-6001-01<\/a><\/td>\n<td><a href=\"https:\/\/hi-nd.com\/product\/ceiling-casing-window75\">Deckenverkleidung 75, hochkant<\/a><\/td>\n<td><a href=\"https:\/\/hi-nd.com\/product\/ceiling-casing-window75\">Samsung OM75A<\/a><\/td>\n<td><a href=\"https:\/\/hi-nd.com\/product\/ceiling-casing-window75\">Wei\u00df<\/a><\/td>\n<\/tr>\n<tr>\n<td><a href=\"https:\/\/hi-nd.com\/product\/ceiling-casing-window75\">CC7515-6001-02<\/a><\/td>\n<td><a href=\"https:\/\/hi-nd.com\/product\/ceiling-casing-window75\">Deckenverkleidung 75, hochkant<\/a><\/td>\n<td><a href=\"https:\/\/hi-nd.com\/product\/ceiling-casing-window75\">Samsung OM75A<\/a><\/td>\n<td><a href=\"https:\/\/hi-nd.com\/product\/ceiling-casing-window75\">Schwarz<\/a><\/td>\n<\/tr>\n<tr>\n<td><a href=\"https:\/\/hi-nd.com\/product\/ceiling-casing-window55\">CC5550-5001-01<\/a><\/td>\n<td><a href=\"https:\/\/hi-nd.com\/product\/ceiling-casing-window55\">Deckenverkleidung 55, hochkant<\/a><\/td>\n<td><a href=\"https:\/\/hi-nd.com\/product\/ceiling-casing-window55\">Samsung OM55N-S, LG55XS2E, LG55XS4J<\/a><\/td>\n<td><a href=\"https:\/\/hi-nd.com\/product\/ceiling-casing-window55\">Wei\u00df<\/a><\/td>\n<\/tr>\n<tr>\n<td><a href=\"https:\/\/hi-nd.com\/product\/ceiling-casing-window55\">CC5550-5001-02<\/a><\/td>\n<td><a href=\"https:\/\/hi-nd.com\/product\/ceiling-casing-window55\">Deckenverkleidung 55, hochkant<\/a><\/td>\n<td><a href=\"https:\/\/hi-nd.com\/product\/ceiling-casing-window55\">Samsung OM55N-S, LG55XS2E, LG55XS4J<\/a><\/td>\n<td><a href=\"https:\/\/hi-nd.com\/product\/ceiling-casing-window55\">Schwarz<\/a><\/td>\n<\/tr>\n<tr>\n<td><a href=\"https:\/\/hi-nd.com\/product\/ceiling-casing-window-55-landscape\">CC5550-0101-01<\/a><\/td>\n<td><a href=\"https:\/\/hi-nd.com\/product\/ceiling-casing-window-55-landscape\">Deckenverkleidung 55, quer<\/a><\/td>\n<td><a href=\"https:\/\/hi-nd.com\/product\/ceiling-casing-window-55-landscape\">Samsung OM55N-S, LG55XS2E, LG55XS4J<\/a><\/td>\n<td><a href=\"https:\/\/hi-nd.com\/product\/ceiling-casing-window-55-landscape\">Wei\u00df<\/a><\/td>\n<\/tr>\n<tr>\n<td><a href=\"https:\/\/hi-nd.com\/product\/ceiling-casing-window-55-landscape\">CC5550-0101-02<\/a><\/td>\n<td><a href=\"https:\/\/hi-nd.com\/product\/ceiling-casing-window-55-landscape\">Deckenverkleidung 55, quer<\/a><\/td>\n<td><a href=\"https:\/\/hi-nd.com\/product\/ceiling-casing-window-55-landscape\">Samsung OM55N-S, LG55XS2E, LG55XS4J<\/a><\/td>\n<td><a href=\"https:\/\/hi-nd.com\/product\/ceiling-casing-window-55-landscape\">Schwarz<\/a><\/td>\n<\/tr>\n<tr>\n<td><a href=\"https:\/\/hi-nd.com\/product\/ceiling-casing-window-49\">CC4925-5001-01<\/a><\/td>\n<td><a href=\"https:\/\/hi-nd.com\/product\/ceiling-casing-window-49\">Deckenverkleidung 49, hoch<\/a><\/td>\n<td><a href=\"https:\/\/hi-nd.com\/product\/ceiling-casing-window-49\">LG49XS4J-B, LG49XS2E-B<\/a><\/td>\n<td><a href=\"https:\/\/hi-nd.com\/product\/ceiling-casing-window-49\">Wei\u00df<\/a><\/td>\n<\/tr>\n<tr>\n<td><a href=\"https:\/\/hi-nd.com\/product\/ceiling-casing-window-49\">CC4925-5001-02<\/a><\/td>\n<td><a href=\"https:\/\/hi-nd.com\/product\/ceiling-casing-window-49\">Deckenverkleidung 49, hoch<\/a><\/td>\n<td><a href=\"https:\/\/hi-nd.com\/product\/ceiling-casing-window-49\">LG49XS4J-B, LG49XS2E-B<\/a><\/td>\n<td><a href=\"https:\/\/hi-nd.com\/product\/ceiling-casing-window-49\">Schwarz<\/a><\/td>\n<\/tr>\n<tr>\n<td><a href=\"https:\/\/hi-nd.com\/product\/ceiling-casing-window55\/\">CC4615-5101-01<\/a><\/td>\n<td><a href=\"https:\/\/hi-nd.com\/product\/ceiling-casing-window55\/\">Deckenverkleidung 46, hochkant<\/a><\/td>\n<td><a href=\"https:\/\/hi-nd.com\/product\/ceiling-casing-window55\/\">Samsung OM46B<\/a><\/td>\n<td><a href=\"https:\/\/hi-nd.com\/product\/ceiling-casing-window55\/\">Wei\u00df<\/a><\/td>\n<\/tr>\n<tr>\n<td><a href=\"https:\/\/hi-nd.com\/product\/ceiling-casing-window55\/\">CC4615-5101-02<\/a><\/td>\n<td><a href=\"https:\/\/hi-nd.com\/product\/ceiling-casing-window55\/\">Deckenverkleidung 46, hochkant<\/a><\/td>\n<td><a href=\"https:\/\/hi-nd.com\/product\/ceiling-casing-window55\/\">Samsung OM46B<\/a><\/td>\n<td><a href=\"https:\/\/hi-nd.com\/product\/ceiling-casing-window55\/\">Schwarz<\/a><\/td>\n<\/tr>\n<\/tbody>\n<\/table>\n","protected":false},"excerpt":{"rendered":"<p>Beleuchten Sie Ihr Schaufenster<\/p>\n<p>HI-ND Ceiling Window 49&#8243; ist f\u00fcr die hellen Bildschirme von LG konzipiert. Das Produkt ist f\u00fcr die Verwendung mit unserem Standard-Teleskop oder Draht konzipiert. Es ist standardm\u00e4\u00dfig in den Farben Schwarz und Wei\u00df und nur im Hochformat erh\u00e4ltlich. Mit nur 100 mm Tiefe und gekammerten Kanten wirken die Produkte sehr schlank.<\/p>\n<ul>\n<li>Nur 100 mm Breite<\/li>\n<li>Nur im Hochformat<\/li>\n<li>Schwarz und wei\u00df als Standardfarbe<\/li>\n<li>Alle Kabel sind versteckt<\/li>\n<li>Saubere R\u00fcckseite<\/li>\n<li>Gekammerte Kanten<\/li>\n<\/ul>\n","protected":false},"featured_media":3759,"template":"","meta":[],"product_brand":[],"product_cat":[82],"product_tag":[],"class_list":{"0":"post-5878","1":"product","2":"type-product","3":"status-publish","4":"has-post-thumbnail","6":"product_cat-gehause","8":"first","9":"instock","10":"shipping-taxable","11":"product-type-simple"},"yoast_head":"<!-- This site is optimized with the Yoast SEO plugin v27.3 - https:\/\/yoast.com\/product\/yoast-seo-wordpress\/ -->\n<title>Deckenverkleidung Fenster 49&quot; - HI-ND<\/title>\n<meta name=\"description\" content=\"HI-ND-Deckenverkleidungsfenster 49&quot; ist f\u00fcr LG-Monitore mit hoher Helligkeit konzipiert. Es ist standardm\u00e4\u00dfig in den Farben Schwarz und Wei\u00df erh\u00e4ltlich.\" \/>\n<meta name=\"robots\" content=\"index, follow, max-snippet:-1, max-image-preview:large, max-video-preview:-1\" \/>\n<link rel=\"canonical\" href=\"https:\/\/hi-nd.com\/de\/produkt\/deckenverkleidung-fenster-49\/\" \/>\n<meta property=\"og:locale\" content=\"de_DE\" \/>\n<meta property=\"og:type\" content=\"article\" \/>\n<meta property=\"og:title\" content=\"Deckenverkleidung Fenster 49&quot; - HI-ND\" \/>\n<meta property=\"og:description\" content=\"HI-ND-Deckenverkleidungsfenster 49&quot; ist f\u00fcr LG-Monitore mit hoher Helligkeit konzipiert. Es ist standardm\u00e4\u00dfig in den Farben Schwarz und Wei\u00df erh\u00e4ltlich.\" \/>\n<meta property=\"og:url\" content=\"https:\/\/hi-nd.com\/de\/produkt\/deckenverkleidung-fenster-49\/\" \/>\n<meta property=\"og:site_name\" content=\"HI-ND\" \/>\n<meta property=\"article:modified_time\" content=\"2024-02-22T20:21:02+00:00\" \/>\n<meta property=\"og:image\" content=\"https:\/\/hi-nd.com\/wp-content\/uploads\/2022\/01\/LG-high-brightness-white-web.png\" \/>\n\t<meta property=\"og:image:width\" content=\"750\" \/>\n\t<meta property=\"og:image:height\" content=\"750\" \/>\n\t<meta property=\"og:image:type\" content=\"image\/png\" \/>\n<meta name=\"twitter:card\" content=\"summary_large_image\" \/>\n<meta name=\"twitter:label1\" content=\"Gesch\u00e4tzte Lesezeit\" \/>\n\t<meta name=\"twitter:data1\" content=\"1\u00a0Minute\" \/>\n<script type=\"application\/ld+json\" class=\"yoast-schema-graph\">{\"@context\":\"https:\\\/\\\/schema.org\",\"@graph\":[{\"@type\":\"WebPage\",\"@id\":\"https:\\\/\\\/hi-nd.com\\\/de\\\/produkt\\\/deckenverkleidung-fenster-49\\\/\",\"url\":\"https:\\\/\\\/hi-nd.com\\\/de\\\/produkt\\\/deckenverkleidung-fenster-49\\\/\",\"name\":\"Deckenverkleidung Fenster 49\\\" - HI-ND\",\"isPartOf\":{\"@id\":\"https:\\\/\\\/hi-nd.com\\\/#website\"},\"primaryImageOfPage\":{\"@id\":\"https:\\\/\\\/hi-nd.com\\\/de\\\/produkt\\\/deckenverkleidung-fenster-49\\\/#primaryimage\"},\"image\":{\"@id\":\"https:\\\/\\\/hi-nd.com\\\/de\\\/produkt\\\/deckenverkleidung-fenster-49\\\/#primaryimage\"},\"thumbnailUrl\":\"https:\\\/\\\/hi-nd.com\\\/wp-content\\\/uploads\\\/2022\\\/01\\\/LG-high-brightness-white-web.png\",\"datePublished\":\"2022-07-08T07:39:22+00:00\",\"dateModified\":\"2024-02-22T20:21:02+00:00\",\"description\":\"HI-ND-Deckenverkleidungsfenster 49\\\" ist f\u00fcr LG-Monitore mit hoher Helligkeit konzipiert. Es ist standardm\u00e4\u00dfig in den Farben Schwarz und Wei\u00df erh\u00e4ltlich.\",\"breadcrumb\":{\"@id\":\"https:\\\/\\\/hi-nd.com\\\/de\\\/produkt\\\/deckenverkleidung-fenster-49\\\/#breadcrumb\"},\"inLanguage\":\"de\",\"potentialAction\":[{\"@type\":\"ReadAction\",\"target\":[\"https:\\\/\\\/hi-nd.com\\\/de\\\/produkt\\\/deckenverkleidung-fenster-49\\\/\"]}]},{\"@type\":\"ImageObject\",\"inLanguage\":\"de\",\"@id\":\"https:\\\/\\\/hi-nd.com\\\/de\\\/produkt\\\/deckenverkleidung-fenster-49\\\/#primaryimage\",\"url\":\"https:\\\/\\\/hi-nd.com\\\/wp-content\\\/uploads\\\/2022\\\/01\\\/LG-high-brightness-white-web.png\",\"contentUrl\":\"https:\\\/\\\/hi-nd.com\\\/wp-content\\\/uploads\\\/2022\\\/01\\\/LG-high-brightness-white-web.png\",\"width\":750,\"height\":750},{\"@type\":\"BreadcrumbList\",\"@id\":\"https:\\\/\\\/hi-nd.com\\\/de\\\/produkt\\\/deckenverkleidung-fenster-49\\\/#breadcrumb\",\"itemListElement\":[{\"@type\":\"ListItem\",\"position\":1,\"name\":\"Home\",\"item\":\"https:\\\/\\\/hi-nd.com\\\/de\\\/\"},{\"@type\":\"ListItem\",\"position\":2,\"name\":\"Shop\",\"item\":\"https:\\\/\\\/hi-nd.com\\\/de\\\/shop\\\/\"},{\"@type\":\"ListItem\",\"position\":3,\"name\":\"Deckenverkleidung Fenster 49&#8243;\"}]},{\"@type\":\"WebSite\",\"@id\":\"https:\\\/\\\/hi-nd.com\\\/#website\",\"url\":\"https:\\\/\\\/hi-nd.com\\\/\",\"name\":\"HI-ND\",\"description\":\"Mounting Solutions\",\"potentialAction\":[{\"@type\":\"SearchAction\",\"target\":{\"@type\":\"EntryPoint\",\"urlTemplate\":\"https:\\\/\\\/hi-nd.com\\\/?s={search_term_string}\"},\"query-input\":{\"@type\":\"PropertyValueSpecification\",\"valueRequired\":true,\"valueName\":\"search_term_string\"}}],\"inLanguage\":\"de\"}]}<\/script>\n<!-- \/ Yoast SEO plugin. -->","yoast_head_json":{"title":"Deckenverkleidung Fenster 49\" - HI-ND","description":"HI-ND-Deckenverkleidungsfenster 49\" ist f\u00fcr LG-Monitore mit hoher Helligkeit konzipiert. Es ist standardm\u00e4\u00dfig in den Farben Schwarz und Wei\u00df erh\u00e4ltlich.","robots":{"index":"index","follow":"follow","max-snippet":"max-snippet:-1","max-image-preview":"max-image-preview:large","max-video-preview":"max-video-preview:-1"},"canonical":"https:\/\/hi-nd.com\/de\/produkt\/deckenverkleidung-fenster-49\/","og_locale":"de_DE","og_type":"article","og_title":"Deckenverkleidung Fenster 49\" - HI-ND","og_description":"HI-ND-Deckenverkleidungsfenster 49\" ist f\u00fcr LG-Monitore mit hoher Helligkeit konzipiert. Es ist standardm\u00e4\u00dfig in den Farben Schwarz und Wei\u00df erh\u00e4ltlich.","og_url":"https:\/\/hi-nd.com\/de\/produkt\/deckenverkleidung-fenster-49\/","og_site_name":"HI-ND","article_modified_time":"2024-02-22T20:21:02+00:00","og_image":[{"width":750,"height":750,"url":"https:\/\/hi-nd.com\/wp-content\/uploads\/2022\/01\/LG-high-brightness-white-web.png","type":"image\/png"}],"twitter_card":"summary_large_image","twitter_misc":{"Gesch\u00e4tzte Lesezeit":"1\u00a0Minute"},"schema":{"@context":"https:\/\/schema.org","@graph":[{"@type":"WebPage","@id":"https:\/\/hi-nd.com\/de\/produkt\/deckenverkleidung-fenster-49\/","url":"https:\/\/hi-nd.com\/de\/produkt\/deckenverkleidung-fenster-49\/","name":"Deckenverkleidung Fenster 49\" - HI-ND","isPartOf":{"@id":"https:\/\/hi-nd.com\/#website"},"primaryImageOfPage":{"@id":"https:\/\/hi-nd.com\/de\/produkt\/deckenverkleidung-fenster-49\/#primaryimage"},"image":{"@id":"https:\/\/hi-nd.com\/de\/produkt\/deckenverkleidung-fenster-49\/#primaryimage"},"thumbnailUrl":"https:\/\/hi-nd.com\/wp-content\/uploads\/2022\/01\/LG-high-brightness-white-web.png","datePublished":"2022-07-08T07:39:22+00:00","dateModified":"2024-02-22T20:21:02+00:00","description":"HI-ND-Deckenverkleidungsfenster 49\" ist f\u00fcr LG-Monitore mit hoher Helligkeit konzipiert. Es ist standardm\u00e4\u00dfig in den Farben Schwarz und Wei\u00df erh\u00e4ltlich.","breadcrumb":{"@id":"https:\/\/hi-nd.com\/de\/produkt\/deckenverkleidung-fenster-49\/#breadcrumb"},"inLanguage":"de","potentialAction":[{"@type":"ReadAction","target":["https:\/\/hi-nd.com\/de\/produkt\/deckenverkleidung-fenster-49\/"]}]},{"@type":"ImageObject","inLanguage":"de","@id":"https:\/\/hi-nd.com\/de\/produkt\/deckenverkleidung-fenster-49\/#primaryimage","url":"https:\/\/hi-nd.com\/wp-content\/uploads\/2022\/01\/LG-high-brightness-white-web.png","contentUrl":"https:\/\/hi-nd.com\/wp-content\/uploads\/2022\/01\/LG-high-brightness-white-web.png","width":750,"height":750},{"@type":"BreadcrumbList","@id":"https:\/\/hi-nd.com\/de\/produkt\/deckenverkleidung-fenster-49\/#breadcrumb","itemListElement":[{"@type":"ListItem","position":1,"name":"Home","item":"https:\/\/hi-nd.com\/de\/"},{"@type":"ListItem","position":2,"name":"Shop","item":"https:\/\/hi-nd.com\/de\/shop\/"},{"@type":"ListItem","position":3,"name":"Deckenverkleidung Fenster 49&#8243;"}]},{"@type":"WebSite","@id":"https:\/\/hi-nd.com\/#website","url":"https:\/\/hi-nd.com\/","name":"HI-ND","description":"Mounting Solutions","potentialAction":[{"@type":"SearchAction","target":{"@type":"EntryPoint","urlTemplate":"https:\/\/hi-nd.com\/?s={search_term_string}"},"query-input":{"@type":"PropertyValueSpecification","valueRequired":true,"valueName":"search_term_string"}}],"inLanguage":"de"}]}},"_links":{"self":[{"href":"https:\/\/hi-nd.com\/de\/wp-json\/wp\/v2\/product\/5878","targetHints":{"allow":["GET"]}}],"collection":[{"href":"https:\/\/hi-nd.com\/de\/wp-json\/wp\/v2\/product"}],"about":[{"href":"https:\/\/hi-nd.com\/de\/wp-json\/wp\/v2\/types\/product"}],"wp:featuredmedia":[{"embeddable":true,"href":"https:\/\/hi-nd.com\/de\/wp-json\/wp\/v2\/media\/3759"}],"wp:attachment":[{"href":"https:\/\/hi-nd.com\/de\/wp-json\/wp\/v2\/media?parent=5878"}],"wp:term":[{"taxonomy":"product_brand","embeddable":true,"href":"https:\/\/hi-nd.com\/de\/wp-json\/wp\/v2\/product_brand?post=5878"},{"taxonomy":"product_cat","embeddable":true,"href":"https:\/\/hi-nd.com\/de\/wp-json\/wp\/v2\/product_cat?post=5878"},{"taxonomy":"product_tag","embeddable":true,"href":"https:\/\/hi-nd.com\/de\/wp-json\/wp\/v2\/product_tag?post=5878"}],"curies":[{"name":"wp","href":"https:\/\/api.w.org\/{rel}","templated":true}]}}