{"id":5873,"date":"2022-03-04T12:33:31","date_gmt":"2022-03-04T11:33:31","guid":{"rendered":"https:\/\/hi-nd.com\/product\/wandmontage-led\/"},"modified":"2024-09-02T14:08:19","modified_gmt":"2024-09-02T12:08:19","slug":"wandmontage-led","status":"publish","type":"product","link":"https:\/\/hi-nd.com\/de\/produkt\/wandmontage-led\/","title":{"rendered":"Wandmontage LED"},"content":{"rendered":"<table style=\"height: 474px;\" width=\"692\">\n<tbody>\n<tr>\n<td width=\"103\"><strong>Teil Nummer<\/strong><\/td>\n<td width=\"338\"><strong>Beschreibung<\/strong><\/td>\n<td width=\"83\"><strong>Farbe<\/strong><\/td>\n<\/tr>\n<tr>\n<td>LW-3301-02<\/td>\n<td> LED-Wandhalterung 3X3 f\u00fcr Samsung<\/td>\n<td>Schwarz<\/td>\n<\/tr>\n<tr>\n<td>LW-3301-Eiche<\/td>\n<td> LED-Wandhalterung 3X3 f\u00fcr Samsung<\/td>\n<td>Eiche<\/td>\n<\/tr>\n<tr>\n<td>LW-4401-02<\/td>\n<td> LED-Wandhalterung 4X4 f\u00fcr Samsung<\/td>\n<td>Schwarz<\/td>\n<\/tr>\n<tr>\n<td>LW-4401-Eiche<\/td>\n<td> LED-Wandhalterung 4X4 f\u00fcr Samsung<\/td>\n<td>Eiche<\/td>\n<\/tr>\n<tr>\n<td>LW-5501-02<\/td>\n<td> LED-Wandhalterung 5X5 f\u00fcr Samsung<\/td>\n<td>Schwarz<\/td>\n<\/tr>\n<tr>\n<td>LW-5501-Eiche<\/td>\n<td> LED-Wandhalterung 5X5 f\u00fcr Samsung<\/td>\n<td>Eiche<\/td>\n<\/tr>\n<tr>\n<td>LW-6601-02<\/td>\n<td> LED-Wandhalterung 6X6 f\u00fcr Samsung<\/td>\n<td>Schwarz<\/td>\n<\/tr>\n<tr>\n<td>LW-6601-Eiche<\/td>\n<td> LED-Wandhalterung 6X6 f\u00fcr Samsung<\/td>\n<td>Eiche<\/td>\n<\/tr>\n<tr>\n<td>LW-7701-02<\/td>\n<td> LED-Wandhalterung 7X7 f\u00fcr Samsung<\/td>\n<td>Schwarz<\/td>\n<\/tr>\n<tr>\n<td>LW-7701-Eiche<\/td>\n<td> LED-Wandhalterung 7X7 f\u00fcr Samsung<\/td>\n<td>Eiche<\/td>\n<\/tr>\n<tr>\n<td>LW-8801-02<\/td>\n<td> LED-Wandhalterung 8X8 f\u00fcr Samsung<\/td>\n<td>Schwarz<\/td>\n<\/tr>\n<tr>\n<td>LW-8801-Eiche<\/td>\n<td> LED-Wandhalterung 8X8 f\u00fcr Samsung<\/td>\n<td>Eiche<\/td>\n<\/tr>\n<tr>\n<td>LW-9901-02<\/td>\n<td> LED-Wandhalterung 9X9 f\u00fcr Samsung<\/td>\n<td>Schwarz<\/td>\n<\/tr>\n<tr>\n<td>LW-9901-Eiche<\/td>\n<td> LED-Wandhalterung 9X9 f\u00fcr Samsung<\/td>\n<td>Eiche<\/td>\n<\/tr>\n<tr>\n<td>LW-1001-02<\/td>\n<td> LED-Wandhalterung 10X10 f\u00fcr Samsung<\/td>\n<td>Schwarz<\/td>\n<\/tr>\n<tr>\n<td>LW-1001-Eiche<\/td>\n<td> LED-Wandhalterung 10X10 f\u00fcr Samsung<\/td>\n<td>Eiche<\/td>\n<\/tr>\n<\/tbody>\n<\/table>\n","protected":false},"excerpt":{"rendered":"<p>HI-ND LED Wall ist eine vorkonfigurierte Wandhalterung f\u00fcr Samsung LED-Displays. Wir bieten jetzt eine Komplettl\u00f6sung mit Wandhalterungen und Rahmen an. Die Halterungen sind f\u00fcr die Samsung IEA-, IER- und IFR-Serien geeignet. Die Standardgr\u00f6\u00dfen sind 3&#215;3, 4&#215;4, 5&#215;5, 6&#215;6, 7&#215;7, 8&#215;8, 9&#215;9 und 10&#215;10. Zus\u00e4tzlich zu den Standardgr\u00f6\u00dfen k\u00f6nnen Sie problemlos kundenspezifische Formate und gebogene W\u00e4nde bestellen. F\u00fcgen Sie LED-Module hinzu, um eine durchgehende Videowand zu erstellen. Die Halterungen sind einfach zu installieren und unsere einzigartige Einstellung erm\u00f6glicht eine perfekte Positionierung, auch wenn die Wand nicht ganz eben ist. Der Rahmen ist in Metall oder Holz (Eiche) erh\u00e4ltlich. Die Standardfarbe f\u00fcr Metall ist schwarz, aber es k\u00f6nnen auch andere Farben gew\u00e4hlt werden, um ein einzigartiges Aussehen zu erzielen. Anwendbar mit:  <\/p>\n<ul>\n<li>IE015A, IE020A, IE025A, IE040A, IE015A-F, IE020A-F, IE025A-F, IE040A-F<\/li>\n<li>IF015R, IF020R, IF025R, IF040R, IF015R-F, IF020R-F, IF025R-F, IF040R-F<\/li>\n<\/ul>\n","protected":false},"featured_media":8259,"template":"","meta":[],"product_brand":[],"product_cat":[88,133],"product_tag":[],"class_list":{"0":"post-5873","1":"product","2":"type-product","3":"status-publish","4":"has-post-thumbnail","6":"product_cat-led-de","7":"product_cat-wand-de","9":"first","10":"instock","11":"shipping-taxable","12":"product-type-simple"},"yoast_head":"<!-- This site is optimized with the Yoast SEO plugin v27.4 - https:\/\/yoast.com\/product\/yoast-seo-wordpress\/ -->\n<title>Wandmontage LED - HI-ND<\/title>\n<meta name=\"description\" content=\"HI-ND LED wall ist eine vorkonfigurierte Wandhalterung f\u00fcr Samsung LED-Displays. Stapeln Sie LED-Anzeigen, um eine durchgehende Videowand zu erstellen.\" \/>\n<meta name=\"robots\" content=\"index, follow, max-snippet:-1, max-image-preview:large, max-video-preview:-1\" \/>\n<link rel=\"canonical\" href=\"https:\/\/hi-nd.com\/de\/produkt\/wandmontage-led\/\" \/>\n<meta property=\"og:locale\" content=\"de_DE\" \/>\n<meta property=\"og:type\" content=\"article\" \/>\n<meta property=\"og:title\" content=\"Wandmontage LED - HI-ND\" \/>\n<meta property=\"og:description\" content=\"HI-ND LED wall ist eine vorkonfigurierte Wandhalterung f\u00fcr Samsung LED-Displays. Stapeln Sie LED-Anzeigen, um eine durchgehende Videowand zu erstellen.\" \/>\n<meta property=\"og:url\" content=\"https:\/\/hi-nd.com\/de\/produkt\/wandmontage-led\/\" \/>\n<meta property=\"og:site_name\" content=\"HI-ND\" \/>\n<meta property=\"article:modified_time\" content=\"2024-09-02T12:08:19+00:00\" \/>\n<meta property=\"og:image\" content=\"https:\/\/hi-nd.com\/wp-content\/uploads\/2022\/03\/LED-wall-mount-750x750-1.png\" \/>\n\t<meta property=\"og:image:width\" content=\"750\" \/>\n\t<meta property=\"og:image:height\" content=\"750\" \/>\n\t<meta property=\"og:image:type\" content=\"image\/png\" \/>\n<meta name=\"twitter:card\" content=\"summary_large_image\" \/>\n<meta name=\"twitter:label1\" content=\"Gesch\u00e4tzte Lesezeit\" \/>\n\t<meta name=\"twitter:data1\" content=\"1\u00a0Minute\" \/>\n<script type=\"application\/ld+json\" class=\"yoast-schema-graph\">{\"@context\":\"https:\\\/\\\/schema.org\",\"@graph\":[{\"@type\":\"WebPage\",\"@id\":\"https:\\\/\\\/hi-nd.com\\\/de\\\/produkt\\\/wandmontage-led\\\/\",\"url\":\"https:\\\/\\\/hi-nd.com\\\/de\\\/produkt\\\/wandmontage-led\\\/\",\"name\":\"Wandmontage LED - HI-ND\",\"isPartOf\":{\"@id\":\"https:\\\/\\\/hi-nd.com\\\/es\\\/#website\"},\"primaryImageOfPage\":{\"@id\":\"https:\\\/\\\/hi-nd.com\\\/de\\\/produkt\\\/wandmontage-led\\\/#primaryimage\"},\"image\":{\"@id\":\"https:\\\/\\\/hi-nd.com\\\/de\\\/produkt\\\/wandmontage-led\\\/#primaryimage\"},\"thumbnailUrl\":\"https:\\\/\\\/hi-nd.com\\\/wp-content\\\/uploads\\\/2022\\\/03\\\/LED-wall-mount-750x750-1.png\",\"datePublished\":\"2022-03-04T11:33:31+00:00\",\"dateModified\":\"2024-09-02T12:08:19+00:00\",\"description\":\"HI-ND LED wall ist eine vorkonfigurierte Wandhalterung f\u00fcr Samsung LED-Displays. Stapeln Sie LED-Anzeigen, um eine durchgehende Videowand zu erstellen.\",\"breadcrumb\":{\"@id\":\"https:\\\/\\\/hi-nd.com\\\/de\\\/produkt\\\/wandmontage-led\\\/#breadcrumb\"},\"inLanguage\":\"de\",\"potentialAction\":[{\"@type\":\"ReadAction\",\"target\":[\"https:\\\/\\\/hi-nd.com\\\/de\\\/produkt\\\/wandmontage-led\\\/\"]}]},{\"@type\":\"ImageObject\",\"inLanguage\":\"de\",\"@id\":\"https:\\\/\\\/hi-nd.com\\\/de\\\/produkt\\\/wandmontage-led\\\/#primaryimage\",\"url\":\"https:\\\/\\\/hi-nd.com\\\/wp-content\\\/uploads\\\/2022\\\/03\\\/LED-wall-mount-750x750-1.png\",\"contentUrl\":\"https:\\\/\\\/hi-nd.com\\\/wp-content\\\/uploads\\\/2022\\\/03\\\/LED-wall-mount-750x750-1.png\",\"width\":750,\"height\":750,\"caption\":\"LED wall mount\"},{\"@type\":\"BreadcrumbList\",\"@id\":\"https:\\\/\\\/hi-nd.com\\\/de\\\/produkt\\\/wandmontage-led\\\/#breadcrumb\",\"itemListElement\":[{\"@type\":\"ListItem\",\"position\":1,\"name\":\"Home\",\"item\":\"https:\\\/\\\/hi-nd.com\\\/de\\\/\"},{\"@type\":\"ListItem\",\"position\":2,\"name\":\"Shop\",\"item\":\"https:\\\/\\\/hi-nd.com\\\/de\\\/shop\\\/\"},{\"@type\":\"ListItem\",\"position\":3,\"name\":\"Wandmontage LED\"}]},{\"@type\":\"WebSite\",\"@id\":\"https:\\\/\\\/hi-nd.com\\\/es\\\/#website\",\"url\":\"https:\\\/\\\/hi-nd.com\\\/es\\\/\",\"name\":\"HI-ND\",\"description\":\"Mounting Solutions\",\"potentialAction\":[{\"@type\":\"SearchAction\",\"target\":{\"@type\":\"EntryPoint\",\"urlTemplate\":\"https:\\\/\\\/hi-nd.com\\\/es\\\/?s={search_term_string}\"},\"query-input\":{\"@type\":\"PropertyValueSpecification\",\"valueRequired\":true,\"valueName\":\"search_term_string\"}}],\"inLanguage\":\"de\"}]}<\/script>\n<!-- \/ Yoast SEO plugin. -->","yoast_head_json":{"title":"Wandmontage LED - HI-ND","description":"HI-ND LED wall ist eine vorkonfigurierte Wandhalterung f\u00fcr Samsung LED-Displays. Stapeln Sie LED-Anzeigen, um eine durchgehende Videowand zu erstellen.","robots":{"index":"index","follow":"follow","max-snippet":"max-snippet:-1","max-image-preview":"max-image-preview:large","max-video-preview":"max-video-preview:-1"},"canonical":"https:\/\/hi-nd.com\/de\/produkt\/wandmontage-led\/","og_locale":"de_DE","og_type":"article","og_title":"Wandmontage LED - HI-ND","og_description":"HI-ND LED wall ist eine vorkonfigurierte Wandhalterung f\u00fcr Samsung LED-Displays. Stapeln Sie LED-Anzeigen, um eine durchgehende Videowand zu erstellen.","og_url":"https:\/\/hi-nd.com\/de\/produkt\/wandmontage-led\/","og_site_name":"HI-ND","article_modified_time":"2024-09-02T12:08:19+00:00","og_image":[{"width":750,"height":750,"url":"https:\/\/hi-nd.com\/wp-content\/uploads\/2022\/03\/LED-wall-mount-750x750-1.png","type":"image\/png"}],"twitter_card":"summary_large_image","twitter_misc":{"Gesch\u00e4tzte Lesezeit":"1\u00a0Minute"},"schema":{"@context":"https:\/\/schema.org","@graph":[{"@type":"WebPage","@id":"https:\/\/hi-nd.com\/de\/produkt\/wandmontage-led\/","url":"https:\/\/hi-nd.com\/de\/produkt\/wandmontage-led\/","name":"Wandmontage LED - HI-ND","isPartOf":{"@id":"https:\/\/hi-nd.com\/es\/#website"},"primaryImageOfPage":{"@id":"https:\/\/hi-nd.com\/de\/produkt\/wandmontage-led\/#primaryimage"},"image":{"@id":"https:\/\/hi-nd.com\/de\/produkt\/wandmontage-led\/#primaryimage"},"thumbnailUrl":"https:\/\/hi-nd.com\/wp-content\/uploads\/2022\/03\/LED-wall-mount-750x750-1.png","datePublished":"2022-03-04T11:33:31+00:00","dateModified":"2024-09-02T12:08:19+00:00","description":"HI-ND LED wall ist eine vorkonfigurierte Wandhalterung f\u00fcr Samsung LED-Displays. Stapeln Sie LED-Anzeigen, um eine durchgehende Videowand zu erstellen.","breadcrumb":{"@id":"https:\/\/hi-nd.com\/de\/produkt\/wandmontage-led\/#breadcrumb"},"inLanguage":"de","potentialAction":[{"@type":"ReadAction","target":["https:\/\/hi-nd.com\/de\/produkt\/wandmontage-led\/"]}]},{"@type":"ImageObject","inLanguage":"de","@id":"https:\/\/hi-nd.com\/de\/produkt\/wandmontage-led\/#primaryimage","url":"https:\/\/hi-nd.com\/wp-content\/uploads\/2022\/03\/LED-wall-mount-750x750-1.png","contentUrl":"https:\/\/hi-nd.com\/wp-content\/uploads\/2022\/03\/LED-wall-mount-750x750-1.png","width":750,"height":750,"caption":"LED wall mount"},{"@type":"BreadcrumbList","@id":"https:\/\/hi-nd.com\/de\/produkt\/wandmontage-led\/#breadcrumb","itemListElement":[{"@type":"ListItem","position":1,"name":"Home","item":"https:\/\/hi-nd.com\/de\/"},{"@type":"ListItem","position":2,"name":"Shop","item":"https:\/\/hi-nd.com\/de\/shop\/"},{"@type":"ListItem","position":3,"name":"Wandmontage LED"}]},{"@type":"WebSite","@id":"https:\/\/hi-nd.com\/es\/#website","url":"https:\/\/hi-nd.com\/es\/","name":"HI-ND","description":"Mounting Solutions","potentialAction":[{"@type":"SearchAction","target":{"@type":"EntryPoint","urlTemplate":"https:\/\/hi-nd.com\/es\/?s={search_term_string}"},"query-input":{"@type":"PropertyValueSpecification","valueRequired":true,"valueName":"search_term_string"}}],"inLanguage":"de"}]}},"_links":{"self":[{"href":"https:\/\/hi-nd.com\/de\/wp-json\/wp\/v2\/product\/5873","targetHints":{"allow":["GET"]}}],"collection":[{"href":"https:\/\/hi-nd.com\/de\/wp-json\/wp\/v2\/product"}],"about":[{"href":"https:\/\/hi-nd.com\/de\/wp-json\/wp\/v2\/types\/product"}],"wp:featuredmedia":[{"embeddable":true,"href":"https:\/\/hi-nd.com\/de\/wp-json\/wp\/v2\/media\/8259"}],"wp:attachment":[{"href":"https:\/\/hi-nd.com\/de\/wp-json\/wp\/v2\/media?parent=5873"}],"wp:term":[{"taxonomy":"product_brand","embeddable":true,"href":"https:\/\/hi-nd.com\/de\/wp-json\/wp\/v2\/product_brand?post=5873"},{"taxonomy":"product_cat","embeddable":true,"href":"https:\/\/hi-nd.com\/de\/wp-json\/wp\/v2\/product_cat?post=5873"},{"taxonomy":"product_tag","embeddable":true,"href":"https:\/\/hi-nd.com\/de\/wp-json\/wp\/v2\/product_tag?post=5873"}],"curies":[{"name":"wp","href":"https:\/\/api.w.org\/{rel}","templated":true}]}}