{"id":5864,"date":"2022-02-09T12:56:20","date_gmt":"2022-02-09T11:56:20","guid":{"rendered":"https:\/\/hi-nd.com\/product\/wandverkleidung-13\/"},"modified":"2024-01-12T09:06:30","modified_gmt":"2024-01-12T08:06:30","slug":"wandverkleidung-13","status":"publish","type":"product","link":"https:\/\/hi-nd.com\/de\/produkt\/wandverkleidung-13\/","title":{"rendered":"Wandverkleidung 13&#8243;"},"content":{"rendered":"<table style=\"height: 182px;\" width=\"687\">\n<tbody>\n<tr>\n<td width=\"129\"><strong>Teilnummer<\/strong><\/td>\n<td width=\"366\"><strong>Beschreibung<\/strong><\/td>\n<td width=\"122\"><strong>Farbe<\/strong><\/td>\n<\/tr>\n<tr>\n<td>WC1312-5001-01<\/td>\n<td>Wandgeh\u00e4use 13&#8243;, Hochformat\/Landschaft, Samsung QB13B<\/td>\n<td>Wei\u00df<\/td>\n<\/tr>\n<tr>\n<td>WC1312-5001-02<\/td>\n<td>Wandgeh\u00e4use 13&#8243;, Hochformat\/Landschaft, Samsung QB13B<\/td>\n<td>Schwarz<\/td>\n<\/tr>\n<tr>\n<td>WC1312-5001-51<\/td>\n<td>Wandgeh\u00e4use 13&#8243;, Portrait\/Landschaft, Samsung QB13B, hartbeschichteter Plexiglasschutz mit Digitaldruck<\/td>\n<td>Wei\u00df<\/td>\n<\/tr>\n<tr>\n<td>WC1312-5001-52<\/td>\n<td>Wandgeh\u00e4use 13&#8243;, Portrait\/Landschaft, Samsung QB13B, hartbeschichteter Plexiglasschutz mit Digitaldruck<\/td>\n<td>Schwarz<\/td>\n<\/tr>\n<\/tbody>\n<\/table>\n","protected":false},"excerpt":{"rendered":"<p>Dieses Wandgeh\u00e4use 13&#8243; ist f\u00fcr Samsung QB13 bestimmt. Das Produkt kann sowohl im Hoch- als auch im Querformat verwendet werden. Er ist standardm\u00e4\u00dfig in Schwarz oder Wei\u00df erh\u00e4ltlich. Wir bieten unseren Kunden auch die M\u00f6glichkeit, einen bedruckten, hartbeschichteten Plexiglasschutz vor dem Bildschirm anzubringen. Dadurch erh\u00e4lt Ihre L\u00f6sung eine exklusive Note. Eine perfekte L\u00f6sung zum Beispiel vor Aufz\u00fcgen, Konferenzr\u00e4umen oder an Firmenempf\u00e4ngen. Das Produkt kann auch zusammen mit der HI-ND-Tischhalterung verwendet werden.<\/p>\n","protected":false},"featured_media":4278,"template":"","meta":[],"product_brand":[],"product_cat":[109,87],"product_tag":[],"class_list":{"0":"post-5864","1":"product","2":"type-product","3":"status-publish","4":"has-post-thumbnail","6":"product_cat-gehause-de","7":"product_cat-wand","9":"first","10":"instock","11":"shipping-taxable","12":"product-type-simple"},"yoast_head":"<!-- This site is optimized with the Yoast SEO plugin v27.3 - https:\/\/yoast.com\/product\/yoast-seo-wordpress\/ -->\n<title>Wandverkleidung 13&quot; - HI-ND<\/title>\n<meta name=\"description\" content=\"Dieses Wandgeh\u00e4use ist f\u00fcr Samsung QB13 bestimmt. Das Produkt kann sowohl im Hoch- als auch im Querformat verwendet werden.\" \/>\n<meta name=\"robots\" content=\"index, follow, max-snippet:-1, max-image-preview:large, max-video-preview:-1\" \/>\n<link rel=\"canonical\" href=\"https:\/\/hi-nd.com\/de\/produkt\/wandverkleidung-13\/\" \/>\n<meta property=\"og:locale\" content=\"de_DE\" \/>\n<meta property=\"og:type\" content=\"article\" \/>\n<meta property=\"og:title\" content=\"Wandverkleidung 13&quot; - HI-ND\" \/>\n<meta property=\"og:description\" content=\"Dieses Wandgeh\u00e4use ist f\u00fcr Samsung QB13 bestimmt. Das Produkt kann sowohl im Hoch- als auch im Querformat verwendet werden.\" \/>\n<meta property=\"og:url\" content=\"https:\/\/hi-nd.com\/de\/produkt\/wandverkleidung-13\/\" \/>\n<meta property=\"og:site_name\" content=\"HI-ND\" \/>\n<meta property=\"article:modified_time\" content=\"2024-01-12T08:06:30+00:00\" \/>\n<meta property=\"og:image\" content=\"https:\/\/hi-nd.com\/wp-content\/uploads\/2022\/02\/qb13-black-web.png\" \/>\n\t<meta property=\"og:image:width\" content=\"750\" \/>\n\t<meta property=\"og:image:height\" content=\"750\" \/>\n\t<meta property=\"og:image:type\" content=\"image\/png\" \/>\n<meta name=\"twitter:card\" content=\"summary_large_image\" \/>\n<script type=\"application\/ld+json\" class=\"yoast-schema-graph\">{\"@context\":\"https:\\\/\\\/schema.org\",\"@graph\":[{\"@type\":\"WebPage\",\"@id\":\"https:\\\/\\\/hi-nd.com\\\/de\\\/produkt\\\/wandverkleidung-13\\\/\",\"url\":\"https:\\\/\\\/hi-nd.com\\\/de\\\/produkt\\\/wandverkleidung-13\\\/\",\"name\":\"Wandverkleidung 13\\\" - HI-ND\",\"isPartOf\":{\"@id\":\"https:\\\/\\\/hi-nd.com\\\/#website\"},\"primaryImageOfPage\":{\"@id\":\"https:\\\/\\\/hi-nd.com\\\/de\\\/produkt\\\/wandverkleidung-13\\\/#primaryimage\"},\"image\":{\"@id\":\"https:\\\/\\\/hi-nd.com\\\/de\\\/produkt\\\/wandverkleidung-13\\\/#primaryimage\"},\"thumbnailUrl\":\"https:\\\/\\\/hi-nd.com\\\/wp-content\\\/uploads\\\/2022\\\/02\\\/qb13-black-web.png\",\"datePublished\":\"2022-02-09T11:56:20+00:00\",\"dateModified\":\"2024-01-12T08:06:30+00:00\",\"description\":\"Dieses Wandgeh\u00e4use ist f\u00fcr Samsung QB13 bestimmt. Das Produkt kann sowohl im Hoch- als auch im Querformat verwendet werden.\",\"breadcrumb\":{\"@id\":\"https:\\\/\\\/hi-nd.com\\\/de\\\/produkt\\\/wandverkleidung-13\\\/#breadcrumb\"},\"inLanguage\":\"de\",\"potentialAction\":[{\"@type\":\"ReadAction\",\"target\":[\"https:\\\/\\\/hi-nd.com\\\/de\\\/produkt\\\/wandverkleidung-13\\\/\"]}]},{\"@type\":\"ImageObject\",\"inLanguage\":\"de\",\"@id\":\"https:\\\/\\\/hi-nd.com\\\/de\\\/produkt\\\/wandverkleidung-13\\\/#primaryimage\",\"url\":\"https:\\\/\\\/hi-nd.com\\\/wp-content\\\/uploads\\\/2022\\\/02\\\/qb13-black-web.png\",\"contentUrl\":\"https:\\\/\\\/hi-nd.com\\\/wp-content\\\/uploads\\\/2022\\\/02\\\/qb13-black-web.png\",\"width\":750,\"height\":750},{\"@type\":\"BreadcrumbList\",\"@id\":\"https:\\\/\\\/hi-nd.com\\\/de\\\/produkt\\\/wandverkleidung-13\\\/#breadcrumb\",\"itemListElement\":[{\"@type\":\"ListItem\",\"position\":1,\"name\":\"Home\",\"item\":\"https:\\\/\\\/hi-nd.com\\\/de\\\/\"},{\"@type\":\"ListItem\",\"position\":2,\"name\":\"Shop\",\"item\":\"https:\\\/\\\/hi-nd.com\\\/de\\\/shop\\\/\"},{\"@type\":\"ListItem\",\"position\":3,\"name\":\"Wandverkleidung 13&#8243;\"}]},{\"@type\":\"WebSite\",\"@id\":\"https:\\\/\\\/hi-nd.com\\\/#website\",\"url\":\"https:\\\/\\\/hi-nd.com\\\/\",\"name\":\"HI-ND\",\"description\":\"Mounting Solutions\",\"potentialAction\":[{\"@type\":\"SearchAction\",\"target\":{\"@type\":\"EntryPoint\",\"urlTemplate\":\"https:\\\/\\\/hi-nd.com\\\/?s={search_term_string}\"},\"query-input\":{\"@type\":\"PropertyValueSpecification\",\"valueRequired\":true,\"valueName\":\"search_term_string\"}}],\"inLanguage\":\"de\"}]}<\/script>\n<!-- \/ Yoast SEO plugin. -->","yoast_head_json":{"title":"Wandverkleidung 13\" - HI-ND","description":"Dieses Wandgeh\u00e4use ist f\u00fcr Samsung QB13 bestimmt. Das Produkt kann sowohl im Hoch- als auch im Querformat verwendet werden.","robots":{"index":"index","follow":"follow","max-snippet":"max-snippet:-1","max-image-preview":"max-image-preview:large","max-video-preview":"max-video-preview:-1"},"canonical":"https:\/\/hi-nd.com\/de\/produkt\/wandverkleidung-13\/","og_locale":"de_DE","og_type":"article","og_title":"Wandverkleidung 13\" - HI-ND","og_description":"Dieses Wandgeh\u00e4use ist f\u00fcr Samsung QB13 bestimmt. Das Produkt kann sowohl im Hoch- als auch im Querformat verwendet werden.","og_url":"https:\/\/hi-nd.com\/de\/produkt\/wandverkleidung-13\/","og_site_name":"HI-ND","article_modified_time":"2024-01-12T08:06:30+00:00","og_image":[{"width":750,"height":750,"url":"https:\/\/hi-nd.com\/wp-content\/uploads\/2022\/02\/qb13-black-web.png","type":"image\/png"}],"twitter_card":"summary_large_image","schema":{"@context":"https:\/\/schema.org","@graph":[{"@type":"WebPage","@id":"https:\/\/hi-nd.com\/de\/produkt\/wandverkleidung-13\/","url":"https:\/\/hi-nd.com\/de\/produkt\/wandverkleidung-13\/","name":"Wandverkleidung 13\" - HI-ND","isPartOf":{"@id":"https:\/\/hi-nd.com\/#website"},"primaryImageOfPage":{"@id":"https:\/\/hi-nd.com\/de\/produkt\/wandverkleidung-13\/#primaryimage"},"image":{"@id":"https:\/\/hi-nd.com\/de\/produkt\/wandverkleidung-13\/#primaryimage"},"thumbnailUrl":"https:\/\/hi-nd.com\/wp-content\/uploads\/2022\/02\/qb13-black-web.png","datePublished":"2022-02-09T11:56:20+00:00","dateModified":"2024-01-12T08:06:30+00:00","description":"Dieses Wandgeh\u00e4use ist f\u00fcr Samsung QB13 bestimmt. Das Produkt kann sowohl im Hoch- als auch im Querformat verwendet werden.","breadcrumb":{"@id":"https:\/\/hi-nd.com\/de\/produkt\/wandverkleidung-13\/#breadcrumb"},"inLanguage":"de","potentialAction":[{"@type":"ReadAction","target":["https:\/\/hi-nd.com\/de\/produkt\/wandverkleidung-13\/"]}]},{"@type":"ImageObject","inLanguage":"de","@id":"https:\/\/hi-nd.com\/de\/produkt\/wandverkleidung-13\/#primaryimage","url":"https:\/\/hi-nd.com\/wp-content\/uploads\/2022\/02\/qb13-black-web.png","contentUrl":"https:\/\/hi-nd.com\/wp-content\/uploads\/2022\/02\/qb13-black-web.png","width":750,"height":750},{"@type":"BreadcrumbList","@id":"https:\/\/hi-nd.com\/de\/produkt\/wandverkleidung-13\/#breadcrumb","itemListElement":[{"@type":"ListItem","position":1,"name":"Home","item":"https:\/\/hi-nd.com\/de\/"},{"@type":"ListItem","position":2,"name":"Shop","item":"https:\/\/hi-nd.com\/de\/shop\/"},{"@type":"ListItem","position":3,"name":"Wandverkleidung 13&#8243;"}]},{"@type":"WebSite","@id":"https:\/\/hi-nd.com\/#website","url":"https:\/\/hi-nd.com\/","name":"HI-ND","description":"Mounting Solutions","potentialAction":[{"@type":"SearchAction","target":{"@type":"EntryPoint","urlTemplate":"https:\/\/hi-nd.com\/?s={search_term_string}"},"query-input":{"@type":"PropertyValueSpecification","valueRequired":true,"valueName":"search_term_string"}}],"inLanguage":"de"}]}},"_links":{"self":[{"href":"https:\/\/hi-nd.com\/de\/wp-json\/wp\/v2\/product\/5864","targetHints":{"allow":["GET"]}}],"collection":[{"href":"https:\/\/hi-nd.com\/de\/wp-json\/wp\/v2\/product"}],"about":[{"href":"https:\/\/hi-nd.com\/de\/wp-json\/wp\/v2\/types\/product"}],"wp:featuredmedia":[{"embeddable":true,"href":"https:\/\/hi-nd.com\/de\/wp-json\/wp\/v2\/media\/4278"}],"wp:attachment":[{"href":"https:\/\/hi-nd.com\/de\/wp-json\/wp\/v2\/media?parent=5864"}],"wp:term":[{"taxonomy":"product_brand","embeddable":true,"href":"https:\/\/hi-nd.com\/de\/wp-json\/wp\/v2\/product_brand?post=5864"},{"taxonomy":"product_cat","embeddable":true,"href":"https:\/\/hi-nd.com\/de\/wp-json\/wp\/v2\/product_cat?post=5864"},{"taxonomy":"product_tag","embeddable":true,"href":"https:\/\/hi-nd.com\/de\/wp-json\/wp\/v2\/product_tag?post=5864"}],"curies":[{"name":"wp","href":"https:\/\/api.w.org\/{rel}","templated":true}]}}