{"id":5861,"date":"2022-01-22T20:44:40","date_gmt":"2022-01-22T19:44:40","guid":{"rendered":"https:\/\/hi-nd.com\/product\/einzelner-totem-touch-fuer-samsung-qm55b-t\/"},"modified":"2024-02-22T21:20:24","modified_gmt":"2024-02-22T20:20:24","slug":"einzelner-totem-touch-fuer-samsung-qm55b-t","status":"publish","type":"product","link":"https:\/\/hi-nd.com\/de\/produkt\/einzelner-totem-touch-fuer-samsung-qm55b-t\/","title":{"rendered":"Einzelner Totem Touch f\u00fcr Samsung QM55B-T"},"content":{"rendered":"<table width=\"736\">\n<tbody>\n<tr>\n<td width=\"144\">Teilnummer<\/td>\n<td width=\"472\">Beschreibung<\/td>\n<td width=\"120\">Farbe<\/td>\n<\/tr>\n<tr>\n<td>ST5551T-02<\/td>\n<td>Einzelner Totem Touch 55&#8243;, Hochformat, Samsung QM55B-T<\/td>\n<td>Schwarz<\/td>\n<\/tr>\n<tr>\n<td>ST5551T-01<\/td>\n<td>Einzelner Totem Touch 55&#8243;, Hochformat, Samsung QM55B-T<\/td>\n<td>Wei\u00df<\/td>\n<\/tr>\n<\/tbody>\n<\/table>\n<p>&nbsp;<\/p>\n<p>&nbsp;<\/p>\n<p>&nbsp;<\/p>\n","protected":false},"excerpt":{"rendered":"<p>Unser Single Totem Touch ist f\u00fcr Samsung QM55B-T konzipiert. Das Produkt ist in den Standardfarben Schwarz und Wei\u00df erh\u00e4ltlich. Andere Farben k\u00f6nnen auf Bestellung hergestellt werden. Zugang f\u00fcr externe Ger\u00e4te unterhalb des Displays. M\u00f6gliche Anwendungen sind Produktnavigation, Wegfindung und Firmenpr\u00e4sentationen.<\/p>\n<ul>\n<li style=\"font-weight: 400;\">Samsung QM55B-T<\/li>\n<li style=\"font-weight: 400;\">Wei\u00df und Schwarz sind Standardfarben<\/li>\n<li style=\"font-weight: 400;\">Kundenspezifische Farben k\u00f6nnen auf Bestellung hergestellt werden<\/li>\n<li style=\"font-weight: 400;\">Platz f\u00fcr externen Router<\/li>\n<\/ul>\n","protected":false},"featured_media":4143,"template":"","meta":[],"product_brand":[],"product_cat":[15],"product_tag":[],"class_list":{"0":"post-5861","1":"product","2":"type-product","3":"status-publish","4":"has-post-thumbnail","6":"product_cat-floor","8":"first","9":"instock","10":"shipping-taxable","11":"product-type-external"},"yoast_head":"<!-- This site is optimized with the Yoast SEO plugin v27.3 - https:\/\/yoast.com\/product\/yoast-seo-wordpress\/ -->\n<title>Einzelner Totem Touch f\u00fcr Samsung QM55B-T - HI-ND<\/title>\n<meta name=\"description\" content=\"Unser Single Totem Touch ist f\u00fcr Samsung QM55R-T konzipiert. M\u00f6gliche Anwendungen sind Produktnavigation, Wegfindung und Firmenpr\u00e4sentationen.\" \/>\n<meta name=\"robots\" content=\"index, follow, max-snippet:-1, max-image-preview:large, max-video-preview:-1\" \/>\n<link rel=\"canonical\" href=\"https:\/\/hi-nd.com\/de\/produkt\/einzelner-totem-touch-fuer-samsung-qm55b-t\/\" \/>\n<meta property=\"og:locale\" content=\"de_DE\" \/>\n<meta property=\"og:type\" content=\"article\" \/>\n<meta property=\"og:title\" content=\"Einzelner Totem Touch f\u00fcr Samsung QM55B-T - HI-ND\" \/>\n<meta property=\"og:description\" content=\"Unser Single Totem Touch ist f\u00fcr Samsung QM55R-T konzipiert. M\u00f6gliche Anwendungen sind Produktnavigation, Wegfindung und Firmenpr\u00e4sentationen.\" \/>\n<meta property=\"og:url\" content=\"https:\/\/hi-nd.com\/de\/produkt\/einzelner-totem-touch-fuer-samsung-qm55b-t\/\" \/>\n<meta property=\"og:site_name\" content=\"HI-ND\" \/>\n<meta property=\"article:modified_time\" content=\"2024-02-22T20:20:24+00:00\" \/>\n<meta property=\"og:image\" content=\"https:\/\/hi-nd.com\/wp-content\/uploads\/2022\/01\/single-totem-touch.png\" \/>\n\t<meta property=\"og:image:width\" content=\"750\" \/>\n\t<meta property=\"og:image:height\" content=\"750\" \/>\n\t<meta property=\"og:image:type\" content=\"image\/png\" \/>\n<meta name=\"twitter:card\" content=\"summary_large_image\" \/>\n<script type=\"application\/ld+json\" class=\"yoast-schema-graph\">{\"@context\":\"https:\\\/\\\/schema.org\",\"@graph\":[{\"@type\":\"WebPage\",\"@id\":\"https:\\\/\\\/hi-nd.com\\\/de\\\/produkt\\\/einzelner-totem-touch-fuer-samsung-qm55b-t\\\/\",\"url\":\"https:\\\/\\\/hi-nd.com\\\/de\\\/produkt\\\/einzelner-totem-touch-fuer-samsung-qm55b-t\\\/\",\"name\":\"Einzelner Totem Touch f\u00fcr Samsung QM55B-T - HI-ND\",\"isPartOf\":{\"@id\":\"https:\\\/\\\/hi-nd.com\\\/#website\"},\"primaryImageOfPage\":{\"@id\":\"https:\\\/\\\/hi-nd.com\\\/de\\\/produkt\\\/einzelner-totem-touch-fuer-samsung-qm55b-t\\\/#primaryimage\"},\"image\":{\"@id\":\"https:\\\/\\\/hi-nd.com\\\/de\\\/produkt\\\/einzelner-totem-touch-fuer-samsung-qm55b-t\\\/#primaryimage\"},\"thumbnailUrl\":\"https:\\\/\\\/hi-nd.com\\\/wp-content\\\/uploads\\\/2022\\\/01\\\/single-totem-touch.png\",\"datePublished\":\"2022-01-22T19:44:40+00:00\",\"dateModified\":\"2024-02-22T20:20:24+00:00\",\"description\":\"Unser Single Totem Touch ist f\u00fcr Samsung QM55R-T konzipiert. M\u00f6gliche Anwendungen sind Produktnavigation, Wegfindung und Firmenpr\u00e4sentationen.\",\"breadcrumb\":{\"@id\":\"https:\\\/\\\/hi-nd.com\\\/de\\\/produkt\\\/einzelner-totem-touch-fuer-samsung-qm55b-t\\\/#breadcrumb\"},\"inLanguage\":\"de\",\"potentialAction\":[{\"@type\":\"ReadAction\",\"target\":[\"https:\\\/\\\/hi-nd.com\\\/de\\\/produkt\\\/einzelner-totem-touch-fuer-samsung-qm55b-t\\\/\"]}]},{\"@type\":\"ImageObject\",\"inLanguage\":\"de\",\"@id\":\"https:\\\/\\\/hi-nd.com\\\/de\\\/produkt\\\/einzelner-totem-touch-fuer-samsung-qm55b-t\\\/#primaryimage\",\"url\":\"https:\\\/\\\/hi-nd.com\\\/wp-content\\\/uploads\\\/2022\\\/01\\\/single-totem-touch.png\",\"contentUrl\":\"https:\\\/\\\/hi-nd.com\\\/wp-content\\\/uploads\\\/2022\\\/01\\\/single-totem-touch.png\",\"width\":750,\"height\":750},{\"@type\":\"BreadcrumbList\",\"@id\":\"https:\\\/\\\/hi-nd.com\\\/de\\\/produkt\\\/einzelner-totem-touch-fuer-samsung-qm55b-t\\\/#breadcrumb\",\"itemListElement\":[{\"@type\":\"ListItem\",\"position\":1,\"name\":\"Home\",\"item\":\"https:\\\/\\\/hi-nd.com\\\/de\\\/\"},{\"@type\":\"ListItem\",\"position\":2,\"name\":\"Shop\",\"item\":\"https:\\\/\\\/hi-nd.com\\\/de\\\/shop\\\/\"},{\"@type\":\"ListItem\",\"position\":3,\"name\":\"Einzelner Totem Touch f\u00fcr Samsung QM55B-T\"}]},{\"@type\":\"WebSite\",\"@id\":\"https:\\\/\\\/hi-nd.com\\\/#website\",\"url\":\"https:\\\/\\\/hi-nd.com\\\/\",\"name\":\"HI-ND\",\"description\":\"Mounting Solutions\",\"potentialAction\":[{\"@type\":\"SearchAction\",\"target\":{\"@type\":\"EntryPoint\",\"urlTemplate\":\"https:\\\/\\\/hi-nd.com\\\/?s={search_term_string}\"},\"query-input\":{\"@type\":\"PropertyValueSpecification\",\"valueRequired\":true,\"valueName\":\"search_term_string\"}}],\"inLanguage\":\"de\"}]}<\/script>\n<!-- \/ Yoast SEO plugin. -->","yoast_head_json":{"title":"Einzelner Totem Touch f\u00fcr Samsung QM55B-T - HI-ND","description":"Unser Single Totem Touch ist f\u00fcr Samsung QM55R-T konzipiert. M\u00f6gliche Anwendungen sind Produktnavigation, Wegfindung und Firmenpr\u00e4sentationen.","robots":{"index":"index","follow":"follow","max-snippet":"max-snippet:-1","max-image-preview":"max-image-preview:large","max-video-preview":"max-video-preview:-1"},"canonical":"https:\/\/hi-nd.com\/de\/produkt\/einzelner-totem-touch-fuer-samsung-qm55b-t\/","og_locale":"de_DE","og_type":"article","og_title":"Einzelner Totem Touch f\u00fcr Samsung QM55B-T - HI-ND","og_description":"Unser Single Totem Touch ist f\u00fcr Samsung QM55R-T konzipiert. M\u00f6gliche Anwendungen sind Produktnavigation, Wegfindung und Firmenpr\u00e4sentationen.","og_url":"https:\/\/hi-nd.com\/de\/produkt\/einzelner-totem-touch-fuer-samsung-qm55b-t\/","og_site_name":"HI-ND","article_modified_time":"2024-02-22T20:20:24+00:00","og_image":[{"width":750,"height":750,"url":"https:\/\/hi-nd.com\/wp-content\/uploads\/2022\/01\/single-totem-touch.png","type":"image\/png"}],"twitter_card":"summary_large_image","schema":{"@context":"https:\/\/schema.org","@graph":[{"@type":"WebPage","@id":"https:\/\/hi-nd.com\/de\/produkt\/einzelner-totem-touch-fuer-samsung-qm55b-t\/","url":"https:\/\/hi-nd.com\/de\/produkt\/einzelner-totem-touch-fuer-samsung-qm55b-t\/","name":"Einzelner Totem Touch f\u00fcr Samsung QM55B-T - HI-ND","isPartOf":{"@id":"https:\/\/hi-nd.com\/#website"},"primaryImageOfPage":{"@id":"https:\/\/hi-nd.com\/de\/produkt\/einzelner-totem-touch-fuer-samsung-qm55b-t\/#primaryimage"},"image":{"@id":"https:\/\/hi-nd.com\/de\/produkt\/einzelner-totem-touch-fuer-samsung-qm55b-t\/#primaryimage"},"thumbnailUrl":"https:\/\/hi-nd.com\/wp-content\/uploads\/2022\/01\/single-totem-touch.png","datePublished":"2022-01-22T19:44:40+00:00","dateModified":"2024-02-22T20:20:24+00:00","description":"Unser Single Totem Touch ist f\u00fcr Samsung QM55R-T konzipiert. M\u00f6gliche Anwendungen sind Produktnavigation, Wegfindung und Firmenpr\u00e4sentationen.","breadcrumb":{"@id":"https:\/\/hi-nd.com\/de\/produkt\/einzelner-totem-touch-fuer-samsung-qm55b-t\/#breadcrumb"},"inLanguage":"de","potentialAction":[{"@type":"ReadAction","target":["https:\/\/hi-nd.com\/de\/produkt\/einzelner-totem-touch-fuer-samsung-qm55b-t\/"]}]},{"@type":"ImageObject","inLanguage":"de","@id":"https:\/\/hi-nd.com\/de\/produkt\/einzelner-totem-touch-fuer-samsung-qm55b-t\/#primaryimage","url":"https:\/\/hi-nd.com\/wp-content\/uploads\/2022\/01\/single-totem-touch.png","contentUrl":"https:\/\/hi-nd.com\/wp-content\/uploads\/2022\/01\/single-totem-touch.png","width":750,"height":750},{"@type":"BreadcrumbList","@id":"https:\/\/hi-nd.com\/de\/produkt\/einzelner-totem-touch-fuer-samsung-qm55b-t\/#breadcrumb","itemListElement":[{"@type":"ListItem","position":1,"name":"Home","item":"https:\/\/hi-nd.com\/de\/"},{"@type":"ListItem","position":2,"name":"Shop","item":"https:\/\/hi-nd.com\/de\/shop\/"},{"@type":"ListItem","position":3,"name":"Einzelner Totem Touch f\u00fcr Samsung QM55B-T"}]},{"@type":"WebSite","@id":"https:\/\/hi-nd.com\/#website","url":"https:\/\/hi-nd.com\/","name":"HI-ND","description":"Mounting Solutions","potentialAction":[{"@type":"SearchAction","target":{"@type":"EntryPoint","urlTemplate":"https:\/\/hi-nd.com\/?s={search_term_string}"},"query-input":{"@type":"PropertyValueSpecification","valueRequired":true,"valueName":"search_term_string"}}],"inLanguage":"de"}]}},"_links":{"self":[{"href":"https:\/\/hi-nd.com\/de\/wp-json\/wp\/v2\/product\/5861","targetHints":{"allow":["GET"]}}],"collection":[{"href":"https:\/\/hi-nd.com\/de\/wp-json\/wp\/v2\/product"}],"about":[{"href":"https:\/\/hi-nd.com\/de\/wp-json\/wp\/v2\/types\/product"}],"wp:featuredmedia":[{"embeddable":true,"href":"https:\/\/hi-nd.com\/de\/wp-json\/wp\/v2\/media\/4143"}],"wp:attachment":[{"href":"https:\/\/hi-nd.com\/de\/wp-json\/wp\/v2\/media?parent=5861"}],"wp:term":[{"taxonomy":"product_brand","embeddable":true,"href":"https:\/\/hi-nd.com\/de\/wp-json\/wp\/v2\/product_brand?post=5861"},{"taxonomy":"product_cat","embeddable":true,"href":"https:\/\/hi-nd.com\/de\/wp-json\/wp\/v2\/product_cat?post=5861"},{"taxonomy":"product_tag","embeddable":true,"href":"https:\/\/hi-nd.com\/de\/wp-json\/wp\/v2\/product_tag?post=5861"}],"curies":[{"name":"wp","href":"https:\/\/api.w.org\/{rel}","templated":true}]}}