{"id":5855,"date":"2022-02-03T16:52:40","date_gmt":"2022-02-03T15:52:40","guid":{"rendered":"https:\/\/hi-nd.com\/product\/standard-totem-tragbare-option\/"},"modified":"2024-02-22T21:20:37","modified_gmt":"2024-02-22T20:20:37","slug":"standard-totem-tragbare-option","status":"publish","type":"product","link":"https:\/\/hi-nd.com\/de\/produkt\/standard-totem-tragbare-option\/","title":{"rendered":"Standard-Totem (tragbare Option)"},"content":{"rendered":"<table style=\"height: 398px;\" width=\"694\">\n<tbody>\n<tr>\n<td width=\"103\"> Teilnummer<\/td>\n<td width=\"338\"> Beschreibung<\/td>\n<td width=\"83\"> Farbe<\/td>\n<\/tr>\n<tr>\n<td>  FS2411-5001-01<\/td>\n<td>  Standard Totem 24&#8243;, 3mm HC Plexiglas, Samsung QM24C<\/td>\n<td> Wei\u00df<\/td>\n<\/tr>\n<tr>\n<td>  FS2411-5001-02<\/td>\n<td>  Standard Totem 24&#8243;, 3mm HC Plexiglas, Samsung QM24C<\/td>\n<td> Schwarz<\/td>\n<\/tr>\n<tr>\n<td>  FS3211-5001-01<\/td>\n<td>  Standard Totem 32&#8243;, 3mm HC Plexiglas, Samsung, QM32C<\/td>\n<td> Wei\u00df<\/td>\n<\/tr>\n<tr>\n<td>  FS3211-5001-02<\/td>\n<td>  Standard Totem 32&#8243;, 3mm HC Plexiglas, Samsung QM32C<\/td>\n<td> Schwarz<\/td>\n<\/tr>\n<tr>\n<td>  ST4300-5001-01<\/td>\n<td>  Standard Totem 43&#8243;, 3mm HC Plexiglas, Samsung QM43C \/ LG43UH5F<\/td>\n<td> Wei\u00df<\/td>\n<\/tr>\n<tr>\n<td>  ST4300-5001-02<\/td>\n<td>  Standard Totem 43&#8243;, 3mm HC Plexiglas, Samsung QM43C \/ LG43UH5F<\/td>\n<td> Schwarz<\/td>\n<\/tr>\n<tr>\n<td>  ST5012-5001-01<\/td>\n<td>  Standard Totem 50&#8243;, 5mm HC Plexiglas, Samsung QM50C<\/td>\n<td> Wei\u00df<\/td>\n<\/tr>\n<tr>\n<td>  ST5012-5001-02<\/td>\n<td>  Standard Totem 50&#8243;, 5mm HC Plexiglas, Samsung QM50C<\/td>\n<td> Schwarz<\/td>\n<\/tr>\n<tr>\n<td>  ST5500-6001-02<\/td>\n<td>  Standard Totem 55&#8243;, 5 mm HC Plexiglas, Samsung QM55C<\/td>\n<td> Schwarz<\/td>\n<\/tr>\n<\/tbody>\n<\/table>\n","protected":false},"excerpt":{"rendered":"<p>Unser Standard-Totem ist in den Gr\u00f6\u00dfen 24&#8243;, 32&#8243;, 43&#8243;, 50&#8243; und 55&#8243; erh\u00e4ltlich. Das Totem wird mit einem hartbeschichteten Plexiglasschutz mit Digitaldruck geliefert. Die Bel\u00fcftung wurde von Samsung genehmigt. Platz f\u00fcr Router und Computer im Inneren. Zugang von der R\u00fcckseite. Setzen Sie sich mit uns in Verbindung, um weitere Einzelheiten \u00fcber die R\u00e4umlichkeiten zu erfahren<\/p>\n<p>R\u00e4der k\u00f6nnen zu einem einzelnen Totem 43&#8243; hinzugef\u00fcgt werden.<\/p>\n<p><a href=\"https:\/\/hi-nd.com\/product\/wheels-for-mini-totem\">Weitere Informationen zu den R\u00e4dern finden Sie hier<\/a>.<\/p>\n<ul>\n<li>Gr\u00f6\u00dfen 24&#8243;, 32&#8243;, 43&#8243;, 50&#8243;, 55&#8243;<\/li>\n<li>Option mit R\u00e4dern f\u00fcr Standard Totem 43&#8243;<\/li>\n<li>Hartbeschichtetes Plexiglas mit Digitaldruck<\/li>\n<li>Platz f\u00fcr Router und Computer<\/li>\n<li>Schwarz und Wei\u00df als Standardfarben<\/li>\n<li>Andere Farben auf Anfrage<\/li>\n<li>Ein gedrucktes Logo kann auf Anfrage angeboten werden.<\/li>\n<\/ul>\n","protected":false},"featured_media":5067,"template":"","meta":[],"product_brand":[],"product_cat":[78,79],"product_tag":[],"class_list":{"0":"post-5855","1":"product","2":"type-product","3":"status-publish","4":"has-post-thumbnail","6":"product_cat-floor-de","7":"product_cat-totem-de","9":"first","10":"instock","11":"shipping-taxable","12":"product-type-simple"},"yoast_head":"<!-- This site is optimized with the Yoast SEO plugin v27.3 - https:\/\/yoast.com\/product\/yoast-seo-wordpress\/ -->\n<title>Standard-Totem (tragbare Option) - HI-ND<\/title>\n<meta name=\"description\" content=\"Standard Totem ist unsere neueste Serie von Produkten f\u00fcr den Innenbereich. Es ist in den Gr\u00f6\u00dfen 24, 32, 43 und 50\u2033 erh\u00e4ltlich. Ein gedrucktes Logo kann hinzugef\u00fcgt werden.\" \/>\n<meta name=\"robots\" content=\"index, follow, max-snippet:-1, max-image-preview:large, max-video-preview:-1\" \/>\n<link rel=\"canonical\" href=\"https:\/\/hi-nd.com\/de\/produkt\/standard-totem-tragbare-option\/\" \/>\n<meta property=\"og:locale\" content=\"de_DE\" \/>\n<meta property=\"og:type\" content=\"article\" \/>\n<meta property=\"og:title\" content=\"Standard-Totem (tragbare Option) - HI-ND\" \/>\n<meta property=\"og:description\" content=\"Standard Totem ist unsere neueste Serie von Produkten f\u00fcr den Innenbereich. Es ist in den Gr\u00f6\u00dfen 24, 32, 43 und 50\u2033 erh\u00e4ltlich. Ein gedrucktes Logo kann hinzugef\u00fcgt werden.\" \/>\n<meta property=\"og:url\" content=\"https:\/\/hi-nd.com\/de\/produkt\/standard-totem-tragbare-option\/\" \/>\n<meta property=\"og:site_name\" content=\"HI-ND\" \/>\n<meta property=\"article:modified_time\" content=\"2024-02-22T20:20:37+00:00\" \/>\n<meta property=\"og:image\" content=\"https:\/\/hi-nd.com\/wp-content\/uploads\/2022\/02\/FS4311-16.jpg\" \/>\n\t<meta property=\"og:image:width\" content=\"750\" \/>\n\t<meta property=\"og:image:height\" content=\"750\" \/>\n\t<meta property=\"og:image:type\" content=\"image\/jpeg\" \/>\n<meta name=\"twitter:card\" content=\"summary_large_image\" \/>\n<meta name=\"twitter:label1\" content=\"Gesch\u00e4tzte Lesezeit\" \/>\n\t<meta name=\"twitter:data1\" content=\"1\u00a0Minute\" \/>\n<script type=\"application\/ld+json\" class=\"yoast-schema-graph\">{\"@context\":\"https:\\\/\\\/schema.org\",\"@graph\":[{\"@type\":\"WebPage\",\"@id\":\"https:\\\/\\\/hi-nd.com\\\/de\\\/produkt\\\/standard-totem-tragbare-option\\\/\",\"url\":\"https:\\\/\\\/hi-nd.com\\\/de\\\/produkt\\\/standard-totem-tragbare-option\\\/\",\"name\":\"Standard-Totem (tragbare Option) - HI-ND\",\"isPartOf\":{\"@id\":\"https:\\\/\\\/hi-nd.com\\\/#website\"},\"primaryImageOfPage\":{\"@id\":\"https:\\\/\\\/hi-nd.com\\\/de\\\/produkt\\\/standard-totem-tragbare-option\\\/#primaryimage\"},\"image\":{\"@id\":\"https:\\\/\\\/hi-nd.com\\\/de\\\/produkt\\\/standard-totem-tragbare-option\\\/#primaryimage\"},\"thumbnailUrl\":\"https:\\\/\\\/hi-nd.com\\\/wp-content\\\/uploads\\\/2022\\\/02\\\/FS4311-16.jpg\",\"datePublished\":\"2022-02-03T15:52:40+00:00\",\"dateModified\":\"2024-02-22T20:20:37+00:00\",\"description\":\"Standard Totem ist unsere neueste Serie von Produkten f\u00fcr den Innenbereich. Es ist in den Gr\u00f6\u00dfen 24, 32, 43 und 50\u2033 erh\u00e4ltlich. Ein gedrucktes Logo kann hinzugef\u00fcgt werden.\",\"breadcrumb\":{\"@id\":\"https:\\\/\\\/hi-nd.com\\\/de\\\/produkt\\\/standard-totem-tragbare-option\\\/#breadcrumb\"},\"inLanguage\":\"de\",\"potentialAction\":[{\"@type\":\"ReadAction\",\"target\":[\"https:\\\/\\\/hi-nd.com\\\/de\\\/produkt\\\/standard-totem-tragbare-option\\\/\"]}]},{\"@type\":\"ImageObject\",\"inLanguage\":\"de\",\"@id\":\"https:\\\/\\\/hi-nd.com\\\/de\\\/produkt\\\/standard-totem-tragbare-option\\\/#primaryimage\",\"url\":\"https:\\\/\\\/hi-nd.com\\\/wp-content\\\/uploads\\\/2022\\\/02\\\/FS4311-16.jpg\",\"contentUrl\":\"https:\\\/\\\/hi-nd.com\\\/wp-content\\\/uploads\\\/2022\\\/02\\\/FS4311-16.jpg\",\"width\":750,\"height\":750},{\"@type\":\"BreadcrumbList\",\"@id\":\"https:\\\/\\\/hi-nd.com\\\/de\\\/produkt\\\/standard-totem-tragbare-option\\\/#breadcrumb\",\"itemListElement\":[{\"@type\":\"ListItem\",\"position\":1,\"name\":\"Home\",\"item\":\"https:\\\/\\\/hi-nd.com\\\/de\\\/\"},{\"@type\":\"ListItem\",\"position\":2,\"name\":\"Shop\",\"item\":\"https:\\\/\\\/hi-nd.com\\\/de\\\/shop\\\/\"},{\"@type\":\"ListItem\",\"position\":3,\"name\":\"Standard-Totem (tragbare Option)\"}]},{\"@type\":\"WebSite\",\"@id\":\"https:\\\/\\\/hi-nd.com\\\/#website\",\"url\":\"https:\\\/\\\/hi-nd.com\\\/\",\"name\":\"HI-ND\",\"description\":\"Mounting Solutions\",\"potentialAction\":[{\"@type\":\"SearchAction\",\"target\":{\"@type\":\"EntryPoint\",\"urlTemplate\":\"https:\\\/\\\/hi-nd.com\\\/?s={search_term_string}\"},\"query-input\":{\"@type\":\"PropertyValueSpecification\",\"valueRequired\":true,\"valueName\":\"search_term_string\"}}],\"inLanguage\":\"de\"}]}<\/script>\n<!-- \/ Yoast SEO plugin. -->","yoast_head_json":{"title":"Standard-Totem (tragbare Option) - HI-ND","description":"Standard Totem ist unsere neueste Serie von Produkten f\u00fcr den Innenbereich. Es ist in den Gr\u00f6\u00dfen 24, 32, 43 und 50\u2033 erh\u00e4ltlich. Ein gedrucktes Logo kann hinzugef\u00fcgt werden.","robots":{"index":"index","follow":"follow","max-snippet":"max-snippet:-1","max-image-preview":"max-image-preview:large","max-video-preview":"max-video-preview:-1"},"canonical":"https:\/\/hi-nd.com\/de\/produkt\/standard-totem-tragbare-option\/","og_locale":"de_DE","og_type":"article","og_title":"Standard-Totem (tragbare Option) - HI-ND","og_description":"Standard Totem ist unsere neueste Serie von Produkten f\u00fcr den Innenbereich. Es ist in den Gr\u00f6\u00dfen 24, 32, 43 und 50\u2033 erh\u00e4ltlich. Ein gedrucktes Logo kann hinzugef\u00fcgt werden.","og_url":"https:\/\/hi-nd.com\/de\/produkt\/standard-totem-tragbare-option\/","og_site_name":"HI-ND","article_modified_time":"2024-02-22T20:20:37+00:00","og_image":[{"width":750,"height":750,"url":"https:\/\/hi-nd.com\/wp-content\/uploads\/2022\/02\/FS4311-16.jpg","type":"image\/jpeg"}],"twitter_card":"summary_large_image","twitter_misc":{"Gesch\u00e4tzte Lesezeit":"1\u00a0Minute"},"schema":{"@context":"https:\/\/schema.org","@graph":[{"@type":"WebPage","@id":"https:\/\/hi-nd.com\/de\/produkt\/standard-totem-tragbare-option\/","url":"https:\/\/hi-nd.com\/de\/produkt\/standard-totem-tragbare-option\/","name":"Standard-Totem (tragbare Option) - HI-ND","isPartOf":{"@id":"https:\/\/hi-nd.com\/#website"},"primaryImageOfPage":{"@id":"https:\/\/hi-nd.com\/de\/produkt\/standard-totem-tragbare-option\/#primaryimage"},"image":{"@id":"https:\/\/hi-nd.com\/de\/produkt\/standard-totem-tragbare-option\/#primaryimage"},"thumbnailUrl":"https:\/\/hi-nd.com\/wp-content\/uploads\/2022\/02\/FS4311-16.jpg","datePublished":"2022-02-03T15:52:40+00:00","dateModified":"2024-02-22T20:20:37+00:00","description":"Standard Totem ist unsere neueste Serie von Produkten f\u00fcr den Innenbereich. Es ist in den Gr\u00f6\u00dfen 24, 32, 43 und 50\u2033 erh\u00e4ltlich. Ein gedrucktes Logo kann hinzugef\u00fcgt werden.","breadcrumb":{"@id":"https:\/\/hi-nd.com\/de\/produkt\/standard-totem-tragbare-option\/#breadcrumb"},"inLanguage":"de","potentialAction":[{"@type":"ReadAction","target":["https:\/\/hi-nd.com\/de\/produkt\/standard-totem-tragbare-option\/"]}]},{"@type":"ImageObject","inLanguage":"de","@id":"https:\/\/hi-nd.com\/de\/produkt\/standard-totem-tragbare-option\/#primaryimage","url":"https:\/\/hi-nd.com\/wp-content\/uploads\/2022\/02\/FS4311-16.jpg","contentUrl":"https:\/\/hi-nd.com\/wp-content\/uploads\/2022\/02\/FS4311-16.jpg","width":750,"height":750},{"@type":"BreadcrumbList","@id":"https:\/\/hi-nd.com\/de\/produkt\/standard-totem-tragbare-option\/#breadcrumb","itemListElement":[{"@type":"ListItem","position":1,"name":"Home","item":"https:\/\/hi-nd.com\/de\/"},{"@type":"ListItem","position":2,"name":"Shop","item":"https:\/\/hi-nd.com\/de\/shop\/"},{"@type":"ListItem","position":3,"name":"Standard-Totem (tragbare Option)"}]},{"@type":"WebSite","@id":"https:\/\/hi-nd.com\/#website","url":"https:\/\/hi-nd.com\/","name":"HI-ND","description":"Mounting Solutions","potentialAction":[{"@type":"SearchAction","target":{"@type":"EntryPoint","urlTemplate":"https:\/\/hi-nd.com\/?s={search_term_string}"},"query-input":{"@type":"PropertyValueSpecification","valueRequired":true,"valueName":"search_term_string"}}],"inLanguage":"de"}]}},"_links":{"self":[{"href":"https:\/\/hi-nd.com\/de\/wp-json\/wp\/v2\/product\/5855","targetHints":{"allow":["GET"]}}],"collection":[{"href":"https:\/\/hi-nd.com\/de\/wp-json\/wp\/v2\/product"}],"about":[{"href":"https:\/\/hi-nd.com\/de\/wp-json\/wp\/v2\/types\/product"}],"wp:featuredmedia":[{"embeddable":true,"href":"https:\/\/hi-nd.com\/de\/wp-json\/wp\/v2\/media\/5067"}],"wp:attachment":[{"href":"https:\/\/hi-nd.com\/de\/wp-json\/wp\/v2\/media?parent=5855"}],"wp:term":[{"taxonomy":"product_brand","embeddable":true,"href":"https:\/\/hi-nd.com\/de\/wp-json\/wp\/v2\/product_brand?post=5855"},{"taxonomy":"product_cat","embeddable":true,"href":"https:\/\/hi-nd.com\/de\/wp-json\/wp\/v2\/product_cat?post=5855"},{"taxonomy":"product_tag","embeddable":true,"href":"https:\/\/hi-nd.com\/de\/wp-json\/wp\/v2\/product_tag?post=5855"}],"curies":[{"name":"wp","href":"https:\/\/api.w.org\/{rel}","templated":true}]}}