{"id":5852,"date":"2022-01-22T20:22:13","date_gmt":"2022-01-22T19:22:13","guid":{"rendered":"https:\/\/hi-nd.com\/product\/turm\/"},"modified":"2024-02-22T21:20:17","modified_gmt":"2024-02-22T20:20:17","slug":"turm","status":"publish","type":"product","link":"https:\/\/hi-nd.com\/de\/produkt\/turm\/","title":{"rendered":"Turm"},"content":{"rendered":"<table width=\"809\">\n<tbody>\n<tr>\n<td width=\"200\"><strong>Teilnummer<\/strong><\/td>\n<td width=\"519\"><strong>Beschreibung<\/strong><\/td>\n<td width=\"175\"><strong>Farbe<\/strong><\/td>\n<\/tr>\n<tr>\n<td>TW5012-5001-01<\/td>\n<td>Turm 2&#215;50&#8243;, f\u00fcr Samsung QM50B, QMC<\/td>\n<td>Wei\u00df<\/td>\n<\/tr>\n<tr>\n<td>TW5012-5001-02<\/td>\n<td>Turm 2&#215;50&#8243;, f\u00fcr Samsung QM50B, QMC<\/td>\n<td>Schwarz<\/td>\n<\/tr>\n<\/tbody>\n<\/table>\n","protected":false},"excerpt":{"rendered":"<p style=\"font-weight: 400;\"><strong>Turm als Wegweiser<\/strong><\/p>\n<p style=\"font-weight: 400;\">Unser Indoor-Anzeigeturm verwendet zwei Displays f\u00fcr doppelte Botschaften. Die h\u00e4ufigste Anwendung ist die Wegweisung in Einkaufszentren und \u00f6ffentlichen R\u00e4umen. Zum Schutz des Bildschirms wird eine Polycarbonatplatte verwendet. F\u00fcr die Installation und Wartung der Bildschirme gibt es einen Zugang von vorne.<\/p>\n<ul>\n<li style=\"font-weight: 400;\">Displaygr\u00f6\u00dfe 50&#8243;<\/li>\n<li style=\"font-weight: 400;\">Wei\u00df und Schwarz sind Standardfarben<\/li>\n<li style=\"font-weight: 400;\">Kundenspezifische Farben k\u00f6nnen auf Bestellung hergestellt werden<\/li>\n<li style=\"font-weight: 400;\">Schutz aus Polycarbonat<\/li>\n<\/ul>\n","protected":false},"featured_media":4242,"template":"","meta":[],"product_brand":[],"product_cat":[78,79],"product_tag":[],"class_list":{"0":"post-5852","1":"product","2":"type-product","3":"status-publish","4":"has-post-thumbnail","6":"product_cat-floor-de","7":"product_cat-totem-de","9":"first","10":"instock","11":"shipping-taxable","12":"product-type-simple"},"yoast_head":"<!-- This site is optimized with the Yoast SEO plugin v27.3 - https:\/\/yoast.com\/product\/yoast-seo-wordpress\/ -->\n<title>Turm - HI-ND<\/title>\n<meta name=\"description\" content=\"Unser Indoor Display Tower verwendet zwei Displays f\u00fcr doppelte Botschaften. Die h\u00e4ufigste Anwendung ist die Wegweisung in Einkaufszentren und \u00f6ffentlichen R\u00e4umen.\" \/>\n<meta name=\"robots\" content=\"index, follow, max-snippet:-1, max-image-preview:large, max-video-preview:-1\" \/>\n<link rel=\"canonical\" href=\"https:\/\/hi-nd.com\/de\/produkt\/turm\/\" \/>\n<meta property=\"og:locale\" content=\"de_DE\" \/>\n<meta property=\"og:type\" content=\"article\" \/>\n<meta property=\"og:title\" content=\"Turm - HI-ND\" \/>\n<meta property=\"og:description\" content=\"Unser Indoor Display Tower verwendet zwei Displays f\u00fcr doppelte Botschaften. Die h\u00e4ufigste Anwendung ist die Wegweisung in Einkaufszentren und \u00f6ffentlichen R\u00e4umen.\" \/>\n<meta property=\"og:url\" content=\"https:\/\/hi-nd.com\/de\/produkt\/turm\/\" \/>\n<meta property=\"og:site_name\" content=\"HI-ND\" \/>\n<meta property=\"article:modified_time\" content=\"2024-02-22T20:20:17+00:00\" \/>\n<meta property=\"og:image\" content=\"https:\/\/hi-nd.com\/wp-content\/uploads\/2022\/01\/TW4312-5001-06.jpg\" \/>\n\t<meta property=\"og:image:width\" content=\"750\" \/>\n\t<meta property=\"og:image:height\" content=\"750\" \/>\n\t<meta property=\"og:image:type\" content=\"image\/jpeg\" \/>\n<meta name=\"twitter:card\" content=\"summary_large_image\" \/>\n<script type=\"application\/ld+json\" class=\"yoast-schema-graph\">{\"@context\":\"https:\\\/\\\/schema.org\",\"@graph\":[{\"@type\":\"WebPage\",\"@id\":\"https:\\\/\\\/hi-nd.com\\\/de\\\/produkt\\\/turm\\\/\",\"url\":\"https:\\\/\\\/hi-nd.com\\\/de\\\/produkt\\\/turm\\\/\",\"name\":\"Turm - HI-ND\",\"isPartOf\":{\"@id\":\"https:\\\/\\\/hi-nd.com\\\/#website\"},\"primaryImageOfPage\":{\"@id\":\"https:\\\/\\\/hi-nd.com\\\/de\\\/produkt\\\/turm\\\/#primaryimage\"},\"image\":{\"@id\":\"https:\\\/\\\/hi-nd.com\\\/de\\\/produkt\\\/turm\\\/#primaryimage\"},\"thumbnailUrl\":\"https:\\\/\\\/hi-nd.com\\\/wp-content\\\/uploads\\\/2022\\\/01\\\/TW4312-5001-06.jpg\",\"datePublished\":\"2022-01-22T19:22:13+00:00\",\"dateModified\":\"2024-02-22T20:20:17+00:00\",\"description\":\"Unser Indoor Display Tower verwendet zwei Displays f\u00fcr doppelte Botschaften. Die h\u00e4ufigste Anwendung ist die Wegweisung in Einkaufszentren und \u00f6ffentlichen R\u00e4umen.\",\"breadcrumb\":{\"@id\":\"https:\\\/\\\/hi-nd.com\\\/de\\\/produkt\\\/turm\\\/#breadcrumb\"},\"inLanguage\":\"de\",\"potentialAction\":[{\"@type\":\"ReadAction\",\"target\":[\"https:\\\/\\\/hi-nd.com\\\/de\\\/produkt\\\/turm\\\/\"]}]},{\"@type\":\"ImageObject\",\"inLanguage\":\"de\",\"@id\":\"https:\\\/\\\/hi-nd.com\\\/de\\\/produkt\\\/turm\\\/#primaryimage\",\"url\":\"https:\\\/\\\/hi-nd.com\\\/wp-content\\\/uploads\\\/2022\\\/01\\\/TW4312-5001-06.jpg\",\"contentUrl\":\"https:\\\/\\\/hi-nd.com\\\/wp-content\\\/uploads\\\/2022\\\/01\\\/TW4312-5001-06.jpg\",\"width\":750,\"height\":750},{\"@type\":\"BreadcrumbList\",\"@id\":\"https:\\\/\\\/hi-nd.com\\\/de\\\/produkt\\\/turm\\\/#breadcrumb\",\"itemListElement\":[{\"@type\":\"ListItem\",\"position\":1,\"name\":\"Home\",\"item\":\"https:\\\/\\\/hi-nd.com\\\/de\\\/\"},{\"@type\":\"ListItem\",\"position\":2,\"name\":\"Shop\",\"item\":\"https:\\\/\\\/hi-nd.com\\\/de\\\/shop\\\/\"},{\"@type\":\"ListItem\",\"position\":3,\"name\":\"Turm\"}]},{\"@type\":\"WebSite\",\"@id\":\"https:\\\/\\\/hi-nd.com\\\/#website\",\"url\":\"https:\\\/\\\/hi-nd.com\\\/\",\"name\":\"HI-ND\",\"description\":\"Mounting Solutions\",\"potentialAction\":[{\"@type\":\"SearchAction\",\"target\":{\"@type\":\"EntryPoint\",\"urlTemplate\":\"https:\\\/\\\/hi-nd.com\\\/?s={search_term_string}\"},\"query-input\":{\"@type\":\"PropertyValueSpecification\",\"valueRequired\":true,\"valueName\":\"search_term_string\"}}],\"inLanguage\":\"de\"}]}<\/script>\n<!-- \/ Yoast SEO plugin. -->","yoast_head_json":{"title":"Turm - HI-ND","description":"Unser Indoor Display Tower verwendet zwei Displays f\u00fcr doppelte Botschaften. Die h\u00e4ufigste Anwendung ist die Wegweisung in Einkaufszentren und \u00f6ffentlichen R\u00e4umen.","robots":{"index":"index","follow":"follow","max-snippet":"max-snippet:-1","max-image-preview":"max-image-preview:large","max-video-preview":"max-video-preview:-1"},"canonical":"https:\/\/hi-nd.com\/de\/produkt\/turm\/","og_locale":"de_DE","og_type":"article","og_title":"Turm - HI-ND","og_description":"Unser Indoor Display Tower verwendet zwei Displays f\u00fcr doppelte Botschaften. Die h\u00e4ufigste Anwendung ist die Wegweisung in Einkaufszentren und \u00f6ffentlichen R\u00e4umen.","og_url":"https:\/\/hi-nd.com\/de\/produkt\/turm\/","og_site_name":"HI-ND","article_modified_time":"2024-02-22T20:20:17+00:00","og_image":[{"width":750,"height":750,"url":"https:\/\/hi-nd.com\/wp-content\/uploads\/2022\/01\/TW4312-5001-06.jpg","type":"image\/jpeg"}],"twitter_card":"summary_large_image","schema":{"@context":"https:\/\/schema.org","@graph":[{"@type":"WebPage","@id":"https:\/\/hi-nd.com\/de\/produkt\/turm\/","url":"https:\/\/hi-nd.com\/de\/produkt\/turm\/","name":"Turm - HI-ND","isPartOf":{"@id":"https:\/\/hi-nd.com\/#website"},"primaryImageOfPage":{"@id":"https:\/\/hi-nd.com\/de\/produkt\/turm\/#primaryimage"},"image":{"@id":"https:\/\/hi-nd.com\/de\/produkt\/turm\/#primaryimage"},"thumbnailUrl":"https:\/\/hi-nd.com\/wp-content\/uploads\/2022\/01\/TW4312-5001-06.jpg","datePublished":"2022-01-22T19:22:13+00:00","dateModified":"2024-02-22T20:20:17+00:00","description":"Unser Indoor Display Tower verwendet zwei Displays f\u00fcr doppelte Botschaften. Die h\u00e4ufigste Anwendung ist die Wegweisung in Einkaufszentren und \u00f6ffentlichen R\u00e4umen.","breadcrumb":{"@id":"https:\/\/hi-nd.com\/de\/produkt\/turm\/#breadcrumb"},"inLanguage":"de","potentialAction":[{"@type":"ReadAction","target":["https:\/\/hi-nd.com\/de\/produkt\/turm\/"]}]},{"@type":"ImageObject","inLanguage":"de","@id":"https:\/\/hi-nd.com\/de\/produkt\/turm\/#primaryimage","url":"https:\/\/hi-nd.com\/wp-content\/uploads\/2022\/01\/TW4312-5001-06.jpg","contentUrl":"https:\/\/hi-nd.com\/wp-content\/uploads\/2022\/01\/TW4312-5001-06.jpg","width":750,"height":750},{"@type":"BreadcrumbList","@id":"https:\/\/hi-nd.com\/de\/produkt\/turm\/#breadcrumb","itemListElement":[{"@type":"ListItem","position":1,"name":"Home","item":"https:\/\/hi-nd.com\/de\/"},{"@type":"ListItem","position":2,"name":"Shop","item":"https:\/\/hi-nd.com\/de\/shop\/"},{"@type":"ListItem","position":3,"name":"Turm"}]},{"@type":"WebSite","@id":"https:\/\/hi-nd.com\/#website","url":"https:\/\/hi-nd.com\/","name":"HI-ND","description":"Mounting Solutions","potentialAction":[{"@type":"SearchAction","target":{"@type":"EntryPoint","urlTemplate":"https:\/\/hi-nd.com\/?s={search_term_string}"},"query-input":{"@type":"PropertyValueSpecification","valueRequired":true,"valueName":"search_term_string"}}],"inLanguage":"de"}]}},"_links":{"self":[{"href":"https:\/\/hi-nd.com\/de\/wp-json\/wp\/v2\/product\/5852","targetHints":{"allow":["GET"]}}],"collection":[{"href":"https:\/\/hi-nd.com\/de\/wp-json\/wp\/v2\/product"}],"about":[{"href":"https:\/\/hi-nd.com\/de\/wp-json\/wp\/v2\/types\/product"}],"wp:featuredmedia":[{"embeddable":true,"href":"https:\/\/hi-nd.com\/de\/wp-json\/wp\/v2\/media\/4242"}],"wp:attachment":[{"href":"https:\/\/hi-nd.com\/de\/wp-json\/wp\/v2\/media?parent=5852"}],"wp:term":[{"taxonomy":"product_brand","embeddable":true,"href":"https:\/\/hi-nd.com\/de\/wp-json\/wp\/v2\/product_brand?post=5852"},{"taxonomy":"product_cat","embeddable":true,"href":"https:\/\/hi-nd.com\/de\/wp-json\/wp\/v2\/product_cat?post=5852"},{"taxonomy":"product_tag","embeddable":true,"href":"https:\/\/hi-nd.com\/de\/wp-json\/wp\/v2\/product_tag?post=5852"}],"curies":[{"name":"wp","href":"https:\/\/api.w.org\/{rel}","templated":true}]}}