{"id":5849,"date":"2022-01-20T17:24:13","date_gmt":"2022-01-20T16:24:13","guid":{"rendered":"https:\/\/hi-nd.com\/product\/bodenstaender-h-fuer-samsung-om55n-ds\/"},"modified":"2024-02-22T21:20:04","modified_gmt":"2024-02-22T20:20:04","slug":"bodenstaender-h-fuer-samsung-om55n-ds","status":"publish","type":"product","link":"https:\/\/hi-nd.com\/de\/produkt\/bodenstaender-h-fuer-samsung-om55n-ds\/","title":{"rendered":"Bodenst\u00e4nder H f\u00fcr Samsung OM55N-DS"},"content":{"rendered":"<table style=\"height: 124px;\" width=\"571\">\n<tbody>\n<tr>\n<td width=\"115\"> Teilnummer<\/td>\n<td width=\"339\"> Beschreibung<\/td>\n<td width=\"60\"> Farbe<\/td>\n<\/tr>\n<tr>\n<td> FS5519-5001-01<\/td>\n<td> Standfu\u00df, OM55N-DS, Schwarzer Korpus, wei\u00dfe Seitens\u00e4ulen<\/td>\n<td> Wei\u00df<\/td>\n<\/tr>\n<tr>\n<td> FS5519-5001-02<\/td>\n<td> Standfu\u00df, OM55N-DS, Schwarzer Korpus, Schwarzer Seitenpfeiler<\/td>\n<td> Schwarz<\/td>\n<\/tr>\n<\/tbody>\n<\/table>\n","protected":false},"excerpt":{"rendered":"<p>Standfu\u00df H Dual<\/p>\n<p>HI-ND Bodenst\u00e4nder H dual ist ein Bodenst\u00e4nder, der f\u00fcr Samsung OM55N-DS entwickelt wurde. Die ideale L\u00f6sung f\u00fcr Schaufensteranwendungen mit 3000nit vor dem Fenster und 1000nit im Inneren. Es gibt keine von au\u00dfen sichtbaren Kabel und Schrauben. Der Netzstecker und das Zubeh\u00f6r k\u00f6nnen in der unteren Abdeckung untergebracht werden. Die Seiten k\u00f6nnen in verschiedenen Farben gestrichen werden, um Ihren eigenen Look zu kreieren<\/p>\n<ul>\n<li>Keine sichtbaren Kabel und Schrauben<\/li>\n<li>Platz f\u00fcr Netzstecker in der Box<\/li>\n<li>IR-Sensor oberhalb des Bildschirms<\/li>\n<li>Schwarze oder wei\u00dfe Seitens\u00e4ulen<\/li>\n<li>Einfach zu installieren<\/li>\n<\/ul>\n","protected":false},"featured_media":3948,"template":"","meta":[],"product_brand":[],"product_cat":[78,107],"product_tag":[],"class_list":{"0":"post-5849","1":"product","2":"type-product","3":"status-publish","4":"has-post-thumbnail","6":"product_cat-floor-de","7":"product_cat-standfus","9":"first","10":"instock","11":"shipping-taxable","12":"product-type-simple"},"yoast_head":"<!-- This site is optimized with the Yoast SEO plugin v27.3 - https:\/\/yoast.com\/product\/yoast-seo-wordpress\/ -->\n<title>Bodenst\u00e4nder H f\u00fcr Samsung OM55N-DS - HI-ND<\/title>\n<meta name=\"description\" content=\"Der HI-ND Bodenst\u00e4nder H dual ist ein Bodenst\u00e4nder f\u00fcr den Samsung OM55N-D. Die ideale L\u00f6sung f\u00fcr Schaufensteranwendungen.\" \/>\n<meta name=\"robots\" content=\"index, follow, max-snippet:-1, max-image-preview:large, max-video-preview:-1\" \/>\n<link rel=\"canonical\" href=\"https:\/\/hi-nd.com\/de\/produkt\/bodenstaender-h-fuer-samsung-om55n-ds\/\" \/>\n<meta property=\"og:locale\" content=\"de_DE\" \/>\n<meta property=\"og:type\" content=\"article\" \/>\n<meta property=\"og:title\" content=\"Bodenst\u00e4nder H f\u00fcr Samsung OM55N-DS - HI-ND\" \/>\n<meta property=\"og:description\" content=\"Der HI-ND Bodenst\u00e4nder H dual ist ein Bodenst\u00e4nder f\u00fcr den Samsung OM55N-D. Die ideale L\u00f6sung f\u00fcr Schaufensteranwendungen.\" \/>\n<meta property=\"og:url\" content=\"https:\/\/hi-nd.com\/de\/produkt\/bodenstaender-h-fuer-samsung-om55n-ds\/\" \/>\n<meta property=\"og:site_name\" content=\"HI-ND\" \/>\n<meta property=\"article:modified_time\" content=\"2024-02-22T20:20:04+00:00\" \/>\n<meta property=\"og:image\" content=\"https:\/\/hi-nd.com\/wp-content\/uploads\/2022\/01\/H-OMN-web.png\" \/>\n\t<meta property=\"og:image:width\" content=\"750\" \/>\n\t<meta property=\"og:image:height\" content=\"750\" \/>\n\t<meta property=\"og:image:type\" content=\"image\/png\" \/>\n<meta name=\"twitter:card\" content=\"summary_large_image\" \/>\n<script type=\"application\/ld+json\" class=\"yoast-schema-graph\">{\"@context\":\"https:\\\/\\\/schema.org\",\"@graph\":[{\"@type\":\"WebPage\",\"@id\":\"https:\\\/\\\/hi-nd.com\\\/de\\\/produkt\\\/bodenstaender-h-fuer-samsung-om55n-ds\\\/\",\"url\":\"https:\\\/\\\/hi-nd.com\\\/de\\\/produkt\\\/bodenstaender-h-fuer-samsung-om55n-ds\\\/\",\"name\":\"Bodenst\u00e4nder H f\u00fcr Samsung OM55N-DS - HI-ND\",\"isPartOf\":{\"@id\":\"https:\\\/\\\/hi-nd.com\\\/#website\"},\"primaryImageOfPage\":{\"@id\":\"https:\\\/\\\/hi-nd.com\\\/de\\\/produkt\\\/bodenstaender-h-fuer-samsung-om55n-ds\\\/#primaryimage\"},\"image\":{\"@id\":\"https:\\\/\\\/hi-nd.com\\\/de\\\/produkt\\\/bodenstaender-h-fuer-samsung-om55n-ds\\\/#primaryimage\"},\"thumbnailUrl\":\"https:\\\/\\\/hi-nd.com\\\/wp-content\\\/uploads\\\/2022\\\/01\\\/H-OMN-web.png\",\"datePublished\":\"2022-01-20T16:24:13+00:00\",\"dateModified\":\"2024-02-22T20:20:04+00:00\",\"description\":\"Der HI-ND Bodenst\u00e4nder H dual ist ein Bodenst\u00e4nder f\u00fcr den Samsung OM55N-D. Die ideale L\u00f6sung f\u00fcr Schaufensteranwendungen.\",\"breadcrumb\":{\"@id\":\"https:\\\/\\\/hi-nd.com\\\/de\\\/produkt\\\/bodenstaender-h-fuer-samsung-om55n-ds\\\/#breadcrumb\"},\"inLanguage\":\"de\",\"potentialAction\":[{\"@type\":\"ReadAction\",\"target\":[\"https:\\\/\\\/hi-nd.com\\\/de\\\/produkt\\\/bodenstaender-h-fuer-samsung-om55n-ds\\\/\"]}]},{\"@type\":\"ImageObject\",\"inLanguage\":\"de\",\"@id\":\"https:\\\/\\\/hi-nd.com\\\/de\\\/produkt\\\/bodenstaender-h-fuer-samsung-om55n-ds\\\/#primaryimage\",\"url\":\"https:\\\/\\\/hi-nd.com\\\/wp-content\\\/uploads\\\/2022\\\/01\\\/H-OMN-web.png\",\"contentUrl\":\"https:\\\/\\\/hi-nd.com\\\/wp-content\\\/uploads\\\/2022\\\/01\\\/H-OMN-web.png\",\"width\":750,\"height\":750},{\"@type\":\"BreadcrumbList\",\"@id\":\"https:\\\/\\\/hi-nd.com\\\/de\\\/produkt\\\/bodenstaender-h-fuer-samsung-om55n-ds\\\/#breadcrumb\",\"itemListElement\":[{\"@type\":\"ListItem\",\"position\":1,\"name\":\"Home\",\"item\":\"https:\\\/\\\/hi-nd.com\\\/de\\\/\"},{\"@type\":\"ListItem\",\"position\":2,\"name\":\"Shop\",\"item\":\"https:\\\/\\\/hi-nd.com\\\/de\\\/shop\\\/\"},{\"@type\":\"ListItem\",\"position\":3,\"name\":\"Bodenst\u00e4nder H f\u00fcr Samsung OM55N-DS\"}]},{\"@type\":\"WebSite\",\"@id\":\"https:\\\/\\\/hi-nd.com\\\/#website\",\"url\":\"https:\\\/\\\/hi-nd.com\\\/\",\"name\":\"HI-ND\",\"description\":\"Mounting Solutions\",\"potentialAction\":[{\"@type\":\"SearchAction\",\"target\":{\"@type\":\"EntryPoint\",\"urlTemplate\":\"https:\\\/\\\/hi-nd.com\\\/?s={search_term_string}\"},\"query-input\":{\"@type\":\"PropertyValueSpecification\",\"valueRequired\":true,\"valueName\":\"search_term_string\"}}],\"inLanguage\":\"de\"}]}<\/script>\n<!-- \/ Yoast SEO plugin. -->","yoast_head_json":{"title":"Bodenst\u00e4nder H f\u00fcr Samsung OM55N-DS - HI-ND","description":"Der HI-ND Bodenst\u00e4nder H dual ist ein Bodenst\u00e4nder f\u00fcr den Samsung OM55N-D. Die ideale L\u00f6sung f\u00fcr Schaufensteranwendungen.","robots":{"index":"index","follow":"follow","max-snippet":"max-snippet:-1","max-image-preview":"max-image-preview:large","max-video-preview":"max-video-preview:-1"},"canonical":"https:\/\/hi-nd.com\/de\/produkt\/bodenstaender-h-fuer-samsung-om55n-ds\/","og_locale":"de_DE","og_type":"article","og_title":"Bodenst\u00e4nder H f\u00fcr Samsung OM55N-DS - HI-ND","og_description":"Der HI-ND Bodenst\u00e4nder H dual ist ein Bodenst\u00e4nder f\u00fcr den Samsung OM55N-D. Die ideale L\u00f6sung f\u00fcr Schaufensteranwendungen.","og_url":"https:\/\/hi-nd.com\/de\/produkt\/bodenstaender-h-fuer-samsung-om55n-ds\/","og_site_name":"HI-ND","article_modified_time":"2024-02-22T20:20:04+00:00","og_image":[{"width":750,"height":750,"url":"https:\/\/hi-nd.com\/wp-content\/uploads\/2022\/01\/H-OMN-web.png","type":"image\/png"}],"twitter_card":"summary_large_image","schema":{"@context":"https:\/\/schema.org","@graph":[{"@type":"WebPage","@id":"https:\/\/hi-nd.com\/de\/produkt\/bodenstaender-h-fuer-samsung-om55n-ds\/","url":"https:\/\/hi-nd.com\/de\/produkt\/bodenstaender-h-fuer-samsung-om55n-ds\/","name":"Bodenst\u00e4nder H f\u00fcr Samsung OM55N-DS - HI-ND","isPartOf":{"@id":"https:\/\/hi-nd.com\/#website"},"primaryImageOfPage":{"@id":"https:\/\/hi-nd.com\/de\/produkt\/bodenstaender-h-fuer-samsung-om55n-ds\/#primaryimage"},"image":{"@id":"https:\/\/hi-nd.com\/de\/produkt\/bodenstaender-h-fuer-samsung-om55n-ds\/#primaryimage"},"thumbnailUrl":"https:\/\/hi-nd.com\/wp-content\/uploads\/2022\/01\/H-OMN-web.png","datePublished":"2022-01-20T16:24:13+00:00","dateModified":"2024-02-22T20:20:04+00:00","description":"Der HI-ND Bodenst\u00e4nder H dual ist ein Bodenst\u00e4nder f\u00fcr den Samsung OM55N-D. Die ideale L\u00f6sung f\u00fcr Schaufensteranwendungen.","breadcrumb":{"@id":"https:\/\/hi-nd.com\/de\/produkt\/bodenstaender-h-fuer-samsung-om55n-ds\/#breadcrumb"},"inLanguage":"de","potentialAction":[{"@type":"ReadAction","target":["https:\/\/hi-nd.com\/de\/produkt\/bodenstaender-h-fuer-samsung-om55n-ds\/"]}]},{"@type":"ImageObject","inLanguage":"de","@id":"https:\/\/hi-nd.com\/de\/produkt\/bodenstaender-h-fuer-samsung-om55n-ds\/#primaryimage","url":"https:\/\/hi-nd.com\/wp-content\/uploads\/2022\/01\/H-OMN-web.png","contentUrl":"https:\/\/hi-nd.com\/wp-content\/uploads\/2022\/01\/H-OMN-web.png","width":750,"height":750},{"@type":"BreadcrumbList","@id":"https:\/\/hi-nd.com\/de\/produkt\/bodenstaender-h-fuer-samsung-om55n-ds\/#breadcrumb","itemListElement":[{"@type":"ListItem","position":1,"name":"Home","item":"https:\/\/hi-nd.com\/de\/"},{"@type":"ListItem","position":2,"name":"Shop","item":"https:\/\/hi-nd.com\/de\/shop\/"},{"@type":"ListItem","position":3,"name":"Bodenst\u00e4nder H f\u00fcr Samsung OM55N-DS"}]},{"@type":"WebSite","@id":"https:\/\/hi-nd.com\/#website","url":"https:\/\/hi-nd.com\/","name":"HI-ND","description":"Mounting Solutions","potentialAction":[{"@type":"SearchAction","target":{"@type":"EntryPoint","urlTemplate":"https:\/\/hi-nd.com\/?s={search_term_string}"},"query-input":{"@type":"PropertyValueSpecification","valueRequired":true,"valueName":"search_term_string"}}],"inLanguage":"de"}]}},"_links":{"self":[{"href":"https:\/\/hi-nd.com\/de\/wp-json\/wp\/v2\/product\/5849","targetHints":{"allow":["GET"]}}],"collection":[{"href":"https:\/\/hi-nd.com\/de\/wp-json\/wp\/v2\/product"}],"about":[{"href":"https:\/\/hi-nd.com\/de\/wp-json\/wp\/v2\/types\/product"}],"wp:featuredmedia":[{"embeddable":true,"href":"https:\/\/hi-nd.com\/de\/wp-json\/wp\/v2\/media\/3948"}],"wp:attachment":[{"href":"https:\/\/hi-nd.com\/de\/wp-json\/wp\/v2\/media?parent=5849"}],"wp:term":[{"taxonomy":"product_brand","embeddable":true,"href":"https:\/\/hi-nd.com\/de\/wp-json\/wp\/v2\/product_brand?post=5849"},{"taxonomy":"product_cat","embeddable":true,"href":"https:\/\/hi-nd.com\/de\/wp-json\/wp\/v2\/product_cat?post=5849"},{"taxonomy":"product_tag","embeddable":true,"href":"https:\/\/hi-nd.com\/de\/wp-json\/wp\/v2\/product_tag?post=5849"}],"curies":[{"name":"wp","href":"https:\/\/api.w.org\/{rel}","templated":true}]}}