{"id":5842,"date":"2022-01-28T13:55:16","date_gmt":"2022-01-28T12:55:16","guid":{"rendered":"https:\/\/hi-nd.com\/product\/deckenhalterung-fuer-menuboard\/"},"modified":"2024-03-01T09:55:32","modified_gmt":"2024-03-01T08:55:32","slug":"deckenhalterung-fuer-menuboard","status":"publish","type":"product","link":"https:\/\/hi-nd.com\/de\/produkt\/deckenhalterung-fuer-menuboard\/","title":{"rendered":"Deckenhalterung f\u00fcr Menuboard"},"content":{"rendered":"<table border=\"0\" cellspacing=\"0\">\n<colgroup width=\"172\"><\/colgroup>\n<colgroup width=\"709\"><\/colgroup>\n<colgroup width=\"128\"><\/colgroup>\n<tbody>\n<tr>\n<td align=\"left\" height=\"26\"><b> Teilnummer<\/b><\/td>\n<td align=\"left\"><b> Beschreibung<\/b><\/td>\n<td align=\"left\"><b> Farbe<\/b><\/td>\n<\/tr>\n<tr>\n<td align=\"left\" height=\"26\">  C-VR01-02<\/td>\n<td align=\"left\">  Menuboard Deckenhalterung, quer, 3&#215;46&#8243;, 3&#215;49&#8243;, 3&#215;50&#8243;<\/td>\n<td align=\"left\">  Grau<\/td>\n<\/tr>\n<\/tbody>\n<\/table>\n","protected":false},"excerpt":{"rendered":"<p>HI-ND Menu Board ist f\u00fcr Restaurants und \u00f6ffentliche Einrichtungen konzipiert. Das Produkt bietet eine sichere Methode zur Befestigung von 3 Displays im Querformat.<\/p>\n<p>Die Aluminiumstruktur reduziert das Gesamtgewicht. Verbesserter Kabelf\u00fchrungskanal mit Sicherheitsstiften. Neigung von 0 &#8211; 15\u00b0.<\/p>\n<ul style=\"font-weight: 400;\">\n<li>3 x 1 Bildschirm im Querformat<\/li>\n<li>VESA: 200&#215;200, 400&#215;200, 300&#215;300, 400&#215;400, 600&#215;400<\/li>\n<li>Einbau: Flache Decke<\/li>\n<li>Bildschirmgr\u00f6\u00dfe: 46&#8243; &#8211; 50&#8243;<\/li>\n<li>Neigung: 0\u00b0\/-5\u00b0\/-10\u00b0\/-15\u00b0\/-20\u00b0<\/li>\n<li>Gewicht pro Bildschirm: Maximal 50 kg<\/li>\n<li>F\u00fcr die Installation im Hochformat, bitte kontaktieren Sie uns<\/li>\n<\/ul>\n","protected":false},"featured_media":4104,"template":"","meta":[],"product_brand":[],"product_cat":[81,103],"product_tag":[],"class_list":{"0":"post-5842","1":"product","2":"type-product","3":"status-publish","4":"has-post-thumbnail","6":"product_cat-decken","7":"product_cat-deckenhalterung","9":"first","10":"instock","11":"shipping-taxable","12":"product-type-simple"},"yoast_head":"<!-- This site is optimized with the Yoast SEO plugin v27.3 - https:\/\/yoast.com\/product\/yoast-seo-wordpress\/ -->\n<title>Deckenhalterung f\u00fcr Menuboard - HI-ND<\/title>\n<meta name=\"description\" content=\"HI-ND Menu Board ist f\u00fcr Restaurants und \u00f6ffentliche Einrichtungen konzipiert. Es bietet eine sichere Methode zur Befestigung von 3 Displays im Querformat.\" \/>\n<meta name=\"robots\" content=\"index, follow, max-snippet:-1, max-image-preview:large, max-video-preview:-1\" \/>\n<link rel=\"canonical\" href=\"https:\/\/hi-nd.com\/de\/produkt\/deckenhalterung-fuer-menuboard\/\" \/>\n<meta property=\"og:locale\" content=\"de_DE\" \/>\n<meta property=\"og:type\" content=\"article\" \/>\n<meta property=\"og:title\" content=\"Deckenhalterung f\u00fcr Menuboard - HI-ND\" \/>\n<meta property=\"og:description\" content=\"HI-ND Menu Board ist f\u00fcr Restaurants und \u00f6ffentliche Einrichtungen konzipiert. Es bietet eine sichere Methode zur Befestigung von 3 Displays im Querformat.\" \/>\n<meta property=\"og:url\" content=\"https:\/\/hi-nd.com\/de\/produkt\/deckenhalterung-fuer-menuboard\/\" \/>\n<meta property=\"og:site_name\" content=\"HI-ND\" \/>\n<meta property=\"article:modified_time\" content=\"2024-03-01T08:55:32+00:00\" \/>\n<meta property=\"og:image\" content=\"https:\/\/hi-nd.com\/wp-content\/uploads\/2022\/01\/mount-for-menuboard.png\" \/>\n\t<meta property=\"og:image:width\" content=\"750\" \/>\n\t<meta property=\"og:image:height\" content=\"750\" \/>\n\t<meta property=\"og:image:type\" content=\"image\/png\" \/>\n<meta name=\"twitter:card\" content=\"summary_large_image\" \/>\n<script type=\"application\/ld+json\" class=\"yoast-schema-graph\">{\"@context\":\"https:\\\/\\\/schema.org\",\"@graph\":[{\"@type\":\"WebPage\",\"@id\":\"https:\\\/\\\/hi-nd.com\\\/de\\\/produkt\\\/deckenhalterung-fuer-menuboard\\\/\",\"url\":\"https:\\\/\\\/hi-nd.com\\\/de\\\/produkt\\\/deckenhalterung-fuer-menuboard\\\/\",\"name\":\"Deckenhalterung f\u00fcr Menuboard - HI-ND\",\"isPartOf\":{\"@id\":\"https:\\\/\\\/hi-nd.com\\\/#website\"},\"primaryImageOfPage\":{\"@id\":\"https:\\\/\\\/hi-nd.com\\\/de\\\/produkt\\\/deckenhalterung-fuer-menuboard\\\/#primaryimage\"},\"image\":{\"@id\":\"https:\\\/\\\/hi-nd.com\\\/de\\\/produkt\\\/deckenhalterung-fuer-menuboard\\\/#primaryimage\"},\"thumbnailUrl\":\"https:\\\/\\\/hi-nd.com\\\/wp-content\\\/uploads\\\/2022\\\/01\\\/mount-for-menuboard.png\",\"datePublished\":\"2022-01-28T12:55:16+00:00\",\"dateModified\":\"2024-03-01T08:55:32+00:00\",\"description\":\"HI-ND Menu Board ist f\u00fcr Restaurants und \u00f6ffentliche Einrichtungen konzipiert. Es bietet eine sichere Methode zur Befestigung von 3 Displays im Querformat.\",\"breadcrumb\":{\"@id\":\"https:\\\/\\\/hi-nd.com\\\/de\\\/produkt\\\/deckenhalterung-fuer-menuboard\\\/#breadcrumb\"},\"inLanguage\":\"de\",\"potentialAction\":[{\"@type\":\"ReadAction\",\"target\":[\"https:\\\/\\\/hi-nd.com\\\/de\\\/produkt\\\/deckenhalterung-fuer-menuboard\\\/\"]}]},{\"@type\":\"ImageObject\",\"inLanguage\":\"de\",\"@id\":\"https:\\\/\\\/hi-nd.com\\\/de\\\/produkt\\\/deckenhalterung-fuer-menuboard\\\/#primaryimage\",\"url\":\"https:\\\/\\\/hi-nd.com\\\/wp-content\\\/uploads\\\/2022\\\/01\\\/mount-for-menuboard.png\",\"contentUrl\":\"https:\\\/\\\/hi-nd.com\\\/wp-content\\\/uploads\\\/2022\\\/01\\\/mount-for-menuboard.png\",\"width\":750,\"height\":750},{\"@type\":\"BreadcrumbList\",\"@id\":\"https:\\\/\\\/hi-nd.com\\\/de\\\/produkt\\\/deckenhalterung-fuer-menuboard\\\/#breadcrumb\",\"itemListElement\":[{\"@type\":\"ListItem\",\"position\":1,\"name\":\"Home\",\"item\":\"https:\\\/\\\/hi-nd.com\\\/de\\\/\"},{\"@type\":\"ListItem\",\"position\":2,\"name\":\"Shop\",\"item\":\"https:\\\/\\\/hi-nd.com\\\/de\\\/shop\\\/\"},{\"@type\":\"ListItem\",\"position\":3,\"name\":\"Deckenhalterung f\u00fcr Menuboard\"}]},{\"@type\":\"WebSite\",\"@id\":\"https:\\\/\\\/hi-nd.com\\\/#website\",\"url\":\"https:\\\/\\\/hi-nd.com\\\/\",\"name\":\"HI-ND\",\"description\":\"Mounting Solutions\",\"potentialAction\":[{\"@type\":\"SearchAction\",\"target\":{\"@type\":\"EntryPoint\",\"urlTemplate\":\"https:\\\/\\\/hi-nd.com\\\/?s={search_term_string}\"},\"query-input\":{\"@type\":\"PropertyValueSpecification\",\"valueRequired\":true,\"valueName\":\"search_term_string\"}}],\"inLanguage\":\"de\"}]}<\/script>\n<!-- \/ Yoast SEO plugin. -->","yoast_head_json":{"title":"Deckenhalterung f\u00fcr Menuboard - HI-ND","description":"HI-ND Menu Board ist f\u00fcr Restaurants und \u00f6ffentliche Einrichtungen konzipiert. Es bietet eine sichere Methode zur Befestigung von 3 Displays im Querformat.","robots":{"index":"index","follow":"follow","max-snippet":"max-snippet:-1","max-image-preview":"max-image-preview:large","max-video-preview":"max-video-preview:-1"},"canonical":"https:\/\/hi-nd.com\/de\/produkt\/deckenhalterung-fuer-menuboard\/","og_locale":"de_DE","og_type":"article","og_title":"Deckenhalterung f\u00fcr Menuboard - HI-ND","og_description":"HI-ND Menu Board ist f\u00fcr Restaurants und \u00f6ffentliche Einrichtungen konzipiert. Es bietet eine sichere Methode zur Befestigung von 3 Displays im Querformat.","og_url":"https:\/\/hi-nd.com\/de\/produkt\/deckenhalterung-fuer-menuboard\/","og_site_name":"HI-ND","article_modified_time":"2024-03-01T08:55:32+00:00","og_image":[{"width":750,"height":750,"url":"https:\/\/hi-nd.com\/wp-content\/uploads\/2022\/01\/mount-for-menuboard.png","type":"image\/png"}],"twitter_card":"summary_large_image","schema":{"@context":"https:\/\/schema.org","@graph":[{"@type":"WebPage","@id":"https:\/\/hi-nd.com\/de\/produkt\/deckenhalterung-fuer-menuboard\/","url":"https:\/\/hi-nd.com\/de\/produkt\/deckenhalterung-fuer-menuboard\/","name":"Deckenhalterung f\u00fcr Menuboard - HI-ND","isPartOf":{"@id":"https:\/\/hi-nd.com\/#website"},"primaryImageOfPage":{"@id":"https:\/\/hi-nd.com\/de\/produkt\/deckenhalterung-fuer-menuboard\/#primaryimage"},"image":{"@id":"https:\/\/hi-nd.com\/de\/produkt\/deckenhalterung-fuer-menuboard\/#primaryimage"},"thumbnailUrl":"https:\/\/hi-nd.com\/wp-content\/uploads\/2022\/01\/mount-for-menuboard.png","datePublished":"2022-01-28T12:55:16+00:00","dateModified":"2024-03-01T08:55:32+00:00","description":"HI-ND Menu Board ist f\u00fcr Restaurants und \u00f6ffentliche Einrichtungen konzipiert. Es bietet eine sichere Methode zur Befestigung von 3 Displays im Querformat.","breadcrumb":{"@id":"https:\/\/hi-nd.com\/de\/produkt\/deckenhalterung-fuer-menuboard\/#breadcrumb"},"inLanguage":"de","potentialAction":[{"@type":"ReadAction","target":["https:\/\/hi-nd.com\/de\/produkt\/deckenhalterung-fuer-menuboard\/"]}]},{"@type":"ImageObject","inLanguage":"de","@id":"https:\/\/hi-nd.com\/de\/produkt\/deckenhalterung-fuer-menuboard\/#primaryimage","url":"https:\/\/hi-nd.com\/wp-content\/uploads\/2022\/01\/mount-for-menuboard.png","contentUrl":"https:\/\/hi-nd.com\/wp-content\/uploads\/2022\/01\/mount-for-menuboard.png","width":750,"height":750},{"@type":"BreadcrumbList","@id":"https:\/\/hi-nd.com\/de\/produkt\/deckenhalterung-fuer-menuboard\/#breadcrumb","itemListElement":[{"@type":"ListItem","position":1,"name":"Home","item":"https:\/\/hi-nd.com\/de\/"},{"@type":"ListItem","position":2,"name":"Shop","item":"https:\/\/hi-nd.com\/de\/shop\/"},{"@type":"ListItem","position":3,"name":"Deckenhalterung f\u00fcr Menuboard"}]},{"@type":"WebSite","@id":"https:\/\/hi-nd.com\/#website","url":"https:\/\/hi-nd.com\/","name":"HI-ND","description":"Mounting Solutions","potentialAction":[{"@type":"SearchAction","target":{"@type":"EntryPoint","urlTemplate":"https:\/\/hi-nd.com\/?s={search_term_string}"},"query-input":{"@type":"PropertyValueSpecification","valueRequired":true,"valueName":"search_term_string"}}],"inLanguage":"de"}]}},"_links":{"self":[{"href":"https:\/\/hi-nd.com\/de\/wp-json\/wp\/v2\/product\/5842","targetHints":{"allow":["GET"]}}],"collection":[{"href":"https:\/\/hi-nd.com\/de\/wp-json\/wp\/v2\/product"}],"about":[{"href":"https:\/\/hi-nd.com\/de\/wp-json\/wp\/v2\/types\/product"}],"wp:featuredmedia":[{"embeddable":true,"href":"https:\/\/hi-nd.com\/de\/wp-json\/wp\/v2\/media\/4104"}],"wp:attachment":[{"href":"https:\/\/hi-nd.com\/de\/wp-json\/wp\/v2\/media?parent=5842"}],"wp:term":[{"taxonomy":"product_brand","embeddable":true,"href":"https:\/\/hi-nd.com\/de\/wp-json\/wp\/v2\/product_brand?post=5842"},{"taxonomy":"product_cat","embeddable":true,"href":"https:\/\/hi-nd.com\/de\/wp-json\/wp\/v2\/product_cat?post=5842"},{"taxonomy":"product_tag","embeddable":true,"href":"https:\/\/hi-nd.com\/de\/wp-json\/wp\/v2\/product_tag?post=5842"}],"curies":[{"name":"wp","href":"https:\/\/api.w.org\/{rel}","templated":true}]}}