{"id":5837,"date":"2022-01-20T17:34:50","date_gmt":"2022-01-20T16:34:50","guid":{"rendered":"https:\/\/hi-nd.com\/product\/standfuss-touch\/"},"modified":"2024-03-11T15:12:40","modified_gmt":"2024-03-11T14:12:40","slug":"standfuss-touch","status":"publish","type":"product","link":"https:\/\/hi-nd.com\/de\/produkt\/standfuss-touch\/","title":{"rendered":"Standfu\u00df Touch"},"content":{"rendered":"<p>&nbsp;<\/p>\n<table style=\"font-size: 14.4px;\" width=\"664\">\n<tbody>\n<tr>\n<td width=\"143\"> Teilnummer<\/td>\n<td width=\"457\"> Beschreibung<\/td>\n<td width=\"64\"> Farbe<\/td>\n<\/tr>\n<tr>\n<td>  FT3243-0101-01<\/td>\n<td>  Floorstand Touch 32&#8243;, Querformat f\u00fcr ELO 3203L Touchscreen<\/td>\n<td> Wei\u00df<\/td>\n<\/tr>\n<tr>\n<td>  FT3243-0101-02<\/td>\n<td>  Floorstand Touch 32&#8243;, Querformat f\u00fcr ELO 3203L Touchscreen<\/td>\n<td> Schwarz<\/td>\n<\/tr>\n<tr>\n<td>  FT3243-5001-02<\/td>\n<td>  Floorstand Touch 32&#8243;, Hochformat f\u00fcr ELO 3203L Touchscreen<\/td>\n<td> Schwarz<\/td>\n<\/tr>\n<tr>\n<td>  FS4300-0101-01<\/td>\n<td>  Floorstand Touch 43&#8243;, Querformat f\u00fcr ELO 4363L Touchscreen<\/td>\n<td> Wei\u00df<\/td>\n<\/tr>\n<tr>\n<td>  FS4300-0101-02<\/td>\n<td>  Floorstand Touch 43&#8243;, Querformat f\u00fcr ELO 4363L Touchscreen<\/td>\n<td> Schwarz<\/td>\n<\/tr>\n<\/tbody>\n<\/table>\n","protected":false},"excerpt":{"rendered":"<p><strong>Ein sch\u00f6ner Bodenst\u00e4nder f\u00fcr Touchscreens mit gen\u00fcgend Platz f\u00fcr Computer<\/strong><\/p>\n<p>Es ist so konzipiert, dass es robust und elegant ist. Perfekt f\u00fcr die Wegweisung in Einkaufszentren und die Produktorientierung in Einzelhandelsgesch\u00e4ften. Geeignet f\u00fcr ELO 3202L und ELO Touch Open Frame 4363L.<\/p>\n<ul>\n<li>K\u00fchlkanal f\u00fcr die Bel\u00fcftung der Computer im Inneren der S\u00e4ule<\/li>\n<li>Entworfen f\u00fcr die Landschaft<\/li>\n<li>Auch im Hochformat erh\u00e4ltlich<\/li>\n<li>Einfacher Zugang von hinten f\u00fcr Kabelmanagement und externen Computer<\/li>\n<li>Erh\u00e4ltlich in Schwarz oder Wei\u00df<\/li>\n<li>Individuelles Logo kann hinzugef\u00fcgt werden<\/li>\n<\/ul>\n","protected":false},"featured_media":4077,"template":"","meta":[],"product_brand":[],"product_cat":[],"product_tag":[],"class_list":{"0":"post-5837","1":"product","2":"type-product","3":"status-publish","4":"has-post-thumbnail","7":"first","8":"instock","9":"shipping-taxable","10":"product-type-simple"},"yoast_head":"<!-- This site is optimized with the Yoast SEO plugin v27.3 - https:\/\/yoast.com\/product\/yoast-seo-wordpress\/ -->\n<title>Standfu\u00df Touch - HI-ND<\/title>\n<meta name=\"description\" content=\"Der Standfu\u00df touch ist robust und elegant. Perfekt f\u00fcr die Wegfindung in Einkaufszentren und die Produktorientierung in Gesch\u00e4ften.\" \/>\n<meta name=\"robots\" content=\"index, follow, max-snippet:-1, max-image-preview:large, max-video-preview:-1\" \/>\n<link rel=\"canonical\" href=\"https:\/\/hi-nd.com\/de\/produkt\/standfuss-touch\/\" \/>\n<meta property=\"og:locale\" content=\"de_DE\" \/>\n<meta property=\"og:type\" content=\"article\" \/>\n<meta property=\"og:title\" content=\"Standfu\u00df Touch - HI-ND\" \/>\n<meta property=\"og:description\" content=\"Der Standfu\u00df touch ist robust und elegant. Perfekt f\u00fcr die Wegfindung in Einkaufszentren und die Produktorientierung in Gesch\u00e4ften.\" \/>\n<meta property=\"og:url\" content=\"https:\/\/hi-nd.com\/de\/produkt\/standfuss-touch\/\" \/>\n<meta property=\"og:site_name\" content=\"HI-ND\" \/>\n<meta property=\"article:modified_time\" content=\"2024-03-11T14:12:40+00:00\" \/>\n<meta property=\"og:image\" content=\"https:\/\/hi-nd.com\/wp-content\/uploads\/2022\/01\/floorstand-touch-2.png\" \/>\n\t<meta property=\"og:image:width\" content=\"750\" \/>\n\t<meta property=\"og:image:height\" content=\"750\" \/>\n\t<meta property=\"og:image:type\" content=\"image\/png\" \/>\n<meta name=\"twitter:card\" content=\"summary_large_image\" \/>\n<script type=\"application\/ld+json\" class=\"yoast-schema-graph\">{\"@context\":\"https:\\\/\\\/schema.org\",\"@graph\":[{\"@type\":\"WebPage\",\"@id\":\"https:\\\/\\\/hi-nd.com\\\/de\\\/produkt\\\/standfuss-touch\\\/\",\"url\":\"https:\\\/\\\/hi-nd.com\\\/de\\\/produkt\\\/standfuss-touch\\\/\",\"name\":\"Standfu\u00df Touch - HI-ND\",\"isPartOf\":{\"@id\":\"https:\\\/\\\/hi-nd.com\\\/#website\"},\"primaryImageOfPage\":{\"@id\":\"https:\\\/\\\/hi-nd.com\\\/de\\\/produkt\\\/standfuss-touch\\\/#primaryimage\"},\"image\":{\"@id\":\"https:\\\/\\\/hi-nd.com\\\/de\\\/produkt\\\/standfuss-touch\\\/#primaryimage\"},\"thumbnailUrl\":\"https:\\\/\\\/hi-nd.com\\\/wp-content\\\/uploads\\\/2022\\\/01\\\/floorstand-touch-2.png\",\"datePublished\":\"2022-01-20T16:34:50+00:00\",\"dateModified\":\"2024-03-11T14:12:40+00:00\",\"description\":\"Der Standfu\u00df touch ist robust und elegant. Perfekt f\u00fcr die Wegfindung in Einkaufszentren und die Produktorientierung in Gesch\u00e4ften.\",\"breadcrumb\":{\"@id\":\"https:\\\/\\\/hi-nd.com\\\/de\\\/produkt\\\/standfuss-touch\\\/#breadcrumb\"},\"inLanguage\":\"de\",\"potentialAction\":[{\"@type\":\"ReadAction\",\"target\":[\"https:\\\/\\\/hi-nd.com\\\/de\\\/produkt\\\/standfuss-touch\\\/\"]}]},{\"@type\":\"ImageObject\",\"inLanguage\":\"de\",\"@id\":\"https:\\\/\\\/hi-nd.com\\\/de\\\/produkt\\\/standfuss-touch\\\/#primaryimage\",\"url\":\"https:\\\/\\\/hi-nd.com\\\/wp-content\\\/uploads\\\/2022\\\/01\\\/floorstand-touch-2.png\",\"contentUrl\":\"https:\\\/\\\/hi-nd.com\\\/wp-content\\\/uploads\\\/2022\\\/01\\\/floorstand-touch-2.png\",\"width\":750,\"height\":750},{\"@type\":\"BreadcrumbList\",\"@id\":\"https:\\\/\\\/hi-nd.com\\\/de\\\/produkt\\\/standfuss-touch\\\/#breadcrumb\",\"itemListElement\":[{\"@type\":\"ListItem\",\"position\":1,\"name\":\"Home\",\"item\":\"https:\\\/\\\/hi-nd.com\\\/de\\\/\"},{\"@type\":\"ListItem\",\"position\":2,\"name\":\"Shop\",\"item\":\"https:\\\/\\\/hi-nd.com\\\/de\\\/shop\\\/\"},{\"@type\":\"ListItem\",\"position\":3,\"name\":\"Standfu\u00df Touch\"}]},{\"@type\":\"WebSite\",\"@id\":\"https:\\\/\\\/hi-nd.com\\\/#website\",\"url\":\"https:\\\/\\\/hi-nd.com\\\/\",\"name\":\"HI-ND\",\"description\":\"Mounting Solutions\",\"potentialAction\":[{\"@type\":\"SearchAction\",\"target\":{\"@type\":\"EntryPoint\",\"urlTemplate\":\"https:\\\/\\\/hi-nd.com\\\/?s={search_term_string}\"},\"query-input\":{\"@type\":\"PropertyValueSpecification\",\"valueRequired\":true,\"valueName\":\"search_term_string\"}}],\"inLanguage\":\"de\"}]}<\/script>\n<!-- \/ Yoast SEO plugin. -->","yoast_head_json":{"title":"Standfu\u00df Touch - HI-ND","description":"Der Standfu\u00df touch ist robust und elegant. Perfekt f\u00fcr die Wegfindung in Einkaufszentren und die Produktorientierung in Gesch\u00e4ften.","robots":{"index":"index","follow":"follow","max-snippet":"max-snippet:-1","max-image-preview":"max-image-preview:large","max-video-preview":"max-video-preview:-1"},"canonical":"https:\/\/hi-nd.com\/de\/produkt\/standfuss-touch\/","og_locale":"de_DE","og_type":"article","og_title":"Standfu\u00df Touch - HI-ND","og_description":"Der Standfu\u00df touch ist robust und elegant. Perfekt f\u00fcr die Wegfindung in Einkaufszentren und die Produktorientierung in Gesch\u00e4ften.","og_url":"https:\/\/hi-nd.com\/de\/produkt\/standfuss-touch\/","og_site_name":"HI-ND","article_modified_time":"2024-03-11T14:12:40+00:00","og_image":[{"width":750,"height":750,"url":"https:\/\/hi-nd.com\/wp-content\/uploads\/2022\/01\/floorstand-touch-2.png","type":"image\/png"}],"twitter_card":"summary_large_image","schema":{"@context":"https:\/\/schema.org","@graph":[{"@type":"WebPage","@id":"https:\/\/hi-nd.com\/de\/produkt\/standfuss-touch\/","url":"https:\/\/hi-nd.com\/de\/produkt\/standfuss-touch\/","name":"Standfu\u00df Touch - HI-ND","isPartOf":{"@id":"https:\/\/hi-nd.com\/#website"},"primaryImageOfPage":{"@id":"https:\/\/hi-nd.com\/de\/produkt\/standfuss-touch\/#primaryimage"},"image":{"@id":"https:\/\/hi-nd.com\/de\/produkt\/standfuss-touch\/#primaryimage"},"thumbnailUrl":"https:\/\/hi-nd.com\/wp-content\/uploads\/2022\/01\/floorstand-touch-2.png","datePublished":"2022-01-20T16:34:50+00:00","dateModified":"2024-03-11T14:12:40+00:00","description":"Der Standfu\u00df touch ist robust und elegant. Perfekt f\u00fcr die Wegfindung in Einkaufszentren und die Produktorientierung in Gesch\u00e4ften.","breadcrumb":{"@id":"https:\/\/hi-nd.com\/de\/produkt\/standfuss-touch\/#breadcrumb"},"inLanguage":"de","potentialAction":[{"@type":"ReadAction","target":["https:\/\/hi-nd.com\/de\/produkt\/standfuss-touch\/"]}]},{"@type":"ImageObject","inLanguage":"de","@id":"https:\/\/hi-nd.com\/de\/produkt\/standfuss-touch\/#primaryimage","url":"https:\/\/hi-nd.com\/wp-content\/uploads\/2022\/01\/floorstand-touch-2.png","contentUrl":"https:\/\/hi-nd.com\/wp-content\/uploads\/2022\/01\/floorstand-touch-2.png","width":750,"height":750},{"@type":"BreadcrumbList","@id":"https:\/\/hi-nd.com\/de\/produkt\/standfuss-touch\/#breadcrumb","itemListElement":[{"@type":"ListItem","position":1,"name":"Home","item":"https:\/\/hi-nd.com\/de\/"},{"@type":"ListItem","position":2,"name":"Shop","item":"https:\/\/hi-nd.com\/de\/shop\/"},{"@type":"ListItem","position":3,"name":"Standfu\u00df Touch"}]},{"@type":"WebSite","@id":"https:\/\/hi-nd.com\/#website","url":"https:\/\/hi-nd.com\/","name":"HI-ND","description":"Mounting Solutions","potentialAction":[{"@type":"SearchAction","target":{"@type":"EntryPoint","urlTemplate":"https:\/\/hi-nd.com\/?s={search_term_string}"},"query-input":{"@type":"PropertyValueSpecification","valueRequired":true,"valueName":"search_term_string"}}],"inLanguage":"de"}]}},"_links":{"self":[{"href":"https:\/\/hi-nd.com\/de\/wp-json\/wp\/v2\/product\/5837","targetHints":{"allow":["GET"]}}],"collection":[{"href":"https:\/\/hi-nd.com\/de\/wp-json\/wp\/v2\/product"}],"about":[{"href":"https:\/\/hi-nd.com\/de\/wp-json\/wp\/v2\/types\/product"}],"wp:featuredmedia":[{"embeddable":true,"href":"https:\/\/hi-nd.com\/de\/wp-json\/wp\/v2\/media\/4077"}],"wp:attachment":[{"href":"https:\/\/hi-nd.com\/de\/wp-json\/wp\/v2\/media?parent=5837"}],"wp:term":[{"taxonomy":"product_brand","embeddable":true,"href":"https:\/\/hi-nd.com\/de\/wp-json\/wp\/v2\/product_brand?post=5837"},{"taxonomy":"product_cat","embeddable":true,"href":"https:\/\/hi-nd.com\/de\/wp-json\/wp\/v2\/product_cat?post=5837"},{"taxonomy":"product_tag","embeddable":true,"href":"https:\/\/hi-nd.com\/de\/wp-json\/wp\/v2\/product_tag?post=5837"}],"curies":[{"name":"wp","href":"https:\/\/api.w.org\/{rel}","templated":true}]}}