{"id":5836,"date":"2022-01-22T20:35:55","date_gmt":"2022-01-22T19:35:55","guid":{"rendered":"https:\/\/hi-nd.com\/product\/aussenwandgehaeuse-fuer-lg-55\/"},"modified":"2024-02-22T21:20:20","modified_gmt":"2024-02-22T20:20:20","slug":"aussenwandgehaeuse-fuer-lg-55","status":"publish","type":"product","link":"https:\/\/hi-nd.com\/de\/produkt\/aussenwandgehaeuse-fuer-lg-55\/","title":{"rendered":"Au\u00dfenwandgeh\u00e4use f\u00fcr LG 55&#8243;"},"content":{"rendered":"<table width=\"861\">\n<tbody>\n<tr>\n<td width=\"325\">Teilnummer<\/td>\n<td width=\"489\">Beschreibung<\/td>\n<td width=\"47\">Farbe<\/td>\n<\/tr>\n<tr>\n<td>OW5522-5201-01<\/td>\n<td>Wandgeh\u00e4use, LG 55XE4F, Querformat\/Portrait, inkl. Lock-Funktion<\/td>\n<td>Schwarz<\/td>\n<\/tr>\n<tr>\n<td>OW5522-5201-02<\/td>\n<td>Wandgeh\u00e4use, LG 55XE4F, Querformat\/Portrait, inkl. Lock-Funktion<\/td>\n<td>Wei\u00df<\/td>\n<\/tr>\n<\/tbody>\n<\/table>\n","protected":false},"excerpt":{"rendered":"<p>Unser Au\u00dfenwandgeh\u00e4use eignet sich perfekt f\u00fcr Marketing und Information im Freien. Er ist f\u00fcr alle Wetterbedingungen geeignet. Das Geh\u00e4use bietet ein glattes Design ohne sichtbare Kabel f\u00fcr die Montage an der Wand. Die komplette Backchassi erm\u00f6glicht die Installation auf einer S\u00e4ule.<\/p>\n<ul>\n<li>Entwickelt f\u00fcr LG 55XE4F<\/li>\n<li>Schl\u00fcsselschloss zum Schutz vor Diebstahl<\/li>\n<li>Unterst\u00fctzt sowohl Hoch- als auch Querformat<\/li>\n<li>Kein Frontglas enthalten<\/li>\n<li>Es ist nicht m\u00f6glich, zwei Wandverkleidungen n\u00e4her als 10 cm aneinander zu montieren.<\/li>\n<\/ul>\n","protected":false},"featured_media":3801,"template":"","meta":[],"product_brand":[],"product_cat":[66],"product_tag":[],"class_list":{"0":"post-5836","1":"product","2":"type-product","3":"status-publish","4":"has-post-thumbnail","6":"product_cat-aussenbereich-de","8":"first","9":"instock","10":"shipping-taxable","11":"product-type-simple"},"yoast_head":"<!-- This site is optimized with the Yoast SEO plugin v27.4 - https:\/\/yoast.com\/product\/yoast-seo-wordpress\/ -->\n<title>Au\u00dfenwandgeh\u00e4use f\u00fcr LG 55&quot; - HI-ND<\/title>\n<meta name=\"description\" content=\"Das HI-ND-Wandgeh\u00e4use f\u00fcr den Au\u00dfenbereich eignet sich perfekt f\u00fcr Marketing und Information im Freien. Konzipiert f\u00fcr alle Wetterbedingungen.\" \/>\n<meta name=\"robots\" content=\"index, follow, max-snippet:-1, max-image-preview:large, max-video-preview:-1\" \/>\n<link rel=\"canonical\" href=\"https:\/\/hi-nd.com\/product\/aussenwandgehaeuse-fuer-lg-55\/\" \/>\n<meta property=\"og:locale\" content=\"de_DE\" \/>\n<meta property=\"og:type\" content=\"article\" \/>\n<meta property=\"og:title\" content=\"Au\u00dfenwandgeh\u00e4use f\u00fcr LG 55&quot; - HI-ND\" \/>\n<meta property=\"og:description\" content=\"Das HI-ND-Wandgeh\u00e4use f\u00fcr den Au\u00dfenbereich eignet sich perfekt f\u00fcr Marketing und Information im Freien. Konzipiert f\u00fcr alle Wetterbedingungen.\" \/>\n<meta property=\"og:url\" content=\"https:\/\/hi-nd.com\/product\/aussenwandgehaeuse-fuer-lg-55\/\" \/>\n<meta property=\"og:site_name\" content=\"HI-ND\" \/>\n<meta property=\"article:modified_time\" content=\"2024-02-22T20:20:20+00:00\" \/>\n<meta property=\"og:image\" content=\"https:\/\/hi-nd.com\/wp-content\/uploads\/2022\/01\/LG-portrait-white-web-2.png\" \/>\n\t<meta property=\"og:image:width\" content=\"750\" \/>\n\t<meta property=\"og:image:height\" content=\"750\" \/>\n\t<meta property=\"og:image:type\" content=\"image\/png\" \/>\n<meta name=\"twitter:card\" content=\"summary_large_image\" \/>\n<script type=\"application\/ld+json\" class=\"yoast-schema-graph\">{\"@context\":\"https:\\\/\\\/schema.org\",\"@graph\":[{\"@type\":\"WebPage\",\"@id\":\"https:\\\/\\\/hi-nd.com\\\/product\\\/aussenwandgehaeuse-fuer-lg-55\\\/\",\"url\":\"https:\\\/\\\/hi-nd.com\\\/product\\\/aussenwandgehaeuse-fuer-lg-55\\\/\",\"name\":\"Au\u00dfenwandgeh\u00e4use f\u00fcr LG 55\\\" - HI-ND\",\"isPartOf\":{\"@id\":\"https:\\\/\\\/hi-nd.com\\\/#website\"},\"primaryImageOfPage\":{\"@id\":\"https:\\\/\\\/hi-nd.com\\\/product\\\/aussenwandgehaeuse-fuer-lg-55\\\/#primaryimage\"},\"image\":{\"@id\":\"https:\\\/\\\/hi-nd.com\\\/product\\\/aussenwandgehaeuse-fuer-lg-55\\\/#primaryimage\"},\"thumbnailUrl\":\"https:\\\/\\\/hi-nd.com\\\/wp-content\\\/uploads\\\/2022\\\/01\\\/LG-portrait-white-web-2.png\",\"datePublished\":\"2022-01-22T19:35:55+00:00\",\"dateModified\":\"2024-02-22T20:20:20+00:00\",\"description\":\"Das HI-ND-Wandgeh\u00e4use f\u00fcr den Au\u00dfenbereich eignet sich perfekt f\u00fcr Marketing und Information im Freien. Konzipiert f\u00fcr alle Wetterbedingungen.\",\"breadcrumb\":{\"@id\":\"https:\\\/\\\/hi-nd.com\\\/product\\\/aussenwandgehaeuse-fuer-lg-55\\\/#breadcrumb\"},\"inLanguage\":\"de\",\"potentialAction\":[{\"@type\":\"ReadAction\",\"target\":[\"https:\\\/\\\/hi-nd.com\\\/product\\\/aussenwandgehaeuse-fuer-lg-55\\\/\"]}]},{\"@type\":\"ImageObject\",\"inLanguage\":\"de\",\"@id\":\"https:\\\/\\\/hi-nd.com\\\/product\\\/aussenwandgehaeuse-fuer-lg-55\\\/#primaryimage\",\"url\":\"https:\\\/\\\/hi-nd.com\\\/wp-content\\\/uploads\\\/2022\\\/01\\\/LG-portrait-white-web-2.png\",\"contentUrl\":\"https:\\\/\\\/hi-nd.com\\\/wp-content\\\/uploads\\\/2022\\\/01\\\/LG-portrait-white-web-2.png\",\"width\":750,\"height\":750},{\"@type\":\"BreadcrumbList\",\"@id\":\"https:\\\/\\\/hi-nd.com\\\/product\\\/aussenwandgehaeuse-fuer-lg-55\\\/#breadcrumb\",\"itemListElement\":[{\"@type\":\"ListItem\",\"position\":1,\"name\":\"Home\",\"item\":\"https:\\\/\\\/hi-nd.com\\\/hi-nd-digitale-beschilderung\\\/\"},{\"@type\":\"ListItem\",\"position\":2,\"name\":\"Shop\",\"item\":\"https:\\\/\\\/hi-nd.com\\\/shop\\\/\"},{\"@type\":\"ListItem\",\"position\":3,\"name\":\"Au\u00dfenwandgeh\u00e4use f\u00fcr LG 55&#8243;\"}]},{\"@type\":\"WebSite\",\"@id\":\"https:\\\/\\\/hi-nd.com\\\/#website\",\"url\":\"https:\\\/\\\/hi-nd.com\\\/\",\"name\":\"HI-ND\",\"description\":\"Mounting Solutions\",\"potentialAction\":[{\"@type\":\"SearchAction\",\"target\":{\"@type\":\"EntryPoint\",\"urlTemplate\":\"https:\\\/\\\/hi-nd.com\\\/?s={search_term_string}\"},\"query-input\":{\"@type\":\"PropertyValueSpecification\",\"valueRequired\":true,\"valueName\":\"search_term_string\"}}],\"inLanguage\":\"de\"}]}<\/script>\n<!-- \/ Yoast SEO plugin. -->","yoast_head_json":{"title":"Au\u00dfenwandgeh\u00e4use f\u00fcr LG 55\" - HI-ND","description":"Das HI-ND-Wandgeh\u00e4use f\u00fcr den Au\u00dfenbereich eignet sich perfekt f\u00fcr Marketing und Information im Freien. Konzipiert f\u00fcr alle Wetterbedingungen.","robots":{"index":"index","follow":"follow","max-snippet":"max-snippet:-1","max-image-preview":"max-image-preview:large","max-video-preview":"max-video-preview:-1"},"canonical":"https:\/\/hi-nd.com\/product\/aussenwandgehaeuse-fuer-lg-55\/","og_locale":"de_DE","og_type":"article","og_title":"Au\u00dfenwandgeh\u00e4use f\u00fcr LG 55\" - HI-ND","og_description":"Das HI-ND-Wandgeh\u00e4use f\u00fcr den Au\u00dfenbereich eignet sich perfekt f\u00fcr Marketing und Information im Freien. Konzipiert f\u00fcr alle Wetterbedingungen.","og_url":"https:\/\/hi-nd.com\/product\/aussenwandgehaeuse-fuer-lg-55\/","og_site_name":"HI-ND","article_modified_time":"2024-02-22T20:20:20+00:00","og_image":[{"width":750,"height":750,"url":"https:\/\/hi-nd.com\/wp-content\/uploads\/2022\/01\/LG-portrait-white-web-2.png","type":"image\/png"}],"twitter_card":"summary_large_image","schema":{"@context":"https:\/\/schema.org","@graph":[{"@type":"WebPage","@id":"https:\/\/hi-nd.com\/product\/aussenwandgehaeuse-fuer-lg-55\/","url":"https:\/\/hi-nd.com\/product\/aussenwandgehaeuse-fuer-lg-55\/","name":"Au\u00dfenwandgeh\u00e4use f\u00fcr LG 55\" - HI-ND","isPartOf":{"@id":"https:\/\/hi-nd.com\/#website"},"primaryImageOfPage":{"@id":"https:\/\/hi-nd.com\/product\/aussenwandgehaeuse-fuer-lg-55\/#primaryimage"},"image":{"@id":"https:\/\/hi-nd.com\/product\/aussenwandgehaeuse-fuer-lg-55\/#primaryimage"},"thumbnailUrl":"https:\/\/hi-nd.com\/wp-content\/uploads\/2022\/01\/LG-portrait-white-web-2.png","datePublished":"2022-01-22T19:35:55+00:00","dateModified":"2024-02-22T20:20:20+00:00","description":"Das HI-ND-Wandgeh\u00e4use f\u00fcr den Au\u00dfenbereich eignet sich perfekt f\u00fcr Marketing und Information im Freien. Konzipiert f\u00fcr alle Wetterbedingungen.","breadcrumb":{"@id":"https:\/\/hi-nd.com\/product\/aussenwandgehaeuse-fuer-lg-55\/#breadcrumb"},"inLanguage":"de","potentialAction":[{"@type":"ReadAction","target":["https:\/\/hi-nd.com\/product\/aussenwandgehaeuse-fuer-lg-55\/"]}]},{"@type":"ImageObject","inLanguage":"de","@id":"https:\/\/hi-nd.com\/product\/aussenwandgehaeuse-fuer-lg-55\/#primaryimage","url":"https:\/\/hi-nd.com\/wp-content\/uploads\/2022\/01\/LG-portrait-white-web-2.png","contentUrl":"https:\/\/hi-nd.com\/wp-content\/uploads\/2022\/01\/LG-portrait-white-web-2.png","width":750,"height":750},{"@type":"BreadcrumbList","@id":"https:\/\/hi-nd.com\/product\/aussenwandgehaeuse-fuer-lg-55\/#breadcrumb","itemListElement":[{"@type":"ListItem","position":1,"name":"Home","item":"https:\/\/hi-nd.com\/hi-nd-digitale-beschilderung\/"},{"@type":"ListItem","position":2,"name":"Shop","item":"https:\/\/hi-nd.com\/shop\/"},{"@type":"ListItem","position":3,"name":"Au\u00dfenwandgeh\u00e4use f\u00fcr LG 55&#8243;"}]},{"@type":"WebSite","@id":"https:\/\/hi-nd.com\/#website","url":"https:\/\/hi-nd.com\/","name":"HI-ND","description":"Mounting Solutions","potentialAction":[{"@type":"SearchAction","target":{"@type":"EntryPoint","urlTemplate":"https:\/\/hi-nd.com\/?s={search_term_string}"},"query-input":{"@type":"PropertyValueSpecification","valueRequired":true,"valueName":"search_term_string"}}],"inLanguage":"de"}]}},"_links":{"self":[{"href":"https:\/\/hi-nd.com\/de\/wp-json\/wp\/v2\/product\/5836","targetHints":{"allow":["GET"]}}],"collection":[{"href":"https:\/\/hi-nd.com\/de\/wp-json\/wp\/v2\/product"}],"about":[{"href":"https:\/\/hi-nd.com\/de\/wp-json\/wp\/v2\/types\/product"}],"wp:featuredmedia":[{"embeddable":true,"href":"https:\/\/hi-nd.com\/de\/wp-json\/wp\/v2\/media\/3801"}],"wp:attachment":[{"href":"https:\/\/hi-nd.com\/de\/wp-json\/wp\/v2\/media?parent=5836"}],"wp:term":[{"taxonomy":"product_brand","embeddable":true,"href":"https:\/\/hi-nd.com\/de\/wp-json\/wp\/v2\/product_brand?post=5836"},{"taxonomy":"product_cat","embeddable":true,"href":"https:\/\/hi-nd.com\/de\/wp-json\/wp\/v2\/product_cat?post=5836"},{"taxonomy":"product_tag","embeddable":true,"href":"https:\/\/hi-nd.com\/de\/wp-json\/wp\/v2\/product_tag?post=5836"}],"curies":[{"name":"wp","href":"https:\/\/api.w.org\/{rel}","templated":true}]}}