{"id":5826,"date":"2022-02-01T21:18:22","date_gmt":"2022-02-01T20:18:22","guid":{"rendered":"https:\/\/hi-nd.com\/product\/videoportraet\/"},"modified":"2024-02-22T21:20:36","modified_gmt":"2024-02-22T20:20:36","slug":"videoportraet","status":"publish","type":"product","link":"https:\/\/hi-nd.com\/de\/produkt\/videoportraet\/","title":{"rendered":"Videoportr\u00e4t"},"content":{"rendered":"<p>&nbsp;<\/p>\n<table width=\"610\">\n<tbody>\n<tr>\n<td width=\"109\">Teilnummer<\/td>\n<td width=\"270\">Beschreibung<\/td>\n<td width=\"231\">Unterst\u00fctzte Bildschirme<\/td>\n<\/tr>\n<tr>\n<td>VR5000-5001<\/td>\n<td>Videobild, Hochformat, 1&#215;50&#8243;<\/td>\n<td>Samsung, LG<\/td>\n<\/tr>\n<tr>\n<td>VR4300-5301<\/td>\n<td>Videorow, Hochformat, 3&#215;43&#8243;<\/td>\n<td>Samsung, LG<\/td>\n<\/tr>\n<tr>\n<td>VR5000-5301<\/td>\n<td>Videobild, Hochformat, 3&#215;50&#8243;<\/td>\n<td>Samsung, LG<\/td>\n<\/tr>\n<tr>\n<td>VR5500-5301<\/td>\n<td>Videorow, Hochformat, 3&#215;55&#8243;<\/td>\n<td>Samsung, LG<\/td>\n<\/tr>\n<tr>\n<td>VR3200-5401<\/td>\n<td>Videorow, Hochformat 4&#215;32&#8243;<\/td>\n<td>Samsung, LG<\/td>\n<\/tr>\n<tr>\n<td>VR4300-5401<\/td>\n<td>Videorow, Hochformat 4&#215;43&#8243;<\/td>\n<td>Samsung, LG<\/td>\n<\/tr>\n<tr>\n<td>VR5000-5401<\/td>\n<td>Videobild, Hochformat, 4&#215;50&#8243;<\/td>\n<td>Samsung, LG<\/td>\n<\/tr>\n<tr>\n<td>VR5500-5401<\/td>\n<td>Videobild, Hochformat, 4&#215;55&#8243;<\/td>\n<td>Samsung, LG<\/td>\n<\/tr>\n<tr>\n<td>VR3200-5501<\/td>\n<td>Videorow, Hochformat 5&#215;32&#8243;<\/td>\n<td>Samsung, LG<\/td>\n<\/tr>\n<tr>\n<td>VR4300-5501<\/td>\n<td>Videobild, Hochformat, 5&#215;43&#8243;<\/td>\n<td>Samsung, LG<\/td>\n<\/tr>\n<tr>\n<td>VR5000-5501<\/td>\n<td>Videobild, Hochformat, 5&#215;50&#8243;<\/td>\n<td>Samsung, LG<\/td>\n<\/tr>\n<tr>\n<td>VR5500-5501<\/td>\n<td>Videobild, Hochformat, 5&#215;55&#8243;<\/td>\n<td>Samsung, LG<\/td>\n<\/tr>\n<tr>\n<td>VR3200-5601<\/td>\n<td>Videobild, Hochformat, 6&#215;32&#8243;<\/td>\n<td>Samsung, LG<\/td>\n<\/tr>\n<tr>\n<td>VR4300-5601<\/td>\n<td>Videorow, Hochformat, 6&#215;43&#8243;<\/td>\n<td>Samsung, LG<\/td>\n<\/tr>\n<tr>\n<td>VR5500-5601<\/td>\n<td>Videobild, Hochformat, 6&#215;55&#8243;<\/td>\n<td>Samsung, LG<\/td>\n<\/tr>\n<\/tbody>\n<\/table>\n","protected":false},"excerpt":{"rendered":"<p>Eine einfache und sehr kosteng\u00fcnstige M\u00f6glichkeit, ein Menuboard mit mehreren Bildschirmen in einer Reihe zu bauen. Die L\u00f6sung macht es einfach, eine beliebige Anzahl von Bildschirmen exakt in einer Linie zu platzieren. Empfohlene Bildschirmgr\u00f6\u00dfe 22\u2033 bis 55\u2033.<\/p>\n<ul>\n<li>Einfach und sehr kosteng\u00fcnstig<\/li>\n<li>Einfaches Kabelmanagement<\/li>\n<li>L\u00f6sungen f\u00fcr Men\u00fcbretter oder Videow\u00e4nde<\/li>\n<li>Rand-zu-Rand-Installation<\/li>\n<li>Entwickelt f\u00fcr Samsung und LG<\/li>\n<li>Hochformatige Installation<\/li>\n<li>Kontaktieren Sie uns, um eine ma\u00dfgeschneiderte L\u00f6sung f\u00fcr ein bestimmtes Projekt zu erhalten<\/li>\n<\/ul>\n","protected":false},"featured_media":4119,"template":"","meta":[],"product_brand":[],"product_cat":[114,87],"product_tag":[],"class_list":{"0":"post-5826","1":"product","2":"type-product","3":"status-publish","4":"has-post-thumbnail","6":"product_cat-video-reihe","7":"product_cat-wand","9":"first","10":"instock","11":"shipping-taxable","12":"product-type-simple"},"yoast_head":"<!-- This site is optimized with the Yoast SEO plugin v27.3 - https:\/\/yoast.com\/product\/yoast-seo-wordpress\/ -->\n<title>Videoportr\u00e4t - HI-ND<\/title>\n<meta name=\"description\" content=\"Eine einfache und sehr kosteng\u00fcnstige M\u00f6glichkeit, ein Menuboard mit mehreren Bildschirmen in einer Reihe zu bauen. Empfohlene Bildschirmgr\u00f6\u00dfe 22\u2033 bis 55\u2033.\" \/>\n<meta name=\"robots\" content=\"index, follow, max-snippet:-1, max-image-preview:large, max-video-preview:-1\" \/>\n<link rel=\"canonical\" href=\"https:\/\/hi-nd.com\/de\/produkt\/videoportraet\/\" \/>\n<meta property=\"og:locale\" content=\"de_DE\" \/>\n<meta property=\"og:type\" content=\"article\" \/>\n<meta property=\"og:title\" content=\"Videoportr\u00e4t - HI-ND\" \/>\n<meta property=\"og:description\" content=\"Eine einfache und sehr kosteng\u00fcnstige M\u00f6glichkeit, ein Menuboard mit mehreren Bildschirmen in einer Reihe zu bauen. Empfohlene Bildschirmgr\u00f6\u00dfe 22\u2033 bis 55\u2033.\" \/>\n<meta property=\"og:url\" content=\"https:\/\/hi-nd.com\/de\/produkt\/videoportraet\/\" \/>\n<meta property=\"og:site_name\" content=\"HI-ND\" \/>\n<meta property=\"article:modified_time\" content=\"2024-02-22T20:20:36+00:00\" \/>\n<meta property=\"og:image\" content=\"https:\/\/hi-nd.com\/wp-content\/uploads\/2022\/02\/VR43X5-5001-03.jpg\" \/>\n\t<meta property=\"og:image:width\" content=\"750\" \/>\n\t<meta property=\"og:image:height\" content=\"750\" \/>\n\t<meta property=\"og:image:type\" content=\"image\/jpeg\" \/>\n<meta name=\"twitter:card\" content=\"summary_large_image\" \/>\n<meta name=\"twitter:label1\" content=\"Gesch\u00e4tzte Lesezeit\" \/>\n\t<meta name=\"twitter:data1\" content=\"1\u00a0Minute\" \/>\n<script type=\"application\/ld+json\" class=\"yoast-schema-graph\">{\"@context\":\"https:\\\/\\\/schema.org\",\"@graph\":[{\"@type\":\"WebPage\",\"@id\":\"https:\\\/\\\/hi-nd.com\\\/de\\\/produkt\\\/videoportraet\\\/\",\"url\":\"https:\\\/\\\/hi-nd.com\\\/de\\\/produkt\\\/videoportraet\\\/\",\"name\":\"Videoportr\u00e4t - HI-ND\",\"isPartOf\":{\"@id\":\"https:\\\/\\\/hi-nd.com\\\/#website\"},\"primaryImageOfPage\":{\"@id\":\"https:\\\/\\\/hi-nd.com\\\/de\\\/produkt\\\/videoportraet\\\/#primaryimage\"},\"image\":{\"@id\":\"https:\\\/\\\/hi-nd.com\\\/de\\\/produkt\\\/videoportraet\\\/#primaryimage\"},\"thumbnailUrl\":\"https:\\\/\\\/hi-nd.com\\\/wp-content\\\/uploads\\\/2022\\\/02\\\/VR43X5-5001-03.jpg\",\"datePublished\":\"2022-02-01T20:18:22+00:00\",\"dateModified\":\"2024-02-22T20:20:36+00:00\",\"description\":\"Eine einfache und sehr kosteng\u00fcnstige M\u00f6glichkeit, ein Menuboard mit mehreren Bildschirmen in einer Reihe zu bauen. Empfohlene Bildschirmgr\u00f6\u00dfe 22\u2033 bis 55\u2033.\",\"breadcrumb\":{\"@id\":\"https:\\\/\\\/hi-nd.com\\\/de\\\/produkt\\\/videoportraet\\\/#breadcrumb\"},\"inLanguage\":\"de\",\"potentialAction\":[{\"@type\":\"ReadAction\",\"target\":[\"https:\\\/\\\/hi-nd.com\\\/de\\\/produkt\\\/videoportraet\\\/\"]}]},{\"@type\":\"ImageObject\",\"inLanguage\":\"de\",\"@id\":\"https:\\\/\\\/hi-nd.com\\\/de\\\/produkt\\\/videoportraet\\\/#primaryimage\",\"url\":\"https:\\\/\\\/hi-nd.com\\\/wp-content\\\/uploads\\\/2022\\\/02\\\/VR43X5-5001-03.jpg\",\"contentUrl\":\"https:\\\/\\\/hi-nd.com\\\/wp-content\\\/uploads\\\/2022\\\/02\\\/VR43X5-5001-03.jpg\",\"width\":750,\"height\":750},{\"@type\":\"BreadcrumbList\",\"@id\":\"https:\\\/\\\/hi-nd.com\\\/de\\\/produkt\\\/videoportraet\\\/#breadcrumb\",\"itemListElement\":[{\"@type\":\"ListItem\",\"position\":1,\"name\":\"Home\",\"item\":\"https:\\\/\\\/hi-nd.com\\\/de\\\/\"},{\"@type\":\"ListItem\",\"position\":2,\"name\":\"Shop\",\"item\":\"https:\\\/\\\/hi-nd.com\\\/de\\\/shop\\\/\"},{\"@type\":\"ListItem\",\"position\":3,\"name\":\"Videoportr\u00e4t\"}]},{\"@type\":\"WebSite\",\"@id\":\"https:\\\/\\\/hi-nd.com\\\/#website\",\"url\":\"https:\\\/\\\/hi-nd.com\\\/\",\"name\":\"HI-ND\",\"description\":\"Mounting Solutions\",\"potentialAction\":[{\"@type\":\"SearchAction\",\"target\":{\"@type\":\"EntryPoint\",\"urlTemplate\":\"https:\\\/\\\/hi-nd.com\\\/?s={search_term_string}\"},\"query-input\":{\"@type\":\"PropertyValueSpecification\",\"valueRequired\":true,\"valueName\":\"search_term_string\"}}],\"inLanguage\":\"de\"}]}<\/script>\n<!-- \/ Yoast SEO plugin. -->","yoast_head_json":{"title":"Videoportr\u00e4t - HI-ND","description":"Eine einfache und sehr kosteng\u00fcnstige M\u00f6glichkeit, ein Menuboard mit mehreren Bildschirmen in einer Reihe zu bauen. Empfohlene Bildschirmgr\u00f6\u00dfe 22\u2033 bis 55\u2033.","robots":{"index":"index","follow":"follow","max-snippet":"max-snippet:-1","max-image-preview":"max-image-preview:large","max-video-preview":"max-video-preview:-1"},"canonical":"https:\/\/hi-nd.com\/de\/produkt\/videoportraet\/","og_locale":"de_DE","og_type":"article","og_title":"Videoportr\u00e4t - HI-ND","og_description":"Eine einfache und sehr kosteng\u00fcnstige M\u00f6glichkeit, ein Menuboard mit mehreren Bildschirmen in einer Reihe zu bauen. Empfohlene Bildschirmgr\u00f6\u00dfe 22\u2033 bis 55\u2033.","og_url":"https:\/\/hi-nd.com\/de\/produkt\/videoportraet\/","og_site_name":"HI-ND","article_modified_time":"2024-02-22T20:20:36+00:00","og_image":[{"width":750,"height":750,"url":"https:\/\/hi-nd.com\/wp-content\/uploads\/2022\/02\/VR43X5-5001-03.jpg","type":"image\/jpeg"}],"twitter_card":"summary_large_image","twitter_misc":{"Gesch\u00e4tzte Lesezeit":"1\u00a0Minute"},"schema":{"@context":"https:\/\/schema.org","@graph":[{"@type":"WebPage","@id":"https:\/\/hi-nd.com\/de\/produkt\/videoportraet\/","url":"https:\/\/hi-nd.com\/de\/produkt\/videoportraet\/","name":"Videoportr\u00e4t - HI-ND","isPartOf":{"@id":"https:\/\/hi-nd.com\/#website"},"primaryImageOfPage":{"@id":"https:\/\/hi-nd.com\/de\/produkt\/videoportraet\/#primaryimage"},"image":{"@id":"https:\/\/hi-nd.com\/de\/produkt\/videoportraet\/#primaryimage"},"thumbnailUrl":"https:\/\/hi-nd.com\/wp-content\/uploads\/2022\/02\/VR43X5-5001-03.jpg","datePublished":"2022-02-01T20:18:22+00:00","dateModified":"2024-02-22T20:20:36+00:00","description":"Eine einfache und sehr kosteng\u00fcnstige M\u00f6glichkeit, ein Menuboard mit mehreren Bildschirmen in einer Reihe zu bauen. Empfohlene Bildschirmgr\u00f6\u00dfe 22\u2033 bis 55\u2033.","breadcrumb":{"@id":"https:\/\/hi-nd.com\/de\/produkt\/videoportraet\/#breadcrumb"},"inLanguage":"de","potentialAction":[{"@type":"ReadAction","target":["https:\/\/hi-nd.com\/de\/produkt\/videoportraet\/"]}]},{"@type":"ImageObject","inLanguage":"de","@id":"https:\/\/hi-nd.com\/de\/produkt\/videoportraet\/#primaryimage","url":"https:\/\/hi-nd.com\/wp-content\/uploads\/2022\/02\/VR43X5-5001-03.jpg","contentUrl":"https:\/\/hi-nd.com\/wp-content\/uploads\/2022\/02\/VR43X5-5001-03.jpg","width":750,"height":750},{"@type":"BreadcrumbList","@id":"https:\/\/hi-nd.com\/de\/produkt\/videoportraet\/#breadcrumb","itemListElement":[{"@type":"ListItem","position":1,"name":"Home","item":"https:\/\/hi-nd.com\/de\/"},{"@type":"ListItem","position":2,"name":"Shop","item":"https:\/\/hi-nd.com\/de\/shop\/"},{"@type":"ListItem","position":3,"name":"Videoportr\u00e4t"}]},{"@type":"WebSite","@id":"https:\/\/hi-nd.com\/#website","url":"https:\/\/hi-nd.com\/","name":"HI-ND","description":"Mounting Solutions","potentialAction":[{"@type":"SearchAction","target":{"@type":"EntryPoint","urlTemplate":"https:\/\/hi-nd.com\/?s={search_term_string}"},"query-input":{"@type":"PropertyValueSpecification","valueRequired":true,"valueName":"search_term_string"}}],"inLanguage":"de"}]}},"_links":{"self":[{"href":"https:\/\/hi-nd.com\/de\/wp-json\/wp\/v2\/product\/5826","targetHints":{"allow":["GET"]}}],"collection":[{"href":"https:\/\/hi-nd.com\/de\/wp-json\/wp\/v2\/product"}],"about":[{"href":"https:\/\/hi-nd.com\/de\/wp-json\/wp\/v2\/types\/product"}],"wp:featuredmedia":[{"embeddable":true,"href":"https:\/\/hi-nd.com\/de\/wp-json\/wp\/v2\/media\/4119"}],"wp:attachment":[{"href":"https:\/\/hi-nd.com\/de\/wp-json\/wp\/v2\/media?parent=5826"}],"wp:term":[{"taxonomy":"product_brand","embeddable":true,"href":"https:\/\/hi-nd.com\/de\/wp-json\/wp\/v2\/product_brand?post=5826"},{"taxonomy":"product_cat","embeddable":true,"href":"https:\/\/hi-nd.com\/de\/wp-json\/wp\/v2\/product_cat?post=5826"},{"taxonomy":"product_tag","embeddable":true,"href":"https:\/\/hi-nd.com\/de\/wp-json\/wp\/v2\/product_tag?post=5826"}],"curies":[{"name":"wp","href":"https:\/\/api.w.org\/{rel}","templated":true}]}}