{"id":5825,"date":"2022-01-20T23:09:11","date_gmt":"2022-01-20T22:09:11","guid":{"rendered":"https:\/\/hi-nd.com\/product\/wandverkleidung-advert\/"},"modified":"2024-02-22T21:20:49","modified_gmt":"2024-02-22T20:20:49","slug":"wandverkleidung-advert","status":"publish","type":"product","link":"https:\/\/hi-nd.com\/de\/produkt\/wandverkleidung-advert\/","title":{"rendered":"Wandverkleidung ADVERT"},"content":{"rendered":"<p>&nbsp;<\/p>\n<table width=\"1234\">\n<tbody>\n<tr>\n<td width=\"103\">Teilnummer<\/td>\n<td width=\"638\"> Beschreibung<\/td>\n<td width=\"603\">Andere<\/td>\n<\/tr>\n<tr>\n<td>WC5512-5201<\/td>\n<td>  Wandgeh\u00e4use 55&#8243;, Hochformat, Hartbeschichtetes Plexiglas mit Digitaldruck<\/td>\n<td>Display, Farbe, Dekormaterial, Kundenlogo m\u00fcssen bei jeder Bestellung angegeben werden<\/td>\n<\/tr>\n<tr>\n<td>WC6512-5201<\/td>\n<td>  Wandgeh\u00e4use 65&#8243;, Hochformat, Hartbeschichtetes Plexiglas mit Digitaldruck<\/td>\n<td>Display, Farbe, Dekormaterial, Kundenlogo m\u00fcssen bei jeder Bestellung angegeben werden<\/td>\n<\/tr>\n<tr>\n<td>WC7512-5201<\/td>\n<td>  Wandgeh\u00e4use 75&#8243;, hoch, geh\u00e4rtetes Glas mit Digitaldruck<\/td>\n<td>Display, Farbe, Dekormaterial, Kundenlogo m\u00fcssen bei jeder Bestellung angegeben werden<\/td>\n<\/tr>\n<tr>\n<td>WC5512-0101<\/td>\n<td>  Wandgeh\u00e4use 55&#8243;, Querformat, Hartbeschichtetes Plexiglas mit Digitaldruck<\/td>\n<td>Display, Farbe, Dekormaterial, Kundenlogo m\u00fcssen bei jeder Bestellung angegeben werden<\/td>\n<\/tr>\n<tr>\n<td>WC6512-0101<\/td>\n<td>  Wandgeh\u00e4use 65&#8243;, Querformat, Hartbeschichtetes Plexiglas mit Digitaldruck<\/td>\n<td>Display, Farbe, Dekormaterial, Kundenlogo m\u00fcssen bei jeder Bestellung angegeben werden<\/td>\n<\/tr>\n<tr>\n<td>WC8512-0101<\/td>\n<td>  Wandgeh\u00e4use 85&#8243;, quer, geh\u00e4rtetes Glas mit Digitaldruck<\/td>\n<td>Display, Farbe, Dekormaterial, Kundenlogo m\u00fcssen bei jeder Bestellung angegeben werden<\/td>\n<\/tr>\n<\/tbody>\n<\/table>\n","protected":false},"excerpt":{"rendered":"<p>Das Wandgeh\u00e4use ADvert ist f\u00fcr Werbezwecke bestimmt. Es besteht die M\u00f6glichkeit, entweder ein geh\u00e4rtetes Glas oder hartbeschichtetes Plexiglas mit Digitaldruck zu verwenden. Das Glas kann mit beleuchtetem Logo sowohl unter als auch \u00fcber dem Bildschirm verwendet werden. FANs werden zur aktiven K\u00fchlung eingesetzt. Es ist so konzipiert, dass neue Farben und Materialien f\u00fcr Dekorationszwecke leicht hinzugef\u00fcgt werden k\u00f6nnen. \u00dcblicherweise werden Materialien wie Messing und Holz verwendet. Zur Verwendung mit Samsung QM55B, QMC und LG55UH5-F<\/p>\n","protected":false},"featured_media":3582,"template":"","meta":[],"product_brand":[],"product_cat":[109,87],"product_tag":[],"class_list":{"0":"post-5825","1":"product","2":"type-product","3":"status-publish","4":"has-post-thumbnail","6":"product_cat-gehause-de","7":"product_cat-wand","9":"first","10":"instock","11":"shipping-taxable","12":"product-type-simple"},"yoast_head":"<!-- This site is optimized with the Yoast SEO plugin v27.3 - https:\/\/yoast.com\/product\/yoast-seo-wordpress\/ -->\n<title>Wandverkleidung ADVERT - HI-ND<\/title>\n<meta name=\"description\" content=\"Das Wandgeh\u00e4use ADvert ist f\u00fcr Werbezwecke bestimmt. Wahlweise aus geh\u00e4rtetem Glas oder hartbeschichtetem Plexiglas mit Digitaldruck.\" \/>\n<meta name=\"robots\" content=\"index, follow, max-snippet:-1, max-image-preview:large, max-video-preview:-1\" \/>\n<link rel=\"canonical\" href=\"https:\/\/hi-nd.com\/de\/produkt\/wandverkleidung-advert\/\" \/>\n<meta property=\"og:locale\" content=\"de_DE\" \/>\n<meta property=\"og:type\" content=\"article\" \/>\n<meta property=\"og:title\" content=\"Wandverkleidung ADVERT - HI-ND\" \/>\n<meta property=\"og:description\" content=\"Das Wandgeh\u00e4use ADvert ist f\u00fcr Werbezwecke bestimmt. Wahlweise aus geh\u00e4rtetem Glas oder hartbeschichtetem Plexiglas mit Digitaldruck.\" \/>\n<meta property=\"og:url\" content=\"https:\/\/hi-nd.com\/de\/produkt\/wandverkleidung-advert\/\" \/>\n<meta property=\"og:site_name\" content=\"HI-ND\" \/>\n<meta property=\"article:modified_time\" content=\"2024-02-22T20:20:49+00:00\" \/>\n<meta property=\"og:image\" content=\"https:\/\/hi-nd.com\/wp-content\/uploads\/2022\/01\/1_Wall-casing-Advert-750x750-1.png\" \/>\n\t<meta property=\"og:image:width\" content=\"750\" \/>\n\t<meta property=\"og:image:height\" content=\"750\" \/>\n\t<meta property=\"og:image:type\" content=\"image\/png\" \/>\n<meta name=\"twitter:card\" content=\"summary_large_image\" \/>\n<meta name=\"twitter:label1\" content=\"Gesch\u00e4tzte Lesezeit\" \/>\n\t<meta name=\"twitter:data1\" content=\"1\u00a0Minute\" \/>\n<script type=\"application\/ld+json\" class=\"yoast-schema-graph\">{\"@context\":\"https:\\\/\\\/schema.org\",\"@graph\":[{\"@type\":\"WebPage\",\"@id\":\"https:\\\/\\\/hi-nd.com\\\/de\\\/produkt\\\/wandverkleidung-advert\\\/\",\"url\":\"https:\\\/\\\/hi-nd.com\\\/de\\\/produkt\\\/wandverkleidung-advert\\\/\",\"name\":\"Wandverkleidung ADVERT - HI-ND\",\"isPartOf\":{\"@id\":\"https:\\\/\\\/hi-nd.com\\\/#website\"},\"primaryImageOfPage\":{\"@id\":\"https:\\\/\\\/hi-nd.com\\\/de\\\/produkt\\\/wandverkleidung-advert\\\/#primaryimage\"},\"image\":{\"@id\":\"https:\\\/\\\/hi-nd.com\\\/de\\\/produkt\\\/wandverkleidung-advert\\\/#primaryimage\"},\"thumbnailUrl\":\"https:\\\/\\\/hi-nd.com\\\/wp-content\\\/uploads\\\/2022\\\/01\\\/1_Wall-casing-Advert-750x750-1.png\",\"datePublished\":\"2022-01-20T22:09:11+00:00\",\"dateModified\":\"2024-02-22T20:20:49+00:00\",\"description\":\"Das Wandgeh\u00e4use ADvert ist f\u00fcr Werbezwecke bestimmt. Wahlweise aus geh\u00e4rtetem Glas oder hartbeschichtetem Plexiglas mit Digitaldruck.\",\"breadcrumb\":{\"@id\":\"https:\\\/\\\/hi-nd.com\\\/de\\\/produkt\\\/wandverkleidung-advert\\\/#breadcrumb\"},\"inLanguage\":\"de\",\"potentialAction\":[{\"@type\":\"ReadAction\",\"target\":[\"https:\\\/\\\/hi-nd.com\\\/de\\\/produkt\\\/wandverkleidung-advert\\\/\"]}]},{\"@type\":\"ImageObject\",\"inLanguage\":\"de\",\"@id\":\"https:\\\/\\\/hi-nd.com\\\/de\\\/produkt\\\/wandverkleidung-advert\\\/#primaryimage\",\"url\":\"https:\\\/\\\/hi-nd.com\\\/wp-content\\\/uploads\\\/2022\\\/01\\\/1_Wall-casing-Advert-750x750-1.png\",\"contentUrl\":\"https:\\\/\\\/hi-nd.com\\\/wp-content\\\/uploads\\\/2022\\\/01\\\/1_Wall-casing-Advert-750x750-1.png\",\"width\":750,\"height\":750},{\"@type\":\"BreadcrumbList\",\"@id\":\"https:\\\/\\\/hi-nd.com\\\/de\\\/produkt\\\/wandverkleidung-advert\\\/#breadcrumb\",\"itemListElement\":[{\"@type\":\"ListItem\",\"position\":1,\"name\":\"Home\",\"item\":\"https:\\\/\\\/hi-nd.com\\\/de\\\/\"},{\"@type\":\"ListItem\",\"position\":2,\"name\":\"Shop\",\"item\":\"https:\\\/\\\/hi-nd.com\\\/de\\\/shop\\\/\"},{\"@type\":\"ListItem\",\"position\":3,\"name\":\"Wandverkleidung ADVERT\"}]},{\"@type\":\"WebSite\",\"@id\":\"https:\\\/\\\/hi-nd.com\\\/#website\",\"url\":\"https:\\\/\\\/hi-nd.com\\\/\",\"name\":\"HI-ND\",\"description\":\"Mounting Solutions\",\"potentialAction\":[{\"@type\":\"SearchAction\",\"target\":{\"@type\":\"EntryPoint\",\"urlTemplate\":\"https:\\\/\\\/hi-nd.com\\\/?s={search_term_string}\"},\"query-input\":{\"@type\":\"PropertyValueSpecification\",\"valueRequired\":true,\"valueName\":\"search_term_string\"}}],\"inLanguage\":\"de\"}]}<\/script>\n<!-- \/ Yoast SEO plugin. -->","yoast_head_json":{"title":"Wandverkleidung ADVERT - HI-ND","description":"Das Wandgeh\u00e4use ADvert ist f\u00fcr Werbezwecke bestimmt. Wahlweise aus geh\u00e4rtetem Glas oder hartbeschichtetem Plexiglas mit Digitaldruck.","robots":{"index":"index","follow":"follow","max-snippet":"max-snippet:-1","max-image-preview":"max-image-preview:large","max-video-preview":"max-video-preview:-1"},"canonical":"https:\/\/hi-nd.com\/de\/produkt\/wandverkleidung-advert\/","og_locale":"de_DE","og_type":"article","og_title":"Wandverkleidung ADVERT - HI-ND","og_description":"Das Wandgeh\u00e4use ADvert ist f\u00fcr Werbezwecke bestimmt. Wahlweise aus geh\u00e4rtetem Glas oder hartbeschichtetem Plexiglas mit Digitaldruck.","og_url":"https:\/\/hi-nd.com\/de\/produkt\/wandverkleidung-advert\/","og_site_name":"HI-ND","article_modified_time":"2024-02-22T20:20:49+00:00","og_image":[{"width":750,"height":750,"url":"https:\/\/hi-nd.com\/wp-content\/uploads\/2022\/01\/1_Wall-casing-Advert-750x750-1.png","type":"image\/png"}],"twitter_card":"summary_large_image","twitter_misc":{"Gesch\u00e4tzte Lesezeit":"1\u00a0Minute"},"schema":{"@context":"https:\/\/schema.org","@graph":[{"@type":"WebPage","@id":"https:\/\/hi-nd.com\/de\/produkt\/wandverkleidung-advert\/","url":"https:\/\/hi-nd.com\/de\/produkt\/wandverkleidung-advert\/","name":"Wandverkleidung ADVERT - HI-ND","isPartOf":{"@id":"https:\/\/hi-nd.com\/#website"},"primaryImageOfPage":{"@id":"https:\/\/hi-nd.com\/de\/produkt\/wandverkleidung-advert\/#primaryimage"},"image":{"@id":"https:\/\/hi-nd.com\/de\/produkt\/wandverkleidung-advert\/#primaryimage"},"thumbnailUrl":"https:\/\/hi-nd.com\/wp-content\/uploads\/2022\/01\/1_Wall-casing-Advert-750x750-1.png","datePublished":"2022-01-20T22:09:11+00:00","dateModified":"2024-02-22T20:20:49+00:00","description":"Das Wandgeh\u00e4use ADvert ist f\u00fcr Werbezwecke bestimmt. Wahlweise aus geh\u00e4rtetem Glas oder hartbeschichtetem Plexiglas mit Digitaldruck.","breadcrumb":{"@id":"https:\/\/hi-nd.com\/de\/produkt\/wandverkleidung-advert\/#breadcrumb"},"inLanguage":"de","potentialAction":[{"@type":"ReadAction","target":["https:\/\/hi-nd.com\/de\/produkt\/wandverkleidung-advert\/"]}]},{"@type":"ImageObject","inLanguage":"de","@id":"https:\/\/hi-nd.com\/de\/produkt\/wandverkleidung-advert\/#primaryimage","url":"https:\/\/hi-nd.com\/wp-content\/uploads\/2022\/01\/1_Wall-casing-Advert-750x750-1.png","contentUrl":"https:\/\/hi-nd.com\/wp-content\/uploads\/2022\/01\/1_Wall-casing-Advert-750x750-1.png","width":750,"height":750},{"@type":"BreadcrumbList","@id":"https:\/\/hi-nd.com\/de\/produkt\/wandverkleidung-advert\/#breadcrumb","itemListElement":[{"@type":"ListItem","position":1,"name":"Home","item":"https:\/\/hi-nd.com\/de\/"},{"@type":"ListItem","position":2,"name":"Shop","item":"https:\/\/hi-nd.com\/de\/shop\/"},{"@type":"ListItem","position":3,"name":"Wandverkleidung ADVERT"}]},{"@type":"WebSite","@id":"https:\/\/hi-nd.com\/#website","url":"https:\/\/hi-nd.com\/","name":"HI-ND","description":"Mounting Solutions","potentialAction":[{"@type":"SearchAction","target":{"@type":"EntryPoint","urlTemplate":"https:\/\/hi-nd.com\/?s={search_term_string}"},"query-input":{"@type":"PropertyValueSpecification","valueRequired":true,"valueName":"search_term_string"}}],"inLanguage":"de"}]}},"_links":{"self":[{"href":"https:\/\/hi-nd.com\/de\/wp-json\/wp\/v2\/product\/5825","targetHints":{"allow":["GET"]}}],"collection":[{"href":"https:\/\/hi-nd.com\/de\/wp-json\/wp\/v2\/product"}],"about":[{"href":"https:\/\/hi-nd.com\/de\/wp-json\/wp\/v2\/types\/product"}],"wp:featuredmedia":[{"embeddable":true,"href":"https:\/\/hi-nd.com\/de\/wp-json\/wp\/v2\/media\/3582"}],"wp:attachment":[{"href":"https:\/\/hi-nd.com\/de\/wp-json\/wp\/v2\/media?parent=5825"}],"wp:term":[{"taxonomy":"product_brand","embeddable":true,"href":"https:\/\/hi-nd.com\/de\/wp-json\/wp\/v2\/product_brand?post=5825"},{"taxonomy":"product_cat","embeddable":true,"href":"https:\/\/hi-nd.com\/de\/wp-json\/wp\/v2\/product_cat?post=5825"},{"taxonomy":"product_tag","embeddable":true,"href":"https:\/\/hi-nd.com\/de\/wp-json\/wp\/v2\/product_tag?post=5825"}],"curies":[{"name":"wp","href":"https:\/\/api.w.org\/{rel}","templated":true}]}}