{"id":5812,"date":"2021-11-22T19:10:59","date_gmt":"2021-11-22T18:10:59","guid":{"rendered":"https:\/\/hi-nd.com\/product\/titelblatt\/"},"modified":"2024-09-03T14:29:33","modified_gmt":"2024-09-03T12:29:33","slug":"titelblatt","status":"publish","type":"product","link":"https:\/\/hi-nd.com\/de\/produkt\/titelblatt\/","title":{"rendered":"Titelblatt"},"content":{"rendered":"<table width=\"988\">\n<tbody>\n<tr>\n<td width=\"133\"> Teil Nummer<\/td>\n<td width=\"550\"> Beschreibung<\/td>\n<td width=\"88\"> Farbe<\/td>\n<\/tr>\n<tr>\n<td> FC3212-0201-01<\/td>\n<td> Frontabdeckung 32&#8243; f\u00fcr Samsung QM32C, QB32C, QH32C<\/td>\n<td> Wei\u00df<\/td>\n<\/tr>\n<tr>\n<td> FC4300-0201-01<\/td>\n<td> Frontabdeckung 43&#8243; f\u00fcr Samsung QM43C\/LG UH7J-H\/ UH5N-E\/UM5N-H<\/td>\n<td> Wei\u00df<\/td>\n<\/tr>\n<tr>\n<td> FC5012-0201-01<\/td>\n<td> Frontabdeckung 50&#8243; f\u00fcr Samsung QM50C<\/td>\n<td> Wei\u00df<\/td>\n<\/tr>\n<tr>\n<td> FC5500-0201-01<\/td>\n<td> Frontabdeckung 55&#8243; f\u00fcr Samsung QM55C, QB55C, QH55C\/LG UH7J-H\/ UH5N-E\/UM5N-H<\/td>\n<td> Wei\u00df<\/td>\n<\/tr>\n<tr>\n<td> FC6512-0201-01<\/td>\n<td> Frontabdeckung 65&#8243; f\u00fcr Samsung QM65C\/QB65C\/QH65C<\/td>\n<td> Wei\u00df<\/td>\n<\/tr>\n<tr>\n<td> FC7512-0201-01<\/td>\n<td> Frontabdeckung 75&#8243; f\u00fcr Samsung QB75C\/QM75C\/QH75C<\/td>\n<td> Wei\u00df<\/td>\n<\/tr>\n<tr>\n<td> FC8512-0201-01<\/td>\n<td> Frontabdeckung 85&#8243; f\u00fcr Samsung QB85B-B\/QM85B-B<\/td>\n<td> Wei\u00df<\/td>\n<\/tr>\n<tr>\n<td> FC3212-0201-02<\/td>\n<td> Frontabdeckung 32&#8243; f\u00fcr Samsung QM32C, QB32C, QH32C<\/td>\n<td> Schwarz<\/td>\n<\/tr>\n<tr>\n<td> FC4300-0201-02<\/td>\n<td> Frontabdeckung 43&#8243; f\u00fcr Samsung QM43C\/LG UH7J-H\/ UH5N-E\/UM5N-H<\/td>\n<td> Schwarz<\/td>\n<\/tr>\n<tr>\n<td> FC5012-0201-02<\/td>\n<td> Frontabdeckung 50&#8243; f\u00fcr Samsung QM50C, QB50C, QH50C<\/td>\n<td> Schwarz<\/td>\n<\/tr>\n<tr>\n<td> FC5500-0201-02<\/td>\n<td> Frontabdeckung 55&#8243; f\u00fcr Samsung QM55C, QB55C, QH55C\/LG UH7J-H\/ UH5N-E\/UM5N-H<\/td>\n<td> Schwarz<\/td>\n<\/tr>\n<tr>\n<td> FC6512-0201-02<\/td>\n<td> Frontabdeckung 65&#8243; f\u00fcr Samsung QM65C\/QB65C\/QH65C<\/td>\n<td> Schwarz<\/td>\n<\/tr>\n<tr>\n<td> FC7512-0201-02<\/td>\n<td> Frontabdeckung 75&#8243; f\u00fcr Samsung QB75C\/QM75C\/QH75C<\/td>\n<td> Schwarz<\/td>\n<\/tr>\n<tr>\n<td> FC8512-0201-02<\/td>\n<td> Frontabdeckung 85&#8243; f\u00fcr Samsung QB85B-B\/QM85B-B<\/td>\n<td> Schwarz<\/td>\n<\/tr>\n<tr>\n<td> FC4925-0101-01<\/td>\n<td> Frontabdeckung 49&#8243; f\u00fcr LG UH7J-H, UH5N-E, LG UM5N-H<\/td>\n<td> Wei\u00df<\/td>\n<\/tr>\n<tr>\n<td> FC4925-0101-02<\/td>\n<td> Frontabdeckung 49&#8243; f\u00fcr LG UH7J-H, UH5N-E, LG UM5N-H<\/td>\n<td> Schwarz<\/td>\n<\/tr>\n<\/tbody>\n<\/table>\n","protected":false},"excerpt":{"rendered":"<p><strong>HI-ND Front Cover f\u00fcr professionelle Displays<\/strong> Das Front Cover wird in Umgebungen wie Menuboards, Einzelhandelsgesch\u00e4ften, Konferenzr\u00e4umen und Lobbys verwendet. Unsere eigens entwickelten, nicht sichtbaren Befestigungselemente machen das Produkt sehr einfach zu installieren. Nutzen Sie Ihre kreativen Ideen und w\u00e4hlen Sie ein Titelblatt aus, dessen Material und Farbe Sie selbst bestimmen.  <\/p>\n<div class=\"component-productdescription du-component\">\n<ul>\n<li>Samsung 32&#8243; &#8211; 85&#8243;<\/li>\n<li>LG UH &amp; UM 49&#8243;<\/li>\n<li>Wei\u00df und Schwarz als Standard<\/li>\n<li>Kann in anderen Materialien wie Edelstahl und Messing bestellt werden<\/li>\n<li>Landschaft\/Portr\u00e4t<\/li>\n<li>Durch die Montagekonstruktion ist das Produkt sehr einfach zu installieren<\/li>\n<\/ul>\n<\/div>\n","protected":false},"featured_media":9649,"template":"","meta":[],"product_brand":[],"product_cat":[121],"product_tag":[],"class_list":{"0":"post-5812","1":"product","2":"type-product","3":"status-publish","4":"has-post-thumbnail","6":"product_cat-titelblatt","8":"first","9":"instock","10":"shipping-taxable","11":"product-type-simple"},"yoast_head":"<!-- This site is optimized with the Yoast SEO plugin v27.3 - https:\/\/yoast.com\/product\/yoast-seo-wordpress\/ -->\n<title>Titelblatt - HI-ND<\/title>\n<meta name=\"description\" content=\"Die HI-ND-Frontabdeckung f\u00fcr professionelle Displays wird in M\u00e4rkten wie Menuboards, Einzelhandelsgesch\u00e4ften, Konferenzr\u00e4umen und Lobbys eingesetzt.\" \/>\n<meta name=\"robots\" content=\"index, follow, max-snippet:-1, max-image-preview:large, max-video-preview:-1\" \/>\n<link rel=\"canonical\" href=\"https:\/\/hi-nd.com\/de\/produkt\/titelblatt\/\" \/>\n<meta property=\"og:locale\" content=\"de_DE\" \/>\n<meta property=\"og:type\" content=\"article\" \/>\n<meta property=\"og:title\" content=\"Titelblatt - HI-ND\" \/>\n<meta property=\"og:description\" content=\"Die HI-ND-Frontabdeckung f\u00fcr professionelle Displays wird in M\u00e4rkten wie Menuboards, Einzelhandelsgesch\u00e4ften, Konferenzr\u00e4umen und Lobbys eingesetzt.\" \/>\n<meta property=\"og:url\" content=\"https:\/\/hi-nd.com\/de\/produkt\/titelblatt\/\" \/>\n<meta property=\"og:site_name\" content=\"HI-ND\" \/>\n<meta property=\"article:modified_time\" content=\"2024-09-03T12:29:33+00:00\" \/>\n<meta property=\"og:image\" content=\"https:\/\/hi-nd.com\/wp-content\/uploads\/2021\/11\/FC5012-0201-02-Portrait-TV-750x750-1.jpg\" \/>\n\t<meta property=\"og:image:width\" content=\"750\" \/>\n\t<meta property=\"og:image:height\" content=\"750\" \/>\n\t<meta property=\"og:image:type\" content=\"image\/jpeg\" \/>\n<meta name=\"twitter:card\" content=\"summary_large_image\" \/>\n<meta name=\"twitter:label1\" content=\"Gesch\u00e4tzte Lesezeit\" \/>\n\t<meta name=\"twitter:data1\" content=\"1\u00a0Minute\" \/>\n<script type=\"application\/ld+json\" class=\"yoast-schema-graph\">{\"@context\":\"https:\\\/\\\/schema.org\",\"@graph\":[{\"@type\":\"WebPage\",\"@id\":\"https:\\\/\\\/hi-nd.com\\\/de\\\/produkt\\\/titelblatt\\\/\",\"url\":\"https:\\\/\\\/hi-nd.com\\\/de\\\/produkt\\\/titelblatt\\\/\",\"name\":\"Titelblatt - HI-ND\",\"isPartOf\":{\"@id\":\"https:\\\/\\\/hi-nd.com\\\/#website\"},\"primaryImageOfPage\":{\"@id\":\"https:\\\/\\\/hi-nd.com\\\/de\\\/produkt\\\/titelblatt\\\/#primaryimage\"},\"image\":{\"@id\":\"https:\\\/\\\/hi-nd.com\\\/de\\\/produkt\\\/titelblatt\\\/#primaryimage\"},\"thumbnailUrl\":\"https:\\\/\\\/hi-nd.com\\\/wp-content\\\/uploads\\\/2021\\\/11\\\/FC5012-0201-02-Portrait-TV-750x750-1.jpg\",\"datePublished\":\"2021-11-22T18:10:59+00:00\",\"dateModified\":\"2024-09-03T12:29:33+00:00\",\"description\":\"Die HI-ND-Frontabdeckung f\u00fcr professionelle Displays wird in M\u00e4rkten wie Menuboards, Einzelhandelsgesch\u00e4ften, Konferenzr\u00e4umen und Lobbys eingesetzt.\",\"breadcrumb\":{\"@id\":\"https:\\\/\\\/hi-nd.com\\\/de\\\/produkt\\\/titelblatt\\\/#breadcrumb\"},\"inLanguage\":\"de\",\"potentialAction\":[{\"@type\":\"ReadAction\",\"target\":[\"https:\\\/\\\/hi-nd.com\\\/de\\\/produkt\\\/titelblatt\\\/\"]}]},{\"@type\":\"ImageObject\",\"inLanguage\":\"de\",\"@id\":\"https:\\\/\\\/hi-nd.com\\\/de\\\/produkt\\\/titelblatt\\\/#primaryimage\",\"url\":\"https:\\\/\\\/hi-nd.com\\\/wp-content\\\/uploads\\\/2021\\\/11\\\/FC5012-0201-02-Portrait-TV-750x750-1.jpg\",\"contentUrl\":\"https:\\\/\\\/hi-nd.com\\\/wp-content\\\/uploads\\\/2021\\\/11\\\/FC5012-0201-02-Portrait-TV-750x750-1.jpg\",\"width\":750,\"height\":750,\"caption\":\"Front cover white\"},{\"@type\":\"BreadcrumbList\",\"@id\":\"https:\\\/\\\/hi-nd.com\\\/de\\\/produkt\\\/titelblatt\\\/#breadcrumb\",\"itemListElement\":[{\"@type\":\"ListItem\",\"position\":1,\"name\":\"Home\",\"item\":\"https:\\\/\\\/hi-nd.com\\\/de\\\/\"},{\"@type\":\"ListItem\",\"position\":2,\"name\":\"Shop\",\"item\":\"https:\\\/\\\/hi-nd.com\\\/de\\\/shop\\\/\"},{\"@type\":\"ListItem\",\"position\":3,\"name\":\"Titelblatt\"}]},{\"@type\":\"WebSite\",\"@id\":\"https:\\\/\\\/hi-nd.com\\\/#website\",\"url\":\"https:\\\/\\\/hi-nd.com\\\/\",\"name\":\"HI-ND\",\"description\":\"Mounting Solutions\",\"potentialAction\":[{\"@type\":\"SearchAction\",\"target\":{\"@type\":\"EntryPoint\",\"urlTemplate\":\"https:\\\/\\\/hi-nd.com\\\/?s={search_term_string}\"},\"query-input\":{\"@type\":\"PropertyValueSpecification\",\"valueRequired\":true,\"valueName\":\"search_term_string\"}}],\"inLanguage\":\"de\"}]}<\/script>\n<!-- \/ Yoast SEO plugin. -->","yoast_head_json":{"title":"Titelblatt - HI-ND","description":"Die HI-ND-Frontabdeckung f\u00fcr professionelle Displays wird in M\u00e4rkten wie Menuboards, Einzelhandelsgesch\u00e4ften, Konferenzr\u00e4umen und Lobbys eingesetzt.","robots":{"index":"index","follow":"follow","max-snippet":"max-snippet:-1","max-image-preview":"max-image-preview:large","max-video-preview":"max-video-preview:-1"},"canonical":"https:\/\/hi-nd.com\/de\/produkt\/titelblatt\/","og_locale":"de_DE","og_type":"article","og_title":"Titelblatt - HI-ND","og_description":"Die HI-ND-Frontabdeckung f\u00fcr professionelle Displays wird in M\u00e4rkten wie Menuboards, Einzelhandelsgesch\u00e4ften, Konferenzr\u00e4umen und Lobbys eingesetzt.","og_url":"https:\/\/hi-nd.com\/de\/produkt\/titelblatt\/","og_site_name":"HI-ND","article_modified_time":"2024-09-03T12:29:33+00:00","og_image":[{"width":750,"height":750,"url":"https:\/\/hi-nd.com\/wp-content\/uploads\/2021\/11\/FC5012-0201-02-Portrait-TV-750x750-1.jpg","type":"image\/jpeg"}],"twitter_card":"summary_large_image","twitter_misc":{"Gesch\u00e4tzte Lesezeit":"1\u00a0Minute"},"schema":{"@context":"https:\/\/schema.org","@graph":[{"@type":"WebPage","@id":"https:\/\/hi-nd.com\/de\/produkt\/titelblatt\/","url":"https:\/\/hi-nd.com\/de\/produkt\/titelblatt\/","name":"Titelblatt - HI-ND","isPartOf":{"@id":"https:\/\/hi-nd.com\/#website"},"primaryImageOfPage":{"@id":"https:\/\/hi-nd.com\/de\/produkt\/titelblatt\/#primaryimage"},"image":{"@id":"https:\/\/hi-nd.com\/de\/produkt\/titelblatt\/#primaryimage"},"thumbnailUrl":"https:\/\/hi-nd.com\/wp-content\/uploads\/2021\/11\/FC5012-0201-02-Portrait-TV-750x750-1.jpg","datePublished":"2021-11-22T18:10:59+00:00","dateModified":"2024-09-03T12:29:33+00:00","description":"Die HI-ND-Frontabdeckung f\u00fcr professionelle Displays wird in M\u00e4rkten wie Menuboards, Einzelhandelsgesch\u00e4ften, Konferenzr\u00e4umen und Lobbys eingesetzt.","breadcrumb":{"@id":"https:\/\/hi-nd.com\/de\/produkt\/titelblatt\/#breadcrumb"},"inLanguage":"de","potentialAction":[{"@type":"ReadAction","target":["https:\/\/hi-nd.com\/de\/produkt\/titelblatt\/"]}]},{"@type":"ImageObject","inLanguage":"de","@id":"https:\/\/hi-nd.com\/de\/produkt\/titelblatt\/#primaryimage","url":"https:\/\/hi-nd.com\/wp-content\/uploads\/2021\/11\/FC5012-0201-02-Portrait-TV-750x750-1.jpg","contentUrl":"https:\/\/hi-nd.com\/wp-content\/uploads\/2021\/11\/FC5012-0201-02-Portrait-TV-750x750-1.jpg","width":750,"height":750,"caption":"Front cover white"},{"@type":"BreadcrumbList","@id":"https:\/\/hi-nd.com\/de\/produkt\/titelblatt\/#breadcrumb","itemListElement":[{"@type":"ListItem","position":1,"name":"Home","item":"https:\/\/hi-nd.com\/de\/"},{"@type":"ListItem","position":2,"name":"Shop","item":"https:\/\/hi-nd.com\/de\/shop\/"},{"@type":"ListItem","position":3,"name":"Titelblatt"}]},{"@type":"WebSite","@id":"https:\/\/hi-nd.com\/#website","url":"https:\/\/hi-nd.com\/","name":"HI-ND","description":"Mounting Solutions","potentialAction":[{"@type":"SearchAction","target":{"@type":"EntryPoint","urlTemplate":"https:\/\/hi-nd.com\/?s={search_term_string}"},"query-input":{"@type":"PropertyValueSpecification","valueRequired":true,"valueName":"search_term_string"}}],"inLanguage":"de"}]}},"_links":{"self":[{"href":"https:\/\/hi-nd.com\/de\/wp-json\/wp\/v2\/product\/5812","targetHints":{"allow":["GET"]}}],"collection":[{"href":"https:\/\/hi-nd.com\/de\/wp-json\/wp\/v2\/product"}],"about":[{"href":"https:\/\/hi-nd.com\/de\/wp-json\/wp\/v2\/types\/product"}],"wp:featuredmedia":[{"embeddable":true,"href":"https:\/\/hi-nd.com\/de\/wp-json\/wp\/v2\/media\/9649"}],"wp:attachment":[{"href":"https:\/\/hi-nd.com\/de\/wp-json\/wp\/v2\/media?parent=5812"}],"wp:term":[{"taxonomy":"product_brand","embeddable":true,"href":"https:\/\/hi-nd.com\/de\/wp-json\/wp\/v2\/product_brand?post=5812"},{"taxonomy":"product_cat","embeddable":true,"href":"https:\/\/hi-nd.com\/de\/wp-json\/wp\/v2\/product_cat?post=5812"},{"taxonomy":"product_tag","embeddable":true,"href":"https:\/\/hi-nd.com\/de\/wp-json\/wp\/v2\/product_tag?post=5812"}],"curies":[{"name":"wp","href":"https:\/\/api.w.org\/{rel}","templated":true}]}}