{"id":5811,"date":"2022-01-20T16:27:23","date_gmt":"2022-01-20T15:27:23","guid":{"rendered":"https:\/\/hi-nd.com\/product\/deckenhalterung-fuer-deckenverkleidungen\/"},"modified":"2024-06-17T15:49:06","modified_gmt":"2024-06-17T13:49:06","slug":"deckenhalterung-fuer-deckenverkleidungen","status":"publish","type":"product","link":"https:\/\/hi-nd.com\/de\/produkt\/deckenhalterung-fuer-deckenverkleidungen\/","title":{"rendered":"Deckenhalterung f\u00fcr Deckenverkleidungen"},"content":{"rendered":"<table style=\"height: 303px;\" width=\"648\">\n<tbody>\n<tr>\n<td width=\"149\">Teilnummer<\/td>\n<td width=\"391\">Beschreibung<\/td>\n<td width=\"127\">Farbe<\/td>\n<\/tr>\n<tr>\n<td>CM3500-0101-01P<\/td>\n<td>Deckenhalterung und Teleskoprohr, 40-60cm<\/td>\n<td>Wei\u00df<\/td>\n<\/tr>\n<tr>\n<td>CM6500-0101-01P<\/td>\n<td>Deckenhalterung und Teleskoprohr, 65-110cm<\/td>\n<td>Wei\u00df<\/td>\n<\/tr>\n<tr>\n<td>CM3500-0101-02P<\/td>\n<td>Deckenhalterung und Teleskoprohr, 40-60cm<\/td>\n<td>Schwarz<\/td>\n<\/tr>\n<tr>\n<td>CM6500-0101-02P<\/td>\n<td>Deckenhalterung und Teleskoprohr, 65-110cm<\/td>\n<td>Schwarz<\/td>\n<\/tr>\n<tr>\n<td>CM1100-0101<\/td>\n<td>Anschluss f\u00fcr Deckenmontage, direkter Anschluss an die Decke<\/td>\n<td>Grau<\/td>\n<\/tr>\n<tr>\n<td>CM5500-0101-01<\/td>\n<td>Verl\u00e4ngerungsrohr, 55cm<\/td>\n<td>Wei\u00df<\/td>\n<\/tr>\n<tr>\n<td>CM9900-0101-01<\/td>\n<td>Verl\u00e4ngerungsrohr, 99cm<\/td>\n<td>Wei\u00df<\/td>\n<\/tr>\n<tr>\n<td>CM5500-0101-02<\/td>\n<td>Verl\u00e4ngerungsrohr, 55cm<\/td>\n<td>Schwarz<\/td>\n<\/tr>\n<tr>\n<td>CM9900-0101-02<\/td>\n<td>Verl\u00e4ngerungsrohr, 99cm<\/td>\n<td>Schwarz<\/td>\n<\/tr>\n<\/tbody>\n<\/table>\n<p>&nbsp;<\/p>\n","protected":false},"excerpt":{"rendered":"<p>Alle unsere Deckenverkleidungen sind f\u00fcr die Verwendung mit unseren ma\u00dfgefertigten Teleskoprohren oder -dr\u00e4hten konzipiert. Das Teleskoprohr ist verstellbar und die Displays k\u00f6nnen in verschiedene Richtungen geschwenkt werden. Das Teleskop ist mit einem zu \u00f6ffnenden Schloss ausgestattet, um das Kabelmanagement zu erleichtern.<\/p>\n<ul>\n<li>Zu \u00f6ffnendes Schloss f\u00fcr das Kabelmanagement<\/li>\n<li>Standardm\u00e4\u00dfig in schwarz-wei\u00dfer Farbe. Kundenspezifische Farben verf\u00fcgbar<\/li>\n<li><span style=\"font-size: 14.4px;\">Stahldraht und Sicherheitsschloss<\/span><\/li>\n<li><span style=\"font-size: 14.4px;\">Option mit wei\u00dfen und schwarzen Zopfsocken  <\/span><\/li>\n<\/ul>\n","protected":false},"featured_media":9660,"template":"","meta":[],"product_brand":[],"product_cat":[81,103],"product_tag":[],"class_list":{"0":"post-5811","1":"product","2":"type-product","3":"status-publish","4":"has-post-thumbnail","6":"product_cat-decken","7":"product_cat-deckenhalterung","9":"first","10":"instock","11":"shipping-taxable","12":"product-type-simple"},"yoast_head":"<!-- This site is optimized with the Yoast SEO plugin v27.3 - https:\/\/yoast.com\/product\/yoast-seo-wordpress\/ -->\n<title>Deckenhalterung f\u00fcr Deckenverkleidungen - HI-ND<\/title>\n<meta name=\"description\" content=\"Unsere Deckenverkleidungen sind f\u00fcr die Verwendung mit unseren ma\u00dfgefertigten Teleskoprohren oder -dr\u00e4hten konzipiert. Das Teleskoprohr ist verstellbar.\" \/>\n<meta name=\"robots\" content=\"index, follow, max-snippet:-1, max-image-preview:large, max-video-preview:-1\" \/>\n<link rel=\"canonical\" href=\"https:\/\/hi-nd.com\/de\/produkt\/deckenhalterung-fuer-deckenverkleidungen\/\" \/>\n<meta property=\"og:locale\" content=\"de_DE\" \/>\n<meta property=\"og:type\" content=\"article\" \/>\n<meta property=\"og:title\" content=\"Deckenhalterung f\u00fcr Deckenverkleidungen - HI-ND\" \/>\n<meta property=\"og:description\" content=\"Unsere Deckenverkleidungen sind f\u00fcr die Verwendung mit unseren ma\u00dfgefertigten Teleskoprohren oder -dr\u00e4hten konzipiert. Das Teleskoprohr ist verstellbar.\" \/>\n<meta property=\"og:url\" content=\"https:\/\/hi-nd.com\/de\/produkt\/deckenhalterung-fuer-deckenverkleidungen\/\" \/>\n<meta property=\"og:site_name\" content=\"HI-ND\" \/>\n<meta property=\"article:modified_time\" content=\"2024-06-17T13:49:06+00:00\" \/>\n<meta property=\"og:image\" content=\"https:\/\/hi-nd.com\/wp-content\/uploads\/2022\/01\/CM5000-5001-1_03-750x750-1.jpg\" \/>\n\t<meta property=\"og:image:width\" content=\"750\" \/>\n\t<meta property=\"og:image:height\" content=\"750\" \/>\n\t<meta property=\"og:image:type\" content=\"image\/jpeg\" \/>\n<meta name=\"twitter:card\" content=\"summary_large_image\" \/>\n<script type=\"application\/ld+json\" class=\"yoast-schema-graph\">{\"@context\":\"https:\\\/\\\/schema.org\",\"@graph\":[{\"@type\":\"WebPage\",\"@id\":\"https:\\\/\\\/hi-nd.com\\\/de\\\/produkt\\\/deckenhalterung-fuer-deckenverkleidungen\\\/\",\"url\":\"https:\\\/\\\/hi-nd.com\\\/de\\\/produkt\\\/deckenhalterung-fuer-deckenverkleidungen\\\/\",\"name\":\"Deckenhalterung f\u00fcr Deckenverkleidungen - HI-ND\",\"isPartOf\":{\"@id\":\"https:\\\/\\\/hi-nd.com\\\/#website\"},\"primaryImageOfPage\":{\"@id\":\"https:\\\/\\\/hi-nd.com\\\/de\\\/produkt\\\/deckenhalterung-fuer-deckenverkleidungen\\\/#primaryimage\"},\"image\":{\"@id\":\"https:\\\/\\\/hi-nd.com\\\/de\\\/produkt\\\/deckenhalterung-fuer-deckenverkleidungen\\\/#primaryimage\"},\"thumbnailUrl\":\"https:\\\/\\\/hi-nd.com\\\/wp-content\\\/uploads\\\/2022\\\/01\\\/CM5000-5001-1_03-750x750-1.jpg\",\"datePublished\":\"2022-01-20T15:27:23+00:00\",\"dateModified\":\"2024-06-17T13:49:06+00:00\",\"description\":\"Unsere Deckenverkleidungen sind f\u00fcr die Verwendung mit unseren ma\u00dfgefertigten Teleskoprohren oder -dr\u00e4hten konzipiert. Das Teleskoprohr ist verstellbar.\",\"breadcrumb\":{\"@id\":\"https:\\\/\\\/hi-nd.com\\\/de\\\/produkt\\\/deckenhalterung-fuer-deckenverkleidungen\\\/#breadcrumb\"},\"inLanguage\":\"de\",\"potentialAction\":[{\"@type\":\"ReadAction\",\"target\":[\"https:\\\/\\\/hi-nd.com\\\/de\\\/produkt\\\/deckenhalterung-fuer-deckenverkleidungen\\\/\"]}]},{\"@type\":\"ImageObject\",\"inLanguage\":\"de\",\"@id\":\"https:\\\/\\\/hi-nd.com\\\/de\\\/produkt\\\/deckenhalterung-fuer-deckenverkleidungen\\\/#primaryimage\",\"url\":\"https:\\\/\\\/hi-nd.com\\\/wp-content\\\/uploads\\\/2022\\\/01\\\/CM5000-5001-1_03-750x750-1.jpg\",\"contentUrl\":\"https:\\\/\\\/hi-nd.com\\\/wp-content\\\/uploads\\\/2022\\\/01\\\/CM5000-5001-1_03-750x750-1.jpg\",\"width\":750,\"height\":750,\"caption\":\"Top mounted ceiling mount\"},{\"@type\":\"BreadcrumbList\",\"@id\":\"https:\\\/\\\/hi-nd.com\\\/de\\\/produkt\\\/deckenhalterung-fuer-deckenverkleidungen\\\/#breadcrumb\",\"itemListElement\":[{\"@type\":\"ListItem\",\"position\":1,\"name\":\"Home\",\"item\":\"https:\\\/\\\/hi-nd.com\\\/de\\\/\"},{\"@type\":\"ListItem\",\"position\":2,\"name\":\"Shop\",\"item\":\"https:\\\/\\\/hi-nd.com\\\/de\\\/shop\\\/\"},{\"@type\":\"ListItem\",\"position\":3,\"name\":\"Deckenhalterung f\u00fcr Deckenverkleidungen\"}]},{\"@type\":\"WebSite\",\"@id\":\"https:\\\/\\\/hi-nd.com\\\/#website\",\"url\":\"https:\\\/\\\/hi-nd.com\\\/\",\"name\":\"HI-ND\",\"description\":\"Mounting Solutions\",\"potentialAction\":[{\"@type\":\"SearchAction\",\"target\":{\"@type\":\"EntryPoint\",\"urlTemplate\":\"https:\\\/\\\/hi-nd.com\\\/?s={search_term_string}\"},\"query-input\":{\"@type\":\"PropertyValueSpecification\",\"valueRequired\":true,\"valueName\":\"search_term_string\"}}],\"inLanguage\":\"de\"}]}<\/script>\n<!-- \/ Yoast SEO plugin. -->","yoast_head_json":{"title":"Deckenhalterung f\u00fcr Deckenverkleidungen - HI-ND","description":"Unsere Deckenverkleidungen sind f\u00fcr die Verwendung mit unseren ma\u00dfgefertigten Teleskoprohren oder -dr\u00e4hten konzipiert. Das Teleskoprohr ist verstellbar.","robots":{"index":"index","follow":"follow","max-snippet":"max-snippet:-1","max-image-preview":"max-image-preview:large","max-video-preview":"max-video-preview:-1"},"canonical":"https:\/\/hi-nd.com\/de\/produkt\/deckenhalterung-fuer-deckenverkleidungen\/","og_locale":"de_DE","og_type":"article","og_title":"Deckenhalterung f\u00fcr Deckenverkleidungen - HI-ND","og_description":"Unsere Deckenverkleidungen sind f\u00fcr die Verwendung mit unseren ma\u00dfgefertigten Teleskoprohren oder -dr\u00e4hten konzipiert. Das Teleskoprohr ist verstellbar.","og_url":"https:\/\/hi-nd.com\/de\/produkt\/deckenhalterung-fuer-deckenverkleidungen\/","og_site_name":"HI-ND","article_modified_time":"2024-06-17T13:49:06+00:00","og_image":[{"width":750,"height":750,"url":"https:\/\/hi-nd.com\/wp-content\/uploads\/2022\/01\/CM5000-5001-1_03-750x750-1.jpg","type":"image\/jpeg"}],"twitter_card":"summary_large_image","schema":{"@context":"https:\/\/schema.org","@graph":[{"@type":"WebPage","@id":"https:\/\/hi-nd.com\/de\/produkt\/deckenhalterung-fuer-deckenverkleidungen\/","url":"https:\/\/hi-nd.com\/de\/produkt\/deckenhalterung-fuer-deckenverkleidungen\/","name":"Deckenhalterung f\u00fcr Deckenverkleidungen - HI-ND","isPartOf":{"@id":"https:\/\/hi-nd.com\/#website"},"primaryImageOfPage":{"@id":"https:\/\/hi-nd.com\/de\/produkt\/deckenhalterung-fuer-deckenverkleidungen\/#primaryimage"},"image":{"@id":"https:\/\/hi-nd.com\/de\/produkt\/deckenhalterung-fuer-deckenverkleidungen\/#primaryimage"},"thumbnailUrl":"https:\/\/hi-nd.com\/wp-content\/uploads\/2022\/01\/CM5000-5001-1_03-750x750-1.jpg","datePublished":"2022-01-20T15:27:23+00:00","dateModified":"2024-06-17T13:49:06+00:00","description":"Unsere Deckenverkleidungen sind f\u00fcr die Verwendung mit unseren ma\u00dfgefertigten Teleskoprohren oder -dr\u00e4hten konzipiert. Das Teleskoprohr ist verstellbar.","breadcrumb":{"@id":"https:\/\/hi-nd.com\/de\/produkt\/deckenhalterung-fuer-deckenverkleidungen\/#breadcrumb"},"inLanguage":"de","potentialAction":[{"@type":"ReadAction","target":["https:\/\/hi-nd.com\/de\/produkt\/deckenhalterung-fuer-deckenverkleidungen\/"]}]},{"@type":"ImageObject","inLanguage":"de","@id":"https:\/\/hi-nd.com\/de\/produkt\/deckenhalterung-fuer-deckenverkleidungen\/#primaryimage","url":"https:\/\/hi-nd.com\/wp-content\/uploads\/2022\/01\/CM5000-5001-1_03-750x750-1.jpg","contentUrl":"https:\/\/hi-nd.com\/wp-content\/uploads\/2022\/01\/CM5000-5001-1_03-750x750-1.jpg","width":750,"height":750,"caption":"Top mounted ceiling mount"},{"@type":"BreadcrumbList","@id":"https:\/\/hi-nd.com\/de\/produkt\/deckenhalterung-fuer-deckenverkleidungen\/#breadcrumb","itemListElement":[{"@type":"ListItem","position":1,"name":"Home","item":"https:\/\/hi-nd.com\/de\/"},{"@type":"ListItem","position":2,"name":"Shop","item":"https:\/\/hi-nd.com\/de\/shop\/"},{"@type":"ListItem","position":3,"name":"Deckenhalterung f\u00fcr Deckenverkleidungen"}]},{"@type":"WebSite","@id":"https:\/\/hi-nd.com\/#website","url":"https:\/\/hi-nd.com\/","name":"HI-ND","description":"Mounting Solutions","potentialAction":[{"@type":"SearchAction","target":{"@type":"EntryPoint","urlTemplate":"https:\/\/hi-nd.com\/?s={search_term_string}"},"query-input":{"@type":"PropertyValueSpecification","valueRequired":true,"valueName":"search_term_string"}}],"inLanguage":"de"}]}},"_links":{"self":[{"href":"https:\/\/hi-nd.com\/de\/wp-json\/wp\/v2\/product\/5811","targetHints":{"allow":["GET"]}}],"collection":[{"href":"https:\/\/hi-nd.com\/de\/wp-json\/wp\/v2\/product"}],"about":[{"href":"https:\/\/hi-nd.com\/de\/wp-json\/wp\/v2\/types\/product"}],"wp:featuredmedia":[{"embeddable":true,"href":"https:\/\/hi-nd.com\/de\/wp-json\/wp\/v2\/media\/9660"}],"wp:attachment":[{"href":"https:\/\/hi-nd.com\/de\/wp-json\/wp\/v2\/media?parent=5811"}],"wp:term":[{"taxonomy":"product_brand","embeddable":true,"href":"https:\/\/hi-nd.com\/de\/wp-json\/wp\/v2\/product_brand?post=5811"},{"taxonomy":"product_cat","embeddable":true,"href":"https:\/\/hi-nd.com\/de\/wp-json\/wp\/v2\/product_cat?post=5811"},{"taxonomy":"product_tag","embeddable":true,"href":"https:\/\/hi-nd.com\/de\/wp-json\/wp\/v2\/product_tag?post=5811"}],"curies":[{"name":"wp","href":"https:\/\/api.w.org\/{rel}","templated":true}]}}