{"id":5810,"date":"2021-11-22T18:22:51","date_gmt":"2021-11-22T17:22:51","guid":{"rendered":"https:\/\/hi-nd.com\/product\/wandverkleidung-protect\/"},"modified":"2024-02-22T21:19:48","modified_gmt":"2024-02-22T20:19:48","slug":"wandverkleidung-protect","status":"publish","type":"product","link":"https:\/\/hi-nd.com\/de\/produkt\/wandverkleidung-protect\/","title":{"rendered":"Wandverkleidung PROTECT"},"content":{"rendered":"<p>&nbsp;<\/p>\n<table width=\"981\">\n<tbody>\n<tr>\n<td width=\"130\">Teilnummer<\/td>\n<td width=\"344\">Beschreibung<\/td>\n<td width=\"79\">Farbe<\/td>\n<td width=\"428\">Kompatible Bildschirme<\/td>\n<\/tr>\n<tr>\n<td>WC1312-5001-51<\/td>\n<td>Wandgeh\u00e4use 13&#8243;, Hochformat, Polycarbonat<\/td>\n<td>Wei\u00df<\/td>\n<td width=\"428\">QM13B, QMC<\/td>\n<\/tr>\n<tr>\n<td>WC3200-5001-51<\/td>\n<td>Wandgeh\u00e4use 32&#8243;, Hochformat, Polycarbonat<\/td>\n<td>Wei\u00df<\/td>\n<td width=\"428\">QM32B, QMC<\/td>\n<\/tr>\n<tr>\n<td>WC4300-5001-51<\/td>\n<td>Wandgeh\u00e4use 43&#8243;, Hochformat, Polycarbonat<\/td>\n<td>Wei\u00df<\/td>\n<td width=\"428\">QB43B\/QM43B\/QMC\/QH43B\/LG43UH5F<\/td>\n<\/tr>\n<tr>\n<td>WC4900-5001-51<\/td>\n<td>Wandgeh\u00e4use 49&#8243;, Hochformat, Polycarbonat<\/td>\n<td>Wei\u00df<\/td>\n<td width=\"428\">QB49B\/QM49B\/QMC\/LG49UH5F\/LG49UH7F\/LG49UH7F<\/td>\n<\/tr>\n<tr>\n<td>WC5012-5101-51<\/td>\n<td>Wandgeh\u00e4use 50&#8243;, Hochformat, Polycarbonat<\/td>\n<td>Wei\u00df<\/td>\n<td width=\"428\">QMC<\/td>\n<\/tr>\n<tr>\n<td>WC5500-5001-51<\/td>\n<td>Wandgeh\u00e4use 55&#8243;, Hochformat, Polycarbonat<\/td>\n<td>Wei\u00df<\/td>\n<td width=\"428\">QM55B\/QB55B\/QMC\/QH55B\/LG55UH5F\/LGUH7F<\/td>\n<\/tr>\n<tr>\n<td>WC6500-5001-51<\/td>\n<td>Wandgeh\u00e4use 65&#8243;, Hochformat, Polycarbonat<\/td>\n<td>Wei\u00df<\/td>\n<td width=\"428\">QB65B\/QM65B\/QMC\/QH65B\/LG65UH5F\/LG65UH7F<\/td>\n<\/tr>\n<tr>\n<td>WC7500-5001-51<\/td>\n<td>Wandgeh\u00e4use 75&#8243;, Hochformat, Polycarbonat<\/td>\n<td>Wei\u00df<\/td>\n<td width=\"428\">QB75B\/QM75B\/QH75B\/QMC\/LG75UH5F<\/td>\n<\/tr>\n<tr>\n<td>WC1312-5001-52<\/td>\n<td>Wandgeh\u00e4use 13&#8243;, Hochformat, Polycarbonat<\/td>\n<td>Schwarz<\/td>\n<td width=\"428\">QM13B\/QMC<\/td>\n<\/tr>\n<tr>\n<td>WC3200-5001-52<\/td>\n<td>Wandgeh\u00e4use 32&#8243;, Hochformat, Polycarbonat<\/td>\n<td>Schwarz<\/td>\n<td width=\"428\">QM32B\/QMC<\/td>\n<\/tr>\n<tr>\n<td>WC4300-5001-52<\/td>\n<td>Wandgeh\u00e4use 43&#8243;, Hochformat, Polycarbonat<\/td>\n<td>Schwarz<\/td>\n<td width=\"428\">QB43B\/QM43B\/QMC\/QH43B\/LG43UH5F<\/td>\n<\/tr>\n<tr>\n<td>WC4900-5001-52<\/td>\n<td>Wandgeh\u00e4use 49&#8243;, Hochformat, Polycarbonat<\/td>\n<td>Schwarz<\/td>\n<td width=\"428\">QB49B\/QM49B\/QMC\/LG49UH5F\/LG49UH7F\/LG49UH7F<\/td>\n<\/tr>\n<tr>\n<td>WC5012-5101-52<\/td>\n<td>Wandgeh\u00e4use 50&#8243;, Hochformat, Polycarbonat<\/td>\n<td>Schwarz<\/td>\n<td width=\"428\">QMC<\/td>\n<\/tr>\n<tr>\n<td>WC5500-5001-52<\/td>\n<td>Wandverkleidung 55&#8243; Hochformat, Polycarbonat<\/td>\n<td>Schwarz<\/td>\n<td width=\"428\">QM55B\/QB55B\/QMC\/QH55B\/LG55UH5F\/LGUH7F<\/td>\n<\/tr>\n<tr>\n<td>WC6500-5001-52<\/td>\n<td>Wandgeh\u00e4use 65&#8243;, Hochformat, Polycarbonat<\/td>\n<td>Schwarz<\/td>\n<td width=\"428\">QB65B\/QM65B\/QMC\/QH65B\/LG65UH5F\/LG65UH7F<\/td>\n<\/tr>\n<tr>\n<td>WC7500-5001-52<\/td>\n<td>Wandgeh\u00e4use 75&#8243;, Hochformat, Polycarbonat<\/td>\n<td>Schwarz<\/td>\n<td width=\"428\">QB75B\/QM75B\/QMC\/QH75B\/LG75UH5F<\/td>\n<\/tr>\n<tr>\n<td><\/td>\n<td><\/td>\n<td><\/td>\n<td width=\"428\"><\/td>\n<\/tr>\n<tr>\n<td>WC4300-0101-51<\/td>\n<td>Wandverkleidung 43&#8243;, Querformat, Polycarbonat<\/td>\n<td>Wei\u00df<\/td>\n<td width=\"428\">QB43B\/QM43B\/QMC\/QH43B\/LG43UH5F<\/td>\n<\/tr>\n<tr>\n<td>WC4900-0101-51<\/td>\n<td>Wandverkleidung 49&#8243;, Querformat, Polycarbonat<\/td>\n<td>Wei\u00df<\/td>\n<td width=\"428\">QB49B\/QM49B\/QMC\/LG49UH5F\/LG49UH7F\/LG49UH7F<\/td>\n<\/tr>\n<tr>\n<td>WC5012-0201-51<\/td>\n<td>Wandgeh\u00e4use 50&#8243;, Querformat, Polycarbonat<\/td>\n<td>Wei\u00df<\/td>\n<td width=\"428\">QMC<\/td>\n<\/tr>\n<tr>\n<td>WC5500-0101-51<\/td>\n<td>Wandverkleidung 55&#8243;, Querformat, Polycarbonat<\/td>\n<td>Wei\u00df<\/td>\n<td width=\"428\">QM55B\/QB55B\/QMC\/QH55B\/LG55UH5F\/LGUH7F<\/td>\n<\/tr>\n<tr>\n<td>WC6500-0101-51<\/td>\n<td>Wandverkleidung 65&#8243;, Querformat, Polycarbonat<\/td>\n<td>Wei\u00df<\/td>\n<td width=\"428\">QB65B\/QM65B\/QMC\/QH65B\/LG65UH5F\/LG65UH7F<\/td>\n<\/tr>\n<tr>\n<td>WC7500-0101-51<\/td>\n<td>Wandverkleidung, 75&#8243;, Querformat, Polycarbonat<\/td>\n<td>Wei\u00df<\/td>\n<td width=\"428\">QB75B\/QM75B\/QMC\/QH75B\/LG75UH5F<\/td>\n<\/tr>\n<tr>\n<td>WC4300-0101-52<\/td>\n<td>Wandverkleidung 43&#8243;, Querformat, Polycarbonat<\/td>\n<td>Schwarz<\/td>\n<td width=\"428\">QB43B\/QM43B\/QMC\/QH43B\/LG43UH5F<\/td>\n<\/tr>\n<tr>\n<td>WC4900-0101-52<\/td>\n<td>Wandverkleidung 49&#8243;, Querformat, Polycarbonat<\/td>\n<td>Schwarz<\/td>\n<td width=\"428\">QB49B\/QM49B\/QMC\/LG49UH5F\/LG49UH7F\/LG49UH7F<\/td>\n<\/tr>\n<tr>\n<td>WC5012-0201-52<\/td>\n<td>Wandgeh\u00e4use 50&#8243;, Querformat, Polycarbonat<\/td>\n<td>Schwarz<\/td>\n<td width=\"428\">QMC<\/td>\n<\/tr>\n<tr>\n<td>WC5500-0101-52<\/td>\n<td>Wandverkleidung 55&#8243;, Querformat, Polycarbonat<\/td>\n<td>Schwarz<\/td>\n<td width=\"428\">QM55B\/QB55B\/QMC\/QH55B\/LG55UH5F\/LGUH7F<\/td>\n<\/tr>\n<tr>\n<td>WC6500-0101-52<\/td>\n<td>Wandverkleidung 65&#8243;, Querformat, Polycarbonat<\/td>\n<td>Schwarz<\/td>\n<td width=\"428\">QB65B\/QM65B\/QMC\/QH65B\/LG65UH5F\/LG65UH7F<\/td>\n<\/tr>\n<tr>\n<td>WC7500-0101-52<\/td>\n<td>Wandverkleidung, 75&#8243;, Querformat, Polycarbonat<\/td>\n<td>Schwarz<\/td>\n<td width=\"428\">QB75B\/QM75B\/QMC\/QH75B\/LG75UH5F<\/td>\n<\/tr>\n<\/tbody>\n<\/table>\n<p>&nbsp;<\/p>\n","protected":false},"excerpt":{"rendered":"<p>Perfekte L\u00f6sung f\u00fcr die Orientierungshilfe im Treppenhaus.<\/p>\n<p>Unser Wandgeh\u00e4use PROTECT verwendet Polycarbonat zum Schutz des Displays. Verschiedene Modelle im Quer- und Hochformat, um einen Luftstrom von oben nach unten zu erm\u00f6glichen, da nur die Seiten vollst\u00e4ndig zur Wand hin abgedeckt sind. Es gibt gen\u00fcgend Platz f\u00fcr Computer und Steckdosen im Inneren. Es ist in den Standardfarben Schwarz und Wei\u00df erh\u00e4ltlich. Kundenspezifische Farben und Materialien wie Messing und Edelstahl k\u00f6nnen auf Anfrage bestellt werden. Erh\u00e4ltlich in Gr\u00f6\u00dfen von 32\u2033 &#8211; 75\u2033.<\/p>\n<ul>\n<li>Schutz aus Polycarbonat<\/li>\n<li>Entwickelt f\u00fcr Displays von Samsung und LG<\/li>\n<li>Platz f\u00fcr Steckdosen<\/li>\n<li>Integrierte Display-Halterung<\/li>\n<li>Erh\u00e4ltlich in verschiedenen Farben und Materialien<\/li>\n<\/ul>\n","protected":false},"featured_media":3660,"template":"","meta":[],"product_brand":[],"product_cat":[109,87],"product_tag":[],"class_list":{"0":"post-5810","1":"product","2":"type-product","3":"status-publish","4":"has-post-thumbnail","6":"product_cat-gehause-de","7":"product_cat-wand","9":"first","10":"instock","11":"shipping-taxable","12":"product-type-simple"},"yoast_head":"<!-- This site is optimized with the Yoast SEO plugin v27.3 - https:\/\/yoast.com\/product\/yoast-seo-wordpress\/ -->\n<title>Wandverkleidung PROTECT - HI-ND<\/title>\n<meta name=\"description\" content=\"Unser Wandgeh\u00e4use PROTECT verwendet Polycarbonat zum Schutz des Displays. Das Geh\u00e4use ist sowohl f\u00fcr Samsung als auch f\u00fcr LG geeignet. Es sind verschiedene Farben erh\u00e4ltlich.\" \/>\n<meta name=\"robots\" content=\"index, follow, max-snippet:-1, max-image-preview:large, max-video-preview:-1\" \/>\n<link rel=\"canonical\" href=\"https:\/\/hi-nd.com\/de\/produkt\/wandverkleidung-protect\/\" \/>\n<meta property=\"og:locale\" content=\"de_DE\" \/>\n<meta property=\"og:type\" content=\"article\" \/>\n<meta property=\"og:title\" content=\"Wandverkleidung PROTECT - HI-ND\" \/>\n<meta property=\"og:description\" content=\"Unser Wandgeh\u00e4use PROTECT verwendet Polycarbonat zum Schutz des Displays. Das Geh\u00e4use ist sowohl f\u00fcr Samsung als auch f\u00fcr LG geeignet. Es sind verschiedene Farben erh\u00e4ltlich.\" \/>\n<meta property=\"og:url\" content=\"https:\/\/hi-nd.com\/de\/produkt\/wandverkleidung-protect\/\" \/>\n<meta property=\"og:site_name\" content=\"HI-ND\" \/>\n<meta property=\"article:modified_time\" content=\"2024-02-22T20:19:48+00:00\" \/>\n<meta property=\"og:image\" content=\"https:\/\/hi-nd.com\/wp-content\/uploads\/2021\/11\/protect-landscape-white-web.png\" \/>\n\t<meta property=\"og:image:width\" content=\"750\" \/>\n\t<meta property=\"og:image:height\" content=\"750\" \/>\n\t<meta property=\"og:image:type\" content=\"image\/png\" \/>\n<meta name=\"twitter:card\" content=\"summary_large_image\" \/>\n<meta name=\"twitter:label1\" content=\"Gesch\u00e4tzte Lesezeit\" \/>\n\t<meta name=\"twitter:data1\" content=\"2\u00a0Minuten\" \/>\n<script type=\"application\/ld+json\" class=\"yoast-schema-graph\">{\"@context\":\"https:\\\/\\\/schema.org\",\"@graph\":[{\"@type\":\"WebPage\",\"@id\":\"https:\\\/\\\/hi-nd.com\\\/de\\\/produkt\\\/wandverkleidung-protect\\\/\",\"url\":\"https:\\\/\\\/hi-nd.com\\\/de\\\/produkt\\\/wandverkleidung-protect\\\/\",\"name\":\"Wandverkleidung PROTECT - HI-ND\",\"isPartOf\":{\"@id\":\"https:\\\/\\\/hi-nd.com\\\/#website\"},\"primaryImageOfPage\":{\"@id\":\"https:\\\/\\\/hi-nd.com\\\/de\\\/produkt\\\/wandverkleidung-protect\\\/#primaryimage\"},\"image\":{\"@id\":\"https:\\\/\\\/hi-nd.com\\\/de\\\/produkt\\\/wandverkleidung-protect\\\/#primaryimage\"},\"thumbnailUrl\":\"https:\\\/\\\/hi-nd.com\\\/wp-content\\\/uploads\\\/2021\\\/11\\\/protect-landscape-white-web.png\",\"datePublished\":\"2021-11-22T17:22:51+00:00\",\"dateModified\":\"2024-02-22T20:19:48+00:00\",\"description\":\"Unser Wandgeh\u00e4use PROTECT verwendet Polycarbonat zum Schutz des Displays. Das Geh\u00e4use ist sowohl f\u00fcr Samsung als auch f\u00fcr LG geeignet. Es sind verschiedene Farben erh\u00e4ltlich.\",\"breadcrumb\":{\"@id\":\"https:\\\/\\\/hi-nd.com\\\/de\\\/produkt\\\/wandverkleidung-protect\\\/#breadcrumb\"},\"inLanguage\":\"de\",\"potentialAction\":[{\"@type\":\"ReadAction\",\"target\":[\"https:\\\/\\\/hi-nd.com\\\/de\\\/produkt\\\/wandverkleidung-protect\\\/\"]}]},{\"@type\":\"ImageObject\",\"inLanguage\":\"de\",\"@id\":\"https:\\\/\\\/hi-nd.com\\\/de\\\/produkt\\\/wandverkleidung-protect\\\/#primaryimage\",\"url\":\"https:\\\/\\\/hi-nd.com\\\/wp-content\\\/uploads\\\/2021\\\/11\\\/protect-landscape-white-web.png\",\"contentUrl\":\"https:\\\/\\\/hi-nd.com\\\/wp-content\\\/uploads\\\/2021\\\/11\\\/protect-landscape-white-web.png\",\"width\":750,\"height\":750},{\"@type\":\"BreadcrumbList\",\"@id\":\"https:\\\/\\\/hi-nd.com\\\/de\\\/produkt\\\/wandverkleidung-protect\\\/#breadcrumb\",\"itemListElement\":[{\"@type\":\"ListItem\",\"position\":1,\"name\":\"Home\",\"item\":\"https:\\\/\\\/hi-nd.com\\\/de\\\/\"},{\"@type\":\"ListItem\",\"position\":2,\"name\":\"Shop\",\"item\":\"https:\\\/\\\/hi-nd.com\\\/de\\\/shop\\\/\"},{\"@type\":\"ListItem\",\"position\":3,\"name\":\"Wandverkleidung PROTECT\"}]},{\"@type\":\"WebSite\",\"@id\":\"https:\\\/\\\/hi-nd.com\\\/#website\",\"url\":\"https:\\\/\\\/hi-nd.com\\\/\",\"name\":\"HI-ND\",\"description\":\"Mounting Solutions\",\"potentialAction\":[{\"@type\":\"SearchAction\",\"target\":{\"@type\":\"EntryPoint\",\"urlTemplate\":\"https:\\\/\\\/hi-nd.com\\\/?s={search_term_string}\"},\"query-input\":{\"@type\":\"PropertyValueSpecification\",\"valueRequired\":true,\"valueName\":\"search_term_string\"}}],\"inLanguage\":\"de\"}]}<\/script>\n<!-- \/ Yoast SEO plugin. -->","yoast_head_json":{"title":"Wandverkleidung PROTECT - HI-ND","description":"Unser Wandgeh\u00e4use PROTECT verwendet Polycarbonat zum Schutz des Displays. Das Geh\u00e4use ist sowohl f\u00fcr Samsung als auch f\u00fcr LG geeignet. Es sind verschiedene Farben erh\u00e4ltlich.","robots":{"index":"index","follow":"follow","max-snippet":"max-snippet:-1","max-image-preview":"max-image-preview:large","max-video-preview":"max-video-preview:-1"},"canonical":"https:\/\/hi-nd.com\/de\/produkt\/wandverkleidung-protect\/","og_locale":"de_DE","og_type":"article","og_title":"Wandverkleidung PROTECT - HI-ND","og_description":"Unser Wandgeh\u00e4use PROTECT verwendet Polycarbonat zum Schutz des Displays. Das Geh\u00e4use ist sowohl f\u00fcr Samsung als auch f\u00fcr LG geeignet. Es sind verschiedene Farben erh\u00e4ltlich.","og_url":"https:\/\/hi-nd.com\/de\/produkt\/wandverkleidung-protect\/","og_site_name":"HI-ND","article_modified_time":"2024-02-22T20:19:48+00:00","og_image":[{"width":750,"height":750,"url":"https:\/\/hi-nd.com\/wp-content\/uploads\/2021\/11\/protect-landscape-white-web.png","type":"image\/png"}],"twitter_card":"summary_large_image","twitter_misc":{"Gesch\u00e4tzte Lesezeit":"2\u00a0Minuten"},"schema":{"@context":"https:\/\/schema.org","@graph":[{"@type":"WebPage","@id":"https:\/\/hi-nd.com\/de\/produkt\/wandverkleidung-protect\/","url":"https:\/\/hi-nd.com\/de\/produkt\/wandverkleidung-protect\/","name":"Wandverkleidung PROTECT - HI-ND","isPartOf":{"@id":"https:\/\/hi-nd.com\/#website"},"primaryImageOfPage":{"@id":"https:\/\/hi-nd.com\/de\/produkt\/wandverkleidung-protect\/#primaryimage"},"image":{"@id":"https:\/\/hi-nd.com\/de\/produkt\/wandverkleidung-protect\/#primaryimage"},"thumbnailUrl":"https:\/\/hi-nd.com\/wp-content\/uploads\/2021\/11\/protect-landscape-white-web.png","datePublished":"2021-11-22T17:22:51+00:00","dateModified":"2024-02-22T20:19:48+00:00","description":"Unser Wandgeh\u00e4use PROTECT verwendet Polycarbonat zum Schutz des Displays. Das Geh\u00e4use ist sowohl f\u00fcr Samsung als auch f\u00fcr LG geeignet. Es sind verschiedene Farben erh\u00e4ltlich.","breadcrumb":{"@id":"https:\/\/hi-nd.com\/de\/produkt\/wandverkleidung-protect\/#breadcrumb"},"inLanguage":"de","potentialAction":[{"@type":"ReadAction","target":["https:\/\/hi-nd.com\/de\/produkt\/wandverkleidung-protect\/"]}]},{"@type":"ImageObject","inLanguage":"de","@id":"https:\/\/hi-nd.com\/de\/produkt\/wandverkleidung-protect\/#primaryimage","url":"https:\/\/hi-nd.com\/wp-content\/uploads\/2021\/11\/protect-landscape-white-web.png","contentUrl":"https:\/\/hi-nd.com\/wp-content\/uploads\/2021\/11\/protect-landscape-white-web.png","width":750,"height":750},{"@type":"BreadcrumbList","@id":"https:\/\/hi-nd.com\/de\/produkt\/wandverkleidung-protect\/#breadcrumb","itemListElement":[{"@type":"ListItem","position":1,"name":"Home","item":"https:\/\/hi-nd.com\/de\/"},{"@type":"ListItem","position":2,"name":"Shop","item":"https:\/\/hi-nd.com\/de\/shop\/"},{"@type":"ListItem","position":3,"name":"Wandverkleidung PROTECT"}]},{"@type":"WebSite","@id":"https:\/\/hi-nd.com\/#website","url":"https:\/\/hi-nd.com\/","name":"HI-ND","description":"Mounting Solutions","potentialAction":[{"@type":"SearchAction","target":{"@type":"EntryPoint","urlTemplate":"https:\/\/hi-nd.com\/?s={search_term_string}"},"query-input":{"@type":"PropertyValueSpecification","valueRequired":true,"valueName":"search_term_string"}}],"inLanguage":"de"}]}},"_links":{"self":[{"href":"https:\/\/hi-nd.com\/de\/wp-json\/wp\/v2\/product\/5810","targetHints":{"allow":["GET"]}}],"collection":[{"href":"https:\/\/hi-nd.com\/de\/wp-json\/wp\/v2\/product"}],"about":[{"href":"https:\/\/hi-nd.com\/de\/wp-json\/wp\/v2\/types\/product"}],"wp:featuredmedia":[{"embeddable":true,"href":"https:\/\/hi-nd.com\/de\/wp-json\/wp\/v2\/media\/3660"}],"wp:attachment":[{"href":"https:\/\/hi-nd.com\/de\/wp-json\/wp\/v2\/media?parent=5810"}],"wp:term":[{"taxonomy":"product_brand","embeddable":true,"href":"https:\/\/hi-nd.com\/de\/wp-json\/wp\/v2\/product_brand?post=5810"},{"taxonomy":"product_cat","embeddable":true,"href":"https:\/\/hi-nd.com\/de\/wp-json\/wp\/v2\/product_cat?post=5810"},{"taxonomy":"product_tag","embeddable":true,"href":"https:\/\/hi-nd.com\/de\/wp-json\/wp\/v2\/product_tag?post=5810"}],"curies":[{"name":"wp","href":"https:\/\/api.w.org\/{rel}","templated":true}]}}