{"id":5808,"date":"2022-01-20T17:09:52","date_gmt":"2022-01-20T16:09:52","guid":{"rendered":"https:\/\/hi-nd.com\/product\/standfuss-glas-mit-gehaeuse\/"},"modified":"2024-04-17T11:52:35","modified_gmt":"2024-04-17T09:52:35","slug":"standfuss-glas-mit-gehaeuse","status":"publish","type":"product","link":"https:\/\/hi-nd.com\/de\/produkt\/standfuss-glas-mit-gehaeuse\/","title":{"rendered":"Standfu\u00df Glas mit Geh\u00e4use"},"content":{"rendered":"<table width=\"855\">\n<tbody>\n<tr>\n<td width=\"130\"> Teilnummer<\/td>\n<td width=\"600\"> Beschreibung<\/td>\n<td width=\"60\"> Farbe<\/td>\n<\/tr>\n<tr>\n<td>  FS4300-5001-01<\/td>\n<td>  Standfu\u00df Glas hoch mit Geh\u00e4use, Verstellbare H\u00f6he 40 cm, Samsung QMC, LG UH + UM<\/td>\n<td> Wei\u00df<\/td>\n<\/tr>\n<tr>\n<td>  FS4300-5001-02<\/td>\n<td>  Standfu\u00df Glas hoch mit Geh\u00e4use, Verstellbare H\u00f6he 40 cm, Samsung QMC, LG UH + UM<\/td>\n<td> Schwarz<\/td>\n<\/tr>\n<tr>\n<td>  FS4615-5001-01<\/td>\n<td>  Standfu\u00df Glas hoch mit Geh\u00e4use, Verstellbare H\u00f6he 40 cm, Samsung OM46B<\/td>\n<td> Wei\u00df<\/td>\n<\/tr>\n<tr>\n<td>  FS4615-5001-02<\/td>\n<td>  Standfu\u00df Glas hoch mit Geh\u00e4use, Verstellbare H\u00f6he 40 cm, Samsung OM46B<\/td>\n<td> Schwarz<\/td>\n<\/tr>\n<tr>\n<td>  FS4922-5001-01<\/td>\n<td>  Bodenst\u00e4nder Glas hoch mit Geh\u00e4use, Verstellbare H\u00f6he 40 cm, Serie LG UH + UM<\/td>\n<td> Wei\u00df<\/td>\n<\/tr>\n<tr>\n<td>  FS4922-5001-02<\/td>\n<td>  Bodenst\u00e4nder Glas hoch mit Geh\u00e4use, Verstellbare H\u00f6he 40 cm, Serie LG UH + UM<\/td>\n<td> Schwarz<\/td>\n<\/tr>\n<tr>\n<td>  FS5012-5101-01<\/td>\n<td>  Standfu\u00df Glas hoch mit Geh\u00e4use, Verstellbare H\u00f6he 40 cm, Samsung QMC<\/td>\n<td> Wei\u00df<\/td>\n<\/tr>\n<tr>\n<td>  FS5012-5101-02<\/td>\n<td>  Standfu\u00df Glas hoch mit Geh\u00e4use, Verstellbare H\u00f6he 40 cm, Samsung QMC<\/td>\n<td> Schwarz<\/td>\n<\/tr>\n<tr>\n<td>  FS5512-5001-01<\/td>\n<td>  Standfu\u00df Glas hoch mit Geh\u00e4use, Samsung 55&#8243; OM\/QM\/QB\/QC\/QH Serie<\/td>\n<td> Wei\u00df<\/td>\n<\/tr>\n<tr>\n<td>  FS5512-5001-02<\/td>\n<td>  Standfu\u00df Glas hoch mit Geh\u00e4use, Samsung 55&#8243; OM\/QM\/QB\/QC\/QH Serie<\/td>\n<td> Schwarz<\/td>\n<\/tr>\n<tr>\n<td>FS5525-5001-01<\/td>\n<td>  Standfu\u00df Glas hoch mit Geh\u00e4use, LG 55 XS2\/XS4<\/td>\n<td> Wei\u00df<\/td>\n<\/tr>\n<tr>\n<td>  FS5525-5001-02<\/td>\n<td>  Standfu\u00df Glas hoch mit Geh\u00e4use, LG 55 XS2\/XS4<\/td>\n<td> Schwarz<\/td>\n<\/tr>\n<\/tbody>\n<\/table>\n","protected":false},"excerpt":{"rendered":"<p><strong>Schaffen Sie einen exklusiven Look<\/strong><\/p>\n<p>Unser Standglasgeh\u00e4use wurde so konzipiert, dass es verschiedene Geh\u00e4useoptionen bietet. Wir verwenden ein bedrucktes Glas auf der S\u00e4ule unterhalb des Displays. Diese Funktion vermittelt ein exklusives Gef\u00fchl. Ideal f\u00fcr \u00f6ffentliche R\u00e4ume und Schaufenster. Nur Hochformat verf\u00fcgbar. Jetzt bieten wir auch einen <a href=\"https:\/\/hi-nd.com\/product\/floorstand-glass-casing\/\">verstellbaren Bodenst\u00e4nder<\/a> an. Die verstellbare H\u00f6he betr\u00e4gt 40 cm. <a href=\"https:\/\/hi-nd.com\/product\/floorstand-glass-casing\/\">Lesen Sie hier mehr<\/a>.<\/p>\n<ul>\n<li>Schwarze und wei\u00dfe Farben als Standard<\/li>\n<li>Bedrucktes Glas als S\u00e4ulenfront unter dem Display<\/li>\n<li>Ablage im Inneren der S\u00e4ule f\u00fcr externen Mediaplayer<\/li>\n<li>Bedrucktes Logo im Frontglas als Option<\/li>\n<li>Option mit Polycarbonat-Schutz vor dem Display<\/li>\n<\/ul>\n","protected":false},"featured_media":3915,"template":"","meta":[],"product_brand":[],"product_cat":[78,107],"product_tag":[],"class_list":{"0":"post-5808","1":"product","2":"type-product","3":"status-publish","4":"has-post-thumbnail","6":"product_cat-floor-de","7":"product_cat-standfus","9":"first","10":"instock","11":"shipping-taxable","12":"product-type-simple"},"yoast_head":"<!-- This site is optimized with the Yoast SEO plugin v27.3 - https:\/\/yoast.com\/product\/yoast-seo-wordpress\/ -->\n<title>Standfu\u00df Glas mit Geh\u00e4use - HI-ND<\/title>\n<meta name=\"description\" content=\"Das HI-ND-Standglasgeh\u00e4use wurde entwickelt, um verschiedene Geh\u00e4useoptionen zu bieten. Es eignet sich perfekt f\u00fcr \u00f6ffentliche R\u00e4ume und Schaufenster.\" \/>\n<meta name=\"robots\" content=\"index, follow, max-snippet:-1, max-image-preview:large, max-video-preview:-1\" \/>\n<link rel=\"canonical\" href=\"https:\/\/hi-nd.com\/de\/produkt\/standfuss-glas-mit-gehaeuse\/\" \/>\n<meta property=\"og:locale\" content=\"de_DE\" \/>\n<meta property=\"og:type\" content=\"article\" \/>\n<meta property=\"og:title\" content=\"Standfu\u00df Glas mit Geh\u00e4use - HI-ND\" \/>\n<meta property=\"og:description\" content=\"Das HI-ND-Standglasgeh\u00e4use wurde entwickelt, um verschiedene Geh\u00e4useoptionen zu bieten. Es eignet sich perfekt f\u00fcr \u00f6ffentliche R\u00e4ume und Schaufenster.\" \/>\n<meta property=\"og:url\" content=\"https:\/\/hi-nd.com\/de\/produkt\/standfuss-glas-mit-gehaeuse\/\" \/>\n<meta property=\"og:site_name\" content=\"HI-ND\" \/>\n<meta property=\"article:modified_time\" content=\"2024-04-17T09:52:35+00:00\" \/>\n<meta property=\"og:image\" content=\"https:\/\/hi-nd.com\/wp-content\/uploads\/2022\/01\/FS-glass-portrait-white-web.png\" \/>\n\t<meta property=\"og:image:width\" content=\"750\" \/>\n\t<meta property=\"og:image:height\" content=\"750\" \/>\n\t<meta property=\"og:image:type\" content=\"image\/png\" \/>\n<meta name=\"twitter:card\" content=\"summary_large_image\" \/>\n<meta name=\"twitter:label1\" content=\"Gesch\u00e4tzte Lesezeit\" \/>\n\t<meta name=\"twitter:data1\" content=\"1\u00a0Minute\" \/>\n<script type=\"application\/ld+json\" class=\"yoast-schema-graph\">{\"@context\":\"https:\\\/\\\/schema.org\",\"@graph\":[{\"@type\":\"WebPage\",\"@id\":\"https:\\\/\\\/hi-nd.com\\\/de\\\/produkt\\\/standfuss-glas-mit-gehaeuse\\\/\",\"url\":\"https:\\\/\\\/hi-nd.com\\\/de\\\/produkt\\\/standfuss-glas-mit-gehaeuse\\\/\",\"name\":\"Standfu\u00df Glas mit Geh\u00e4use - HI-ND\",\"isPartOf\":{\"@id\":\"https:\\\/\\\/hi-nd.com\\\/#website\"},\"primaryImageOfPage\":{\"@id\":\"https:\\\/\\\/hi-nd.com\\\/de\\\/produkt\\\/standfuss-glas-mit-gehaeuse\\\/#primaryimage\"},\"image\":{\"@id\":\"https:\\\/\\\/hi-nd.com\\\/de\\\/produkt\\\/standfuss-glas-mit-gehaeuse\\\/#primaryimage\"},\"thumbnailUrl\":\"https:\\\/\\\/hi-nd.com\\\/wp-content\\\/uploads\\\/2022\\\/01\\\/FS-glass-portrait-white-web.png\",\"datePublished\":\"2022-01-20T16:09:52+00:00\",\"dateModified\":\"2024-04-17T09:52:35+00:00\",\"description\":\"Das HI-ND-Standglasgeh\u00e4use wurde entwickelt, um verschiedene Geh\u00e4useoptionen zu bieten. Es eignet sich perfekt f\u00fcr \u00f6ffentliche R\u00e4ume und Schaufenster.\",\"breadcrumb\":{\"@id\":\"https:\\\/\\\/hi-nd.com\\\/de\\\/produkt\\\/standfuss-glas-mit-gehaeuse\\\/#breadcrumb\"},\"inLanguage\":\"de\",\"potentialAction\":[{\"@type\":\"ReadAction\",\"target\":[\"https:\\\/\\\/hi-nd.com\\\/de\\\/produkt\\\/standfuss-glas-mit-gehaeuse\\\/\"]}]},{\"@type\":\"ImageObject\",\"inLanguage\":\"de\",\"@id\":\"https:\\\/\\\/hi-nd.com\\\/de\\\/produkt\\\/standfuss-glas-mit-gehaeuse\\\/#primaryimage\",\"url\":\"https:\\\/\\\/hi-nd.com\\\/wp-content\\\/uploads\\\/2022\\\/01\\\/FS-glass-portrait-white-web.png\",\"contentUrl\":\"https:\\\/\\\/hi-nd.com\\\/wp-content\\\/uploads\\\/2022\\\/01\\\/FS-glass-portrait-white-web.png\",\"width\":750,\"height\":750},{\"@type\":\"BreadcrumbList\",\"@id\":\"https:\\\/\\\/hi-nd.com\\\/de\\\/produkt\\\/standfuss-glas-mit-gehaeuse\\\/#breadcrumb\",\"itemListElement\":[{\"@type\":\"ListItem\",\"position\":1,\"name\":\"Home\",\"item\":\"https:\\\/\\\/hi-nd.com\\\/de\\\/\"},{\"@type\":\"ListItem\",\"position\":2,\"name\":\"Shop\",\"item\":\"https:\\\/\\\/hi-nd.com\\\/de\\\/shop\\\/\"},{\"@type\":\"ListItem\",\"position\":3,\"name\":\"Standfu\u00df Glas mit Geh\u00e4use\"}]},{\"@type\":\"WebSite\",\"@id\":\"https:\\\/\\\/hi-nd.com\\\/#website\",\"url\":\"https:\\\/\\\/hi-nd.com\\\/\",\"name\":\"HI-ND\",\"description\":\"Mounting Solutions\",\"potentialAction\":[{\"@type\":\"SearchAction\",\"target\":{\"@type\":\"EntryPoint\",\"urlTemplate\":\"https:\\\/\\\/hi-nd.com\\\/?s={search_term_string}\"},\"query-input\":{\"@type\":\"PropertyValueSpecification\",\"valueRequired\":true,\"valueName\":\"search_term_string\"}}],\"inLanguage\":\"de\"}]}<\/script>\n<!-- \/ Yoast SEO plugin. -->","yoast_head_json":{"title":"Standfu\u00df Glas mit Geh\u00e4use - HI-ND","description":"Das HI-ND-Standglasgeh\u00e4use wurde entwickelt, um verschiedene Geh\u00e4useoptionen zu bieten. Es eignet sich perfekt f\u00fcr \u00f6ffentliche R\u00e4ume und Schaufenster.","robots":{"index":"index","follow":"follow","max-snippet":"max-snippet:-1","max-image-preview":"max-image-preview:large","max-video-preview":"max-video-preview:-1"},"canonical":"https:\/\/hi-nd.com\/de\/produkt\/standfuss-glas-mit-gehaeuse\/","og_locale":"de_DE","og_type":"article","og_title":"Standfu\u00df Glas mit Geh\u00e4use - HI-ND","og_description":"Das HI-ND-Standglasgeh\u00e4use wurde entwickelt, um verschiedene Geh\u00e4useoptionen zu bieten. Es eignet sich perfekt f\u00fcr \u00f6ffentliche R\u00e4ume und Schaufenster.","og_url":"https:\/\/hi-nd.com\/de\/produkt\/standfuss-glas-mit-gehaeuse\/","og_site_name":"HI-ND","article_modified_time":"2024-04-17T09:52:35+00:00","og_image":[{"width":750,"height":750,"url":"https:\/\/hi-nd.com\/wp-content\/uploads\/2022\/01\/FS-glass-portrait-white-web.png","type":"image\/png"}],"twitter_card":"summary_large_image","twitter_misc":{"Gesch\u00e4tzte Lesezeit":"1\u00a0Minute"},"schema":{"@context":"https:\/\/schema.org","@graph":[{"@type":"WebPage","@id":"https:\/\/hi-nd.com\/de\/produkt\/standfuss-glas-mit-gehaeuse\/","url":"https:\/\/hi-nd.com\/de\/produkt\/standfuss-glas-mit-gehaeuse\/","name":"Standfu\u00df Glas mit Geh\u00e4use - HI-ND","isPartOf":{"@id":"https:\/\/hi-nd.com\/#website"},"primaryImageOfPage":{"@id":"https:\/\/hi-nd.com\/de\/produkt\/standfuss-glas-mit-gehaeuse\/#primaryimage"},"image":{"@id":"https:\/\/hi-nd.com\/de\/produkt\/standfuss-glas-mit-gehaeuse\/#primaryimage"},"thumbnailUrl":"https:\/\/hi-nd.com\/wp-content\/uploads\/2022\/01\/FS-glass-portrait-white-web.png","datePublished":"2022-01-20T16:09:52+00:00","dateModified":"2024-04-17T09:52:35+00:00","description":"Das HI-ND-Standglasgeh\u00e4use wurde entwickelt, um verschiedene Geh\u00e4useoptionen zu bieten. Es eignet sich perfekt f\u00fcr \u00f6ffentliche R\u00e4ume und Schaufenster.","breadcrumb":{"@id":"https:\/\/hi-nd.com\/de\/produkt\/standfuss-glas-mit-gehaeuse\/#breadcrumb"},"inLanguage":"de","potentialAction":[{"@type":"ReadAction","target":["https:\/\/hi-nd.com\/de\/produkt\/standfuss-glas-mit-gehaeuse\/"]}]},{"@type":"ImageObject","inLanguage":"de","@id":"https:\/\/hi-nd.com\/de\/produkt\/standfuss-glas-mit-gehaeuse\/#primaryimage","url":"https:\/\/hi-nd.com\/wp-content\/uploads\/2022\/01\/FS-glass-portrait-white-web.png","contentUrl":"https:\/\/hi-nd.com\/wp-content\/uploads\/2022\/01\/FS-glass-portrait-white-web.png","width":750,"height":750},{"@type":"BreadcrumbList","@id":"https:\/\/hi-nd.com\/de\/produkt\/standfuss-glas-mit-gehaeuse\/#breadcrumb","itemListElement":[{"@type":"ListItem","position":1,"name":"Home","item":"https:\/\/hi-nd.com\/de\/"},{"@type":"ListItem","position":2,"name":"Shop","item":"https:\/\/hi-nd.com\/de\/shop\/"},{"@type":"ListItem","position":3,"name":"Standfu\u00df Glas mit Geh\u00e4use"}]},{"@type":"WebSite","@id":"https:\/\/hi-nd.com\/#website","url":"https:\/\/hi-nd.com\/","name":"HI-ND","description":"Mounting Solutions","potentialAction":[{"@type":"SearchAction","target":{"@type":"EntryPoint","urlTemplate":"https:\/\/hi-nd.com\/?s={search_term_string}"},"query-input":{"@type":"PropertyValueSpecification","valueRequired":true,"valueName":"search_term_string"}}],"inLanguage":"de"}]}},"_links":{"self":[{"href":"https:\/\/hi-nd.com\/de\/wp-json\/wp\/v2\/product\/5808","targetHints":{"allow":["GET"]}}],"collection":[{"href":"https:\/\/hi-nd.com\/de\/wp-json\/wp\/v2\/product"}],"about":[{"href":"https:\/\/hi-nd.com\/de\/wp-json\/wp\/v2\/types\/product"}],"wp:featuredmedia":[{"embeddable":true,"href":"https:\/\/hi-nd.com\/de\/wp-json\/wp\/v2\/media\/3915"}],"wp:attachment":[{"href":"https:\/\/hi-nd.com\/de\/wp-json\/wp\/v2\/media?parent=5808"}],"wp:term":[{"taxonomy":"product_brand","embeddable":true,"href":"https:\/\/hi-nd.com\/de\/wp-json\/wp\/v2\/product_brand?post=5808"},{"taxonomy":"product_cat","embeddable":true,"href":"https:\/\/hi-nd.com\/de\/wp-json\/wp\/v2\/product_cat?post=5808"},{"taxonomy":"product_tag","embeddable":true,"href":"https:\/\/hi-nd.com\/de\/wp-json\/wp\/v2\/product_tag?post=5808"}],"curies":[{"name":"wp","href":"https:\/\/api.w.org\/{rel}","templated":true}]}}